{"id":90448,"date":"2020-07-13T13:29:44","date_gmt":"2020-07-13T10:29:44","guid":{"rendered":"https:\/\/europressgroup.com\/?page_id=90448"},"modified":"2020-07-15T11:25:55","modified_gmt":"2020-07-15T08:25:55","slug":"ponsse","status":"publish","type":"page","link":"https:\/\/europressgroup.com\/sv\/ponsse\/","title":{"rendered":"PONSSE"},"content":{"rendered":"<div class=\"wpb-content-wrapper\"><p>[vc_row row_height_percent=&#8221;0&#8243; override_padding=&#8221;yes&#8221; h_padding=&#8221;2&#8243; top_padding=&#8221;4&#8243; bottom_padding=&#8221;4&#8243; back_color=&#8221;color-lxmt&#8221; overlay_alpha=&#8221;100&#8243; gutter_size=&#8221;100&#8243; column_width_percent=&#8221;100&#8243; shift_y=&#8221;0&#8243; z_index=&#8221;0&#8243; style=&#8221;dark&#8221; row_name=&#8221;Design &amp; Quality&#8221;][vc_column column_width_use_pixel=&#8221;yes&#8221; align_horizontal=&#8221;align_center&#8221; gutter_size=&#8221;3&#8243; overlay_alpha=&#8221;100&#8243; shift_x=&#8221;0&#8243; shift_y=&#8221;0&#8243; medium_width=&#8221;0&#8243; zoom_width=&#8221;0&#8243; zoom_height=&#8221;0&#8243; width=&#8221;1\/1&#8243; column_width_pixel=&#8221;800&#8243;][vc_custom_heading text_font=&#8221;font-796375&#8243; text_weight=&#8221;700&#8243; text_transform=&#8221;uppercase&#8221; separator=&#8221;yes&#8221; sub_lead=&#8221;yes&#8221; sub_reduced=&#8221;yes&#8221; subheading=&#8221;P\u00e5 Ponsses fabrik syns automatiken med sina m\u00f6jligheter \u00f6verallt. Utrymmena anv\u00e4nds effektivt och allt har sin egen plats. Europress planerade och konstruerade schaktl\u00f6sningar med tippanordningar till Ponsse, s\u00e5 att avfallet kan matas in precis d\u00e4r det uppst\u00e5r.&#8221;]ANSVAR \u00c4R EN DEL AV PRODUKTIONEN[\/vc_custom_heading][\/vc_column][\/vc_row][vc_row row_height_percent=&#8221;0&#8243; override_padding=&#8221;yes&#8221; h_padding=&#8221;2&#8243; top_padding=&#8221;3&#8243; bottom_padding=&#8221;3&#8243; overlay_alpha=&#8221;50&#8243; gutter_size=&#8221;3&#8243; column_width_percent=&#8221;100&#8243; shift_y=&#8221;0&#8243; z_index=&#8221;0&#8243; row_name=&#8221;Highlights&#8221;][vc_column column_width_percent=&#8221;100&#8243; position_vertical=&#8221;middle&#8221; gutter_size=&#8221;3&#8243; override_padding=&#8221;yes&#8221; column_padding=&#8221;2&#8243; overlay_alpha=&#8221;50&#8243; shift_x=&#8221;0&#8243; shift_y=&#8221;0&#8243; medium_width=&#8221;4&#8243; zoom_width=&#8221;0&#8243; zoom_height=&#8221;0&#8243; width=&#8221;1\/2&#8243;][vc_single_image media=&#8221;83133&#8243; media_width_use_pixel=&#8221;yes&#8221; alignment=&#8221;center&#8221; image=&#8221;2286&#8243; border_color=&#8221;grey&#8221; img_link_target=&#8221;_self&#8221; img_size=&#8221;full&#8221; media_width_pixel=&#8221;280&#8243;][\/vc_column][vc_column column_width_percent=&#8221;100&#8243; position_vertical=&#8221;middle&#8221; gutter_size=&#8221;3&#8243; overlay_alpha=&#8221;50&#8243; shift_x=&#8221;0&#8243; shift_y=&#8221;0&#8243; medium_width=&#8221;4&#8243; zoom_width=&#8221;0&#8243; zoom_height=&#8221;0&#8243; width=&#8221;1\/2&#8243;][vc_icon position=&#8221;left&#8221; icon=&#8221;fa fa-question&#8221; size=&#8221;fa-3x&#8221; align=&#8221;left&#8221; title=&#8221;UTMANING&#8221;]P\u00e5 Ponsses fabrik uppst\u00e5r framf\u00f6r allt en enorm m\u00e4ngd kartong i samband med produktionen.<\/p>\n<p><span class=\"TextRun SCXW165755494 BCX7\" lang=\"FI-FI\" xml:lang=\"FI-FI\" data-contrast=\"auto\"><span class=\"NormalTextRun SCXW165755494 BCX7\">\u00a0<\/span><\/span><\/p>\n<p>[\/vc_icon][vc_separator][vc_icon position=&#8221;left&#8221; icon=&#8221;fa fa-check&#8221; size=&#8221;fa-3x&#8221; align=&#8221;left&#8221; title=&#8221;L\u00d6SNING&#8221;]Europress har planerat och konstruerat schaktl\u00f6sningar med tippanordningar till Ponsse, s\u00e5 att avfallet kan matas in precis d\u00e4r det uppst\u00e5r. Dessutom konstruerades l\u00f6sningar med skyddsn\u00e4t runt tippanordningarna och inkasttrattarna.<\/p>\n<p><span class=\"TextRun SCXW19199577 BCX7\" lang=\"FI-FI\" xml:lang=\"FI-FI\" data-contrast=\"auto\"><span class=\"NormalTextRun SCXW19199577 BCX7\">\u00a0<\/span><\/span><\/p>\n<p>[\/vc_icon][vc_separator][vc_icon position=&#8221;left&#8221; icon=&#8221;fa fa-refresh&#8221; size=&#8221;fa-3x&#8221; align=&#8221;left&#8221; title=&#8221;ANV\u00c4NDNING AV PRODUKTERNA&#8221;]Europress Balex 30 SMART-balpress (4 st.)<\/p>\n<p>Europress Balex 10 SMART-balpress (1 st.)<\/p>\n<p>Europress DuoMax HD SMART-avfallskomprimator (2 st.)<\/p>\n<p>Europress CombiMax SMART-avfallskomprimator (3 st.)<\/p>\n<p>Europress H&amp;G-skruvkomprimator (1 st.)<\/p>\n<p>Bin tipping devices (3 st.)<\/p>\n<p>Inmatningsl\u00f6sning genom v\u00e4ggen (3 st.)<\/p>\n<p>Skyddsst\u00e4ngsel<\/p>\n<p>[\/vc_icon][\/vc_column][\/vc_row][vc_row unlock_row_content=&#8221;yes&#8221; row_height_percent=&#8221;0&#8243; override_padding=&#8221;yes&#8221; h_padding=&#8221;2&#8243; top_padding=&#8221;4&#8243; bottom_padding=&#8221;4&#8243; back_color=&#8221;color-rgdb&#8221; overlay_alpha=&#8221;50&#8243; gutter_size=&#8221;3&#8243; column_width_percent=&#8221;100&#8243; shift_y=&#8221;0&#8243; z_index=&#8221;0&#8243; row_name=&#8221;Gallery&#8221;][vc_column column_width_use_pixel=&#8221;yes&#8221; align_horizontal=&#8221;align_center&#8221; gutter_size=&#8221;3&#8243; style=&#8221;dark&#8221; overlay_alpha=&#8221;50&#8243; shift_x=&#8221;0&#8243; shift_y=&#8221;0&#8243; medium_width=&#8221;0&#8243; zoom_width=&#8221;0&#8243; zoom_height=&#8221;0&#8243; column_width_pixel=&#8221;1400&#8243;][vc_custom_heading text_transform=&#8221;uppercase&#8221; separator=&#8221;yes&#8221; sub_lead=&#8221;yes&#8221;]Media[\/vc_custom_heading][vc_gallery el_id=&#8221;gallery-47626&#8243; type=&#8221;carousel&#8221; medias=&#8221;83171,83165,83177,83183&#8243; carousel_lg=&#8221;3&#8243; carousel_md=&#8221;2&#8243; carousel_sm=&#8221;1&#8243; thumb_size=&#8221;one-one&#8221; gutter_size=&#8221;2&#8243; media_items=&#8221;media,icon&#8221; carousel_interval=&#8221;3000&#8243; carousel_navspeed=&#8221;400&#8243; carousel_nav=&#8221;yes&#8221; carousel_dots=&#8221;yes&#8221; stage_padding=&#8221;0&#8243; single_overlay_opacity=&#8221;50&#8243; single_image_anim=&#8221;no&#8221; single_h_align=&#8221;center&#8221; single_padding=&#8221;2&#8243; single_icon=&#8221;fa fa-search3&#8243; single_shadow=&#8221;yes&#8221; single_border=&#8221;yes&#8221; carousel_rtl=&#8221;&#8221; single_title_uppercase=&#8221;&#8221;][\/vc_column][\/vc_row]<\/p>\n<\/div>","protected":false},"excerpt":{"rendered":"<p>a Logger\u2019s Best Friend<\/p>\n","protected":false},"author":25,"featured_media":83149,"parent":0,"menu_order":0,"comment_status":"open","ping_status":"closed","template":"","meta":{"footnotes":""},"class_list":["post-90448","page","type-page","status-publish","has-post-thumbnail","hentry","page_category-portfolio-sv"],"yoast_head":"<!-- This site is optimized with the Yoast SEO Premium plugin v27.3 (Yoast SEO v27.3) - https:\/\/yoast.com\/product\/yoast-seo-premium-wordpress\/ -->\n<title>PONSSE - Europress Group<\/title>\n<meta name=\"description\" content=\"Europress har planerat och konstruerat schaktl\u00f6sningar med tippanordningar till Ponsse, s\u00e5 att avfallet kan matas in precis d\u00e4r det uppst\u00e5r.\" \/>\n<meta name=\"robots\" content=\"index, follow, max-snippet:-1, max-image-preview:large, max-video-preview:-1\" \/>\n<link rel=\"canonical\" href=\"https:\/\/europressgroup.com\/sv\/ponsse\/\" \/>\n<meta property=\"og:locale\" content=\"sv_SE\" \/>\n<meta property=\"og:type\" content=\"article\" \/>\n<meta property=\"og:title\" content=\"PONSSE\" \/>\n<meta property=\"og:description\" content=\"a Logger\u2019s Best Friend\" \/>\n<meta property=\"og:url\" content=\"https:\/\/europressgroup.com\/sv\/ponsse\/\" \/>\n<meta property=\"og:site_name\" content=\"Europress Group\" \/>\n<meta property=\"article:publisher\" content=\"https:\/\/www.facebook.com\/europresswastehandling\" \/>\n<meta property=\"article:modified_time\" content=\"2020-07-15T08:25:55+00:00\" \/>\n<meta property=\"og:image\" content=\"https:\/\/europressgroup.com\/wp-content\/uploads\/2020\/01\/Ponsse_grill.jpg\" \/>\n\t<meta property=\"og:image:width\" content=\"1920\" \/>\n\t<meta property=\"og:image:height\" content=\"1280\" \/>\n\t<meta property=\"og:image:type\" content=\"image\/jpeg\" \/>\n<meta name=\"twitter:card\" content=\"summary_large_image\" \/>\n<meta name=\"twitter:site\" content=\"@EPWastehandling\" \/>\n<meta name=\"twitter:label1\" content=\"Ber\u00e4knad l\u00e4stid\" \/>\n\t<meta name=\"twitter:data1\" content=\"3 minuter\" \/>\n<script type=\"application\/ld+json\" class=\"yoast-schema-graph\">{\"@context\":\"https:\\\/\\\/schema.org\",\"@graph\":[{\"@type\":\"WebPage\",\"@id\":\"https:\\\/\\\/europressgroup.com\\\/sv\\\/ponsse\\\/\",\"url\":\"https:\\\/\\\/europressgroup.com\\\/sv\\\/ponsse\\\/\",\"name\":\"PONSSE - Europress Group\",\"isPartOf\":{\"@id\":\"https:\\\/\\\/europressgroup.com\\\/sv\\\/#website\"},\"primaryImageOfPage\":{\"@id\":\"https:\\\/\\\/europressgroup.com\\\/sv\\\/ponsse\\\/#primaryimage\"},\"image\":{\"@id\":\"https:\\\/\\\/europressgroup.com\\\/sv\\\/ponsse\\\/#primaryimage\"},\"thumbnailUrl\":\"https:\\\/\\\/europressgroup.com\\\/wp-content\\\/uploads\\\/2020\\\/01\\\/Ponsse_grill.jpg\",\"datePublished\":\"2020-07-13T10:29:44+00:00\",\"dateModified\":\"2020-07-15T08:25:55+00:00\",\"description\":\"Europress har planerat och konstruerat schaktl\u00f6sningar med tippanordningar till Ponsse, s\u00e5 att avfallet kan matas in precis d\u00e4r det uppst\u00e5r.\",\"breadcrumb\":{\"@id\":\"https:\\\/\\\/europressgroup.com\\\/sv\\\/ponsse\\\/#breadcrumb\"},\"inLanguage\":\"sv-SE\",\"potentialAction\":[{\"@type\":\"ReadAction\",\"target\":[\"https:\\\/\\\/europressgroup.com\\\/sv\\\/ponsse\\\/\"]}]},{\"@type\":\"ImageObject\",\"inLanguage\":\"sv-SE\",\"@id\":\"https:\\\/\\\/europressgroup.com\\\/sv\\\/ponsse\\\/#primaryimage\",\"url\":\"https:\\\/\\\/europressgroup.com\\\/wp-content\\\/uploads\\\/2020\\\/01\\\/Ponsse_grill.jpg\",\"contentUrl\":\"https:\\\/\\\/europressgroup.com\\\/wp-content\\\/uploads\\\/2020\\\/01\\\/Ponsse_grill.jpg\",\"width\":1920,\"height\":1280},{\"@type\":\"BreadcrumbList\",\"@id\":\"https:\\\/\\\/europressgroup.com\\\/sv\\\/ponsse\\\/#breadcrumb\",\"itemListElement\":[{\"@type\":\"ListItem\",\"position\":1,\"name\":\"Home\",\"item\":\"https:\\\/\\\/europressgroup.com\\\/sv\\\/\"},{\"@type\":\"ListItem\",\"position\":2,\"name\":\"PONSSE\"}]},{\"@type\":\"WebSite\",\"@id\":\"https:\\\/\\\/europressgroup.com\\\/sv\\\/#website\",\"url\":\"https:\\\/\\\/europressgroup.com\\\/sv\\\/\",\"name\":\"Europress Group\",\"description\":\"Northern European leader in Environmental Technology\",\"publisher\":{\"@id\":\"https:\\\/\\\/europressgroup.com\\\/sv\\\/#organization\"},\"potentialAction\":[{\"@type\":\"SearchAction\",\"target\":{\"@type\":\"EntryPoint\",\"urlTemplate\":\"https:\\\/\\\/europressgroup.com\\\/sv\\\/?s={search_term_string}\"},\"query-input\":{\"@type\":\"PropertyValueSpecification\",\"valueRequired\":true,\"valueName\":\"search_term_string\"}}],\"inLanguage\":\"sv-SE\"},{\"@type\":\"Organization\",\"@id\":\"https:\\\/\\\/europressgroup.com\\\/sv\\\/#organization\",\"name\":\"Europress Group\",\"url\":\"https:\\\/\\\/europressgroup.com\\\/sv\\\/\",\"logo\":{\"@type\":\"ImageObject\",\"inLanguage\":\"sv-SE\",\"@id\":\"https:\\\/\\\/europressgroup.com\\\/sv\\\/#\\\/schema\\\/logo\\\/image\\\/\",\"url\":\"https:\\\/\\\/europressgroup.com\\\/wp-content\\\/uploads\\\/2018\\\/12\\\/Europress-logo-1.png\",\"contentUrl\":\"https:\\\/\\\/europressgroup.com\\\/wp-content\\\/uploads\\\/2018\\\/12\\\/Europress-logo-1.png\",\"width\":478,\"height\":75,\"caption\":\"Europress Group\"},\"image\":{\"@id\":\"https:\\\/\\\/europressgroup.com\\\/sv\\\/#\\\/schema\\\/logo\\\/image\\\/\"},\"sameAs\":[\"https:\\\/\\\/www.facebook.com\\\/europresswastehandling\",\"https:\\\/\\\/x.com\\\/EPWastehandling\",\"https:\\\/\\\/www.instagram.com\\\/europressgroup\\\/\",\"https:\\\/\\\/www.linkedin.com\\\/company\\\/europress\"],\"publishingPrinciples\":\"https:\\\/\\\/europressgroup.com\\\/environment-safety-quality\\\/\",\"ownershipFundingInfo\":\"https:\\\/\\\/europressgroup.com\\\/history\\\/\",\"actionableFeedbackPolicy\":\"https:\\\/\\\/europressgroup.com\\\/customer-feedback\\\/\",\"correctionsPolicy\":\"https:\\\/\\\/europressgroup.com\\\/customer-feedback\\\/\",\"ethicsPolicy\":\"https:\\\/\\\/europressgroup.com\\\/responsibility\\\/\"}]}<\/script>\n<!-- \/ Yoast SEO Premium plugin. -->","yoast_head_json":{"title":"PONSSE - Europress Group","description":"Europress har planerat och konstruerat schaktl\u00f6sningar med tippanordningar till Ponsse, s\u00e5 att avfallet kan matas in precis d\u00e4r det uppst\u00e5r.","robots":{"index":"index","follow":"follow","max-snippet":"max-snippet:-1","max-image-preview":"max-image-preview:large","max-video-preview":"max-video-preview:-1"},"canonical":"https:\/\/europressgroup.com\/sv\/ponsse\/","og_locale":"sv_SE","og_type":"article","og_title":"PONSSE","og_description":"a Logger\u2019s Best Friend","og_url":"https:\/\/europressgroup.com\/sv\/ponsse\/","og_site_name":"Europress Group","article_publisher":"https:\/\/www.facebook.com\/europresswastehandling","article_modified_time":"2020-07-15T08:25:55+00:00","og_image":[{"width":1920,"height":1280,"url":"https:\/\/europressgroup.com\/wp-content\/uploads\/2020\/01\/Ponsse_grill.jpg","type":"image\/jpeg"}],"twitter_card":"summary_large_image","twitter_site":"@EPWastehandling","twitter_misc":{"Ber\u00e4knad l\u00e4stid":"3 minuter"},"schema":{"@context":"https:\/\/schema.org","@graph":[{"@type":"WebPage","@id":"https:\/\/europressgroup.com\/sv\/ponsse\/","url":"https:\/\/europressgroup.com\/sv\/ponsse\/","name":"PONSSE - Europress Group","isPartOf":{"@id":"https:\/\/europressgroup.com\/sv\/#website"},"primaryImageOfPage":{"@id":"https:\/\/europressgroup.com\/sv\/ponsse\/#primaryimage"},"image":{"@id":"https:\/\/europressgroup.com\/sv\/ponsse\/#primaryimage"},"thumbnailUrl":"https:\/\/europressgroup.com\/wp-content\/uploads\/2020\/01\/Ponsse_grill.jpg","datePublished":"2020-07-13T10:29:44+00:00","dateModified":"2020-07-15T08:25:55+00:00","description":"Europress har planerat och konstruerat schaktl\u00f6sningar med tippanordningar till Ponsse, s\u00e5 att avfallet kan matas in precis d\u00e4r det uppst\u00e5r.","breadcrumb":{"@id":"https:\/\/europressgroup.com\/sv\/ponsse\/#breadcrumb"},"inLanguage":"sv-SE","potentialAction":[{"@type":"ReadAction","target":["https:\/\/europressgroup.com\/sv\/ponsse\/"]}]},{"@type":"ImageObject","inLanguage":"sv-SE","@id":"https:\/\/europressgroup.com\/sv\/ponsse\/#primaryimage","url":"https:\/\/europressgroup.com\/wp-content\/uploads\/2020\/01\/Ponsse_grill.jpg","contentUrl":"https:\/\/europressgroup.com\/wp-content\/uploads\/2020\/01\/Ponsse_grill.jpg","width":1920,"height":1280},{"@type":"BreadcrumbList","@id":"https:\/\/europressgroup.com\/sv\/ponsse\/#breadcrumb","itemListElement":[{"@type":"ListItem","position":1,"name":"Home","item":"https:\/\/europressgroup.com\/sv\/"},{"@type":"ListItem","position":2,"name":"PONSSE"}]},{"@type":"WebSite","@id":"https:\/\/europressgroup.com\/sv\/#website","url":"https:\/\/europressgroup.com\/sv\/","name":"Europress Group","description":"Northern European leader in Environmental Technology","publisher":{"@id":"https:\/\/europressgroup.com\/sv\/#organization"},"potentialAction":[{"@type":"SearchAction","target":{"@type":"EntryPoint","urlTemplate":"https:\/\/europressgroup.com\/sv\/?s={search_term_string}"},"query-input":{"@type":"PropertyValueSpecification","valueRequired":true,"valueName":"search_term_string"}}],"inLanguage":"sv-SE"},{"@type":"Organization","@id":"https:\/\/europressgroup.com\/sv\/#organization","name":"Europress Group","url":"https:\/\/europressgroup.com\/sv\/","logo":{"@type":"ImageObject","inLanguage":"sv-SE","@id":"https:\/\/europressgroup.com\/sv\/#\/schema\/logo\/image\/","url":"https:\/\/europressgroup.com\/wp-content\/uploads\/2018\/12\/Europress-logo-1.png","contentUrl":"https:\/\/europressgroup.com\/wp-content\/uploads\/2018\/12\/Europress-logo-1.png","width":478,"height":75,"caption":"Europress Group"},"image":{"@id":"https:\/\/europressgroup.com\/sv\/#\/schema\/logo\/image\/"},"sameAs":["https:\/\/www.facebook.com\/europresswastehandling","https:\/\/x.com\/EPWastehandling","https:\/\/www.instagram.com\/europressgroup\/","https:\/\/www.linkedin.com\/company\/europress"],"publishingPrinciples":"https:\/\/europressgroup.com\/environment-safety-quality\/","ownershipFundingInfo":"https:\/\/europressgroup.com\/history\/","actionableFeedbackPolicy":"https:\/\/europressgroup.com\/customer-feedback\/","correctionsPolicy":"https:\/\/europressgroup.com\/customer-feedback\/","ethicsPolicy":"https:\/\/europressgroup.com\/responsibility\/"}]}},"_links":{"self":[{"href":"https:\/\/europressgroup.com\/sv\/wp-json\/wp\/v2\/pages\/90448","targetHints":{"allow":["GET"]}}],"collection":[{"href":"https:\/\/europressgroup.com\/sv\/wp-json\/wp\/v2\/pages"}],"about":[{"href":"https:\/\/europressgroup.com\/sv\/wp-json\/wp\/v2\/types\/page"}],"author":[{"embeddable":true,"href":"https:\/\/europressgroup.com\/sv\/wp-json\/wp\/v2\/users\/25"}],"replies":[{"embeddable":true,"href":"https:\/\/europressgroup.com\/sv\/wp-json\/wp\/v2\/comments?post=90448"}],"version-history":[{"count":6,"href":"https:\/\/europressgroup.com\/sv\/wp-json\/wp\/v2\/pages\/90448\/revisions"}],"predecessor-version":[{"id":90631,"href":"https:\/\/europressgroup.com\/sv\/wp-json\/wp\/v2\/pages\/90448\/revisions\/90631"}],"wp:featuredmedia":[{"embeddable":true,"href":"https:\/\/europressgroup.com\/sv\/wp-json\/wp\/v2\/media\/83149"}],"wp:attachment":[{"href":"https:\/\/europressgroup.com\/sv\/wp-json\/wp\/v2\/media?parent=90448"}],"curies":[{"name":"wp","href":"https:\/\/api.w.org\/{rel}","templated":true}]}}