{"id":86173,"date":"2020-05-05T12:47:12","date_gmt":"2020-05-05T09:47:12","guid":{"rendered":"https:\/\/europressgroup.com\/?page_id=86173"},"modified":"2025-10-31T12:39:43","modified_gmt":"2025-10-31T10:39:43","slug":"begagnat","status":"publish","type":"page","link":"https:\/\/europressgroup.com\/sv\/begagnat\/","title":{"rendered":"BEGAGNAT"},"content":{"rendered":"<div class=\"wpb-content-wrapper\"><p>[vc_row][vc_column column_width_percent=&#8221;100&#8243; align_horizontal=&#8221;align_center&#8221; gutter_size=&#8221;3&#8243; overlay_alpha=&#8221;50&#8243; shift_x=&#8221;0&#8243; shift_y=&#8221;0&#8243; shift_y_down=&#8221;0&#8243; z_index=&#8221;0&#8243; medium_width=&#8221;0&#8243; mobile_width=&#8221;0&#8243; width=&#8221;1\/1&#8243;][vc_custom_heading text_transform=&#8221;uppercase&#8221; separator_color=&#8221;yes&#8221; separator=&#8221;yes&#8221;]Begagnade komprimatorer &amp; balpressar[\/vc_custom_heading][vc_column_text uncode_shortcode_id=&#8221;715182&#8243;]<\/p>\n<div class=\"x_elementToProof\">\n<p class=\"x_elementToProof\"><span data-olk-copy-source=\"MessageBody\">Hos Europress\u00a0hittar du ett brett urval av begagnade komprimatorer och balpressar\u00a0i olika modeller och storlekar.<br \/>\nV\u00e5ra tekniker g\u00e5r noggrant igenom varje maskin \u2013 den testas, servas och funktionskontrolleras\u00a0innan f\u00f6rs\u00e4ljning.<\/span><\/p>\n<\/div>\n<div class=\"x_elementToProof\">\n<p class=\"x_elementToProof\">Vi erbjuder b\u00e5de hyra och k\u00f6p, alltid med garanti och service inkluderat.<br \/>\nI v\u00e5rt lager i Rosersberg\u00a0finns ett st\u00f6rre utbud av begagnade maskiner, och i v\u00e5r egen verkstad\u00a0kan vi anpassa komprimatorerna helt efter dina behov.<\/p>\n<\/div>\n<div class=\"x_elementToProof\">\n<p class=\"x_elementToProof\">Nedan ser du exempel p\u00e5 maskiner som vi vanligtvis har inne \u2013 utbudet varierar beroende p\u00e5 tillg\u00e5ng.<br \/>\nOm du hittar n\u00e5got som passar, eller s\u00f6ker en specifik modell, \u00e4r du varmt v\u00e4lkommen att skicka en f\u00f6rfr\u00e5gan via formul\u00e4ret nedan.<\/p>\n<\/div>\n<p>[\/vc_column_text][vc_empty_space empty_h=&#8221;1&#8243;][vc_custom_heading heading_semantic=&#8221;h3&#8243; text_size=&#8221;h4&#8243; uncode_shortcode_id=&#8221;819241&#8243;]<span data-olk-copy-source=\"MessageBody\">V\u00e4lkommen att kontakta oss idag f\u00f6r en kostnadsfri offert!<\/span>[\/vc_custom_heading][vc_gallery el_id=&#8221;gallery-396143&#8243; medias=&#8221;163987,163996,164005&#8243; gutter_size=&#8221;2&#8243; screen_lg=&#8221;1000&#8243; screen_md=&#8221;600&#8243; screen_sm=&#8221;480&#8243; single_overlay_opacity=&#8221;50&#8243; single_image_anim=&#8221;no&#8221; single_h_align=&#8221;center&#8221; single_padding=&#8221;2&#8243; single_icon=&#8221;fa fa-search&#8221; single_shadow=&#8221;yes&#8221; single_border=&#8221;yes&#8221; title=&#8221;Sortiment&#8221; uncode_shortcode_id=&#8221;128817&#8243;][vc_column_text uncode_shortcode_id=&#8221;133200&#8243;]\u00c4r du intresserad av nya maskiner fr\u00e5n Europress? L\u00e4s mer om v\u00e5ra\u00a0<strong><span style=\"color: #000000;\"><a style=\"color: #000000;\" href=\"https:\/\/europressgroup.com\/sv\/balpressar\/\">balpressar<\/a> <\/span><\/strong>och <span style=\"color: #000000;\"><strong><a style=\"color: #000000;\" href=\"https:\/\/europressgroup.com\/sv\/komprimatorer\/\">komprimatorer<\/a><\/strong><\/span>.[\/vc_column_text][\/vc_column][\/vc_row][vc_row][vc_column width=&#8221;1\/1&#8243;][vc_custom_heading heading_semantic=&#8221;h3&#8243; text_size=&#8221;h3&#8243; text_transform=&#8221;uppercase&#8221; separator_color=&#8221;yes&#8221; separator=&#8221;yes&#8221; subheading=&#8221;Kontakta oss genom att fylla i formul\u00e4ret nedan s\u00e5 \u00e5terkommer vi till dig s\u00e5 snart som m\u00f6jligt.&#8221;]Skicka en f\u00f6rfr\u00e5gan[\/vc_custom_heading]\n<div class=\"wpcf7 no-js\" id=\"wpcf7-f89481-o1\" lang=\"en-US\" dir=\"ltr\" data-wpcf7-id=\"89481\">\n<div class=\"screen-reader-response\"><p role=\"status\" aria-live=\"polite\" aria-atomic=\"true\"><\/p> <ul><\/ul><\/div>\n<form action=\"\/sv\/wp-json\/wp\/v2\/pages\/86173#wpcf7-f89481-o1\" method=\"post\" class=\"wpcf7-form init\" aria-label=\"Contact form\" novalidate=\"novalidate\" data-status=\"init\">\n<fieldset class=\"hidden-fields-container\"><input type=\"hidden\" name=\"_wpcf7\" value=\"89481\" \/><input type=\"hidden\" name=\"_wpcf7_version\" value=\"6.1.5\" \/><input type=\"hidden\" name=\"_wpcf7_locale\" value=\"en_US\" \/><input type=\"hidden\" name=\"_wpcf7_unit_tag\" value=\"wpcf7-f89481-o1\" \/><input type=\"hidden\" name=\"_wpcf7_container_post\" value=\"0\" \/><input type=\"hidden\" name=\"_wpcf7_posted_data_hash\" value=\"\" \/><input type=\"hidden\" name=\"_wpcf7_recaptcha_response\" value=\"\" \/>\n<\/fieldset>\n<p><span class=\"wpcf7-form-control-wrap\" data-name=\"your-fullname\"><input size=\"40\" maxlength=\"400\" class=\"wpcf7-form-control wpcf7-text wpcf7-validates-as-required form-fluid\" aria-required=\"true\" aria-invalid=\"false\" placeholder=\"Namn\" value=\"\" type=\"text\" name=\"your-fullname\" \/><\/span>\n<\/p>\n<div class=\"wpcf7-inline-wrapper\">\n\t<p class=\"wpcf7-inline-field\"><span class=\"wpcf7-form-control-wrap\" data-name=\"your-email\"><input size=\"40\" maxlength=\"400\" class=\"wpcf7-form-control wpcf7-email wpcf7-validates-as-required wpcf7-text wpcf7-validates-as-email\" aria-required=\"true\" aria-invalid=\"false\" placeholder=\"E-post\" value=\"\" type=\"email\" name=\"your-email\" \/><\/span>\n\t<\/p>\n\t<p class=\"wpcf7-inline-field\"><span class=\"wpcf7-form-control-wrap\" data-name=\"your-telephone\"><input size=\"40\" maxlength=\"400\" class=\"wpcf7-form-control wpcf7-text wpcf7-validates-as-required form-fluid\" aria-required=\"true\" aria-invalid=\"false\" placeholder=\"Telefonnummer\" value=\"\" type=\"text\" name=\"your-telephone\" \/><\/span>\n\t<\/p>\n<\/div>\n<p><span class=\"wpcf7-form-control-wrap\" data-name=\"your-message\"><textarea cols=\"40\" rows=\"8\" maxlength=\"2000\" class=\"wpcf7-form-control wpcf7-textarea\" aria-invalid=\"false\" placeholder=\"Ditt meddelande\" name=\"your-message\"><\/textarea><\/span>\n<\/p>\n<p><input class=\"wpcf7-form-control wpcf7-submit has-spinner btn btn-accent btn-circle\" type=\"submit\" value=\"Skicka\" \/>\n<\/p><div class=\"wpcf7-response-output\" aria-hidden=\"true\"><\/div>\n<\/form>\n<\/div>\n[\/vc_column][\/vc_row]<\/p>\n<\/div>","protected":false},"excerpt":{"rendered":"<p>[vc_row][vc_column column_width_percent=&#8221;100&#8243; align_horizontal=&#8221;align_center&#8221; gutter_size=&#8221;3&#8243; overlay_alpha=&#8221;50&#8243; shift_x=&#8221;0&#8243; shift_y=&#8221;0&#8243; shift_y_down=&#8221;0&#8243; z_index=&#8221;0&#8243; medium_width=&#8221;0&#8243; mobile_width=&#8221;0&#8243; width=&#8221;1\/1&#8243;][vc_custom_heading text_transform=&#8221;uppercase&#8221; separator_color=&#8221;yes&#8221; separator=&#8221;yes&#8221;]Begagnade komprimatorer &amp; balpressar[\/vc_custom_heading][vc_column_text uncode_shortcode_id=&#8221;715182&#8243;] Hos [&hellip;]<\/p>\n","protected":false},"author":25,"featured_media":0,"parent":0,"menu_order":0,"comment_status":"closed","ping_status":"closed","template":"","meta":{"footnotes":""},"class_list":["post-86173","page","type-page","status-publish","hentry","page_category-avfallskomprimatorer-sv","page_category-balex-balpressar","page_category-begagnat"],"yoast_head":"<!-- This site is optimized with the Yoast SEO Premium plugin v27.3 (Yoast SEO v27.3) - https:\/\/yoast.com\/product\/yoast-seo-premium-wordpress\/ -->\n<title>BEGAGNAT Maskiner (Komprimator &amp; balpress) - Europress Group<\/title>\n<meta name=\"description\" content=\"Europress har ett urval av begagnade maskiner av olika modeller, komprimatorer och balpressar. Maskinerna kan antingen hyras eller k\u00f6pas.\" \/>\n<meta name=\"robots\" content=\"index, follow, max-snippet:-1, max-image-preview:large, max-video-preview:-1\" \/>\n<link rel=\"canonical\" href=\"https:\/\/europressgroup.com\/sv\/begagnat\/\" \/>\n<meta property=\"og:locale\" content=\"sv_SE\" \/>\n<meta property=\"og:type\" content=\"article\" \/>\n<meta property=\"og:title\" content=\"BEGAGNAT\" \/>\n<meta property=\"og:description\" content=\"Begagnade komprimatorer &amp; balpressar Hos Europress\u00a0hittar du ett brett urval av begagnade komprimatorer och balpressar\u00a0i olika modeller och storlekar.\" \/>\n<meta property=\"og:url\" content=\"https:\/\/europressgroup.com\/sv\/begagnat\/\" \/>\n<meta property=\"og:site_name\" content=\"Europress Group\" \/>\n<meta property=\"article:publisher\" content=\"https:\/\/www.facebook.com\/europresswastehandling\" \/>\n<meta property=\"article:modified_time\" content=\"2025-10-31T10:39:43+00:00\" \/>\n<meta property=\"og:image\" content=\"https:\/\/europressgroup.com\/wp-content\/uploads\/2022\/01\/IMG_0133-scaled.jpg\" \/>\n\t<meta property=\"og:image:width\" content=\"2560\" \/>\n\t<meta property=\"og:image:height\" content=\"1707\" \/>\n\t<meta property=\"og:image:type\" content=\"image\/jpeg\" \/>\n<meta name=\"twitter:card\" content=\"summary_large_image\" \/>\n<meta name=\"twitter:site\" content=\"@EPWastehandling\" \/>\n<meta name=\"twitter:label1\" content=\"Ber\u00e4knad l\u00e4stid\" \/>\n\t<meta name=\"twitter:data1\" content=\"2 minuter\" \/>\n<script type=\"application\/ld+json\" class=\"yoast-schema-graph\">{\"@context\":\"https:\\\/\\\/schema.org\",\"@graph\":[{\"@type\":\"WebPage\",\"@id\":\"https:\\\/\\\/europressgroup.com\\\/sv\\\/begagnat\\\/\",\"url\":\"https:\\\/\\\/europressgroup.com\\\/sv\\\/begagnat\\\/\",\"name\":\"BEGAGNAT Maskiner (Komprimator & balpress) - Europress Group\",\"isPartOf\":{\"@id\":\"https:\\\/\\\/europressgroup.com\\\/sv\\\/#website\"},\"datePublished\":\"2020-05-05T09:47:12+00:00\",\"dateModified\":\"2025-10-31T10:39:43+00:00\",\"description\":\"Europress har ett urval av begagnade maskiner av olika modeller, komprimatorer och balpressar. Maskinerna kan antingen hyras eller k\u00f6pas.\",\"breadcrumb\":{\"@id\":\"https:\\\/\\\/europressgroup.com\\\/sv\\\/begagnat\\\/#breadcrumb\"},\"inLanguage\":\"sv-SE\",\"potentialAction\":[{\"@type\":\"ReadAction\",\"target\":[\"https:\\\/\\\/europressgroup.com\\\/sv\\\/begagnat\\\/\"]}]},{\"@type\":\"BreadcrumbList\",\"@id\":\"https:\\\/\\\/europressgroup.com\\\/sv\\\/begagnat\\\/#breadcrumb\",\"itemListElement\":[{\"@type\":\"ListItem\",\"position\":1,\"name\":\"Home\",\"item\":\"https:\\\/\\\/europressgroup.com\\\/sv\\\/\"},{\"@type\":\"ListItem\",\"position\":2,\"name\":\"BEGAGNAT\"}]},{\"@type\":\"WebSite\",\"@id\":\"https:\\\/\\\/europressgroup.com\\\/sv\\\/#website\",\"url\":\"https:\\\/\\\/europressgroup.com\\\/sv\\\/\",\"name\":\"Europress Group\",\"description\":\"Northern European leader in Environmental Technology\",\"publisher\":{\"@id\":\"https:\\\/\\\/europressgroup.com\\\/sv\\\/#organization\"},\"potentialAction\":[{\"@type\":\"SearchAction\",\"target\":{\"@type\":\"EntryPoint\",\"urlTemplate\":\"https:\\\/\\\/europressgroup.com\\\/sv\\\/?s={search_term_string}\"},\"query-input\":{\"@type\":\"PropertyValueSpecification\",\"valueRequired\":true,\"valueName\":\"search_term_string\"}}],\"inLanguage\":\"sv-SE\"},{\"@type\":\"Organization\",\"@id\":\"https:\\\/\\\/europressgroup.com\\\/sv\\\/#organization\",\"name\":\"Europress Group\",\"url\":\"https:\\\/\\\/europressgroup.com\\\/sv\\\/\",\"logo\":{\"@type\":\"ImageObject\",\"inLanguage\":\"sv-SE\",\"@id\":\"https:\\\/\\\/europressgroup.com\\\/sv\\\/#\\\/schema\\\/logo\\\/image\\\/\",\"url\":\"https:\\\/\\\/europressgroup.com\\\/wp-content\\\/uploads\\\/2018\\\/12\\\/Europress-logo-1.png\",\"contentUrl\":\"https:\\\/\\\/europressgroup.com\\\/wp-content\\\/uploads\\\/2018\\\/12\\\/Europress-logo-1.png\",\"width\":478,\"height\":75,\"caption\":\"Europress Group\"},\"image\":{\"@id\":\"https:\\\/\\\/europressgroup.com\\\/sv\\\/#\\\/schema\\\/logo\\\/image\\\/\"},\"sameAs\":[\"https:\\\/\\\/www.facebook.com\\\/europresswastehandling\",\"https:\\\/\\\/x.com\\\/EPWastehandling\",\"https:\\\/\\\/www.instagram.com\\\/europressgroup\\\/\",\"https:\\\/\\\/www.linkedin.com\\\/company\\\/europress\"],\"publishingPrinciples\":\"https:\\\/\\\/europressgroup.com\\\/environment-safety-quality\\\/\",\"ownershipFundingInfo\":\"https:\\\/\\\/europressgroup.com\\\/history\\\/\",\"actionableFeedbackPolicy\":\"https:\\\/\\\/europressgroup.com\\\/customer-feedback\\\/\",\"correctionsPolicy\":\"https:\\\/\\\/europressgroup.com\\\/customer-feedback\\\/\",\"ethicsPolicy\":\"https:\\\/\\\/europressgroup.com\\\/responsibility\\\/\"}]}<\/script>\n<!-- \/ Yoast SEO Premium plugin. -->","yoast_head_json":{"title":"BEGAGNAT Maskiner (Komprimator & balpress) - Europress Group","description":"Europress har ett urval av begagnade maskiner av olika modeller, komprimatorer och balpressar. Maskinerna kan antingen hyras eller k\u00f6pas.","robots":{"index":"index","follow":"follow","max-snippet":"max-snippet:-1","max-image-preview":"max-image-preview:large","max-video-preview":"max-video-preview:-1"},"canonical":"https:\/\/europressgroup.com\/sv\/begagnat\/","og_locale":"sv_SE","og_type":"article","og_title":"BEGAGNAT","og_description":"Begagnade komprimatorer &amp; balpressar Hos Europress\u00a0hittar du ett brett urval av begagnade komprimatorer och balpressar\u00a0i olika modeller och storlekar.","og_url":"https:\/\/europressgroup.com\/sv\/begagnat\/","og_site_name":"Europress Group","article_publisher":"https:\/\/www.facebook.com\/europresswastehandling","article_modified_time":"2025-10-31T10:39:43+00:00","og_image":[{"width":2560,"height":1707,"url":"https:\/\/europressgroup.com\/wp-content\/uploads\/2022\/01\/IMG_0133-scaled.jpg","type":"image\/jpeg"}],"twitter_card":"summary_large_image","twitter_site":"@EPWastehandling","twitter_misc":{"Ber\u00e4knad l\u00e4stid":"2 minuter"},"schema":{"@context":"https:\/\/schema.org","@graph":[{"@type":"WebPage","@id":"https:\/\/europressgroup.com\/sv\/begagnat\/","url":"https:\/\/europressgroup.com\/sv\/begagnat\/","name":"BEGAGNAT Maskiner (Komprimator & balpress) - Europress Group","isPartOf":{"@id":"https:\/\/europressgroup.com\/sv\/#website"},"datePublished":"2020-05-05T09:47:12+00:00","dateModified":"2025-10-31T10:39:43+00:00","description":"Europress har ett urval av begagnade maskiner av olika modeller, komprimatorer och balpressar. Maskinerna kan antingen hyras eller k\u00f6pas.","breadcrumb":{"@id":"https:\/\/europressgroup.com\/sv\/begagnat\/#breadcrumb"},"inLanguage":"sv-SE","potentialAction":[{"@type":"ReadAction","target":["https:\/\/europressgroup.com\/sv\/begagnat\/"]}]},{"@type":"BreadcrumbList","@id":"https:\/\/europressgroup.com\/sv\/begagnat\/#breadcrumb","itemListElement":[{"@type":"ListItem","position":1,"name":"Home","item":"https:\/\/europressgroup.com\/sv\/"},{"@type":"ListItem","position":2,"name":"BEGAGNAT"}]},{"@type":"WebSite","@id":"https:\/\/europressgroup.com\/sv\/#website","url":"https:\/\/europressgroup.com\/sv\/","name":"Europress Group","description":"Northern European leader in Environmental Technology","publisher":{"@id":"https:\/\/europressgroup.com\/sv\/#organization"},"potentialAction":[{"@type":"SearchAction","target":{"@type":"EntryPoint","urlTemplate":"https:\/\/europressgroup.com\/sv\/?s={search_term_string}"},"query-input":{"@type":"PropertyValueSpecification","valueRequired":true,"valueName":"search_term_string"}}],"inLanguage":"sv-SE"},{"@type":"Organization","@id":"https:\/\/europressgroup.com\/sv\/#organization","name":"Europress Group","url":"https:\/\/europressgroup.com\/sv\/","logo":{"@type":"ImageObject","inLanguage":"sv-SE","@id":"https:\/\/europressgroup.com\/sv\/#\/schema\/logo\/image\/","url":"https:\/\/europressgroup.com\/wp-content\/uploads\/2018\/12\/Europress-logo-1.png","contentUrl":"https:\/\/europressgroup.com\/wp-content\/uploads\/2018\/12\/Europress-logo-1.png","width":478,"height":75,"caption":"Europress Group"},"image":{"@id":"https:\/\/europressgroup.com\/sv\/#\/schema\/logo\/image\/"},"sameAs":["https:\/\/www.facebook.com\/europresswastehandling","https:\/\/x.com\/EPWastehandling","https:\/\/www.instagram.com\/europressgroup\/","https:\/\/www.linkedin.com\/company\/europress"],"publishingPrinciples":"https:\/\/europressgroup.com\/environment-safety-quality\/","ownershipFundingInfo":"https:\/\/europressgroup.com\/history\/","actionableFeedbackPolicy":"https:\/\/europressgroup.com\/customer-feedback\/","correctionsPolicy":"https:\/\/europressgroup.com\/customer-feedback\/","ethicsPolicy":"https:\/\/europressgroup.com\/responsibility\/"}]}},"_links":{"self":[{"href":"https:\/\/europressgroup.com\/sv\/wp-json\/wp\/v2\/pages\/86173","targetHints":{"allow":["GET"]}}],"collection":[{"href":"https:\/\/europressgroup.com\/sv\/wp-json\/wp\/v2\/pages"}],"about":[{"href":"https:\/\/europressgroup.com\/sv\/wp-json\/wp\/v2\/types\/page"}],"author":[{"embeddable":true,"href":"https:\/\/europressgroup.com\/sv\/wp-json\/wp\/v2\/users\/25"}],"replies":[{"embeddable":true,"href":"https:\/\/europressgroup.com\/sv\/wp-json\/wp\/v2\/comments?post=86173"}],"version-history":[{"count":22,"href":"https:\/\/europressgroup.com\/sv\/wp-json\/wp\/v2\/pages\/86173\/revisions"}],"predecessor-version":[{"id":164053,"href":"https:\/\/europressgroup.com\/sv\/wp-json\/wp\/v2\/pages\/86173\/revisions\/164053"}],"wp:attachment":[{"href":"https:\/\/europressgroup.com\/sv\/wp-json\/wp\/v2\/media?parent=86173"}],"curies":[{"name":"wp","href":"https:\/\/api.w.org\/{rel}","templated":true}]}}