{"id":75320,"date":"2019-05-22T17:56:15","date_gmt":"2019-05-22T14:56:15","guid":{"rendered":"https:\/\/europressgroup.com\/?page_id=75320"},"modified":"2022-03-18T15:39:54","modified_gmt":"2022-03-18T13:39:54","slug":"balex-10","status":"publish","type":"page","link":"https:\/\/europressgroup.com\/sv\/balex-10\/","title":{"rendered":"Balex-10 balpress"},"content":{"rendered":"<div class=\"wpb-content-wrapper\"><p>[vc_row row_height_percent=&#8221;0&#8243; override_padding=&#8221;yes&#8221; h_padding=&#8221;2&#8243; top_padding=&#8221;4&#8243; bottom_padding=&#8221;1&#8243; overlay_alpha=&#8221;50&#8243; equal_height=&#8221;yes&#8221; gutter_size=&#8221;3&#8243; column_width_percent=&#8221;100&#8243; shift_y=&#8221;0&#8243; z_index=&#8221;0&#8243; row_name=&#8221;Highlights&#8221;][vc_column column_width_percent=&#8221;100&#8243; position_horizontal=&#8221;left&#8221; position_vertical=&#8221;middle&#8221; align_horizontal=&#8221;align_center&#8221; gutter_size=&#8221;3&#8243; override_padding=&#8221;yes&#8221; column_padding=&#8221;2&#8243; overlay_alpha=&#8221;50&#8243; shift_x=&#8221;0&#8243; shift_y=&#8221;0&#8243; shift_y_down=&#8221;0&#8243; z_index=&#8221;0&#8243; medium_width=&#8221;4&#8243; mobile_width=&#8221;0&#8243; zoom_width=&#8221;0&#8243; zoom_height=&#8221;0&#8243; width=&#8221;1\/2&#8243;][vc_single_image media=&#8221;73351&#8243; media_width_percent=&#8221;50&#8243; image=&#8221;2286&#8243; border_color=&#8221;grey&#8221; img_link_target=&#8221;_self&#8221; img_size=&#8221;full&#8221;][\/vc_column][vc_column column_width_percent=&#8221;100&#8243; position_vertical=&#8221;middle&#8221; align_horizontal=&#8221;align_center&#8221; gutter_size=&#8221;3&#8243; expand_height=&#8221;yes&#8221; overlay_alpha=&#8221;50&#8243; shift_x=&#8221;0&#8243; shift_y=&#8221;0&#8243; shift_y_down=&#8221;0&#8243; z_index=&#8221;0&#8243; medium_width=&#8221;4&#8243; mobile_width=&#8221;0&#8243; zoom_width=&#8221;0&#8243; zoom_height=&#8221;0&#8243; width=&#8221;1\/6&#8243;][vc_icon icon=&#8221;fa fa-recycle&#8221; size=&#8221;fa-3x&#8221; text_height=&#8221;fontheight-179065&#8243; title=&#8221;ANV\u00c4NDNING&#8221;]Wellpapp<\/p>\n<p>Plast<\/p>\n<p>Textil<br \/>\n[\/vc_icon][\/vc_column][vc_column column_width_percent=&#8221;100&#8243; align_horizontal=&#8221;align_center&#8221; gutter_size=&#8221;3&#8243; expand_height=&#8221;yes&#8221; overlay_alpha=&#8221;50&#8243; shift_x=&#8221;0&#8243; shift_y=&#8221;0&#8243; shift_y_down=&#8221;0&#8243; z_index=&#8221;0&#8243; medium_width=&#8221;0&#8243; mobile_visibility=&#8221;yes&#8221; mobile_width=&#8221;0&#8243; width=&#8221;1\/6&#8243;][vc_icon icon=&#8221;fa fa-cogs&#8221; size=&#8221;fa-3x&#8221; text_height=&#8221;fontheight-179065&#8243; title=&#8221;FUNKTIONER&#8221;]Utrymmesbesparande<\/p>\n<p>Snabb cykeltid<\/p>\n<p>Stor inmatnings\u00f6ppning<\/p>\n<p>Intelligent SMART-teknik<br \/>\n[\/vc_icon][\/vc_column][vc_column column_width_percent=&#8221;100&#8243; align_horizontal=&#8221;align_center&#8221; gutter_size=&#8221;3&#8243; expand_height=&#8221;yes&#8221; overlay_alpha=&#8221;50&#8243; shift_x=&#8221;0&#8243; shift_y=&#8221;0&#8243; shift_y_down=&#8221;0&#8243; z_index=&#8221;0&#8243; medium_width=&#8221;0&#8243; mobile_width=&#8221;0&#8243; width=&#8221;1\/6&#8243;][vc_icon icon=&#8221;fa fa-th&#8221; size=&#8221;fa-3x&#8221; text_height=&#8221;fontheight-179065&#8243; title=&#8221;BALSTORLEK&#8221;]80\u2013110 kg[\/vc_icon][\/vc_column][\/vc_row][vc_row row_height_percent=&#8221;0&#8243; override_padding=&#8221;yes&#8221; h_padding=&#8221;2&#8243; top_padding=&#8221;1&#8243; bottom_padding=&#8221;1&#8243; back_color=&#8221;color-xsdn&#8221; overlay_alpha=&#8221;100&#8243; equal_height=&#8221;yes&#8221; gutter_size=&#8221;0&#8243; column_width_percent=&#8221;100&#8243; shift_y=&#8221;0&#8243; z_index=&#8221;0&#8243; style=&#8221;dark&#8221; row_name=&#8221;Design &amp; Quality&#8221;][vc_column column_width_percent=&#8221;100&#8243; position_vertical=&#8221;middle&#8221; align_horizontal=&#8221;align_center&#8221; gutter_size=&#8221;3&#8243; override_padding=&#8221;yes&#8221; column_padding=&#8221;1&#8243; style=&#8221;light&#8221; back_color=&#8221;color-xsdn&#8221; overlay_alpha=&#8221;50&#8243; shift_x=&#8221;0&#8243; shift_y=&#8221;0&#8243; shift_y_down=&#8221;0&#8243; z_index=&#8221;0&#8243; medium_width=&#8221;0&#8243; mobile_width=&#8221;0&#8243; width=&#8221;1\/1&#8243;][vc_custom_heading text_weight=&#8221;700&#8243; text_transform=&#8221;uppercase&#8221; separator=&#8221;yes&#8221; separator_color=&#8221;yes&#8221; sub_lead=&#8221;yes&#8221; sub_reduced=&#8221;yes&#8221;]ROBUST &amp; UTRYMMESBESPARANDE VERTIKAL BALPRESS[\/vc_custom_heading][vc_column_text]Europress Balex-10 \u00e4r en kompakt vertikal balpress f\u00f6r ett brett spektrum av anv\u00e4ndningsomr\u00e5den. Den stora inmatnings\u00f6ppningen och den korta cykeltiden p\u00e5 endast 15 sekunder s\u00e4kerst\u00e4ller enkel komprimering av olika sorters material. Med en komprimeringskraft p\u00e5 10 ton producerar Balex-10 v\u00e4ldigt t\u00e4ta balar med vikt p\u00e5 upp till 110 kg, som likv\u00e4l \u00e4r tillr\u00e4ckligt kompakta f\u00f6r att passa in i rullburar.<\/p>\n<p>Balex-10 \u00e4r konstruerad med korslagda cylindrar vilket sparar utrymme. Med en vikt p\u00e5 840 kg och en l\u00e5g totalh\u00f6jd p\u00e5 endast 1 920 mm \u00e4r den l\u00e4tt att placera \u00e4ven i tr\u00e5nga utrymmen. Maskinen levereras med enfasmotor.<\/p>\n<p>De tv\u00e5 funktionsl\u00e4gena inneb\u00e4r att det finns tv\u00e5 programalternativ att v\u00e4lja mellan f\u00f6r att optimera balpressarna f\u00f6r olika sorters avfall. De passar f\u00f6r ett brett spektrum av material, inklusive wellpapp, plast och textil. Driftljudet h\u00e5lls nere trots en stabil och snabb komprimering f\u00f6r framst\u00e4llning av v\u00e4ldigt t\u00e4ta balar.<\/p>\n<p>Den stora inmatnings\u00f6ppningen s\u00e4kerst\u00e4ller en enkel p\u00e5fyllning. Bandh\u00e5llaren \u00e4r beh\u00e4ndigt placerad framtill p\u00e5 balpressen f\u00f6r snabbt bandbyte och bindning av balen. Som standard ing\u00e5r en styranordning f\u00f6r smidig placering av pallen.[\/vc_column_text][\/vc_column][\/vc_row][vc_row row_height_percent=&#8221;10&#8243; override_padding=&#8221;yes&#8221; h_padding=&#8221;2&#8243; top_padding=&#8221;2&#8243; bottom_padding=&#8221;3&#8243; back_color=&#8221;color-xsdn&#8221; overlay_alpha=&#8221;100&#8243; equal_height=&#8221;yes&#8221; gutter_size=&#8221;0&#8243; column_width_percent=&#8221;100&#8243; shift_y=&#8221;0&#8243; z_index=&#8221;0&#8243; style=&#8221;dark&#8221; row_name=&#8221;Design &amp; Quality&#8221;][vc_column column_width_percent=&#8221;100&#8243; position_vertical=&#8221;middle&#8221; align_horizontal=&#8221;align_center&#8221; gutter_size=&#8221;3&#8243; override_padding=&#8221;yes&#8221; column_padding=&#8221;0&#8243; back_color=&#8221;color-xsdn&#8221; overlay_alpha=&#8221;50&#8243; shift_x=&#8221;0&#8243; shift_y=&#8221;0&#8243; shift_y_down=&#8221;0&#8243; z_index=&#8221;0&#8243; medium_width=&#8221;0&#8243; mobile_width=&#8221;0&#8243; width=&#8221;1\/1&#8243;][vc_single_image media=&#8221;73921&#8243; media_width_percent=&#8221;12&#8243; alignment=&#8221;center&#8221; media_link=&#8221;|||&#8221;][vc_column_text]Intelligent SMART-teknik i balpressarna bidrar till en kostnadseffektiv och s\u00e4ker drift. Maskinens inst\u00e4llningar kan justeras separat f\u00f6r att p\u00e5 b\u00e4sta s\u00e4tt svara mot olika behov av avfallshantering. Balpressarnas anv\u00e4ndning \u00f6vervakas och anpassas efter eventuella avvikelser, i syfte att skydda s\u00e5v\u00e4l operat\u00f6r som komponenter.<\/p>\n<p>Balex balpressar \u00e4r som standard f\u00f6rberedda f\u00f6r uppkoppling till <a href=\"https:\/\/europressgroup.com\/smart\/\"><strong>Europress SMART<\/strong><\/a>, vilket g\u00f6r det m\u00f6jligt att inf\u00f6rliva dem i Fleet Management-systemet. Systemet tillhandah\u00e5ller tillg\u00e5ngsdata och verktyg f\u00f6r effektiviserad Fleet Management.[\/vc_column_text][\/vc_column][\/vc_row][vc_row unlock_row_content=&#8221;yes&#8221; row_height_percent=&#8221;0&#8243; override_padding=&#8221;yes&#8221; h_padding=&#8221;2&#8243; top_padding=&#8221;4&#8243; bottom_padding=&#8221;4&#8243; back_color=&#8221;color-rgdb&#8221; overlay_alpha=&#8221;50&#8243; gutter_size=&#8221;3&#8243; column_width_percent=&#8221;100&#8243; shift_y=&#8221;0&#8243; z_index=&#8221;0&#8243; row_name=&#8221;Gallery&#8221;][vc_column column_width_use_pixel=&#8221;yes&#8221; align_horizontal=&#8221;align_center&#8221; gutter_size=&#8221;3&#8243; style=&#8221;dark&#8221; overlay_alpha=&#8221;50&#8243; shift_x=&#8221;0&#8243; shift_y=&#8221;0&#8243; medium_width=&#8221;0&#8243; zoom_width=&#8221;0&#8243; zoom_height=&#8221;0&#8243; column_width_pixel=&#8221;1400&#8243;][vc_custom_heading text_transform=&#8221;uppercase&#8221; separator=&#8221;yes&#8221; sub_lead=&#8221;yes&#8221;]Media[\/vc_custom_heading][vc_gallery el_id=&#8221;gallery-47626&#8243; type=&#8221;carousel&#8221; medias=&#8221;75427,73352,73353&#8243; carousel_lg=&#8221;3&#8243; carousel_md=&#8221;2&#8243; carousel_sm=&#8221;1&#8243; thumb_size=&#8221;one-one&#8221; gutter_size=&#8221;2&#8243; media_items=&#8221;media,icon&#8221; carousel_interval=&#8221;3000&#8243; carousel_navspeed=&#8221;400&#8243; carousel_nav=&#8221;yes&#8221; carousel_dots=&#8221;yes&#8221; stage_padding=&#8221;0&#8243; single_overlay_opacity=&#8221;50&#8243; single_image_anim=&#8221;no&#8221; single_h_align=&#8221;center&#8221; single_padding=&#8221;2&#8243; single_icon=&#8221;fa fa-search3&#8243; single_shadow=&#8221;yes&#8221; single_border=&#8221;yes&#8221; carousel_rtl=&#8221;&#8221; single_title_uppercase=&#8221;&#8221;][\/vc_column][\/vc_row][vc_row row_height_percent=&#8221;50&#8243; override_padding=&#8221;yes&#8221; h_padding=&#8221;2&#8243; top_padding=&#8221;0&#8243; bottom_padding=&#8221;0&#8243; back_color=&#8221;color-lxmt&#8221; overlay_alpha=&#8221;100&#8243; equal_height=&#8221;yes&#8221; gutter_size=&#8221;0&#8243; column_width_percent=&#8221;100&#8243; shift_y=&#8221;0&#8243; z_index=&#8221;0&#8243; style=&#8221;dark&#8221; row_name=&#8221;Design &amp; Quality&#8221;][vc_column column_width_percent=&#8221;100&#8243; align_horizontal=&#8221;align_center&#8221; gutter_size=&#8221;3&#8243; override_padding=&#8221;yes&#8221; column_padding=&#8221;4&#8243; style=&#8221;light&#8221; back_color=&#8221;color-lxmt&#8221; overlay_alpha=&#8221;50&#8243; shift_x=&#8221;0&#8243; shift_y=&#8221;0&#8243; shift_y_down=&#8221;0&#8243; z_index=&#8221;0&#8243; medium_width=&#8221;0&#8243; mobile_width=&#8221;0&#8243; width=&#8221;1\/1&#8243;][vc_custom_heading text_weight=&#8221;700&#8243; text_transform=&#8221;uppercase&#8221; separator=&#8221;yes&#8221; separator_color=&#8221;yes&#8221; sub_lead=&#8221;yes&#8221; sub_reduced=&#8221;yes&#8221;]YTTERLIGARE INFORMATION[\/vc_custom_heading][vc_tabs][vc_tab title=&#8221;TEKNISKA SPECIFIKATIONER&#8221; tab_id=&#8221;1551168098-1-37&#8243;][vc_column_text]<strong>Komprimeringskraft<\/strong><br \/>\n10 t<br \/>\n<strong>M\u00e5tt H x B x D<\/strong><br \/>\n1 920 x 1 360 x 840 mm<br \/>\n<strong>Vikt<\/strong><br \/>\n840 kg<br \/>\n<strong>Inmatnings\u00f6ppning H x B x D<\/strong><br \/>\n610 x 720 x 600 mm<br \/>\n<strong>Inmatningsh\u00f6jd<\/strong><br \/>\n710 mm<br \/>\n<strong>Balens m\u00e5tt H x B x D<\/strong><br \/>\n600 x 800 x 670 mm<br \/>\n<strong>Balens vikt (wellpapp)<\/strong><br \/>\n80\u2013110 kg<br \/>\n<strong>Str\u00f6mtillf\u00f6rsel<\/strong><br \/>\n400 V, 50 Hz, 3x 16 A<br \/>\n230 V, 50 Hz, 1x 16 A*<br \/>\n<em>Tr\u00f6g s\u00e4kring<\/em><br \/>\n<strong>Cykeltid<\/strong><br \/>\n15 s<br \/>\n<strong>Ljudniv\u00e5<\/strong><br \/>\n59 dBa<br \/>\n<strong>Motor<\/strong><br \/>\n4,0 \/ 1,5* kW[\/vc_column_text][\/vc_tab][vc_tab title=&#8221;STANDARDUTRUSTNING&#8221; tab_id=&#8221;1551454228796-1-8&#8243;][vc_column_text]Bl\u00e5 f\u00e4rg RAL5017<\/p>\n<p>Klor f\u00f6r att h\u00e5lla tillbaka materialet<\/p>\n<p>Styranordning f\u00f6r pall<\/p>\n<p>Integrerat sk\u00e4r f\u00f6r band<\/p>\n<p>Automatiskt system f\u00f6r urbalning<\/p>\n<p>System med tv\u00e5handsfattning f\u00f6r urbalning<\/p>\n<p>L\u00e4gesv\u00e4ljare (tv\u00e5 driftsl\u00e4gen)<\/p>\n<p>Nyckelstyrd brytare<\/p>\n<p>Gr\u00e4nsl\u00e4gesbrytare till lastlucka<\/p>\n<p>Gr\u00e4nsl\u00e4gesbrytare till t\u00f6mningslucka<\/p>\n<p>Intelligent SMART-teknik<\/p>\n<p>F\u00f6rberedd f\u00f6r uppkoppling till Europress SMART<br \/>\n[\/vc_column_text][\/vc_tab][vc_tab title=&#8221;TILLVAL&#8221; tab_id=&#8221;1551454253374-2-10&#8243;][vc_column_text]Tillbeh\u00f6r f\u00f6r insamling av plastavfall<\/p>\n<p>Kodstart<\/p>\n<p>St\u00f6td\u00e4mpare<\/p>\n<p>St\u00f6td\u00e4mpare f\u00f6r urbalning<br \/>\n[\/vc_column_text][\/vc_tab][\/vc_tabs][\/vc_column][\/vc_row][vc_row][vc_column column_width_percent=&#8221;100&#8243; align_horizontal=&#8221;align_center&#8221; gutter_size=&#8221;3&#8243; overlay_alpha=&#8221;50&#8243; shift_x=&#8221;0&#8243; shift_y=&#8221;0&#8243; shift_y_down=&#8221;0&#8243; z_index=&#8221;0&#8243; medium_width=&#8221;0&#8243; mobile_width=&#8221;0&#8243; width=&#8221;1\/1&#8243;][vc_button button_color=&#8221;accent&#8221; radius=&#8221;btn-round&#8221; border_animation=&#8221;btn-ripple-out&#8221; border_width=&#8221;0&#8243; link=&#8221;url:https%3A%2F%2Feuropressgroup.com%2Fwp-content%2Fuploads%2F2019%2F07%2FEuropress-Balex-10-brochure-SWE.pdf||target:%20_blank|&#8221;]LADDA NER BROSCHYREN[\/vc_button][\/vc_column][\/vc_row][vc_row][vc_column width=&#8221;1\/1&#8243;][uncode_block id=&#8221;73192&#8243;][\/vc_column][\/vc_row]<\/p>\n<\/div>","protected":false},"excerpt":{"rendered":"<p>[vc_row row_height_percent=&#8221;0&#8243; override_padding=&#8221;yes&#8221; h_padding=&#8221;2&#8243; top_padding=&#8221;4&#8243; bottom_padding=&#8221;1&#8243; overlay_alpha=&#8221;50&#8243; equal_height=&#8221;yes&#8221; gutter_size=&#8221;3&#8243; column_width_percent=&#8221;100&#8243; shift_y=&#8221;0&#8243; z_index=&#8221;0&#8243; row_name=&#8221;Highlights&#8221;][vc_column column_width_percent=&#8221;100&#8243; position_horizontal=&#8221;left&#8221; position_vertical=&#8221;middle&#8221; align_horizontal=&#8221;align_center&#8221; gutter_size=&#8221;3&#8243; override_padding=&#8221;yes&#8221; column_padding=&#8221;2&#8243; [&hellip;]<\/p>\n","protected":false},"author":25,"featured_media":75427,"parent":0,"menu_order":0,"comment_status":"closed","ping_status":"closed","template":"","meta":{"footnotes":""},"class_list":["post-75320","page","type-page","status-publish","has-post-thumbnail","hentry","page_category-0-100-kg-5","page_category-100-200-kg-2","page_category-plast-sv","page_category-textil"],"yoast_head":"<!-- This site is optimized with the Yoast SEO Premium plugin v27.3 (Yoast SEO v27.3) - https:\/\/yoast.com\/product\/yoast-seo-premium-wordpress\/ -->\n<title>Balex-10 balpress Balpress, balstorlek 80-110kg - Europress Group<\/title>\n<meta name=\"description\" content=\"Europress Balex. Balpress som komprimerar och skapar balar p\u00e5 80\u2013110kg. Anv\u00e4nds f\u00f6r wellpapp, plast eller textilier.\" \/>\n<meta name=\"robots\" content=\"index, follow, max-snippet:-1, max-image-preview:large, max-video-preview:-1\" \/>\n<link rel=\"canonical\" href=\"https:\/\/europressgroup.com\/sv\/balex-10\/\" \/>\n<meta property=\"og:locale\" content=\"sv_SE\" \/>\n<meta property=\"og:type\" content=\"article\" \/>\n<meta property=\"og:title\" content=\"Balex-10 balpress\" \/>\n<meta property=\"og:description\" content=\"Wellpapp Plast Textil Utrymmesbesparande Snabb cykeltid Stor inmatnings\u00f6ppning Intelligent SMART-teknik 80\u2013110 kgROBUST &amp; UTRYMMESBESPARANDE VERTIKAL\" \/>\n<meta property=\"og:url\" content=\"https:\/\/europressgroup.com\/sv\/balex-10\/\" \/>\n<meta property=\"og:site_name\" content=\"Europress Group\" \/>\n<meta property=\"article:publisher\" content=\"https:\/\/www.facebook.com\/europresswastehandling\" \/>\n<meta property=\"article:modified_time\" content=\"2022-03-18T13:39:54+00:00\" \/>\n<meta property=\"og:image\" content=\"https:\/\/europressgroup.com\/wp-content\/uploads\/2019\/05\/Europress-Balex-10-baler-1920x1280px.jpg\" \/>\n\t<meta property=\"og:image:width\" content=\"1920\" \/>\n\t<meta property=\"og:image:height\" content=\"1280\" \/>\n\t<meta property=\"og:image:type\" content=\"image\/jpeg\" \/>\n<meta name=\"twitter:card\" content=\"summary_large_image\" \/>\n<meta name=\"twitter:site\" content=\"@EPWastehandling\" \/>\n<meta name=\"twitter:label1\" content=\"Ber\u00e4knad l\u00e4stid\" \/>\n\t<meta name=\"twitter:data1\" content=\"6 minuter\" \/>\n<script type=\"application\/ld+json\" class=\"yoast-schema-graph\">{\"@context\":\"https:\\\/\\\/schema.org\",\"@graph\":[{\"@type\":\"WebPage\",\"@id\":\"https:\\\/\\\/europressgroup.com\\\/sv\\\/balex-10\\\/\",\"url\":\"https:\\\/\\\/europressgroup.com\\\/sv\\\/balex-10\\\/\",\"name\":\"Balex-10 balpress Balpress, balstorlek 80-110kg - Europress Group\",\"isPartOf\":{\"@id\":\"https:\\\/\\\/europressgroup.com\\\/sv\\\/#website\"},\"primaryImageOfPage\":{\"@id\":\"https:\\\/\\\/europressgroup.com\\\/sv\\\/balex-10\\\/#primaryimage\"},\"image\":{\"@id\":\"https:\\\/\\\/europressgroup.com\\\/sv\\\/balex-10\\\/#primaryimage\"},\"thumbnailUrl\":\"https:\\\/\\\/europressgroup.com\\\/wp-content\\\/uploads\\\/2019\\\/05\\\/Europress-Balex-10-baler-1920x1280px.jpg\",\"datePublished\":\"2019-05-22T14:56:15+00:00\",\"dateModified\":\"2022-03-18T13:39:54+00:00\",\"description\":\"Europress Balex. Balpress som komprimerar och skapar balar p\u00e5 80\u2013110kg. Anv\u00e4nds f\u00f6r wellpapp, plast eller textilier.\",\"breadcrumb\":{\"@id\":\"https:\\\/\\\/europressgroup.com\\\/sv\\\/balex-10\\\/#breadcrumb\"},\"inLanguage\":\"sv-SE\",\"potentialAction\":[{\"@type\":\"ReadAction\",\"target\":[\"https:\\\/\\\/europressgroup.com\\\/sv\\\/balex-10\\\/\"]}]},{\"@type\":\"ImageObject\",\"inLanguage\":\"sv-SE\",\"@id\":\"https:\\\/\\\/europressgroup.com\\\/sv\\\/balex-10\\\/#primaryimage\",\"url\":\"https:\\\/\\\/europressgroup.com\\\/wp-content\\\/uploads\\\/2019\\\/05\\\/Europress-Balex-10-baler-1920x1280px.jpg\",\"contentUrl\":\"https:\\\/\\\/europressgroup.com\\\/wp-content\\\/uploads\\\/2019\\\/05\\\/Europress-Balex-10-baler-1920x1280px.jpg\",\"width\":1920,\"height\":1280},{\"@type\":\"BreadcrumbList\",\"@id\":\"https:\\\/\\\/europressgroup.com\\\/sv\\\/balex-10\\\/#breadcrumb\",\"itemListElement\":[{\"@type\":\"ListItem\",\"position\":1,\"name\":\"Home\",\"item\":\"https:\\\/\\\/europressgroup.com\\\/sv\\\/\"},{\"@type\":\"ListItem\",\"position\":2,\"name\":\"Balex-10 balpress\"}]},{\"@type\":\"WebSite\",\"@id\":\"https:\\\/\\\/europressgroup.com\\\/sv\\\/#website\",\"url\":\"https:\\\/\\\/europressgroup.com\\\/sv\\\/\",\"name\":\"Europress Group\",\"description\":\"Northern European leader in Environmental Technology\",\"publisher\":{\"@id\":\"https:\\\/\\\/europressgroup.com\\\/sv\\\/#organization\"},\"potentialAction\":[{\"@type\":\"SearchAction\",\"target\":{\"@type\":\"EntryPoint\",\"urlTemplate\":\"https:\\\/\\\/europressgroup.com\\\/sv\\\/?s={search_term_string}\"},\"query-input\":{\"@type\":\"PropertyValueSpecification\",\"valueRequired\":true,\"valueName\":\"search_term_string\"}}],\"inLanguage\":\"sv-SE\"},{\"@type\":\"Organization\",\"@id\":\"https:\\\/\\\/europressgroup.com\\\/sv\\\/#organization\",\"name\":\"Europress Group\",\"url\":\"https:\\\/\\\/europressgroup.com\\\/sv\\\/\",\"logo\":{\"@type\":\"ImageObject\",\"inLanguage\":\"sv-SE\",\"@id\":\"https:\\\/\\\/europressgroup.com\\\/sv\\\/#\\\/schema\\\/logo\\\/image\\\/\",\"url\":\"https:\\\/\\\/europressgroup.com\\\/wp-content\\\/uploads\\\/2018\\\/12\\\/Europress-logo-1.png\",\"contentUrl\":\"https:\\\/\\\/europressgroup.com\\\/wp-content\\\/uploads\\\/2018\\\/12\\\/Europress-logo-1.png\",\"width\":478,\"height\":75,\"caption\":\"Europress Group\"},\"image\":{\"@id\":\"https:\\\/\\\/europressgroup.com\\\/sv\\\/#\\\/schema\\\/logo\\\/image\\\/\"},\"sameAs\":[\"https:\\\/\\\/www.facebook.com\\\/europresswastehandling\",\"https:\\\/\\\/x.com\\\/EPWastehandling\",\"https:\\\/\\\/www.instagram.com\\\/europressgroup\\\/\",\"https:\\\/\\\/www.linkedin.com\\\/company\\\/europress\"],\"publishingPrinciples\":\"https:\\\/\\\/europressgroup.com\\\/environment-safety-quality\\\/\",\"ownershipFundingInfo\":\"https:\\\/\\\/europressgroup.com\\\/history\\\/\",\"actionableFeedbackPolicy\":\"https:\\\/\\\/europressgroup.com\\\/customer-feedback\\\/\",\"correctionsPolicy\":\"https:\\\/\\\/europressgroup.com\\\/customer-feedback\\\/\",\"ethicsPolicy\":\"https:\\\/\\\/europressgroup.com\\\/responsibility\\\/\"}]}<\/script>\n<!-- \/ Yoast SEO Premium plugin. -->","yoast_head_json":{"title":"Balex-10 balpress Balpress, balstorlek 80-110kg - Europress Group","description":"Europress Balex. Balpress som komprimerar och skapar balar p\u00e5 80\u2013110kg. Anv\u00e4nds f\u00f6r wellpapp, plast eller textilier.","robots":{"index":"index","follow":"follow","max-snippet":"max-snippet:-1","max-image-preview":"max-image-preview:large","max-video-preview":"max-video-preview:-1"},"canonical":"https:\/\/europressgroup.com\/sv\/balex-10\/","og_locale":"sv_SE","og_type":"article","og_title":"Balex-10 balpress","og_description":"Wellpapp Plast Textil Utrymmesbesparande Snabb cykeltid Stor inmatnings\u00f6ppning Intelligent SMART-teknik 80\u2013110 kgROBUST &amp; UTRYMMESBESPARANDE VERTIKAL","og_url":"https:\/\/europressgroup.com\/sv\/balex-10\/","og_site_name":"Europress Group","article_publisher":"https:\/\/www.facebook.com\/europresswastehandling","article_modified_time":"2022-03-18T13:39:54+00:00","og_image":[{"width":1920,"height":1280,"url":"https:\/\/europressgroup.com\/wp-content\/uploads\/2019\/05\/Europress-Balex-10-baler-1920x1280px.jpg","type":"image\/jpeg"}],"twitter_card":"summary_large_image","twitter_site":"@EPWastehandling","twitter_misc":{"Ber\u00e4knad l\u00e4stid":"6 minuter"},"schema":{"@context":"https:\/\/schema.org","@graph":[{"@type":"WebPage","@id":"https:\/\/europressgroup.com\/sv\/balex-10\/","url":"https:\/\/europressgroup.com\/sv\/balex-10\/","name":"Balex-10 balpress Balpress, balstorlek 80-110kg - Europress Group","isPartOf":{"@id":"https:\/\/europressgroup.com\/sv\/#website"},"primaryImageOfPage":{"@id":"https:\/\/europressgroup.com\/sv\/balex-10\/#primaryimage"},"image":{"@id":"https:\/\/europressgroup.com\/sv\/balex-10\/#primaryimage"},"thumbnailUrl":"https:\/\/europressgroup.com\/wp-content\/uploads\/2019\/05\/Europress-Balex-10-baler-1920x1280px.jpg","datePublished":"2019-05-22T14:56:15+00:00","dateModified":"2022-03-18T13:39:54+00:00","description":"Europress Balex. Balpress som komprimerar och skapar balar p\u00e5 80\u2013110kg. Anv\u00e4nds f\u00f6r wellpapp, plast eller textilier.","breadcrumb":{"@id":"https:\/\/europressgroup.com\/sv\/balex-10\/#breadcrumb"},"inLanguage":"sv-SE","potentialAction":[{"@type":"ReadAction","target":["https:\/\/europressgroup.com\/sv\/balex-10\/"]}]},{"@type":"ImageObject","inLanguage":"sv-SE","@id":"https:\/\/europressgroup.com\/sv\/balex-10\/#primaryimage","url":"https:\/\/europressgroup.com\/wp-content\/uploads\/2019\/05\/Europress-Balex-10-baler-1920x1280px.jpg","contentUrl":"https:\/\/europressgroup.com\/wp-content\/uploads\/2019\/05\/Europress-Balex-10-baler-1920x1280px.jpg","width":1920,"height":1280},{"@type":"BreadcrumbList","@id":"https:\/\/europressgroup.com\/sv\/balex-10\/#breadcrumb","itemListElement":[{"@type":"ListItem","position":1,"name":"Home","item":"https:\/\/europressgroup.com\/sv\/"},{"@type":"ListItem","position":2,"name":"Balex-10 balpress"}]},{"@type":"WebSite","@id":"https:\/\/europressgroup.com\/sv\/#website","url":"https:\/\/europressgroup.com\/sv\/","name":"Europress Group","description":"Northern European leader in Environmental Technology","publisher":{"@id":"https:\/\/europressgroup.com\/sv\/#organization"},"potentialAction":[{"@type":"SearchAction","target":{"@type":"EntryPoint","urlTemplate":"https:\/\/europressgroup.com\/sv\/?s={search_term_string}"},"query-input":{"@type":"PropertyValueSpecification","valueRequired":true,"valueName":"search_term_string"}}],"inLanguage":"sv-SE"},{"@type":"Organization","@id":"https:\/\/europressgroup.com\/sv\/#organization","name":"Europress Group","url":"https:\/\/europressgroup.com\/sv\/","logo":{"@type":"ImageObject","inLanguage":"sv-SE","@id":"https:\/\/europressgroup.com\/sv\/#\/schema\/logo\/image\/","url":"https:\/\/europressgroup.com\/wp-content\/uploads\/2018\/12\/Europress-logo-1.png","contentUrl":"https:\/\/europressgroup.com\/wp-content\/uploads\/2018\/12\/Europress-logo-1.png","width":478,"height":75,"caption":"Europress Group"},"image":{"@id":"https:\/\/europressgroup.com\/sv\/#\/schema\/logo\/image\/"},"sameAs":["https:\/\/www.facebook.com\/europresswastehandling","https:\/\/x.com\/EPWastehandling","https:\/\/www.instagram.com\/europressgroup\/","https:\/\/www.linkedin.com\/company\/europress"],"publishingPrinciples":"https:\/\/europressgroup.com\/environment-safety-quality\/","ownershipFundingInfo":"https:\/\/europressgroup.com\/history\/","actionableFeedbackPolicy":"https:\/\/europressgroup.com\/customer-feedback\/","correctionsPolicy":"https:\/\/europressgroup.com\/customer-feedback\/","ethicsPolicy":"https:\/\/europressgroup.com\/responsibility\/"}]}},"_links":{"self":[{"href":"https:\/\/europressgroup.com\/sv\/wp-json\/wp\/v2\/pages\/75320","targetHints":{"allow":["GET"]}}],"collection":[{"href":"https:\/\/europressgroup.com\/sv\/wp-json\/wp\/v2\/pages"}],"about":[{"href":"https:\/\/europressgroup.com\/sv\/wp-json\/wp\/v2\/types\/page"}],"author":[{"embeddable":true,"href":"https:\/\/europressgroup.com\/sv\/wp-json\/wp\/v2\/users\/25"}],"replies":[{"embeddable":true,"href":"https:\/\/europressgroup.com\/sv\/wp-json\/wp\/v2\/comments?post=75320"}],"version-history":[{"count":10,"href":"https:\/\/europressgroup.com\/sv\/wp-json\/wp\/v2\/pages\/75320\/revisions"}],"predecessor-version":[{"id":111219,"href":"https:\/\/europressgroup.com\/sv\/wp-json\/wp\/v2\/pages\/75320\/revisions\/111219"}],"wp:featuredmedia":[{"embeddable":true,"href":"https:\/\/europressgroup.com\/sv\/wp-json\/wp\/v2\/media\/75427"}],"wp:attachment":[{"href":"https:\/\/europressgroup.com\/sv\/wp-json\/wp\/v2\/media?parent=75320"}],"curies":[{"name":"wp","href":"https:\/\/api.w.org\/{rel}","templated":true}]}}