{"id":74621,"date":"2019-02-26T13:19:35","date_gmt":"2019-02-26T11:19:35","guid":{"rendered":"https:\/\/europressgroup.com\/duomega\/"},"modified":"2024-07-12T12:05:37","modified_gmt":"2024-07-12T09:05:37","slug":"duomega","status":"publish","type":"page","link":"https:\/\/europressgroup.com\/sv\/duomega\/","title":{"rendered":"DuoMega komprimator"},"content":{"rendered":"<div class=\"wpb-content-wrapper\"><p>[vc_row row_height_percent=&#8221;0&#8243; override_padding=&#8221;yes&#8221; h_padding=&#8221;2&#8243; top_padding=&#8221;4&#8243; bottom_padding=&#8221;1&#8243; overlay_alpha=&#8221;50&#8243; equal_height=&#8221;yes&#8221; gutter_size=&#8221;3&#8243; column_width_percent=&#8221;100&#8243; shift_y=&#8221;0&#8243; z_index=&#8221;0&#8243; row_name=&#8221;Highlights&#8221;][vc_column column_width_percent=&#8221;100&#8243; position_horizontal=&#8221;left&#8221; position_vertical=&#8221;middle&#8221; gutter_size=&#8221;3&#8243; override_padding=&#8221;yes&#8221; column_padding=&#8221;2&#8243; overlay_alpha=&#8221;50&#8243; shift_x=&#8221;0&#8243; shift_y=&#8221;0&#8243; shift_y_down=&#8221;0&#8243; z_index=&#8221;0&#8243; medium_width=&#8221;4&#8243; mobile_width=&#8221;0&#8243; zoom_width=&#8221;0&#8243; zoom_height=&#8221;0&#8243; width=&#8221;1\/2&#8243;][vc_single_image media=&#8221;141407&#8243; media_width_percent=&#8221;100&#8243; image=&#8221;2286&#8243; border_color=&#8221;grey&#8221; img_link_target=&#8221;_self&#8221; img_size=&#8221;full&#8221; uncode_shortcode_id=&#8221;117715&#8243;][\/vc_column][vc_column column_width_percent=&#8221;100&#8243; position_vertical=&#8221;middle&#8221; align_horizontal=&#8221;align_center&#8221; gutter_size=&#8221;3&#8243; expand_height=&#8221;yes&#8221; overlay_alpha=&#8221;50&#8243; shift_x=&#8221;0&#8243; shift_y=&#8221;0&#8243; shift_y_down=&#8221;0&#8243; z_index=&#8221;0&#8243; medium_width=&#8221;4&#8243; mobile_width=&#8221;0&#8243; zoom_width=&#8221;0&#8243; zoom_height=&#8221;0&#8243; width=&#8221;1\/6&#8243;][vc_icon icon=&#8221;fa fa-recycle&#8221; size=&#8221;fa-3x&#8221; text_height=&#8221;fontheight-179065&#8243; title=&#8221;ANV\u00c4NDNING&#8221;]Wellpapp<\/p>\n<p>Plast<\/p>\n<p>Blandavfall<\/p>\n<p>F\u00f6rbr\u00e4nningsavfall[\/vc_icon][\/vc_column][vc_column column_width_percent=&#8221;100&#8243; align_horizontal=&#8221;align_center&#8221; gutter_size=&#8221;3&#8243; expand_height=&#8221;yes&#8221; overlay_alpha=&#8221;50&#8243; shift_x=&#8221;0&#8243; shift_y=&#8221;0&#8243; shift_y_down=&#8221;0&#8243; z_index=&#8221;0&#8243; medium_width=&#8221;0&#8243; mobile_visibility=&#8221;yes&#8221; mobile_width=&#8221;0&#8243; width=&#8221;1\/6&#8243;][vc_icon icon=&#8221;fa fa-cogs&#8221; size=&#8221;fa-3x&#8221; text_height=&#8221;fontheight-179065&#8243; title=&#8221;FUNKTIONER&#8221; uncode_shortcode_id=&#8221;130025&#8243;]Stor inmatnings\u00f6ppning<\/p>\n<p>Tillf\u00f6rlitlig och anv\u00e4ndarv\u00e4nlig<\/p>\n<p>Intelligent SMART-teknik<\/p>\n<p>[\/vc_icon][\/vc_column][vc_column column_width_percent=&#8221;100&#8243; align_horizontal=&#8221;align_center&#8221; gutter_size=&#8221;3&#8243; expand_height=&#8221;yes&#8221; overlay_alpha=&#8221;50&#8243; shift_x=&#8221;0&#8243; shift_y=&#8221;0&#8243; shift_y_down=&#8221;0&#8243; z_index=&#8221;0&#8243; medium_width=&#8221;0&#8243; mobile_width=&#8221;0&#8243; width=&#8221;1\/6&#8243;][vc_icon icon=&#8221;fa fa-th&#8221; size=&#8221;fa-3x&#8221; text_height=&#8221;fontheight-179065&#8243; title=&#8221;KAPACITET&#8221;]20 m\u00b3<\/p>\n<p>24 m\u00b3<\/p>\n<p>27 m\u00b3<\/p>\n<p>30 m\u00b3<\/p>\n<p>32 m\u00b3<\/p>\n<p>35 m\u00b3<\/p>\n<p>36 m\u00b3<\/p>\n<p>38 m\u00b3[\/vc_icon][\/vc_column][\/vc_row][vc_row row_height_percent=&#8221;0&#8243; override_padding=&#8221;yes&#8221; h_padding=&#8221;2&#8243; top_padding=&#8221;3&#8243; bottom_padding=&#8221;3&#8243; overlay_alpha=&#8221;100&#8243; equal_height=&#8221;yes&#8221; gutter_size=&#8221;0&#8243; column_width_percent=&#8221;100&#8243; shift_y=&#8221;0&#8243; z_index=&#8221;0&#8243; style=&#8221;dark&#8221; row_name=&#8221;Design &amp; Quality&#8221; uncode_shortcode_id=&#8221;545949&#8243;][vc_column column_width_percent=&#8221;100&#8243; position_vertical=&#8221;middle&#8221; gutter_size=&#8221;3&#8243; override_padding=&#8221;yes&#8221; column_padding=&#8221;0&#8243; style=&#8221;light&#8221; overlay_alpha=&#8221;50&#8243; shift_x=&#8221;0&#8243; shift_y=&#8221;0&#8243; shift_y_down=&#8221;0&#8243; z_index=&#8221;0&#8243; medium_width=&#8221;0&#8243; mobile_width=&#8221;0&#8243; width=&#8221;1\/1&#8243; uncode_shortcode_id=&#8221;869737&#8243;][vc_custom_heading text_weight=&#8221;700&#8243; text_transform=&#8221;uppercase&#8221; separator_color=&#8221;yes&#8221; separator=&#8221;yes&#8221; sub_lead=&#8221;yes&#8221; sub_reduced=&#8221;yes&#8221;]STATION\u00c4RA AVFALLSKOMPRIMATORER F\u00d6R KR\u00c4VANDE ANV\u00c4NDNING[\/vc_custom_heading][vc_column_text]Europress DuoMega \u00e4r en robust avfallskomprimator i station\u00e4rt utf\u00f6rande, framtagen f\u00f6r kr\u00e4vande anv\u00e4ndning. Komprimatorn har den st\u00f6rsta inmatnings\u00f6ppningen i sin klass, och \u00e4r d\u00e4rmed den perfekta l\u00f6sningen f\u00f6r skrymmande avfallsmaterial som t.ex. stora wellpappkartonger.<\/p>\n<p>Avfallskomprimatorn \u00e4r station\u00e4r, vilket betyder att containern separeras f\u00f6r transport medan komprimatorenheten st\u00e5r stadigt kvar p\u00e5 marken. Komprimatorn kan utrustas med tratt-\/schaktl\u00f6sning f\u00f6r p\u00e5fyllning genom en v\u00e4gg eller p\u00e5 flera olika niv\u00e5er, i en s\u00e4ker och sluten struktur. Konstruktionen st\u00f6der ocks\u00e5 flera olika lastanordningar som t.ex. conveyors.<\/p>\n<p>Europress DuoMega kan f\u00f6rses med ett urval av tillbeh\u00f6r som t.ex. k\u00e4rlv\u00e4ndare och system f\u00f6r luck\u00f6ppning. Standardspektrumet erbjuder flera containerkapaciteter upp till 38 m\u00b2 och som i kombination med alternativet flytande tak m\u00f6jligg\u00f6r extremt stora nyttolaster. Komprimatorn kan anv\u00e4ndas 24\/7, speciellt om det finns en backup-container.[\/vc_column_text][\/vc_column][\/vc_row][vc_row row_height_percent=&#8221;10&#8243; override_padding=&#8221;yes&#8221; h_padding=&#8221;2&#8243; top_padding=&#8221;3&#8243; bottom_padding=&#8221;3&#8243; back_color=&#8221;color-lxmt&#8221; overlay_alpha=&#8221;100&#8243; equal_height=&#8221;yes&#8221; gutter_size=&#8221;0&#8243; column_width_percent=&#8221;100&#8243; shift_y=&#8221;0&#8243; z_index=&#8221;0&#8243; style=&#8221;dark&#8221; row_name=&#8221;Design &amp; Quality&#8221; uncode_shortcode_id=&#8221;157772&#8243; back_color_type=&#8221;uncode-palette&#8221;][vc_column column_width_percent=&#8221;100&#8243; position_horizontal=&#8221;left&#8221; position_vertical=&#8221;middle&#8221; gutter_size=&#8221;3&#8243; overlay_alpha=&#8221;50&#8243; shift_x=&#8221;0&#8243; shift_y=&#8221;0&#8243; shift_y_down=&#8221;0&#8243; z_index=&#8221;0&#8243; medium_width=&#8221;0&#8243; mobile_width=&#8221;0&#8243; width=&#8221;2\/3&#8243; uncode_shortcode_id=&#8221;908827&#8243;][vc_column_text uncode_shortcode_id=&#8221;178936&#8243;]Intelligent SMART-teknik i komprimatorerna bidrar till en kostnadseffektiv och s\u00e4ker drift. Maskinens inst\u00e4llningar kan justeras separat f\u00f6r att p\u00e5 b\u00e4sta s\u00e4tt svara mot olika behov av avfallshantering. Komprimatorerna \u00f6vervakas och anpassas efter eventuella avvikelser, i syfte att skydda s\u00e5v\u00e4l operat\u00f6r som komponenter.<\/p>\n<p>DuoMega avfallskomprimatorer \u00e4r f\u00f6rberedda f\u00f6r uppkoppling till <a href=\"https:\/\/europressgroup.com\/sv\/smart\/\"><strong>Europress SMART<\/strong><\/a> vilket g\u00f6r det m\u00f6jligt att inf\u00f6rliva dem i Fleet Management-systemet. Systemet tillhandah\u00e5ller tillg\u00e5ngsdata och verktyg f\u00f6r effektiviserad Fleet Management.[\/vc_column_text][\/vc_column][vc_column width=&#8221;1\/3&#8243;][vc_single_image media=&#8221;73921&#8243; media_width_percent=&#8221;60&#8243; alignment=&#8221;center&#8221; media_link=&#8221;url:https%3A%2F%2Feuropressgroup.com%2Fsv%2Fsmart%2F|title:Europress%20SMART&#8221; uncode_shortcode_id=&#8221;480463&#8243;][\/vc_column][\/vc_row][vc_row unlock_row_content=&#8221;yes&#8221; row_height_percent=&#8221;0&#8243; override_padding=&#8221;yes&#8221; h_padding=&#8221;2&#8243; top_padding=&#8221;4&#8243; bottom_padding=&#8221;4&#8243; back_color=&#8221;color-rgdb&#8221; overlay_alpha=&#8221;50&#8243; gutter_size=&#8221;3&#8243; column_width_percent=&#8221;100&#8243; shift_y=&#8221;0&#8243; z_index=&#8221;0&#8243; row_name=&#8221;Gallery&#8221;][vc_column column_width_use_pixel=&#8221;yes&#8221; align_horizontal=&#8221;align_center&#8221; gutter_size=&#8221;3&#8243; style=&#8221;dark&#8221; overlay_alpha=&#8221;50&#8243; shift_x=&#8221;0&#8243; shift_y=&#8221;0&#8243; medium_width=&#8221;0&#8243; zoom_width=&#8221;0&#8243; zoom_height=&#8221;0&#8243; column_width_pixel=&#8221;1400&#8243;][vc_custom_heading text_transform=&#8221;uppercase&#8221; separator=&#8221;yes&#8221; sub_lead=&#8221;yes&#8221;]Media[\/vc_custom_heading][vc_gallery el_id=&#8221;gallery-47626&#8243; type=&#8221;carousel&#8221; medias=&#8221;73377,73378,73673&#8243; carousel_lg=&#8221;3&#8243; carousel_md=&#8221;2&#8243; carousel_sm=&#8221;1&#8243; thumb_size=&#8221;one-one&#8221; gutter_size=&#8221;2&#8243; media_items=&#8221;media,icon&#8221; carousel_interval=&#8221;3000&#8243; carousel_navspeed=&#8221;400&#8243; carousel_nav=&#8221;yes&#8221; carousel_dots=&#8221;yes&#8221; stage_padding=&#8221;0&#8243; single_overlay_opacity=&#8221;50&#8243; single_image_anim=&#8221;no&#8221; single_h_align=&#8221;center&#8221; single_padding=&#8221;2&#8243; single_icon=&#8221;fa fa-search3&#8243; single_shadow=&#8221;yes&#8221; single_border=&#8221;yes&#8221; carousel_rtl=&#8221;&#8221; single_title_uppercase=&#8221;&#8221;][\/vc_column][\/vc_row][vc_row row_height_percent=&#8221;50&#8243; override_padding=&#8221;yes&#8221; h_padding=&#8221;2&#8243; top_padding=&#8221;0&#8243; bottom_padding=&#8221;0&#8243; back_color=&#8221;color-lxmt&#8221; overlay_alpha=&#8221;100&#8243; equal_height=&#8221;yes&#8221; gutter_size=&#8221;0&#8243; column_width_percent=&#8221;100&#8243; shift_y=&#8221;0&#8243; z_index=&#8221;0&#8243; style=&#8221;dark&#8221; row_name=&#8221;Design &amp; Quality&#8221;][vc_column column_width_percent=&#8221;100&#8243; align_horizontal=&#8221;align_center&#8221; gutter_size=&#8221;3&#8243; override_padding=&#8221;yes&#8221; column_padding=&#8221;4&#8243; style=&#8221;light&#8221; back_color=&#8221;color-lxmt&#8221; overlay_alpha=&#8221;50&#8243; shift_x=&#8221;0&#8243; shift_y=&#8221;0&#8243; shift_y_down=&#8221;0&#8243; z_index=&#8221;0&#8243; medium_width=&#8221;0&#8243; mobile_width=&#8221;0&#8243; width=&#8221;1\/1&#8243;][vc_custom_heading text_weight=&#8221;700&#8243; text_transform=&#8221;uppercase&#8221; separator_color=&#8221;yes&#8221; separator=&#8221;yes&#8221; sub_lead=&#8221;yes&#8221; sub_reduced=&#8221;yes&#8221;]YTTERLIGARE INFORMATION[\/vc_custom_heading][vc_tabs][vc_tab title=&#8221;TEKNISKA SPECIFIKATIONER&#8221; tab_id=&#8221;1551168098-1-37&#8243;][vc_column_text]<strong>Inmatnings\u00f6ppning <\/strong><br \/>\n1 850 x 1 590 mm<\/p>\n<p><strong>Inmatningsh\u00f6jd (markniv\u00e5)<\/strong><br \/>\n1 660 mm<\/p>\n<p><strong>Komprimeringskraft<\/strong><br \/>\n35\u201340 t<\/p>\n<p><strong>Cykeltid<\/strong><br \/>\n73 s<\/p>\n<p><strong>Kapacitet (wellpapp)<\/strong><br \/>\n99 m\u00b3 \/h<\/p>\n<p><strong>Motor<\/strong><br \/>\n5,5 \/ 7,5* kW<\/p>\n<p><strong>Str\u00f6mtillf\u00f6rsel<\/strong><br \/>\n400 V, 50 Hz, 3\u00d716 A<br \/>\n400 V, 50 Hz, 3\u00d732 A*<br \/>\n<em>Tr\u00f6g s\u00e4kring<\/em>[\/vc_column_text][\/vc_tab][vc_tab title=&#8221;STANDARDUTRUSTNING&#8221; tab_id=&#8221;1551168098-2-88&#8243;][vc_column_text]Bl\u00e5 f\u00e4rg RAL5017<\/p>\n<p>Inkasttratt i standardutf\u00f6rande<\/p>\n<p>Bakre lyftkrok (container)<\/p>\n<p>Containerhjul fram (roll-off)<\/p>\n<p>Container borta-brytare (gr\u00e4nsl\u00e4gesbrytare)<\/p>\n<p>Bomstopp (stoppvajrar &amp; presenning)<\/p>\n<p>Intelligent SMART-teknik<\/p>\n<p>F\u00f6rberedd f\u00f6r uppkoppling till Europress SMART[\/vc_column_text][\/vc_tab][vc_tab title=&#8221;TILLVAL&#8221; tab_id=&#8221;1551168147535-2-2&#8243;][vc_column_text]Specialanpassad RAL-f\u00e4rg<\/p>\n<p>Styrskenor<\/p>\n<p>Ytterligare kontroller som t.ex. n\u00f6dstopp<\/p>\n<p>Containerhjul bak (roll-off)<\/p>\n<p>Specialanpassad Inkasttratt<\/p>\n<p>\u00d6ppningsmekanism f\u00f6r t\u00f6mningslucka, tv\u00e5 steg<\/p>\n<p>Long handle-mekanism f\u00f6r \u00f6ppning av t\u00f6mningslucka<\/p>\n<p>Hydraulisk \u00f6ppningsmekanism f\u00f6r t\u00f6mningslucka<\/p>\n<p>K\u00e4rlv\u00e4ndare (integrerad \/ station\u00e4r)<\/p>\n<p>System f\u00f6r luck\u00f6ppning (hydrauliskt \/ elektroniskt)<\/p>\n<p>System f\u00f6r kodstart<\/p>\n<p>System f\u00f6r autostart<\/p>\n<p>7,5 kW motor<\/p>\n<p>L\u00e5g inmatning<\/p>\n<p>Container med flytande tak 20-36m\u00b3<\/p>\n<p>Reservcontainer[\/vc_column_text][\/vc_tab][\/vc_tabs][\/vc_column][\/vc_row][vc_row][vc_column column_width_percent=&#8221;100&#8243; align_horizontal=&#8221;align_center&#8221; gutter_size=&#8221;3&#8243; overlay_alpha=&#8221;50&#8243; shift_x=&#8221;0&#8243; shift_y=&#8221;0&#8243; shift_y_down=&#8221;0&#8243; z_index=&#8221;0&#8243; medium_width=&#8221;0&#8243; mobile_width=&#8221;0&#8243; width=&#8221;1\/1&#8243;][vc_button button_color=&#8221;accent&#8221; radius=&#8221;btn-round&#8221; border_animation=&#8221;btn-ripple-out&#8221; border_width=&#8221;0&#8243; link=&#8221;url:https%3A%2F%2Feuropressgroup.com%2Fsv%2Fladda-ner-broschyrer%2F|target:_blank&#8221; button_color_type=&#8221;uncode-palette&#8221; uncode_shortcode_id=&#8221;966399&#8243;]LADDA NER BROSCHYREN[\/vc_button][\/vc_column][\/vc_row][vc_row][vc_column width=&#8221;1\/1&#8243;][uncode_block id=&#8221;73192&#8243;][\/vc_column][\/vc_row]<\/p>\n<\/div>","protected":false},"excerpt":{"rendered":"<p>[vc_row row_height_percent=&#8221;0&#8243; override_padding=&#8221;yes&#8221; h_padding=&#8221;2&#8243; top_padding=&#8221;4&#8243; bottom_padding=&#8221;1&#8243; overlay_alpha=&#8221;50&#8243; equal_height=&#8221;yes&#8221; gutter_size=&#8221;3&#8243; column_width_percent=&#8221;100&#8243; shift_y=&#8221;0&#8243; z_index=&#8221;0&#8243; row_name=&#8221;Highlights&#8221;][vc_column column_width_percent=&#8221;100&#8243; position_horizontal=&#8221;left&#8221; position_vertical=&#8221;middle&#8221; gutter_size=&#8221;3&#8243; override_padding=&#8221;yes&#8221; column_padding=&#8221;2&#8243; overlay_alpha=&#8221;50&#8243; [&hellip;]<\/p>\n","protected":false},"author":25,"featured_media":74622,"parent":0,"menu_order":0,"comment_status":"closed","ping_status":"closed","template":"","meta":{"footnotes":""},"class_list":["post-74621","page","type-page","status-publish","has-post-thumbnail","hentry","page_category-blandavfall","page_category-forbranningsavfall","page_category-plast-sv","page_category-stationara","page_category-wellpapp"],"yoast_head":"<!-- This site is optimized with the Yoast SEO Premium plugin v27.3 (Yoast SEO v27.3) - https:\/\/yoast.com\/product\/yoast-seo-premium-wordpress\/ -->\n<title>DuoMega komprimator station\u00e4r komprimator - Europress Group<\/title>\n<meta name=\"description\" content=\"Station\u00e4r DuoMega komprimator f\u00f6r stora volymer av bl.a Wellpap, plast och blandavfall. Med extra stor inmatning, den finns med flera olika containerstorlekar.\" \/>\n<meta name=\"robots\" content=\"index, follow, max-snippet:-1, max-image-preview:large, max-video-preview:-1\" \/>\n<link rel=\"canonical\" href=\"https:\/\/europressgroup.com\/sv\/duomega\/\" \/>\n<meta property=\"og:locale\" content=\"sv_SE\" \/>\n<meta property=\"og:type\" content=\"article\" \/>\n<meta property=\"og:title\" content=\"DuoMega komprimator\" \/>\n<meta property=\"og:description\" content=\"Wellpapp Plast Blandavfall F\u00f6rbr\u00e4nningsavfallStor inmatnings\u00f6ppning Tillf\u00f6rlitlig och anv\u00e4ndarv\u00e4nlig Intelligent SMART-teknik 20 m\u00b3 24 m\u00b3 27 m\u00b3 30 m\u00b3 32\" \/>\n<meta property=\"og:url\" content=\"https:\/\/europressgroup.com\/sv\/duomega\/\" \/>\n<meta property=\"og:site_name\" content=\"Europress Group\" \/>\n<meta property=\"article:publisher\" content=\"https:\/\/www.facebook.com\/europresswastehandling\" \/>\n<meta property=\"article:modified_time\" content=\"2024-07-12T09:05:37+00:00\" \/>\n<meta property=\"og:image\" content=\"https:\/\/europressgroup.com\/wp-content\/uploads\/2019\/03\/Europress-DuoMega-stationary-waste-compactors-1920x1280px.jpg\" \/>\n\t<meta property=\"og:image:width\" content=\"1920\" \/>\n\t<meta property=\"og:image:height\" content=\"1080\" \/>\n\t<meta property=\"og:image:type\" content=\"image\/jpeg\" \/>\n<meta name=\"twitter:card\" content=\"summary_large_image\" \/>\n<meta name=\"twitter:site\" content=\"@EPWastehandling\" \/>\n<meta name=\"twitter:label1\" content=\"Ber\u00e4knad l\u00e4stid\" \/>\n\t<meta name=\"twitter:data1\" content=\"4 minuter\" \/>\n<script type=\"application\/ld+json\" class=\"yoast-schema-graph\">{\"@context\":\"https:\\\/\\\/schema.org\",\"@graph\":[{\"@type\":\"WebPage\",\"@id\":\"https:\\\/\\\/europressgroup.com\\\/sv\\\/duomega\\\/\",\"url\":\"https:\\\/\\\/europressgroup.com\\\/sv\\\/duomega\\\/\",\"name\":\"DuoMega komprimator station\u00e4r komprimator - Europress Group\",\"isPartOf\":{\"@id\":\"https:\\\/\\\/europressgroup.com\\\/sv\\\/#website\"},\"primaryImageOfPage\":{\"@id\":\"https:\\\/\\\/europressgroup.com\\\/sv\\\/duomega\\\/#primaryimage\"},\"image\":{\"@id\":\"https:\\\/\\\/europressgroup.com\\\/sv\\\/duomega\\\/#primaryimage\"},\"thumbnailUrl\":\"https:\\\/\\\/europressgroup.com\\\/wp-content\\\/uploads\\\/2019\\\/03\\\/Europress-DuoMega-stationary-waste-compactors-1920x1280px.jpg\",\"datePublished\":\"2019-02-26T11:19:35+00:00\",\"dateModified\":\"2024-07-12T09:05:37+00:00\",\"description\":\"Station\u00e4r DuoMega komprimator f\u00f6r stora volymer av bl.a Wellpap, plast och blandavfall. Med extra stor inmatning, den finns med flera olika containerstorlekar.\",\"breadcrumb\":{\"@id\":\"https:\\\/\\\/europressgroup.com\\\/sv\\\/duomega\\\/#breadcrumb\"},\"inLanguage\":\"sv-SE\",\"potentialAction\":[{\"@type\":\"ReadAction\",\"target\":[\"https:\\\/\\\/europressgroup.com\\\/sv\\\/duomega\\\/\"]}]},{\"@type\":\"ImageObject\",\"inLanguage\":\"sv-SE\",\"@id\":\"https:\\\/\\\/europressgroup.com\\\/sv\\\/duomega\\\/#primaryimage\",\"url\":\"https:\\\/\\\/europressgroup.com\\\/wp-content\\\/uploads\\\/2019\\\/03\\\/Europress-DuoMega-stationary-waste-compactors-1920x1280px.jpg\",\"contentUrl\":\"https:\\\/\\\/europressgroup.com\\\/wp-content\\\/uploads\\\/2019\\\/03\\\/Europress-DuoMega-stationary-waste-compactors-1920x1280px.jpg\",\"width\":1920,\"height\":1080,\"caption\":\"Europress j\u00e4tepuristin DuoMax\"},{\"@type\":\"BreadcrumbList\",\"@id\":\"https:\\\/\\\/europressgroup.com\\\/sv\\\/duomega\\\/#breadcrumb\",\"itemListElement\":[{\"@type\":\"ListItem\",\"position\":1,\"name\":\"Home\",\"item\":\"https:\\\/\\\/europressgroup.com\\\/sv\\\/\"},{\"@type\":\"ListItem\",\"position\":2,\"name\":\"DuoMega komprimator\"}]},{\"@type\":\"WebSite\",\"@id\":\"https:\\\/\\\/europressgroup.com\\\/sv\\\/#website\",\"url\":\"https:\\\/\\\/europressgroup.com\\\/sv\\\/\",\"name\":\"Europress Group\",\"description\":\"Northern European leader in Environmental Technology\",\"publisher\":{\"@id\":\"https:\\\/\\\/europressgroup.com\\\/sv\\\/#organization\"},\"potentialAction\":[{\"@type\":\"SearchAction\",\"target\":{\"@type\":\"EntryPoint\",\"urlTemplate\":\"https:\\\/\\\/europressgroup.com\\\/sv\\\/?s={search_term_string}\"},\"query-input\":{\"@type\":\"PropertyValueSpecification\",\"valueRequired\":true,\"valueName\":\"search_term_string\"}}],\"inLanguage\":\"sv-SE\"},{\"@type\":\"Organization\",\"@id\":\"https:\\\/\\\/europressgroup.com\\\/sv\\\/#organization\",\"name\":\"Europress Group\",\"url\":\"https:\\\/\\\/europressgroup.com\\\/sv\\\/\",\"logo\":{\"@type\":\"ImageObject\",\"inLanguage\":\"sv-SE\",\"@id\":\"https:\\\/\\\/europressgroup.com\\\/sv\\\/#\\\/schema\\\/logo\\\/image\\\/\",\"url\":\"https:\\\/\\\/europressgroup.com\\\/wp-content\\\/uploads\\\/2018\\\/12\\\/Europress-logo-1.png\",\"contentUrl\":\"https:\\\/\\\/europressgroup.com\\\/wp-content\\\/uploads\\\/2018\\\/12\\\/Europress-logo-1.png\",\"width\":478,\"height\":75,\"caption\":\"Europress Group\"},\"image\":{\"@id\":\"https:\\\/\\\/europressgroup.com\\\/sv\\\/#\\\/schema\\\/logo\\\/image\\\/\"},\"sameAs\":[\"https:\\\/\\\/www.facebook.com\\\/europresswastehandling\",\"https:\\\/\\\/x.com\\\/EPWastehandling\",\"https:\\\/\\\/www.instagram.com\\\/europressgroup\\\/\",\"https:\\\/\\\/www.linkedin.com\\\/company\\\/europress\"],\"publishingPrinciples\":\"https:\\\/\\\/europressgroup.com\\\/environment-safety-quality\\\/\",\"ownershipFundingInfo\":\"https:\\\/\\\/europressgroup.com\\\/history\\\/\",\"actionableFeedbackPolicy\":\"https:\\\/\\\/europressgroup.com\\\/customer-feedback\\\/\",\"correctionsPolicy\":\"https:\\\/\\\/europressgroup.com\\\/customer-feedback\\\/\",\"ethicsPolicy\":\"https:\\\/\\\/europressgroup.com\\\/responsibility\\\/\"}]}<\/script>\n<!-- \/ Yoast SEO Premium plugin. -->","yoast_head_json":{"title":"DuoMega komprimator station\u00e4r komprimator - Europress Group","description":"Station\u00e4r DuoMega komprimator f\u00f6r stora volymer av bl.a Wellpap, plast och blandavfall. Med extra stor inmatning, den finns med flera olika containerstorlekar.","robots":{"index":"index","follow":"follow","max-snippet":"max-snippet:-1","max-image-preview":"max-image-preview:large","max-video-preview":"max-video-preview:-1"},"canonical":"https:\/\/europressgroup.com\/sv\/duomega\/","og_locale":"sv_SE","og_type":"article","og_title":"DuoMega komprimator","og_description":"Wellpapp Plast Blandavfall F\u00f6rbr\u00e4nningsavfallStor inmatnings\u00f6ppning Tillf\u00f6rlitlig och anv\u00e4ndarv\u00e4nlig Intelligent SMART-teknik 20 m\u00b3 24 m\u00b3 27 m\u00b3 30 m\u00b3 32","og_url":"https:\/\/europressgroup.com\/sv\/duomega\/","og_site_name":"Europress Group","article_publisher":"https:\/\/www.facebook.com\/europresswastehandling","article_modified_time":"2024-07-12T09:05:37+00:00","og_image":[{"width":1920,"height":1080,"url":"https:\/\/europressgroup.com\/wp-content\/uploads\/2019\/03\/Europress-DuoMega-stationary-waste-compactors-1920x1280px.jpg","type":"image\/jpeg"}],"twitter_card":"summary_large_image","twitter_site":"@EPWastehandling","twitter_misc":{"Ber\u00e4knad l\u00e4stid":"4 minuter"},"schema":{"@context":"https:\/\/schema.org","@graph":[{"@type":"WebPage","@id":"https:\/\/europressgroup.com\/sv\/duomega\/","url":"https:\/\/europressgroup.com\/sv\/duomega\/","name":"DuoMega komprimator station\u00e4r komprimator - Europress Group","isPartOf":{"@id":"https:\/\/europressgroup.com\/sv\/#website"},"primaryImageOfPage":{"@id":"https:\/\/europressgroup.com\/sv\/duomega\/#primaryimage"},"image":{"@id":"https:\/\/europressgroup.com\/sv\/duomega\/#primaryimage"},"thumbnailUrl":"https:\/\/europressgroup.com\/wp-content\/uploads\/2019\/03\/Europress-DuoMega-stationary-waste-compactors-1920x1280px.jpg","datePublished":"2019-02-26T11:19:35+00:00","dateModified":"2024-07-12T09:05:37+00:00","description":"Station\u00e4r DuoMega komprimator f\u00f6r stora volymer av bl.a Wellpap, plast och blandavfall. Med extra stor inmatning, den finns med flera olika containerstorlekar.","breadcrumb":{"@id":"https:\/\/europressgroup.com\/sv\/duomega\/#breadcrumb"},"inLanguage":"sv-SE","potentialAction":[{"@type":"ReadAction","target":["https:\/\/europressgroup.com\/sv\/duomega\/"]}]},{"@type":"ImageObject","inLanguage":"sv-SE","@id":"https:\/\/europressgroup.com\/sv\/duomega\/#primaryimage","url":"https:\/\/europressgroup.com\/wp-content\/uploads\/2019\/03\/Europress-DuoMega-stationary-waste-compactors-1920x1280px.jpg","contentUrl":"https:\/\/europressgroup.com\/wp-content\/uploads\/2019\/03\/Europress-DuoMega-stationary-waste-compactors-1920x1280px.jpg","width":1920,"height":1080,"caption":"Europress j\u00e4tepuristin DuoMax"},{"@type":"BreadcrumbList","@id":"https:\/\/europressgroup.com\/sv\/duomega\/#breadcrumb","itemListElement":[{"@type":"ListItem","position":1,"name":"Home","item":"https:\/\/europressgroup.com\/sv\/"},{"@type":"ListItem","position":2,"name":"DuoMega komprimator"}]},{"@type":"WebSite","@id":"https:\/\/europressgroup.com\/sv\/#website","url":"https:\/\/europressgroup.com\/sv\/","name":"Europress Group","description":"Northern European leader in Environmental Technology","publisher":{"@id":"https:\/\/europressgroup.com\/sv\/#organization"},"potentialAction":[{"@type":"SearchAction","target":{"@type":"EntryPoint","urlTemplate":"https:\/\/europressgroup.com\/sv\/?s={search_term_string}"},"query-input":{"@type":"PropertyValueSpecification","valueRequired":true,"valueName":"search_term_string"}}],"inLanguage":"sv-SE"},{"@type":"Organization","@id":"https:\/\/europressgroup.com\/sv\/#organization","name":"Europress Group","url":"https:\/\/europressgroup.com\/sv\/","logo":{"@type":"ImageObject","inLanguage":"sv-SE","@id":"https:\/\/europressgroup.com\/sv\/#\/schema\/logo\/image\/","url":"https:\/\/europressgroup.com\/wp-content\/uploads\/2018\/12\/Europress-logo-1.png","contentUrl":"https:\/\/europressgroup.com\/wp-content\/uploads\/2018\/12\/Europress-logo-1.png","width":478,"height":75,"caption":"Europress Group"},"image":{"@id":"https:\/\/europressgroup.com\/sv\/#\/schema\/logo\/image\/"},"sameAs":["https:\/\/www.facebook.com\/europresswastehandling","https:\/\/x.com\/EPWastehandling","https:\/\/www.instagram.com\/europressgroup\/","https:\/\/www.linkedin.com\/company\/europress"],"publishingPrinciples":"https:\/\/europressgroup.com\/environment-safety-quality\/","ownershipFundingInfo":"https:\/\/europressgroup.com\/history\/","actionableFeedbackPolicy":"https:\/\/europressgroup.com\/customer-feedback\/","correctionsPolicy":"https:\/\/europressgroup.com\/customer-feedback\/","ethicsPolicy":"https:\/\/europressgroup.com\/responsibility\/"}]}},"_links":{"self":[{"href":"https:\/\/europressgroup.com\/sv\/wp-json\/wp\/v2\/pages\/74621","targetHints":{"allow":["GET"]}}],"collection":[{"href":"https:\/\/europressgroup.com\/sv\/wp-json\/wp\/v2\/pages"}],"about":[{"href":"https:\/\/europressgroup.com\/sv\/wp-json\/wp\/v2\/types\/page"}],"author":[{"embeddable":true,"href":"https:\/\/europressgroup.com\/sv\/wp-json\/wp\/v2\/users\/25"}],"replies":[{"embeddable":true,"href":"https:\/\/europressgroup.com\/sv\/wp-json\/wp\/v2\/comments?post=74621"}],"version-history":[{"count":11,"href":"https:\/\/europressgroup.com\/sv\/wp-json\/wp\/v2\/pages\/74621\/revisions"}],"predecessor-version":[{"id":140847,"href":"https:\/\/europressgroup.com\/sv\/wp-json\/wp\/v2\/pages\/74621\/revisions\/140847"}],"wp:featuredmedia":[{"embeddable":true,"href":"https:\/\/europressgroup.com\/sv\/wp-json\/wp\/v2\/media\/74622"}],"wp:attachment":[{"href":"https:\/\/europressgroup.com\/sv\/wp-json\/wp\/v2\/media?parent=74621"}],"curies":[{"name":"wp","href":"https:\/\/api.w.org\/{rel}","templated":true}]}}