{"id":74560,"date":"2019-03-28T16:32:48","date_gmt":"2019-03-28T14:32:48","guid":{"rendered":"https:\/\/europressgroup.com\/hg-screw-compactors\/"},"modified":"2024-11-27T11:41:14","modified_gmt":"2024-11-27T09:41:14","slug":"skruvkomprimator","status":"publish","type":"page","link":"https:\/\/europressgroup.com\/sv\/skruvkomprimator\/","title":{"rendered":"H&#038;G Skruvkomprimator"},"content":{"rendered":"<div class=\"wpb-content-wrapper\"><p>[vc_row row_height_percent=&#8221;0&#8243; override_padding=&#8221;yes&#8221; h_padding=&#8221;2&#8243; top_padding=&#8221;3&#8243; bottom_padding=&#8221;3&#8243; overlay_alpha=&#8221;50&#8243; equal_height=&#8221;yes&#8221; gutter_size=&#8221;3&#8243; column_width_percent=&#8221;100&#8243; shift_y=&#8221;0&#8243; z_index=&#8221;0&#8243; row_name=&#8221;Highlights&#8221;][vc_column column_width_percent=&#8221;100&#8243; position_horizontal=&#8221;left&#8221; position_vertical=&#8221;middle&#8221; gutter_size=&#8221;3&#8243; override_padding=&#8221;yes&#8221; column_padding=&#8221;2&#8243; overlay_alpha=&#8221;50&#8243; shift_x=&#8221;0&#8243; shift_y=&#8221;0&#8243; shift_y_down=&#8221;0&#8243; z_index=&#8221;0&#8243; medium_width=&#8221;4&#8243; mobile_width=&#8221;0&#8243; zoom_width=&#8221;0&#8243; zoom_height=&#8221;0&#8243; width=&#8221;1\/2&#8243;][vc_single_image media=&#8221;74234&#8243; media_width_percent=&#8221;100&#8243; image=&#8221;2286&#8243; border_color=&#8221;grey&#8221; img_link_target=&#8221;_self&#8221; img_size=&#8221;full&#8221;][\/vc_column][vc_column column_width_percent=&#8221;100&#8243; position_vertical=&#8221;middle&#8221; align_horizontal=&#8221;align_center&#8221; gutter_size=&#8221;3&#8243; expand_height=&#8221;yes&#8221; overlay_alpha=&#8221;50&#8243; shift_x=&#8221;0&#8243; shift_y=&#8221;0&#8243; shift_y_down=&#8221;0&#8243; z_index=&#8221;0&#8243; medium_width=&#8221;4&#8243; mobile_width=&#8221;0&#8243; zoom_width=&#8221;0&#8243; zoom_height=&#8221;0&#8243; width=&#8221;1\/6&#8243;][vc_icon icon=&#8221;fa fa-recycle&#8221; size=&#8221;fa-3x&#8221; text_height=&#8221;fontheight-179065&#8243; title=&#8221;ANV\u00c4NDNING&#8221;]Wellpapp<\/p>\n<p>Tr\u00e4 avfall<\/p>\n<p>PET flaskor[\/vc_icon][\/vc_column][vc_column column_width_percent=&#8221;100&#8243; align_horizontal=&#8221;align_center&#8221; gutter_size=&#8221;3&#8243; expand_height=&#8221;yes&#8221; overlay_alpha=&#8221;50&#8243; shift_x=&#8221;0&#8243; shift_y=&#8221;0&#8243; shift_y_down=&#8221;0&#8243; z_index=&#8221;0&#8243; medium_width=&#8221;0&#8243; mobile_visibility=&#8221;yes&#8221; mobile_width=&#8221;0&#8243; width=&#8221;1\/6&#8243;][vc_icon icon=&#8221;fa fa-cogs&#8221; size=&#8221;fa-3x&#8221; text_height=&#8221;fontheight-179065&#8243; title=&#8221;FUNKTIONER&#8221; uncode_shortcode_id=&#8221;825884&#8243;]Extremt h\u00e5llbart direktdrivsystem<\/p>\n<p>Valfri, strimlings nermatare<\/p>\n<p>Mobila och station\u00e4ra varianter finns tillg\u00e4ngliga[\/vc_icon][\/vc_column][vc_column column_width_percent=&#8221;100&#8243; align_horizontal=&#8221;align_center&#8221; gutter_size=&#8221;3&#8243; expand_height=&#8221;yes&#8221; overlay_alpha=&#8221;50&#8243; shift_x=&#8221;0&#8243; shift_y=&#8221;0&#8243; shift_y_down=&#8221;0&#8243; z_index=&#8221;0&#8243; medium_width=&#8221;0&#8243; mobile_width=&#8221;0&#8243; width=&#8221;1\/6&#8243;][vc_icon icon=&#8221;fa fa-th&#8221; size=&#8221;fa-3x&#8221; text_height=&#8221;fontheight-179065&#8243; title=&#8221;KAPACITET&#8221;]20 m\u00b3<\/p>\n<p>24 m\u00b3<\/p>\n<p>27 m\u00b3<\/p>\n<p>30 m\u00b3<\/p>\n<p>32 m\u00b3<\/p>\n<p>35 m\u00b3[\/vc_icon][\/vc_column][\/vc_row][vc_row row_height_percent=&#8221;50&#8243; override_padding=&#8221;yes&#8221; h_padding=&#8221;2&#8243; top_padding=&#8221;0&#8243; bottom_padding=&#8221;0&#8243; overlay_alpha=&#8221;100&#8243; equal_height=&#8221;yes&#8221; gutter_size=&#8221;0&#8243; column_width_percent=&#8221;100&#8243; shift_y=&#8221;0&#8243; z_index=&#8221;0&#8243; style=&#8221;dark&#8221; row_name=&#8221;Design &amp; Quality&#8221; uncode_shortcode_id=&#8221;168968&#8243;][vc_column column_width_percent=&#8221;100&#8243; position_vertical=&#8221;middle&#8221; gutter_size=&#8221;3&#8243; override_padding=&#8221;yes&#8221; column_padding=&#8221;4&#8243; style=&#8221;light&#8221; overlay_alpha=&#8221;50&#8243; shift_x=&#8221;0&#8243; shift_y=&#8221;0&#8243; shift_y_down=&#8221;0&#8243; z_index=&#8221;0&#8243; medium_width=&#8221;0&#8243; mobile_width=&#8221;0&#8243; width=&#8221;1\/1&#8243; uncode_shortcode_id=&#8221;288136&#8243;][vc_custom_heading text_weight=&#8221;700&#8243; text_transform=&#8221;uppercase&#8221; separator_color=&#8221;yes&#8221; separator=&#8221;yes&#8221; sub_lead=&#8221;yes&#8221; sub_reduced=&#8221;yes&#8221;]Optimal l\u00f6sning f\u00f6r stora m\u00e4ngder avfall[\/vc_custom_heading][vc_column_text uncode_shortcode_id=&#8221;151344&#8243;]H&amp;G skruvkomprimator \u00e4r utformad f\u00f6r att f\u00f6rst strimla avfallet och d\u00e4rmed effektivt minska avfallsvolymen innan det komprimeras in i containerdelen. Deras extremt h\u00f6ga komprimeringsgrad resulterar i mycket h\u00f6g nyttolast f\u00f6r flera olika material typer. De robusta komprimatorerna kan laddas kontinuerligt och fungerar \u00e4ven f\u00f6r dygnet runt anv\u00e4ndning.<\/p>\n<p>Skruvkomprimatorernas starka byggkvalitet bidrar till en l\u00e4ngre livsl\u00e4ngd. Ist\u00e4llet f\u00f6r s\u00e5rbara kedjedrivna system som traditionellt anv\u00e4nds p\u00e5 skruvkomprimatorer har dessa ist\u00e4llet elektromekanisk direktdrivning med automatiskt sm\u00f6rjsystem vilket g\u00f6r dem betydligt h\u00e5llbarare.<\/p>\n<p>Med sitt omfattande urval av separat drivna matningsanordningar \u00e4r skruvkomprimatorerna en helt\u00e4ckande l\u00f6sning f\u00f6r olika avfallsmaterial. Kompaktorerna finns i b\u00e5de station\u00e4ra och mobila varianter. De kan levereras med en rad tillbeh\u00f6r.[\/vc_column_text][\/vc_column][\/vc_row][vc_row unlock_row_content=&#8221;yes&#8221; row_height_percent=&#8221;0&#8243; override_padding=&#8221;yes&#8221; h_padding=&#8221;2&#8243; top_padding=&#8221;4&#8243; bottom_padding=&#8221;4&#8243; back_color=&#8221;color-rgdb&#8221; overlay_alpha=&#8221;50&#8243; gutter_size=&#8221;3&#8243; column_width_percent=&#8221;100&#8243; shift_y=&#8221;0&#8243; z_index=&#8221;0&#8243; row_name=&#8221;Gallery&#8221;][vc_column column_width_use_pixel=&#8221;yes&#8221; align_horizontal=&#8221;align_center&#8221; gutter_size=&#8221;3&#8243; style=&#8221;dark&#8221; overlay_alpha=&#8221;50&#8243; shift_x=&#8221;0&#8243; shift_y=&#8221;0&#8243; medium_width=&#8221;0&#8243; zoom_width=&#8221;0&#8243; zoom_height=&#8221;0&#8243; column_width_pixel=&#8221;1400&#8243;][vc_custom_heading text_transform=&#8221;uppercase&#8221; separator=&#8221;yes&#8221; sub_lead=&#8221;yes&#8221;]Media[\/vc_custom_heading][vc_gallery el_id=&#8221;gallery-47626&#8243; type=&#8221;carousel&#8221; medias=&#8221;74222,74206,74210,74214,74218,74226,74230&#8243; carousel_lg=&#8221;3&#8243; carousel_md=&#8221;2&#8243; carousel_sm=&#8221;1&#8243; thumb_size=&#8221;one-one&#8221; gutter_size=&#8221;2&#8243; media_items=&#8221;media,icon&#8221; carousel_interval=&#8221;3000&#8243; carousel_navspeed=&#8221;400&#8243; carousel_nav=&#8221;yes&#8221; carousel_dots=&#8221;yes&#8221; stage_padding=&#8221;0&#8243; single_overlay_opacity=&#8221;50&#8243; single_image_anim=&#8221;no&#8221; single_h_align=&#8221;center&#8221; single_padding=&#8221;2&#8243; single_icon=&#8221;fa fa-search3&#8243; single_shadow=&#8221;yes&#8221; single_border=&#8221;yes&#8221; carousel_rtl=&#8221;&#8221; single_title_uppercase=&#8221;&#8221;][\/vc_column][\/vc_row][vc_row row_height_percent=&#8221;50&#8243; override_padding=&#8221;yes&#8221; h_padding=&#8221;2&#8243; top_padding=&#8221;0&#8243; bottom_padding=&#8221;0&#8243; back_color=&#8221;color-lxmt&#8221; overlay_alpha=&#8221;100&#8243; equal_height=&#8221;yes&#8221; gutter_size=&#8221;0&#8243; column_width_percent=&#8221;100&#8243; shift_y=&#8221;0&#8243; z_index=&#8221;0&#8243; style=&#8221;dark&#8221; row_name=&#8221;Design &amp; Quality&#8221;][vc_column column_width_percent=&#8221;100&#8243; align_horizontal=&#8221;align_center&#8221; gutter_size=&#8221;3&#8243; override_padding=&#8221;yes&#8221; column_padding=&#8221;4&#8243; style=&#8221;light&#8221; back_color=&#8221;color-lxmt&#8221; overlay_alpha=&#8221;50&#8243; shift_x=&#8221;0&#8243; shift_y=&#8221;0&#8243; shift_y_down=&#8221;0&#8243; z_index=&#8221;0&#8243; medium_width=&#8221;0&#8243; mobile_width=&#8221;0&#8243; width=&#8221;1\/1&#8243;][vc_custom_heading text_weight=&#8221;700&#8243; text_transform=&#8221;uppercase&#8221; separator_color=&#8221;yes&#8221; separator=&#8221;yes&#8221; sub_lead=&#8221;yes&#8221; sub_reduced=&#8221;yes&#8221;]Ytterligare information[\/vc_custom_heading][vc_tabs][vc_tab title=&#8221;TEKNISKA SPECIFIKATIONER&#8221; tab_id=&#8221;1551168098-1-37&#8243;][vc_column_text]<strong>Inmatnings\u00f6ppning<\/strong><br \/>\n1,400 x 1,200 mm<\/p>\n<p><strong>Inmatningsh\u00f6jd (fr\u00e5n kaj)<\/strong><br \/>\n1,200 mm<\/p>\n<p><strong>Hastighet<\/strong><br \/>\n15 \/ 17*\u00a0 x\/min<\/p>\n<p><strong>Kapacitet (wellpapp)<\/strong><br \/>\n100 m\u00b3 \/h<\/p>\n<p><strong>Motor<\/strong><br \/>\n11 \/ 15 kW*<\/p>\n<p><strong>Str\u00f6mtillf\u00f6rsel<\/strong><br \/>\n400 V, 50 Hz, 3\u00d750 A<br \/>\n400 V, 50 Hz, 3\u00d763 A*<br \/>\n<em>Tr\u00f6g s\u00e4kring<\/em>[\/vc_column_text][\/vc_tab][vc_tab title=&#8221;STANDARDUTRUSTNING&#8221; tab_id=&#8221;1551168098-2-88&#8243;][vc_column_text]<\/p>\n<div id=\"tab-1551168098-2-88\" class=\"tab-pane fade active in\">\n<div class=\"uncode_text_column\">\n<div id=\"tab-1551168098-2-88\" class=\"tab-pane fade active in\">\n<div class=\"uncode_text_column\">\n<p>Bl\u00e5 f\u00e4rg RAL5017<\/p>\n<p>Inkasttratt i standardutf\u00f6rande<\/p>\n<p>Kontroll panel<\/p>\n<p>Fyllnadsgrads \u00f6vervakning (tryck sensor)<\/p>\n<p>Bakre lyftkrok i container (<em>Station\u00e4r<\/em>)<\/p>\n<p>Lyftkrok fram och bak (<em>Mobile<\/em>)<\/p>\n<p>Containerhjul fram (roll-off) (Station\u00e4r)<\/p>\n<p>Container borta-brytare (gr\u00e4nsl\u00e4gesbrytare)<\/p>\n<p>Bomstopp (stoppvajrar &amp; presenning) (Station\u00e4r)<\/p>\n<p>Automatiskt sm\u00f6rjnings system<\/p><\/div>\n<\/div>\n<\/div>\n<\/div>\n<p>[\/vc_column_text][\/vc_tab][vc_tab title=&#8221;TILLVAL&#8221; tab_id=&#8221;1551168147535-2-2&#8243;][vc_column_text]<\/p>\n<div id=\"tab-1551168147535-2-2\" class=\"tab-pane fade active in\">\n<div class=\"uncode_text_column\">\n<div id=\"tab-1551168147535-2-2\" class=\"tab-pane fade active in\">\n<div class=\"uncode_text_column\">\n<p>Specialanpassad RAL-f\u00e4rg<\/p>\n<p>Styrskenor<\/p>\n<p>Ytterligare kontroller som t.ex. n\u00f6dstopp<\/p>\n<p>Automatiskt t\u00f6mnings medelande<\/p>\n<p>Fj\u00e4rr\u00f6vervakningssystem<\/p>\n<p>Containerhjul bak (roll-off)<\/p>\n<p>Specialanpassad trattl\u00f6sning<\/p>\n<p>\u00d6ppningsmekanism f\u00f6r t\u00f6mningslucka, tv\u00e5 steg<\/p>\n<p>Long handle-mekanism f\u00f6r \u00f6ppning av t\u00f6mningslucka<\/p>\n<p>Hydraulisk \u00f6ppningsmekanism f\u00f6r t\u00f6mningslucka<\/p>\n<p>K\u00e4rlv\u00e4ndare (integrerad \/ station\u00e4r)<\/p>\n<p>System f\u00f6r luck\u00f6ppning (hydrauliskt \/ elektroniskt)<\/p>\n<p>Nedmatare<\/p>\n<p>HD f\u00f6rst\u00e4rkning<\/p>\n<p>Dubbel skruv<\/p>\n<p>Auto start system<\/p>\n<p>Container med flytande tak 20-36m\u00b3<\/p><\/div>\n<\/div>\n<\/div>\n<\/div>\n<p>[\/vc_column_text][\/vc_tab][vc_tab title=&#8221;M\u00e5tt&#8221; tab_id=&#8221;1553697052550-3-8&#8243;][vc_column_text uncode_shortcode_id=&#8221;203714&#8243;]<\/p>\n<div id=\"tab-1553694567160-3-3\" class=\"tab-pane fade active in\">\n<div class=\"uncode_text_column\">\n<div id=\"tab-1553607013502-3-7\" class=\"tab-pane fade active in\">\n<div class=\"uncode_text_column\">\n<p><strong>H&amp;G Station\u00e4r skruvkomprimator<\/strong><br \/>\nL\u00e4ngd 1,550 mm<br \/>\nBredd 1,310 mm<br \/>\nH\u00f6jd 1,740 mm<br \/>\nVikt 2,800 &#8211; 3,200 kg<\/p>\n<p><strong>Container 20 m\u00b3<\/strong><br \/>\nL\u00e4ngd 4,790 mm<br \/>\nBredd 2,500 mm<br \/>\nH\u00f6jd 2,560 mm<br \/>\nVikt 2,300 kg<\/p>\n<p><strong>Container 24 m\u00b3<\/strong><br \/>\nL\u00e4ngd 5,530 mm<br \/>\nBredd 2,500 mm<br \/>\nH\u00f6jd 2,560 mm<br \/>\nVikt 2,430 kg<\/p>\n<\/div>\n<p><strong>Container 27 m\u00b3<\/strong><br \/>\nL\u00e4ngd 6,270 mm<br \/>\nBredd 2,500 mm<br \/>\nH\u00f6jd 2,560 mm<br \/>\nVikt 2,680 kg<\/p>\n<p><strong>Container 30 m\u00b3<\/strong><br \/>\nL\u00e4ngd 6,400 mm<br \/>\nBredd 2,500 mm<br \/>\nH\u00f6jd 2,560 mm<br \/>\nVikt 2,900 kg<\/p>\n<p><strong>Container 32 m\u00b3<\/strong><br \/>\nL\u00e4ngd 6,670 mm<br \/>\nBredd 2,500 mm<br \/>\nH\u00f6jd 2,560 mm<br \/>\nVikt 3,000 kg<\/p>\n<p><strong>Container 35 m\u00b3<\/strong><br \/>\nL\u00e4ngd 6,675 mm<br \/>\nBredd 2,500 mm<br \/>\nH\u00f6jd 3,070 mm<br \/>\nVikt 3,230 kg<\/p>\n<\/div>\n<\/div>\n<\/div>\n<p>[\/vc_column_text][\/vc_tab][\/vc_tabs][\/vc_column][\/vc_row]<\/p>\n<\/div>","protected":false},"excerpt":{"rendered":"<p>[vc_row row_height_percent=&#8221;0&#8243; override_padding=&#8221;yes&#8221; h_padding=&#8221;2&#8243; top_padding=&#8221;3&#8243; bottom_padding=&#8221;3&#8243; overlay_alpha=&#8221;50&#8243; equal_height=&#8221;yes&#8221; gutter_size=&#8221;3&#8243; column_width_percent=&#8221;100&#8243; shift_y=&#8221;0&#8243; z_index=&#8221;0&#8243; row_name=&#8221;Highlights&#8221;][vc_column column_width_percent=&#8221;100&#8243; position_horizontal=&#8221;left&#8221; position_vertical=&#8221;middle&#8221; gutter_size=&#8221;3&#8243; override_padding=&#8221;yes&#8221; column_padding=&#8221;2&#8243; overlay_alpha=&#8221;50&#8243; [&hellip;]<\/p>\n","protected":false},"author":5,"featured_media":74205,"parent":0,"menu_order":0,"comment_status":"closed","ping_status":"closed","template":"","meta":{"footnotes":""},"class_list":["post-74560","page","type-page","status-publish","has-post-thumbnail","hentry","page_category-blandavfall","page_category-forbranningsavfall","page_category-pet","page_category-plast-sv","page_category-skruvar","page_category-tra","page_category-wellpapp"],"yoast_head":"<!-- This site is optimized with the Yoast SEO Premium plugin v27.3 (Yoast SEO v27.3) - https:\/\/yoast.com\/product\/yoast-seo-premium-wordpress\/ -->\n<title>H&amp;G Skruvkomprimator mobil &amp; station\u00e4r - Europress Group<\/title>\n<meta name=\"description\" content=\"En H&amp;G skruvkomprimator \u00e4r utformad f\u00f6r att f\u00f6rst strimla avfallet och d\u00e4rmed effektivt minska avfallsvolymen innan det komprimeras in i containerdelen.\" \/>\n<meta name=\"robots\" content=\"index, follow, max-snippet:-1, max-image-preview:large, max-video-preview:-1\" \/>\n<link rel=\"canonical\" href=\"https:\/\/europressgroup.com\/sv\/skruvkomprimator\/\" \/>\n<meta property=\"og:locale\" content=\"sv_SE\" \/>\n<meta property=\"og:type\" content=\"article\" \/>\n<meta property=\"og:title\" content=\"H&amp;G Skruvkomprimator\" \/>\n<meta property=\"og:description\" content=\"Wellpapp Tr\u00e4 avfall PET flaskorExtremt h\u00e5llbart direktdrivsystem Valfri, strimlings nermatare Mobila och station\u00e4ra varianter finns tillg\u00e4ngliga20 m\u00b3 24\" \/>\n<meta property=\"og:url\" content=\"https:\/\/europressgroup.com\/sv\/skruvkomprimator\/\" \/>\n<meta property=\"og:site_name\" content=\"Europress Group\" \/>\n<meta property=\"article:publisher\" content=\"https:\/\/www.facebook.com\/europresswastehandling\" \/>\n<meta property=\"article:modified_time\" content=\"2024-11-27T09:41:14+00:00\" \/>\n<meta property=\"og:image\" content=\"https:\/\/europressgroup.com\/wp-content\/uploads\/2019\/05\/Europress-stationary-screw-compactor-1920x1280px.jpg\" \/>\n\t<meta property=\"og:image:width\" content=\"1920\" \/>\n\t<meta property=\"og:image:height\" content=\"1280\" \/>\n\t<meta property=\"og:image:type\" content=\"image\/jpeg\" \/>\n<meta name=\"twitter:card\" content=\"summary_large_image\" \/>\n<meta name=\"twitter:site\" content=\"@EPWastehandling\" \/>\n<meta name=\"twitter:label1\" content=\"Ber\u00e4knad l\u00e4stid\" \/>\n\t<meta name=\"twitter:data1\" content=\"4 minuter\" \/>\n<script type=\"application\/ld+json\" class=\"yoast-schema-graph\">{\"@context\":\"https:\\\/\\\/schema.org\",\"@graph\":[{\"@type\":\"WebPage\",\"@id\":\"https:\\\/\\\/europressgroup.com\\\/sv\\\/skruvkomprimator\\\/\",\"url\":\"https:\\\/\\\/europressgroup.com\\\/sv\\\/skruvkomprimator\\\/\",\"name\":\"H&G Skruvkomprimator mobil & station\u00e4r - Europress Group\",\"isPartOf\":{\"@id\":\"https:\\\/\\\/europressgroup.com\\\/sv\\\/#website\"},\"primaryImageOfPage\":{\"@id\":\"https:\\\/\\\/europressgroup.com\\\/sv\\\/skruvkomprimator\\\/#primaryimage\"},\"image\":{\"@id\":\"https:\\\/\\\/europressgroup.com\\\/sv\\\/skruvkomprimator\\\/#primaryimage\"},\"thumbnailUrl\":\"https:\\\/\\\/europressgroup.com\\\/wp-content\\\/uploads\\\/2019\\\/05\\\/Europress-stationary-screw-compactor-1920x1280px.jpg\",\"datePublished\":\"2019-03-28T14:32:48+00:00\",\"dateModified\":\"2024-11-27T09:41:14+00:00\",\"description\":\"En H&G skruvkomprimator \u00e4r utformad f\u00f6r att f\u00f6rst strimla avfallet och d\u00e4rmed effektivt minska avfallsvolymen innan det komprimeras in i containerdelen.\",\"breadcrumb\":{\"@id\":\"https:\\\/\\\/europressgroup.com\\\/sv\\\/skruvkomprimator\\\/#breadcrumb\"},\"inLanguage\":\"sv-SE\",\"potentialAction\":[{\"@type\":\"ReadAction\",\"target\":[\"https:\\\/\\\/europressgroup.com\\\/sv\\\/skruvkomprimator\\\/\"]}]},{\"@type\":\"ImageObject\",\"inLanguage\":\"sv-SE\",\"@id\":\"https:\\\/\\\/europressgroup.com\\\/sv\\\/skruvkomprimator\\\/#primaryimage\",\"url\":\"https:\\\/\\\/europressgroup.com\\\/wp-content\\\/uploads\\\/2019\\\/05\\\/Europress-stationary-screw-compactor-1920x1280px.jpg\",\"contentUrl\":\"https:\\\/\\\/europressgroup.com\\\/wp-content\\\/uploads\\\/2019\\\/05\\\/Europress-stationary-screw-compactor-1920x1280px.jpg\",\"width\":1920,\"height\":1280,\"caption\":\"Screw compactor shredding waste\"},{\"@type\":\"BreadcrumbList\",\"@id\":\"https:\\\/\\\/europressgroup.com\\\/sv\\\/skruvkomprimator\\\/#breadcrumb\",\"itemListElement\":[{\"@type\":\"ListItem\",\"position\":1,\"name\":\"Home\",\"item\":\"https:\\\/\\\/europressgroup.com\\\/sv\\\/\"},{\"@type\":\"ListItem\",\"position\":2,\"name\":\"H&#038;G Skruvkomprimator\"}]},{\"@type\":\"WebSite\",\"@id\":\"https:\\\/\\\/europressgroup.com\\\/sv\\\/#website\",\"url\":\"https:\\\/\\\/europressgroup.com\\\/sv\\\/\",\"name\":\"Europress Group\",\"description\":\"Northern European leader in Environmental Technology\",\"publisher\":{\"@id\":\"https:\\\/\\\/europressgroup.com\\\/sv\\\/#organization\"},\"potentialAction\":[{\"@type\":\"SearchAction\",\"target\":{\"@type\":\"EntryPoint\",\"urlTemplate\":\"https:\\\/\\\/europressgroup.com\\\/sv\\\/?s={search_term_string}\"},\"query-input\":{\"@type\":\"PropertyValueSpecification\",\"valueRequired\":true,\"valueName\":\"search_term_string\"}}],\"inLanguage\":\"sv-SE\"},{\"@type\":\"Organization\",\"@id\":\"https:\\\/\\\/europressgroup.com\\\/sv\\\/#organization\",\"name\":\"Europress Group\",\"url\":\"https:\\\/\\\/europressgroup.com\\\/sv\\\/\",\"logo\":{\"@type\":\"ImageObject\",\"inLanguage\":\"sv-SE\",\"@id\":\"https:\\\/\\\/europressgroup.com\\\/sv\\\/#\\\/schema\\\/logo\\\/image\\\/\",\"url\":\"https:\\\/\\\/europressgroup.com\\\/wp-content\\\/uploads\\\/2018\\\/12\\\/Europress-logo-1.png\",\"contentUrl\":\"https:\\\/\\\/europressgroup.com\\\/wp-content\\\/uploads\\\/2018\\\/12\\\/Europress-logo-1.png\",\"width\":478,\"height\":75,\"caption\":\"Europress Group\"},\"image\":{\"@id\":\"https:\\\/\\\/europressgroup.com\\\/sv\\\/#\\\/schema\\\/logo\\\/image\\\/\"},\"sameAs\":[\"https:\\\/\\\/www.facebook.com\\\/europresswastehandling\",\"https:\\\/\\\/x.com\\\/EPWastehandling\",\"https:\\\/\\\/www.instagram.com\\\/europressgroup\\\/\",\"https:\\\/\\\/www.linkedin.com\\\/company\\\/europress\"],\"publishingPrinciples\":\"https:\\\/\\\/europressgroup.com\\\/environment-safety-quality\\\/\",\"ownershipFundingInfo\":\"https:\\\/\\\/europressgroup.com\\\/history\\\/\",\"actionableFeedbackPolicy\":\"https:\\\/\\\/europressgroup.com\\\/customer-feedback\\\/\",\"correctionsPolicy\":\"https:\\\/\\\/europressgroup.com\\\/customer-feedback\\\/\",\"ethicsPolicy\":\"https:\\\/\\\/europressgroup.com\\\/responsibility\\\/\"}]}<\/script>\n<!-- \/ Yoast SEO Premium plugin. -->","yoast_head_json":{"title":"H&G Skruvkomprimator mobil & station\u00e4r - Europress Group","description":"En H&G skruvkomprimator \u00e4r utformad f\u00f6r att f\u00f6rst strimla avfallet och d\u00e4rmed effektivt minska avfallsvolymen innan det komprimeras in i containerdelen.","robots":{"index":"index","follow":"follow","max-snippet":"max-snippet:-1","max-image-preview":"max-image-preview:large","max-video-preview":"max-video-preview:-1"},"canonical":"https:\/\/europressgroup.com\/sv\/skruvkomprimator\/","og_locale":"sv_SE","og_type":"article","og_title":"H&G Skruvkomprimator","og_description":"Wellpapp Tr\u00e4 avfall PET flaskorExtremt h\u00e5llbart direktdrivsystem Valfri, strimlings nermatare Mobila och station\u00e4ra varianter finns tillg\u00e4ngliga20 m\u00b3 24","og_url":"https:\/\/europressgroup.com\/sv\/skruvkomprimator\/","og_site_name":"Europress Group","article_publisher":"https:\/\/www.facebook.com\/europresswastehandling","article_modified_time":"2024-11-27T09:41:14+00:00","og_image":[{"width":1920,"height":1280,"url":"https:\/\/europressgroup.com\/wp-content\/uploads\/2019\/05\/Europress-stationary-screw-compactor-1920x1280px.jpg","type":"image\/jpeg"}],"twitter_card":"summary_large_image","twitter_site":"@EPWastehandling","twitter_misc":{"Ber\u00e4knad l\u00e4stid":"4 minuter"},"schema":{"@context":"https:\/\/schema.org","@graph":[{"@type":"WebPage","@id":"https:\/\/europressgroup.com\/sv\/skruvkomprimator\/","url":"https:\/\/europressgroup.com\/sv\/skruvkomprimator\/","name":"H&G Skruvkomprimator mobil & station\u00e4r - Europress Group","isPartOf":{"@id":"https:\/\/europressgroup.com\/sv\/#website"},"primaryImageOfPage":{"@id":"https:\/\/europressgroup.com\/sv\/skruvkomprimator\/#primaryimage"},"image":{"@id":"https:\/\/europressgroup.com\/sv\/skruvkomprimator\/#primaryimage"},"thumbnailUrl":"https:\/\/europressgroup.com\/wp-content\/uploads\/2019\/05\/Europress-stationary-screw-compactor-1920x1280px.jpg","datePublished":"2019-03-28T14:32:48+00:00","dateModified":"2024-11-27T09:41:14+00:00","description":"En H&G skruvkomprimator \u00e4r utformad f\u00f6r att f\u00f6rst strimla avfallet och d\u00e4rmed effektivt minska avfallsvolymen innan det komprimeras in i containerdelen.","breadcrumb":{"@id":"https:\/\/europressgroup.com\/sv\/skruvkomprimator\/#breadcrumb"},"inLanguage":"sv-SE","potentialAction":[{"@type":"ReadAction","target":["https:\/\/europressgroup.com\/sv\/skruvkomprimator\/"]}]},{"@type":"ImageObject","inLanguage":"sv-SE","@id":"https:\/\/europressgroup.com\/sv\/skruvkomprimator\/#primaryimage","url":"https:\/\/europressgroup.com\/wp-content\/uploads\/2019\/05\/Europress-stationary-screw-compactor-1920x1280px.jpg","contentUrl":"https:\/\/europressgroup.com\/wp-content\/uploads\/2019\/05\/Europress-stationary-screw-compactor-1920x1280px.jpg","width":1920,"height":1280,"caption":"Screw compactor shredding waste"},{"@type":"BreadcrumbList","@id":"https:\/\/europressgroup.com\/sv\/skruvkomprimator\/#breadcrumb","itemListElement":[{"@type":"ListItem","position":1,"name":"Home","item":"https:\/\/europressgroup.com\/sv\/"},{"@type":"ListItem","position":2,"name":"H&#038;G Skruvkomprimator"}]},{"@type":"WebSite","@id":"https:\/\/europressgroup.com\/sv\/#website","url":"https:\/\/europressgroup.com\/sv\/","name":"Europress Group","description":"Northern European leader in Environmental Technology","publisher":{"@id":"https:\/\/europressgroup.com\/sv\/#organization"},"potentialAction":[{"@type":"SearchAction","target":{"@type":"EntryPoint","urlTemplate":"https:\/\/europressgroup.com\/sv\/?s={search_term_string}"},"query-input":{"@type":"PropertyValueSpecification","valueRequired":true,"valueName":"search_term_string"}}],"inLanguage":"sv-SE"},{"@type":"Organization","@id":"https:\/\/europressgroup.com\/sv\/#organization","name":"Europress Group","url":"https:\/\/europressgroup.com\/sv\/","logo":{"@type":"ImageObject","inLanguage":"sv-SE","@id":"https:\/\/europressgroup.com\/sv\/#\/schema\/logo\/image\/","url":"https:\/\/europressgroup.com\/wp-content\/uploads\/2018\/12\/Europress-logo-1.png","contentUrl":"https:\/\/europressgroup.com\/wp-content\/uploads\/2018\/12\/Europress-logo-1.png","width":478,"height":75,"caption":"Europress Group"},"image":{"@id":"https:\/\/europressgroup.com\/sv\/#\/schema\/logo\/image\/"},"sameAs":["https:\/\/www.facebook.com\/europresswastehandling","https:\/\/x.com\/EPWastehandling","https:\/\/www.instagram.com\/europressgroup\/","https:\/\/www.linkedin.com\/company\/europress"],"publishingPrinciples":"https:\/\/europressgroup.com\/environment-safety-quality\/","ownershipFundingInfo":"https:\/\/europressgroup.com\/history\/","actionableFeedbackPolicy":"https:\/\/europressgroup.com\/customer-feedback\/","correctionsPolicy":"https:\/\/europressgroup.com\/customer-feedback\/","ethicsPolicy":"https:\/\/europressgroup.com\/responsibility\/"}]}},"_links":{"self":[{"href":"https:\/\/europressgroup.com\/sv\/wp-json\/wp\/v2\/pages\/74560","targetHints":{"allow":["GET"]}}],"collection":[{"href":"https:\/\/europressgroup.com\/sv\/wp-json\/wp\/v2\/pages"}],"about":[{"href":"https:\/\/europressgroup.com\/sv\/wp-json\/wp\/v2\/types\/page"}],"author":[{"embeddable":true,"href":"https:\/\/europressgroup.com\/sv\/wp-json\/wp\/v2\/users\/5"}],"replies":[{"embeddable":true,"href":"https:\/\/europressgroup.com\/sv\/wp-json\/wp\/v2\/comments?post=74560"}],"version-history":[{"count":10,"href":"https:\/\/europressgroup.com\/sv\/wp-json\/wp\/v2\/pages\/74560\/revisions"}],"predecessor-version":[{"id":148525,"href":"https:\/\/europressgroup.com\/sv\/wp-json\/wp\/v2\/pages\/74560\/revisions\/148525"}],"wp:featuredmedia":[{"embeddable":true,"href":"https:\/\/europressgroup.com\/sv\/wp-json\/wp\/v2\/media\/74205"}],"wp:attachment":[{"href":"https:\/\/europressgroup.com\/sv\/wp-json\/wp\/v2\/media?parent=74560"}],"curies":[{"name":"wp","href":"https:\/\/api.w.org\/{rel}","templated":true}]}}