{"id":74555,"date":"2019-02-26T12:49:49","date_gmt":"2019-02-26T10:49:49","guid":{"rendered":"https:\/\/europressgroup.com\/waste-compactors\/"},"modified":"2022-03-20T11:45:52","modified_gmt":"2022-03-20T09:45:52","slug":"komprimatorer","status":"publish","type":"page","link":"https:\/\/europressgroup.com\/sv\/komprimatorer\/","title":{"rendered":"KOMPRIMATORER"},"content":{"rendered":"<div class=\"wpb-content-wrapper\"><p>[vc_row row_height_percent=&#8221;0&#8243; override_padding=&#8221;yes&#8221; h_padding=&#8221;2&#8243; top_padding=&#8221;3&#8243; bottom_padding=&#8221;3&#8243; back_color=&#8221;color-xsdn&#8221; overlay_alpha=&#8221;100&#8243; gutter_size=&#8221;100&#8243; column_width_percent=&#8221;100&#8243; shift_y=&#8221;0&#8243; z_index=&#8221;0&#8243; style=&#8221;dark&#8221; row_name=&#8221;Design &amp; Quality&#8221;][vc_column column_width_use_pixel=&#8221;yes&#8221; align_horizontal=&#8221;align_center&#8221; gutter_size=&#8221;3&#8243; overlay_alpha=&#8221;100&#8243; shift_x=&#8221;0&#8243; shift_y=&#8221;0&#8243; medium_width=&#8221;0&#8243; zoom_width=&#8221;0&#8243; zoom_height=&#8221;0&#8243; width=&#8221;1\/1&#8243; column_width_pixel=&#8221;800&#8243;][vc_custom_heading text_transform=&#8221;uppercase&#8221; separator=&#8221;yes&#8221; separator_color=&#8221;yes&#8221; sub_lead=&#8221;yes&#8221; sub_reduced=&#8221;yes&#8221;]ETT BRETT SORTIMENT AV AVFALLSKOMPRIMATORER[\/vc_custom_heading][vc_column_text]Europress kan erbjuda ett brett utbud av komprimatorer anpassade efter era olika avfallsbehov. Med teknik som bland annat kan skicka meddelanden n\u00e4r det \u00e4r dags f\u00f6r t\u00f6mning vilket optimerar utnyttjandet av komprimatorernas potential till det yttersta vilket g\u00f6r att ni kan spara pengar. Varje komprimator kan programmeras individuellt f\u00f6r att passa era behov i till exempel industri, butiker, k\u00f6pcentrum eller varuhus.<\/p>\n<p>Alla komprimatorerna \u00e4r mycket h\u00e5llbara och tillverkade f\u00f6r att klara en intensiv drift.[\/vc_column_text][vc_column_text]Nedan kan du l\u00e4sa mer utf\u00f6rligt om v\u00e5ra olika komprimatorer.<\/p>\n<p>Beh\u00f6ver du hj\u00e4lp att v\u00e4lja eller vill du ha extra information ang\u00e5ende v\u00e5ra produkter och vilka l\u00f6sningar som kan passa er b\u00e4st? Klicka p\u00e5 knappen &#8221;kontakta oss&#8221; f\u00f6r att komma till v\u00e5r kontakt sida.[\/vc_column_text][vc_button button_color=&#8221;accent&#8221; radius=&#8221;btn-round&#8221; border_width=&#8221;0&#8243; link=&#8221;url:https%3A%2F%2Feuropressgroup.com%2Fsv%2Fkontakta-oss%2F|||&#8221;]Kontakta oss[\/vc_button][\/vc_column][\/vc_row][vc_row][vc_column column_width_percent=&#8221;100&#8243; align_horizontal=&#8221;align_center&#8221; gutter_size=&#8221;3&#8243; overlay_alpha=&#8221;50&#8243; shift_x=&#8221;0&#8243; shift_y=&#8221;0&#8243; shift_y_down=&#8221;0&#8243; z_index=&#8221;0&#8243; medium_width=&#8221;0&#8243; mobile_width=&#8221;0&#8243; width=&#8221;1\/1&#8243;][vc_custom_heading]Komprimatorer[\/vc_custom_heading][vc_row_inner limit_content=&#8221;&#8221;][vc_column_inner column_width_percent=&#8221;100&#8243; align_horizontal=&#8221;align_center&#8221; gutter_size=&#8221;3&#8243; overlay_alpha=&#8221;50&#8243; shift_x=&#8221;0&#8243; shift_y=&#8221;0&#8243; shift_y_down=&#8221;0&#8243; z_index=&#8221;0&#8243; medium_width=&#8221;0&#8243; mobile_width=&#8221;0&#8243; width=&#8221;1\/3&#8243;][vc_custom_heading heading_semantic=&#8221;h3&#8243; text_size=&#8221;h3&#8243;]Mobila komprimatorer[\/vc_custom_heading][vc_column_text]Utrymmesbesparande och kommer i flera olika utf\u00f6randen f\u00f6r att klarar av en stor variation av avfall.<\/p>\n<p><strong>Avfallstyper<\/strong><\/p>\n<p><em>Welpapp<\/em><br \/>\n<em>Plast<\/em><br \/>\n<em>Bio\/organiskt<\/em><br \/>\n<em>Br\u00e4nnbart<\/em><br \/>\n<em>Blandavfall<\/em>[\/vc_column_text][\/vc_column_inner][vc_column_inner column_width_percent=&#8221;100&#8243; align_horizontal=&#8221;align_center&#8221; gutter_size=&#8221;3&#8243; overlay_alpha=&#8221;50&#8243; shift_x=&#8221;0&#8243; shift_y=&#8221;0&#8243; shift_y_down=&#8221;0&#8243; z_index=&#8221;0&#8243; medium_width=&#8221;0&#8243; mobile_width=&#8221;0&#8243; width=&#8221;1\/3&#8243;][vc_custom_heading heading_semantic=&#8221;h3&#8243; text_size=&#8221;h3&#8243;]Station\u00e4ra komprimatorer[\/vc_custom_heading][vc_column_text]En robust maskinkategori som kan hantera stora m\u00e4ngder avfall.<\/p>\n<p><strong>Avfallstyper<\/strong><\/p>\n<p><em>Wellpapp<\/em><br \/>\n<em>Plast<\/em><br \/>\n<em>Br\u00e4nnbart<\/em><br \/>\n<em>Blandavfall<\/em><br \/>\n<em>Tr\u00e4<\/em>[\/vc_column_text][\/vc_column_inner][vc_column_inner column_width_percent=&#8221;100&#8243; align_horizontal=&#8221;align_center&#8221; gutter_size=&#8221;3&#8243; overlay_alpha=&#8221;50&#8243; shift_x=&#8221;0&#8243; shift_y=&#8221;0&#8243; shift_y_down=&#8221;0&#8243; z_index=&#8221;0&#8243; medium_width=&#8221;0&#8243; mobile_width=&#8221;0&#8243; width=&#8221;1\/3&#8243;][vc_custom_heading heading_semantic=&#8221;h3&#8243; text_size=&#8221;h3&#8243;]Skruv komprimatorer[\/vc_custom_heading][vc_column_text]Mycket kraftfulla komprimatorer f\u00f6r tuffare typer av avfall och produktionslinjer.<\/p>\n<p><strong>Avfallstyper<\/strong><\/p>\n<p><em>Tr\u00e4<\/em><br \/>\n<em>PET<\/em><br \/>\n<em>Wellpapp<\/em>[\/vc_column_text][\/vc_column_inner][\/vc_row_inner][vc_column_text]<strong>Specialanpassade l\u00f6sningar<\/strong><\/p>\n<p>N\u00e4r du k\u00f6per en komprimator fr\u00e5n Europress ser vi till helheten av ditt behov. Vart ska komprimatorn st\u00e5, vid kaj eller inkast genom v\u00e4gg? Beh\u00f6vs det n\u00e5gon till\u00e4ggsutrustning som k\u00e4rlv\u00e4ndare, v\u00e5gsystem, truckluckor, en plattform eller staket?<\/p>\n<p>Vi ser till helheten f\u00f6r att underl\u00e4tta avfallshanteringen f\u00f6r er personal s\u00e5 de kan fokusera p\u00e5 er k\u00e4rnverksamhet.[\/vc_column_text][vc_column_text]<strong>SMART-Teknik<\/strong><\/p>\n<p>V\u00e5rt eget framtagna SMART-system underl\u00e4ttar f\u00f6r er att ta smarta aff\u00e4rsbeslut. Systemet samlar in och analysera data kring hur ni anv\u00e4nder era komprimatorer och ger er verktygen f\u00f6r att snabbt och enkelt f\u00e5 en \u00f6verblick av era anl\u00e4ggningstillg\u00e5ngar. L\u00e4s mer om SMART-tekniken <a href=\"https:\/\/europressgroup.com\/sv\/smart\/\">h\u00e4r<\/a>.[\/vc_column_text][\/vc_column][\/vc_row][vc_row unlock_row_content=&#8221;yes&#8221; row_height_percent=&#8221;0&#8243; override_padding=&#8221;yes&#8221; h_padding=&#8221;2&#8243; top_padding=&#8221;2&#8243; bottom_padding=&#8221;2&#8243; overlay_alpha=&#8221;50&#8243; gutter_size=&#8221;3&#8243; column_width_percent=&#8221;100&#8243; shift_y=&#8221;0&#8243; z_index=&#8221;0&#8243;][vc_column column_width_percent=&#8221;100&#8243; align_horizontal=&#8221;align_center&#8221; gutter_size=&#8221;3&#8243; overlay_alpha=&#8221;50&#8243; shift_x=&#8221;0&#8243; shift_y=&#8221;0&#8243; shift_y_down=&#8221;0&#8243; z_index=&#8221;0&#8243; medium_width=&#8221;0&#8243; mobile_width=&#8221;0&#8243; width=&#8221;1\/1&#8243;][vc_column_text]<strong>F\u00f6r mer information<\/strong><\/p>\n<p>I listan nedan ser du ett urval av v\u00e5ra komprimatorer. Du kan g\u00f6ra egna filtreringar f\u00f6r den avfallstyp alternativ maskintyp du \u00e4r intresserad av f\u00f6r att se vilken komprimatorer vi rekommenderar.<br \/>\nKlicka sedan p\u00e5 bilden f\u00f6r att komma till en utf\u00f6rlig beskrivning av maskinen.[\/vc_column_text][uncode_index el_id=&#8221;index-116298&#8243; loop=&#8221;size:20|order_by:title|order:ASC|post_type:page|by_id:86787,74630,74585,74560,74621,74611,74594,74576,74566,100670|taxonomy_count:10&#8243; style_preset=&#8221;metro&#8221; filtering=&#8221;yes&#8221; filter_back_color=&#8221;color-uydo&#8221; filtering_position=&#8221;center&#8221; filter_mobile=&#8221;yes&#8221; gutter_size=&#8221;3&#8243; page_items=&#8221;title,media|featured|onpost|original&#8221; screen_lg=&#8221;1000&#8243; screen_md=&#8221;600&#8243; screen_sm=&#8221;480&#8243; single_text=&#8221;overlay&#8221; single_width=&#8221;3&#8243; single_height=&#8221;3&#8243; single_shape=&#8221;round&#8221; single_overlay_opacity=&#8221;40&#8243; single_text_visible=&#8221;yes&#8221; single_h_align=&#8221;center&#8221; single_padding=&#8221;2&#8243; single_title_semantic=&#8221;h2&#8243; single_title_dimension=&#8221;h1&#8243; single_title_transform=&#8221;uppercase&#8221; single_border=&#8221;yes&#8221; items=&#8221;eyI3MzEzN19pIjp7InNpbmdsZV93aWR0aCI6IjQiLCJzaW5nbGVfaGVpZ2h0IjoiMyJ9LCI3MzIwMF9pIjp7InNpbmdsZV9oZWlnaHQiOiIzIn0sIjczMjA5X2kiOnsic2luZ2xlX2hlaWdodCI6IjMifSwiNzMyMTZfaSI6eyJzaW5nbGVfaGVpZ2h0IjoiMyJ9LCI3MzIyMF9pIjp7InNpbmdsZV9oZWlnaHQiOiIzIn19&#8243; filter_all_text=&#8221;Visa alla&#8221;][\/vc_column][\/vc_row][vc_row][vc_column width=&#8221;1\/1&#8243;][uncode_block id=&#8221;73192&#8243;][\/vc_column][\/vc_row]<\/p>\n<\/div>","protected":false},"excerpt":{"rendered":"<p>[vc_row row_height_percent=&#8221;0&#8243; override_padding=&#8221;yes&#8221; h_padding=&#8221;2&#8243; top_padding=&#8221;3&#8243; bottom_padding=&#8221;3&#8243; back_color=&#8221;color-xsdn&#8221; overlay_alpha=&#8221;100&#8243; gutter_size=&#8221;100&#8243; column_width_percent=&#8221;100&#8243; shift_y=&#8221;0&#8243; z_index=&#8221;0&#8243; style=&#8221;dark&#8221; row_name=&#8221;Design &amp; Quality&#8221;][vc_column column_width_use_pixel=&#8221;yes&#8221; align_horizontal=&#8221;align_center&#8221; gutter_size=&#8221;3&#8243; overlay_alpha=&#8221;100&#8243; [&hellip;]<\/p>\n","protected":false},"author":25,"featured_media":74556,"parent":0,"menu_order":0,"comment_status":"open","ping_status":"closed","template":"","meta":{"footnotes":""},"class_list":["post-74555","page","type-page","status-publish","has-post-thumbnail","hentry"],"yoast_head":"<!-- This site is optimized with the Yoast SEO Premium plugin v27.3 (Yoast SEO v27.3) - https:\/\/yoast.com\/product\/yoast-seo-premium-wordpress\/ -->\n<title>KOMPRIMATORER - Europress Group avfallskomprimator<\/title>\n<meta name=\"description\" content=\"Ett brett utbud av komprimatorer f\u00f6r olika typer av avfall, med v\u00e5rt egna SMART-system som uppfyller behoven f\u00f6r en effektiv avfallshantering.\" \/>\n<meta name=\"robots\" content=\"index, follow, max-snippet:-1, max-image-preview:large, max-video-preview:-1\" \/>\n<link rel=\"canonical\" href=\"https:\/\/europressgroup.com\/sv\/komprimatorer\/\" \/>\n<meta property=\"og:locale\" content=\"sv_SE\" \/>\n<meta property=\"og:type\" content=\"article\" \/>\n<meta property=\"og:title\" content=\"KOMPRIMATORER\" \/>\n<meta property=\"og:description\" content=\"ETT BRETT SORTIMENT AV AVFALLSKOMPRIMATOREREuropress kan erbjuda ett brett utbud av komprimatorer anpassade efter era olika avfallsbehov. Med teknik som\" \/>\n<meta property=\"og:url\" content=\"https:\/\/europressgroup.com\/sv\/komprimatorer\/\" \/>\n<meta property=\"og:site_name\" content=\"Europress Group\" \/>\n<meta property=\"article:publisher\" content=\"https:\/\/www.facebook.com\/europresswastehandling\" \/>\n<meta property=\"article:modified_time\" content=\"2022-03-20T09:45:52+00:00\" \/>\n<meta property=\"og:image\" content=\"https:\/\/europressgroup.com\/wp-content\/uploads\/2019\/03\/Europress-Waste-compactors-1920x1280px.jpg\" \/>\n\t<meta property=\"og:image:width\" content=\"1920\" \/>\n\t<meta property=\"og:image:height\" content=\"1280\" \/>\n\t<meta property=\"og:image:type\" content=\"image\/jpeg\" \/>\n<meta name=\"twitter:card\" content=\"summary_large_image\" \/>\n<meta name=\"twitter:site\" content=\"@EPWastehandling\" \/>\n<meta name=\"twitter:label1\" content=\"Ber\u00e4knad l\u00e4stid\" \/>\n\t<meta name=\"twitter:data1\" content=\"5 minuter\" \/>\n<script type=\"application\/ld+json\" class=\"yoast-schema-graph\">{\"@context\":\"https:\\\/\\\/schema.org\",\"@graph\":[{\"@type\":\"WebPage\",\"@id\":\"https:\\\/\\\/europressgroup.com\\\/sv\\\/komprimatorer\\\/\",\"url\":\"https:\\\/\\\/europressgroup.com\\\/sv\\\/komprimatorer\\\/\",\"name\":\"KOMPRIMATORER - Europress Group avfallskomprimator\",\"isPartOf\":{\"@id\":\"https:\\\/\\\/europressgroup.com\\\/sv\\\/#website\"},\"primaryImageOfPage\":{\"@id\":\"https:\\\/\\\/europressgroup.com\\\/sv\\\/komprimatorer\\\/#primaryimage\"},\"image\":{\"@id\":\"https:\\\/\\\/europressgroup.com\\\/sv\\\/komprimatorer\\\/#primaryimage\"},\"thumbnailUrl\":\"https:\\\/\\\/europressgroup.com\\\/wp-content\\\/uploads\\\/2019\\\/03\\\/Europress-Waste-compactors-1920x1280px.jpg\",\"datePublished\":\"2019-02-26T10:49:49+00:00\",\"dateModified\":\"2022-03-20T09:45:52+00:00\",\"description\":\"Ett brett utbud av komprimatorer f\u00f6r olika typer av avfall, med v\u00e5rt egna SMART-system som uppfyller behoven f\u00f6r en effektiv avfallshantering.\",\"breadcrumb\":{\"@id\":\"https:\\\/\\\/europressgroup.com\\\/sv\\\/komprimatorer\\\/#breadcrumb\"},\"inLanguage\":\"sv-SE\",\"potentialAction\":[{\"@type\":\"ReadAction\",\"target\":[\"https:\\\/\\\/europressgroup.com\\\/sv\\\/komprimatorer\\\/\"]}]},{\"@type\":\"ImageObject\",\"inLanguage\":\"sv-SE\",\"@id\":\"https:\\\/\\\/europressgroup.com\\\/sv\\\/komprimatorer\\\/#primaryimage\",\"url\":\"https:\\\/\\\/europressgroup.com\\\/wp-content\\\/uploads\\\/2019\\\/03\\\/Europress-Waste-compactors-1920x1280px.jpg\",\"contentUrl\":\"https:\\\/\\\/europressgroup.com\\\/wp-content\\\/uploads\\\/2019\\\/03\\\/Europress-Waste-compactors-1920x1280px.jpg\",\"width\":1920,\"height\":1280,\"caption\":\"EuroPress waste compactor\"},{\"@type\":\"BreadcrumbList\",\"@id\":\"https:\\\/\\\/europressgroup.com\\\/sv\\\/komprimatorer\\\/#breadcrumb\",\"itemListElement\":[{\"@type\":\"ListItem\",\"position\":1,\"name\":\"Home\",\"item\":\"https:\\\/\\\/europressgroup.com\\\/sv\\\/\"},{\"@type\":\"ListItem\",\"position\":2,\"name\":\"KOMPRIMATORER\"}]},{\"@type\":\"WebSite\",\"@id\":\"https:\\\/\\\/europressgroup.com\\\/sv\\\/#website\",\"url\":\"https:\\\/\\\/europressgroup.com\\\/sv\\\/\",\"name\":\"Europress Group\",\"description\":\"Northern European leader in Environmental Technology\",\"publisher\":{\"@id\":\"https:\\\/\\\/europressgroup.com\\\/sv\\\/#organization\"},\"potentialAction\":[{\"@type\":\"SearchAction\",\"target\":{\"@type\":\"EntryPoint\",\"urlTemplate\":\"https:\\\/\\\/europressgroup.com\\\/sv\\\/?s={search_term_string}\"},\"query-input\":{\"@type\":\"PropertyValueSpecification\",\"valueRequired\":true,\"valueName\":\"search_term_string\"}}],\"inLanguage\":\"sv-SE\"},{\"@type\":\"Organization\",\"@id\":\"https:\\\/\\\/europressgroup.com\\\/sv\\\/#organization\",\"name\":\"Europress Group\",\"url\":\"https:\\\/\\\/europressgroup.com\\\/sv\\\/\",\"logo\":{\"@type\":\"ImageObject\",\"inLanguage\":\"sv-SE\",\"@id\":\"https:\\\/\\\/europressgroup.com\\\/sv\\\/#\\\/schema\\\/logo\\\/image\\\/\",\"url\":\"https:\\\/\\\/europressgroup.com\\\/wp-content\\\/uploads\\\/2018\\\/12\\\/Europress-logo-1.png\",\"contentUrl\":\"https:\\\/\\\/europressgroup.com\\\/wp-content\\\/uploads\\\/2018\\\/12\\\/Europress-logo-1.png\",\"width\":478,\"height\":75,\"caption\":\"Europress Group\"},\"image\":{\"@id\":\"https:\\\/\\\/europressgroup.com\\\/sv\\\/#\\\/schema\\\/logo\\\/image\\\/\"},\"sameAs\":[\"https:\\\/\\\/www.facebook.com\\\/europresswastehandling\",\"https:\\\/\\\/x.com\\\/EPWastehandling\",\"https:\\\/\\\/www.instagram.com\\\/europressgroup\\\/\",\"https:\\\/\\\/www.linkedin.com\\\/company\\\/europress\"],\"publishingPrinciples\":\"https:\\\/\\\/europressgroup.com\\\/environment-safety-quality\\\/\",\"ownershipFundingInfo\":\"https:\\\/\\\/europressgroup.com\\\/history\\\/\",\"actionableFeedbackPolicy\":\"https:\\\/\\\/europressgroup.com\\\/customer-feedback\\\/\",\"correctionsPolicy\":\"https:\\\/\\\/europressgroup.com\\\/customer-feedback\\\/\",\"ethicsPolicy\":\"https:\\\/\\\/europressgroup.com\\\/responsibility\\\/\"}]}<\/script>\n<!-- \/ Yoast SEO Premium plugin. -->","yoast_head_json":{"title":"KOMPRIMATORER - Europress Group avfallskomprimator","description":"Ett brett utbud av komprimatorer f\u00f6r olika typer av avfall, med v\u00e5rt egna SMART-system som uppfyller behoven f\u00f6r en effektiv avfallshantering.","robots":{"index":"index","follow":"follow","max-snippet":"max-snippet:-1","max-image-preview":"max-image-preview:large","max-video-preview":"max-video-preview:-1"},"canonical":"https:\/\/europressgroup.com\/sv\/komprimatorer\/","og_locale":"sv_SE","og_type":"article","og_title":"KOMPRIMATORER","og_description":"ETT BRETT SORTIMENT AV AVFALLSKOMPRIMATOREREuropress kan erbjuda ett brett utbud av komprimatorer anpassade efter era olika avfallsbehov. Med teknik som","og_url":"https:\/\/europressgroup.com\/sv\/komprimatorer\/","og_site_name":"Europress Group","article_publisher":"https:\/\/www.facebook.com\/europresswastehandling","article_modified_time":"2022-03-20T09:45:52+00:00","og_image":[{"width":1920,"height":1280,"url":"https:\/\/europressgroup.com\/wp-content\/uploads\/2019\/03\/Europress-Waste-compactors-1920x1280px.jpg","type":"image\/jpeg"}],"twitter_card":"summary_large_image","twitter_site":"@EPWastehandling","twitter_misc":{"Ber\u00e4knad l\u00e4stid":"5 minuter"},"schema":{"@context":"https:\/\/schema.org","@graph":[{"@type":"WebPage","@id":"https:\/\/europressgroup.com\/sv\/komprimatorer\/","url":"https:\/\/europressgroup.com\/sv\/komprimatorer\/","name":"KOMPRIMATORER - Europress Group avfallskomprimator","isPartOf":{"@id":"https:\/\/europressgroup.com\/sv\/#website"},"primaryImageOfPage":{"@id":"https:\/\/europressgroup.com\/sv\/komprimatorer\/#primaryimage"},"image":{"@id":"https:\/\/europressgroup.com\/sv\/komprimatorer\/#primaryimage"},"thumbnailUrl":"https:\/\/europressgroup.com\/wp-content\/uploads\/2019\/03\/Europress-Waste-compactors-1920x1280px.jpg","datePublished":"2019-02-26T10:49:49+00:00","dateModified":"2022-03-20T09:45:52+00:00","description":"Ett brett utbud av komprimatorer f\u00f6r olika typer av avfall, med v\u00e5rt egna SMART-system som uppfyller behoven f\u00f6r en effektiv avfallshantering.","breadcrumb":{"@id":"https:\/\/europressgroup.com\/sv\/komprimatorer\/#breadcrumb"},"inLanguage":"sv-SE","potentialAction":[{"@type":"ReadAction","target":["https:\/\/europressgroup.com\/sv\/komprimatorer\/"]}]},{"@type":"ImageObject","inLanguage":"sv-SE","@id":"https:\/\/europressgroup.com\/sv\/komprimatorer\/#primaryimage","url":"https:\/\/europressgroup.com\/wp-content\/uploads\/2019\/03\/Europress-Waste-compactors-1920x1280px.jpg","contentUrl":"https:\/\/europressgroup.com\/wp-content\/uploads\/2019\/03\/Europress-Waste-compactors-1920x1280px.jpg","width":1920,"height":1280,"caption":"EuroPress waste compactor"},{"@type":"BreadcrumbList","@id":"https:\/\/europressgroup.com\/sv\/komprimatorer\/#breadcrumb","itemListElement":[{"@type":"ListItem","position":1,"name":"Home","item":"https:\/\/europressgroup.com\/sv\/"},{"@type":"ListItem","position":2,"name":"KOMPRIMATORER"}]},{"@type":"WebSite","@id":"https:\/\/europressgroup.com\/sv\/#website","url":"https:\/\/europressgroup.com\/sv\/","name":"Europress Group","description":"Northern European leader in Environmental Technology","publisher":{"@id":"https:\/\/europressgroup.com\/sv\/#organization"},"potentialAction":[{"@type":"SearchAction","target":{"@type":"EntryPoint","urlTemplate":"https:\/\/europressgroup.com\/sv\/?s={search_term_string}"},"query-input":{"@type":"PropertyValueSpecification","valueRequired":true,"valueName":"search_term_string"}}],"inLanguage":"sv-SE"},{"@type":"Organization","@id":"https:\/\/europressgroup.com\/sv\/#organization","name":"Europress Group","url":"https:\/\/europressgroup.com\/sv\/","logo":{"@type":"ImageObject","inLanguage":"sv-SE","@id":"https:\/\/europressgroup.com\/sv\/#\/schema\/logo\/image\/","url":"https:\/\/europressgroup.com\/wp-content\/uploads\/2018\/12\/Europress-logo-1.png","contentUrl":"https:\/\/europressgroup.com\/wp-content\/uploads\/2018\/12\/Europress-logo-1.png","width":478,"height":75,"caption":"Europress Group"},"image":{"@id":"https:\/\/europressgroup.com\/sv\/#\/schema\/logo\/image\/"},"sameAs":["https:\/\/www.facebook.com\/europresswastehandling","https:\/\/x.com\/EPWastehandling","https:\/\/www.instagram.com\/europressgroup\/","https:\/\/www.linkedin.com\/company\/europress"],"publishingPrinciples":"https:\/\/europressgroup.com\/environment-safety-quality\/","ownershipFundingInfo":"https:\/\/europressgroup.com\/history\/","actionableFeedbackPolicy":"https:\/\/europressgroup.com\/customer-feedback\/","correctionsPolicy":"https:\/\/europressgroup.com\/customer-feedback\/","ethicsPolicy":"https:\/\/europressgroup.com\/responsibility\/"}]}},"_links":{"self":[{"href":"https:\/\/europressgroup.com\/sv\/wp-json\/wp\/v2\/pages\/74555","targetHints":{"allow":["GET"]}}],"collection":[{"href":"https:\/\/europressgroup.com\/sv\/wp-json\/wp\/v2\/pages"}],"about":[{"href":"https:\/\/europressgroup.com\/sv\/wp-json\/wp\/v2\/types\/page"}],"author":[{"embeddable":true,"href":"https:\/\/europressgroup.com\/sv\/wp-json\/wp\/v2\/users\/25"}],"replies":[{"embeddable":true,"href":"https:\/\/europressgroup.com\/sv\/wp-json\/wp\/v2\/comments?post=74555"}],"version-history":[{"count":7,"href":"https:\/\/europressgroup.com\/sv\/wp-json\/wp\/v2\/pages\/74555\/revisions"}],"predecessor-version":[{"id":140859,"href":"https:\/\/europressgroup.com\/sv\/wp-json\/wp\/v2\/pages\/74555\/revisions\/140859"}],"wp:featuredmedia":[{"embeddable":true,"href":"https:\/\/europressgroup.com\/sv\/wp-json\/wp\/v2\/media\/74556"}],"wp:attachment":[{"href":"https:\/\/europressgroup.com\/sv\/wp-json\/wp\/v2\/media?parent=74555"}],"curies":[{"name":"wp","href":"https:\/\/api.w.org\/{rel}","templated":true}]}}