{"id":74530,"date":"2019-02-17T21:33:10","date_gmt":"2019-02-17T19:33:10","guid":{"rendered":"https:\/\/europressgroup.com\/our-solutions\/"},"modified":"2020-08-27T10:38:37","modified_gmt":"2020-08-27T07:38:37","slug":"losningar","status":"publish","type":"page","link":"https:\/\/europressgroup.com\/sv\/losningar\/","title":{"rendered":"V\u00c5RA PRODUKTER"},"content":{"rendered":"<div class=\"wpb-content-wrapper\"><p>[vc_row row_height_percent=&#8221;0&#8243; override_padding=&#8221;yes&#8221; h_padding=&#8221;2&#8243; top_padding=&#8221;3&#8243; bottom_padding=&#8221;3&#8243; back_color=&#8221;color-xsdn&#8221; overlay_alpha=&#8221;100&#8243; gutter_size=&#8221;100&#8243; column_width_percent=&#8221;100&#8243; shift_y=&#8221;0&#8243; z_index=&#8221;0&#8243; style=&#8221;dark&#8221; row_name=&#8221;Design &amp; Quality&#8221;][vc_column column_width_use_pixel=&#8221;yes&#8221; align_horizontal=&#8221;align_center&#8221; gutter_size=&#8221;3&#8243; overlay_alpha=&#8221;100&#8243; shift_x=&#8221;0&#8243; shift_y=&#8221;0&#8243; medium_width=&#8221;0&#8243; zoom_width=&#8221;0&#8243; zoom_height=&#8221;0&#8243; width=&#8221;1\/1&#8243; column_width_pixel=&#8221;800&#8243;][vc_custom_heading text_transform=&#8221;uppercase&#8221; separator=&#8221;yes&#8221; separator_color=&#8221;yes&#8221; sub_lead=&#8221;yes&#8221; sub_reduced=&#8221;yes&#8221;]SMARTA L\u00d6SNINGAR F\u00d6R EN H\u00c5LLBAR FRAMTID[\/vc_custom_heading][vc_column_text]Europress kan erbjuda ett stort utbud av b\u00e5de komprimatorer och balpressar samt \u00e4ven IoT-l\u00f6sningar med digitala tj\u00e4nster f\u00f6r din avfallshantering. Vi har \u00f6ver 40 \u00e5rs erfarenhet i branschen och genom \u00e5ren har vi gjort betydande satsningar p\u00e5 forskning &amp; utveckling. Vi har inf\u00f6rskaffat kunskap om konstruktionsmetoder och hur man tar fram h\u00e5llbara l\u00f6sningar. Vi har egen fabrik d\u00e4r vi tillverkar v\u00e5ra produkter. Allt har tagits fram och tillverkas p\u00e5 ett systematiskt s\u00e4tt som s\u00e4kerst\u00e4ller s\u00e4kerhet, kvalitet, milj\u00f6m\u00e4ssig h\u00e4nsyn. Som ett extra plus har vi \u00e4ven en utm\u00e4rkt kundservice och support f\u00f6r att p\u00e5 b\u00e4sta s\u00e4tt hj\u00e4lpa v\u00e5ra kunder.<\/p>\n<p>V\u00e5rt nya uppdaterade SMART-system \u00e4r en extra fj\u00e4der i hatten som vi i har tagit fram i syfte att effektivisera avfallshanteringen ytterligare ett steg fram\u00e5t.[\/vc_column_text][\/vc_column][\/vc_row][vc_row unlock_row_content=&#8221;yes&#8221; row_height_percent=&#8221;0&#8243; override_padding=&#8221;yes&#8221; h_padding=&#8221;4&#8243; top_padding=&#8221;0&#8243; bottom_padding=&#8221;3&#8243; back_color=&#8221;color-xsdn&#8221; overlay_alpha=&#8221;50&#8243; gutter_size=&#8221;3&#8243; column_width_percent=&#8221;100&#8243; shift_y=&#8221;0&#8243; z_index=&#8221;0&#8243;][vc_column column_width_percent=&#8221;100&#8243; align_horizontal=&#8221;align_center&#8221; gutter_size=&#8221;3&#8243; overlay_alpha=&#8221;50&#8243; shift_x=&#8221;0&#8243; shift_y=&#8221;0&#8243; shift_y_down=&#8221;0&#8243; z_index=&#8221;0&#8243; medium_width=&#8221;0&#8243; mobile_width=&#8221;0&#8243; width=&#8221;1\/1&#8243;][vc_gallery el_id=&#8221;gallery-437267&#8243; medias=&#8221;73628,73630,73635,73631&#8243; gutter_size=&#8221;1&#8243; media_items=&#8221;media|custom_link|original,icon,title&#8221; screen_lg=&#8221;1000&#8243; screen_md=&#8221;600&#8243; screen_sm=&#8221;480&#8243; single_width=&#8221;3&#8243; images_size=&#8221;three-two&#8221; single_overlay_opacity=&#8221;50&#8243; single_text_visible=&#8221;yes&#8221; single_h_align=&#8221;center&#8221; single_padding=&#8221;1&#8243; single_title_dimension=&#8221;h1&#8243; single_title_transform=&#8221;uppercase&#8221; single_border=&#8221;yes&#8221; items=&#8221;eyI3MzA3M19pIjp7InNpbmdsZV9saW5rIjoidXJsOmh0dHAlM0ElMkYlMkZ3d3cuZXVyb3ByZXNzcG9sYW5kLnBsJTJGcHJhc3ktYmFsZXglMkZ8dGl0bGU6QmFsZXglMjBCYWxlcnN8fCJ9LCI3MzA3NF9pIjp7InNpbmdsZV9saW5rIjoidXJsOmh0dHAlM0ElMkYlMkZ3d3cuZXVyb3ByZXNzcG9sYW5kLnBsJTJGa29tcGFrdG9yeS1kby1vZHBhZG93JTJGfHRpdGxlOldhc3RlJTIwQ29tcGFjdG9yc3x8In0sIjczMDg4X2kiOnsic2luZ2xlX2xpbmsiOiJ1cmw6aHR0cCUzQSUyRiUyRnd3dy5ldXJvcHJlc3Nwb2xhbmQucGwlMkZzZXJ3aXMlMkZ8dGl0bGU6TWFpbnRlbmFuY2UlMjBTZXJ2aWNlfHwifSwiNzM2MzBfaSI6eyJzaW5nbGVfbGluayI6InVybDpodHRwcyUzQSUyRiUyRmV1cm9wcmVzc2dyb3VwLmNvbSUyRnN2JTJGa29tcHJpbWF0b3JlciUyRnx0aXRsZTpLT01QUklNQVRPUkVSfHwifSwiNzM2MzFfaSI6eyJzaW5nbGVfbGluayI6InVybDpodHRwcyUzQSUyRiUyRmV1cm9wcmVzc2dyb3VwLmNvbSUyRnN2JTJGc2VydmljZSUyRnx0aXRsZTpTRVJWSUNFfHwifSwiNzM2MzVfaSI6eyJzaW5nbGVfbGluayI6InVybDpodHRwcyUzQSUyRiUyRmV1cm9wcmVzc2dyb3VwLmNvbSUyRnN2JTJGc21hcnQlMkZ8dGl0bGU6RVVST1BSRVNTJTIwU01BUlR8fCJ9LCI3MzYyOF9pIjp7InNpbmdsZV9saW5rIjoidXJsOmh0dHBzJTNBJTJGJTJGZXVyb3ByZXNzZ3JvdXAuY29tJTJGc3YlMkZiYWxwcmVzc2FyJTJGfHRpdGxlOkJBTEVYJTIwQkFMUFJFU1NBUnx8In19&#8243; single_link=&#8221;|||&#8221;][\/vc_column][\/vc_row][vc_row][vc_column width=&#8221;1\/1&#8243;][uncode_block id=&#8221;73192&#8243;][\/vc_column][\/vc_row]<\/p>\n<\/div>","protected":false},"excerpt":{"rendered":"<p>[vc_row row_height_percent=&#8221;0&#8243; override_padding=&#8221;yes&#8221; h_padding=&#8221;2&#8243; top_padding=&#8221;3&#8243; bottom_padding=&#8221;3&#8243; back_color=&#8221;color-xsdn&#8221; overlay_alpha=&#8221;100&#8243; gutter_size=&#8221;100&#8243; column_width_percent=&#8221;100&#8243; shift_y=&#8221;0&#8243; z_index=&#8221;0&#8243; style=&#8221;dark&#8221; row_name=&#8221;Design &amp; Quality&#8221;][vc_column column_width_use_pixel=&#8221;yes&#8221; align_horizontal=&#8221;align_center&#8221; gutter_size=&#8221;3&#8243; overlay_alpha=&#8221;100&#8243; [&hellip;]<\/p>\n","protected":false},"author":25,"featured_media":74392,"parent":0,"menu_order":0,"comment_status":"open","ping_status":"closed","template":"","meta":{"footnotes":""},"class_list":["post-74530","page","type-page","status-publish","has-post-thumbnail","hentry"],"yoast_head":"<!-- This site is optimized with the Yoast SEO Premium plugin v27.3 (Yoast SEO v27.3) - https:\/\/yoast.com\/product\/yoast-seo-premium-wordpress\/ -->\n<title>V\u00c5RA PRODUKTER - Europress Group<\/title>\n<meta name=\"description\" content=\"Balpressar, komprimatorer och skruvar kombinerat med IoT-l\u00f6sningar och digitala tj\u00e4nster f\u00f6r avfallshantering med b\u00e5de p\u00e5 plats och telefonsupport.\" \/>\n<meta name=\"robots\" content=\"index, follow, max-snippet:-1, max-image-preview:large, max-video-preview:-1\" \/>\n<link rel=\"canonical\" href=\"https:\/\/europressgroup.com\/sv\/losningar\/\" \/>\n<meta property=\"og:locale\" content=\"sv_SE\" \/>\n<meta property=\"og:type\" content=\"article\" \/>\n<meta property=\"og:title\" content=\"V\u00c5RA PRODUKTER\" \/>\n<meta property=\"og:description\" content=\"SMARTA L\u00d6SNINGAR F\u00d6R EN H\u00c5LLBAR FRAMTIDEuropress kan erbjuda ett stort utbud av b\u00e5de komprimatorer och balpressar samt \u00e4ven IoT-l\u00f6sningar med digitala\" \/>\n<meta property=\"og:url\" content=\"https:\/\/europressgroup.com\/sv\/losningar\/\" \/>\n<meta property=\"og:site_name\" content=\"Europress Group\" \/>\n<meta property=\"article:publisher\" content=\"https:\/\/www.facebook.com\/europresswastehandling\" \/>\n<meta property=\"article:modified_time\" content=\"2020-08-27T07:38:37+00:00\" \/>\n<meta property=\"og:image\" content=\"https:\/\/europressgroup.com\/wp-content\/uploads\/2015\/09\/Europress_slider.jpg\" \/>\n\t<meta property=\"og:image:width\" content=\"1469\" \/>\n\t<meta property=\"og:image:height\" content=\"979\" \/>\n\t<meta property=\"og:image:type\" content=\"image\/jpeg\" \/>\n<meta name=\"twitter:card\" content=\"summary_large_image\" \/>\n<meta name=\"twitter:site\" content=\"@EPWastehandling\" \/>\n<meta name=\"twitter:label1\" content=\"Ber\u00e4knad l\u00e4stid\" \/>\n\t<meta name=\"twitter:data1\" content=\"2 minuter\" \/>\n<script type=\"application\/ld+json\" class=\"yoast-schema-graph\">{\"@context\":\"https:\\\/\\\/schema.org\",\"@graph\":[{\"@type\":\"WebPage\",\"@id\":\"https:\\\/\\\/europressgroup.com\\\/sv\\\/losningar\\\/\",\"url\":\"https:\\\/\\\/europressgroup.com\\\/sv\\\/losningar\\\/\",\"name\":\"V\u00c5RA PRODUKTER - Europress Group\",\"isPartOf\":{\"@id\":\"https:\\\/\\\/europressgroup.com\\\/sv\\\/#website\"},\"primaryImageOfPage\":{\"@id\":\"https:\\\/\\\/europressgroup.com\\\/sv\\\/losningar\\\/#primaryimage\"},\"image\":{\"@id\":\"https:\\\/\\\/europressgroup.com\\\/sv\\\/losningar\\\/#primaryimage\"},\"thumbnailUrl\":\"https:\\\/\\\/europressgroup.com\\\/wp-content\\\/uploads\\\/2015\\\/09\\\/Europress_slider.jpg\",\"datePublished\":\"2019-02-17T19:33:10+00:00\",\"dateModified\":\"2020-08-27T07:38:37+00:00\",\"description\":\"Balpressar, komprimatorer och skruvar kombinerat med IoT-l\u00f6sningar och digitala tj\u00e4nster f\u00f6r avfallshantering med b\u00e5de p\u00e5 plats och telefonsupport.\",\"breadcrumb\":{\"@id\":\"https:\\\/\\\/europressgroup.com\\\/sv\\\/losningar\\\/#breadcrumb\"},\"inLanguage\":\"sv-SE\",\"potentialAction\":[{\"@type\":\"ReadAction\",\"target\":[\"https:\\\/\\\/europressgroup.com\\\/sv\\\/losningar\\\/\"]}]},{\"@type\":\"ImageObject\",\"inLanguage\":\"sv-SE\",\"@id\":\"https:\\\/\\\/europressgroup.com\\\/sv\\\/losningar\\\/#primaryimage\",\"url\":\"https:\\\/\\\/europressgroup.com\\\/wp-content\\\/uploads\\\/2015\\\/09\\\/Europress_slider.jpg\",\"contentUrl\":\"https:\\\/\\\/europressgroup.com\\\/wp-content\\\/uploads\\\/2015\\\/09\\\/Europress_slider.jpg\",\"width\":1469,\"height\":979},{\"@type\":\"BreadcrumbList\",\"@id\":\"https:\\\/\\\/europressgroup.com\\\/sv\\\/losningar\\\/#breadcrumb\",\"itemListElement\":[{\"@type\":\"ListItem\",\"position\":1,\"name\":\"Home\",\"item\":\"https:\\\/\\\/europressgroup.com\\\/sv\\\/\"},{\"@type\":\"ListItem\",\"position\":2,\"name\":\"V\u00c5RA PRODUKTER\"}]},{\"@type\":\"WebSite\",\"@id\":\"https:\\\/\\\/europressgroup.com\\\/sv\\\/#website\",\"url\":\"https:\\\/\\\/europressgroup.com\\\/sv\\\/\",\"name\":\"Europress Group\",\"description\":\"Northern European leader in Environmental Technology\",\"publisher\":{\"@id\":\"https:\\\/\\\/europressgroup.com\\\/sv\\\/#organization\"},\"potentialAction\":[{\"@type\":\"SearchAction\",\"target\":{\"@type\":\"EntryPoint\",\"urlTemplate\":\"https:\\\/\\\/europressgroup.com\\\/sv\\\/?s={search_term_string}\"},\"query-input\":{\"@type\":\"PropertyValueSpecification\",\"valueRequired\":true,\"valueName\":\"search_term_string\"}}],\"inLanguage\":\"sv-SE\"},{\"@type\":\"Organization\",\"@id\":\"https:\\\/\\\/europressgroup.com\\\/sv\\\/#organization\",\"name\":\"Europress Group\",\"url\":\"https:\\\/\\\/europressgroup.com\\\/sv\\\/\",\"logo\":{\"@type\":\"ImageObject\",\"inLanguage\":\"sv-SE\",\"@id\":\"https:\\\/\\\/europressgroup.com\\\/sv\\\/#\\\/schema\\\/logo\\\/image\\\/\",\"url\":\"https:\\\/\\\/europressgroup.com\\\/wp-content\\\/uploads\\\/2018\\\/12\\\/Europress-logo-1.png\",\"contentUrl\":\"https:\\\/\\\/europressgroup.com\\\/wp-content\\\/uploads\\\/2018\\\/12\\\/Europress-logo-1.png\",\"width\":478,\"height\":75,\"caption\":\"Europress Group\"},\"image\":{\"@id\":\"https:\\\/\\\/europressgroup.com\\\/sv\\\/#\\\/schema\\\/logo\\\/image\\\/\"},\"sameAs\":[\"https:\\\/\\\/www.facebook.com\\\/europresswastehandling\",\"https:\\\/\\\/x.com\\\/EPWastehandling\",\"https:\\\/\\\/www.instagram.com\\\/europressgroup\\\/\",\"https:\\\/\\\/www.linkedin.com\\\/company\\\/europress\"],\"publishingPrinciples\":\"https:\\\/\\\/europressgroup.com\\\/environment-safety-quality\\\/\",\"ownershipFundingInfo\":\"https:\\\/\\\/europressgroup.com\\\/history\\\/\",\"actionableFeedbackPolicy\":\"https:\\\/\\\/europressgroup.com\\\/customer-feedback\\\/\",\"correctionsPolicy\":\"https:\\\/\\\/europressgroup.com\\\/customer-feedback\\\/\",\"ethicsPolicy\":\"https:\\\/\\\/europressgroup.com\\\/responsibility\\\/\"}]}<\/script>\n<!-- \/ Yoast SEO Premium plugin. -->","yoast_head_json":{"title":"V\u00c5RA PRODUKTER - Europress Group","description":"Balpressar, komprimatorer och skruvar kombinerat med IoT-l\u00f6sningar och digitala tj\u00e4nster f\u00f6r avfallshantering med b\u00e5de p\u00e5 plats och telefonsupport.","robots":{"index":"index","follow":"follow","max-snippet":"max-snippet:-1","max-image-preview":"max-image-preview:large","max-video-preview":"max-video-preview:-1"},"canonical":"https:\/\/europressgroup.com\/sv\/losningar\/","og_locale":"sv_SE","og_type":"article","og_title":"V\u00c5RA PRODUKTER","og_description":"SMARTA L\u00d6SNINGAR F\u00d6R EN H\u00c5LLBAR FRAMTIDEuropress kan erbjuda ett stort utbud av b\u00e5de komprimatorer och balpressar samt \u00e4ven IoT-l\u00f6sningar med digitala","og_url":"https:\/\/europressgroup.com\/sv\/losningar\/","og_site_name":"Europress Group","article_publisher":"https:\/\/www.facebook.com\/europresswastehandling","article_modified_time":"2020-08-27T07:38:37+00:00","og_image":[{"width":1469,"height":979,"url":"https:\/\/europressgroup.com\/wp-content\/uploads\/2015\/09\/Europress_slider.jpg","type":"image\/jpeg"}],"twitter_card":"summary_large_image","twitter_site":"@EPWastehandling","twitter_misc":{"Ber\u00e4knad l\u00e4stid":"2 minuter"},"schema":{"@context":"https:\/\/schema.org","@graph":[{"@type":"WebPage","@id":"https:\/\/europressgroup.com\/sv\/losningar\/","url":"https:\/\/europressgroup.com\/sv\/losningar\/","name":"V\u00c5RA PRODUKTER - Europress Group","isPartOf":{"@id":"https:\/\/europressgroup.com\/sv\/#website"},"primaryImageOfPage":{"@id":"https:\/\/europressgroup.com\/sv\/losningar\/#primaryimage"},"image":{"@id":"https:\/\/europressgroup.com\/sv\/losningar\/#primaryimage"},"thumbnailUrl":"https:\/\/europressgroup.com\/wp-content\/uploads\/2015\/09\/Europress_slider.jpg","datePublished":"2019-02-17T19:33:10+00:00","dateModified":"2020-08-27T07:38:37+00:00","description":"Balpressar, komprimatorer och skruvar kombinerat med IoT-l\u00f6sningar och digitala tj\u00e4nster f\u00f6r avfallshantering med b\u00e5de p\u00e5 plats och telefonsupport.","breadcrumb":{"@id":"https:\/\/europressgroup.com\/sv\/losningar\/#breadcrumb"},"inLanguage":"sv-SE","potentialAction":[{"@type":"ReadAction","target":["https:\/\/europressgroup.com\/sv\/losningar\/"]}]},{"@type":"ImageObject","inLanguage":"sv-SE","@id":"https:\/\/europressgroup.com\/sv\/losningar\/#primaryimage","url":"https:\/\/europressgroup.com\/wp-content\/uploads\/2015\/09\/Europress_slider.jpg","contentUrl":"https:\/\/europressgroup.com\/wp-content\/uploads\/2015\/09\/Europress_slider.jpg","width":1469,"height":979},{"@type":"BreadcrumbList","@id":"https:\/\/europressgroup.com\/sv\/losningar\/#breadcrumb","itemListElement":[{"@type":"ListItem","position":1,"name":"Home","item":"https:\/\/europressgroup.com\/sv\/"},{"@type":"ListItem","position":2,"name":"V\u00c5RA PRODUKTER"}]},{"@type":"WebSite","@id":"https:\/\/europressgroup.com\/sv\/#website","url":"https:\/\/europressgroup.com\/sv\/","name":"Europress Group","description":"Northern European leader in Environmental Technology","publisher":{"@id":"https:\/\/europressgroup.com\/sv\/#organization"},"potentialAction":[{"@type":"SearchAction","target":{"@type":"EntryPoint","urlTemplate":"https:\/\/europressgroup.com\/sv\/?s={search_term_string}"},"query-input":{"@type":"PropertyValueSpecification","valueRequired":true,"valueName":"search_term_string"}}],"inLanguage":"sv-SE"},{"@type":"Organization","@id":"https:\/\/europressgroup.com\/sv\/#organization","name":"Europress Group","url":"https:\/\/europressgroup.com\/sv\/","logo":{"@type":"ImageObject","inLanguage":"sv-SE","@id":"https:\/\/europressgroup.com\/sv\/#\/schema\/logo\/image\/","url":"https:\/\/europressgroup.com\/wp-content\/uploads\/2018\/12\/Europress-logo-1.png","contentUrl":"https:\/\/europressgroup.com\/wp-content\/uploads\/2018\/12\/Europress-logo-1.png","width":478,"height":75,"caption":"Europress Group"},"image":{"@id":"https:\/\/europressgroup.com\/sv\/#\/schema\/logo\/image\/"},"sameAs":["https:\/\/www.facebook.com\/europresswastehandling","https:\/\/x.com\/EPWastehandling","https:\/\/www.instagram.com\/europressgroup\/","https:\/\/www.linkedin.com\/company\/europress"],"publishingPrinciples":"https:\/\/europressgroup.com\/environment-safety-quality\/","ownershipFundingInfo":"https:\/\/europressgroup.com\/history\/","actionableFeedbackPolicy":"https:\/\/europressgroup.com\/customer-feedback\/","correctionsPolicy":"https:\/\/europressgroup.com\/customer-feedback\/","ethicsPolicy":"https:\/\/europressgroup.com\/responsibility\/"}]}},"_links":{"self":[{"href":"https:\/\/europressgroup.com\/sv\/wp-json\/wp\/v2\/pages\/74530","targetHints":{"allow":["GET"]}}],"collection":[{"href":"https:\/\/europressgroup.com\/sv\/wp-json\/wp\/v2\/pages"}],"about":[{"href":"https:\/\/europressgroup.com\/sv\/wp-json\/wp\/v2\/types\/page"}],"author":[{"embeddable":true,"href":"https:\/\/europressgroup.com\/sv\/wp-json\/wp\/v2\/users\/25"}],"replies":[{"embeddable":true,"href":"https:\/\/europressgroup.com\/sv\/wp-json\/wp\/v2\/comments?post=74530"}],"version-history":[{"count":5,"href":"https:\/\/europressgroup.com\/sv\/wp-json\/wp\/v2\/pages\/74530\/revisions"}],"predecessor-version":[{"id":91642,"href":"https:\/\/europressgroup.com\/sv\/wp-json\/wp\/v2\/pages\/74530\/revisions\/91642"}],"wp:featuredmedia":[{"embeddable":true,"href":"https:\/\/europressgroup.com\/sv\/wp-json\/wp\/v2\/media\/74392"}],"wp:attachment":[{"href":"https:\/\/europressgroup.com\/sv\/wp-json\/wp\/v2\/media?parent=74530"}],"curies":[{"name":"wp","href":"https:\/\/api.w.org\/{rel}","templated":true}]}}