{"id":74442,"date":"2019-02-26T14:04:35","date_gmt":"2019-02-26T12:04:35","guid":{"rendered":"https:\/\/europressgroup.com\/company\/"},"modified":"2025-06-11T09:46:48","modified_gmt":"2025-06-11T06:46:48","slug":"foretaget","status":"publish","type":"page","link":"https:\/\/europressgroup.com\/sv\/foretaget\/","title":{"rendered":"F\u00d6RETAGET"},"content":{"rendered":"<div class=\"wpb-content-wrapper\"><p>[vc_row row_height_percent=&#8221;0&#8243; override_padding=&#8221;yes&#8221; h_padding=&#8221;2&#8243; top_padding=&#8221;3&#8243; bottom_padding=&#8221;3&#8243; back_color=&#8221;color-xsdn&#8221; overlay_alpha=&#8221;100&#8243; gutter_size=&#8221;100&#8243; column_width_percent=&#8221;100&#8243; shift_y=&#8221;0&#8243; z_index=&#8221;0&#8243; style=&#8221;dark&#8221; row_name=&#8221;Design &amp; Quality&#8221;][vc_column column_width_use_pixel=&#8221;yes&#8221; align_horizontal=&#8221;align_center&#8221; gutter_size=&#8221;3&#8243; overlay_alpha=&#8221;100&#8243; shift_x=&#8221;0&#8243; shift_y=&#8221;0&#8243; medium_width=&#8221;0&#8243; zoom_width=&#8221;0&#8243; zoom_height=&#8221;0&#8243; width=&#8221;1\/1&#8243; column_width_pixel=&#8221;800&#8243;][vc_custom_heading text_transform=&#8221;uppercase&#8221; separator_color=&#8221;yes&#8221; separator=&#8221;yes&#8221; sub_lead=&#8221;yes&#8221; sub_reduced=&#8221;yes&#8221;]NORDEUROPAS LEDANDE TILLVERKARE AV AVFALLSKOMPRIMATORER OCH BALPRESSAR[\/vc_custom_heading][vc_column_text]Europress grundades p\u00e5 1970-talet och \u00e4r idag Nordeuropas ledande tillverkare av avfallskomprimatorer och balpressar. Efter mer \u00e4n 40 \u00e5r i branschen er\u00f6vrar Europress fortfarande nya l\u00e4nder med sina moderna produkter och h\u00f6gklassiga tj\u00e4nster. Under \u00e5rens lopp har Europress samlat till sig en grupp fackm\u00e4n och experter som tillsammans har skapat helt nya produkter, innovativa l\u00f6sningar och en helt\u00e4ckande servicepalett. Vi skapar nytt och visar v\u00e4gen f\u00f6r andra akt\u00f6rer i branschen.[\/vc_column_text][\/vc_column][\/vc_row][vc_row unlock_row_content=&#8221;yes&#8221; row_height_percent=&#8221;60&#8243; override_padding=&#8221;yes&#8221; h_padding=&#8221;0&#8243; top_padding=&#8221;0&#8243; bottom_padding=&#8221;0&#8243; back_color=&#8221;color-xsdn&#8221; overlay_alpha=&#8221;50&#8243; equal_height=&#8221;yes&#8221; gutter_size=&#8221;0&#8243; column_width_percent=&#8221;100&#8243; shift_y=&#8221;0&#8243; z_index=&#8221;0&#8243;][vc_column column_width_percent=&#8221;100&#8243; gutter_size=&#8221;3&#8243; back_image=&#8221;73320&#8243; overlay_alpha=&#8221;50&#8243; shift_x=&#8221;0&#8243; shift_y=&#8221;0&#8243; shift_y_down=&#8221;0&#8243; z_index=&#8221;0&#8243; medium_width=&#8221;0&#8243; mobile_width=&#8221;0&#8243; width=&#8221;1\/2&#8243;][\/vc_column][vc_column column_width_percent=&#8221;100&#8243; position_vertical=&#8221;middle&#8221; gutter_size=&#8221;3&#8243; override_padding=&#8221;yes&#8221; column_padding=&#8221;4&#8243; back_color=&#8221;color-xsdn&#8221; overlay_alpha=&#8221;50&#8243; shift_x=&#8221;0&#8243; shift_y=&#8221;0&#8243; shift_y_down=&#8221;0&#8243; z_index=&#8221;0&#8243; medium_width=&#8221;0&#8243; mobile_width=&#8221;0&#8243; width=&#8221;1\/2&#8243;][vc_custom_heading heading_semantic=&#8221;h3&#8243; text_size=&#8221;h3&#8243; text_transform=&#8221;uppercase&#8221; separator_color=&#8221;yes&#8221; separator=&#8221;yes&#8221;]SMART CLEANTECH F\u00d6R EN H\u00c5LLBAR FRAMTID[\/vc_custom_heading][vc_column_text]En v\u00e4lm\u00e5ende milj\u00f6, en stabil ekonomi och tillf\u00f6rlitlighet \u00e4r v\u00e5ra styrkor. Med hj\u00e4lp av dessa styrkor garanterar vi den kontinuitet som v\u00e5ra kunder beh\u00f6ver f\u00f6r en fungerande avfallshantering och f\u00f6r att uppn\u00e5 h\u00f6gre \u00e5tervinningsm\u00e5l. Europress vill vara en ansvarsfull pionj\u00e4r inom utveckling av intelligent \u00e5tervinningsteknik. Denna str\u00e4van representeras av Europress SMART-sortimentet av komprimatorer och balpressar.[\/vc_column_text][\/vc_column][\/vc_row][vc_row unlock_row_content=&#8221;yes&#8221; row_height_percent=&#8221;60&#8243; override_padding=&#8221;yes&#8221; h_padding=&#8221;0&#8243; top_padding=&#8221;0&#8243; bottom_padding=&#8221;0&#8243; back_color=&#8221;color-xsdn&#8221; overlay_alpha=&#8221;50&#8243; equal_height=&#8221;yes&#8221; gutter_size=&#8221;0&#8243; column_width_percent=&#8221;100&#8243; shift_y=&#8221;0&#8243; z_index=&#8221;0&#8243;][vc_column column_width_percent=&#8221;100&#8243; position_vertical=&#8221;middle&#8221; gutter_size=&#8221;3&#8243; override_padding=&#8221;yes&#8221; column_padding=&#8221;4&#8243; back_color=&#8221;color-xsdn&#8221; overlay_alpha=&#8221;50&#8243; shift_x=&#8221;0&#8243; shift_y=&#8221;0&#8243; shift_y_down=&#8221;0&#8243; z_index=&#8221;0&#8243; medium_width=&#8221;0&#8243; mobile_width=&#8221;0&#8243; width=&#8221;1\/2&#8243;][vc_custom_heading heading_semantic=&#8221;h3&#8243; text_size=&#8221;h3&#8243; text_transform=&#8221;uppercase&#8221; separator_color=&#8221;yes&#8221; separator=&#8221;yes&#8221;]KONCERNEN[\/vc_custom_heading][vc_column_text uncode_shortcode_id=&#8221;322376&#8243;]Moderbolaget Europress Group Oy \u00e4r verksamt i Finland och svarar f\u00f6r koncernadministration, utvecklings- och tillv\u00e4xtstrategier samt f\u00f6r tillverkning, f\u00f6rs\u00e4ljning, service och underh\u00e5ll i Finland.<\/p>\n<p>Dotterbolaget Europress AB svarar f\u00f6r f\u00f6rs\u00e4ljning och underh\u00e5ll i Sverige och Europress AS f\u00f6r motsvarande funktioner i Norge. Europress Polen slog upp d\u00f6rrarna under 2019 och \u00e4r d\u00e4rmed det senaste dotterbolaget i Europresskoncernen, och svarar f\u00f6r f\u00f6rs\u00e4ljning, underh\u00e5ll och kundtj\u00e4nst i Polen.[\/vc_column_text][\/vc_column][vc_column column_width_percent=&#8221;100&#8243; gutter_size=&#8221;3&#8243; back_image=&#8221;146365&#8243; overlay_alpha=&#8221;50&#8243; shift_x=&#8221;0&#8243; shift_y=&#8221;0&#8243; shift_y_down=&#8221;0&#8243; z_index=&#8221;0&#8243; medium_width=&#8221;0&#8243; mobile_width=&#8221;0&#8243; width=&#8221;1\/2&#8243; uncode_shortcode_id=&#8221;842331&#8243;][\/vc_column][\/vc_row][vc_row row_height_percent=&#8221;0&#8243; override_padding=&#8221;yes&#8221; h_padding=&#8221;2&#8243; top_padding=&#8221;3&#8243; bottom_padding=&#8221;0&#8243; back_color=&#8221;color-xsdn&#8221; overlay_alpha=&#8221;100&#8243; gutter_size=&#8221;100&#8243; column_width_percent=&#8221;100&#8243; shift_y=&#8221;0&#8243; z_index=&#8221;0&#8243; style=&#8221;dark&#8221; row_name=&#8221;Design &amp; Quality&#8221;][vc_column column_width_use_pixel=&#8221;yes&#8221; align_horizontal=&#8221;align_center&#8221; gutter_size=&#8221;3&#8243; overlay_alpha=&#8221;100&#8243; shift_x=&#8221;0&#8243; shift_y=&#8221;0&#8243; medium_width=&#8221;0&#8243; zoom_width=&#8221;0&#8243; zoom_height=&#8221;0&#8243; width=&#8221;1\/1&#8243; column_width_pixel=&#8221;800&#8243;][vc_custom_heading text_transform=&#8221;uppercase&#8221; separator_color=&#8221;yes&#8221; separator=&#8221;yes&#8221; sub_lead=&#8221;yes&#8221; sub_reduced=&#8221;yes&#8221;]GRUNDL\u00c4GGANDE V\u00c4RDERINGAR[\/vc_custom_heading][\/vc_column][\/vc_row][vc_row row_height_percent=&#8221;0&#8243; override_padding=&#8221;yes&#8221; h_padding=&#8221;2&#8243; top_padding=&#8221;3&#8243; bottom_padding=&#8221;3&#8243; back_color=&#8221;color-xsdn&#8221; overlay_alpha=&#8221;100&#8243; gutter_size=&#8221;100&#8243; column_width_percent=&#8221;100&#8243; shift_y=&#8221;0&#8243; z_index=&#8221;0&#8243; style=&#8221;dark&#8221; row_name=&#8221;Design &amp; Quality&#8221;][vc_column column_width_use_pixel=&#8221;yes&#8221; align_horizontal=&#8221;align_center&#8221; gutter_size=&#8221;3&#8243; overlay_alpha=&#8221;100&#8243; shift_x=&#8221;0&#8243; shift_y=&#8221;0&#8243; medium_width=&#8221;0&#8243; zoom_width=&#8221;0&#8243; zoom_height=&#8221;0&#8243; width=&#8221;1\/3&#8243; column_width_pixel=&#8221;800&#8243;][vc_column_text]<\/p>\n<h4 style=\"text-align: center;\">H\u00c5LLBARHET &amp; TILLF\u00d6RLITLIGHET<\/h4>\n<p style=\"text-align: center;\">Cirkul\u00e4r ekonomi \u00e4r ett utmanande m\u00e5l. Vi anser att alla f\u00f6retag borde arbeta tillsammans f\u00f6r en ren och h\u00e5llbar planet. Europress grundades som ett familjef\u00f6retag och \u00e4r byggt till gagn f\u00f6r framtida generationer. F\u00f6r oss \u00e4r h\u00e5llbarhet en grundl\u00e4ggande v\u00e4rdering och drivkraften bakom v\u00e5rt dagliga arbete.<\/p>\n<p>[\/vc_column_text][\/vc_column][vc_column width=&#8221;1\/3&#8243;][vc_column_text]<\/p>\n<h4 style=\"text-align: center;\">TEKNISKT LEDARSKAP &amp; INNOVATION<\/h4>\n<p style=\"text-align: center;\">N\u00e4r det kommer till innovation har vi t\u00e4njt p\u00e5 gr\u00e4nserna sedan 1970-talet. V\u00e5ra nya smarta tekniker bist\u00e5r v\u00e5ra kunder i riktning mot en mer effektiv och flexibel avfallshantering. Vi utvecklar hela tiden nya och b\u00e4ttre l\u00f6sningar till f\u00f6rm\u00e5n f\u00f6r v\u00e5ra kunder.<\/p>\n<p>[\/vc_column_text][\/vc_column][vc_column width=&#8221;1\/3&#8243;][vc_column_text]<\/p>\n<h4 style=\"text-align: center;\">INSPIRATION &amp; MOTIVATION<\/h4>\n<p style=\"text-align: center;\">Vi vill alltid tillhandah\u00e5lla b\u00e4sta m\u00f6jliga kvalitet f\u00f6r att f\u00f6reg\u00e5 med gott exempel i v\u00e5rt arbete. Vi drivs av att inspirera och motivera s\u00e5v\u00e4l enskilda m\u00e4nniskor som f\u00f6retag till ansvarsfulla och h\u00e5llbara handlingar. V\u00e5rt m\u00e5l \u00e4r att tillverka produkter som \u00e4r enkla, s\u00e4kra och effektiva f\u00f6r att uppmuntra till cirkul\u00e4r ekonomi.<\/p>\n<p>[\/vc_column_text][\/vc_column][\/vc_row][vc_row row_height_percent=&#8221;0&#8243; override_padding=&#8221;yes&#8221; h_padding=&#8221;2&#8243; top_padding=&#8221;3&#8243; bottom_padding=&#8221;3&#8243; back_color=&#8221;color-xsdn&#8221; overlay_alpha=&#8221;100&#8243; gutter_size=&#8221;100&#8243; column_width_percent=&#8221;100&#8243; shift_y=&#8221;0&#8243; z_index=&#8221;0&#8243; style=&#8221;dark&#8221; row_name=&#8221;Design &amp; Quality&#8221;][vc_column column_width_use_pixel=&#8221;yes&#8221; position_vertical=&#8221;middle&#8221; align_horizontal=&#8221;align_center&#8221; gutter_size=&#8221;3&#8243; overlay_alpha=&#8221;100&#8243; shift_x=&#8221;0&#8243; shift_y=&#8221;0&#8243; shift_y_down=&#8221;0&#8243; z_index=&#8221;0&#8243; medium_width=&#8221;0&#8243; mobile_width=&#8221;0&#8243; zoom_width=&#8221;0&#8243; zoom_height=&#8221;0&#8243; width=&#8221;1\/4&#8243; column_width_pixel=&#8221;800&#8243;][vc_single_image media=&#8221;105297&#8243; media_width_percent=&#8221;70&#8243; alignment=&#8221;center&#8221; media_link=&#8221;url:https%3A%2F%2Fwww.dnvgl.fi%2Fservices%2Fiso-14001-ymparistojarjestelma-3360|||&#8221; uncode_shortcode_id=&#8221;323251&#8243;][vc_single_image media=&#8221;105270&#8243; media_width_percent=&#8221;70&#8243; alignment=&#8221;center&#8221;][\/vc_column][vc_column width=&#8221;3\/4&#8243;][vc_custom_heading text_transform=&#8221;uppercase&#8221; separator_color=&#8221;yes&#8221; separator=&#8221;yes&#8221; sub_lead=&#8221;yes&#8221; sub_reduced=&#8221;yes&#8221; uncode_shortcode_id=&#8221;126636&#8243;]MILJ\u00d6- OCH KVALITETSPOLICY[\/vc_custom_heading][vc_column_text uncode_shortcode_id=&#8221;160501&#8243;]<\/p>\n<h2>Milj\u00f6policy<\/h2>\n<p><em>M\u00e5let f\u00f6r Europress Groups verksamhet \u00e4r att fr\u00e4mja en h\u00e5llbar utveckling genom att tillverka, s\u00e4lja och underh\u00e5lla milj\u00f6m\u00e4ssigt h\u00e5llbara helhetsl\u00f6sningar f\u00f6r avfallshantering.<\/em><\/p>\n<p>Genom att anv\u00e4nda smart teknik i v\u00e5ra avfallskomprimatorer och balpressar str\u00e4var vi efter att uppmuntra till sortering och \u00e5tervinning \u00f6verallt, samt att minska utsl\u00e4pp fr\u00e5n avfallstransporter och underh\u00e5ll av utrustning. B\u00e5de n\u00e4r vi planerar avfallshanteringsl\u00f6sningar f\u00f6r v\u00e5ra kunder och i v\u00e5r egen verksamhet till\u00e4mpar vi alltid EU:s avfallshierarki d\u00e4r s\u00e5 \u00e4r m\u00f6jligt.<\/p>\n<p>Vi utvecklar kontinuerligt v\u00e5r produktions- och underh\u00e5llsverksamhet med m\u00e5let att minska v\u00e5r belastning p\u00e5 milj\u00f6n och \u00f6ka den positiva p\u00e5verkan p\u00e5 milj\u00f6n fr\u00e5n v\u00e5ra produkter. I samarbete med v\u00e5ra partners str\u00e4var vi ocks\u00e5 efter att inf\u00f6ra milj\u00f6m\u00e4ssigt h\u00e5llbara verksamhetsmodeller.<\/p>\n<p>F\u00f6r att n\u00e5 v\u00e5ra m\u00e5l investerar vi i v\u00e5ra medarbetares generella kunskap inom milj\u00f6fr\u00e5gor, kompetens inom tillverkning och underh\u00e5ll av utrustning samt omfattande expertis inom avfallshantering.[\/vc_column_text][vc_column_text uncode_shortcode_id=&#8221;106003&#8243;]<\/p>\n<h2>Kvalitetspolicy<\/h2>\n<p><em>Enligt v\u00e5r kvalitetsfilosofi utg\u00f6r kundn\u00f6jdhet k\u00e4rnan i v\u00e5r verksamhet. Vi utvecklar kontinuerligt v\u00e5ra produkter och tj\u00e4nster baserat p\u00e5 kundernas erfarenheter och egna innovationer. Vi str\u00e4var efter att vara en teknisk f\u00f6reg\u00e5ngare inom v\u00e5ra marknader.<\/em><\/p>\n<p>I kvalitetsarbetet anv\u00e4nder vi oss systematiskt av f\u00f6rvaltningsfilosofin LEAN och kontinuerliga f\u00f6rb\u00e4ttringsmetoder. Vi bedriver v\u00e5r verksamhet p\u00e5 ett ansvarsfullt s\u00e4tt och i enlighet med alla lagar och f\u00f6rordningar samt v\u00e5ra kunders h\u00f6ga kvalitetsstandarder. Vi standardiserar v\u00e5r verksamhet f\u00f6r att s\u00e4kerst\u00e4lla en h\u00f6g och j\u00e4mn kvalitet. Vi m\u00e4ter framg\u00e5ng och reagerar snabbt p\u00e5 f\u00f6r\u00e4ndringar.<\/p>\n<p>V\u00e5ra medarbetares s\u00e4kerhet \u00e4r avg\u00f6rande f\u00f6r oss. Vi identifierar faror i v\u00e5r arbetsmilj\u00f6 och minimerar riskerna. Vi anser att s\u00e4kerhet och kvalitet g\u00e5r hand i hand. V\u00e5ra milj\u00f6v\u00e4rderingar styr v\u00e5rt dagliga arbete.<\/p>\n<p>Vi utbildar v\u00e5ra medarbetare f\u00f6r att de ska vara fullt medvetna om f\u00f6retagets verksamhet och m\u00e5l samt om sitt eget ansvar att leverera kundservice av h\u00f6g kvalitet. Vi tillvaratar v\u00e5ra medarbetares utvecklingspotential och drivkraft. Vi s\u00e4kerst\u00e4ller kontinuerlig utveckling av kompetens och till\u00e4mpning av b\u00e4sta praxis.[\/vc_column_text][vc_separator sep_color=&#8221;,Default&#8221;][vc_column_text uncode_shortcode_id=&#8221;207971&#8243;]<em>Med Europress Impact granskar vi verkst\u00e4llandet av m\u00e4nskliga r\u00e4ttigheter i v\u00e5r egen verksamhet och leveranskedja. Vi f\u00f6rbinder oss fullst\u00e4ndigt till identifiering av risker f\u00f6r m\u00e4nskliga r\u00e4ttigheter, arbetstagares r\u00e4ttigheter, milj\u00f6 och aff\u00e4rsprinciper. V\u00e5r vision och v\u00e4rden finns <\/em><a href=\"https:\/\/europressgroup.com\/wp-content\/uploads\/2023\/09\/Transparancy-act-2023-SWE.pdf\"><strong><em>h\u00e4r\u2013<\/em><\/strong><\/a><em> och fr\u00e5gor om v\u00e5rt st\u00e4ndiga arbete, v\u00e5ra tillv\u00e4gag\u00e5ngss\u00e4tt och v\u00e5r praxis kan skickas till europress@europress.fi, och v\u00e5r ledning kommer att behandla dem s\u00e5 snart som m\u00f6jligt.<\/em>[\/vc_column_text][\/vc_column][\/vc_row][vc_row][vc_column width=&#8221;1\/1&#8243;][uncode_block id=&#8221;73192&#8243;][\/vc_column][\/vc_row]<\/p>\n<\/div>","protected":false},"excerpt":{"rendered":"<p>[vc_row row_height_percent=&#8221;0&#8243; override_padding=&#8221;yes&#8221; h_padding=&#8221;2&#8243; top_padding=&#8221;3&#8243; bottom_padding=&#8221;3&#8243; back_color=&#8221;color-xsdn&#8221; overlay_alpha=&#8221;100&#8243; gutter_size=&#8221;100&#8243; column_width_percent=&#8221;100&#8243; shift_y=&#8221;0&#8243; z_index=&#8221;0&#8243; style=&#8221;dark&#8221; row_name=&#8221;Design &amp; Quality&#8221;][vc_column column_width_use_pixel=&#8221;yes&#8221; align_horizontal=&#8221;align_center&#8221; gutter_size=&#8221;3&#8243; overlay_alpha=&#8221;100&#8243; [&hellip;]<\/p>\n","protected":false},"author":25,"featured_media":72856,"parent":0,"menu_order":0,"comment_status":"closed","ping_status":"closed","template":"","meta":{"footnotes":""},"class_list":["post-74442","page","type-page","status-publish","has-post-thumbnail","hentry"],"yoast_head":"<!-- This site is optimized with the Yoast SEO Premium plugin v27.3 (Yoast SEO v27.3) - https:\/\/yoast.com\/product\/yoast-seo-premium-wordpress\/ -->\n<title>F\u00d6RETAGET - Europress Group<\/title>\n<meta name=\"description\" content=\"Grundat 1970s, med egen fabrik i Finland. Vi ltillverkar, levererar och servar komprimatorer och balpressar \u00f6ver hela Sverige med egna tekniker.\" \/>\n<meta name=\"robots\" content=\"index, follow, max-snippet:-1, max-image-preview:large, max-video-preview:-1\" \/>\n<link rel=\"canonical\" href=\"https:\/\/europressgroup.com\/sv\/foretaget\/\" \/>\n<meta property=\"og:locale\" content=\"sv_SE\" \/>\n<meta property=\"og:type\" content=\"article\" \/>\n<meta property=\"og:title\" content=\"F\u00d6RETAGET\" \/>\n<meta property=\"og:description\" content=\"NORDEUROPAS LEDANDE TILLVERKARE AV AVFALLSKOMPRIMATORER OCH BALPRESSAREuropress grundades p\u00e5 1970-talet och \u00e4r idag Nordeuropas ledande tillverkare av\" \/>\n<meta property=\"og:url\" content=\"https:\/\/europressgroup.com\/sv\/foretaget\/\" \/>\n<meta property=\"og:site_name\" content=\"Europress Group\" \/>\n<meta property=\"article:publisher\" content=\"https:\/\/www.facebook.com\/europresswastehandling\" \/>\n<meta property=\"article:modified_time\" content=\"2025-06-11T06:46:48+00:00\" \/>\n<meta property=\"og:image\" content=\"https:\/\/europressgroup.com\/wp-content\/uploads\/2015\/07\/Factory-expansion-sign.jpg\" \/>\n\t<meta property=\"og:image:width\" content=\"1920\" \/>\n\t<meta property=\"og:image:height\" content=\"1280\" \/>\n\t<meta property=\"og:image:type\" content=\"image\/jpeg\" \/>\n<meta name=\"twitter:card\" content=\"summary_large_image\" \/>\n<meta name=\"twitter:site\" content=\"@EPWastehandling\" \/>\n<meta name=\"twitter:label1\" content=\"Ber\u00e4knad l\u00e4stid\" \/>\n\t<meta name=\"twitter:data1\" content=\"6 minuter\" \/>\n<script type=\"application\/ld+json\" class=\"yoast-schema-graph\">{\"@context\":\"https:\\\/\\\/schema.org\",\"@graph\":[{\"@type\":\"WebPage\",\"@id\":\"https:\\\/\\\/europressgroup.com\\\/sv\\\/foretaget\\\/\",\"url\":\"https:\\\/\\\/europressgroup.com\\\/sv\\\/foretaget\\\/\",\"name\":\"F\u00d6RETAGET - Europress Group\",\"isPartOf\":{\"@id\":\"https:\\\/\\\/europressgroup.com\\\/sv\\\/#website\"},\"primaryImageOfPage\":{\"@id\":\"https:\\\/\\\/europressgroup.com\\\/sv\\\/foretaget\\\/#primaryimage\"},\"image\":{\"@id\":\"https:\\\/\\\/europressgroup.com\\\/sv\\\/foretaget\\\/#primaryimage\"},\"thumbnailUrl\":\"https:\\\/\\\/europressgroup.com\\\/wp-content\\\/uploads\\\/2015\\\/07\\\/Factory-expansion-sign.jpg\",\"datePublished\":\"2019-02-26T12:04:35+00:00\",\"dateModified\":\"2025-06-11T06:46:48+00:00\",\"description\":\"Grundat 1970s, med egen fabrik i Finland. Vi ltillverkar, levererar och servar komprimatorer och balpressar \u00f6ver hela Sverige med egna tekniker.\",\"breadcrumb\":{\"@id\":\"https:\\\/\\\/europressgroup.com\\\/sv\\\/foretaget\\\/#breadcrumb\"},\"inLanguage\":\"sv-SE\",\"potentialAction\":[{\"@type\":\"ReadAction\",\"target\":[\"https:\\\/\\\/europressgroup.com\\\/sv\\\/foretaget\\\/\"]}]},{\"@type\":\"ImageObject\",\"inLanguage\":\"sv-SE\",\"@id\":\"https:\\\/\\\/europressgroup.com\\\/sv\\\/foretaget\\\/#primaryimage\",\"url\":\"https:\\\/\\\/europressgroup.com\\\/wp-content\\\/uploads\\\/2015\\\/07\\\/Factory-expansion-sign.jpg\",\"contentUrl\":\"https:\\\/\\\/europressgroup.com\\\/wp-content\\\/uploads\\\/2015\\\/07\\\/Factory-expansion-sign.jpg\",\"width\":1920,\"height\":1280},{\"@type\":\"BreadcrumbList\",\"@id\":\"https:\\\/\\\/europressgroup.com\\\/sv\\\/foretaget\\\/#breadcrumb\",\"itemListElement\":[{\"@type\":\"ListItem\",\"position\":1,\"name\":\"Home\",\"item\":\"https:\\\/\\\/europressgroup.com\\\/sv\\\/\"},{\"@type\":\"ListItem\",\"position\":2,\"name\":\"F\u00d6RETAGET\"}]},{\"@type\":\"WebSite\",\"@id\":\"https:\\\/\\\/europressgroup.com\\\/sv\\\/#website\",\"url\":\"https:\\\/\\\/europressgroup.com\\\/sv\\\/\",\"name\":\"Europress Group\",\"description\":\"Northern European leader in Environmental Technology\",\"publisher\":{\"@id\":\"https:\\\/\\\/europressgroup.com\\\/sv\\\/#organization\"},\"potentialAction\":[{\"@type\":\"SearchAction\",\"target\":{\"@type\":\"EntryPoint\",\"urlTemplate\":\"https:\\\/\\\/europressgroup.com\\\/sv\\\/?s={search_term_string}\"},\"query-input\":{\"@type\":\"PropertyValueSpecification\",\"valueRequired\":true,\"valueName\":\"search_term_string\"}}],\"inLanguage\":\"sv-SE\"},{\"@type\":\"Organization\",\"@id\":\"https:\\\/\\\/europressgroup.com\\\/sv\\\/#organization\",\"name\":\"Europress Group\",\"url\":\"https:\\\/\\\/europressgroup.com\\\/sv\\\/\",\"logo\":{\"@type\":\"ImageObject\",\"inLanguage\":\"sv-SE\",\"@id\":\"https:\\\/\\\/europressgroup.com\\\/sv\\\/#\\\/schema\\\/logo\\\/image\\\/\",\"url\":\"https:\\\/\\\/europressgroup.com\\\/wp-content\\\/uploads\\\/2018\\\/12\\\/Europress-logo-1.png\",\"contentUrl\":\"https:\\\/\\\/europressgroup.com\\\/wp-content\\\/uploads\\\/2018\\\/12\\\/Europress-logo-1.png\",\"width\":478,\"height\":75,\"caption\":\"Europress Group\"},\"image\":{\"@id\":\"https:\\\/\\\/europressgroup.com\\\/sv\\\/#\\\/schema\\\/logo\\\/image\\\/\"},\"sameAs\":[\"https:\\\/\\\/www.facebook.com\\\/europresswastehandling\",\"https:\\\/\\\/x.com\\\/EPWastehandling\",\"https:\\\/\\\/www.instagram.com\\\/europressgroup\\\/\",\"https:\\\/\\\/www.linkedin.com\\\/company\\\/europress\"],\"publishingPrinciples\":\"https:\\\/\\\/europressgroup.com\\\/environment-safety-quality\\\/\",\"ownershipFundingInfo\":\"https:\\\/\\\/europressgroup.com\\\/history\\\/\",\"actionableFeedbackPolicy\":\"https:\\\/\\\/europressgroup.com\\\/customer-feedback\\\/\",\"correctionsPolicy\":\"https:\\\/\\\/europressgroup.com\\\/customer-feedback\\\/\",\"ethicsPolicy\":\"https:\\\/\\\/europressgroup.com\\\/responsibility\\\/\"}]}<\/script>\n<!-- \/ Yoast SEO Premium plugin. -->","yoast_head_json":{"title":"F\u00d6RETAGET - Europress Group","description":"Grundat 1970s, med egen fabrik i Finland. Vi ltillverkar, levererar och servar komprimatorer och balpressar \u00f6ver hela Sverige med egna tekniker.","robots":{"index":"index","follow":"follow","max-snippet":"max-snippet:-1","max-image-preview":"max-image-preview:large","max-video-preview":"max-video-preview:-1"},"canonical":"https:\/\/europressgroup.com\/sv\/foretaget\/","og_locale":"sv_SE","og_type":"article","og_title":"F\u00d6RETAGET","og_description":"NORDEUROPAS LEDANDE TILLVERKARE AV AVFALLSKOMPRIMATORER OCH BALPRESSAREuropress grundades p\u00e5 1970-talet och \u00e4r idag Nordeuropas ledande tillverkare av","og_url":"https:\/\/europressgroup.com\/sv\/foretaget\/","og_site_name":"Europress Group","article_publisher":"https:\/\/www.facebook.com\/europresswastehandling","article_modified_time":"2025-06-11T06:46:48+00:00","og_image":[{"width":1920,"height":1280,"url":"https:\/\/europressgroup.com\/wp-content\/uploads\/2015\/07\/Factory-expansion-sign.jpg","type":"image\/jpeg"}],"twitter_card":"summary_large_image","twitter_site":"@EPWastehandling","twitter_misc":{"Ber\u00e4knad l\u00e4stid":"6 minuter"},"schema":{"@context":"https:\/\/schema.org","@graph":[{"@type":"WebPage","@id":"https:\/\/europressgroup.com\/sv\/foretaget\/","url":"https:\/\/europressgroup.com\/sv\/foretaget\/","name":"F\u00d6RETAGET - Europress Group","isPartOf":{"@id":"https:\/\/europressgroup.com\/sv\/#website"},"primaryImageOfPage":{"@id":"https:\/\/europressgroup.com\/sv\/foretaget\/#primaryimage"},"image":{"@id":"https:\/\/europressgroup.com\/sv\/foretaget\/#primaryimage"},"thumbnailUrl":"https:\/\/europressgroup.com\/wp-content\/uploads\/2015\/07\/Factory-expansion-sign.jpg","datePublished":"2019-02-26T12:04:35+00:00","dateModified":"2025-06-11T06:46:48+00:00","description":"Grundat 1970s, med egen fabrik i Finland. Vi ltillverkar, levererar och servar komprimatorer och balpressar \u00f6ver hela Sverige med egna tekniker.","breadcrumb":{"@id":"https:\/\/europressgroup.com\/sv\/foretaget\/#breadcrumb"},"inLanguage":"sv-SE","potentialAction":[{"@type":"ReadAction","target":["https:\/\/europressgroup.com\/sv\/foretaget\/"]}]},{"@type":"ImageObject","inLanguage":"sv-SE","@id":"https:\/\/europressgroup.com\/sv\/foretaget\/#primaryimage","url":"https:\/\/europressgroup.com\/wp-content\/uploads\/2015\/07\/Factory-expansion-sign.jpg","contentUrl":"https:\/\/europressgroup.com\/wp-content\/uploads\/2015\/07\/Factory-expansion-sign.jpg","width":1920,"height":1280},{"@type":"BreadcrumbList","@id":"https:\/\/europressgroup.com\/sv\/foretaget\/#breadcrumb","itemListElement":[{"@type":"ListItem","position":1,"name":"Home","item":"https:\/\/europressgroup.com\/sv\/"},{"@type":"ListItem","position":2,"name":"F\u00d6RETAGET"}]},{"@type":"WebSite","@id":"https:\/\/europressgroup.com\/sv\/#website","url":"https:\/\/europressgroup.com\/sv\/","name":"Europress Group","description":"Northern European leader in Environmental Technology","publisher":{"@id":"https:\/\/europressgroup.com\/sv\/#organization"},"potentialAction":[{"@type":"SearchAction","target":{"@type":"EntryPoint","urlTemplate":"https:\/\/europressgroup.com\/sv\/?s={search_term_string}"},"query-input":{"@type":"PropertyValueSpecification","valueRequired":true,"valueName":"search_term_string"}}],"inLanguage":"sv-SE"},{"@type":"Organization","@id":"https:\/\/europressgroup.com\/sv\/#organization","name":"Europress Group","url":"https:\/\/europressgroup.com\/sv\/","logo":{"@type":"ImageObject","inLanguage":"sv-SE","@id":"https:\/\/europressgroup.com\/sv\/#\/schema\/logo\/image\/","url":"https:\/\/europressgroup.com\/wp-content\/uploads\/2018\/12\/Europress-logo-1.png","contentUrl":"https:\/\/europressgroup.com\/wp-content\/uploads\/2018\/12\/Europress-logo-1.png","width":478,"height":75,"caption":"Europress Group"},"image":{"@id":"https:\/\/europressgroup.com\/sv\/#\/schema\/logo\/image\/"},"sameAs":["https:\/\/www.facebook.com\/europresswastehandling","https:\/\/x.com\/EPWastehandling","https:\/\/www.instagram.com\/europressgroup\/","https:\/\/www.linkedin.com\/company\/europress"],"publishingPrinciples":"https:\/\/europressgroup.com\/environment-safety-quality\/","ownershipFundingInfo":"https:\/\/europressgroup.com\/history\/","actionableFeedbackPolicy":"https:\/\/europressgroup.com\/customer-feedback\/","correctionsPolicy":"https:\/\/europressgroup.com\/customer-feedback\/","ethicsPolicy":"https:\/\/europressgroup.com\/responsibility\/"}]}},"_links":{"self":[{"href":"https:\/\/europressgroup.com\/sv\/wp-json\/wp\/v2\/pages\/74442","targetHints":{"allow":["GET"]}}],"collection":[{"href":"https:\/\/europressgroup.com\/sv\/wp-json\/wp\/v2\/pages"}],"about":[{"href":"https:\/\/europressgroup.com\/sv\/wp-json\/wp\/v2\/types\/page"}],"author":[{"embeddable":true,"href":"https:\/\/europressgroup.com\/sv\/wp-json\/wp\/v2\/users\/25"}],"replies":[{"embeddable":true,"href":"https:\/\/europressgroup.com\/sv\/wp-json\/wp\/v2\/comments?post=74442"}],"version-history":[{"count":9,"href":"https:\/\/europressgroup.com\/sv\/wp-json\/wp\/v2\/pages\/74442\/revisions"}],"predecessor-version":[{"id":155391,"href":"https:\/\/europressgroup.com\/sv\/wp-json\/wp\/v2\/pages\/74442\/revisions\/155391"}],"wp:featuredmedia":[{"embeddable":true,"href":"https:\/\/europressgroup.com\/sv\/wp-json\/wp\/v2\/media\/72856"}],"wp:attachment":[{"href":"https:\/\/europressgroup.com\/sv\/wp-json\/wp\/v2\/media?parent=74442"}],"curies":[{"name":"wp","href":"https:\/\/api.w.org\/{rel}","templated":true}]}}