{"id":74380,"date":"2019-02-26T14:27:04","date_gmt":"2019-02-26T12:27:04","guid":{"rendered":"https:\/\/europressgroup.com\/balex-balers\/"},"modified":"2022-04-08T14:29:46","modified_gmt":"2022-04-08T11:29:46","slug":"balpressar","status":"publish","type":"page","link":"https:\/\/europressgroup.com\/sv\/balpressar\/","title":{"rendered":"BALPRESSAR"},"content":{"rendered":"<div class=\"wpb-content-wrapper\"><p>[vc_row row_height_percent=&#8221;0&#8243; override_padding=&#8221;yes&#8221; h_padding=&#8221;2&#8243; top_padding=&#8221;3&#8243; bottom_padding=&#8221;3&#8243; back_color=&#8221;color-xsdn&#8221; overlay_alpha=&#8221;100&#8243; gutter_size=&#8221;100&#8243; column_width_percent=&#8221;100&#8243; shift_y=&#8221;0&#8243; z_index=&#8221;0&#8243; style=&#8221;dark&#8221; row_name=&#8221;Design &amp; Quality&#8221;][vc_column column_width_use_pixel=&#8221;yes&#8221; align_horizontal=&#8221;align_center&#8221; gutter_size=&#8221;3&#8243; overlay_alpha=&#8221;100&#8243; shift_x=&#8221;0&#8243; shift_y=&#8221;0&#8243; medium_width=&#8221;0&#8243; zoom_width=&#8221;0&#8243; zoom_height=&#8221;0&#8243; width=&#8221;1\/1&#8243; column_width_pixel=&#8221;800&#8243;][vc_custom_heading text_transform=&#8221;uppercase&#8221; separator=&#8221;yes&#8221; separator_color=&#8221;yes&#8221; sub_lead=&#8221;yes&#8221; sub_reduced=&#8221;yes&#8221;]VERTIKALA BALPRESSAR I KOMPAKT UTF\u00d6RANDE[\/vc_custom_heading][\/vc_column][\/vc_row][vc_row][vc_column column_width_percent=&#8221;100&#8243; align_horizontal=&#8221;align_center&#8221; gutter_size=&#8221;3&#8243; overlay_alpha=&#8221;50&#8243; shift_x=&#8221;0&#8243; shift_y=&#8221;0&#8243; shift_y_down=&#8221;0&#8243; z_index=&#8221;0&#8243; medium_width=&#8221;0&#8243; mobile_width=&#8221;0&#8243; width=&#8221;1\/1&#8243;][vc_custom_heading]BALEX\u00ae BALPRESSAR F\u00d6R KARTONG, TEXTIL OCH PLAST[\/vc_custom_heading][vc_row_inner limit_content=&#8221;&#8221;][vc_column_inner column_width_percent=&#8221;100&#8243; align_horizontal=&#8221;align_center&#8221; gutter_size=&#8221;3&#8243; overlay_alpha=&#8221;50&#8243; shift_x=&#8221;0&#8243; shift_y=&#8221;0&#8243; shift_y_down=&#8221;0&#8243; z_index=&#8221;0&#8243; medium_width=&#8221;0&#8243; mobile_width=&#8221;0&#8243; width=&#8221;1\/1&#8243;][vc_column_text]<\/p>\n<p style=\"text-align: center;\"><strong><em>Balpressar \u00e4r perfekt f\u00f6r er som har begr\u00e4nsat med utrymme eller mindre avfalls volymer<\/em><\/strong>.<\/p>\n<p style=\"text-align: center;\">V\u00e5r egen produktlinje. Europress Balex \u00e4r egen tillverkade avfallsbalpressar med h\u00f6g konstruktions kvalit\u00e9 och l\u00e5ng livsl\u00e4ngd. Balpressarna \u00e4r designade med korslagda cylindrar som ger en l\u00e5g totalh\u00f6jd. Den l\u00e4gre h\u00f6jden inneb\u00e4r att Balex modellerna blir utrymmes besparande och \u00f6ppnar upp fler m\u00f6jliga placerings alternativ.<\/p>\n<p>[\/vc_column_text][\/vc_column_inner][\/vc_row_inner][vc_row_inner limit_content=&#8221;&#8221;][vc_column_inner width=&#8221;1\/3&#8243;][\/vc_column_inner][vc_column_inner width=&#8221;1\/3&#8243;][vc_column_text]<strong>Balex balpress fungerar v\u00e4l som:<\/strong><\/p>\n<ul>\n<li>kartongpress<\/li>\n<li>plastpress<\/li>\n<li>balpress f\u00f6r wellpapp<\/li>\n<\/ul>\n<p><strong>Balex passar bra till m\u00e5nga olika platser, till exempel:<\/strong><\/p>\n<ul>\n<li>butiker<\/li>\n<li>fabriker<\/li>\n<li>logistikcenter<\/li>\n<li>industriella varuhus<\/li>\n<li>k\u00f6pcentrum<\/li>\n<\/ul>\n<p>[\/vc_column_text][\/vc_column_inner][vc_column_inner width=&#8221;1\/3&#8243;][\/vc_column_inner][\/vc_row_inner][vc_row_inner limit_content=&#8221;&#8221;][vc_column_inner column_width_percent=&#8221;100&#8243; align_horizontal=&#8221;align_center&#8221; gutter_size=&#8221;3&#8243; overlay_alpha=&#8221;50&#8243; shift_x=&#8221;0&#8243; shift_y=&#8221;0&#8243; shift_y_down=&#8221;0&#8243; z_index=&#8221;0&#8243; medium_width=&#8221;0&#8243; mobile_width=&#8221;0&#8243; width=&#8221;1\/1&#8243;][vc_column_text]Beh\u00f6ver du hj\u00e4lp att v\u00e4lja eller vill du ha extra information ang\u00e5ende v\u00e5ra produkter och vilka l\u00f6sningar som kan passa er b\u00e4st?<\/p>\n<p><a href=\"https:\/\/europressgroup.com\/sv\/kontakta-oss\/\">Kontakta oss h\u00e4r<\/a> s\u00e5 hj\u00e4lper vi er.[\/vc_column_text][\/vc_column_inner][\/vc_row_inner][\/vc_column][\/vc_row][vc_row][vc_column column_width_percent=&#8221;100&#8243; align_horizontal=&#8221;align_center&#8221; gutter_size=&#8221;3&#8243; overlay_alpha=&#8221;50&#8243; shift_x=&#8221;0&#8243; shift_y=&#8221;0&#8243; shift_y_down=&#8221;0&#8243; z_index=&#8221;0&#8243; medium_width=&#8221;0&#8243; mobile_width=&#8221;0&#8243; width=&#8221;1\/1&#8243;][vc_column_text]<strong>SMART-teknik<\/strong><\/p>\n<p>V\u00e5ra Balex balpressar anv\u00e4nder sig av Europress intelligenta SMART-teknik. Tekniken bidrar till en kostnadseffektiv och s\u00e4ker drift. SMART-tekniken m\u00f6jligg\u00f6r att alla balpressars inst\u00e4llningar kan st\u00e4llas in individuellt och d\u00e4rmed anpassas efter v\u00e5ra kunders olika behov. Balpressarnas anv\u00e4ndning kan registreras och inst\u00e4llningarna d\u00e4refter anpassas efter kundens behov f\u00f6r att undvika eventuella avvikelser. B\u00e5de f\u00f6r att skydda operat\u00f6ren men \u00e4ven maskinens komponenter. L\u00e4s mer om v\u00e5r SMART-teknik <a href=\"https:\/\/europressgroup.com\/sv\/smart\/\">h\u00e4r<\/a>.<\/p>\n<p><strong>Balpressarna<\/strong><\/p>\n<p>Balex finns i fem olika storlekar alla med stora inkast\u00f6ppningar som s\u00e4kerst\u00e4ller en enkel fyllning. F\u00e4rdiga balar lastas automatiskt av p\u00e5 pallar med en tv\u00e5handsfattning som garanterar en s\u00e4ker anv\u00e4ndning.[\/vc_column_text][vc_row_inner limit_content=&#8221;&#8221;][vc_column_inner width=&#8221;1\/4&#8243;][\/vc_column_inner][vc_column_inner width=&#8221;1\/4&#8243;][vc_single_image media=&#8221;86080&#8243; media_width_percent=&#8221;100&#8243;][\/vc_column_inner][vc_column_inner width=&#8221;1\/4&#8243;][vc_column_text]<strong><em>Balstorlekar:<\/em><\/strong><\/p>\n<p>Balex-10: 80\u2013110 kg<br \/>\nBalex-20: 200\u2013250 kg<br \/>\nBalex-25: 200\u2013300 kg<br \/>\nBalex-30: 280\u2013320 kg<br \/>\nBalex-40: 350-400 kg<br \/>\nBalex-50: Upp till 500 kg[\/vc_column_text][vc_button button_color=&#8221;accent&#8221; radius=&#8221;btn-round&#8221; border_animation=&#8221;btn-ripple-out&#8221; border_width=&#8221;0&#8243; link=&#8221;url:https%3A%2F%2Feuropressgroup.com%2Fwp-content%2Fuploads%2F2019%2F07%2FEuropress-Balex-balers-brochure-swe.pdf||target:%20_blank|&#8221;]LADDA NER BROSCHYREN[\/vc_button][\/vc_column_inner][vc_column_inner width=&#8221;1\/4&#8243;][\/vc_column_inner][\/vc_row_inner][\/vc_column][\/vc_row][vc_row][vc_column column_width_percent=&#8221;100&#8243; align_horizontal=&#8221;align_center&#8221; gutter_size=&#8221;3&#8243; overlay_alpha=&#8221;50&#8243; shift_x=&#8221;0&#8243; shift_y=&#8221;0&#8243; shift_y_down=&#8221;0&#8243; z_index=&#8221;0&#8243; medium_width=&#8221;0&#8243; mobile_width=&#8221;0&#8243; width=&#8221;1\/1&#8243;][vc_column_text]<strong>F\u00f6r mer information<\/strong><\/p>\n<p>Klicka p\u00e5 bilderna nedan f\u00f6r att l\u00e4sa specifikationerna f\u00f6r v\u00e5ra olika balpressar. Ni kan \u00e4ven ladda ner broschyren h\u00f6gre upp p\u00e5 sidan f\u00f6r storlekstabeller.[\/vc_column_text][uncode_index el_id=&#8221;index-861610&#8243; loop=&#8221;size:10|order_by:title|order:ASC|post_type:page|by_id:75551,75541,75342,74512,74494,74521,75320,75330&#8243; style_preset=&#8221;metro&#8221; filtering=&#8221;yes&#8221; filter_back_color=&#8221;color-uydo&#8221; filtering_position=&#8221;center&#8221; filter_mobile=&#8221;yes&#8221; gutter_size=&#8221;1&#8243; page_items=&#8221;title,media|featured|onpost|original&#8221; screen_lg=&#8221;1000&#8243; screen_md=&#8221;600&#8243; screen_sm=&#8221;480&#8243; single_text=&#8221;overlay&#8221; single_width=&#8221;2&#8243; single_height=&#8221;2&#8243; single_shape=&#8221;round&#8221; single_overlay_opacity=&#8221;50&#8243; single_overlay_anim=&#8221;no&#8221; single_text_visible=&#8221;yes&#8221; single_h_align=&#8221;center&#8221; single_padding=&#8221;2&#8243; single_title_semantic=&#8221;h2&#8243; single_title_dimension=&#8221;h2&#8243; single_title_transform=&#8221;uppercase&#8221; filter_all_text=&#8221;Visa alla&#8221; items=&#8221;eyI3NTMyMF9pIjp7InNpbmdsZV90ZXh0Ijoib3ZlcmxheSIsInNpbmdsZV9pY29uIjoiIiwic2luZ2xlX2xpbmsiOiJ1cmw6aHR0cHMlM0ElMkYlMkZldXJvcHJlc3Nncm91cC5jb20lMkZzdiUyRmJhbGV4LTEwJTJGfHRpdGxlOkJhbGV4JTIwMTB8fCJ9fQ==&#8221;][\/vc_column][\/vc_row][vc_row][vc_column width=&#8221;1\/1&#8243;][uncode_block id=&#8221;74387&#8243;][\/vc_column][\/vc_row]<\/p>\n<\/div>","protected":false},"excerpt":{"rendered":"<p>[vc_row row_height_percent=&#8221;0&#8243; override_padding=&#8221;yes&#8221; h_padding=&#8221;2&#8243; top_padding=&#8221;3&#8243; bottom_padding=&#8221;3&#8243; back_color=&#8221;color-xsdn&#8221; overlay_alpha=&#8221;100&#8243; gutter_size=&#8221;100&#8243; column_width_percent=&#8221;100&#8243; shift_y=&#8221;0&#8243; z_index=&#8221;0&#8243; style=&#8221;dark&#8221; row_name=&#8221;Design &amp; Quality&#8221;][vc_column column_width_use_pixel=&#8221;yes&#8221; align_horizontal=&#8221;align_center&#8221; gutter_size=&#8221;3&#8243; overlay_alpha=&#8221;100&#8243; [&hellip;]<\/p>\n","protected":false},"author":25,"featured_media":74381,"parent":0,"menu_order":0,"comment_status":"open","ping_status":"closed","template":"","meta":{"footnotes":""},"class_list":["post-74380","page","type-page","status-publish","has-post-thumbnail","hentry"],"yoast_head":"<!-- This site is optimized with the Yoast SEO Premium plugin v27.3 (Yoast SEO v27.3) - https:\/\/yoast.com\/product\/yoast-seo-premium-wordpress\/ -->\n<title>BALPRESSAR, Balex f\u00f6r plast och well - Europress Group<\/title>\n<meta name=\"description\" content=\"Balex \u00e4r Europress egna produktlinje. Balpressarna finns i flera olika storlekar f\u00f6r att passa era behov med utrymesbesparande design.\" \/>\n<meta name=\"robots\" content=\"index, follow, max-snippet:-1, max-image-preview:large, max-video-preview:-1\" \/>\n<link rel=\"canonical\" href=\"https:\/\/europressgroup.com\/sv\/balpressar\/\" \/>\n<meta property=\"og:locale\" content=\"sv_SE\" \/>\n<meta property=\"og:type\" content=\"article\" \/>\n<meta property=\"og:title\" content=\"BALPRESSAR\" \/>\n<meta property=\"og:description\" content=\"VERTIKALA BALPRESSAR I KOMPAKT UTF\u00d6RANDEBALEX\u00ae BALPRESSAR F\u00d6R KARTONG, TEXTIL OCH PLAST Balpressar \u00e4r perfekt f\u00f6r er som har begr\u00e4nsat med utrymme eller\" \/>\n<meta property=\"og:url\" content=\"https:\/\/europressgroup.com\/sv\/balpressar\/\" \/>\n<meta property=\"og:site_name\" content=\"Europress Group\" \/>\n<meta property=\"article:publisher\" content=\"https:\/\/www.facebook.com\/europresswastehandling\" \/>\n<meta property=\"article:modified_time\" content=\"2022-04-08T11:29:46+00:00\" \/>\n<meta property=\"og:image\" content=\"https:\/\/europressgroup.com\/wp-content\/uploads\/2019\/03\/Europress-Balex-vertical-balers-1920x1280px.jpg\" \/>\n\t<meta property=\"og:image:width\" content=\"1920\" \/>\n\t<meta property=\"og:image:height\" content=\"1280\" \/>\n\t<meta property=\"og:image:type\" content=\"image\/jpeg\" \/>\n<meta name=\"twitter:card\" content=\"summary_large_image\" \/>\n<meta name=\"twitter:site\" content=\"@EPWastehandling\" \/>\n<meta name=\"twitter:label1\" content=\"Ber\u00e4knad l\u00e4stid\" \/>\n\t<meta name=\"twitter:data1\" content=\"3 minuter\" \/>\n<script type=\"application\/ld+json\" class=\"yoast-schema-graph\">{\"@context\":\"https:\\\/\\\/schema.org\",\"@graph\":[{\"@type\":\"WebPage\",\"@id\":\"https:\\\/\\\/europressgroup.com\\\/sv\\\/balpressar\\\/\",\"url\":\"https:\\\/\\\/europressgroup.com\\\/sv\\\/balpressar\\\/\",\"name\":\"BALPRESSAR, Balex f\u00f6r plast och well - Europress Group\",\"isPartOf\":{\"@id\":\"https:\\\/\\\/europressgroup.com\\\/sv\\\/#website\"},\"primaryImageOfPage\":{\"@id\":\"https:\\\/\\\/europressgroup.com\\\/sv\\\/balpressar\\\/#primaryimage\"},\"image\":{\"@id\":\"https:\\\/\\\/europressgroup.com\\\/sv\\\/balpressar\\\/#primaryimage\"},\"thumbnailUrl\":\"https:\\\/\\\/europressgroup.com\\\/wp-content\\\/uploads\\\/2019\\\/03\\\/Europress-Balex-vertical-balers-1920x1280px.jpg\",\"datePublished\":\"2019-02-26T12:27:04+00:00\",\"dateModified\":\"2022-04-08T11:29:46+00:00\",\"description\":\"Balex \u00e4r Europress egna produktlinje. Balpressarna finns i flera olika storlekar f\u00f6r att passa era behov med utrymesbesparande design.\",\"breadcrumb\":{\"@id\":\"https:\\\/\\\/europressgroup.com\\\/sv\\\/balpressar\\\/#breadcrumb\"},\"inLanguage\":\"sv-SE\",\"potentialAction\":[{\"@type\":\"ReadAction\",\"target\":[\"https:\\\/\\\/europressgroup.com\\\/sv\\\/balpressar\\\/\"]}]},{\"@type\":\"ImageObject\",\"inLanguage\":\"sv-SE\",\"@id\":\"https:\\\/\\\/europressgroup.com\\\/sv\\\/balpressar\\\/#primaryimage\",\"url\":\"https:\\\/\\\/europressgroup.com\\\/wp-content\\\/uploads\\\/2019\\\/03\\\/Europress-Balex-vertical-balers-1920x1280px.jpg\",\"contentUrl\":\"https:\\\/\\\/europressgroup.com\\\/wp-content\\\/uploads\\\/2019\\\/03\\\/Europress-Balex-vertical-balers-1920x1280px.jpg\",\"width\":1920,\"height\":1280,\"caption\":\"waste baler\"},{\"@type\":\"BreadcrumbList\",\"@id\":\"https:\\\/\\\/europressgroup.com\\\/sv\\\/balpressar\\\/#breadcrumb\",\"itemListElement\":[{\"@type\":\"ListItem\",\"position\":1,\"name\":\"Home\",\"item\":\"https:\\\/\\\/europressgroup.com\\\/sv\\\/\"},{\"@type\":\"ListItem\",\"position\":2,\"name\":\"BALPRESSAR\"}]},{\"@type\":\"WebSite\",\"@id\":\"https:\\\/\\\/europressgroup.com\\\/sv\\\/#website\",\"url\":\"https:\\\/\\\/europressgroup.com\\\/sv\\\/\",\"name\":\"Europress Group\",\"description\":\"Northern European leader in Environmental Technology\",\"publisher\":{\"@id\":\"https:\\\/\\\/europressgroup.com\\\/sv\\\/#organization\"},\"potentialAction\":[{\"@type\":\"SearchAction\",\"target\":{\"@type\":\"EntryPoint\",\"urlTemplate\":\"https:\\\/\\\/europressgroup.com\\\/sv\\\/?s={search_term_string}\"},\"query-input\":{\"@type\":\"PropertyValueSpecification\",\"valueRequired\":true,\"valueName\":\"search_term_string\"}}],\"inLanguage\":\"sv-SE\"},{\"@type\":\"Organization\",\"@id\":\"https:\\\/\\\/europressgroup.com\\\/sv\\\/#organization\",\"name\":\"Europress Group\",\"url\":\"https:\\\/\\\/europressgroup.com\\\/sv\\\/\",\"logo\":{\"@type\":\"ImageObject\",\"inLanguage\":\"sv-SE\",\"@id\":\"https:\\\/\\\/europressgroup.com\\\/sv\\\/#\\\/schema\\\/logo\\\/image\\\/\",\"url\":\"https:\\\/\\\/europressgroup.com\\\/wp-content\\\/uploads\\\/2018\\\/12\\\/Europress-logo-1.png\",\"contentUrl\":\"https:\\\/\\\/europressgroup.com\\\/wp-content\\\/uploads\\\/2018\\\/12\\\/Europress-logo-1.png\",\"width\":478,\"height\":75,\"caption\":\"Europress Group\"},\"image\":{\"@id\":\"https:\\\/\\\/europressgroup.com\\\/sv\\\/#\\\/schema\\\/logo\\\/image\\\/\"},\"sameAs\":[\"https:\\\/\\\/www.facebook.com\\\/europresswastehandling\",\"https:\\\/\\\/x.com\\\/EPWastehandling\",\"https:\\\/\\\/www.instagram.com\\\/europressgroup\\\/\",\"https:\\\/\\\/www.linkedin.com\\\/company\\\/europress\"],\"publishingPrinciples\":\"https:\\\/\\\/europressgroup.com\\\/environment-safety-quality\\\/\",\"ownershipFundingInfo\":\"https:\\\/\\\/europressgroup.com\\\/history\\\/\",\"actionableFeedbackPolicy\":\"https:\\\/\\\/europressgroup.com\\\/customer-feedback\\\/\",\"correctionsPolicy\":\"https:\\\/\\\/europressgroup.com\\\/customer-feedback\\\/\",\"ethicsPolicy\":\"https:\\\/\\\/europressgroup.com\\\/responsibility\\\/\"}]}<\/script>\n<!-- \/ Yoast SEO Premium plugin. -->","yoast_head_json":{"title":"BALPRESSAR, Balex f\u00f6r plast och well - Europress Group","description":"Balex \u00e4r Europress egna produktlinje. Balpressarna finns i flera olika storlekar f\u00f6r att passa era behov med utrymesbesparande design.","robots":{"index":"index","follow":"follow","max-snippet":"max-snippet:-1","max-image-preview":"max-image-preview:large","max-video-preview":"max-video-preview:-1"},"canonical":"https:\/\/europressgroup.com\/sv\/balpressar\/","og_locale":"sv_SE","og_type":"article","og_title":"BALPRESSAR","og_description":"VERTIKALA BALPRESSAR I KOMPAKT UTF\u00d6RANDEBALEX\u00ae BALPRESSAR F\u00d6R KARTONG, TEXTIL OCH PLAST Balpressar \u00e4r perfekt f\u00f6r er som har begr\u00e4nsat med utrymme eller","og_url":"https:\/\/europressgroup.com\/sv\/balpressar\/","og_site_name":"Europress Group","article_publisher":"https:\/\/www.facebook.com\/europresswastehandling","article_modified_time":"2022-04-08T11:29:46+00:00","og_image":[{"width":1920,"height":1280,"url":"https:\/\/europressgroup.com\/wp-content\/uploads\/2019\/03\/Europress-Balex-vertical-balers-1920x1280px.jpg","type":"image\/jpeg"}],"twitter_card":"summary_large_image","twitter_site":"@EPWastehandling","twitter_misc":{"Ber\u00e4knad l\u00e4stid":"3 minuter"},"schema":{"@context":"https:\/\/schema.org","@graph":[{"@type":"WebPage","@id":"https:\/\/europressgroup.com\/sv\/balpressar\/","url":"https:\/\/europressgroup.com\/sv\/balpressar\/","name":"BALPRESSAR, Balex f\u00f6r plast och well - Europress Group","isPartOf":{"@id":"https:\/\/europressgroup.com\/sv\/#website"},"primaryImageOfPage":{"@id":"https:\/\/europressgroup.com\/sv\/balpressar\/#primaryimage"},"image":{"@id":"https:\/\/europressgroup.com\/sv\/balpressar\/#primaryimage"},"thumbnailUrl":"https:\/\/europressgroup.com\/wp-content\/uploads\/2019\/03\/Europress-Balex-vertical-balers-1920x1280px.jpg","datePublished":"2019-02-26T12:27:04+00:00","dateModified":"2022-04-08T11:29:46+00:00","description":"Balex \u00e4r Europress egna produktlinje. Balpressarna finns i flera olika storlekar f\u00f6r att passa era behov med utrymesbesparande design.","breadcrumb":{"@id":"https:\/\/europressgroup.com\/sv\/balpressar\/#breadcrumb"},"inLanguage":"sv-SE","potentialAction":[{"@type":"ReadAction","target":["https:\/\/europressgroup.com\/sv\/balpressar\/"]}]},{"@type":"ImageObject","inLanguage":"sv-SE","@id":"https:\/\/europressgroup.com\/sv\/balpressar\/#primaryimage","url":"https:\/\/europressgroup.com\/wp-content\/uploads\/2019\/03\/Europress-Balex-vertical-balers-1920x1280px.jpg","contentUrl":"https:\/\/europressgroup.com\/wp-content\/uploads\/2019\/03\/Europress-Balex-vertical-balers-1920x1280px.jpg","width":1920,"height":1280,"caption":"waste baler"},{"@type":"BreadcrumbList","@id":"https:\/\/europressgroup.com\/sv\/balpressar\/#breadcrumb","itemListElement":[{"@type":"ListItem","position":1,"name":"Home","item":"https:\/\/europressgroup.com\/sv\/"},{"@type":"ListItem","position":2,"name":"BALPRESSAR"}]},{"@type":"WebSite","@id":"https:\/\/europressgroup.com\/sv\/#website","url":"https:\/\/europressgroup.com\/sv\/","name":"Europress Group","description":"Northern European leader in Environmental Technology","publisher":{"@id":"https:\/\/europressgroup.com\/sv\/#organization"},"potentialAction":[{"@type":"SearchAction","target":{"@type":"EntryPoint","urlTemplate":"https:\/\/europressgroup.com\/sv\/?s={search_term_string}"},"query-input":{"@type":"PropertyValueSpecification","valueRequired":true,"valueName":"search_term_string"}}],"inLanguage":"sv-SE"},{"@type":"Organization","@id":"https:\/\/europressgroup.com\/sv\/#organization","name":"Europress Group","url":"https:\/\/europressgroup.com\/sv\/","logo":{"@type":"ImageObject","inLanguage":"sv-SE","@id":"https:\/\/europressgroup.com\/sv\/#\/schema\/logo\/image\/","url":"https:\/\/europressgroup.com\/wp-content\/uploads\/2018\/12\/Europress-logo-1.png","contentUrl":"https:\/\/europressgroup.com\/wp-content\/uploads\/2018\/12\/Europress-logo-1.png","width":478,"height":75,"caption":"Europress Group"},"image":{"@id":"https:\/\/europressgroup.com\/sv\/#\/schema\/logo\/image\/"},"sameAs":["https:\/\/www.facebook.com\/europresswastehandling","https:\/\/x.com\/EPWastehandling","https:\/\/www.instagram.com\/europressgroup\/","https:\/\/www.linkedin.com\/company\/europress"],"publishingPrinciples":"https:\/\/europressgroup.com\/environment-safety-quality\/","ownershipFundingInfo":"https:\/\/europressgroup.com\/history\/","actionableFeedbackPolicy":"https:\/\/europressgroup.com\/customer-feedback\/","correctionsPolicy":"https:\/\/europressgroup.com\/customer-feedback\/","ethicsPolicy":"https:\/\/europressgroup.com\/responsibility\/"}]}},"_links":{"self":[{"href":"https:\/\/europressgroup.com\/sv\/wp-json\/wp\/v2\/pages\/74380","targetHints":{"allow":["GET"]}}],"collection":[{"href":"https:\/\/europressgroup.com\/sv\/wp-json\/wp\/v2\/pages"}],"about":[{"href":"https:\/\/europressgroup.com\/sv\/wp-json\/wp\/v2\/types\/page"}],"author":[{"embeddable":true,"href":"https:\/\/europressgroup.com\/sv\/wp-json\/wp\/v2\/users\/25"}],"replies":[{"embeddable":true,"href":"https:\/\/europressgroup.com\/sv\/wp-json\/wp\/v2\/comments?post=74380"}],"version-history":[{"count":21,"href":"https:\/\/europressgroup.com\/sv\/wp-json\/wp\/v2\/pages\/74380\/revisions"}],"predecessor-version":[{"id":111686,"href":"https:\/\/europressgroup.com\/sv\/wp-json\/wp\/v2\/pages\/74380\/revisions\/111686"}],"wp:featuredmedia":[{"embeddable":true,"href":"https:\/\/europressgroup.com\/sv\/wp-json\/wp\/v2\/media\/74381"}],"wp:attachment":[{"href":"https:\/\/europressgroup.com\/sv\/wp-json\/wp\/v2\/media?parent=74380"}],"curies":[{"name":"wp","href":"https:\/\/api.w.org\/{rel}","templated":true}]}}