{"id":139259,"date":"2024-05-06T09:29:13","date_gmt":"2024-05-06T06:29:13","guid":{"rendered":"https:\/\/europressgroup.com\/?page_id=139259"},"modified":"2024-11-27T12:25:12","modified_gmt":"2024-11-27T10:25:12","slug":"combimax-lite","status":"publish","type":"page","link":"https:\/\/europressgroup.com\/sv\/combimax-lite\/","title":{"rendered":"NYHET! COMBIMAX LITE &#8211; M\u00c5NGSIDIG AVFALLSKOMPRIMATOR F\u00d6R AKTIV ANV\u00c4NDNING"},"content":{"rendered":"<div class=\"wpb-content-wrapper\"><p>[vc_row row_height_percent=&#8221;0&#8243; override_padding=&#8221;yes&#8221; h_padding=&#8221;2&#8243; top_padding=&#8221;4&#8243; bottom_padding=&#8221;1&#8243; overlay_alpha=&#8221;50&#8243; equal_height=&#8221;yes&#8221; gutter_size=&#8221;3&#8243; column_width_percent=&#8221;100&#8243; shift_y=&#8221;0&#8243; z_index=&#8221;0&#8243; row_name=&#8221;Highlights&#8221;][vc_column column_width_percent=&#8221;100&#8243; position_horizontal=&#8221;left&#8221; position_vertical=&#8221;middle&#8221; gutter_size=&#8221;3&#8243; override_padding=&#8221;yes&#8221; column_padding=&#8221;2&#8243; overlay_alpha=&#8221;50&#8243; shift_x=&#8221;0&#8243; shift_y=&#8221;0&#8243; shift_y_down=&#8221;0&#8243; z_index=&#8221;0&#8243; medium_width=&#8221;4&#8243; mobile_width=&#8221;0&#8243; zoom_width=&#8221;0&#8243; zoom_height=&#8221;0&#8243; width=&#8221;1\/2&#8243;][vc_single_image media=&#8221;139269&#8243; media_width_percent=&#8221;100&#8243; image=&#8221;2286&#8243; border_color=&#8221;grey&#8221; img_link_target=&#8221;_self&#8221; img_size=&#8221;full&#8221; uncode_shortcode_id=&#8221;199317&#8243;][\/vc_column][vc_column column_width_percent=&#8221;100&#8243; position_vertical=&#8221;middle&#8221; align_horizontal=&#8221;align_center&#8221; gutter_size=&#8221;3&#8243; expand_height=&#8221;yes&#8221; overlay_alpha=&#8221;50&#8243; shift_x=&#8221;0&#8243; shift_y=&#8221;0&#8243; shift_y_down=&#8221;0&#8243; z_index=&#8221;0&#8243; medium_width=&#8221;4&#8243; mobile_width=&#8221;0&#8243; zoom_width=&#8221;0&#8243; zoom_height=&#8221;0&#8243; width=&#8221;1\/6&#8243;][vc_icon icon=&#8221;fa fa-recycle&#8221; size=&#8221;fa-3x&#8221; text_height=&#8221;fontheight-179065&#8243; title=&#8221;ANV\u00c4NDNING&#8221; uncode_shortcode_id=&#8221;175885&#8243;]Torrt br\u00e4nnbart avfall<\/p>\n<p>Wellpapp<\/p>\n<p>Plast[\/vc_icon][\/vc_column][vc_column column_width_percent=&#8221;100&#8243; align_horizontal=&#8221;align_center&#8221; gutter_size=&#8221;3&#8243; expand_height=&#8221;yes&#8221; overlay_alpha=&#8221;50&#8243; shift_x=&#8221;0&#8243; shift_y=&#8221;0&#8243; shift_y_down=&#8221;0&#8243; z_index=&#8221;0&#8243; medium_width=&#8221;0&#8243; mobile_width=&#8221;0&#8243; width=&#8221;1\/6&#8243;][vc_icon icon=&#8221;fa fa-cogs&#8221; size=&#8221;fa-3x&#8221; text_height=&#8221;fontheight-179065&#8243; title=&#8221;FUNKTIONER&#8221;]Flera containerstorlekar som standard<\/p>\n<p>Stor inmatnings\u00f6ppning<\/p>\n<p>Tillf\u00f6rlitlig och anv\u00e4ndarv\u00e4nlig<\/p>\n<p>Intelligent SMART-teknik[\/vc_icon][\/vc_column][vc_column column_width_percent=&#8221;100&#8243; align_horizontal=&#8221;align_center&#8221; gutter_size=&#8221;3&#8243; expand_height=&#8221;yes&#8221; overlay_alpha=&#8221;50&#8243; shift_x=&#8221;0&#8243; shift_y=&#8221;0&#8243; shift_y_down=&#8221;0&#8243; z_index=&#8221;0&#8243; medium_width=&#8221;0&#8243; mobile_width=&#8221;0&#8243; width=&#8221;1\/6&#8243;][vc_icon icon=&#8221;fa fa-th&#8221; size=&#8221;fa-3x&#8221; text_height=&#8221;fontheight-179065&#8243; title=&#8221;KAPACITET&#8221; uncode_shortcode_id=&#8221;131431&#8243;]10 m\u00b3<\/p>\n<p>14 m\u00b3<\/p>\n<p>17 m\u00b3<\/p>\n<p>20 m\u00b3<\/p>\n<p>22 m\u00b3[\/vc_icon][\/vc_column][\/vc_row][vc_row row_height_percent=&#8221;0&#8243; override_padding=&#8221;yes&#8221; h_padding=&#8221;2&#8243; top_padding=&#8221;3&#8243; bottom_padding=&#8221;2&#8243; back_color=&#8221;color-xsdn&#8221; overlay_alpha=&#8221;100&#8243; equal_height=&#8221;yes&#8221; gutter_size=&#8221;0&#8243; column_width_percent=&#8221;100&#8243; shift_y=&#8221;0&#8243; z_index=&#8221;0&#8243; style=&#8221;dark&#8221; row_name=&#8221;Design &amp; Quality&#8221; uncode_shortcode_id=&#8221;185319&#8243; back_color_type=&#8221;uncode-palette&#8221;][vc_column column_width_percent=&#8221;100&#8243; position_horizontal=&#8221;left&#8221; position_vertical=&#8221;middle&#8221; gutter_size=&#8221;3&#8243; override_padding=&#8221;yes&#8221; column_padding=&#8221;0&#8243; style=&#8221;light&#8221; back_color=&#8221;color-xsdn&#8221; overlay_alpha=&#8221;50&#8243; shift_x=&#8221;0&#8243; shift_y=&#8221;0&#8243; shift_y_down=&#8221;0&#8243; z_index=&#8221;0&#8243; medium_width=&#8221;0&#8243; mobile_width=&#8221;0&#8243; width=&#8221;1\/1&#8243; uncode_shortcode_id=&#8221;122462&#8243; back_color_type=&#8221;uncode-palette&#8221;][vc_custom_heading text_weight=&#8221;700&#8243; text_transform=&#8221;uppercase&#8221; separator_color=&#8221;yes&#8221; separator=&#8221;yes&#8221; sub_lead=&#8221;yes&#8221; sub_reduced=&#8221;yes&#8221; uncode_shortcode_id=&#8221;227462&#8243;]<strong>NYHET COMBIMAX LITE<\/strong><\/p>\n<p><strong>MOBIL AVFALLSKOMPRIMATOR F\u00d6R M\u00c5NGSIDIG ANV\u00c4NDNING<\/strong>[\/vc_custom_heading][vc_column_text uncode_shortcode_id=&#8221;201302&#8243;]Europress <strong>CombiMax Lite \u00e4r en<\/strong> m\u00e5ngsidig och l\u00e4ttanv\u00e4nd avfallskomprimator, en optimerad och l\u00e4ttransporterad version av den popul\u00e4ra <a href=\"https:\/\/europressgroup.com\/sv\/combimax-combi\/\">CombiMax<\/a> avfallskomprimatorn. Den \u00e4r idealisk f\u00f6r en m\u00e4ngd olika avfallshanteringsbehov och \u00e4r ett utm\u00e4rkt alternativ f\u00f6r avfallspallar tack vare sitt effektiva kompressionsf\u00f6rh\u00e5llande. CombiMax Lite \u00e4r en robust avfallskomprimator som \u00e4r konstruerad och tillverkad i Finland f\u00f6r nordiska f\u00f6rh\u00e5llanden. Den har ett s\u00e4rskilt tyst driftljud.<\/p>\n<p>Europress CombiMax Lite har komprimatordelen monterad p\u00e5 beh\u00e5llaren, vilket s\u00e4kerst\u00e4ller hygien p\u00e5 installationsplatsen och vid t\u00f6mning. CombiMax Lite sparar plats, \u00e4r en tillf\u00f6rlitlig och l\u00e4ttanv\u00e4nd l\u00f6sning f\u00f6r avfallshantering i butiker, bostadshus, industrier, hotell och sjukhus. CombiMax Lite \u00e4r l\u00e4mplig f\u00f6r plast, blandat avfall, energifraktion och kartong.<\/p>\n<p>CombiMax Lite avfallskomprimatorer finns med olika beh\u00e5llarstorlekar: 10 m\u00b3, 14 m\u00b3, 17 m\u00b3, 20 m\u00b3 och 22 m\u00b3.[\/vc_column_text][\/vc_column][\/vc_row][vc_row row_height_percent=&#8221;10&#8243; override_padding=&#8221;yes&#8221; h_padding=&#8221;2&#8243; top_padding=&#8221;2&#8243; bottom_padding=&#8221;3&#8243; back_color=&#8221;color-xsdn&#8221; overlay_alpha=&#8221;100&#8243; equal_height=&#8221;yes&#8221; gutter_size=&#8221;0&#8243; column_width_percent=&#8221;100&#8243; shift_y=&#8221;0&#8243; z_index=&#8221;0&#8243; style=&#8221;dark&#8221; row_name=&#8221;Design &amp; Quality&#8221;][vc_column column_width_percent=&#8221;100&#8243; position_horizontal=&#8221;left&#8221; position_vertical=&#8221;middle&#8221; gutter_size=&#8221;3&#8243; override_padding=&#8221;yes&#8221; column_padding=&#8221;0&#8243; back_color=&#8221;color-xsdn&#8221; overlay_alpha=&#8221;50&#8243; shift_x=&#8221;0&#8243; shift_y=&#8221;0&#8243; shift_y_down=&#8221;0&#8243; z_index=&#8221;0&#8243; medium_width=&#8221;0&#8243; mobile_width=&#8221;0&#8243; width=&#8221;2\/3&#8243; uncode_shortcode_id=&#8221;480133&#8243; back_color_type=&#8221;uncode-palette&#8221;][vc_column_text uncode_shortcode_id=&#8221;286565&#8243;]Avfallskomprimatorns intelligenta <a href=\"https:\/\/europressgroup.com\/sv\/smart\/\"><strong>Europress SMART<\/strong><\/a> -teknologi m\u00f6jligg\u00f6r en kostnadseffektiv och s\u00e4ker drift. Utrustningen kan optimeras f\u00f6r olika avfallshanteringsbehov och dess teknologi skyddar b\u00e5de utrustningen och anv\u00e4ndaren fr\u00e5n felaktig anv\u00e4ndning, f\u00f6rhindrar komponentfel och garanterar s\u00e4ker drift. <a href=\"https:\/\/europressgroup.com\/sv\/smart\/\">SMART-teknologin<\/a> garanterar komprimatorns energieffektivitet. CombiMax LITE f\u00f6rbrukar mindre el \u00e4n konventionella avfallskomprimatorer.<\/p>\n<p>CombiMax Lite kan anslutas till <a href=\"https:\/\/europressgroup.com\/sv\/smart\/\"><strong>Europress SMART-n\u00e4tverket.<\/strong><\/a>[\/vc_column_text][\/vc_column][vc_column width=&#8221;1\/3&#8243;][vc_single_image media=&#8221;73921&#8243; media_width_percent=&#8221;60&#8243; alignment=&#8221;center&#8221; media_link=&#8221;|||&#8221; uncode_shortcode_id=&#8221;191583&#8243;][\/vc_column][\/vc_row][vc_row unlock_row_content=&#8221;yes&#8221; row_height_percent=&#8221;0&#8243; override_padding=&#8221;yes&#8221; h_padding=&#8221;2&#8243; top_padding=&#8221;4&#8243; bottom_padding=&#8221;4&#8243; back_color=&#8221;color-rgdb&#8221; overlay_alpha=&#8221;50&#8243; gutter_size=&#8221;3&#8243; column_width_percent=&#8221;100&#8243; shift_y=&#8221;0&#8243; z_index=&#8221;0&#8243; row_name=&#8221;Gallery&#8221;][vc_column column_width_use_pixel=&#8221;yes&#8221; align_horizontal=&#8221;align_center&#8221; gutter_size=&#8221;3&#8243; style=&#8221;dark&#8221; overlay_alpha=&#8221;50&#8243; shift_x=&#8221;0&#8243; shift_y=&#8221;0&#8243; medium_width=&#8221;0&#8243; zoom_width=&#8221;0&#8243; zoom_height=&#8221;0&#8243; column_width_pixel=&#8221;1400&#8243;][vc_custom_heading text_transform=&#8221;uppercase&#8221; separator=&#8221;yes&#8221; sub_lead=&#8221;yes&#8221;]Media[\/vc_custom_heading][vc_gallery el_id=&#8221;gallery-47626&#8243; type=&#8221;carousel&#8221; medias=&#8221;138599,139298,73443,73150,73444&#8243; carousel_lg=&#8221;3&#8243; carousel_md=&#8221;2&#8243; carousel_sm=&#8221;1&#8243; thumb_size=&#8221;one-one&#8221; gutter_size=&#8221;2&#8243; media_items=&#8221;media,icon&#8221; carousel_interval=&#8221;3000&#8243; carousel_navspeed=&#8221;400&#8243; carousel_nav=&#8221;yes&#8221; carousel_dots=&#8221;yes&#8221; stage_padding=&#8221;0&#8243; single_overlay_opacity=&#8221;50&#8243; single_image_anim=&#8221;no&#8221; single_h_align=&#8221;center&#8221; single_padding=&#8221;2&#8243; single_icon=&#8221;fa fa-search3&#8243; single_shadow=&#8221;yes&#8221; single_border=&#8221;yes&#8221; carousel_rtl=&#8221;&#8221; single_title_uppercase=&#8221;&#8221; uncode_shortcode_id=&#8221;895811&#8243;][\/vc_column][\/vc_row][vc_row row_height_percent=&#8221;50&#8243; override_padding=&#8221;yes&#8221; h_padding=&#8221;2&#8243; top_padding=&#8221;0&#8243; bottom_padding=&#8221;0&#8243; back_color=&#8221;color-lxmt&#8221; overlay_alpha=&#8221;100&#8243; equal_height=&#8221;yes&#8221; gutter_size=&#8221;0&#8243; column_width_percent=&#8221;100&#8243; shift_y=&#8221;0&#8243; z_index=&#8221;0&#8243; style=&#8221;dark&#8221; row_name=&#8221;Design &amp; Quality&#8221;][vc_column column_width_percent=&#8221;100&#8243; align_horizontal=&#8221;align_center&#8221; gutter_size=&#8221;3&#8243; override_padding=&#8221;yes&#8221; column_padding=&#8221;4&#8243; style=&#8221;light&#8221; back_color=&#8221;color-lxmt&#8221; overlay_alpha=&#8221;50&#8243; shift_x=&#8221;0&#8243; shift_y=&#8221;0&#8243; shift_y_down=&#8221;0&#8243; z_index=&#8221;0&#8243; medium_width=&#8221;0&#8243; mobile_width=&#8221;0&#8243; width=&#8221;1\/1&#8243;][vc_custom_heading text_weight=&#8221;700&#8243; text_transform=&#8221;uppercase&#8221; separator_color=&#8221;yes&#8221; separator=&#8221;yes&#8221; sub_lead=&#8221;yes&#8221; sub_reduced=&#8221;yes&#8221;]YTTERLIGARE INFORMATION[\/vc_custom_heading][vc_tabs][vc_tab title=&#8221;TEKNISKA SPECIFIKATIONER&#8221; tab_id=&#8221;1551168098-1-371714976536357&#8243;][vc_column_text uncode_shortcode_id=&#8221;520719&#8243;]<\/p>\n<h3><strong>CombiMax Lite<\/strong><\/h3>\n<p><strong>Inmatnings\u00f6ppning (mm)<\/strong><br \/>\n1930 x 1800<\/p>\n<p><strong>Inmatningsh\u00f6jd (markniv\u00e5) (mm)<\/strong><br \/>\n1480 x 1300<\/p>\n<p><strong>Komprimeringskraft (t)<\/strong><br \/>\n26<\/p>\n<p><strong>Cykeltid (s)<\/strong><br \/>\n55<\/p>\n<p><strong>Kapacitet, wellpapp (m\u00b3 \/h)<\/strong><br \/>\n<span dir=\"ltr\" role=\"presentation\">93<\/span><\/p>\n<p><strong>Motor (kW)<\/strong><br \/>\n4<\/p>\n<p><strong>Str\u00f6mtillf\u00f6rsel<\/strong><br \/>\n400 V 3xC16 A[\/vc_column_text][\/vc_tab][vc_tab title=&#8221;STANDARDUTRUSTNING&#8221; tab_id=&#8221;1551168098-2-881714976536357&#8243;][vc_column_text uncode_shortcode_id=&#8221;124138&#8243;]Bl\u00e5 f\u00e4rg RAL5017<\/p>\n<p>Inkasttratt i standardutf\u00f6rande<\/p>\n<p>Fr\u00e4mre \/ bakre lyftkrokar<\/p>\n<p>Intelligent SMART-teknik<\/p>\n<p>F\u00f6rberedd f\u00f6r uppkoppling till Europress SMART[\/vc_column_text][\/vc_tab][vc_tab title=&#8221;TILLVAL&#8221; tab_id=&#8221;1551168147535-2-21714976536357&#8243;][vc_column_text uncode_shortcode_id=&#8221;633507&#8243;]Plattform med fylltratt<br \/>\nS\u00e4nkt inmatnings\u00f6ppning<br \/>\nHjul fram\/bak<br \/>\nSpecialf\u00e4rg<br \/>\nAutomatisk elektronisk<br \/>\nmekanism f\u00f6r \u00f6ppning av locket<br \/>\nK\u00e4rlv\u00e4ndare[\/vc_column_text][\/vc_tab][\/vc_tabs][\/vc_column][\/vc_row][vc_row][vc_column width=&#8221;1\/1&#8243;][uncode_block id=&#8221;73192&#8243;][\/vc_column][\/vc_row]<\/p>\n<\/div>","protected":false},"excerpt":{"rendered":"<p>[vc_row row_height_percent=&#8221;0&#8243; override_padding=&#8221;yes&#8221; h_padding=&#8221;2&#8243; top_padding=&#8221;4&#8243; bottom_padding=&#8221;1&#8243; overlay_alpha=&#8221;50&#8243; equal_height=&#8221;yes&#8221; gutter_size=&#8221;3&#8243; column_width_percent=&#8221;100&#8243; shift_y=&#8221;0&#8243; z_index=&#8221;0&#8243; row_name=&#8221;Highlights&#8221;][vc_column column_width_percent=&#8221;100&#8243; position_horizontal=&#8221;left&#8221; position_vertical=&#8221;middle&#8221; gutter_size=&#8221;3&#8243; override_padding=&#8221;yes&#8221; column_padding=&#8221;2&#8243; overlay_alpha=&#8221;50&#8243; [&hellip;]<\/p>\n","protected":false},"author":25,"featured_media":138599,"parent":0,"menu_order":0,"comment_status":"closed","ping_status":"closed","template":"","meta":{"footnotes":""},"class_list":["post-139259","page","type-page","status-publish","has-post-thumbnail","hentry","page_category-blandavfall","page_category-forbranningsavfall"],"yoast_head":"<!-- This site is optimized with the Yoast SEO Premium plugin v27.3 (Yoast SEO v27.3) - https:\/\/yoast.com\/product\/yoast-seo-premium-wordpress\/ -->\n<title>NYHET! COMBIMAX LITE - M\u00c5NGSIDIG AVFALLSKOMPRIMATOR F\u00d6R AKTIV ANV\u00c4NDNING - Europress Group<\/title>\n<meta name=\"description\" content=\"CombiMax Lite sparar plats, \u00e4r en tillf\u00f6rlitlig och l\u00e4ttanv\u00e4nd l\u00f6sning f\u00f6r avfallshantering i butiker, bostadshus, industrier, hotell och sjukhus. CombiMax Lite \u00e4r l\u00e4mplig f\u00f6r plast, blandat avfall, energifraktion och kartong.\" \/>\n<meta name=\"robots\" content=\"index, follow, max-snippet:-1, max-image-preview:large, max-video-preview:-1\" \/>\n<link rel=\"canonical\" href=\"https:\/\/europressgroup.com\/sv\/combimax-lite\/\" \/>\n<meta property=\"og:locale\" content=\"sv_SE\" \/>\n<meta property=\"og:type\" content=\"article\" \/>\n<meta property=\"og:title\" content=\"NYHET! COMBIMAX LITE - M\u00c5NGSIDIG AVFALLSKOMPRIMATOR F\u00d6R AKTIV ANV\u00c4NDNING\" \/>\n<meta property=\"og:description\" content=\"Torrt br\u00e4nnbart avfall Wellpapp PlastFlera containerstorlekar som standard Stor inmatnings\u00f6ppning Tillf\u00f6rlitlig och anv\u00e4ndarv\u00e4nlig Intelligent\" \/>\n<meta property=\"og:url\" content=\"https:\/\/europressgroup.com\/sv\/combimax-lite\/\" \/>\n<meta property=\"og:site_name\" content=\"Europress Group\" \/>\n<meta property=\"article:publisher\" content=\"https:\/\/www.facebook.com\/europresswastehandling\" \/>\n<meta property=\"article:modified_time\" content=\"2024-11-27T10:25:12+00:00\" \/>\n<meta property=\"og:image\" content=\"https:\/\/europressgroup.com\/wp-content\/uploads\/2024\/04\/combimax_hopper_4_outside.jpg\" \/>\n\t<meta property=\"og:image:width\" content=\"1920\" \/>\n\t<meta property=\"og:image:height\" content=\"1280\" \/>\n\t<meta property=\"og:image:type\" content=\"image\/jpeg\" \/>\n<meta name=\"twitter:card\" content=\"summary_large_image\" \/>\n<meta name=\"twitter:site\" content=\"@EPWastehandling\" \/>\n<meta name=\"twitter:label1\" content=\"Ber\u00e4knad l\u00e4stid\" \/>\n\t<meta name=\"twitter:data1\" content=\"3 minuter\" \/>\n<script type=\"application\/ld+json\" class=\"yoast-schema-graph\">{\"@context\":\"https:\\\/\\\/schema.org\",\"@graph\":[{\"@type\":\"WebPage\",\"@id\":\"https:\\\/\\\/europressgroup.com\\\/sv\\\/combimax-lite\\\/\",\"url\":\"https:\\\/\\\/europressgroup.com\\\/sv\\\/combimax-lite\\\/\",\"name\":\"NYHET! COMBIMAX LITE - M\u00c5NGSIDIG AVFALLSKOMPRIMATOR F\u00d6R AKTIV ANV\u00c4NDNING - Europress Group\",\"isPartOf\":{\"@id\":\"https:\\\/\\\/europressgroup.com\\\/sv\\\/#website\"},\"primaryImageOfPage\":{\"@id\":\"https:\\\/\\\/europressgroup.com\\\/sv\\\/combimax-lite\\\/#primaryimage\"},\"image\":{\"@id\":\"https:\\\/\\\/europressgroup.com\\\/sv\\\/combimax-lite\\\/#primaryimage\"},\"thumbnailUrl\":\"https:\\\/\\\/europressgroup.com\\\/wp-content\\\/uploads\\\/2024\\\/04\\\/combimax_hopper_4_outside.jpg\",\"datePublished\":\"2024-05-06T06:29:13+00:00\",\"dateModified\":\"2024-11-27T10:25:12+00:00\",\"description\":\"CombiMax Lite sparar plats, \u00e4r en tillf\u00f6rlitlig och l\u00e4ttanv\u00e4nd l\u00f6sning f\u00f6r avfallshantering i butiker, bostadshus, industrier, hotell och sjukhus. CombiMax Lite \u00e4r l\u00e4mplig f\u00f6r plast, blandat avfall, energifraktion och kartong.\",\"breadcrumb\":{\"@id\":\"https:\\\/\\\/europressgroup.com\\\/sv\\\/combimax-lite\\\/#breadcrumb\"},\"inLanguage\":\"sv-SE\",\"potentialAction\":[{\"@type\":\"ReadAction\",\"target\":[\"https:\\\/\\\/europressgroup.com\\\/sv\\\/combimax-lite\\\/\"]}]},{\"@type\":\"ImageObject\",\"inLanguage\":\"sv-SE\",\"@id\":\"https:\\\/\\\/europressgroup.com\\\/sv\\\/combimax-lite\\\/#primaryimage\",\"url\":\"https:\\\/\\\/europressgroup.com\\\/wp-content\\\/uploads\\\/2024\\\/04\\\/combimax_hopper_4_outside.jpg\",\"contentUrl\":\"https:\\\/\\\/europressgroup.com\\\/wp-content\\\/uploads\\\/2024\\\/04\\\/combimax_hopper_4_outside.jpg\",\"width\":1920,\"height\":1280},{\"@type\":\"BreadcrumbList\",\"@id\":\"https:\\\/\\\/europressgroup.com\\\/sv\\\/combimax-lite\\\/#breadcrumb\",\"itemListElement\":[{\"@type\":\"ListItem\",\"position\":1,\"name\":\"Home\",\"item\":\"https:\\\/\\\/europressgroup.com\\\/sv\\\/\"},{\"@type\":\"ListItem\",\"position\":2,\"name\":\"NYHET! COMBIMAX LITE &#8211; M\u00c5NGSIDIG AVFALLSKOMPRIMATOR F\u00d6R AKTIV ANV\u00c4NDNING\"}]},{\"@type\":\"WebSite\",\"@id\":\"https:\\\/\\\/europressgroup.com\\\/sv\\\/#website\",\"url\":\"https:\\\/\\\/europressgroup.com\\\/sv\\\/\",\"name\":\"Europress Group\",\"description\":\"Northern European leader in Environmental Technology\",\"publisher\":{\"@id\":\"https:\\\/\\\/europressgroup.com\\\/sv\\\/#organization\"},\"potentialAction\":[{\"@type\":\"SearchAction\",\"target\":{\"@type\":\"EntryPoint\",\"urlTemplate\":\"https:\\\/\\\/europressgroup.com\\\/sv\\\/?s={search_term_string}\"},\"query-input\":{\"@type\":\"PropertyValueSpecification\",\"valueRequired\":true,\"valueName\":\"search_term_string\"}}],\"inLanguage\":\"sv-SE\"},{\"@type\":\"Organization\",\"@id\":\"https:\\\/\\\/europressgroup.com\\\/sv\\\/#organization\",\"name\":\"Europress Group\",\"url\":\"https:\\\/\\\/europressgroup.com\\\/sv\\\/\",\"logo\":{\"@type\":\"ImageObject\",\"inLanguage\":\"sv-SE\",\"@id\":\"https:\\\/\\\/europressgroup.com\\\/sv\\\/#\\\/schema\\\/logo\\\/image\\\/\",\"url\":\"https:\\\/\\\/europressgroup.com\\\/wp-content\\\/uploads\\\/2018\\\/12\\\/Europress-logo-1.png\",\"contentUrl\":\"https:\\\/\\\/europressgroup.com\\\/wp-content\\\/uploads\\\/2018\\\/12\\\/Europress-logo-1.png\",\"width\":478,\"height\":75,\"caption\":\"Europress Group\"},\"image\":{\"@id\":\"https:\\\/\\\/europressgroup.com\\\/sv\\\/#\\\/schema\\\/logo\\\/image\\\/\"},\"sameAs\":[\"https:\\\/\\\/www.facebook.com\\\/europresswastehandling\",\"https:\\\/\\\/x.com\\\/EPWastehandling\",\"https:\\\/\\\/www.instagram.com\\\/europressgroup\\\/\",\"https:\\\/\\\/www.linkedin.com\\\/company\\\/europress\"],\"publishingPrinciples\":\"https:\\\/\\\/europressgroup.com\\\/environment-safety-quality\\\/\",\"ownershipFundingInfo\":\"https:\\\/\\\/europressgroup.com\\\/history\\\/\",\"actionableFeedbackPolicy\":\"https:\\\/\\\/europressgroup.com\\\/customer-feedback\\\/\",\"correctionsPolicy\":\"https:\\\/\\\/europressgroup.com\\\/customer-feedback\\\/\",\"ethicsPolicy\":\"https:\\\/\\\/europressgroup.com\\\/responsibility\\\/\"}]}<\/script>\n<!-- \/ Yoast SEO Premium plugin. -->","yoast_head_json":{"title":"NYHET! COMBIMAX LITE - M\u00c5NGSIDIG AVFALLSKOMPRIMATOR F\u00d6R AKTIV ANV\u00c4NDNING - Europress Group","description":"CombiMax Lite sparar plats, \u00e4r en tillf\u00f6rlitlig och l\u00e4ttanv\u00e4nd l\u00f6sning f\u00f6r avfallshantering i butiker, bostadshus, industrier, hotell och sjukhus. CombiMax Lite \u00e4r l\u00e4mplig f\u00f6r plast, blandat avfall, energifraktion och kartong.","robots":{"index":"index","follow":"follow","max-snippet":"max-snippet:-1","max-image-preview":"max-image-preview:large","max-video-preview":"max-video-preview:-1"},"canonical":"https:\/\/europressgroup.com\/sv\/combimax-lite\/","og_locale":"sv_SE","og_type":"article","og_title":"NYHET! COMBIMAX LITE - M\u00c5NGSIDIG AVFALLSKOMPRIMATOR F\u00d6R AKTIV ANV\u00c4NDNING","og_description":"Torrt br\u00e4nnbart avfall Wellpapp PlastFlera containerstorlekar som standard Stor inmatnings\u00f6ppning Tillf\u00f6rlitlig och anv\u00e4ndarv\u00e4nlig Intelligent","og_url":"https:\/\/europressgroup.com\/sv\/combimax-lite\/","og_site_name":"Europress Group","article_publisher":"https:\/\/www.facebook.com\/europresswastehandling","article_modified_time":"2024-11-27T10:25:12+00:00","og_image":[{"width":1920,"height":1280,"url":"https:\/\/europressgroup.com\/wp-content\/uploads\/2024\/04\/combimax_hopper_4_outside.jpg","type":"image\/jpeg"}],"twitter_card":"summary_large_image","twitter_site":"@EPWastehandling","twitter_misc":{"Ber\u00e4knad l\u00e4stid":"3 minuter"},"schema":{"@context":"https:\/\/schema.org","@graph":[{"@type":"WebPage","@id":"https:\/\/europressgroup.com\/sv\/combimax-lite\/","url":"https:\/\/europressgroup.com\/sv\/combimax-lite\/","name":"NYHET! COMBIMAX LITE - M\u00c5NGSIDIG AVFALLSKOMPRIMATOR F\u00d6R AKTIV ANV\u00c4NDNING - Europress Group","isPartOf":{"@id":"https:\/\/europressgroup.com\/sv\/#website"},"primaryImageOfPage":{"@id":"https:\/\/europressgroup.com\/sv\/combimax-lite\/#primaryimage"},"image":{"@id":"https:\/\/europressgroup.com\/sv\/combimax-lite\/#primaryimage"},"thumbnailUrl":"https:\/\/europressgroup.com\/wp-content\/uploads\/2024\/04\/combimax_hopper_4_outside.jpg","datePublished":"2024-05-06T06:29:13+00:00","dateModified":"2024-11-27T10:25:12+00:00","description":"CombiMax Lite sparar plats, \u00e4r en tillf\u00f6rlitlig och l\u00e4ttanv\u00e4nd l\u00f6sning f\u00f6r avfallshantering i butiker, bostadshus, industrier, hotell och sjukhus. CombiMax Lite \u00e4r l\u00e4mplig f\u00f6r plast, blandat avfall, energifraktion och kartong.","breadcrumb":{"@id":"https:\/\/europressgroup.com\/sv\/combimax-lite\/#breadcrumb"},"inLanguage":"sv-SE","potentialAction":[{"@type":"ReadAction","target":["https:\/\/europressgroup.com\/sv\/combimax-lite\/"]}]},{"@type":"ImageObject","inLanguage":"sv-SE","@id":"https:\/\/europressgroup.com\/sv\/combimax-lite\/#primaryimage","url":"https:\/\/europressgroup.com\/wp-content\/uploads\/2024\/04\/combimax_hopper_4_outside.jpg","contentUrl":"https:\/\/europressgroup.com\/wp-content\/uploads\/2024\/04\/combimax_hopper_4_outside.jpg","width":1920,"height":1280},{"@type":"BreadcrumbList","@id":"https:\/\/europressgroup.com\/sv\/combimax-lite\/#breadcrumb","itemListElement":[{"@type":"ListItem","position":1,"name":"Home","item":"https:\/\/europressgroup.com\/sv\/"},{"@type":"ListItem","position":2,"name":"NYHET! COMBIMAX LITE &#8211; M\u00c5NGSIDIG AVFALLSKOMPRIMATOR F\u00d6R AKTIV ANV\u00c4NDNING"}]},{"@type":"WebSite","@id":"https:\/\/europressgroup.com\/sv\/#website","url":"https:\/\/europressgroup.com\/sv\/","name":"Europress Group","description":"Northern European leader in Environmental Technology","publisher":{"@id":"https:\/\/europressgroup.com\/sv\/#organization"},"potentialAction":[{"@type":"SearchAction","target":{"@type":"EntryPoint","urlTemplate":"https:\/\/europressgroup.com\/sv\/?s={search_term_string}"},"query-input":{"@type":"PropertyValueSpecification","valueRequired":true,"valueName":"search_term_string"}}],"inLanguage":"sv-SE"},{"@type":"Organization","@id":"https:\/\/europressgroup.com\/sv\/#organization","name":"Europress Group","url":"https:\/\/europressgroup.com\/sv\/","logo":{"@type":"ImageObject","inLanguage":"sv-SE","@id":"https:\/\/europressgroup.com\/sv\/#\/schema\/logo\/image\/","url":"https:\/\/europressgroup.com\/wp-content\/uploads\/2018\/12\/Europress-logo-1.png","contentUrl":"https:\/\/europressgroup.com\/wp-content\/uploads\/2018\/12\/Europress-logo-1.png","width":478,"height":75,"caption":"Europress Group"},"image":{"@id":"https:\/\/europressgroup.com\/sv\/#\/schema\/logo\/image\/"},"sameAs":["https:\/\/www.facebook.com\/europresswastehandling","https:\/\/x.com\/EPWastehandling","https:\/\/www.instagram.com\/europressgroup\/","https:\/\/www.linkedin.com\/company\/europress"],"publishingPrinciples":"https:\/\/europressgroup.com\/environment-safety-quality\/","ownershipFundingInfo":"https:\/\/europressgroup.com\/history\/","actionableFeedbackPolicy":"https:\/\/europressgroup.com\/customer-feedback\/","correctionsPolicy":"https:\/\/europressgroup.com\/customer-feedback\/","ethicsPolicy":"https:\/\/europressgroup.com\/responsibility\/"}]}},"_links":{"self":[{"href":"https:\/\/europressgroup.com\/sv\/wp-json\/wp\/v2\/pages\/139259","targetHints":{"allow":["GET"]}}],"collection":[{"href":"https:\/\/europressgroup.com\/sv\/wp-json\/wp\/v2\/pages"}],"about":[{"href":"https:\/\/europressgroup.com\/sv\/wp-json\/wp\/v2\/types\/page"}],"author":[{"embeddable":true,"href":"https:\/\/europressgroup.com\/sv\/wp-json\/wp\/v2\/users\/25"}],"replies":[{"embeddable":true,"href":"https:\/\/europressgroup.com\/sv\/wp-json\/wp\/v2\/comments?post=139259"}],"version-history":[{"count":16,"href":"https:\/\/europressgroup.com\/sv\/wp-json\/wp\/v2\/pages\/139259\/revisions"}],"predecessor-version":[{"id":148530,"href":"https:\/\/europressgroup.com\/sv\/wp-json\/wp\/v2\/pages\/139259\/revisions\/148530"}],"wp:featuredmedia":[{"embeddable":true,"href":"https:\/\/europressgroup.com\/sv\/wp-json\/wp\/v2\/media\/138599"}],"wp:attachment":[{"href":"https:\/\/europressgroup.com\/sv\/wp-json\/wp\/v2\/media?parent=139259"}],"curies":[{"name":"wp","href":"https:\/\/api.w.org\/{rel}","templated":true}]}}