{"id":75333,"date":"2019-05-22T21:18:33","date_gmt":"2019-05-22T18:18:33","guid":{"rendered":"https:\/\/europressgroup.com\/?page_id=75333"},"modified":"2025-03-04T09:54:08","modified_gmt":"2025-03-04T07:54:08","slug":"balex-25","status":"publish","type":"page","link":"https:\/\/europressgroup.com\/no\/balex-25\/","title":{"rendered":"Balex-25"},"content":{"rendered":"<div class=\"wpb-content-wrapper\"><p>[vc_row row_height_percent=&raquo;0&#8243; override_padding=&raquo;yes&raquo; h_padding=&raquo;2&#8243; top_padding=&raquo;4&#8243; bottom_padding=&raquo;1&#8243; overlay_alpha=&raquo;50&#8243; equal_height=&raquo;yes&raquo; gutter_size=&raquo;3&#8243; column_width_percent=&raquo;100&#8243; shift_y=&raquo;0&#8243; z_index=&raquo;0&#8243; row_name=&raquo;Highlights&raquo;][vc_column column_width_percent=&raquo;50&#8243; position_horizontal=&raquo;left&raquo; position_vertical=&raquo;middle&raquo; gutter_size=&raquo;3&#8243; override_padding=&raquo;yes&raquo; column_padding=&raquo;2&#8243; overlay_alpha=&raquo;50&#8243; shift_x=&raquo;0&#8243; shift_y=&raquo;0&#8243; shift_y_down=&raquo;0&#8243; z_index=&raquo;0&#8243; medium_width=&raquo;4&#8243; mobile_width=&raquo;0&#8243; zoom_width=&raquo;0&#8243; zoom_height=&raquo;0&#8243; width=&raquo;1\/2&#8243;][vc_single_image media=&raquo;73382&#8243; media_width_percent=&raquo;100&#8243; image=&raquo;2286&#8243; border_color=&raquo;grey&raquo; img_link_target=&raquo;_self&raquo; img_size=&raquo;full&raquo;][\/vc_column][vc_column column_width_percent=&raquo;100&#8243; position_vertical=&raquo;middle&raquo; align_horizontal=&raquo;align_center&raquo; gutter_size=&raquo;3&#8243; expand_height=&raquo;yes&raquo; overlay_alpha=&raquo;50&#8243; shift_x=&raquo;0&#8243; shift_y=&raquo;0&#8243; shift_y_down=&raquo;0&#8243; z_index=&raquo;0&#8243; medium_width=&raquo;4&#8243; mobile_width=&raquo;0&#8243; zoom_width=&raquo;0&#8243; zoom_height=&raquo;0&#8243; width=&raquo;1\/6&#8243;][vc_icon icon=&raquo;fa fa-recycle&raquo; size=&raquo;fa-3x&raquo; text_height=&raquo;fontheight-179065&#8243; title=&raquo;BRUK&raquo;]Papp<\/p>\n<p>Plast<\/p>\n<p>Tekstiler[\/vc_icon][\/vc_column][vc_column column_width_percent=&raquo;100&#8243; align_horizontal=&raquo;align_center&raquo; gutter_size=&raquo;3&#8243; expand_height=&raquo;yes&raquo; overlay_alpha=&raquo;50&#8243; shift_x=&raquo;0&#8243; shift_y=&raquo;0&#8243; shift_y_down=&raquo;0&#8243; z_index=&raquo;0&#8243; medium_width=&raquo;0&#8243; mobile_visibility=&raquo;yes&raquo; mobile_width=&raquo;0&#8243; width=&raquo;1\/6&#8243;][vc_icon icon=&raquo;fa fa-cogs&raquo; size=&raquo;fa-3x&raquo; text_height=&raquo;fontheight-179065&#8243; title=&raquo;FUNKSJONER&raquo;]Lite plassbehov<\/p>\n<p>P\u00e5litelig og brukervennlig<\/p>\n<p>Intelligent SMART-teknologi[\/vc_icon][\/vc_column][vc_column column_width_percent=&raquo;100&#8243; align_horizontal=&raquo;align_center&raquo; gutter_size=&raquo;3&#8243; expand_height=&raquo;yes&raquo; overlay_alpha=&raquo;50&#8243; shift_x=&raquo;0&#8243; shift_y=&raquo;0&#8243; shift_y_down=&raquo;0&#8243; z_index=&raquo;0&#8243; medium_width=&raquo;0&#8243; mobile_width=&raquo;0&#8243; width=&raquo;1\/6&#8243;][vc_icon icon=&raquo;fa fa-th&raquo; size=&raquo;fa-3x&raquo; text_height=&raquo;fontheight-179065&#8243; title=&raquo;BALLEST\u00d8RRELSE&raquo;]200\u2013300 kg[\/vc_icon][\/vc_column][\/vc_row][vc_row row_height_percent=&raquo;0&#8243; override_padding=&raquo;yes&raquo; h_padding=&raquo;2&#8243; top_padding=&raquo;1&#8243; bottom_padding=&raquo;1&#8243; back_color=&raquo;color-xsdn&raquo; overlay_alpha=&raquo;100&#8243; equal_height=&raquo;yes&raquo; gutter_size=&raquo;0&#8243; column_width_percent=&raquo;100&#8243; shift_y=&raquo;0&#8243; z_index=&raquo;0&#8243; style=&raquo;dark&raquo; row_name=&raquo;Design &amp; Quality&raquo;][vc_column column_width_percent=&raquo;100&#8243; position_vertical=&raquo;middle&raquo; align_horizontal=&raquo;align_center&raquo; gutter_size=&raquo;3&#8243; override_padding=&raquo;yes&raquo; column_padding=&raquo;0&#8243; style=&raquo;light&raquo; back_color=&raquo;color-xsdn&raquo; overlay_alpha=&raquo;50&#8243; shift_x=&raquo;0&#8243; shift_y=&raquo;0&#8243; shift_y_down=&raquo;0&#8243; z_index=&raquo;0&#8243; medium_width=&raquo;0&#8243; mobile_width=&raquo;0&#8243; width=&raquo;1\/1&#8243;][vc_custom_heading text_weight=&raquo;700&#8243; text_transform=&raquo;uppercase&raquo; separator_color=&raquo;yes&raquo; separator=&raquo;yes&raquo; sub_lead=&raquo;yes&raquo; sub_reduced=&raquo;yes&raquo;]FLERFUNKSJONS VERTIKALE EMBALLASJEPRESSER[\/vc_custom_heading][vc_column_text uncode_shortcode_id=&raquo;266766&#8243;]Europress Balex-25 er en kompakt vertikal emballasjepresse med h\u00f8y presskraft som fungerer bra for papp, plast og tekstiler.\u00a0Med komprimeringskraft p\u00e5 25 tonn produserer Balex-25 sv\u00e6rt tettpakkede baller med vekt p\u00e5 opptil 300 kg. Kryssylinderkonstruksjonen s\u00f8rger for at plassbruken er liten. Med den lave totalh\u00f8yden p\u00e5 bare 1950 mm f\u00e5r den enkelt plass p\u00e5 trange steder.<\/p>\n<p>Dobbelmodusfunksjonen har to separate programmer som optimaliserer emballasjepressen til ulike typer avfall. Her kan du kaste en rekke typer materialer, slik som papp, plast og tekstiler. Den store innkast\u00e5pningen og den korte syklustiden p\u00e5 bare 23 sekunder betyr enkel komprimering av en rekke materialer. Driftsst\u00f8yniv\u00e5et er lavt til tross for den stabile og raske komprimeringen som skaper sv\u00e6rt tettpakkede baller. Meget velegnet og brukervennlig for komprimering av papp eller plast.<\/p>\n<p>Videre gj\u00f8r den store innkast\u00e5pningen innmatingen enkel. Stroppehuset er praktisk plassert foran p\u00e5 emballasjepressen for hurtig stroppebytte og stropping av ballene. Pallef\u00f8ringen, som leveres som standard, gj\u00f8r det enkelt \u00e5 plassere pallen.[\/vc_column_text][\/vc_column][\/vc_row][vc_row row_height_percent=&raquo;0&#8243; override_padding=&raquo;yes&raquo; h_padding=&raquo;2&#8243; top_padding=&raquo;2&#8243; bottom_padding=&raquo;3&#8243; back_color=&raquo;color-xsdn&raquo; overlay_alpha=&raquo;100&#8243; equal_height=&raquo;yes&raquo; gutter_size=&raquo;0&#8243; column_width_percent=&raquo;100&#8243; shift_y=&raquo;0&#8243; z_index=&raquo;0&#8243; style=&raquo;dark&raquo; row_name=&raquo;Design &amp; Quality&raquo;][vc_column column_width_percent=&raquo;100&#8243; position_vertical=&raquo;middle&raquo; align_horizontal=&raquo;align_center&raquo; gutter_size=&raquo;3&#8243; override_padding=&raquo;yes&raquo; column_padding=&raquo;0&#8243; back_color=&raquo;color-xsdn&raquo; overlay_alpha=&raquo;50&#8243; shift_x=&raquo;0&#8243; shift_y=&raquo;0&#8243; shift_y_down=&raquo;0&#8243; z_index=&raquo;0&#8243; medium_width=&raquo;0&#8243; mobile_width=&raquo;0&#8243; width=&raquo;1\/1&#8243;][vc_single_image media=&raquo;73921&#8243; media_width_percent=&raquo;12&#8243; alignment=&raquo;center&raquo; media_link=&raquo;|||&raquo;][vc_column_text uncode_shortcode_id=&raquo;476267&#8243;]Emballasjepressenes intelligente SMART-teknologi gj\u00f8r dem mer kostnadseffektive og tryggere i bruk. Maskinene kan justeres og konfigureres enkeltvis for \u00e5 im\u00f8tekomme diverse avfallsh\u00e5ndteringsbehov. Emballasjepressene overv\u00e5ker seg selv og tilpasser seg avvik for \u00e5 beskytte b\u00e5de operat\u00f8ren og komponentene.<\/p>\n<p>Balex emballasjepresser er som standard klargjort for Europress SMART-tilkobling, slik at de kan integreres i <a href=\"https:\/\/europressgroup.com\/no\/smart\/\">Europress SMART-fl\u00e5testyringssystem<\/a>. Dette systemet holder oversikt over anleggsmiddeldata og verkt\u00f8y og s\u00f8rger for en str\u00f8mlinjeformet fl\u00e5testyring.[\/vc_column_text][\/vc_column][\/vc_row][vc_row unlock_row_content=&raquo;yes&raquo; row_height_percent=&raquo;0&#8243; override_padding=&raquo;yes&raquo; h_padding=&raquo;2&#8243; top_padding=&raquo;4&#8243; bottom_padding=&raquo;4&#8243; back_color=&raquo;color-rgdb&raquo; overlay_alpha=&raquo;50&#8243; gutter_size=&raquo;3&#8243; column_width_percent=&raquo;100&#8243; shift_y=&raquo;0&#8243; z_index=&raquo;0&#8243; row_name=&raquo;Gallery&raquo;][vc_column column_width_use_pixel=&raquo;yes&raquo; align_horizontal=&raquo;align_center&raquo; gutter_size=&raquo;3&#8243; style=&raquo;dark&raquo; overlay_alpha=&raquo;50&#8243; shift_x=&raquo;0&#8243; shift_y=&raquo;0&#8243; medium_width=&raquo;0&#8243; zoom_width=&raquo;0&#8243; zoom_height=&raquo;0&#8243; column_width_pixel=&raquo;1400&#8243;][vc_custom_heading text_transform=&raquo;uppercase&raquo; separator=&raquo;yes&raquo; sub_lead=&raquo;yes&raquo;]Media[\/vc_custom_heading][vc_gallery el_id=&raquo;gallery-47626&#8243; type=&raquo;carousel&raquo; medias=&raquo;73381,73380,73735&#8243; carousel_lg=&raquo;3&#8243; carousel_md=&raquo;2&#8243; carousel_sm=&raquo;1&#8243; thumb_size=&raquo;one-one&raquo; gutter_size=&raquo;2&#8243; media_items=&raquo;media,icon&raquo; carousel_interval=&raquo;3000&#8243; carousel_navspeed=&raquo;400&#8243; carousel_nav=&raquo;yes&raquo; carousel_dots=&raquo;yes&raquo; stage_padding=&raquo;0&#8243; single_overlay_opacity=&raquo;50&#8243; single_image_anim=&raquo;no&raquo; single_h_align=&raquo;center&raquo; single_padding=&raquo;2&#8243; single_icon=&raquo;fa fa-search3&#8243; single_shadow=&raquo;yes&raquo; single_border=&raquo;yes&raquo; carousel_rtl=&raquo;&raquo; single_title_uppercase=&raquo;&raquo;][\/vc_column][\/vc_row][vc_row row_height_percent=&raquo;50&#8243; override_padding=&raquo;yes&raquo; h_padding=&raquo;2&#8243; top_padding=&raquo;0&#8243; bottom_padding=&raquo;0&#8243; back_color=&raquo;color-lxmt&raquo; overlay_alpha=&raquo;100&#8243; equal_height=&raquo;yes&raquo; gutter_size=&raquo;0&#8243; column_width_percent=&raquo;100&#8243; shift_y=&raquo;0&#8243; z_index=&raquo;0&#8243; style=&raquo;dark&raquo; row_name=&raquo;Design &amp; Quality&raquo;][vc_column column_width_percent=&raquo;100&#8243; align_horizontal=&raquo;align_center&raquo; gutter_size=&raquo;3&#8243; override_padding=&raquo;yes&raquo; column_padding=&raquo;4&#8243; style=&raquo;light&raquo; back_color=&raquo;color-lxmt&raquo; overlay_alpha=&raquo;50&#8243; shift_x=&raquo;0&#8243; shift_y=&raquo;0&#8243; shift_y_down=&raquo;0&#8243; z_index=&raquo;0&#8243; medium_width=&raquo;0&#8243; mobile_width=&raquo;0&#8243; width=&raquo;1\/1&#8243;][vc_custom_heading text_weight=&raquo;700&#8243; text_transform=&raquo;uppercase&raquo; separator_color=&raquo;yes&raquo; separator=&raquo;yes&raquo; sub_lead=&raquo;yes&raquo; sub_reduced=&raquo;yes&raquo;]\u00d8VRIG INFORMASJON[\/vc_custom_heading][vc_tabs][vc_tab title=&raquo;TEKNISKE SPESIFIKASJONER&raquo; tab_id=&raquo;1551168098-1-37&#8243;][vc_column_text]<strong>Kompresjonskraft<\/strong><br \/>\n25 t<br \/>\n<strong>M\u00e5l H x B x D<\/strong><br \/>\n1.950 x 1.840 x 1.100 mm<br \/>\n<strong>Vekt<\/strong><br \/>\n1.480 kg<br \/>\n<strong>Innkast\u00e5pning H x B x D<\/strong><br \/>\n530 x 1.120 x 800 mm<br \/>\n<strong>Ballem\u00e5l H x B x D<\/strong><br \/>\n800 x 1.200 x 840 mm<br \/>\n<strong>Ballevekt (papp)<\/strong><br \/>\n200\u2013300 kg<br \/>\n<strong>Str\u00f8mforsyning<\/strong><br \/>\n400 V, 50 Hz, 3x 16 A<br \/>\n<em>Treg sikring<\/em><br \/>\n<strong>Syklustid ved komprimering<\/strong><br \/>\n32 s<br \/>\n<strong>St\u00f8vniv\u00e5<\/strong><br \/>\n59 dBa<br \/>\n<strong>Motor<\/strong><br \/>\n4,0 kW[\/vc_column_text][\/vc_tab][vc_tab title=&raquo;STANDARDTILBEH\u00d8R&raquo; tab_id=&raquo;1551168098-2-88&#8243;][vc_column_text uncode_shortcode_id=&raquo;148996&#8243;]Bl\u00e5 farge RAL5017<\/p>\n<p>Materialholdere<\/p>\n<p>Pallef\u00f8ring<\/p>\n<p>Integrert stroppekutter<\/p>\n<p>Automatisk utballingssystem<\/p>\n<p>Toh\u00e5nds utballingssystem<\/p>\n<p>Modusbryter (to driftsmoduser)<\/p>\n<p>N\u00f8kkelbetjent bryter<\/p>\n<p>Grensebryter for innkastd\u00f8r<\/p>\n<p>Grensebryter for t\u00f8mmed\u00f8r<\/p>\n<p>Intelligent SMART-teknologi<\/p>\n<p>Klargjort for Europress SMART-tilkobling[\/vc_column_text][\/vc_tab][vc_tab title=&raquo;EKSTRAUTSTYR&raquo; tab_id=&raquo;1551168147535-2-2&#8243;][vc_column_text]Tilbeh\u00f8r for h\u00e5ndtering av plastavfall<\/p>\n<p>Kodestart<\/p>\n<p>St\u00f8tdempere<\/p>\n<p>Balleutl\u00f8ser med st\u00f8tdempere[\/vc_column_text][\/vc_tab][\/vc_tabs][\/vc_column][\/vc_row][vc_row][vc_column column_width_percent=&raquo;100&#8243; align_horizontal=&raquo;align_center&raquo; gutter_size=&raquo;3&#8243; overlay_alpha=&raquo;50&#8243; shift_x=&raquo;0&#8243; shift_y=&raquo;0&#8243; shift_y_down=&raquo;0&#8243; z_index=&raquo;0&#8243; medium_width=&raquo;0&#8243; mobile_width=&raquo;0&#8243; width=&raquo;1\/1&#8243;][vc_button button_color=&raquo;accent&raquo; radius=&raquo;btn-round&raquo; border_animation=&raquo;btn-ripple-out&raquo; border_width=&raquo;0&#8243; link=&raquo;url:https%3A%2F%2Feuropressgroup.com%2Fwp-content%2Fuploads%2F2019%2F07%2FEuropress-Balex-25-brochure-NOR.pdf||target:%20_blank|&raquo;]LAST NED BROSJYRE[\/vc_button][\/vc_column][\/vc_row][vc_row][vc_column width=&raquo;1\/1&#8243;][uncode_block id=&raquo;74093&#8243;][\/vc_column][\/vc_row]<\/p>\n<\/div>","protected":false},"excerpt":{"rendered":"<p>[vc_row row_height_percent=&raquo;0&#8243; override_padding=&raquo;yes&raquo; h_padding=&raquo;2&#8243; top_padding=&raquo;4&#8243; bottom_padding=&raquo;1&#8243; overlay_alpha=&raquo;50&#8243; equal_height=&raquo;yes&raquo; gutter_size=&raquo;3&#8243; column_width_percent=&raquo;100&#8243; shift_y=&raquo;0&#8243; z_index=&raquo;0&#8243; row_name=&raquo;Highlights&raquo;][vc_column column_width_percent=&raquo;50&#8243; position_horizontal=&raquo;left&raquo; position_vertical=&raquo;middle&raquo; gutter_size=&raquo;3&#8243; override_padding=&raquo;yes&raquo; column_padding=&raquo;2&#8243; overlay_alpha=&raquo;50&#8243; [&hellip;]<\/p>\n","protected":false},"author":25,"featured_media":74244,"parent":0,"menu_order":0,"comment_status":"closed","ping_status":"closed","template":"","meta":{"footnotes":""},"class_list":["post-75333","page","type-page","status-publish","has-post-thumbnail","hentry","page_category-200-300-kg-5"],"yoast_head":"<!-- This site is optimized with the Yoast SEO Premium plugin v27.3 (Yoast SEO v27.3) - https:\/\/yoast.com\/product\/yoast-seo-premium-wordpress\/ -->\n<title>Balex-25 - Europress Group<\/title>\n<meta name=\"description\" content=\"Europress Balex-25 er en kompakt vertikal emballasjepresse som fungerar bra med papp, plast og tekstiler. P\u00e5litelig og brukervennlig.\" \/>\n<meta name=\"robots\" content=\"index, follow, max-snippet:-1, max-image-preview:large, max-video-preview:-1\" \/>\n<link rel=\"canonical\" href=\"https:\/\/europressgroup.com\/no\/balex-25\/\" \/>\n<meta property=\"og:locale\" content=\"nb_NO\" \/>\n<meta property=\"og:type\" content=\"article\" \/>\n<meta property=\"og:title\" content=\"Balex-25\" \/>\n<meta property=\"og:description\" content=\"Papp Plast TekstilerLite plassbehov P\u00e5litelig og brukervennlig Intelligent SMART-teknologi200\u2013300 kgFLERFUNKSJONS VERTIKALE EMBALLASJEPRESSEREuropress\" \/>\n<meta property=\"og:url\" content=\"https:\/\/europressgroup.com\/no\/balex-25\/\" \/>\n<meta property=\"og:site_name\" content=\"Europress Group\" \/>\n<meta property=\"article:publisher\" content=\"https:\/\/www.facebook.com\/europresswastehandling\" \/>\n<meta property=\"article:modified_time\" content=\"2025-03-04T07:54:08+00:00\" \/>\n<meta property=\"og:image\" content=\"https:\/\/europressgroup.com\/wp-content\/uploads\/2019\/03\/Europress-Balex-25-waste-balers-1920x1280px.jpg\" \/>\n\t<meta property=\"og:image:width\" content=\"1920\" \/>\n\t<meta property=\"og:image:height\" content=\"1080\" \/>\n\t<meta property=\"og:image:type\" content=\"image\/jpeg\" \/>\n<meta name=\"twitter:card\" content=\"summary_large_image\" \/>\n<meta name=\"twitter:site\" content=\"@EPWastehandling\" \/>\n<meta name=\"twitter:label1\" content=\"Ansl. lesetid\" \/>\n\t<meta name=\"twitter:data1\" content=\"3 minutter\" \/>\n<script type=\"application\/ld+json\" class=\"yoast-schema-graph\">{\"@context\":\"https:\\\/\\\/schema.org\",\"@graph\":[{\"@type\":\"WebPage\",\"@id\":\"https:\\\/\\\/europressgroup.com\\\/no\\\/balex-25\\\/\",\"url\":\"https:\\\/\\\/europressgroup.com\\\/no\\\/balex-25\\\/\",\"name\":\"Balex-25 - Europress Group\",\"isPartOf\":{\"@id\":\"https:\\\/\\\/europressgroup.com\\\/no\\\/#website\"},\"primaryImageOfPage\":{\"@id\":\"https:\\\/\\\/europressgroup.com\\\/no\\\/balex-25\\\/#primaryimage\"},\"image\":{\"@id\":\"https:\\\/\\\/europressgroup.com\\\/no\\\/balex-25\\\/#primaryimage\"},\"thumbnailUrl\":\"https:\\\/\\\/europressgroup.com\\\/wp-content\\\/uploads\\\/2019\\\/03\\\/Europress-Balex-25-waste-balers-1920x1280px.jpg\",\"datePublished\":\"2019-05-22T18:18:33+00:00\",\"dateModified\":\"2025-03-04T07:54:08+00:00\",\"description\":\"Europress Balex-25 er en kompakt vertikal emballasjepresse som fungerar bra med papp, plast og tekstiler. P\u00e5litelig og brukervennlig.\",\"breadcrumb\":{\"@id\":\"https:\\\/\\\/europressgroup.com\\\/no\\\/balex-25\\\/#breadcrumb\"},\"inLanguage\":\"nb-NO\",\"potentialAction\":[{\"@type\":\"ReadAction\",\"target\":[\"https:\\\/\\\/europressgroup.com\\\/no\\\/balex-25\\\/\"]}]},{\"@type\":\"ImageObject\",\"inLanguage\":\"nb-NO\",\"@id\":\"https:\\\/\\\/europressgroup.com\\\/no\\\/balex-25\\\/#primaryimage\",\"url\":\"https:\\\/\\\/europressgroup.com\\\/wp-content\\\/uploads\\\/2019\\\/03\\\/Europress-Balex-25-waste-balers-1920x1280px.jpg\",\"contentUrl\":\"https:\\\/\\\/europressgroup.com\\\/wp-content\\\/uploads\\\/2019\\\/03\\\/Europress-Balex-25-waste-balers-1920x1280px.jpg\",\"width\":1920,\"height\":1080,\"caption\":\"Balex 25 waste baler\"},{\"@type\":\"BreadcrumbList\",\"@id\":\"https:\\\/\\\/europressgroup.com\\\/no\\\/balex-25\\\/#breadcrumb\",\"itemListElement\":[{\"@type\":\"ListItem\",\"position\":1,\"name\":\"Home\",\"item\":\"https:\\\/\\\/europressgroup.com\\\/no\\\/\"},{\"@type\":\"ListItem\",\"position\":2,\"name\":\"Balex-25\"}]},{\"@type\":\"WebSite\",\"@id\":\"https:\\\/\\\/europressgroup.com\\\/no\\\/#website\",\"url\":\"https:\\\/\\\/europressgroup.com\\\/no\\\/\",\"name\":\"Europress Group\",\"description\":\"Northern European leader in Environmental Technology\",\"publisher\":{\"@id\":\"https:\\\/\\\/europressgroup.com\\\/no\\\/#organization\"},\"potentialAction\":[{\"@type\":\"SearchAction\",\"target\":{\"@type\":\"EntryPoint\",\"urlTemplate\":\"https:\\\/\\\/europressgroup.com\\\/no\\\/?s={search_term_string}\"},\"query-input\":{\"@type\":\"PropertyValueSpecification\",\"valueRequired\":true,\"valueName\":\"search_term_string\"}}],\"inLanguage\":\"nb-NO\"},{\"@type\":\"Organization\",\"@id\":\"https:\\\/\\\/europressgroup.com\\\/no\\\/#organization\",\"name\":\"Europress Group\",\"url\":\"https:\\\/\\\/europressgroup.com\\\/no\\\/\",\"logo\":{\"@type\":\"ImageObject\",\"inLanguage\":\"nb-NO\",\"@id\":\"https:\\\/\\\/europressgroup.com\\\/no\\\/#\\\/schema\\\/logo\\\/image\\\/\",\"url\":\"https:\\\/\\\/europressgroup.com\\\/wp-content\\\/uploads\\\/2018\\\/12\\\/Europress-logo-1.png\",\"contentUrl\":\"https:\\\/\\\/europressgroup.com\\\/wp-content\\\/uploads\\\/2018\\\/12\\\/Europress-logo-1.png\",\"width\":478,\"height\":75,\"caption\":\"Europress Group\"},\"image\":{\"@id\":\"https:\\\/\\\/europressgroup.com\\\/no\\\/#\\\/schema\\\/logo\\\/image\\\/\"},\"sameAs\":[\"https:\\\/\\\/www.facebook.com\\\/europresswastehandling\",\"https:\\\/\\\/x.com\\\/EPWastehandling\",\"https:\\\/\\\/www.instagram.com\\\/europressgroup\\\/\",\"https:\\\/\\\/www.linkedin.com\\\/company\\\/europress\"],\"publishingPrinciples\":\"https:\\\/\\\/europressgroup.com\\\/environment-safety-quality\\\/\",\"ownershipFundingInfo\":\"https:\\\/\\\/europressgroup.com\\\/history\\\/\",\"actionableFeedbackPolicy\":\"https:\\\/\\\/europressgroup.com\\\/customer-feedback\\\/\",\"correctionsPolicy\":\"https:\\\/\\\/europressgroup.com\\\/customer-feedback\\\/\",\"ethicsPolicy\":\"https:\\\/\\\/europressgroup.com\\\/responsibility\\\/\"}]}<\/script>\n<!-- \/ Yoast SEO Premium plugin. -->","yoast_head_json":{"title":"Balex-25 - Europress Group","description":"Europress Balex-25 er en kompakt vertikal emballasjepresse som fungerar bra med papp, plast og tekstiler. P\u00e5litelig og brukervennlig.","robots":{"index":"index","follow":"follow","max-snippet":"max-snippet:-1","max-image-preview":"max-image-preview:large","max-video-preview":"max-video-preview:-1"},"canonical":"https:\/\/europressgroup.com\/no\/balex-25\/","og_locale":"nb_NO","og_type":"article","og_title":"Balex-25","og_description":"Papp Plast TekstilerLite plassbehov P\u00e5litelig og brukervennlig Intelligent SMART-teknologi200\u2013300 kgFLERFUNKSJONS VERTIKALE EMBALLASJEPRESSEREuropress","og_url":"https:\/\/europressgroup.com\/no\/balex-25\/","og_site_name":"Europress Group","article_publisher":"https:\/\/www.facebook.com\/europresswastehandling","article_modified_time":"2025-03-04T07:54:08+00:00","og_image":[{"width":1920,"height":1080,"url":"https:\/\/europressgroup.com\/wp-content\/uploads\/2019\/03\/Europress-Balex-25-waste-balers-1920x1280px.jpg","type":"image\/jpeg"}],"twitter_card":"summary_large_image","twitter_site":"@EPWastehandling","twitter_misc":{"Ansl. lesetid":"3 minutter"},"schema":{"@context":"https:\/\/schema.org","@graph":[{"@type":"WebPage","@id":"https:\/\/europressgroup.com\/no\/balex-25\/","url":"https:\/\/europressgroup.com\/no\/balex-25\/","name":"Balex-25 - Europress Group","isPartOf":{"@id":"https:\/\/europressgroup.com\/no\/#website"},"primaryImageOfPage":{"@id":"https:\/\/europressgroup.com\/no\/balex-25\/#primaryimage"},"image":{"@id":"https:\/\/europressgroup.com\/no\/balex-25\/#primaryimage"},"thumbnailUrl":"https:\/\/europressgroup.com\/wp-content\/uploads\/2019\/03\/Europress-Balex-25-waste-balers-1920x1280px.jpg","datePublished":"2019-05-22T18:18:33+00:00","dateModified":"2025-03-04T07:54:08+00:00","description":"Europress Balex-25 er en kompakt vertikal emballasjepresse som fungerar bra med papp, plast og tekstiler. P\u00e5litelig og brukervennlig.","breadcrumb":{"@id":"https:\/\/europressgroup.com\/no\/balex-25\/#breadcrumb"},"inLanguage":"nb-NO","potentialAction":[{"@type":"ReadAction","target":["https:\/\/europressgroup.com\/no\/balex-25\/"]}]},{"@type":"ImageObject","inLanguage":"nb-NO","@id":"https:\/\/europressgroup.com\/no\/balex-25\/#primaryimage","url":"https:\/\/europressgroup.com\/wp-content\/uploads\/2019\/03\/Europress-Balex-25-waste-balers-1920x1280px.jpg","contentUrl":"https:\/\/europressgroup.com\/wp-content\/uploads\/2019\/03\/Europress-Balex-25-waste-balers-1920x1280px.jpg","width":1920,"height":1080,"caption":"Balex 25 waste baler"},{"@type":"BreadcrumbList","@id":"https:\/\/europressgroup.com\/no\/balex-25\/#breadcrumb","itemListElement":[{"@type":"ListItem","position":1,"name":"Home","item":"https:\/\/europressgroup.com\/no\/"},{"@type":"ListItem","position":2,"name":"Balex-25"}]},{"@type":"WebSite","@id":"https:\/\/europressgroup.com\/no\/#website","url":"https:\/\/europressgroup.com\/no\/","name":"Europress Group","description":"Northern European leader in Environmental Technology","publisher":{"@id":"https:\/\/europressgroup.com\/no\/#organization"},"potentialAction":[{"@type":"SearchAction","target":{"@type":"EntryPoint","urlTemplate":"https:\/\/europressgroup.com\/no\/?s={search_term_string}"},"query-input":{"@type":"PropertyValueSpecification","valueRequired":true,"valueName":"search_term_string"}}],"inLanguage":"nb-NO"},{"@type":"Organization","@id":"https:\/\/europressgroup.com\/no\/#organization","name":"Europress Group","url":"https:\/\/europressgroup.com\/no\/","logo":{"@type":"ImageObject","inLanguage":"nb-NO","@id":"https:\/\/europressgroup.com\/no\/#\/schema\/logo\/image\/","url":"https:\/\/europressgroup.com\/wp-content\/uploads\/2018\/12\/Europress-logo-1.png","contentUrl":"https:\/\/europressgroup.com\/wp-content\/uploads\/2018\/12\/Europress-logo-1.png","width":478,"height":75,"caption":"Europress Group"},"image":{"@id":"https:\/\/europressgroup.com\/no\/#\/schema\/logo\/image\/"},"sameAs":["https:\/\/www.facebook.com\/europresswastehandling","https:\/\/x.com\/EPWastehandling","https:\/\/www.instagram.com\/europressgroup\/","https:\/\/www.linkedin.com\/company\/europress"],"publishingPrinciples":"https:\/\/europressgroup.com\/environment-safety-quality\/","ownershipFundingInfo":"https:\/\/europressgroup.com\/history\/","actionableFeedbackPolicy":"https:\/\/europressgroup.com\/customer-feedback\/","correctionsPolicy":"https:\/\/europressgroup.com\/customer-feedback\/","ethicsPolicy":"https:\/\/europressgroup.com\/responsibility\/"}]}},"_links":{"self":[{"href":"https:\/\/europressgroup.com\/no\/wp-json\/wp\/v2\/pages\/75333","targetHints":{"allow":["GET"]}}],"collection":[{"href":"https:\/\/europressgroup.com\/no\/wp-json\/wp\/v2\/pages"}],"about":[{"href":"https:\/\/europressgroup.com\/no\/wp-json\/wp\/v2\/types\/page"}],"author":[{"embeddable":true,"href":"https:\/\/europressgroup.com\/no\/wp-json\/wp\/v2\/users\/25"}],"replies":[{"embeddable":true,"href":"https:\/\/europressgroup.com\/no\/wp-json\/wp\/v2\/comments?post=75333"}],"version-history":[{"count":18,"href":"https:\/\/europressgroup.com\/no\/wp-json\/wp\/v2\/pages\/75333\/revisions"}],"predecessor-version":[{"id":151091,"href":"https:\/\/europressgroup.com\/no\/wp-json\/wp\/v2\/pages\/75333\/revisions\/151091"}],"wp:featuredmedia":[{"embeddable":true,"href":"https:\/\/europressgroup.com\/no\/wp-json\/wp\/v2\/media\/74244"}],"wp:attachment":[{"href":"https:\/\/europressgroup.com\/no\/wp-json\/wp\/v2\/media?parent=75333"}],"curies":[{"name":"wp","href":"https:\/\/api.w.org\/{rel}","templated":true}]}}