{"id":74346,"date":"2019-03-28T16:32:48","date_gmt":"2019-03-28T14:32:48","guid":{"rendered":"https:\/\/europressgroup.com\/hg-screw-compactors\/"},"modified":"2024-11-27T11:42:22","modified_gmt":"2024-11-27T09:42:22","slug":"hg-skruekomprimatorer","status":"publish","type":"page","link":"https:\/\/europressgroup.com\/no\/hg-skruekomprimatorer\/","title":{"rendered":"H&#038;G Skruekomprimatorer"},"content":{"rendered":"<div class=\"wpb-content-wrapper\"><p>[vc_row row_height_percent=&raquo;0&#8243; override_padding=&raquo;yes&raquo; h_padding=&raquo;2&#8243; top_padding=&raquo;3&#8243; bottom_padding=&raquo;3&#8243; overlay_alpha=&raquo;50&#8243; equal_height=&raquo;yes&raquo; gutter_size=&raquo;3&#8243; column_width_percent=&raquo;100&#8243; shift_y=&raquo;0&#8243; z_index=&raquo;0&#8243; row_name=&raquo;Highlights&raquo;][vc_column column_width_percent=&raquo;100&#8243; position_horizontal=&raquo;left&raquo; position_vertical=&raquo;middle&raquo; gutter_size=&raquo;3&#8243; override_padding=&raquo;yes&raquo; column_padding=&raquo;2&#8243; overlay_alpha=&raquo;50&#8243; shift_x=&raquo;0&#8243; shift_y=&raquo;0&#8243; shift_y_down=&raquo;0&#8243; z_index=&raquo;0&#8243; medium_width=&raquo;4&#8243; mobile_width=&raquo;0&#8243; zoom_width=&raquo;0&#8243; zoom_height=&raquo;0&#8243; width=&raquo;1\/2&#8243;][vc_single_image media=&raquo;74234&#8243; media_width_percent=&raquo;100&#8243; image=&raquo;2286&#8243; border_color=&raquo;grey&raquo; img_link_target=&raquo;_self&raquo; img_size=&raquo;full&raquo;][\/vc_column][vc_column column_width_percent=&raquo;100&#8243; position_vertical=&raquo;middle&raquo; align_horizontal=&raquo;align_center&raquo; gutter_size=&raquo;3&#8243; expand_height=&raquo;yes&raquo; overlay_alpha=&raquo;50&#8243; shift_x=&raquo;0&#8243; shift_y=&raquo;0&#8243; shift_y_down=&raquo;0&#8243; z_index=&raquo;0&#8243; medium_width=&raquo;4&#8243; mobile_width=&raquo;0&#8243; zoom_width=&raquo;0&#8243; zoom_height=&raquo;0&#8243; width=&raquo;1\/6&#8243;][vc_icon icon=&raquo;fa fa-recycle&raquo; size=&raquo;fa-3x&raquo; text_height=&raquo;fontheight-179065&#8243; title=&raquo;BRUK&raquo; uncode_shortcode_id=&raquo;786819&#8243;]Papp<\/p>\n<p>Treavfall<\/p>\n<p>PET-flasker[\/vc_icon][\/vc_column][vc_column column_width_percent=&raquo;100&#8243; align_horizontal=&raquo;align_center&raquo; gutter_size=&raquo;3&#8243; expand_height=&raquo;yes&raquo; overlay_alpha=&raquo;50&#8243; shift_x=&raquo;0&#8243; shift_y=&raquo;0&#8243; shift_y_down=&raquo;0&#8243; z_index=&raquo;0&#8243; medium_width=&raquo;0&#8243; mobile_visibility=&raquo;yes&raquo; mobile_width=&raquo;0&#8243; width=&raquo;1\/6&#8243;][vc_icon icon=&raquo;fa fa-cogs&raquo; size=&raquo;fa-3x&raquo; text_height=&raquo;fontheight-179065&#8243; title=&raquo;EGENSKAPER&raquo; uncode_shortcode_id=&raquo;117610&#8243;]Et ekstra solid direktedrifts-system<\/p>\n<p>Valgfrie forkomprimeringsenheter<\/p>\n<p>F\u00e5s som flyttbare eller stasjon\u00e6re enheter[\/vc_icon][\/vc_column][vc_column column_width_percent=&raquo;100&#8243; align_horizontal=&raquo;align_center&raquo; gutter_size=&raquo;3&#8243; expand_height=&raquo;yes&raquo; overlay_alpha=&raquo;50&#8243; shift_x=&raquo;0&#8243; shift_y=&raquo;0&#8243; shift_y_down=&raquo;0&#8243; z_index=&raquo;0&#8243; medium_width=&raquo;0&#8243; mobile_width=&raquo;0&#8243; width=&raquo;1\/6&#8243;][vc_icon icon=&raquo;fa fa-th&raquo; size=&raquo;fa-3x&raquo; text_height=&raquo;fontheight-179065&#8243; title=&raquo;KAPASITET&raquo; uncode_shortcode_id=&raquo;150699&#8243;]20 m\u00b3<\/p>\n<p>24 m\u00b3<\/p>\n<p>27 m\u00b3<\/p>\n<p>30 m\u00b3<\/p>\n<p>32 m\u00b3<\/p>\n<p>35 m\u00b3[\/vc_icon][\/vc_column][\/vc_row][vc_row row_height_percent=&raquo;50&#8243; override_padding=&raquo;yes&raquo; h_padding=&raquo;2&#8243; top_padding=&raquo;0&#8243; bottom_padding=&raquo;0&#8243; overlay_alpha=&raquo;100&#8243; equal_height=&raquo;yes&raquo; gutter_size=&raquo;0&#8243; column_width_percent=&raquo;100&#8243; shift_y=&raquo;0&#8243; z_index=&raquo;0&#8243; style=&raquo;dark&raquo; row_name=&raquo;Design &amp; Quality&raquo; uncode_shortcode_id=&raquo;679936&#8243;][vc_column column_width_percent=&raquo;100&#8243; position_vertical=&raquo;middle&raquo; gutter_size=&raquo;3&#8243; override_padding=&raquo;yes&raquo; column_padding=&raquo;4&#8243; style=&raquo;light&raquo; overlay_alpha=&raquo;50&#8243; shift_x=&raquo;0&#8243; shift_y=&raquo;0&#8243; shift_y_down=&raquo;0&#8243; z_index=&raquo;0&#8243; medium_width=&raquo;0&#8243; mobile_width=&raquo;0&#8243; width=&raquo;1\/1&#8243; uncode_shortcode_id=&raquo;640787&#8243;][vc_custom_heading text_weight=&raquo;700&#8243; text_transform=&raquo;uppercase&raquo; separator_color=&raquo;yes&raquo; separator=&raquo;yes&raquo; sub_lead=&raquo;yes&raquo; sub_reduced=&raquo;yes&raquo; uncode_shortcode_id=&raquo;215852&#8243;]EN ALLSIDIG L\u00d8SNING FOR STORE AVFALLSMENGDER[\/vc_custom_heading][vc_column_text uncode_shortcode_id=&raquo;790136&#8243;]H&amp;G-sneglkomprimatorene er avfallskverner som er planlagt for \u00e5 redusere volumet p\u00e5 avfallet effektivt f\u00f8r det komprimeres i beholderen. Den ekstra h\u00f8ye komprimeringsgraden f\u00f8rer til sv\u00e6rt store nyttelaster for forskjellige materialer. De kraftige komprimatorene kan lastes kontinuerlig, og de passer til tung bruk som p\u00e5g\u00e5r d\u00f8gnet rundt.<\/p>\n<p>Sneglkomprimatorens kraftige konstruksjonskvalitet gir den lengre levetid. I stedet for det s\u00e5rbare kjedesystemet som vanligvis brukes p\u00e5 sneglkomprimatorer, har de en ekstra solid elektromekanisk direktedrifts-enhet med automatisk sm\u00f8resystem.<\/p>\n<p>Det finnes rikelig med forskjellige innmatingsenheter til sneglkomprimatorene, og det gj\u00f8r dem til en allsidig l\u00f8sning for mange forskjellige avfallsmaterialer. Komprimatorene f\u00e5s b\u00e5de som faste og flyttbare enheter. De kan leveres med mange forskjellige ekstrautstyr, som f.eks. l\u00f8ftevender. Flere forskjellige beholdere i flere st\u00f8rrelser tilgjengelig, helt opp til 35 m\u00b3.[\/vc_column_text][\/vc_column][\/vc_row][vc_row unlock_row_content=&raquo;yes&raquo; row_height_percent=&raquo;0&#8243; override_padding=&raquo;yes&raquo; h_padding=&raquo;2&#8243; top_padding=&raquo;4&#8243; bottom_padding=&raquo;4&#8243; back_color=&raquo;color-rgdb&raquo; overlay_alpha=&raquo;50&#8243; gutter_size=&raquo;3&#8243; column_width_percent=&raquo;100&#8243; shift_y=&raquo;0&#8243; z_index=&raquo;0&#8243; row_name=&raquo;Gallery&raquo;][vc_column column_width_use_pixel=&raquo;yes&raquo; align_horizontal=&raquo;align_center&raquo; gutter_size=&raquo;3&#8243; style=&raquo;dark&raquo; overlay_alpha=&raquo;50&#8243; shift_x=&raquo;0&#8243; shift_y=&raquo;0&#8243; medium_width=&raquo;0&#8243; zoom_width=&raquo;0&#8243; zoom_height=&raquo;0&#8243; column_width_pixel=&raquo;1400&#8243;][vc_custom_heading text_transform=&raquo;uppercase&raquo; separator=&raquo;yes&raquo; sub_lead=&raquo;yes&raquo;]Media[\/vc_custom_heading][vc_gallery el_id=&raquo;gallery-47626&#8243; type=&raquo;carousel&raquo; medias=&raquo;74222,74206,74210,74214,74218,74226,74230&#8243; carousel_lg=&raquo;3&#8243; carousel_md=&raquo;2&#8243; carousel_sm=&raquo;1&#8243; thumb_size=&raquo;one-one&raquo; gutter_size=&raquo;2&#8243; media_items=&raquo;media,icon&raquo; carousel_interval=&raquo;3000&#8243; carousel_navspeed=&raquo;400&#8243; carousel_nav=&raquo;yes&raquo; carousel_dots=&raquo;yes&raquo; stage_padding=&raquo;0&#8243; single_overlay_opacity=&raquo;50&#8243; single_image_anim=&raquo;no&raquo; single_h_align=&raquo;center&raquo; single_padding=&raquo;2&#8243; single_icon=&raquo;fa fa-search3&#8243; single_shadow=&raquo;yes&raquo; single_border=&raquo;yes&raquo; carousel_rtl=&raquo;&raquo; single_title_uppercase=&raquo;&raquo;][\/vc_column][\/vc_row][vc_row row_height_percent=&raquo;50&#8243; override_padding=&raquo;yes&raquo; h_padding=&raquo;2&#8243; top_padding=&raquo;0&#8243; bottom_padding=&raquo;0&#8243; back_color=&raquo;color-lxmt&raquo; overlay_alpha=&raquo;100&#8243; equal_height=&raquo;yes&raquo; gutter_size=&raquo;0&#8243; column_width_percent=&raquo;100&#8243; shift_y=&raquo;0&#8243; z_index=&raquo;0&#8243; style=&raquo;dark&raquo; row_name=&raquo;Design &amp; Quality&raquo;][vc_column column_width_percent=&raquo;100&#8243; align_horizontal=&raquo;align_center&raquo; gutter_size=&raquo;3&#8243; override_padding=&raquo;yes&raquo; column_padding=&raquo;4&#8243; style=&raquo;light&raquo; back_color=&raquo;color-lxmt&raquo; overlay_alpha=&raquo;50&#8243; shift_x=&raquo;0&#8243; shift_y=&raquo;0&#8243; shift_y_down=&raquo;0&#8243; z_index=&raquo;0&#8243; medium_width=&raquo;0&#8243; mobile_width=&raquo;0&#8243; width=&raquo;1\/1&#8243;][vc_custom_heading text_weight=&raquo;700&#8243; text_transform=&raquo;uppercase&raquo; separator_color=&raquo;yes&raquo; separator=&raquo;yes&raquo; sub_lead=&raquo;yes&raquo; sub_reduced=&raquo;yes&raquo; uncode_shortcode_id=&raquo;155950&#8243;]\u00d8VRIG INFORMASJON[\/vc_custom_heading][vc_tabs][vc_tab gutter_size=&raquo;2&#8243; column_padding=&raquo;2&#8243; title=&raquo;TEKNISKE SPESIFIKASJONER&raquo; tab_id=&raquo;1551168098-1-37&#8243;][vc_column_text uncode_shortcode_id=&raquo;146287&#8243;]<strong>Innkast\u00e5pning (mm)<\/strong><br \/>\n1,400 x 1,200 mm<\/p>\n<p><strong>Innkasth\u00f8yde, bakkeniv\u00e5 (mm)<\/strong><br \/>\n1,200 mm<\/p>\n<p><strong>Syklustid ved komprimering (s)<\/strong><br \/>\n15 \/ 17*\u00a0 x\/min<\/p>\n<p><strong>Kapasitet (papp) (m\u00b3 \/h)<\/strong><br \/>\n100 m\u00b3 \/h<\/p>\n<p><strong>Motor (kW)<\/strong><br \/>\n11 \/ 15 kW*<\/p>\n<p><strong>Str\u00f8mforsyning<\/strong><br \/>\n400 V, 50 Hz, 3\u00d7C50 A<br \/>\n400 V, 50 Hz, 3\u00d7C63 A*[\/vc_column_text][\/vc_tab][vc_tab gutter_size=&raquo;2&#8243; column_padding=&raquo;2&#8243; title=&raquo;STANDARDTILBEH\u00d8R&raquo; tab_id=&raquo;1551168098-2-88&#8243;][vc_column_text uncode_shortcode_id=&raquo;180196&#8243;]<\/p>\n<div id=\"tab-1551168098-2-88\" class=\"tab-pane fade active in\">\n<div class=\"uncode_text_column\">\n<div id=\"tab-1551168098-2-88\" class=\"tab-pane fade active in\">\n<div class=\"uncode_text_column\">\n<p>Bl\u00e5 farge RAL 5017<\/p>\n<p>Standard innkasttrakt<\/p>\n<p>Kontrollpanel<\/p>\n<p>Sikkerhetskontrollpanel<\/p>\n<p>Overv\u00e5kning av fylleniv\u00e5 (trykksensor)<\/p>\n<p>L\u00f8ftekrok bak (container) (stasjon\u00e6r komprimator)<\/p>\n<p>L\u00f8ftekrok foran \/ bak (mobil komprimator)<\/p>\n<p>Frontruller p\u00e5 container (roll-off) (stasjon\u00e6r komprimator)<\/p>\n<p>\u00abContainer ikke p\u00e5 plass\u00bb-bryter (grensebryter)<\/p>\n<p>Lukkelem p\u00e5 container (presenning) (stasjon\u00e6r komprimator)<\/p>\n<p>Automatisk sentralsm\u00f8reenhet<\/p>\n<p>Direkte drivsystem<\/p><\/div>\n<\/div>\n<\/div>\n<\/div>\n<p>[\/vc_column_text][\/vc_tab][vc_tab gutter_size=&raquo;2&#8243; column_padding=&raquo;2&#8243; title=&raquo;EKSTRAUTSTYR&raquo; tab_id=&raquo;1551168147535-2-2&#8243;][vc_column_text uncode_shortcode_id=&raquo;156389&#8243;]<\/p>\n<div id=\"tab-1551168147535-2-2\" class=\"tab-pane fade active in\">\n<div class=\"uncode_text_column\">\n<div id=\"tab-1551168147535-2-2\" class=\"tab-pane fade active in\">\n<div class=\"uncode_text_column\">\n<p>Valgfri RAL-farge<\/p>\n<p>F\u00f8ringer<\/p>\n<p>Ekstra kontroller, f.eks. n\u00f8dstopp<\/p>\n<p>Anropsfunksjon for automatisk t\u00f8mming<\/p>\n<p>System for fjernoverv\u00e5kning<\/p>\n<p>Bakruller p\u00e5 container (\u00abroll-off\u00bb)<\/p>\n<p>Spesial-innkasttrakt<\/p>\n<p>2-faset \u00e5pnemekanisme for t\u00f8mmed\u00f8r<\/p>\n<p>\u00c5pnemekanisme med lang hendel for t\u00f8mmed\u00f8r<\/p>\n<p>Dunkel\u00f8fter (integrert\/stasjon\u00e6r)<\/p>\n<p>Lokk\u00e5pner (hydraulisk\/elektronisk)<\/p>\n<p>Innmatingsenheter<\/p>\n<p>Variant for tungt arbeid<\/p>\n<p>Variant med dobbel skrue<\/p>\n<p>Autostartsystem<\/p>\n<p>15 kW str\u00f8mforsyningsenhet<\/p>\n<p>Container med flytende tak 20\u201336 m\u00b2<\/p>\n<p>Reservecontainer<\/p><\/div>\n<\/div>\n<\/div>\n<\/div>\n<p>[\/vc_column_text][\/vc_tab][vc_tab gutter_size=&raquo;2&#8243; column_padding=&raquo;2&#8243; title=&raquo;M\u00c5L&raquo; tab_id=&raquo;1553697052550-3-8&#8243;][vc_column_text uncode_shortcode_id=&raquo;174237&#8243;]<\/p>\n<div id=\"tab-1553694567160-3-3\" class=\"tab-pane fade active in\">\n<div class=\"uncode_text_column\">\n<div id=\"tab-1553607013502-3-7\" class=\"tab-pane fade active in\">\n<div class=\"uncode_text_column\">\n<p><strong>H&amp;G Stationary screw compactor<\/strong><br \/>\nLength 1,550 mm<br \/>\nWidth 1,310 mm<br \/>\nHeight 1,740 mm<br \/>\nWeight 2,800 -3,200 kg<\/p>\n<p><strong>Container 20 m\u00b3<\/strong><br \/>\nLength 4,790 mm<br \/>\nWidth 2,500 mm<br \/>\nHeight 2,560 mm<br \/>\nWeight 2,300 kg<\/p>\n<p><strong>Container 24 m\u00b3<\/strong><br \/>\nLength 5,530 mm<br \/>\nWidth 2,500 mm<br \/>\nHeight 2,560 mm<br \/>\nWeight 2,430 kg<\/p>\n<\/div>\n<p><strong>Container 27 m\u00b3<\/strong><br \/>\nLength 6,270 mm<br \/>\nWidth 2,500 mm<br \/>\nHeight 2,560 mm<br \/>\nWeight 2,680 kg<\/p>\n<p><strong>Container 30 m\u00b3<\/strong><br \/>\nLength 6,400 mm<br \/>\nWidth 2,500 mm<br \/>\nHeight 2,560 mm<br \/>\nWeight 2,900 kg<\/p>\n<p><strong>Container 32 m\u00b3<\/strong><br \/>\nLength 6,670 mm<br \/>\nWidth 2,500 mm<br \/>\nHeight 2,560 mm<br \/>\nWeight 3,000 kg<\/p>\n<p><strong>Container 35 m\u00b3<\/strong><br \/>\nLength 6,675 mm<br \/>\nWidth 2,500 mm<br \/>\nHeight 3,070 mm<br \/>\nWeight 3,230 kg<\/p>\n<\/div>\n<\/div>\n<\/div>\n<p>[\/vc_column_text][\/vc_tab][\/vc_tabs][\/vc_column][\/vc_row]<\/p>\n<\/div>","protected":false},"excerpt":{"rendered":"<p>[vc_row row_height_percent=&raquo;0&#8243; override_padding=&raquo;yes&raquo; h_padding=&raquo;2&#8243; top_padding=&raquo;3&#8243; bottom_padding=&raquo;3&#8243; overlay_alpha=&raquo;50&#8243; equal_height=&raquo;yes&raquo; gutter_size=&raquo;3&#8243; column_width_percent=&raquo;100&#8243; shift_y=&raquo;0&#8243; z_index=&raquo;0&#8243; row_name=&raquo;Highlights&raquo;][vc_column column_width_percent=&raquo;100&#8243; position_horizontal=&raquo;left&raquo; position_vertical=&raquo;middle&raquo; gutter_size=&raquo;3&#8243; override_padding=&raquo;yes&raquo; column_padding=&raquo;2&#8243; overlay_alpha=&raquo;50&#8243; [&hellip;]<\/p>\n","protected":false},"author":5,"featured_media":74204,"parent":0,"menu_order":0,"comment_status":"closed","ping_status":"closed","template":"","meta":{"footnotes":""},"class_list":["post-74346","page","type-page","status-publish","has-post-thumbnail","hentry","page_category-blandet-avfall","page_category-forbrenningsavfall","page_category-papp","page_category-plast"],"yoast_head":"<!-- This site is optimized with the Yoast SEO Premium plugin v27.3 (Yoast SEO v27.3) - https:\/\/yoast.com\/product\/yoast-seo-premium-wordpress\/ -->\n<title>H&amp;G Skruekomprimatorer - Europress Group<\/title>\n<meta name=\"description\" content=\"H&amp;G screw compactors from Europress.\" \/>\n<meta name=\"robots\" content=\"index, follow, max-snippet:-1, max-image-preview:large, max-video-preview:-1\" \/>\n<link rel=\"canonical\" href=\"https:\/\/europressgroup.com\/no\/hg-skruekomprimatorer\/\" \/>\n<meta property=\"og:locale\" content=\"nb_NO\" \/>\n<meta property=\"og:type\" content=\"article\" \/>\n<meta property=\"og:title\" content=\"H&amp;G Skruekomprimatorer\" \/>\n<meta property=\"og:description\" content=\"Papp Treavfall PET-flaskerEt ekstra solid direktedrifts-system Valgfrie forkomprimeringsenheter F\u00e5s som flyttbare eller stasjon\u00e6re enheter20 m\u00b3 24 m\u00b3 27\" \/>\n<meta property=\"og:url\" content=\"https:\/\/europressgroup.com\/no\/hg-skruekomprimatorer\/\" \/>\n<meta property=\"og:site_name\" content=\"Europress Group\" \/>\n<meta property=\"article:publisher\" content=\"https:\/\/www.facebook.com\/europresswastehandling\" \/>\n<meta property=\"article:modified_time\" content=\"2024-11-27T09:42:22+00:00\" \/>\n<meta property=\"og:image\" content=\"https:\/\/europressgroup.com\/wp-content\/uploads\/2019\/05\/Europress-stationary-screw-compactor-1920x1280px.jpg\" \/>\n\t<meta property=\"og:image:width\" content=\"1920\" \/>\n\t<meta property=\"og:image:height\" content=\"1280\" \/>\n\t<meta property=\"og:image:type\" content=\"image\/jpeg\" \/>\n<meta name=\"twitter:card\" content=\"summary_large_image\" \/>\n<meta name=\"twitter:site\" content=\"@EPWastehandling\" \/>\n<meta name=\"twitter:label1\" content=\"Ansl. lesetid\" \/>\n\t<meta name=\"twitter:data1\" content=\"4 minutter\" \/>\n<script type=\"application\/ld+json\" class=\"yoast-schema-graph\">{\"@context\":\"https:\\\/\\\/schema.org\",\"@graph\":[{\"@type\":\"WebPage\",\"@id\":\"https:\\\/\\\/europressgroup.com\\\/no\\\/hg-skruekomprimatorer\\\/\",\"url\":\"https:\\\/\\\/europressgroup.com\\\/no\\\/hg-skruekomprimatorer\\\/\",\"name\":\"H&G Skruekomprimatorer - Europress Group\",\"isPartOf\":{\"@id\":\"https:\\\/\\\/europressgroup.com\\\/no\\\/#website\"},\"primaryImageOfPage\":{\"@id\":\"https:\\\/\\\/europressgroup.com\\\/no\\\/hg-skruekomprimatorer\\\/#primaryimage\"},\"image\":{\"@id\":\"https:\\\/\\\/europressgroup.com\\\/no\\\/hg-skruekomprimatorer\\\/#primaryimage\"},\"thumbnailUrl\":\"https:\\\/\\\/europressgroup.com\\\/wp-content\\\/uploads\\\/2019\\\/05\\\/Europress-stationary-screw-compactor-1920x1280px.jpg\",\"datePublished\":\"2019-03-28T14:32:48+00:00\",\"dateModified\":\"2024-11-27T09:42:22+00:00\",\"description\":\"H&G screw compactors from Europress.\",\"breadcrumb\":{\"@id\":\"https:\\\/\\\/europressgroup.com\\\/no\\\/hg-skruekomprimatorer\\\/#breadcrumb\"},\"inLanguage\":\"nb-NO\",\"potentialAction\":[{\"@type\":\"ReadAction\",\"target\":[\"https:\\\/\\\/europressgroup.com\\\/no\\\/hg-skruekomprimatorer\\\/\"]}]},{\"@type\":\"ImageObject\",\"inLanguage\":\"nb-NO\",\"@id\":\"https:\\\/\\\/europressgroup.com\\\/no\\\/hg-skruekomprimatorer\\\/#primaryimage\",\"url\":\"https:\\\/\\\/europressgroup.com\\\/wp-content\\\/uploads\\\/2019\\\/05\\\/Europress-stationary-screw-compactor-1920x1280px.jpg\",\"contentUrl\":\"https:\\\/\\\/europressgroup.com\\\/wp-content\\\/uploads\\\/2019\\\/05\\\/Europress-stationary-screw-compactor-1920x1280px.jpg\",\"width\":1920,\"height\":1280,\"caption\":\"Screw compactor shredding waste\"},{\"@type\":\"BreadcrumbList\",\"@id\":\"https:\\\/\\\/europressgroup.com\\\/no\\\/hg-skruekomprimatorer\\\/#breadcrumb\",\"itemListElement\":[{\"@type\":\"ListItem\",\"position\":1,\"name\":\"Home\",\"item\":\"https:\\\/\\\/europressgroup.com\\\/no\\\/\"},{\"@type\":\"ListItem\",\"position\":2,\"name\":\"H&#038;G Skruekomprimatorer\"}]},{\"@type\":\"WebSite\",\"@id\":\"https:\\\/\\\/europressgroup.com\\\/no\\\/#website\",\"url\":\"https:\\\/\\\/europressgroup.com\\\/no\\\/\",\"name\":\"Europress Group\",\"description\":\"Northern European leader in Environmental Technology\",\"publisher\":{\"@id\":\"https:\\\/\\\/europressgroup.com\\\/no\\\/#organization\"},\"potentialAction\":[{\"@type\":\"SearchAction\",\"target\":{\"@type\":\"EntryPoint\",\"urlTemplate\":\"https:\\\/\\\/europressgroup.com\\\/no\\\/?s={search_term_string}\"},\"query-input\":{\"@type\":\"PropertyValueSpecification\",\"valueRequired\":true,\"valueName\":\"search_term_string\"}}],\"inLanguage\":\"nb-NO\"},{\"@type\":\"Organization\",\"@id\":\"https:\\\/\\\/europressgroup.com\\\/no\\\/#organization\",\"name\":\"Europress Group\",\"url\":\"https:\\\/\\\/europressgroup.com\\\/no\\\/\",\"logo\":{\"@type\":\"ImageObject\",\"inLanguage\":\"nb-NO\",\"@id\":\"https:\\\/\\\/europressgroup.com\\\/no\\\/#\\\/schema\\\/logo\\\/image\\\/\",\"url\":\"https:\\\/\\\/europressgroup.com\\\/wp-content\\\/uploads\\\/2018\\\/12\\\/Europress-logo-1.png\",\"contentUrl\":\"https:\\\/\\\/europressgroup.com\\\/wp-content\\\/uploads\\\/2018\\\/12\\\/Europress-logo-1.png\",\"width\":478,\"height\":75,\"caption\":\"Europress Group\"},\"image\":{\"@id\":\"https:\\\/\\\/europressgroup.com\\\/no\\\/#\\\/schema\\\/logo\\\/image\\\/\"},\"sameAs\":[\"https:\\\/\\\/www.facebook.com\\\/europresswastehandling\",\"https:\\\/\\\/x.com\\\/EPWastehandling\",\"https:\\\/\\\/www.instagram.com\\\/europressgroup\\\/\",\"https:\\\/\\\/www.linkedin.com\\\/company\\\/europress\"],\"publishingPrinciples\":\"https:\\\/\\\/europressgroup.com\\\/environment-safety-quality\\\/\",\"ownershipFundingInfo\":\"https:\\\/\\\/europressgroup.com\\\/history\\\/\",\"actionableFeedbackPolicy\":\"https:\\\/\\\/europressgroup.com\\\/customer-feedback\\\/\",\"correctionsPolicy\":\"https:\\\/\\\/europressgroup.com\\\/customer-feedback\\\/\",\"ethicsPolicy\":\"https:\\\/\\\/europressgroup.com\\\/responsibility\\\/\"}]}<\/script>\n<!-- \/ Yoast SEO Premium plugin. -->","yoast_head_json":{"title":"H&G Skruekomprimatorer - Europress Group","description":"H&G screw compactors from Europress.","robots":{"index":"index","follow":"follow","max-snippet":"max-snippet:-1","max-image-preview":"max-image-preview:large","max-video-preview":"max-video-preview:-1"},"canonical":"https:\/\/europressgroup.com\/no\/hg-skruekomprimatorer\/","og_locale":"nb_NO","og_type":"article","og_title":"H&G Skruekomprimatorer","og_description":"Papp Treavfall PET-flaskerEt ekstra solid direktedrifts-system Valgfrie forkomprimeringsenheter F\u00e5s som flyttbare eller stasjon\u00e6re enheter20 m\u00b3 24 m\u00b3 27","og_url":"https:\/\/europressgroup.com\/no\/hg-skruekomprimatorer\/","og_site_name":"Europress Group","article_publisher":"https:\/\/www.facebook.com\/europresswastehandling","article_modified_time":"2024-11-27T09:42:22+00:00","og_image":[{"width":1920,"height":1280,"url":"https:\/\/europressgroup.com\/wp-content\/uploads\/2019\/05\/Europress-stationary-screw-compactor-1920x1280px.jpg","type":"image\/jpeg"}],"twitter_card":"summary_large_image","twitter_site":"@EPWastehandling","twitter_misc":{"Ansl. lesetid":"4 minutter"},"schema":{"@context":"https:\/\/schema.org","@graph":[{"@type":"WebPage","@id":"https:\/\/europressgroup.com\/no\/hg-skruekomprimatorer\/","url":"https:\/\/europressgroup.com\/no\/hg-skruekomprimatorer\/","name":"H&G Skruekomprimatorer - Europress Group","isPartOf":{"@id":"https:\/\/europressgroup.com\/no\/#website"},"primaryImageOfPage":{"@id":"https:\/\/europressgroup.com\/no\/hg-skruekomprimatorer\/#primaryimage"},"image":{"@id":"https:\/\/europressgroup.com\/no\/hg-skruekomprimatorer\/#primaryimage"},"thumbnailUrl":"https:\/\/europressgroup.com\/wp-content\/uploads\/2019\/05\/Europress-stationary-screw-compactor-1920x1280px.jpg","datePublished":"2019-03-28T14:32:48+00:00","dateModified":"2024-11-27T09:42:22+00:00","description":"H&G screw compactors from Europress.","breadcrumb":{"@id":"https:\/\/europressgroup.com\/no\/hg-skruekomprimatorer\/#breadcrumb"},"inLanguage":"nb-NO","potentialAction":[{"@type":"ReadAction","target":["https:\/\/europressgroup.com\/no\/hg-skruekomprimatorer\/"]}]},{"@type":"ImageObject","inLanguage":"nb-NO","@id":"https:\/\/europressgroup.com\/no\/hg-skruekomprimatorer\/#primaryimage","url":"https:\/\/europressgroup.com\/wp-content\/uploads\/2019\/05\/Europress-stationary-screw-compactor-1920x1280px.jpg","contentUrl":"https:\/\/europressgroup.com\/wp-content\/uploads\/2019\/05\/Europress-stationary-screw-compactor-1920x1280px.jpg","width":1920,"height":1280,"caption":"Screw compactor shredding waste"},{"@type":"BreadcrumbList","@id":"https:\/\/europressgroup.com\/no\/hg-skruekomprimatorer\/#breadcrumb","itemListElement":[{"@type":"ListItem","position":1,"name":"Home","item":"https:\/\/europressgroup.com\/no\/"},{"@type":"ListItem","position":2,"name":"H&#038;G Skruekomprimatorer"}]},{"@type":"WebSite","@id":"https:\/\/europressgroup.com\/no\/#website","url":"https:\/\/europressgroup.com\/no\/","name":"Europress Group","description":"Northern European leader in Environmental Technology","publisher":{"@id":"https:\/\/europressgroup.com\/no\/#organization"},"potentialAction":[{"@type":"SearchAction","target":{"@type":"EntryPoint","urlTemplate":"https:\/\/europressgroup.com\/no\/?s={search_term_string}"},"query-input":{"@type":"PropertyValueSpecification","valueRequired":true,"valueName":"search_term_string"}}],"inLanguage":"nb-NO"},{"@type":"Organization","@id":"https:\/\/europressgroup.com\/no\/#organization","name":"Europress Group","url":"https:\/\/europressgroup.com\/no\/","logo":{"@type":"ImageObject","inLanguage":"nb-NO","@id":"https:\/\/europressgroup.com\/no\/#\/schema\/logo\/image\/","url":"https:\/\/europressgroup.com\/wp-content\/uploads\/2018\/12\/Europress-logo-1.png","contentUrl":"https:\/\/europressgroup.com\/wp-content\/uploads\/2018\/12\/Europress-logo-1.png","width":478,"height":75,"caption":"Europress Group"},"image":{"@id":"https:\/\/europressgroup.com\/no\/#\/schema\/logo\/image\/"},"sameAs":["https:\/\/www.facebook.com\/europresswastehandling","https:\/\/x.com\/EPWastehandling","https:\/\/www.instagram.com\/europressgroup\/","https:\/\/www.linkedin.com\/company\/europress"],"publishingPrinciples":"https:\/\/europressgroup.com\/environment-safety-quality\/","ownershipFundingInfo":"https:\/\/europressgroup.com\/history\/","actionableFeedbackPolicy":"https:\/\/europressgroup.com\/customer-feedback\/","correctionsPolicy":"https:\/\/europressgroup.com\/customer-feedback\/","ethicsPolicy":"https:\/\/europressgroup.com\/responsibility\/"}]}},"_links":{"self":[{"href":"https:\/\/europressgroup.com\/no\/wp-json\/wp\/v2\/pages\/74346","targetHints":{"allow":["GET"]}}],"collection":[{"href":"https:\/\/europressgroup.com\/no\/wp-json\/wp\/v2\/pages"}],"about":[{"href":"https:\/\/europressgroup.com\/no\/wp-json\/wp\/v2\/types\/page"}],"author":[{"embeddable":true,"href":"https:\/\/europressgroup.com\/no\/wp-json\/wp\/v2\/users\/5"}],"replies":[{"embeddable":true,"href":"https:\/\/europressgroup.com\/no\/wp-json\/wp\/v2\/comments?post=74346"}],"version-history":[{"count":9,"href":"https:\/\/europressgroup.com\/no\/wp-json\/wp\/v2\/pages\/74346\/revisions"}],"predecessor-version":[{"id":148526,"href":"https:\/\/europressgroup.com\/no\/wp-json\/wp\/v2\/pages\/74346\/revisions\/148526"}],"wp:featuredmedia":[{"embeddable":true,"href":"https:\/\/europressgroup.com\/no\/wp-json\/wp\/v2\/media\/74204"}],"wp:attachment":[{"href":"https:\/\/europressgroup.com\/no\/wp-json\/wp\/v2\/media?parent=74346"}],"curies":[{"name":"wp","href":"https:\/\/api.w.org\/{rel}","templated":true}]}}