{"id":74293,"date":"2019-02-26T12:56:18","date_gmt":"2019-02-26T10:56:18","guid":{"rendered":"https:\/\/europressgroup.com\/combimega\/"},"modified":"2024-07-12T13:39:55","modified_gmt":"2024-07-12T10:39:55","slug":"combimega","status":"publish","type":"page","link":"https:\/\/europressgroup.com\/no\/combimega\/","title":{"rendered":"CombiMega avfallskomprimator"},"content":{"rendered":"<div class=\"wpb-content-wrapper\"><p>[vc_row row_height_percent=&raquo;0&#8243; override_padding=&raquo;yes&raquo; h_padding=&raquo;2&#8243; top_padding=&raquo;4&#8243; bottom_padding=&raquo;1&#8243; overlay_alpha=&raquo;50&#8243; equal_height=&raquo;yes&raquo; gutter_size=&raquo;3&#8243; column_width_percent=&raquo;100&#8243; shift_y=&raquo;0&#8243; z_index=&raquo;0&#8243; row_name=&raquo;Highlights&raquo;][vc_column column_width_percent=&raquo;100&#8243; position_horizontal=&raquo;left&raquo; position_vertical=&raquo;middle&raquo; gutter_size=&raquo;3&#8243; override_padding=&raquo;yes&raquo; column_padding=&raquo;2&#8243; overlay_alpha=&raquo;50&#8243; shift_x=&raquo;0&#8243; shift_y=&raquo;0&#8243; shift_y_down=&raquo;0&#8243; z_index=&raquo;0&#8243; medium_width=&raquo;4&#8243; mobile_width=&raquo;0&#8243; zoom_width=&raquo;0&#8243; zoom_height=&raquo;0&#8243; width=&raquo;1\/2&#8243;][vc_single_image media=&raquo;141477&#8243; media_width_percent=&raquo;100&#8243; image=&raquo;2286&#8243; border_color=&raquo;grey&raquo; img_link_target=&raquo;_self&raquo; img_size=&raquo;full&raquo; uncode_shortcode_id=&raquo;970225&#8243;][\/vc_column][vc_column column_width_percent=&raquo;100&#8243; position_vertical=&raquo;middle&raquo; align_horizontal=&raquo;align_center&raquo; gutter_size=&raquo;3&#8243; expand_height=&raquo;yes&raquo; overlay_alpha=&raquo;50&#8243; shift_x=&raquo;0&#8243; shift_y=&raquo;0&#8243; shift_y_down=&raquo;0&#8243; z_index=&raquo;0&#8243; medium_width=&raquo;4&#8243; mobile_width=&raquo;0&#8243; zoom_width=&raquo;0&#8243; zoom_height=&raquo;0&#8243; width=&raquo;1\/6&#8243;][vc_icon icon=&raquo;fa fa-recycle&raquo; size=&raquo;fa-3x&raquo; text_height=&raquo;fontheight-179065&#8243; title=&raquo;BRUK&raquo;]Papp<\/p>\n<p>Plast<\/p>\n<p>Blandet avfall<\/p>\n<p>Forbrenningsavfall[\/vc_icon][\/vc_column][vc_column column_width_percent=&raquo;100&#8243; align_horizontal=&raquo;align_center&raquo; gutter_size=&raquo;3&#8243; expand_height=&raquo;yes&raquo; overlay_alpha=&raquo;50&#8243; shift_x=&raquo;0&#8243; shift_y=&raquo;0&#8243; shift_y_down=&raquo;0&#8243; z_index=&raquo;0&#8243; medium_width=&raquo;0&#8243; mobile_visibility=&raquo;yes&raquo; mobile_width=&raquo;0&#8243; width=&raquo;1\/6&#8243;][vc_icon icon=&raquo;fa fa-cogs&raquo; size=&raquo;fa-3x&raquo; text_height=&raquo;fontheight-179065&#8243; title=&raquo;FUNKSJONER&raquo;]Den st\u00f8rste innkast\u00e5pningen p\u00e5 markedet<\/p>\n<p>Flere standard containerst\u00f8rrelser<\/p>\n<p>P\u00e5litelig og brukervennlig<\/p>\n<p>Intelligent SMART-teknologi<br \/>\n[\/vc_icon][\/vc_column][vc_column column_width_percent=&raquo;100&#8243; align_horizontal=&raquo;align_center&raquo; gutter_size=&raquo;3&#8243; expand_height=&raquo;yes&raquo; overlay_alpha=&raquo;50&#8243; shift_x=&raquo;0&#8243; shift_y=&raquo;0&#8243; shift_y_down=&raquo;0&#8243; z_index=&raquo;0&#8243; medium_width=&raquo;0&#8243; mobile_width=&raquo;0&#8243; width=&raquo;1\/6&#8243;][vc_icon icon=&raquo;fa fa-th&raquo; size=&raquo;fa-3x&raquo; text_height=&raquo;fontheight-179065&#8243; title=&raquo;KAPASITET&raquo; uncode_shortcode_id=&raquo;127827&#8243;]10 m\u00b3<\/p>\n<p>14 m\u00b3<\/p>\n<p>17 m\u00b3<\/p>\n<p>20 m\u00b3<\/p>\n<p>22 m\u00b3<\/p>\n<p>[\/vc_icon][\/vc_column][\/vc_row][vc_row row_height_percent=&raquo;0&#8243; override_padding=&raquo;yes&raquo; h_padding=&raquo;2&#8243; top_padding=&raquo;3&#8243; bottom_padding=&raquo;3&#8243; overlay_alpha=&raquo;100&#8243; equal_height=&raquo;yes&raquo; gutter_size=&raquo;0&#8243; column_width_percent=&raquo;100&#8243; shift_y=&raquo;0&#8243; z_index=&raquo;0&#8243; style=&raquo;dark&raquo; row_name=&raquo;Design &amp; Quality&raquo; uncode_shortcode_id=&raquo;590004&#8243;][vc_column column_width_percent=&raquo;100&#8243; position_vertical=&raquo;middle&raquo; gutter_size=&raquo;3&#8243; override_padding=&raquo;yes&raquo; column_padding=&raquo;0&#8243; style=&raquo;light&raquo; overlay_alpha=&raquo;50&#8243; shift_x=&raquo;0&#8243; shift_y=&raquo;0&#8243; shift_y_down=&raquo;0&#8243; z_index=&raquo;0&#8243; medium_width=&raquo;0&#8243; mobile_width=&raquo;0&#8243; width=&raquo;1\/1&#8243; uncode_shortcode_id=&raquo;124228&#8243;][vc_custom_heading text_weight=&raquo;700&#8243; text_transform=&raquo;uppercase&raquo; separator_color=&raquo;yes&raquo; separator=&raquo;yes&raquo; sub_lead=&raquo;yes&raquo; sub_reduced=&raquo;yes&raquo;]EFFEKTIVE AVFALLSKOMPRIMATORER FOR TUNG BRUK[\/vc_custom_heading][vc_column_text uncode_shortcode_id=&raquo;110004&#8243;]Europress CombiMega er en robust mobil avfallskomprimator for aktiv bruk. Komprimatoren har klassens st\u00f8rste innkast\u00e5pning, slik at selv de st\u00f8rste pappeskene enkelt kan mates inn uten at de m\u00e5 brettes en masse p\u00e5 forh\u00e5nd. Den enkle innmatingen kombinert med en kompresjonskraft p\u00e5 40 tonn gj\u00f8r denne komprimatoren ideell for st\u00f8rre avfallsmengder.<\/p>\n<p>Europress CombiMega komprimator f\u00e5s i en rekke standard containerst\u00f8rrelser: 10 m\u00b3, 14 m\u00b3, 17 m\u00b3, 20 m\u00b3 og 22 m\u00b3.[\/vc_column_text][\/vc_column][\/vc_row][vc_row row_height_percent=&raquo;10&#8243; override_padding=&raquo;yes&raquo; h_padding=&raquo;2&#8243; top_padding=&raquo;3&#8243; bottom_padding=&raquo;3&#8243; back_color=&raquo;color-gyho&raquo; overlay_alpha=&raquo;100&#8243; equal_height=&raquo;yes&raquo; gutter_size=&raquo;0&#8243; column_width_percent=&raquo;100&#8243; shift_y=&raquo;0&#8243; z_index=&raquo;0&#8243; style=&raquo;dark&raquo; row_name=&raquo;Design &amp; Quality&raquo; uncode_shortcode_id=&raquo;444958&#8243; back_color_type=&raquo;uncode-palette&raquo;][vc_column column_width_percent=&raquo;100&#8243; position_horizontal=&raquo;left&raquo; position_vertical=&raquo;middle&raquo; gutter_size=&raquo;3&#8243; override_padding=&raquo;yes&raquo; column_padding=&raquo;0&#8243; overlay_alpha=&raquo;50&#8243; shift_x=&raquo;0&#8243; shift_y=&raquo;0&#8243; shift_y_down=&raquo;0&#8243; z_index=&raquo;0&#8243; medium_width=&raquo;0&#8243; mobile_width=&raquo;0&#8243; width=&raquo;2\/3&#8243; uncode_shortcode_id=&raquo;154583&#8243;][vc_column_text uncode_shortcode_id=&raquo;830067&#8243;]<\/p>\n<div class=\"wpb_column pos-middle pos-left align_left column_parent col-lg-8 single-internal-gutter\">\n<div class=\"uncol style-light\">\n<div class=\"uncoltable\">\n<div class=\"uncell no-block-padding\">\n<div class=\"uncont\">\n<div class=\"uncode_text_column\">\n<p>Komprimatorenes intelligente SMART-teknologi gj\u00f8r dem mer kostnadseffektive og tryggere i bruk. Maskinene kan justeres og konfigureres enkeltvis for \u00e5 im\u00f8tekomme diverse avfallsbehandlingsbehov. Komprimatorene overv\u00e5ker seg selv og tilpasser seg avvik for \u00e5 beskytte b\u00e5de operat\u00f8ren og komponentene.<\/p>\n<p>CombiMega-komprimatorene er som standard klargjort for Europress SMART-tilkobling, slik at de kan integreres i <strong><a href=\"https:\/\/europressgroup.com\/no\/smart\/\">Europress SMART-fl\u00e5testyringssystemet<\/a><\/strong>. Dette systemet holder oversikt over anleggsmiddeldata og verkt\u00f8y og s\u00f8rger for en str\u00f8mlinjeformet fl\u00e5testyring.<\/p>\n<\/div>\n<\/div>\n<\/div>\n<\/div>\n<\/div>\n<\/div>\n<p>[\/vc_column_text][\/vc_column][vc_column width=&raquo;1\/3&#8243;][vc_single_image media=&raquo;73921&#8243; media_width_percent=&raquo;60&#8243; alignment=&raquo;center&raquo; media_link=&raquo;url:https%3A%2F%2Feuropressgroup.com%2Fno%2Fsmart%2F|title:Europress%20SMART&raquo; uncode_shortcode_id=&raquo;900286&#8243;][\/vc_column][\/vc_row][vc_row unlock_row_content=&raquo;yes&raquo; row_height_percent=&raquo;0&#8243; override_padding=&raquo;yes&raquo; h_padding=&raquo;2&#8243; top_padding=&raquo;4&#8243; bottom_padding=&raquo;4&#8243; back_color=&raquo;color-rgdb&raquo; overlay_alpha=&raquo;50&#8243; gutter_size=&raquo;3&#8243; column_width_percent=&raquo;100&#8243; shift_y=&raquo;0&#8243; z_index=&raquo;0&#8243; row_name=&raquo;Gallery&raquo;][vc_column column_width_use_pixel=&raquo;yes&raquo; align_horizontal=&raquo;align_center&raquo; gutter_size=&raquo;3&#8243; style=&raquo;dark&raquo; overlay_alpha=&raquo;50&#8243; shift_x=&raquo;0&#8243; shift_y=&raquo;0&#8243; medium_width=&raquo;0&#8243; zoom_width=&raquo;0&#8243; zoom_height=&raquo;0&#8243; column_width_pixel=&raquo;1400&#8243;][vc_custom_heading text_transform=&raquo;uppercase&raquo; separator=&raquo;yes&raquo; sub_lead=&raquo;yes&raquo;]Media[\/vc_custom_heading][vc_gallery el_id=&raquo;gallery-47626&#8243; type=&raquo;carousel&raquo; medias=&raquo;73432,73433,73430&#8243; carousel_lg=&raquo;3&#8243; carousel_md=&raquo;2&#8243; carousel_sm=&raquo;1&#8243; thumb_size=&raquo;one-one&raquo; gutter_size=&raquo;2&#8243; media_items=&raquo;media,icon&raquo; carousel_interval=&raquo;3000&#8243; carousel_navspeed=&raquo;400&#8243; carousel_nav=&raquo;yes&raquo; carousel_dots=&raquo;yes&raquo; stage_padding=&raquo;0&#8243; single_overlay_opacity=&raquo;50&#8243; single_image_anim=&raquo;no&raquo; single_h_align=&raquo;center&raquo; single_padding=&raquo;2&#8243; single_icon=&raquo;fa fa-search3&#8243; single_shadow=&raquo;yes&raquo; single_border=&raquo;yes&raquo; carousel_rtl=&raquo;&raquo; single_title_uppercase=&raquo;&raquo;][\/vc_column][\/vc_row][vc_row row_height_percent=&raquo;50&#8243; override_padding=&raquo;yes&raquo; h_padding=&raquo;2&#8243; top_padding=&raquo;0&#8243; bottom_padding=&raquo;0&#8243; back_color=&raquo;color-lxmt&raquo; overlay_alpha=&raquo;100&#8243; equal_height=&raquo;yes&raquo; gutter_size=&raquo;0&#8243; column_width_percent=&raquo;100&#8243; shift_y=&raquo;0&#8243; z_index=&raquo;0&#8243; style=&raquo;dark&raquo; row_name=&raquo;Design &amp; Quality&raquo;][vc_column column_width_percent=&raquo;100&#8243; align_horizontal=&raquo;align_center&raquo; gutter_size=&raquo;3&#8243; override_padding=&raquo;yes&raquo; column_padding=&raquo;4&#8243; style=&raquo;light&raquo; back_color=&raquo;color-lxmt&raquo; overlay_alpha=&raquo;50&#8243; shift_x=&raquo;0&#8243; shift_y=&raquo;0&#8243; shift_y_down=&raquo;0&#8243; z_index=&raquo;0&#8243; medium_width=&raquo;0&#8243; mobile_width=&raquo;0&#8243; width=&raquo;1\/1&#8243;][vc_custom_heading text_weight=&raquo;700&#8243; text_transform=&raquo;uppercase&raquo; separator_color=&raquo;yes&raquo; separator=&raquo;yes&raquo; sub_lead=&raquo;yes&raquo; sub_reduced=&raquo;yes&raquo;]\u00d8VRIG INFORMASJON[\/vc_custom_heading][vc_tabs][vc_tab title=&raquo;TEKNISKE SPESIFIKASJONER&raquo; tab_id=&raquo;1551168098-1-37&#8243;][vc_column_text uncode_shortcode_id=&raquo;508284&#8243;]<strong>Innkast\u00e5pning<\/strong><br \/>\n1.850 x 1.590 mm<\/p>\n<p><strong>Innkasth\u00f8yde (bakkeniv\u00e5)<\/strong><br \/>\n1.480 \/ 1.300 mm<\/p>\n<p><strong>Kompresjonskraft<\/strong><br \/>\n35 \u2013 40 t<\/p>\n<p><strong>Syklustid ved komprimering<\/strong><br \/>\n73 s<\/p>\n<p><strong>Kapasitet (papp)<\/strong><br \/>\n99 m\u00b3 \/h<\/p>\n<p><strong>Motor<\/strong><br \/>\n5,5 \/ 7,5 kW*<\/p>\n<p><strong>Str\u00f8mforsyning<\/strong><br \/>\n400 V, 50 Hz, 3\u00d7C16 A<br \/>\n400 V, 50 Hz, 3\u00d7C32 A*[\/vc_column_text][\/vc_tab][vc_tab title=&raquo;STANDARDTILBEH\u00d8R&raquo; tab_id=&raquo;1551168098-2-88&#8243;][vc_column_text]Bl\u00e5 farge RAL5017<\/p>\n<p>Standard innkasttrakt<\/p>\n<p>L\u00f8ftekroker foran\/bak<\/p>\n<p>Intelligent SMART-teknologi<\/p>\n<p>Klargjort for Europress SMART-tilkobling<br \/>\n[\/vc_column_text][\/vc_tab][vc_tab title=&raquo;EKSTRAUTSTYR&raquo; tab_id=&raquo;1551168147535-2-2&#8243;][vc_column_text]Valgfri RAL-farge<\/p>\n<p>F\u00f8ringer<\/p>\n<p>Ekstra kontroller, f.eks. n\u00f8dstopp<\/p>\n<p>Hjul foran\/bak (\u00abroll-off\u00bb)<\/p>\n<p>Spesial-innkasttrakt<\/p>\n<p>Avrenningsl\u00f8sning for v\u00e6ske<\/p>\n<p>2-faset \u00e5pnemekanisme for t\u00f8mmed\u00f8r<\/p>\n<p>\u00c5pnemekanisme med lang hendel for t\u00f8mmed\u00f8r<\/p>\n<p>T\u00f8mmed\u00f8r med hengsler i toppen<\/p>\n<p>Ozongenerator\/kj\u00f8ler (luktkontroll)<\/p>\n<p>L\u00f8ftevendere (integrert\/stasjon\u00e6r)<\/p>\n<p>Lokk\u00e5pner (hydraulisk\/elektronisk)<\/p>\n<p>Kodestartsystem<\/p>\n<p>Autostartsystem<\/p>\n<p>7,5 kW str\u00f8mforsyningsenhet<\/p>\n<p>Vanntett oppsett<\/p>\n<p>Lavt innkast-oppsett[\/vc_column_text][\/vc_tab][\/vc_tabs][\/vc_column][\/vc_row][vc_row][vc_column column_width_percent=&raquo;100&#8243; align_horizontal=&raquo;align_center&raquo; gutter_size=&raquo;3&#8243; overlay_alpha=&raquo;50&#8243; shift_x=&raquo;0&#8243; shift_y=&raquo;0&#8243; shift_y_down=&raquo;0&#8243; z_index=&raquo;0&#8243; medium_width=&raquo;0&#8243; mobile_width=&raquo;0&#8243; width=&raquo;1\/1&#8243;][vc_button button_color=&raquo;accent&raquo; radius=&raquo;btn-round&raquo; border_animation=&raquo;btn-ripple-out&raquo; border_width=&raquo;0&#8243; link=&raquo;url:https%3A%2F%2Feuropressgroup.com%2Fno%2Flast-ned-brosjyrer%2F|target:_blank&raquo; button_color_type=&raquo;uncode-palette&raquo; uncode_shortcode_id=&raquo;757061&#8243;]LAST NED BROSJYRE[\/vc_button][\/vc_column][\/vc_row][vc_row][vc_column width=&raquo;1\/1&#8243;][uncode_block id=&raquo;74093&#8243;][\/vc_column][\/vc_row]<\/p>\n<\/div>","protected":false},"excerpt":{"rendered":"<p>[vc_row row_height_percent=&raquo;0&#8243; override_padding=&raquo;yes&raquo; h_padding=&raquo;2&#8243; top_padding=&raquo;4&#8243; bottom_padding=&raquo;1&#8243; overlay_alpha=&raquo;50&#8243; equal_height=&raquo;yes&raquo; gutter_size=&raquo;3&#8243; column_width_percent=&raquo;100&#8243; shift_y=&raquo;0&#8243; z_index=&raquo;0&#8243; row_name=&raquo;Highlights&raquo;][vc_column column_width_percent=&raquo;100&#8243; position_horizontal=&raquo;left&raquo; position_vertical=&raquo;middle&raquo; gutter_size=&raquo;3&#8243; override_padding=&raquo;yes&raquo; column_padding=&raquo;2&#8243; overlay_alpha=&raquo;50&#8243; [&hellip;]<\/p>\n","protected":false},"author":25,"featured_media":74295,"parent":0,"menu_order":0,"comment_status":"closed","ping_status":"closed","template":"","meta":{"footnotes":""},"class_list":["post-74293","page","type-page","status-publish","has-post-thumbnail","hentry","page_category-blandet-avfall","page_category-forbrenningsavfall","page_category-papp","page_category-plast"],"yoast_head":"<!-- This site is optimized with the Yoast SEO Premium plugin v27.3 (Yoast SEO v27.3) - https:\/\/yoast.com\/product\/yoast-seo-premium-wordpress\/ -->\n<title>CombiMega avfallskomprimator - Europress Group<\/title>\n<meta name=\"description\" content=\"Europress CombiMega er en robust mobil avfallskomprimator for aktiv bruk. Komprimatoren har klassens st\u00f8rste innkast\u00e5pning.\" \/>\n<meta name=\"robots\" content=\"index, follow, max-snippet:-1, max-image-preview:large, max-video-preview:-1\" \/>\n<link rel=\"canonical\" href=\"https:\/\/europressgroup.com\/no\/combimega\/\" \/>\n<meta property=\"og:locale\" content=\"nb_NO\" \/>\n<meta property=\"og:type\" content=\"article\" \/>\n<meta property=\"og:title\" content=\"CombiMega avfallskomprimator\" \/>\n<meta property=\"og:description\" content=\"Papp Plast Blandet avfall ForbrenningsavfallDen st\u00f8rste innkast\u00e5pningen p\u00e5 markedet Flere standard containerst\u00f8rrelser P\u00e5litelig og brukervennlig\" \/>\n<meta property=\"og:url\" content=\"https:\/\/europressgroup.com\/no\/combimega\/\" \/>\n<meta property=\"og:site_name\" content=\"Europress Group\" \/>\n<meta property=\"article:publisher\" content=\"https:\/\/www.facebook.com\/europresswastehandling\" \/>\n<meta property=\"article:modified_time\" content=\"2024-07-12T10:39:55+00:00\" \/>\n<meta property=\"og:image\" content=\"https:\/\/europressgroup.com\/wp-content\/uploads\/2019\/03\/CombiMega.jpg\" \/>\n\t<meta property=\"og:image:width\" content=\"1555\" \/>\n\t<meta property=\"og:image:height\" content=\"1037\" \/>\n\t<meta property=\"og:image:type\" content=\"image\/jpeg\" \/>\n<meta name=\"twitter:card\" content=\"summary_large_image\" \/>\n<meta name=\"twitter:site\" content=\"@EPWastehandling\" \/>\n<meta name=\"twitter:label1\" content=\"Ansl. lesetid\" \/>\n\t<meta name=\"twitter:data1\" content=\"4 minutter\" \/>\n<script type=\"application\/ld+json\" class=\"yoast-schema-graph\">{\"@context\":\"https:\\\/\\\/schema.org\",\"@graph\":[{\"@type\":\"WebPage\",\"@id\":\"https:\\\/\\\/europressgroup.com\\\/no\\\/combimega\\\/\",\"url\":\"https:\\\/\\\/europressgroup.com\\\/no\\\/combimega\\\/\",\"name\":\"CombiMega avfallskomprimator - Europress Group\",\"isPartOf\":{\"@id\":\"https:\\\/\\\/europressgroup.com\\\/no\\\/#website\"},\"primaryImageOfPage\":{\"@id\":\"https:\\\/\\\/europressgroup.com\\\/no\\\/combimega\\\/#primaryimage\"},\"image\":{\"@id\":\"https:\\\/\\\/europressgroup.com\\\/no\\\/combimega\\\/#primaryimage\"},\"thumbnailUrl\":\"https:\\\/\\\/europressgroup.com\\\/wp-content\\\/uploads\\\/2019\\\/03\\\/CombiMega.jpg\",\"datePublished\":\"2019-02-26T10:56:18+00:00\",\"dateModified\":\"2024-07-12T10:39:55+00:00\",\"description\":\"Europress CombiMega er en robust mobil avfallskomprimator for aktiv bruk. Komprimatoren har klassens st\u00f8rste innkast\u00e5pning.\",\"breadcrumb\":{\"@id\":\"https:\\\/\\\/europressgroup.com\\\/no\\\/combimega\\\/#breadcrumb\"},\"inLanguage\":\"nb-NO\",\"potentialAction\":[{\"@type\":\"ReadAction\",\"target\":[\"https:\\\/\\\/europressgroup.com\\\/no\\\/combimega\\\/\"]}]},{\"@type\":\"ImageObject\",\"inLanguage\":\"nb-NO\",\"@id\":\"https:\\\/\\\/europressgroup.com\\\/no\\\/combimega\\\/#primaryimage\",\"url\":\"https:\\\/\\\/europressgroup.com\\\/wp-content\\\/uploads\\\/2019\\\/03\\\/CombiMega.jpg\",\"contentUrl\":\"https:\\\/\\\/europressgroup.com\\\/wp-content\\\/uploads\\\/2019\\\/03\\\/CombiMega.jpg\",\"width\":1555,\"height\":1037,\"caption\":\"CombiMega waste compactor\"},{\"@type\":\"BreadcrumbList\",\"@id\":\"https:\\\/\\\/europressgroup.com\\\/no\\\/combimega\\\/#breadcrumb\",\"itemListElement\":[{\"@type\":\"ListItem\",\"position\":1,\"name\":\"Home\",\"item\":\"https:\\\/\\\/europressgroup.com\\\/no\\\/\"},{\"@type\":\"ListItem\",\"position\":2,\"name\":\"CombiMega avfallskomprimator\"}]},{\"@type\":\"WebSite\",\"@id\":\"https:\\\/\\\/europressgroup.com\\\/no\\\/#website\",\"url\":\"https:\\\/\\\/europressgroup.com\\\/no\\\/\",\"name\":\"Europress Group\",\"description\":\"Northern European leader in Environmental Technology\",\"publisher\":{\"@id\":\"https:\\\/\\\/europressgroup.com\\\/no\\\/#organization\"},\"potentialAction\":[{\"@type\":\"SearchAction\",\"target\":{\"@type\":\"EntryPoint\",\"urlTemplate\":\"https:\\\/\\\/europressgroup.com\\\/no\\\/?s={search_term_string}\"},\"query-input\":{\"@type\":\"PropertyValueSpecification\",\"valueRequired\":true,\"valueName\":\"search_term_string\"}}],\"inLanguage\":\"nb-NO\"},{\"@type\":\"Organization\",\"@id\":\"https:\\\/\\\/europressgroup.com\\\/no\\\/#organization\",\"name\":\"Europress Group\",\"url\":\"https:\\\/\\\/europressgroup.com\\\/no\\\/\",\"logo\":{\"@type\":\"ImageObject\",\"inLanguage\":\"nb-NO\",\"@id\":\"https:\\\/\\\/europressgroup.com\\\/no\\\/#\\\/schema\\\/logo\\\/image\\\/\",\"url\":\"https:\\\/\\\/europressgroup.com\\\/wp-content\\\/uploads\\\/2018\\\/12\\\/Europress-logo-1.png\",\"contentUrl\":\"https:\\\/\\\/europressgroup.com\\\/wp-content\\\/uploads\\\/2018\\\/12\\\/Europress-logo-1.png\",\"width\":478,\"height\":75,\"caption\":\"Europress Group\"},\"image\":{\"@id\":\"https:\\\/\\\/europressgroup.com\\\/no\\\/#\\\/schema\\\/logo\\\/image\\\/\"},\"sameAs\":[\"https:\\\/\\\/www.facebook.com\\\/europresswastehandling\",\"https:\\\/\\\/x.com\\\/EPWastehandling\",\"https:\\\/\\\/www.instagram.com\\\/europressgroup\\\/\",\"https:\\\/\\\/www.linkedin.com\\\/company\\\/europress\"],\"publishingPrinciples\":\"https:\\\/\\\/europressgroup.com\\\/environment-safety-quality\\\/\",\"ownershipFundingInfo\":\"https:\\\/\\\/europressgroup.com\\\/history\\\/\",\"actionableFeedbackPolicy\":\"https:\\\/\\\/europressgroup.com\\\/customer-feedback\\\/\",\"correctionsPolicy\":\"https:\\\/\\\/europressgroup.com\\\/customer-feedback\\\/\",\"ethicsPolicy\":\"https:\\\/\\\/europressgroup.com\\\/responsibility\\\/\"}]}<\/script>\n<!-- \/ Yoast SEO Premium plugin. -->","yoast_head_json":{"title":"CombiMega avfallskomprimator - Europress Group","description":"Europress CombiMega er en robust mobil avfallskomprimator for aktiv bruk. Komprimatoren har klassens st\u00f8rste innkast\u00e5pning.","robots":{"index":"index","follow":"follow","max-snippet":"max-snippet:-1","max-image-preview":"max-image-preview:large","max-video-preview":"max-video-preview:-1"},"canonical":"https:\/\/europressgroup.com\/no\/combimega\/","og_locale":"nb_NO","og_type":"article","og_title":"CombiMega avfallskomprimator","og_description":"Papp Plast Blandet avfall ForbrenningsavfallDen st\u00f8rste innkast\u00e5pningen p\u00e5 markedet Flere standard containerst\u00f8rrelser P\u00e5litelig og brukervennlig","og_url":"https:\/\/europressgroup.com\/no\/combimega\/","og_site_name":"Europress Group","article_publisher":"https:\/\/www.facebook.com\/europresswastehandling","article_modified_time":"2024-07-12T10:39:55+00:00","og_image":[{"width":1555,"height":1037,"url":"https:\/\/europressgroup.com\/wp-content\/uploads\/2019\/03\/CombiMega.jpg","type":"image\/jpeg"}],"twitter_card":"summary_large_image","twitter_site":"@EPWastehandling","twitter_misc":{"Ansl. lesetid":"4 minutter"},"schema":{"@context":"https:\/\/schema.org","@graph":[{"@type":"WebPage","@id":"https:\/\/europressgroup.com\/no\/combimega\/","url":"https:\/\/europressgroup.com\/no\/combimega\/","name":"CombiMega avfallskomprimator - Europress Group","isPartOf":{"@id":"https:\/\/europressgroup.com\/no\/#website"},"primaryImageOfPage":{"@id":"https:\/\/europressgroup.com\/no\/combimega\/#primaryimage"},"image":{"@id":"https:\/\/europressgroup.com\/no\/combimega\/#primaryimage"},"thumbnailUrl":"https:\/\/europressgroup.com\/wp-content\/uploads\/2019\/03\/CombiMega.jpg","datePublished":"2019-02-26T10:56:18+00:00","dateModified":"2024-07-12T10:39:55+00:00","description":"Europress CombiMega er en robust mobil avfallskomprimator for aktiv bruk. Komprimatoren har klassens st\u00f8rste innkast\u00e5pning.","breadcrumb":{"@id":"https:\/\/europressgroup.com\/no\/combimega\/#breadcrumb"},"inLanguage":"nb-NO","potentialAction":[{"@type":"ReadAction","target":["https:\/\/europressgroup.com\/no\/combimega\/"]}]},{"@type":"ImageObject","inLanguage":"nb-NO","@id":"https:\/\/europressgroup.com\/no\/combimega\/#primaryimage","url":"https:\/\/europressgroup.com\/wp-content\/uploads\/2019\/03\/CombiMega.jpg","contentUrl":"https:\/\/europressgroup.com\/wp-content\/uploads\/2019\/03\/CombiMega.jpg","width":1555,"height":1037,"caption":"CombiMega waste compactor"},{"@type":"BreadcrumbList","@id":"https:\/\/europressgroup.com\/no\/combimega\/#breadcrumb","itemListElement":[{"@type":"ListItem","position":1,"name":"Home","item":"https:\/\/europressgroup.com\/no\/"},{"@type":"ListItem","position":2,"name":"CombiMega avfallskomprimator"}]},{"@type":"WebSite","@id":"https:\/\/europressgroup.com\/no\/#website","url":"https:\/\/europressgroup.com\/no\/","name":"Europress Group","description":"Northern European leader in Environmental Technology","publisher":{"@id":"https:\/\/europressgroup.com\/no\/#organization"},"potentialAction":[{"@type":"SearchAction","target":{"@type":"EntryPoint","urlTemplate":"https:\/\/europressgroup.com\/no\/?s={search_term_string}"},"query-input":{"@type":"PropertyValueSpecification","valueRequired":true,"valueName":"search_term_string"}}],"inLanguage":"nb-NO"},{"@type":"Organization","@id":"https:\/\/europressgroup.com\/no\/#organization","name":"Europress Group","url":"https:\/\/europressgroup.com\/no\/","logo":{"@type":"ImageObject","inLanguage":"nb-NO","@id":"https:\/\/europressgroup.com\/no\/#\/schema\/logo\/image\/","url":"https:\/\/europressgroup.com\/wp-content\/uploads\/2018\/12\/Europress-logo-1.png","contentUrl":"https:\/\/europressgroup.com\/wp-content\/uploads\/2018\/12\/Europress-logo-1.png","width":478,"height":75,"caption":"Europress Group"},"image":{"@id":"https:\/\/europressgroup.com\/no\/#\/schema\/logo\/image\/"},"sameAs":["https:\/\/www.facebook.com\/europresswastehandling","https:\/\/x.com\/EPWastehandling","https:\/\/www.instagram.com\/europressgroup\/","https:\/\/www.linkedin.com\/company\/europress"],"publishingPrinciples":"https:\/\/europressgroup.com\/environment-safety-quality\/","ownershipFundingInfo":"https:\/\/europressgroup.com\/history\/","actionableFeedbackPolicy":"https:\/\/europressgroup.com\/customer-feedback\/","correctionsPolicy":"https:\/\/europressgroup.com\/customer-feedback\/","ethicsPolicy":"https:\/\/europressgroup.com\/responsibility\/"}]}},"_links":{"self":[{"href":"https:\/\/europressgroup.com\/no\/wp-json\/wp\/v2\/pages\/74293","targetHints":{"allow":["GET"]}}],"collection":[{"href":"https:\/\/europressgroup.com\/no\/wp-json\/wp\/v2\/pages"}],"about":[{"href":"https:\/\/europressgroup.com\/no\/wp-json\/wp\/v2\/types\/page"}],"author":[{"embeddable":true,"href":"https:\/\/europressgroup.com\/no\/wp-json\/wp\/v2\/users\/25"}],"replies":[{"embeddable":true,"href":"https:\/\/europressgroup.com\/no\/wp-json\/wp\/v2\/comments?post=74293"}],"version-history":[{"count":13,"href":"https:\/\/europressgroup.com\/no\/wp-json\/wp\/v2\/pages\/74293\/revisions"}],"predecessor-version":[{"id":141041,"href":"https:\/\/europressgroup.com\/no\/wp-json\/wp\/v2\/pages\/74293\/revisions\/141041"}],"wp:featuredmedia":[{"embeddable":true,"href":"https:\/\/europressgroup.com\/no\/wp-json\/wp\/v2\/media\/74295"}],"wp:attachment":[{"href":"https:\/\/europressgroup.com\/no\/wp-json\/wp\/v2\/media?parent=74293"}],"curies":[{"name":"wp","href":"https:\/\/api.w.org\/{rel}","templated":true}]}}