{"id":74255,"date":"2019-02-26T14:20:36","date_gmt":"2019-02-26T12:20:36","guid":{"rendered":"https:\/\/europressgroup.com\/balex-40\/"},"modified":"2025-03-04T11:50:01","modified_gmt":"2025-03-04T09:50:01","slug":"balex-40","status":"publish","type":"page","link":"https:\/\/europressgroup.com\/no\/balex-40\/","title":{"rendered":"Balex-40"},"content":{"rendered":"<div class=\"wpb-content-wrapper\"><p>[vc_row row_height_percent=&raquo;0&#8243; override_padding=&raquo;yes&raquo; h_padding=&raquo;2&#8243; top_padding=&raquo;4&#8243; bottom_padding=&raquo;2&#8243; overlay_alpha=&raquo;50&#8243; equal_height=&raquo;yes&raquo; gutter_size=&raquo;3&#8243; column_width_percent=&raquo;100&#8243; shift_y=&raquo;0&#8243; z_index=&raquo;0&#8243; row_name=&raquo;Highlights&raquo;][vc_column column_width_percent=&raquo;100&#8243; position_horizontal=&raquo;left&raquo; position_vertical=&raquo;middle&raquo; gutter_size=&raquo;3&#8243; override_padding=&raquo;yes&raquo; column_padding=&raquo;2&#8243; overlay_alpha=&raquo;50&#8243; shift_x=&raquo;0&#8243; shift_y=&raquo;0&#8243; shift_y_down=&raquo;0&#8243; z_index=&raquo;0&#8243; medium_width=&raquo;4&#8243; mobile_width=&raquo;0&#8243; zoom_width=&raquo;0&#8243; zoom_height=&raquo;0&#8243; width=&raquo;1\/2&#8243;][vc_single_image media=&raquo;73410&#8243; media_width_percent=&raquo;50&#8243; image=&raquo;2286&#8243; border_color=&raquo;grey&raquo; img_link_target=&raquo;_self&raquo; img_size=&raquo;full&raquo;][\/vc_column][vc_column column_width_percent=&raquo;100&#8243; position_vertical=&raquo;middle&raquo; align_horizontal=&raquo;align_center&raquo; gutter_size=&raquo;3&#8243; expand_height=&raquo;yes&raquo; overlay_alpha=&raquo;50&#8243; shift_x=&raquo;0&#8243; shift_y=&raquo;0&#8243; shift_y_down=&raquo;0&#8243; z_index=&raquo;0&#8243; medium_width=&raquo;4&#8243; mobile_width=&raquo;0&#8243; zoom_width=&raquo;0&#8243; zoom_height=&raquo;0&#8243; width=&raquo;1\/6&#8243;][vc_icon icon=&raquo;fa fa-recycle&raquo; size=&raquo;fa-3x&raquo; text_height=&raquo;fontheight-179065&#8243; title=&raquo;BRUK&raquo; uncode_shortcode_id=&raquo;817952&#8243;]Papp<\/p>\n<p>Plast<\/p>\n<p>Tekstiler[\/vc_icon][\/vc_column][vc_column column_width_percent=&raquo;100&#8243; align_horizontal=&raquo;align_center&raquo; gutter_size=&raquo;3&#8243; expand_height=&raquo;yes&raquo; overlay_alpha=&raquo;50&#8243; shift_x=&raquo;0&#8243; shift_y=&raquo;0&#8243; shift_y_down=&raquo;0&#8243; z_index=&raquo;0&#8243; medium_width=&raquo;0&#8243; mobile_width=&raquo;0&#8243; width=&raquo;1\/6&#8243;][vc_icon icon=&raquo;fa fa-cogs&raquo; size=&raquo;fa-3x&raquo; text_height=&raquo;fontheight-179065&#8243; title=&raquo;FUNKSJONER&raquo; uncode_shortcode_id=&raquo;366162&#8243;]<span data-olk-copy-source=\"MessageBody\">H\u00f8y kompresjonskraft<\/span><\/p>\n<p>Stor innkast\u00e5pning<\/p>\n<p>Kort syklustid<\/p>\n<p>Intelligent SMART-teknologi[\/vc_icon][\/vc_column][vc_column column_width_percent=&raquo;100&#8243; align_horizontal=&raquo;align_center&raquo; gutter_size=&raquo;3&#8243; expand_height=&raquo;yes&raquo; overlay_alpha=&raquo;50&#8243; shift_x=&raquo;0&#8243; shift_y=&raquo;0&#8243; shift_y_down=&raquo;0&#8243; z_index=&raquo;0&#8243; medium_width=&raquo;0&#8243; mobile_width=&raquo;0&#8243; width=&raquo;1\/6&#8243;][vc_icon icon=&raquo;fa fa-th&raquo; size=&raquo;fa-3x&raquo; text_height=&raquo;fontheight-179065&#8243; title=&raquo;BALLEST\u00d8RRELSE&raquo; uncode_shortcode_id=&raquo;654464&#8243;]350-400 kg[\/vc_icon][\/vc_column][\/vc_row][vc_row row_height_percent=&raquo;0&#8243; override_padding=&raquo;yes&raquo; h_padding=&raquo;2&#8243; top_padding=&raquo;2&#8243; bottom_padding=&raquo;1&#8243; back_color=&raquo;color-xsdn&raquo; overlay_alpha=&raquo;100&#8243; equal_height=&raquo;yes&raquo; gutter_size=&raquo;0&#8243; column_width_percent=&raquo;100&#8243; shift_y=&raquo;0&#8243; z_index=&raquo;0&#8243; style=&raquo;dark&raquo; row_name=&raquo;Design &amp; Quality&raquo;][vc_column column_width_percent=&raquo;100&#8243; position_vertical=&raquo;middle&raquo; align_horizontal=&raquo;align_center&raquo; gutter_size=&raquo;3&#8243; override_padding=&raquo;yes&raquo; column_padding=&raquo;0&#8243; style=&raquo;light&raquo; back_color=&raquo;color-xsdn&raquo; overlay_alpha=&raquo;50&#8243; shift_x=&raquo;0&#8243; shift_y=&raquo;0&#8243; shift_y_down=&raquo;0&#8243; z_index=&raquo;0&#8243; medium_width=&raquo;0&#8243; mobile_width=&raquo;0&#8243; width=&raquo;1\/1&#8243;][vc_custom_heading text_weight=&raquo;700&#8243; text_transform=&raquo;uppercase&raquo; separator_color=&raquo;yes&raquo; separator=&raquo;yes&raquo; sub_lead=&raquo;yes&raquo; sub_reduced=&raquo;yes&raquo; uncode_shortcode_id=&raquo;155991&#8243;]EN ROBUST VERTIKAL EMBALLASJEPRESSE[\/vc_custom_heading][vc_column_text uncode_shortcode_id=&raquo;206871&#8243;]Europress Balex-40 er en kompakt vertikal emballasjepresse som t\u00e5ler tung belastning. Den er egnet for et bredt spekter av bruksomr\u00e5der. Dobbelmodusfunksjonen optimaliserer emballasjepressen til ulike typer avfall. Med komprimeringskraft p\u00e5 40 tonn produserer den sv\u00e6rt tettpakkede baller med vekt p\u00e5 opptil 350-400 kg. Takket v\u00e6re kryssylinderkonstruksjonen og totalh\u00f8yde p\u00e5 kun 1995 mm f\u00e5r emballasjepressen enkelt plass i ethvert arbeidsmilj\u00f8.<\/p>\n<p>Balex-40 emballasjepresse har 2 programmer for \u00e5 optimalisere pressen for ulike typer avfall og h\u00e5ndterer et bredt spekter av materialer, inkludert papp, plast og tekstiler. <span data-olk-copy-source=\"MessageBody\">St\u00f8yniv\u00e5et er<\/span> lavt til tross for den stabile og raske kompresjonen.<\/p>\n<p>Stor innkast\u00e5pning og stroppekasse foran som gj\u00f8r det enkelt \u00e5 bytte stropper og feste ballene. Enheten kan plasseres inntil en vegg.<br \/>\n<span data-olk-copy-source=\"MessageBody\">Pallef\u00f8ringen, som leveres som standard, gj\u00f8r det enkelt \u00e5 plassere pallen.<\/span>[\/vc_column_text][\/vc_column][\/vc_row][vc_row row_height_percent=&raquo;0&#8243; override_padding=&raquo;yes&raquo; h_padding=&raquo;2&#8243; top_padding=&raquo;2&#8243; bottom_padding=&raquo;3&#8243; back_color=&raquo;color-xsdn&raquo; overlay_alpha=&raquo;100&#8243; equal_height=&raquo;yes&raquo; gutter_size=&raquo;0&#8243; column_width_percent=&raquo;100&#8243; shift_y=&raquo;0&#8243; z_index=&raquo;0&#8243; style=&raquo;dark&raquo; row_name=&raquo;Design &amp; Quality&raquo;][vc_column column_width_percent=&raquo;100&#8243; position_vertical=&raquo;middle&raquo; align_horizontal=&raquo;align_center&raquo; gutter_size=&raquo;3&#8243; override_padding=&raquo;yes&raquo; column_padding=&raquo;0&#8243; back_color=&raquo;color-xsdn&raquo; overlay_alpha=&raquo;50&#8243; shift_x=&raquo;0&#8243; shift_y=&raquo;0&#8243; shift_y_down=&raquo;0&#8243; z_index=&raquo;0&#8243; medium_width=&raquo;0&#8243; mobile_width=&raquo;0&#8243; width=&raquo;1\/1&#8243;][vc_single_image media=&raquo;73921&#8243; media_width_percent=&raquo;12&#8243; alignment=&raquo;center&raquo; media_link=&raquo;url:http%3A%2F%2Fwww.senseicreative.com%2Feuropressgroup%2Fsmart%2F|||&raquo;][vc_column_text uncode_shortcode_id=&raquo;120228&#8243;]Emballasjepressenes intelligente SMART-teknologi gj\u00f8r dem mer kostnadseffektive og tryggere i bruk. Maskinene kan justeres og konfigureres enkeltvis for \u00e5 im\u00f8tekomme diverse avfallsbehandlingsbehov. Emballasjepressene overv\u00e5ker seg selv og tilpasser seg avvik for \u00e5 beskytte b\u00e5de operat\u00f8ren og komponentene.<\/p>\n<p>Balex emballasjepresser er som standard klargjort for Europress SMART-tilkobling, slik at de kan integreres i\u00a0<a class=\"cursor-init\" href=\"https:\/\/europressgroup.com\/no\/smart\/\"><strong>Europress SMART-fl\u00e5testyringssystem<\/strong><\/a>. Dette systemet holder oversikt over anleggsmiddeldata og verkt\u00f8y og s\u00f8rger for en str\u00f8mlinjeformet fl\u00e5testyring.[\/vc_column_text][\/vc_column][\/vc_row][vc_row unlock_row_content=&raquo;yes&raquo; row_height_percent=&raquo;0&#8243; override_padding=&raquo;yes&raquo; h_padding=&raquo;2&#8243; top_padding=&raquo;4&#8243; bottom_padding=&raquo;4&#8243; back_color=&raquo;color-rgdb&raquo; overlay_alpha=&raquo;50&#8243; gutter_size=&raquo;3&#8243; column_width_percent=&raquo;100&#8243; shift_y=&raquo;0&#8243; z_index=&raquo;0&#8243; row_name=&raquo;Gallery&raquo;][vc_column column_width_use_pixel=&raquo;yes&raquo; align_horizontal=&raquo;align_center&raquo; gutter_size=&raquo;3&#8243; style=&raquo;dark&raquo; overlay_alpha=&raquo;50&#8243; shift_x=&raquo;0&#8243; shift_y=&raquo;0&#8243; medium_width=&raquo;0&#8243; zoom_width=&raquo;0&#8243; zoom_height=&raquo;0&#8243; column_width_pixel=&raquo;1400&#8243;][vc_custom_heading text_transform=&raquo;uppercase&raquo; separator=&raquo;yes&raquo; sub_lead=&raquo;yes&raquo;]Media[\/vc_custom_heading][vc_gallery el_id=&raquo;gallery-47626&#8243; type=&raquo;carousel&raquo; medias=&raquo;73411,73409,73408&#8243; carousel_lg=&raquo;3&#8243; carousel_md=&raquo;2&#8243; carousel_sm=&raquo;1&#8243; thumb_size=&raquo;one-one&raquo; gutter_size=&raquo;2&#8243; media_items=&raquo;media,icon&raquo; carousel_interval=&raquo;3000&#8243; carousel_navspeed=&raquo;400&#8243; carousel_nav=&raquo;yes&raquo; carousel_dots=&raquo;yes&raquo; stage_padding=&raquo;0&#8243; single_overlay_opacity=&raquo;50&#8243; single_image_anim=&raquo;no&raquo; single_h_align=&raquo;center&raquo; single_padding=&raquo;2&#8243; single_icon=&raquo;fa fa-search3&#8243; single_shadow=&raquo;yes&raquo; single_border=&raquo;yes&raquo; carousel_rtl=&raquo;&raquo; single_title_uppercase=&raquo;&raquo;][\/vc_column][\/vc_row][vc_row row_height_percent=&raquo;50&#8243; override_padding=&raquo;yes&raquo; h_padding=&raquo;2&#8243; top_padding=&raquo;0&#8243; bottom_padding=&raquo;0&#8243; back_color=&raquo;color-lxmt&raquo; overlay_alpha=&raquo;100&#8243; equal_height=&raquo;yes&raquo; gutter_size=&raquo;0&#8243; column_width_percent=&raquo;100&#8243; shift_y=&raquo;0&#8243; z_index=&raquo;0&#8243; style=&raquo;dark&raquo; row_name=&raquo;Design &amp; Quality&raquo;][vc_column column_width_percent=&raquo;100&#8243; align_horizontal=&raquo;align_center&raquo; gutter_size=&raquo;3&#8243; override_padding=&raquo;yes&raquo; column_padding=&raquo;4&#8243; style=&raquo;light&raquo; back_color=&raquo;color-lxmt&raquo; overlay_alpha=&raquo;50&#8243; shift_x=&raquo;0&#8243; shift_y=&raquo;0&#8243; shift_y_down=&raquo;0&#8243; z_index=&raquo;0&#8243; medium_width=&raquo;0&#8243; mobile_width=&raquo;0&#8243; width=&raquo;1\/1&#8243;][vc_custom_heading text_weight=&raquo;700&#8243; text_transform=&raquo;uppercase&raquo; separator_color=&raquo;yes&raquo; separator=&raquo;yes&raquo; sub_lead=&raquo;yes&raquo; sub_reduced=&raquo;yes&raquo; uncode_shortcode_id=&raquo;873130&#8243;]\u00d8VRIG INFORMASJON[\/vc_custom_heading][vc_tabs][vc_tab gutter_size=&raquo;2&#8243; column_padding=&raquo;2&#8243; title=&raquo;TEKNISKE SPESIFIKASJONER&raquo; tab_id=&raquo;1551168098-1-37&#8243;][vc_column_text uncode_shortcode_id=&raquo;161484&#8243;]<strong>Kompresjonskraft<\/strong><br \/>\n40 t<\/p>\n<p><strong>M\u00e5l H x B x D<\/strong><br \/>\n1,995 x 1,810 x 1,250 mm<\/p>\n<p><strong>Vekt<\/strong><br \/>\n2,060 kg<\/p>\n<p><strong>Innkast\u00e5pning H x B x D<\/strong><br \/>\n520 x 1,120 x 950 mm<\/p>\n<p><strong>Innmatingsh\u00f8yde<\/strong><br \/>\n940 mm<\/p>\n<p><strong>Ballem\u00e5l H x B x D<\/strong><br \/>\n950 x 1,200 x 840 mm<\/p>\n<p><strong>Ballevekt (papp)<\/strong><br \/>\n350\u2013400 kg<\/p>\n<p><strong>Str\u00f8mforsyning<\/strong><br \/>\n400 V, 50 Hz, 3x C16 A<\/p>\n<p><strong>Syklustid ved komprimering<\/strong><br \/>\n61 s<\/p>\n<p><strong>St\u00f8vniv\u00e5<\/strong><br \/>\n59 dBa<\/p>\n<p><strong>Motor<\/strong><br \/>\n4.0 kW[\/vc_column_text][\/vc_tab][vc_tab gutter_size=&raquo;2&#8243; column_padding=&raquo;2&#8243; title=&raquo;STANDARDTILBEH\u00d8R&raquo; tab_id=&raquo;1551168098-2-88&#8243;][vc_column_text uncode_shortcode_id=&raquo;830063&#8243;]<\/p>\n<div id=\"tab-1551168098-2-88\" class=\"tab-pane fade active in\">\n<div class=\"uncode_text_column\">\n<div id=\"tab-1551454228796-1-8\" class=\"tab-pane fade active in\">\n<div class=\"uncode_text_column\">\n<p>Bl\u00e5 farge RAL5017<\/p>\n<p>Materialholdere<\/p>\n<p>Pallef\u00f8ring<\/p>\n<p>Integrert stroppekutter<\/p>\n<p>Automatisk utballingssystem<\/p>\n<p>Toh\u00e5nds utballingssystem<\/p>\n<p>Modusbryter (to driftsmoduser)<\/p>\n<p>N\u00f8kkelbetjent bryter<\/p>\n<p>Grensebryter for innkastd\u00f8r<\/p>\n<p>Grensebryter for t\u00f8mmed\u00f8r<\/p>\n<p>Intelligent SMART-teknologi<\/p>\n<p>Klargjort for Europress SMART-tilkobling<\/p>\n<\/div>\n<\/div>\n<\/div>\n<\/div>\n<p>[\/vc_column_text][\/vc_tab][vc_tab gutter_size=&raquo;2&#8243; column_padding=&raquo;2&#8243; title=&raquo;EKSTRAUTSTYR&raquo; tab_id=&raquo;1551168147535-2-2&#8243;][vc_column_text uncode_shortcode_id=&raquo;199575&#8243;]<\/p>\n<div id=\"tab-1551168147535-2-2\" class=\"tab-pane fade active in\">\n<div class=\"uncode_text_column\">\n<div id=\"tab-1551454253374-2-10\" class=\"tab-pane fade active in\">\n<div class=\"uncode_text_column\">\n<p>Tilbeh\u00f8r for h\u00e5ndtering av plastavfall<\/p>\n<p>Ekstra foldbare materialholdere<\/p>\n<p>Kodestart<\/p>\n<p>St\u00f8tdempere<\/p>\n<p>Balleutl\u00f8ser med st\u00f8tdempere<\/p>\n<\/div>\n<\/div>\n<\/div>\n<\/div>\n<p>[\/vc_column_text][\/vc_tab][\/vc_tabs][\/vc_column][\/vc_row][vc_row][vc_column width=&raquo;1\/1&#8243;][uncode_block id=&raquo;73192&#8243;][\/vc_column][\/vc_row]<\/p>\n<\/div>","protected":false},"excerpt":{"rendered":"<p>[vc_row row_height_percent=&raquo;0&#8243; override_padding=&raquo;yes&raquo; h_padding=&raquo;2&#8243; top_padding=&raquo;4&#8243; bottom_padding=&raquo;2&#8243; overlay_alpha=&raquo;50&#8243; equal_height=&raquo;yes&raquo; gutter_size=&raquo;3&#8243; column_width_percent=&raquo;100&#8243; shift_y=&raquo;0&#8243; z_index=&raquo;0&#8243; row_name=&raquo;Highlights&raquo;][vc_column column_width_percent=&raquo;100&#8243; position_horizontal=&raquo;left&raquo; position_vertical=&raquo;middle&raquo; gutter_size=&raquo;3&#8243; override_padding=&raquo;yes&raquo; column_padding=&raquo;2&#8243; overlay_alpha=&raquo;50&#8243; [&hellip;]<\/p>\n","protected":false},"author":25,"featured_media":74257,"parent":0,"menu_order":0,"comment_status":"closed","ping_status":"closed","template":"","meta":{"footnotes":""},"class_list":["post-74255","page","type-page","status-publish","has-post-thumbnail","hentry","page_category-300-400-kg-2"],"yoast_head":"<!-- This site is optimized with the Yoast SEO Premium plugin v27.3 (Yoast SEO v27.3) - https:\/\/yoast.com\/product\/yoast-seo-premium-wordpress\/ -->\n<title>Balex-40 - Europress Group<\/title>\n<meta name=\"description\" content=\"Europress Balex-40 er den kraftigste avfallspressen i sin klasse, med komprimeringskraft p\u00e5 hele 40 tonn og stor innkast\u00e5pning.\" \/>\n<meta name=\"robots\" content=\"index, follow, max-snippet:-1, max-image-preview:large, max-video-preview:-1\" \/>\n<link rel=\"canonical\" href=\"https:\/\/europressgroup.com\/no\/balex-40\/\" \/>\n<meta property=\"og:locale\" content=\"nb_NO\" \/>\n<meta property=\"og:type\" content=\"article\" \/>\n<meta property=\"og:title\" content=\"Balex-40\" \/>\n<meta property=\"og:description\" content=\"Papp Plast TekstilerH\u00f8y kompresjonskraft Stor innkast\u00e5pning Kort syklustid Intelligent SMART-teknologi350-400 kgEN ROBUST VERTIKAL\" \/>\n<meta property=\"og:url\" content=\"https:\/\/europressgroup.com\/no\/balex-40\/\" \/>\n<meta property=\"og:site_name\" content=\"Europress Group\" \/>\n<meta property=\"article:publisher\" content=\"https:\/\/www.facebook.com\/europresswastehandling\" \/>\n<meta property=\"article:modified_time\" content=\"2025-03-04T09:50:01+00:00\" \/>\n<meta property=\"og:image\" content=\"https:\/\/europressgroup.com\/wp-content\/uploads\/2019\/03\/Europress-Balex-40-baler-1920x1280px.jpg\" \/>\n\t<meta property=\"og:image:width\" content=\"1920\" \/>\n\t<meta property=\"og:image:height\" content=\"1280\" \/>\n\t<meta property=\"og:image:type\" content=\"image\/jpeg\" \/>\n<meta name=\"twitter:card\" content=\"summary_large_image\" \/>\n<meta name=\"twitter:site\" content=\"@EPWastehandling\" \/>\n<meta name=\"twitter:label1\" content=\"Ansl. lesetid\" \/>\n\t<meta name=\"twitter:data1\" content=\"3 minutter\" \/>\n<script type=\"application\/ld+json\" class=\"yoast-schema-graph\">{\"@context\":\"https:\\\/\\\/schema.org\",\"@graph\":[{\"@type\":\"WebPage\",\"@id\":\"https:\\\/\\\/europressgroup.com\\\/no\\\/balex-40\\\/\",\"url\":\"https:\\\/\\\/europressgroup.com\\\/no\\\/balex-40\\\/\",\"name\":\"Balex-40 - Europress Group\",\"isPartOf\":{\"@id\":\"https:\\\/\\\/europressgroup.com\\\/no\\\/#website\"},\"primaryImageOfPage\":{\"@id\":\"https:\\\/\\\/europressgroup.com\\\/no\\\/balex-40\\\/#primaryimage\"},\"image\":{\"@id\":\"https:\\\/\\\/europressgroup.com\\\/no\\\/balex-40\\\/#primaryimage\"},\"thumbnailUrl\":\"https:\\\/\\\/europressgroup.com\\\/wp-content\\\/uploads\\\/2019\\\/03\\\/Europress-Balex-40-baler-1920x1280px.jpg\",\"datePublished\":\"2019-02-26T12:20:36+00:00\",\"dateModified\":\"2025-03-04T09:50:01+00:00\",\"description\":\"Europress Balex-40 er den kraftigste avfallspressen i sin klasse, med komprimeringskraft p\u00e5 hele 40 tonn og stor innkast\u00e5pning.\",\"breadcrumb\":{\"@id\":\"https:\\\/\\\/europressgroup.com\\\/no\\\/balex-40\\\/#breadcrumb\"},\"inLanguage\":\"nb-NO\",\"potentialAction\":[{\"@type\":\"ReadAction\",\"target\":[\"https:\\\/\\\/europressgroup.com\\\/no\\\/balex-40\\\/\"]}]},{\"@type\":\"ImageObject\",\"inLanguage\":\"nb-NO\",\"@id\":\"https:\\\/\\\/europressgroup.com\\\/no\\\/balex-40\\\/#primaryimage\",\"url\":\"https:\\\/\\\/europressgroup.com\\\/wp-content\\\/uploads\\\/2019\\\/03\\\/Europress-Balex-40-baler-1920x1280px.jpg\",\"contentUrl\":\"https:\\\/\\\/europressgroup.com\\\/wp-content\\\/uploads\\\/2019\\\/03\\\/Europress-Balex-40-baler-1920x1280px.jpg\",\"width\":1920,\"height\":1280,\"caption\":\"Balex 40 waste baler\"},{\"@type\":\"BreadcrumbList\",\"@id\":\"https:\\\/\\\/europressgroup.com\\\/no\\\/balex-40\\\/#breadcrumb\",\"itemListElement\":[{\"@type\":\"ListItem\",\"position\":1,\"name\":\"Home\",\"item\":\"https:\\\/\\\/europressgroup.com\\\/no\\\/\"},{\"@type\":\"ListItem\",\"position\":2,\"name\":\"Balex-40\"}]},{\"@type\":\"WebSite\",\"@id\":\"https:\\\/\\\/europressgroup.com\\\/no\\\/#website\",\"url\":\"https:\\\/\\\/europressgroup.com\\\/no\\\/\",\"name\":\"Europress Group\",\"description\":\"Northern European leader in Environmental Technology\",\"publisher\":{\"@id\":\"https:\\\/\\\/europressgroup.com\\\/no\\\/#organization\"},\"potentialAction\":[{\"@type\":\"SearchAction\",\"target\":{\"@type\":\"EntryPoint\",\"urlTemplate\":\"https:\\\/\\\/europressgroup.com\\\/no\\\/?s={search_term_string}\"},\"query-input\":{\"@type\":\"PropertyValueSpecification\",\"valueRequired\":true,\"valueName\":\"search_term_string\"}}],\"inLanguage\":\"nb-NO\"},{\"@type\":\"Organization\",\"@id\":\"https:\\\/\\\/europressgroup.com\\\/no\\\/#organization\",\"name\":\"Europress Group\",\"url\":\"https:\\\/\\\/europressgroup.com\\\/no\\\/\",\"logo\":{\"@type\":\"ImageObject\",\"inLanguage\":\"nb-NO\",\"@id\":\"https:\\\/\\\/europressgroup.com\\\/no\\\/#\\\/schema\\\/logo\\\/image\\\/\",\"url\":\"https:\\\/\\\/europressgroup.com\\\/wp-content\\\/uploads\\\/2018\\\/12\\\/Europress-logo-1.png\",\"contentUrl\":\"https:\\\/\\\/europressgroup.com\\\/wp-content\\\/uploads\\\/2018\\\/12\\\/Europress-logo-1.png\",\"width\":478,\"height\":75,\"caption\":\"Europress Group\"},\"image\":{\"@id\":\"https:\\\/\\\/europressgroup.com\\\/no\\\/#\\\/schema\\\/logo\\\/image\\\/\"},\"sameAs\":[\"https:\\\/\\\/www.facebook.com\\\/europresswastehandling\",\"https:\\\/\\\/x.com\\\/EPWastehandling\",\"https:\\\/\\\/www.instagram.com\\\/europressgroup\\\/\",\"https:\\\/\\\/www.linkedin.com\\\/company\\\/europress\"],\"publishingPrinciples\":\"https:\\\/\\\/europressgroup.com\\\/environment-safety-quality\\\/\",\"ownershipFundingInfo\":\"https:\\\/\\\/europressgroup.com\\\/history\\\/\",\"actionableFeedbackPolicy\":\"https:\\\/\\\/europressgroup.com\\\/customer-feedback\\\/\",\"correctionsPolicy\":\"https:\\\/\\\/europressgroup.com\\\/customer-feedback\\\/\",\"ethicsPolicy\":\"https:\\\/\\\/europressgroup.com\\\/responsibility\\\/\"}]}<\/script>\n<!-- \/ Yoast SEO Premium plugin. -->","yoast_head_json":{"title":"Balex-40 - Europress Group","description":"Europress Balex-40 er den kraftigste avfallspressen i sin klasse, med komprimeringskraft p\u00e5 hele 40 tonn og stor innkast\u00e5pning.","robots":{"index":"index","follow":"follow","max-snippet":"max-snippet:-1","max-image-preview":"max-image-preview:large","max-video-preview":"max-video-preview:-1"},"canonical":"https:\/\/europressgroup.com\/no\/balex-40\/","og_locale":"nb_NO","og_type":"article","og_title":"Balex-40","og_description":"Papp Plast TekstilerH\u00f8y kompresjonskraft Stor innkast\u00e5pning Kort syklustid Intelligent SMART-teknologi350-400 kgEN ROBUST VERTIKAL","og_url":"https:\/\/europressgroup.com\/no\/balex-40\/","og_site_name":"Europress Group","article_publisher":"https:\/\/www.facebook.com\/europresswastehandling","article_modified_time":"2025-03-04T09:50:01+00:00","og_image":[{"width":1920,"height":1280,"url":"https:\/\/europressgroup.com\/wp-content\/uploads\/2019\/03\/Europress-Balex-40-baler-1920x1280px.jpg","type":"image\/jpeg"}],"twitter_card":"summary_large_image","twitter_site":"@EPWastehandling","twitter_misc":{"Ansl. lesetid":"3 minutter"},"schema":{"@context":"https:\/\/schema.org","@graph":[{"@type":"WebPage","@id":"https:\/\/europressgroup.com\/no\/balex-40\/","url":"https:\/\/europressgroup.com\/no\/balex-40\/","name":"Balex-40 - Europress Group","isPartOf":{"@id":"https:\/\/europressgroup.com\/no\/#website"},"primaryImageOfPage":{"@id":"https:\/\/europressgroup.com\/no\/balex-40\/#primaryimage"},"image":{"@id":"https:\/\/europressgroup.com\/no\/balex-40\/#primaryimage"},"thumbnailUrl":"https:\/\/europressgroup.com\/wp-content\/uploads\/2019\/03\/Europress-Balex-40-baler-1920x1280px.jpg","datePublished":"2019-02-26T12:20:36+00:00","dateModified":"2025-03-04T09:50:01+00:00","description":"Europress Balex-40 er den kraftigste avfallspressen i sin klasse, med komprimeringskraft p\u00e5 hele 40 tonn og stor innkast\u00e5pning.","breadcrumb":{"@id":"https:\/\/europressgroup.com\/no\/balex-40\/#breadcrumb"},"inLanguage":"nb-NO","potentialAction":[{"@type":"ReadAction","target":["https:\/\/europressgroup.com\/no\/balex-40\/"]}]},{"@type":"ImageObject","inLanguage":"nb-NO","@id":"https:\/\/europressgroup.com\/no\/balex-40\/#primaryimage","url":"https:\/\/europressgroup.com\/wp-content\/uploads\/2019\/03\/Europress-Balex-40-baler-1920x1280px.jpg","contentUrl":"https:\/\/europressgroup.com\/wp-content\/uploads\/2019\/03\/Europress-Balex-40-baler-1920x1280px.jpg","width":1920,"height":1280,"caption":"Balex 40 waste baler"},{"@type":"BreadcrumbList","@id":"https:\/\/europressgroup.com\/no\/balex-40\/#breadcrumb","itemListElement":[{"@type":"ListItem","position":1,"name":"Home","item":"https:\/\/europressgroup.com\/no\/"},{"@type":"ListItem","position":2,"name":"Balex-40"}]},{"@type":"WebSite","@id":"https:\/\/europressgroup.com\/no\/#website","url":"https:\/\/europressgroup.com\/no\/","name":"Europress Group","description":"Northern European leader in Environmental Technology","publisher":{"@id":"https:\/\/europressgroup.com\/no\/#organization"},"potentialAction":[{"@type":"SearchAction","target":{"@type":"EntryPoint","urlTemplate":"https:\/\/europressgroup.com\/no\/?s={search_term_string}"},"query-input":{"@type":"PropertyValueSpecification","valueRequired":true,"valueName":"search_term_string"}}],"inLanguage":"nb-NO"},{"@type":"Organization","@id":"https:\/\/europressgroup.com\/no\/#organization","name":"Europress Group","url":"https:\/\/europressgroup.com\/no\/","logo":{"@type":"ImageObject","inLanguage":"nb-NO","@id":"https:\/\/europressgroup.com\/no\/#\/schema\/logo\/image\/","url":"https:\/\/europressgroup.com\/wp-content\/uploads\/2018\/12\/Europress-logo-1.png","contentUrl":"https:\/\/europressgroup.com\/wp-content\/uploads\/2018\/12\/Europress-logo-1.png","width":478,"height":75,"caption":"Europress Group"},"image":{"@id":"https:\/\/europressgroup.com\/no\/#\/schema\/logo\/image\/"},"sameAs":["https:\/\/www.facebook.com\/europresswastehandling","https:\/\/x.com\/EPWastehandling","https:\/\/www.instagram.com\/europressgroup\/","https:\/\/www.linkedin.com\/company\/europress"],"publishingPrinciples":"https:\/\/europressgroup.com\/environment-safety-quality\/","ownershipFundingInfo":"https:\/\/europressgroup.com\/history\/","actionableFeedbackPolicy":"https:\/\/europressgroup.com\/customer-feedback\/","correctionsPolicy":"https:\/\/europressgroup.com\/customer-feedback\/","ethicsPolicy":"https:\/\/europressgroup.com\/responsibility\/"}]}},"_links":{"self":[{"href":"https:\/\/europressgroup.com\/no\/wp-json\/wp\/v2\/pages\/74255","targetHints":{"allow":["GET"]}}],"collection":[{"href":"https:\/\/europressgroup.com\/no\/wp-json\/wp\/v2\/pages"}],"about":[{"href":"https:\/\/europressgroup.com\/no\/wp-json\/wp\/v2\/types\/page"}],"author":[{"embeddable":true,"href":"https:\/\/europressgroup.com\/no\/wp-json\/wp\/v2\/users\/25"}],"replies":[{"embeddable":true,"href":"https:\/\/europressgroup.com\/no\/wp-json\/wp\/v2\/comments?post=74255"}],"version-history":[{"count":14,"href":"https:\/\/europressgroup.com\/no\/wp-json\/wp\/v2\/pages\/74255\/revisions"}],"predecessor-version":[{"id":151097,"href":"https:\/\/europressgroup.com\/no\/wp-json\/wp\/v2\/pages\/74255\/revisions\/151097"}],"wp:featuredmedia":[{"embeddable":true,"href":"https:\/\/europressgroup.com\/no\/wp-json\/wp\/v2\/media\/74257"}],"wp:attachment":[{"href":"https:\/\/europressgroup.com\/no\/wp-json\/wp\/v2\/media?parent=74255"}],"curies":[{"name":"wp","href":"https:\/\/api.w.org\/{rel}","templated":true}]}}