{"id":74178,"date":"2019-02-26T11:51:28","date_gmt":"2019-02-26T09:51:28","guid":{"rendered":"https:\/\/europressgroup.com\/service\/"},"modified":"2024-03-15T14:27:16","modified_gmt":"2024-03-15T12:27:16","slug":"tjeneste","status":"publish","type":"page","link":"https:\/\/europressgroup.com\/no\/tjeneste\/","title":{"rendered":"SERVICE"},"content":{"rendered":"<div class=\"wpb-content-wrapper\"><p>[vc_row row_height_percent=&raquo;20&#8243; back_color=&raquo;color-186284&#8243; back_image=&raquo;74918&#8243; overlay_color=&raquo;color-186284&#8243; overlay_alpha=&raquo;97&#8243; gutter_size=&raquo;3&#8243; column_width_percent=&raquo;100&#8243; shift_y=&raquo;0&#8243; z_index=&raquo;0&#8243;][vc_column column_width_percent=&raquo;100&#8243; position_vertical=&raquo;middle&raquo; align_horizontal=&raquo;align_center&raquo; style=&raquo;dark&raquo; overlay_alpha=&raquo;50&#8243; gutter_size=&raquo;3&#8243; medium_width=&raquo;0&#8243; mobile_width=&raquo;0&#8243; shift_x=&raquo;0&#8243; shift_y=&raquo;0&#8243; shift_y_down=&raquo;0&#8243; z_index=&raquo;0&#8243; width=&raquo;1\/1&#8243;][vc_custom_heading text_size=&raquo;h1&#8243; text_font=&raquo;font-796375&#8243; text_transform=&raquo;uppercase&raquo;]24h service 815 00 221[\/vc_custom_heading][\/vc_column][\/vc_row][vc_row row_height_percent=&raquo;0&#8243; override_padding=&raquo;yes&raquo; h_padding=&raquo;2&#8243; top_padding=&raquo;3&#8243; bottom_padding=&raquo;3&#8243; back_color=&raquo;color-xsdn&raquo; overlay_alpha=&raquo;100&#8243; gutter_size=&raquo;100&#8243; column_width_percent=&raquo;100&#8243; shift_y=&raquo;0&#8243; z_index=&raquo;0&#8243; style=&raquo;dark&raquo; row_name=&raquo;Design &amp; Quality&raquo;][vc_column column_width_use_pixel=&raquo;yes&raquo; align_horizontal=&raquo;align_center&raquo; overlay_alpha=&raquo;100&#8243; gutter_size=&raquo;3&#8243; medium_width=&raquo;0&#8243; shift_x=&raquo;0&#8243; shift_y=&raquo;0&#8243; zoom_width=&raquo;0&#8243; zoom_height=&raquo;0&#8243; width=&raquo;1\/1&#8243; column_width_pixel=&raquo;800&#8243;][vc_custom_heading text_transform=&raquo;uppercase&raquo; separator=&raquo;yes&raquo; separator_color=&raquo;yes&raquo; sub_lead=&raquo;yes&raquo; sub_reduced=&raquo;yes&raquo;]TJENESTER FOR BEKYMRINGSFRI AVFALLSH\u00c5NDTERING[\/vc_custom_heading][vc_column_text]V\u00e5rt m\u00e5l er at kundene skal ha en bekymringsfri avfallsh\u00e5ndtering ved hjelp av v\u00e5rt omfattende tjenestetilbud. V\u00e5re tjenestekonsepter inkluderer planlegging, produksjon, levering, installasjon og service av avfallskomprimatorer og -presser, i tillegg til brukeroppl\u00e6ring og Europress SMART digitale tjenester for en str\u00f8mlinjeformet fl\u00e5testyring.[\/vc_column_text][\/vc_column][\/vc_row][vc_row unlock_row_content=&raquo;yes&raquo; row_height_percent=&raquo;60&#8243; override_padding=&raquo;yes&raquo; h_padding=&raquo;0&#8243; top_padding=&raquo;0&#8243; bottom_padding=&raquo;0&#8243; back_color=&raquo;color-xsdn&raquo; overlay_alpha=&raquo;50&#8243; equal_height=&raquo;yes&raquo; gutter_size=&raquo;0&#8243; column_width_percent=&raquo;100&#8243; shift_y=&raquo;0&#8243; z_index=&raquo;0&#8243;][vc_column column_width_percent=&raquo;100&#8243; back_image=&raquo;73631&#8243; overlay_alpha=&raquo;50&#8243; gutter_size=&raquo;3&#8243; medium_width=&raquo;0&#8243; mobile_width=&raquo;0&#8243; shift_x=&raquo;0&#8243; shift_y=&raquo;0&#8243; shift_y_down=&raquo;0&#8243; z_index=&raquo;0&#8243; width=&raquo;1\/2&#8243;][\/vc_column][vc_column column_width_percent=&raquo;100&#8243; position_vertical=&raquo;middle&raquo; override_padding=&raquo;yes&raquo; column_padding=&raquo;4&#8243; back_color=&raquo;color-xsdn&raquo; overlay_alpha=&raquo;50&#8243; gutter_size=&raquo;3&#8243; medium_width=&raquo;0&#8243; mobile_width=&raquo;0&#8243; shift_x=&raquo;0&#8243; shift_y=&raquo;0&#8243; shift_y_down=&raquo;0&#8243; z_index=&raquo;0&#8243; width=&raquo;1\/2&#8243;][vc_custom_heading text_transform=&raquo;uppercase&raquo; separator=&raquo;yes&raquo; separator_color=&raquo;yes&raquo;]INTERNASJONALT SERVICENETTVERK[\/vc_custom_heading][vc_column_text]<span style=\"font-weight: 400;\">Europress tilbyr service- og reparasjonstjenester p\u00e5 alle sine avfallskomprimatorer og -presser og alt av avfallsh\u00e5ndteringsutstyr. Regelmessig service sikrer at maskinene holder seg i best og sikrest mulig driftstilstand gjennom hele levetiden. V\u00e5rt internasjonale servicenettverk tilbyr rask og fleksibel assistanse i utvalgte land. Finn din n\u00e6rmeste kontakt.<\/span>[\/vc_column_text][\/vc_column][\/vc_row][vc_row unlock_row_content=&raquo;yes&raquo; row_height_percent=&raquo;60&#8243; override_padding=&raquo;yes&raquo; h_padding=&raquo;0&#8243; top_padding=&raquo;0&#8243; bottom_padding=&raquo;0&#8243; back_color=&raquo;color-xsdn&raquo; overlay_alpha=&raquo;50&#8243; equal_height=&raquo;yes&raquo; gutter_size=&raquo;0&#8243; column_width_percent=&raquo;100&#8243; shift_y=&raquo;0&#8243; z_index=&raquo;0&#8243;][vc_column column_width_percent=&raquo;100&#8243; position_vertical=&raquo;middle&raquo; override_padding=&raquo;yes&raquo; column_padding=&raquo;4&#8243; back_color=&raquo;color-xsdn&raquo; overlay_alpha=&raquo;50&#8243; gutter_size=&raquo;3&#8243; medium_width=&raquo;0&#8243; mobile_width=&raquo;0&#8243; shift_x=&raquo;0&#8243; shift_y=&raquo;0&#8243; shift_y_down=&raquo;0&#8243; z_index=&raquo;0&#8243; width=&raquo;1\/2&#8243;][vc_custom_heading text_transform=&raquo;uppercase&raquo; separator=&raquo;yes&raquo; separator_color=&raquo;yes&raquo;]FJERNSERVICE[\/vc_custom_heading][vc_column_text]Europress\u2019 fjernservice gir hurtig assistanse i problemsituasjoner. Feils\u00f8king og analyse utf\u00f8res umiddelbart ettersom maskinstatusen og driftshistorikken kan feils\u00f8kes via den eksterne tilkoblingen. Ofte l\u00f8ses situasjonen under telefonsamtalen. Justeringer av driftsinnstillinger og programvareoppdateringer gj\u00f8res ogs\u00e5 eksternt.[\/vc_column_text][\/vc_column][vc_column column_width_percent=&raquo;100&#8243; back_image=&raquo;73373&#8243; overlay_alpha=&raquo;50&#8243; gutter_size=&raquo;3&#8243; medium_width=&raquo;0&#8243; mobile_width=&raquo;0&#8243; shift_x=&raquo;0&#8243; shift_y=&raquo;0&#8243; shift_y_down=&raquo;0&#8243; z_index=&raquo;0&#8243; width=&raquo;1\/2&#8243;][\/vc_column][\/vc_row][vc_row][vc_column width=&raquo;1\/1&#8243;][uncode_block id=&raquo;73192&#8243;][\/vc_column][\/vc_row]<\/p>\n<\/div>","protected":false},"excerpt":{"rendered":"<p>[vc_row row_height_percent=&raquo;20&#8243; back_color=&raquo;color-186284&#8243; back_image=&raquo;74918&#8243; overlay_color=&raquo;color-186284&#8243; overlay_alpha=&raquo;97&#8243; gutter_size=&raquo;3&#8243; column_width_percent=&raquo;100&#8243; shift_y=&raquo;0&#8243; z_index=&raquo;0&#8243;][vc_column column_width_percent=&raquo;100&#8243; position_vertical=&raquo;middle&raquo; align_horizontal=&raquo;align_center&raquo; style=&raquo;dark&raquo; overlay_alpha=&raquo;50&#8243; gutter_size=&raquo;3&#8243; medium_width=&raquo;0&#8243; mobile_width=&raquo;0&#8243; shift_x=&raquo;0&#8243; shift_y=&raquo;0&#8243; [&hellip;]<\/p>\n","protected":false},"author":25,"featured_media":74180,"parent":0,"menu_order":0,"comment_status":"closed","ping_status":"closed","template":"","meta":{"footnotes":""},"class_list":["post-74178","page","type-page","status-publish","has-post-thumbnail","hentry"],"yoast_head":"<!-- This site is optimized with the Yoast SEO Premium plugin v27.3 (Yoast SEO v27.3) - https:\/\/yoast.com\/product\/yoast-seo-premium-wordpress\/ -->\n<title>SERVICE - Europress Group<\/title>\n<meta name=\"robots\" content=\"index, follow, max-snippet:-1, max-image-preview:large, max-video-preview:-1\" \/>\n<link rel=\"canonical\" href=\"https:\/\/europressgroup.com\/no\/tjeneste\/\" \/>\n<meta property=\"og:locale\" content=\"nb_NO\" \/>\n<meta property=\"og:type\" content=\"article\" \/>\n<meta property=\"og:title\" content=\"SERVICE\" \/>\n<meta property=\"og:description\" content=\"24h service 815 00 221TJENESTER FOR BEKYMRINGSFRI AVFALLSH\u00c5NDTERINGV\u00e5rt m\u00e5l er at kundene skal ha en bekymringsfri avfallsh\u00e5ndtering ved hjelp av v\u00e5rt\" \/>\n<meta property=\"og:url\" content=\"https:\/\/europressgroup.com\/no\/tjeneste\/\" \/>\n<meta property=\"og:site_name\" content=\"Europress Group\" \/>\n<meta property=\"article:publisher\" content=\"https:\/\/www.facebook.com\/europresswastehandling\" \/>\n<meta property=\"article:modified_time\" content=\"2024-03-15T12:27:16+00:00\" \/>\n<meta property=\"og:image\" content=\"https:\/\/europressgroup.com\/wp-content\/uploads\/2019\/03\/Europress-maintenance-service-compactors-1920x1280px.jpg\" \/>\n\t<meta property=\"og:image:width\" content=\"1920\" \/>\n\t<meta property=\"og:image:height\" content=\"1280\" \/>\n\t<meta property=\"og:image:type\" content=\"image\/jpeg\" \/>\n<meta name=\"twitter:card\" content=\"summary_large_image\" \/>\n<meta name=\"twitter:site\" content=\"@EPWastehandling\" \/>\n<meta name=\"twitter:label1\" content=\"Ansl. lesetid\" \/>\n\t<meta name=\"twitter:data1\" content=\"2 minutter\" \/>\n<script type=\"application\/ld+json\" class=\"yoast-schema-graph\">{\"@context\":\"https:\\\/\\\/schema.org\",\"@graph\":[{\"@type\":\"WebPage\",\"@id\":\"https:\\\/\\\/europressgroup.com\\\/no\\\/tjeneste\\\/\",\"url\":\"https:\\\/\\\/europressgroup.com\\\/no\\\/tjeneste\\\/\",\"name\":\"SERVICE - Europress Group\",\"isPartOf\":{\"@id\":\"https:\\\/\\\/europressgroup.com\\\/no\\\/#website\"},\"primaryImageOfPage\":{\"@id\":\"https:\\\/\\\/europressgroup.com\\\/no\\\/tjeneste\\\/#primaryimage\"},\"image\":{\"@id\":\"https:\\\/\\\/europressgroup.com\\\/no\\\/tjeneste\\\/#primaryimage\"},\"thumbnailUrl\":\"https:\\\/\\\/europressgroup.com\\\/wp-content\\\/uploads\\\/2019\\\/03\\\/Europress-maintenance-service-compactors-1920x1280px.jpg\",\"datePublished\":\"2019-02-26T09:51:28+00:00\",\"dateModified\":\"2024-03-15T12:27:16+00:00\",\"breadcrumb\":{\"@id\":\"https:\\\/\\\/europressgroup.com\\\/no\\\/tjeneste\\\/#breadcrumb\"},\"inLanguage\":\"nb-NO\",\"potentialAction\":[{\"@type\":\"ReadAction\",\"target\":[\"https:\\\/\\\/europressgroup.com\\\/no\\\/tjeneste\\\/\"]}]},{\"@type\":\"ImageObject\",\"inLanguage\":\"nb-NO\",\"@id\":\"https:\\\/\\\/europressgroup.com\\\/no\\\/tjeneste\\\/#primaryimage\",\"url\":\"https:\\\/\\\/europressgroup.com\\\/wp-content\\\/uploads\\\/2019\\\/03\\\/Europress-maintenance-service-compactors-1920x1280px.jpg\",\"contentUrl\":\"https:\\\/\\\/europressgroup.com\\\/wp-content\\\/uploads\\\/2019\\\/03\\\/Europress-maintenance-service-compactors-1920x1280px.jpg\",\"width\":1920,\"height\":1280,\"caption\":\"Service and maintenance of waste balers and compactors\"},{\"@type\":\"BreadcrumbList\",\"@id\":\"https:\\\/\\\/europressgroup.com\\\/no\\\/tjeneste\\\/#breadcrumb\",\"itemListElement\":[{\"@type\":\"ListItem\",\"position\":1,\"name\":\"Home\",\"item\":\"https:\\\/\\\/europressgroup.com\\\/no\\\/\"},{\"@type\":\"ListItem\",\"position\":2,\"name\":\"SERVICE\"}]},{\"@type\":\"WebSite\",\"@id\":\"https:\\\/\\\/europressgroup.com\\\/no\\\/#website\",\"url\":\"https:\\\/\\\/europressgroup.com\\\/no\\\/\",\"name\":\"Europress Group\",\"description\":\"Northern European leader in Environmental Technology\",\"publisher\":{\"@id\":\"https:\\\/\\\/europressgroup.com\\\/no\\\/#organization\"},\"potentialAction\":[{\"@type\":\"SearchAction\",\"target\":{\"@type\":\"EntryPoint\",\"urlTemplate\":\"https:\\\/\\\/europressgroup.com\\\/no\\\/?s={search_term_string}\"},\"query-input\":{\"@type\":\"PropertyValueSpecification\",\"valueRequired\":true,\"valueName\":\"search_term_string\"}}],\"inLanguage\":\"nb-NO\"},{\"@type\":\"Organization\",\"@id\":\"https:\\\/\\\/europressgroup.com\\\/no\\\/#organization\",\"name\":\"Europress Group\",\"url\":\"https:\\\/\\\/europressgroup.com\\\/no\\\/\",\"logo\":{\"@type\":\"ImageObject\",\"inLanguage\":\"nb-NO\",\"@id\":\"https:\\\/\\\/europressgroup.com\\\/no\\\/#\\\/schema\\\/logo\\\/image\\\/\",\"url\":\"https:\\\/\\\/europressgroup.com\\\/wp-content\\\/uploads\\\/2018\\\/12\\\/Europress-logo-1.png\",\"contentUrl\":\"https:\\\/\\\/europressgroup.com\\\/wp-content\\\/uploads\\\/2018\\\/12\\\/Europress-logo-1.png\",\"width\":478,\"height\":75,\"caption\":\"Europress Group\"},\"image\":{\"@id\":\"https:\\\/\\\/europressgroup.com\\\/no\\\/#\\\/schema\\\/logo\\\/image\\\/\"},\"sameAs\":[\"https:\\\/\\\/www.facebook.com\\\/europresswastehandling\",\"https:\\\/\\\/x.com\\\/EPWastehandling\",\"https:\\\/\\\/www.instagram.com\\\/europressgroup\\\/\",\"https:\\\/\\\/www.linkedin.com\\\/company\\\/europress\"],\"publishingPrinciples\":\"https:\\\/\\\/europressgroup.com\\\/environment-safety-quality\\\/\",\"ownershipFundingInfo\":\"https:\\\/\\\/europressgroup.com\\\/history\\\/\",\"actionableFeedbackPolicy\":\"https:\\\/\\\/europressgroup.com\\\/customer-feedback\\\/\",\"correctionsPolicy\":\"https:\\\/\\\/europressgroup.com\\\/customer-feedback\\\/\",\"ethicsPolicy\":\"https:\\\/\\\/europressgroup.com\\\/responsibility\\\/\"}]}<\/script>\n<!-- \/ Yoast SEO Premium plugin. -->","yoast_head_json":{"title":"SERVICE - Europress Group","robots":{"index":"index","follow":"follow","max-snippet":"max-snippet:-1","max-image-preview":"max-image-preview:large","max-video-preview":"max-video-preview:-1"},"canonical":"https:\/\/europressgroup.com\/no\/tjeneste\/","og_locale":"nb_NO","og_type":"article","og_title":"SERVICE","og_description":"24h service 815 00 221TJENESTER FOR BEKYMRINGSFRI AVFALLSH\u00c5NDTERINGV\u00e5rt m\u00e5l er at kundene skal ha en bekymringsfri avfallsh\u00e5ndtering ved hjelp av v\u00e5rt","og_url":"https:\/\/europressgroup.com\/no\/tjeneste\/","og_site_name":"Europress Group","article_publisher":"https:\/\/www.facebook.com\/europresswastehandling","article_modified_time":"2024-03-15T12:27:16+00:00","og_image":[{"width":1920,"height":1280,"url":"https:\/\/europressgroup.com\/wp-content\/uploads\/2019\/03\/Europress-maintenance-service-compactors-1920x1280px.jpg","type":"image\/jpeg"}],"twitter_card":"summary_large_image","twitter_site":"@EPWastehandling","twitter_misc":{"Ansl. lesetid":"2 minutter"},"schema":{"@context":"https:\/\/schema.org","@graph":[{"@type":"WebPage","@id":"https:\/\/europressgroup.com\/no\/tjeneste\/","url":"https:\/\/europressgroup.com\/no\/tjeneste\/","name":"SERVICE - Europress Group","isPartOf":{"@id":"https:\/\/europressgroup.com\/no\/#website"},"primaryImageOfPage":{"@id":"https:\/\/europressgroup.com\/no\/tjeneste\/#primaryimage"},"image":{"@id":"https:\/\/europressgroup.com\/no\/tjeneste\/#primaryimage"},"thumbnailUrl":"https:\/\/europressgroup.com\/wp-content\/uploads\/2019\/03\/Europress-maintenance-service-compactors-1920x1280px.jpg","datePublished":"2019-02-26T09:51:28+00:00","dateModified":"2024-03-15T12:27:16+00:00","breadcrumb":{"@id":"https:\/\/europressgroup.com\/no\/tjeneste\/#breadcrumb"},"inLanguage":"nb-NO","potentialAction":[{"@type":"ReadAction","target":["https:\/\/europressgroup.com\/no\/tjeneste\/"]}]},{"@type":"ImageObject","inLanguage":"nb-NO","@id":"https:\/\/europressgroup.com\/no\/tjeneste\/#primaryimage","url":"https:\/\/europressgroup.com\/wp-content\/uploads\/2019\/03\/Europress-maintenance-service-compactors-1920x1280px.jpg","contentUrl":"https:\/\/europressgroup.com\/wp-content\/uploads\/2019\/03\/Europress-maintenance-service-compactors-1920x1280px.jpg","width":1920,"height":1280,"caption":"Service and maintenance of waste balers and compactors"},{"@type":"BreadcrumbList","@id":"https:\/\/europressgroup.com\/no\/tjeneste\/#breadcrumb","itemListElement":[{"@type":"ListItem","position":1,"name":"Home","item":"https:\/\/europressgroup.com\/no\/"},{"@type":"ListItem","position":2,"name":"SERVICE"}]},{"@type":"WebSite","@id":"https:\/\/europressgroup.com\/no\/#website","url":"https:\/\/europressgroup.com\/no\/","name":"Europress Group","description":"Northern European leader in Environmental Technology","publisher":{"@id":"https:\/\/europressgroup.com\/no\/#organization"},"potentialAction":[{"@type":"SearchAction","target":{"@type":"EntryPoint","urlTemplate":"https:\/\/europressgroup.com\/no\/?s={search_term_string}"},"query-input":{"@type":"PropertyValueSpecification","valueRequired":true,"valueName":"search_term_string"}}],"inLanguage":"nb-NO"},{"@type":"Organization","@id":"https:\/\/europressgroup.com\/no\/#organization","name":"Europress Group","url":"https:\/\/europressgroup.com\/no\/","logo":{"@type":"ImageObject","inLanguage":"nb-NO","@id":"https:\/\/europressgroup.com\/no\/#\/schema\/logo\/image\/","url":"https:\/\/europressgroup.com\/wp-content\/uploads\/2018\/12\/Europress-logo-1.png","contentUrl":"https:\/\/europressgroup.com\/wp-content\/uploads\/2018\/12\/Europress-logo-1.png","width":478,"height":75,"caption":"Europress Group"},"image":{"@id":"https:\/\/europressgroup.com\/no\/#\/schema\/logo\/image\/"},"sameAs":["https:\/\/www.facebook.com\/europresswastehandling","https:\/\/x.com\/EPWastehandling","https:\/\/www.instagram.com\/europressgroup\/","https:\/\/www.linkedin.com\/company\/europress"],"publishingPrinciples":"https:\/\/europressgroup.com\/environment-safety-quality\/","ownershipFundingInfo":"https:\/\/europressgroup.com\/history\/","actionableFeedbackPolicy":"https:\/\/europressgroup.com\/customer-feedback\/","correctionsPolicy":"https:\/\/europressgroup.com\/customer-feedback\/","ethicsPolicy":"https:\/\/europressgroup.com\/responsibility\/"}]}},"_links":{"self":[{"href":"https:\/\/europressgroup.com\/no\/wp-json\/wp\/v2\/pages\/74178","targetHints":{"allow":["GET"]}}],"collection":[{"href":"https:\/\/europressgroup.com\/no\/wp-json\/wp\/v2\/pages"}],"about":[{"href":"https:\/\/europressgroup.com\/no\/wp-json\/wp\/v2\/types\/page"}],"author":[{"embeddable":true,"href":"https:\/\/europressgroup.com\/no\/wp-json\/wp\/v2\/users\/25"}],"replies":[{"embeddable":true,"href":"https:\/\/europressgroup.com\/no\/wp-json\/wp\/v2\/comments?post=74178"}],"version-history":[{"count":2,"href":"https:\/\/europressgroup.com\/no\/wp-json\/wp\/v2\/pages\/74178\/revisions"}],"predecessor-version":[{"id":137041,"href":"https:\/\/europressgroup.com\/no\/wp-json\/wp\/v2\/pages\/74178\/revisions\/137041"}],"wp:featuredmedia":[{"embeddable":true,"href":"https:\/\/europressgroup.com\/no\/wp-json\/wp\/v2\/media\/74180"}],"wp:attachment":[{"href":"https:\/\/europressgroup.com\/no\/wp-json\/wp\/v2\/media?parent=74178"}],"curies":[{"name":"wp","href":"https:\/\/api.w.org\/{rel}","templated":true}]}}