{"id":74141,"date":"2014-12-22T17:50:09","date_gmt":"2014-12-22T15:50:09","guid":{"rendered":"https:\/\/europressgroup.com\/redi\/"},"modified":"2019-05-22T17:01:54","modified_gmt":"2019-05-22T14:01:54","slug":"redi","status":"publish","type":"page","link":"https:\/\/europressgroup.com\/no\/redi\/","title":{"rendered":"Opplevelsessenteret REDI"},"content":{"rendered":"<div class=\"wpb-content-wrapper\"><p>[vc_row row_height_percent=&raquo;0&#8243; override_padding=&raquo;yes&raquo; h_padding=&raquo;2&#8243; top_padding=&raquo;4&#8243; bottom_padding=&raquo;4&#8243; back_color=&raquo;color-lxmt&raquo; overlay_alpha=&raquo;100&#8243; gutter_size=&raquo;100&#8243; column_width_percent=&raquo;100&#8243; shift_y=&raquo;0&#8243; z_index=&raquo;0&#8243; style=&raquo;dark&raquo; row_name=&raquo;Design &amp; Quality&raquo;][vc_column column_width_use_pixel=&raquo;yes&raquo; align_horizontal=&raquo;align_center&raquo; overlay_alpha=&raquo;100&#8243; gutter_size=&raquo;3&#8243; medium_width=&raquo;0&#8243; shift_x=&raquo;0&#8243; shift_y=&raquo;0&#8243; zoom_width=&raquo;0&#8243; zoom_height=&raquo;0&#8243; width=&raquo;1\/1&#8243; column_width_pixel=&raquo;800&#8243;][vc_custom_heading text_font=&raquo;font-796375&#8243; text_weight=&raquo;700&#8243; text_transform=&raquo;uppercase&raquo; separator=&raquo;yes&raquo; sub_lead=&raquo;yes&raquo; sub_reduced=&raquo;yes&raquo; subheading=&raquo;REDI er et nytt kj\u00f8pe- og underholdningssenter i utkanten av Helsinki sentrum. En av REDIs kjerneverdier er milj\u00f8vern. Derfor er avfallsh\u00e5ndteringen overlatt til Europress, som tilbyr energibesparende, trygge og brukervennlige l\u00f8sninger.&raquo;]Opplevelsessenteret REDI[\/vc_custom_heading][\/vc_column][\/vc_row][vc_row row_height_percent=&raquo;0&#8243; override_padding=&raquo;yes&raquo; h_padding=&raquo;2&#8243; top_padding=&raquo;3&#8243; bottom_padding=&raquo;3&#8243; overlay_alpha=&raquo;50&#8243; gutter_size=&raquo;3&#8243; column_width_percent=&raquo;100&#8243; shift_y=&raquo;0&#8243; z_index=&raquo;0&#8243; row_name=&raquo;Highlights&raquo;][vc_column column_width_percent=&raquo;100&#8243; position_vertical=&raquo;middle&raquo; override_padding=&raquo;yes&raquo; column_padding=&raquo;2&#8243; overlay_alpha=&raquo;50&#8243; gutter_size=&raquo;3&#8243; medium_width=&raquo;4&#8243; shift_x=&raquo;0&#8243; shift_y=&raquo;0&#8243; zoom_width=&raquo;0&#8243; zoom_height=&raquo;0&#8243; width=&raquo;1\/2&#8243;][vc_single_image media=&raquo;73028&#8243; media_width_use_pixel=&raquo;yes&raquo; alignment=&raquo;center&raquo; image=&raquo;2286&#8243; border_color=&raquo;grey&raquo; img_link_target=&raquo;_self&raquo; img_size=&raquo;full&raquo; media_width_pixel=&raquo;280&#8243;][\/vc_column][vc_column column_width_percent=&raquo;100&#8243; position_vertical=&raquo;middle&raquo; overlay_alpha=&raquo;50&#8243; gutter_size=&raquo;3&#8243; medium_width=&raquo;4&#8243; shift_x=&raquo;0&#8243; shift_y=&raquo;0&#8243; zoom_width=&raquo;0&#8243; zoom_height=&raquo;0&#8243; width=&raquo;1\/2&#8243;][vc_icon position=&raquo;left&raquo; icon=&raquo;fa fa-question&raquo; size=&raquo;fa-3x&raquo; align=&raquo;left&raquo; title=&raquo;UTFORDRING&raquo;]Avfallsh\u00e5ndteringen i et moderne kj\u00f8pesenter m\u00e5 v\u00e6re energieffektiv og brukervennlig. REDI har begrenset med plass til avfallsh\u00e5ndtering. Avfallsh\u00e5ndteringsl\u00f8sningene m\u00e5 v\u00e6re p\u00e5litelige selv om volumene er store og avfallet sv\u00e6rt variert.[\/vc_icon][vc_separator][vc_icon position=&raquo;left&raquo; icon=&raquo;fa fa-check&raquo; size=&raquo;fa-3x&raquo; align=&raquo;left&raquo; title=&raquo;L\u00d8SNING&raquo;]Allerede i designfasen for REDI, f\u00f8r maskinene var valgt og levert, ble det tatt hensyn til plassen p\u00e5 kj\u00f8pesenteret og avfallsvolumet som ble produsert.[\/vc_icon][vc_separator][vc_icon position=&raquo;left&raquo; icon=&raquo;fa fa-refresh&raquo; size=&raquo;fa-3x&raquo; align=&raquo;left&raquo; title=&raquo;PRODUKTER SOM BRUKES&raquo;]vertikal emballasjepresse(1 stk.)<br \/>\nstasjon\u00e6r komprimator (1 stk.)<br \/>\nmobile komprimatorer (2 stk.)<br \/>\nskruekomprimator (1 stk.)<br \/>\nbokspresse + spesialbeholdere (1 stk.)<br \/>\ndunketippere (4. stk)<br \/>\nsikkerhetsgjerde<br \/>\n[\/vc_icon][\/vc_column][\/vc_row][vc_row unlock_row_content=&raquo;yes&raquo; row_height_percent=&raquo;0&#8243; override_padding=&raquo;yes&raquo; h_padding=&raquo;2&#8243; top_padding=&raquo;4&#8243; bottom_padding=&raquo;4&#8243; back_color=&raquo;color-rgdb&raquo; overlay_alpha=&raquo;50&#8243; gutter_size=&raquo;3&#8243; column_width_percent=&raquo;100&#8243; shift_y=&raquo;0&#8243; z_index=&raquo;0&#8243; row_name=&raquo;Gallery&raquo;][vc_column column_width_use_pixel=&raquo;yes&raquo; align_horizontal=&raquo;align_center&raquo; style=&raquo;dark&raquo; overlay_alpha=&raquo;50&#8243; gutter_size=&raquo;3&#8243; medium_width=&raquo;0&#8243; shift_x=&raquo;0&#8243; shift_y=&raquo;0&#8243; zoom_width=&raquo;0&#8243; zoom_height=&raquo;0&#8243; column_width_pixel=&raquo;1400&#8243;][vc_custom_heading text_transform=&raquo;uppercase&raquo; separator=&raquo;yes&raquo; sub_lead=&raquo;yes&raquo;]Media[\/vc_custom_heading][vc_gallery el_id=&raquo;gallery-47626&#8243; type=&raquo;carousel&raquo; medias=&raquo;73332,73333,73334,73331,73035&#8243; carousel_lg=&raquo;3&#8243; carousel_md=&raquo;2&#8243; carousel_sm=&raquo;1&#8243; thumb_size=&raquo;one-one&raquo; gutter_size=&raquo;2&#8243; media_items=&raquo;media,icon&raquo; carousel_interval=&raquo;3000&#8243; carousel_navspeed=&raquo;400&#8243; carousel_nav=&raquo;yes&raquo; carousel_dots=&raquo;yes&raquo; stage_padding=&raquo;0&#8243; single_overlay_opacity=&raquo;50&#8243; single_image_anim=&raquo;no&raquo; single_h_align=&raquo;center&raquo; single_padding=&raquo;2&#8243; single_icon=&raquo;fa fa-search3&#8243; single_shadow=&raquo;yes&raquo; single_border=&raquo;yes&raquo; carousel_rtl=&raquo;&raquo; single_title_uppercase=&raquo;&raquo;][\/vc_column][\/vc_row][vc_row unlock_row=&raquo;&raquo; row_height_percent=&raquo;0&#8243; override_padding=&raquo;yes&raquo; h_padding=&raquo;2&#8243; top_padding=&raquo;4&#8243; bottom_padding=&raquo;4&#8243; overlay_alpha=&raquo;100&#8243; gutter_size=&raquo;3&#8243; column_width_percent=&raquo;100&#8243; desktop_visibility=&raquo;yes&raquo; medium_visibility=&raquo;yes&raquo; mobile_visibility=&raquo;yes&raquo; shift_y=&raquo;0&#8243; z_index=&raquo;0&#8243; row_name=&raquo;Verdict&raquo;][vc_column column_width_use_pixel=&raquo;yes&raquo; align_horizontal=&raquo;align_center&raquo; overlay_alpha=&raquo;50&#8243; gutter_size=&raquo;3&#8243; medium_width=&raquo;0&#8243; shift_x=&raquo;0&#8243; shift_y=&raquo;0&#8243; zoom_width=&raquo;0&#8243; zoom_height=&raquo;0&#8243; column_width_pixel=&raquo;800&#8243;][vc_custom_heading text_size=&raquo;h1&#8243; text_transform=&raquo;uppercase&raquo; separator=&raquo;yes&raquo; separator_color=&raquo;yes&raquo; subheading=&raquo;The tailored, comprehensive SMART ecosystem has met the demands of the client. The Europress SMART technology increased the cost-efficiency of the waste handling by 15 % compared to other non-SMART solutions in the market. The REDI shopping centre is satisfied with their investment to Europress products and services.&raquo;]Summary[\/vc_custom_heading][\/vc_column][\/vc_row]<\/p>\n<\/div>","protected":false},"excerpt":{"rendered":"<p>REDI er et nytt kj\u00f8pe- og underholdningssenter i utkanten av Helsinki sentrum.<\/p>\n","protected":false},"author":25,"featured_media":74143,"parent":0,"menu_order":0,"comment_status":"open","ping_status":"closed","template":"","meta":{"footnotes":""},"class_list":["post-74141","page","type-page","status-publish","has-post-thumbnail","hentry","page_category-portfolio-no"],"yoast_head":"<!-- This site is optimized with the Yoast SEO Premium plugin v27.3 (Yoast SEO v27.3) - https:\/\/yoast.com\/product\/yoast-seo-premium-wordpress\/ -->\n<title>Opplevelsessenteret REDI - Europress Group<\/title>\n<meta name=\"robots\" content=\"index, follow, max-snippet:-1, max-image-preview:large, max-video-preview:-1\" \/>\n<link rel=\"canonical\" href=\"https:\/\/europressgroup.com\/no\/redi\/\" \/>\n<meta property=\"og:locale\" content=\"nb_NO\" \/>\n<meta property=\"og:type\" content=\"article\" \/>\n<meta property=\"og:title\" content=\"Opplevelsessenteret REDI\" \/>\n<meta property=\"og:description\" content=\"REDI er et nytt kj\u00f8pe- og underholdningssenter i utkanten av Helsinki sentrum.\" \/>\n<meta property=\"og:url\" content=\"https:\/\/europressgroup.com\/no\/redi\/\" \/>\n<meta property=\"og:site_name\" content=\"Europress Group\" \/>\n<meta property=\"article:publisher\" content=\"https:\/\/www.facebook.com\/europresswastehandling\" \/>\n<meta property=\"article:modified_time\" content=\"2019-05-22T14:01:54+00:00\" \/>\n<meta property=\"og:image\" content=\"https:\/\/europressgroup.com\/wp-content\/uploads\/2019\/03\/Europress-SRV-REDI-it\u00e4-1920x1280px.jpg\" \/>\n\t<meta property=\"og:image:width\" content=\"1920\" \/>\n\t<meta property=\"og:image:height\" content=\"1280\" \/>\n\t<meta property=\"og:image:type\" content=\"image\/jpeg\" \/>\n<meta name=\"twitter:card\" content=\"summary_large_image\" \/>\n<meta name=\"twitter:site\" content=\"@EPWastehandling\" \/>\n<meta name=\"twitter:label1\" content=\"Ansl. lesetid\" \/>\n\t<meta name=\"twitter:data1\" content=\"3 minutter\" \/>\n<script type=\"application\/ld+json\" class=\"yoast-schema-graph\">{\"@context\":\"https:\\\/\\\/schema.org\",\"@graph\":[{\"@type\":\"WebPage\",\"@id\":\"https:\\\/\\\/europressgroup.com\\\/no\\\/redi\\\/\",\"url\":\"https:\\\/\\\/europressgroup.com\\\/no\\\/redi\\\/\",\"name\":\"Opplevelsessenteret REDI - Europress Group\",\"isPartOf\":{\"@id\":\"https:\\\/\\\/europressgroup.com\\\/no\\\/#website\"},\"primaryImageOfPage\":{\"@id\":\"https:\\\/\\\/europressgroup.com\\\/no\\\/redi\\\/#primaryimage\"},\"image\":{\"@id\":\"https:\\\/\\\/europressgroup.com\\\/no\\\/redi\\\/#primaryimage\"},\"thumbnailUrl\":\"https:\\\/\\\/europressgroup.com\\\/wp-content\\\/uploads\\\/2019\\\/03\\\/Europress-SRV-REDI-it\u00e4-1920x1280px.jpg\",\"datePublished\":\"2014-12-22T15:50:09+00:00\",\"dateModified\":\"2019-05-22T14:01:54+00:00\",\"breadcrumb\":{\"@id\":\"https:\\\/\\\/europressgroup.com\\\/no\\\/redi\\\/#breadcrumb\"},\"inLanguage\":\"nb-NO\",\"potentialAction\":[{\"@type\":\"ReadAction\",\"target\":[\"https:\\\/\\\/europressgroup.com\\\/no\\\/redi\\\/\"]}]},{\"@type\":\"ImageObject\",\"inLanguage\":\"nb-NO\",\"@id\":\"https:\\\/\\\/europressgroup.com\\\/no\\\/redi\\\/#primaryimage\",\"url\":\"https:\\\/\\\/europressgroup.com\\\/wp-content\\\/uploads\\\/2019\\\/03\\\/Europress-SRV-REDI-it\u00e4-1920x1280px.jpg\",\"contentUrl\":\"https:\\\/\\\/europressgroup.com\\\/wp-content\\\/uploads\\\/2019\\\/03\\\/Europress-SRV-REDI-it\u00e4-1920x1280px.jpg\",\"width\":1920,\"height\":1280},{\"@type\":\"BreadcrumbList\",\"@id\":\"https:\\\/\\\/europressgroup.com\\\/no\\\/redi\\\/#breadcrumb\",\"itemListElement\":[{\"@type\":\"ListItem\",\"position\":1,\"name\":\"Home\",\"item\":\"https:\\\/\\\/europressgroup.com\\\/no\\\/\"},{\"@type\":\"ListItem\",\"position\":2,\"name\":\"Opplevelsessenteret REDI\"}]},{\"@type\":\"WebSite\",\"@id\":\"https:\\\/\\\/europressgroup.com\\\/no\\\/#website\",\"url\":\"https:\\\/\\\/europressgroup.com\\\/no\\\/\",\"name\":\"Europress Group\",\"description\":\"Northern European leader in Environmental Technology\",\"publisher\":{\"@id\":\"https:\\\/\\\/europressgroup.com\\\/no\\\/#organization\"},\"potentialAction\":[{\"@type\":\"SearchAction\",\"target\":{\"@type\":\"EntryPoint\",\"urlTemplate\":\"https:\\\/\\\/europressgroup.com\\\/no\\\/?s={search_term_string}\"},\"query-input\":{\"@type\":\"PropertyValueSpecification\",\"valueRequired\":true,\"valueName\":\"search_term_string\"}}],\"inLanguage\":\"nb-NO\"},{\"@type\":\"Organization\",\"@id\":\"https:\\\/\\\/europressgroup.com\\\/no\\\/#organization\",\"name\":\"Europress Group\",\"url\":\"https:\\\/\\\/europressgroup.com\\\/no\\\/\",\"logo\":{\"@type\":\"ImageObject\",\"inLanguage\":\"nb-NO\",\"@id\":\"https:\\\/\\\/europressgroup.com\\\/no\\\/#\\\/schema\\\/logo\\\/image\\\/\",\"url\":\"https:\\\/\\\/europressgroup.com\\\/wp-content\\\/uploads\\\/2018\\\/12\\\/Europress-logo-1.png\",\"contentUrl\":\"https:\\\/\\\/europressgroup.com\\\/wp-content\\\/uploads\\\/2018\\\/12\\\/Europress-logo-1.png\",\"width\":478,\"height\":75,\"caption\":\"Europress Group\"},\"image\":{\"@id\":\"https:\\\/\\\/europressgroup.com\\\/no\\\/#\\\/schema\\\/logo\\\/image\\\/\"},\"sameAs\":[\"https:\\\/\\\/www.facebook.com\\\/europresswastehandling\",\"https:\\\/\\\/x.com\\\/EPWastehandling\",\"https:\\\/\\\/www.instagram.com\\\/europressgroup\\\/\",\"https:\\\/\\\/www.linkedin.com\\\/company\\\/europress\"],\"publishingPrinciples\":\"https:\\\/\\\/europressgroup.com\\\/environment-safety-quality\\\/\",\"ownershipFundingInfo\":\"https:\\\/\\\/europressgroup.com\\\/history\\\/\",\"actionableFeedbackPolicy\":\"https:\\\/\\\/europressgroup.com\\\/customer-feedback\\\/\",\"correctionsPolicy\":\"https:\\\/\\\/europressgroup.com\\\/customer-feedback\\\/\",\"ethicsPolicy\":\"https:\\\/\\\/europressgroup.com\\\/responsibility\\\/\"}]}<\/script>\n<!-- \/ Yoast SEO Premium plugin. -->","yoast_head_json":{"title":"Opplevelsessenteret REDI - Europress Group","robots":{"index":"index","follow":"follow","max-snippet":"max-snippet:-1","max-image-preview":"max-image-preview:large","max-video-preview":"max-video-preview:-1"},"canonical":"https:\/\/europressgroup.com\/no\/redi\/","og_locale":"nb_NO","og_type":"article","og_title":"Opplevelsessenteret REDI","og_description":"REDI er et nytt kj\u00f8pe- og underholdningssenter i utkanten av Helsinki sentrum.","og_url":"https:\/\/europressgroup.com\/no\/redi\/","og_site_name":"Europress Group","article_publisher":"https:\/\/www.facebook.com\/europresswastehandling","article_modified_time":"2019-05-22T14:01:54+00:00","og_image":[{"width":1920,"height":1280,"url":"https:\/\/europressgroup.com\/wp-content\/uploads\/2019\/03\/Europress-SRV-REDI-it\u00e4-1920x1280px.jpg","type":"image\/jpeg"}],"twitter_card":"summary_large_image","twitter_site":"@EPWastehandling","twitter_misc":{"Ansl. lesetid":"3 minutter"},"schema":{"@context":"https:\/\/schema.org","@graph":[{"@type":"WebPage","@id":"https:\/\/europressgroup.com\/no\/redi\/","url":"https:\/\/europressgroup.com\/no\/redi\/","name":"Opplevelsessenteret REDI - Europress Group","isPartOf":{"@id":"https:\/\/europressgroup.com\/no\/#website"},"primaryImageOfPage":{"@id":"https:\/\/europressgroup.com\/no\/redi\/#primaryimage"},"image":{"@id":"https:\/\/europressgroup.com\/no\/redi\/#primaryimage"},"thumbnailUrl":"https:\/\/europressgroup.com\/wp-content\/uploads\/2019\/03\/Europress-SRV-REDI-it\u00e4-1920x1280px.jpg","datePublished":"2014-12-22T15:50:09+00:00","dateModified":"2019-05-22T14:01:54+00:00","breadcrumb":{"@id":"https:\/\/europressgroup.com\/no\/redi\/#breadcrumb"},"inLanguage":"nb-NO","potentialAction":[{"@type":"ReadAction","target":["https:\/\/europressgroup.com\/no\/redi\/"]}]},{"@type":"ImageObject","inLanguage":"nb-NO","@id":"https:\/\/europressgroup.com\/no\/redi\/#primaryimage","url":"https:\/\/europressgroup.com\/wp-content\/uploads\/2019\/03\/Europress-SRV-REDI-it\u00e4-1920x1280px.jpg","contentUrl":"https:\/\/europressgroup.com\/wp-content\/uploads\/2019\/03\/Europress-SRV-REDI-it\u00e4-1920x1280px.jpg","width":1920,"height":1280},{"@type":"BreadcrumbList","@id":"https:\/\/europressgroup.com\/no\/redi\/#breadcrumb","itemListElement":[{"@type":"ListItem","position":1,"name":"Home","item":"https:\/\/europressgroup.com\/no\/"},{"@type":"ListItem","position":2,"name":"Opplevelsessenteret REDI"}]},{"@type":"WebSite","@id":"https:\/\/europressgroup.com\/no\/#website","url":"https:\/\/europressgroup.com\/no\/","name":"Europress Group","description":"Northern European leader in Environmental Technology","publisher":{"@id":"https:\/\/europressgroup.com\/no\/#organization"},"potentialAction":[{"@type":"SearchAction","target":{"@type":"EntryPoint","urlTemplate":"https:\/\/europressgroup.com\/no\/?s={search_term_string}"},"query-input":{"@type":"PropertyValueSpecification","valueRequired":true,"valueName":"search_term_string"}}],"inLanguage":"nb-NO"},{"@type":"Organization","@id":"https:\/\/europressgroup.com\/no\/#organization","name":"Europress Group","url":"https:\/\/europressgroup.com\/no\/","logo":{"@type":"ImageObject","inLanguage":"nb-NO","@id":"https:\/\/europressgroup.com\/no\/#\/schema\/logo\/image\/","url":"https:\/\/europressgroup.com\/wp-content\/uploads\/2018\/12\/Europress-logo-1.png","contentUrl":"https:\/\/europressgroup.com\/wp-content\/uploads\/2018\/12\/Europress-logo-1.png","width":478,"height":75,"caption":"Europress Group"},"image":{"@id":"https:\/\/europressgroup.com\/no\/#\/schema\/logo\/image\/"},"sameAs":["https:\/\/www.facebook.com\/europresswastehandling","https:\/\/x.com\/EPWastehandling","https:\/\/www.instagram.com\/europressgroup\/","https:\/\/www.linkedin.com\/company\/europress"],"publishingPrinciples":"https:\/\/europressgroup.com\/environment-safety-quality\/","ownershipFundingInfo":"https:\/\/europressgroup.com\/history\/","actionableFeedbackPolicy":"https:\/\/europressgroup.com\/customer-feedback\/","correctionsPolicy":"https:\/\/europressgroup.com\/customer-feedback\/","ethicsPolicy":"https:\/\/europressgroup.com\/responsibility\/"}]}},"_links":{"self":[{"href":"https:\/\/europressgroup.com\/no\/wp-json\/wp\/v2\/pages\/74141","targetHints":{"allow":["GET"]}}],"collection":[{"href":"https:\/\/europressgroup.com\/no\/wp-json\/wp\/v2\/pages"}],"about":[{"href":"https:\/\/europressgroup.com\/no\/wp-json\/wp\/v2\/types\/page"}],"author":[{"embeddable":true,"href":"https:\/\/europressgroup.com\/no\/wp-json\/wp\/v2\/users\/25"}],"replies":[{"embeddable":true,"href":"https:\/\/europressgroup.com\/no\/wp-json\/wp\/v2\/comments?post=74141"}],"version-history":[{"count":0,"href":"https:\/\/europressgroup.com\/no\/wp-json\/wp\/v2\/pages\/74141\/revisions"}],"wp:featuredmedia":[{"embeddable":true,"href":"https:\/\/europressgroup.com\/no\/wp-json\/wp\/v2\/media\/74143"}],"wp:attachment":[{"href":"https:\/\/europressgroup.com\/no\/wp-json\/wp\/v2\/media?parent=74141"}],"curies":[{"name":"wp","href":"https:\/\/api.w.org\/{rel}","templated":true}]}}