{"id":74125,"date":"2019-02-17T21:33:10","date_gmt":"2019-02-17T19:33:10","guid":{"rendered":"https:\/\/europressgroup.com\/our-solutions\/"},"modified":"2025-10-17T15:12:11","modified_gmt":"2025-10-17T12:12:11","slug":"losninger","status":"publish","type":"page","link":"https:\/\/europressgroup.com\/no\/losninger\/","title":{"rendered":"L\u00d8SNINGER"},"content":{"rendered":"<div class=\"wpb-content-wrapper\"><p>[vc_row row_height_percent=&raquo;0&#8243; override_padding=&raquo;yes&raquo; h_padding=&raquo;2&#8243; top_padding=&raquo;3&#8243; bottom_padding=&raquo;3&#8243; back_color=&raquo;color-xsdn&raquo; overlay_alpha=&raquo;100&#8243; gutter_size=&raquo;100&#8243; column_width_percent=&raquo;100&#8243; shift_y=&raquo;0&#8243; z_index=&raquo;0&#8243; style=&raquo;dark&raquo; row_name=&raquo;Design &amp; Quality&raquo;][vc_column column_width_use_pixel=&raquo;yes&raquo; align_horizontal=&raquo;align_center&raquo; gutter_size=&raquo;3&#8243; overlay_alpha=&raquo;100&#8243; shift_x=&raquo;0&#8243; shift_y=&raquo;0&#8243; medium_width=&raquo;0&#8243; zoom_width=&raquo;0&#8243; zoom_height=&raquo;0&#8243; width=&raquo;1\/1&#8243; column_width_pixel=&raquo;800&#8243;][vc_custom_heading text_transform=&raquo;uppercase&raquo; separator_color=&raquo;yes&raquo; separator=&raquo;yes&raquo; sub_lead=&raquo;yes&raquo; sub_reduced=&raquo;yes&raquo;]SMARTE L\u00d8SNINGER FOR EN B\u00c6REKRAFTIG FREMTID[\/vc_custom_heading][vc_column_text]Som en teknologisk banebryter tilbyr vi IOT-l\u00f8sninger og digitale tjenester innen avfallsh\u00e5ndtering. Med over 40 \u00e5rs erfaring i bransjen og betraktelige investeringer i forskning og utvikling, har vi kunnskap om konstruksjon og hvordan man bygger b\u00e6rekraftige komprimatorer og presser. V\u00e5re produkter designes og produseres p\u00e5 en systematisk m\u00e5te med tanke p\u00e5 sikkerhet, kvalitet, milj\u00f8vennlighet og f\u00f8rsteklasses kundeservice og -st\u00f8tte.<\/p>\n<p>Vi har utviklet et system som str\u00f8mlinjeformer avfallsh\u00e5ndteringen takket v\u00e6re maskiner med SMARTE funksjoner.[\/vc_column_text][\/vc_column][\/vc_row][vc_row unlock_row_content=&raquo;yes&raquo; row_height_percent=&raquo;0&#8243; override_padding=&raquo;yes&raquo; h_padding=&raquo;4&#8243; top_padding=&raquo;0&#8243; bottom_padding=&raquo;3&#8243; back_color=&raquo;color-xsdn&raquo; overlay_alpha=&raquo;50&#8243; gutter_size=&raquo;3&#8243; column_width_percent=&raquo;100&#8243; shift_y=&raquo;0&#8243; z_index=&raquo;0&#8243;][vc_column column_width_percent=&raquo;100&#8243; align_horizontal=&raquo;align_center&raquo; gutter_size=&raquo;3&#8243; overlay_alpha=&raquo;50&#8243; shift_x=&raquo;0&#8243; shift_y=&raquo;0&#8243; shift_y_down=&raquo;0&#8243; z_index=&raquo;0&#8243; medium_width=&raquo;0&#8243; mobile_width=&raquo;0&#8243; width=&raquo;1\/1&#8243;][vc_gallery el_id=&raquo;gallery-437267&#8243; medias=&raquo;74104,74120,74137,75297,141930,163755&#8243; gutter_size=&raquo;2&#8243; media_items=&raquo;media|custom_link|original,icon,title&raquo; screen_lg=&raquo;1000&#8243; screen_md=&raquo;600&#8243; screen_sm=&raquo;480&#8243; images_size=&raquo;three-two&raquo; single_overlay_opacity=&raquo;50&#8243; single_text_visible=&raquo;yes&raquo; single_h_align=&raquo;center&raquo; single_padding=&raquo;2&#8243; single_title_dimension=&raquo;h1&#8243; single_title_transform=&raquo;uppercase&raquo; single_border=&raquo;yes&raquo; items=&raquo;eyI3MzA3M19pIjp7InNpbmdsZV9saW5rIjoidXJsOmh0dHAlM0ElMkYlMkZ3d3cuZXVyb3ByZXNzcG9sYW5kLnBsJTJGcHJhc3ktYmFsZXglMkZ8dGl0bGU6QmFsZXglMjBCYWxlcnN8fCJ9LCI3MzA3NF9pIjp7InNpbmdsZV9saW5rIjoidXJsOmh0dHAlM0ElMkYlMkZ3d3cuZXVyb3ByZXNzcG9sYW5kLnBsJTJGa29tcGFrdG9yeS1kby1vZHBhZG93JTJGfHRpdGxlOldhc3RlJTIwQ29tcGFjdG9yc3x8In0sIjczMDg4X2kiOnsic2luZ2xlX2xpbmsiOiJ1cmw6aHR0cCUzQSUyRiUyRnd3dy5ldXJvcHJlc3Nwb2xhbmQucGwlMkZzZXJ3aXMlMkZ8dGl0bGU6TWFpbnRlbmFuY2UlMjBTZXJ2aWNlfHwifSwiNzM2MzBfaSI6eyJzaW5nbGVfbGluayI6InVybDpodHRwcyUzQSUyRiUyRmV1cm9wcmVzc2dyb3VwLmNvbSUyRm5vJTJGYXZmYWxsc2tvbXByaW1hdG9yZXIlMkZ8dGl0bGU6V0FTVEUlMjBDT01QQUNUT1JTfHwifSwiNzM2MzFfaSI6eyJzaW5nbGVfbGluayI6InVybDpodHRwcyUzQSUyRiUyRmV1cm9wcmVzc2dyb3VwLmNvbSUyRm5vJTJGdGplbmVzdGUlMkZ8dGl0bGU6TUFJTlRFTkFOQ0UlMjBTRVJWSUNFfHwifSwiNzM2MzVfaSI6eyJzaW5nbGVfbGluayI6InVybDpodHRwcyUzQSUyRiUyRmV1cm9wcmVzc2dyb3VwLmNvbSUyRm5vJTJGc21hcnQlMkZ8dGl0bGU6RVVST1BSRVNTJTIwU01BUlR8fCJ9LCI3MzYyOF9pIjp7InNpbmdsZV9saW5rIjoidXJsOmh0dHBzJTNBJTJGJTJGZXVyb3ByZXNzZ3JvdXAuY29tJTJGbm8lMkZiYWxleC1lbWJhbGxhc2plcHJlc3NlciUyRnx0aXRsZTpCQUxFWCUyMEJBTEVSU3x8In0sIjE0MTkzMF9pIjp7InNpbmdsZV9saW5rIjoidXJsOmh0dHBzJTNBJTJGJTJGZXVyb3ByZXNzZ3JvdXAuY29tJTJGbm8lMkZsYXN0LW5lZC1icm9zanlyZXIlMkYifSwiMTYzNzU1X2kiOnsic2luZ2xlX2xpbmsiOiJ1cmw6aHR0cHMlM0ElMkYlMkZldXJvcHJlc3Nncm91cC5jb20lMkZubyUyRmxvc25pbmdlciUyRmJhbmRydWxsZXIlMkZ8dGl0bGU6QiVDMyU4NU5EUlVMTEVSfHRhcmdldDpfYmxhbmsifX0=&raquo; single_link=&raquo;|||&raquo; uncode_shortcode_id=&raquo;693024&#8243;][\/vc_column][\/vc_row][vc_row][vc_column width=&raquo;1\/1&#8243;][uncode_block id=&raquo;73192&#8243;][\/vc_column][\/vc_row]<\/p>\n<\/div>","protected":false},"excerpt":{"rendered":"<p>[vc_row row_height_percent=&raquo;0&#8243; override_padding=&raquo;yes&raquo; h_padding=&raquo;2&#8243; top_padding=&raquo;3&#8243; bottom_padding=&raquo;3&#8243; back_color=&raquo;color-xsdn&raquo; overlay_alpha=&raquo;100&#8243; gutter_size=&raquo;100&#8243; column_width_percent=&raquo;100&#8243; shift_y=&raquo;0&#8243; z_index=&raquo;0&#8243; style=&raquo;dark&raquo; row_name=&raquo;Design &amp; Quality&raquo;][vc_column column_width_use_pixel=&raquo;yes&raquo; align_horizontal=&raquo;align_center&raquo; gutter_size=&raquo;3&#8243; overlay_alpha=&raquo;100&#8243; [&hellip;]<\/p>\n","protected":false},"author":25,"featured_media":73026,"parent":0,"menu_order":0,"comment_status":"open","ping_status":"closed","template":"","meta":{"footnotes":""},"class_list":["post-74125","page","type-page","status-publish","has-post-thumbnail","hentry"],"yoast_head":"<!-- This site is optimized with the Yoast SEO Premium plugin v27.3 (Yoast SEO v27.3) - https:\/\/yoast.com\/product\/yoast-seo-premium-wordpress\/ -->\n<title>L\u00d8SNINGER - Europress Group<\/title>\n<meta name=\"description\" content=\"V\u00e5re komprimatorer og presser designes og produseres p\u00e5 en systematisk m\u00e5te med tanke p\u00e5 sikkerhet, kvalitet, milj\u00f8vennlighet og kundeservice.\" \/>\n<meta name=\"robots\" content=\"index, follow, max-snippet:-1, max-image-preview:large, max-video-preview:-1\" \/>\n<link rel=\"canonical\" href=\"https:\/\/europressgroup.com\/no\/losninger\/\" \/>\n<meta property=\"og:locale\" content=\"nb_NO\" \/>\n<meta property=\"og:type\" content=\"article\" \/>\n<meta property=\"og:title\" content=\"L\u00d8SNINGER\" \/>\n<meta property=\"og:description\" content=\"SMARTE L\u00d8SNINGER FOR EN B\u00c6REKRAFTIG FREMTIDSom en teknologisk banebryter tilbyr vi IOT-l\u00f8sninger og digitale tjenester innen avfallsh\u00e5ndtering. Med over\" \/>\n<meta property=\"og:url\" content=\"https:\/\/europressgroup.com\/no\/losninger\/\" \/>\n<meta property=\"og:site_name\" content=\"Europress Group\" \/>\n<meta property=\"article:publisher\" content=\"https:\/\/www.facebook.com\/europresswastehandling\" \/>\n<meta property=\"article:modified_time\" content=\"2025-10-17T12:12:11+00:00\" \/>\n<meta property=\"og:image\" content=\"https:\/\/europressgroup.com\/wp-content\/uploads\/2015\/09\/Europress_slider.jpg\" \/>\n\t<meta property=\"og:image:width\" content=\"1469\" \/>\n\t<meta property=\"og:image:height\" content=\"979\" \/>\n\t<meta property=\"og:image:type\" content=\"image\/jpeg\" \/>\n<meta name=\"twitter:card\" content=\"summary_large_image\" \/>\n<meta name=\"twitter:site\" content=\"@EPWastehandling\" \/>\n<meta name=\"twitter:label1\" content=\"Ansl. lesetid\" \/>\n\t<meta name=\"twitter:data1\" content=\"2 minutter\" \/>\n<script type=\"application\/ld+json\" class=\"yoast-schema-graph\">{\"@context\":\"https:\\\/\\\/schema.org\",\"@graph\":[{\"@type\":\"WebPage\",\"@id\":\"https:\\\/\\\/europressgroup.com\\\/no\\\/losninger\\\/\",\"url\":\"https:\\\/\\\/europressgroup.com\\\/no\\\/losninger\\\/\",\"name\":\"L\u00d8SNINGER - Europress Group\",\"isPartOf\":{\"@id\":\"https:\\\/\\\/europressgroup.com\\\/no\\\/#website\"},\"primaryImageOfPage\":{\"@id\":\"https:\\\/\\\/europressgroup.com\\\/no\\\/losninger\\\/#primaryimage\"},\"image\":{\"@id\":\"https:\\\/\\\/europressgroup.com\\\/no\\\/losninger\\\/#primaryimage\"},\"thumbnailUrl\":\"https:\\\/\\\/europressgroup.com\\\/wp-content\\\/uploads\\\/2015\\\/09\\\/Europress_slider.jpg\",\"datePublished\":\"2019-02-17T19:33:10+00:00\",\"dateModified\":\"2025-10-17T12:12:11+00:00\",\"description\":\"V\u00e5re komprimatorer og presser designes og produseres p\u00e5 en systematisk m\u00e5te med tanke p\u00e5 sikkerhet, kvalitet, milj\u00f8vennlighet og kundeservice.\",\"breadcrumb\":{\"@id\":\"https:\\\/\\\/europressgroup.com\\\/no\\\/losninger\\\/#breadcrumb\"},\"inLanguage\":\"nb-NO\",\"potentialAction\":[{\"@type\":\"ReadAction\",\"target\":[\"https:\\\/\\\/europressgroup.com\\\/no\\\/losninger\\\/\"]}]},{\"@type\":\"ImageObject\",\"inLanguage\":\"nb-NO\",\"@id\":\"https:\\\/\\\/europressgroup.com\\\/no\\\/losninger\\\/#primaryimage\",\"url\":\"https:\\\/\\\/europressgroup.com\\\/wp-content\\\/uploads\\\/2015\\\/09\\\/Europress_slider.jpg\",\"contentUrl\":\"https:\\\/\\\/europressgroup.com\\\/wp-content\\\/uploads\\\/2015\\\/09\\\/Europress_slider.jpg\",\"width\":1469,\"height\":979},{\"@type\":\"BreadcrumbList\",\"@id\":\"https:\\\/\\\/europressgroup.com\\\/no\\\/losninger\\\/#breadcrumb\",\"itemListElement\":[{\"@type\":\"ListItem\",\"position\":1,\"name\":\"Home\",\"item\":\"https:\\\/\\\/europressgroup.com\\\/no\\\/\"},{\"@type\":\"ListItem\",\"position\":2,\"name\":\"L\u00d8SNINGER\"}]},{\"@type\":\"WebSite\",\"@id\":\"https:\\\/\\\/europressgroup.com\\\/no\\\/#website\",\"url\":\"https:\\\/\\\/europressgroup.com\\\/no\\\/\",\"name\":\"Europress Group\",\"description\":\"Northern European leader in Environmental Technology\",\"publisher\":{\"@id\":\"https:\\\/\\\/europressgroup.com\\\/no\\\/#organization\"},\"potentialAction\":[{\"@type\":\"SearchAction\",\"target\":{\"@type\":\"EntryPoint\",\"urlTemplate\":\"https:\\\/\\\/europressgroup.com\\\/no\\\/?s={search_term_string}\"},\"query-input\":{\"@type\":\"PropertyValueSpecification\",\"valueRequired\":true,\"valueName\":\"search_term_string\"}}],\"inLanguage\":\"nb-NO\"},{\"@type\":\"Organization\",\"@id\":\"https:\\\/\\\/europressgroup.com\\\/no\\\/#organization\",\"name\":\"Europress Group\",\"url\":\"https:\\\/\\\/europressgroup.com\\\/no\\\/\",\"logo\":{\"@type\":\"ImageObject\",\"inLanguage\":\"nb-NO\",\"@id\":\"https:\\\/\\\/europressgroup.com\\\/no\\\/#\\\/schema\\\/logo\\\/image\\\/\",\"url\":\"https:\\\/\\\/europressgroup.com\\\/wp-content\\\/uploads\\\/2018\\\/12\\\/Europress-logo-1.png\",\"contentUrl\":\"https:\\\/\\\/europressgroup.com\\\/wp-content\\\/uploads\\\/2018\\\/12\\\/Europress-logo-1.png\",\"width\":478,\"height\":75,\"caption\":\"Europress Group\"},\"image\":{\"@id\":\"https:\\\/\\\/europressgroup.com\\\/no\\\/#\\\/schema\\\/logo\\\/image\\\/\"},\"sameAs\":[\"https:\\\/\\\/www.facebook.com\\\/europresswastehandling\",\"https:\\\/\\\/x.com\\\/EPWastehandling\",\"https:\\\/\\\/www.instagram.com\\\/europressgroup\\\/\",\"https:\\\/\\\/www.linkedin.com\\\/company\\\/europress\"],\"publishingPrinciples\":\"https:\\\/\\\/europressgroup.com\\\/environment-safety-quality\\\/\",\"ownershipFundingInfo\":\"https:\\\/\\\/europressgroup.com\\\/history\\\/\",\"actionableFeedbackPolicy\":\"https:\\\/\\\/europressgroup.com\\\/customer-feedback\\\/\",\"correctionsPolicy\":\"https:\\\/\\\/europressgroup.com\\\/customer-feedback\\\/\",\"ethicsPolicy\":\"https:\\\/\\\/europressgroup.com\\\/responsibility\\\/\"}]}<\/script>\n<!-- \/ Yoast SEO Premium plugin. -->","yoast_head_json":{"title":"L\u00d8SNINGER - Europress Group","description":"V\u00e5re komprimatorer og presser designes og produseres p\u00e5 en systematisk m\u00e5te med tanke p\u00e5 sikkerhet, kvalitet, milj\u00f8vennlighet og kundeservice.","robots":{"index":"index","follow":"follow","max-snippet":"max-snippet:-1","max-image-preview":"max-image-preview:large","max-video-preview":"max-video-preview:-1"},"canonical":"https:\/\/europressgroup.com\/no\/losninger\/","og_locale":"nb_NO","og_type":"article","og_title":"L\u00d8SNINGER","og_description":"SMARTE L\u00d8SNINGER FOR EN B\u00c6REKRAFTIG FREMTIDSom en teknologisk banebryter tilbyr vi IOT-l\u00f8sninger og digitale tjenester innen avfallsh\u00e5ndtering. Med over","og_url":"https:\/\/europressgroup.com\/no\/losninger\/","og_site_name":"Europress Group","article_publisher":"https:\/\/www.facebook.com\/europresswastehandling","article_modified_time":"2025-10-17T12:12:11+00:00","og_image":[{"width":1469,"height":979,"url":"https:\/\/europressgroup.com\/wp-content\/uploads\/2015\/09\/Europress_slider.jpg","type":"image\/jpeg"}],"twitter_card":"summary_large_image","twitter_site":"@EPWastehandling","twitter_misc":{"Ansl. lesetid":"2 minutter"},"schema":{"@context":"https:\/\/schema.org","@graph":[{"@type":"WebPage","@id":"https:\/\/europressgroup.com\/no\/losninger\/","url":"https:\/\/europressgroup.com\/no\/losninger\/","name":"L\u00d8SNINGER - Europress Group","isPartOf":{"@id":"https:\/\/europressgroup.com\/no\/#website"},"primaryImageOfPage":{"@id":"https:\/\/europressgroup.com\/no\/losninger\/#primaryimage"},"image":{"@id":"https:\/\/europressgroup.com\/no\/losninger\/#primaryimage"},"thumbnailUrl":"https:\/\/europressgroup.com\/wp-content\/uploads\/2015\/09\/Europress_slider.jpg","datePublished":"2019-02-17T19:33:10+00:00","dateModified":"2025-10-17T12:12:11+00:00","description":"V\u00e5re komprimatorer og presser designes og produseres p\u00e5 en systematisk m\u00e5te med tanke p\u00e5 sikkerhet, kvalitet, milj\u00f8vennlighet og kundeservice.","breadcrumb":{"@id":"https:\/\/europressgroup.com\/no\/losninger\/#breadcrumb"},"inLanguage":"nb-NO","potentialAction":[{"@type":"ReadAction","target":["https:\/\/europressgroup.com\/no\/losninger\/"]}]},{"@type":"ImageObject","inLanguage":"nb-NO","@id":"https:\/\/europressgroup.com\/no\/losninger\/#primaryimage","url":"https:\/\/europressgroup.com\/wp-content\/uploads\/2015\/09\/Europress_slider.jpg","contentUrl":"https:\/\/europressgroup.com\/wp-content\/uploads\/2015\/09\/Europress_slider.jpg","width":1469,"height":979},{"@type":"BreadcrumbList","@id":"https:\/\/europressgroup.com\/no\/losninger\/#breadcrumb","itemListElement":[{"@type":"ListItem","position":1,"name":"Home","item":"https:\/\/europressgroup.com\/no\/"},{"@type":"ListItem","position":2,"name":"L\u00d8SNINGER"}]},{"@type":"WebSite","@id":"https:\/\/europressgroup.com\/no\/#website","url":"https:\/\/europressgroup.com\/no\/","name":"Europress Group","description":"Northern European leader in Environmental Technology","publisher":{"@id":"https:\/\/europressgroup.com\/no\/#organization"},"potentialAction":[{"@type":"SearchAction","target":{"@type":"EntryPoint","urlTemplate":"https:\/\/europressgroup.com\/no\/?s={search_term_string}"},"query-input":{"@type":"PropertyValueSpecification","valueRequired":true,"valueName":"search_term_string"}}],"inLanguage":"nb-NO"},{"@type":"Organization","@id":"https:\/\/europressgroup.com\/no\/#organization","name":"Europress Group","url":"https:\/\/europressgroup.com\/no\/","logo":{"@type":"ImageObject","inLanguage":"nb-NO","@id":"https:\/\/europressgroup.com\/no\/#\/schema\/logo\/image\/","url":"https:\/\/europressgroup.com\/wp-content\/uploads\/2018\/12\/Europress-logo-1.png","contentUrl":"https:\/\/europressgroup.com\/wp-content\/uploads\/2018\/12\/Europress-logo-1.png","width":478,"height":75,"caption":"Europress Group"},"image":{"@id":"https:\/\/europressgroup.com\/no\/#\/schema\/logo\/image\/"},"sameAs":["https:\/\/www.facebook.com\/europresswastehandling","https:\/\/x.com\/EPWastehandling","https:\/\/www.instagram.com\/europressgroup\/","https:\/\/www.linkedin.com\/company\/europress"],"publishingPrinciples":"https:\/\/europressgroup.com\/environment-safety-quality\/","ownershipFundingInfo":"https:\/\/europressgroup.com\/history\/","actionableFeedbackPolicy":"https:\/\/europressgroup.com\/customer-feedback\/","correctionsPolicy":"https:\/\/europressgroup.com\/customer-feedback\/","ethicsPolicy":"https:\/\/europressgroup.com\/responsibility\/"}]}},"_links":{"self":[{"href":"https:\/\/europressgroup.com\/no\/wp-json\/wp\/v2\/pages\/74125","targetHints":{"allow":["GET"]}}],"collection":[{"href":"https:\/\/europressgroup.com\/no\/wp-json\/wp\/v2\/pages"}],"about":[{"href":"https:\/\/europressgroup.com\/no\/wp-json\/wp\/v2\/types\/page"}],"author":[{"embeddable":true,"href":"https:\/\/europressgroup.com\/no\/wp-json\/wp\/v2\/users\/25"}],"replies":[{"embeddable":true,"href":"https:\/\/europressgroup.com\/no\/wp-json\/wp\/v2\/comments?post=74125"}],"version-history":[{"count":9,"href":"https:\/\/europressgroup.com\/no\/wp-json\/wp\/v2\/pages\/74125\/revisions"}],"predecessor-version":[{"id":163765,"href":"https:\/\/europressgroup.com\/no\/wp-json\/wp\/v2\/pages\/74125\/revisions\/163765"}],"wp:featuredmedia":[{"embeddable":true,"href":"https:\/\/europressgroup.com\/no\/wp-json\/wp\/v2\/media\/73026"}],"wp:attachment":[{"href":"https:\/\/europressgroup.com\/no\/wp-json\/wp\/v2\/media?parent=74125"}],"curies":[{"name":"wp","href":"https:\/\/api.w.org\/{rel}","templated":true}]}}