{"id":74119,"date":"2019-02-26T12:49:49","date_gmt":"2019-02-26T10:49:49","guid":{"rendered":"https:\/\/europressgroup.com\/waste-compactors\/"},"modified":"2024-07-01T15:36:19","modified_gmt":"2024-07-01T12:36:19","slug":"avfallskomprimatorer","status":"publish","type":"page","link":"https:\/\/europressgroup.com\/no\/avfallskomprimatorer\/","title":{"rendered":"AVFALLSKOMPRIMATORER"},"content":{"rendered":"<div class=\"wpb-content-wrapper\"><p>[vc_row row_height_percent=&raquo;0&#8243; override_padding=&raquo;yes&raquo; h_padding=&raquo;2&#8243; top_padding=&raquo;4&#8243; bottom_padding=&raquo;2&#8243; overlay_alpha=&raquo;50&#8243; gutter_size=&raquo;3&#8243; column_width_percent=&raquo;100&#8243; shift_y=&raquo;0&#8243; z_index=&raquo;0&#8243; uncode_shortcode_id=&raquo;195592&#8243;][vc_column width=&raquo;1\/1&#8243;][vc_custom_heading text_transform=&raquo;uppercase&raquo; separator_color=&raquo;yes&raquo; separator=&raquo;yes&raquo; sub_lead=&raquo;yes&raquo; sub_reduced=&raquo;yes&raquo;]VI TILBYR ET BREDT SPEKTER AV AVFALLSKOMPRIMATORER[\/vc_custom_heading][vc_column_text]Europress tilbyr et bredt utvalg avfallskomprimatorer som dekker dine avfallsh\u00e5ndteringsbehov. SMART teknologi gj\u00f8r det mulig \u00e5 for eksempel motta beskjeder automatisk n\u00e5r det er p\u00e5 tide \u00e5 t\u00f8mme maskinen, hvilket optimaliserer tilgjengeligheten og sparer deg for utgifter. Hver enkelt komprimator kan programmeres individuelt for \u00e5 tilpasses ulike brukersteder, for eksempel fabrikker, butikker, kj\u00f8pesentra og industrilager.<\/p>\n<p>Alle Europress-komprimatorer er ekstremt slitesterke og bygget for \u00e5 t\u00e5le intensiv bruk.<\/p>\n<p>Du kan lese mer om de forskjellige komprimatorene v\u00e5re under.[\/vc_column_text][vc_custom_heading]Spesialtilpassede l\u00f8sninger[\/vc_custom_heading][vc_column_text]N\u00e5r du kj\u00f8per en komprimator fra Europress tar vi hensyn til alle dine behov. Hvor skal komprimatoren st\u00e5? Skal den benyttes fra en rampe eller gjennom en vegg? Trenger du ytterligere utstyr som for eksempel l\u00f8ftevender, et vektsystem, luke til gaffeltruck, en plattform eller sikkerhetsgjerde?<\/p>\n<p>Vi ser p\u00e5 det store bildet for \u00e5 kunne gj\u00f8re avfallsh\u00e5ndteringen enklest mulig for dine ansatte, slik at de kan fokusere p\u00e5 firmaets kjerneoppgaver.[\/vc_column_text][\/vc_column][\/vc_row][vc_row row_height_percent=&raquo;0&#8243; back_color=&raquo;color-xsdn&raquo; overlay_alpha=&raquo;100&#8243; gutter_size=&raquo;100&#8243; column_width_percent=&raquo;100&#8243; shift_y=&raquo;0&#8243; z_index=&raquo;0&#8243; style=&raquo;dark&raquo; row_name=&raquo;Design &amp; Quality&raquo; uncode_shortcode_id=&raquo;329834&#8243; back_color_type=&raquo;uncode-palette&raquo;][vc_column column_width_use_pixel=&raquo;yes&raquo; gutter_size=&raquo;3&#8243; overlay_alpha=&raquo;100&#8243; shift_x=&raquo;0&#8243; shift_y=&raquo;0&#8243; shift_y_down=&raquo;0&#8243; z_index=&raquo;0&#8243; medium_width=&raquo;0&#8243; mobile_width=&raquo;0&#8243; zoom_width=&raquo;0&#8243; zoom_height=&raquo;0&#8243; width=&raquo;1\/1&#8243; column_width_pixel=&raquo;800&#8243; uncode_shortcode_id=&raquo;141420&#8243;][vc_custom_heading]ET BREDT UTVALG AVFALLSKOMPRIMATORER[\/vc_custom_heading][vc_column_text]Mobile komprimatorer &#8211; V\u00e5re plassbevarende mobile komprimatorer leveres i flere forskjellige design, egnet til ulike typer avfall.<\/p>\n<p>Stasjon\u00e6re komprimatorer &#8211; V\u00e5re robuste stasjon\u00e6re komprimatorer er bygde for \u00e5 h\u00e5ndtere store mengder avfall.<\/p>\n<p>Skruekomprimatorer &#8211; V\u00e5re sterke skruekomprimatorer er bygde for tyngre typer avfall.<\/p>\n<p><strong>Avfallstyper<\/strong><\/p>\n<ul>\n<li>Papp<\/li>\n<li>Plast<\/li>\n<li>Brennbart avfall<\/li>\n<li>Bio\/organisk avfall<\/li>\n<li>Blandet avfall<\/li>\n<li>Treverk<\/li>\n<li>PET<\/li>\n<li>Papp<\/li>\n<\/ul>\n<p>[\/vc_column_text][\/vc_column][\/vc_row][vc_row row_height_percent=&raquo;0&#8243; override_padding=&raquo;yes&raquo; h_padding=&raquo;2&#8243; top_padding=&raquo;3&#8243; bottom_padding=&raquo;4&#8243; back_color=&raquo;color-gyho&raquo; overlay_alpha=&raquo;50&#8243; gutter_size=&raquo;3&#8243; column_width_percent=&raquo;100&#8243; shift_y=&raquo;0&#8243; z_index=&raquo;0&#8243; uncode_shortcode_id=&raquo;170062&#8243; back_color_type=&raquo;uncode-palette&raquo;][vc_column column_width_percent=&raquo;100&#8243; align_horizontal=&raquo;align_center&raquo; gutter_size=&raquo;3&#8243; overlay_alpha=&raquo;50&#8243; shift_x=&raquo;0&#8243; shift_y=&raquo;0&#8243; shift_y_down=&raquo;0&#8243; z_index=&raquo;0&#8243; medium_width=&raquo;0&#8243; mobile_width=&raquo;0&#8243; width=&raquo;1\/1&#8243;][vc_custom_heading heading_semantic=&raquo;h1&#8243; text_size=&raquo;h1&#8243; sub_lead=&raquo;yes&raquo; uncode_shortcode_id=&raquo;581906&#8243;]Trenger du hjelp med \u00e5 velge, eller \u00f8nsker du ytterligere informasjon om v\u00e5re produkter og om hvilke l\u00f8sninger som passer best til ditt behov?[\/vc_custom_heading][vc_row_inner][vc_column_inner width=&raquo;1\/4&#8243;][\/vc_column_inner][vc_column_inner column_width_percent=&raquo;100&#8243; align_horizontal=&raquo;align_center&raquo; gutter_size=&raquo;3&#8243; overlay_alpha=&raquo;50&#8243; shift_x=&raquo;0&#8243; shift_y=&raquo;0&#8243; shift_y_down=&raquo;0&#8243; z_index=&raquo;0&#8243; medium_width=&raquo;0&#8243; mobile_width=&raquo;0&#8243; width=&raquo;1\/2&#8243;][vc_button button_color=&raquo;accent&raquo; size=&raquo;btn-lg&raquo; radius=&raquo;btn-circle&raquo; border_width=&raquo;0&#8243; link=&raquo;url:https%3A%2F%2Feuropressgroup.com%2Fno%2Fkontakt-oss%2F&raquo;]Kontakt oss[\/vc_button][\/vc_column_inner][vc_column_inner width=&raquo;1\/4&#8243;][\/vc_column_inner][\/vc_row_inner][\/vc_column][\/vc_row][vc_row][vc_column column_width_percent=&raquo;100&#8243; align_horizontal=&raquo;align_center&raquo; gutter_size=&raquo;3&#8243; overlay_alpha=&raquo;50&#8243; shift_x=&raquo;0&#8243; shift_y=&raquo;0&#8243; shift_y_down=&raquo;0&#8243; z_index=&raquo;0&#8243; medium_width=&raquo;0&#8243; mobile_width=&raquo;0&#8243; width=&raquo;1\/1&#8243;][vc_row_inner][vc_column_inner column_width_percent=&raquo;100&#8243; gutter_size=&raquo;3&#8243; overlay_alpha=&raquo;50&#8243; shift_x=&raquo;0&#8243; shift_y=&raquo;0&#8243; shift_y_down=&raquo;0&#8243; z_index=&raquo;0&#8243; medium_width=&raquo;0&#8243; mobile_width=&raquo;0&#8243; width=&raquo;2\/3&#8243;][vc_custom_heading subheading=&raquo;Europress\u2019 SMART-systemet gj\u00f8r det lettere for deg \u00e5 gj\u00f8re smarte valg. Systemet samler inn og analyserer data som kartlegger din bruk av avfallskomprimatorene og gir deg verkt\u00f8y til \u00e5 raskt og lett skaffe deg oversikt over maskinparken din. Du kan lese mer om SMART-teknologien v\u00e5r her.&raquo;]<a class=\"_ps2id\" href=\"https:\/\/europressgroup.com\/no\/smart\/\" data-ps2id-offset=\"\">SMART teknologi<\/a>[\/vc_custom_heading][\/vc_column_inner][vc_column_inner width=&raquo;1\/3&#8243;][vc_single_image media=&raquo;78251&#8243; media_width_percent=&raquo;50&#8243; alignment=&raquo;center&raquo; media_link=&raquo;url:https%3A%2F%2Feuropressgroup.com%2Fno%2Fsmart%2F|title:Europress%20SMART&raquo;][\/vc_column_inner][\/vc_row_inner][\/vc_column][\/vc_row][vc_row unlock_row_content=&raquo;yes&raquo; row_height_percent=&raquo;0&#8243; override_padding=&raquo;yes&raquo; h_padding=&raquo;2&#8243; top_padding=&raquo;2&#8243; bottom_padding=&raquo;2&#8243; overlay_alpha=&raquo;50&#8243; gutter_size=&raquo;3&#8243; column_width_percent=&raquo;100&#8243; shift_y=&raquo;0&#8243; z_index=&raquo;0&#8243;][vc_column column_width_percent=&raquo;100&#8243; align_horizontal=&raquo;align_center&raquo; gutter_size=&raquo;3&#8243; overlay_alpha=&raquo;50&#8243; shift_x=&raquo;0&#8243; shift_y=&raquo;0&#8243; shift_y_down=&raquo;0&#8243; z_index=&raquo;0&#8243; medium_width=&raquo;0&#8243; mobile_width=&raquo;0&#8243; width=&raquo;1\/1&#8243;][vc_column_text]Hele v\u00e5rt utvalg av avfallskomprimatorer er oppf\u00f8rt under. Du kan ogs\u00e5 filtrere resultatene etter avfallstype og egenskaper. Deretter klikker du p\u00e5 bildene for \u00e5 lese spesifikasjonene for hver enkelt av v\u00e5re komprimatormodeller.[\/vc_column_text][uncode_index el_id=&raquo;index-116298&#8243; loop=&raquo;size:20|order_by:title|order:ASC|post_type:page|by_id:73770,73220,73216,73209,73200,73137,73807&#8243; style_preset=&raquo;metro&raquo; screen_lg=&raquo;1000&#8243; screen_md=&raquo;600&#8243; screen_sm=&raquo;480&#8243; filtering=&raquo;yes&raquo; filtering_position=&raquo;center&raquo; gutter_size=&raquo;2&#8243; page_items=&raquo;title,media|featured|onpost|original&raquo; single_text=&raquo;overlay&raquo; single_height=&raquo;3&#8243; single_overlay_opacity=&raquo;40&#8243; single_text_visible=&raquo;yes&raquo; single_h_align=&raquo;center&raquo; single_padding=&raquo;2&#8243; single_title_semantic=&raquo;h2&#8243; single_title_dimension=&raquo;h1&#8243; single_title_transform=&raquo;uppercase&raquo; single_border=&raquo;yes&raquo; items=&raquo;eyI3MzEzN19pIjp7InNpbmdsZV93aWR0aCI6IjQiLCJzaW5nbGVfaGVpZ2h0IjoiMyJ9LCI3MzIwMF9pIjp7InNpbmdsZV9oZWlnaHQiOiIzIn0sIjczMjA5X2kiOnsic2luZ2xlX2hlaWdodCI6IjMifSwiNzMyMTZfaSI6eyJzaW5nbGVfaGVpZ2h0IjoiMyJ9LCI3MzIyMF9pIjp7InNpbmdsZV9oZWlnaHQiOiIzIn19&#8243;][\/vc_column][\/vc_row][vc_row][vc_column width=&raquo;1\/1&#8243;][uncode_block id=&raquo;73192&#8243;][\/vc_column][\/vc_row]<\/p>\n<\/div>","protected":false},"excerpt":{"rendered":"<p>[vc_row row_height_percent=&raquo;0&#8243; override_padding=&raquo;yes&raquo; h_padding=&raquo;2&#8243; top_padding=&raquo;4&#8243; bottom_padding=&raquo;2&#8243; overlay_alpha=&raquo;50&#8243; gutter_size=&raquo;3&#8243; column_width_percent=&raquo;100&#8243; shift_y=&raquo;0&#8243; z_index=&raquo;0&#8243; uncode_shortcode_id=&raquo;195592&#8243;][vc_column width=&raquo;1\/1&#8243;][vc_custom_heading text_transform=&raquo;uppercase&raquo; separator_color=&raquo;yes&raquo; separator=&raquo;yes&raquo; sub_lead=&raquo;yes&raquo; sub_reduced=&raquo;yes&raquo;]VI TILBYR ET [&hellip;]<\/p>\n","protected":false},"author":25,"featured_media":74120,"parent":0,"menu_order":0,"comment_status":"open","ping_status":"closed","template":"","meta":{"footnotes":""},"class_list":["post-74119","page","type-page","status-publish","has-post-thumbnail","hentry"],"yoast_head":"<!-- This site is optimized with the Yoast SEO Premium plugin v27.3 (Yoast SEO v27.3) - https:\/\/yoast.com\/product\/yoast-seo-premium-wordpress\/ -->\n<title>AVFALLSKOMPRIMATORER - Europress Group<\/title>\n<meta name=\"description\" content=\"V\u00e5rt brede sortiment av komprimatorer med SMART-systemet im\u00f8tekommer alle behov innen avfallsh\u00e5ndtering. Alle v\u00e5re produkter er ekstremt slitesterke og konstruert for tung bruk.\" \/>\n<meta name=\"robots\" content=\"index, follow, max-snippet:-1, max-image-preview:large, max-video-preview:-1\" \/>\n<link rel=\"canonical\" href=\"https:\/\/europressgroup.com\/no\/avfallskomprimatorer\/\" \/>\n<meta property=\"og:locale\" content=\"nb_NO\" \/>\n<meta property=\"og:type\" content=\"article\" \/>\n<meta property=\"og:title\" content=\"AVFALLSKOMPRIMATORER\" \/>\n<meta property=\"og:description\" content=\"VI TILBYR ET BREDT SPEKTER AV AVFALLSKOMPRIMATOREREuropress tilbyr et bredt utvalg avfallskomprimatorer som dekker dine avfallsh\u00e5ndteringsbehov. SMART\" \/>\n<meta property=\"og:url\" content=\"https:\/\/europressgroup.com\/no\/avfallskomprimatorer\/\" \/>\n<meta property=\"og:site_name\" content=\"Europress Group\" \/>\n<meta property=\"article:publisher\" content=\"https:\/\/www.facebook.com\/europresswastehandling\" \/>\n<meta property=\"article:modified_time\" content=\"2024-07-01T12:36:19+00:00\" \/>\n<meta property=\"og:image\" content=\"https:\/\/europressgroup.com\/wp-content\/uploads\/2019\/03\/Europress-Waste-compactors-1920x1280px.jpg\" \/>\n\t<meta property=\"og:image:width\" content=\"1920\" \/>\n\t<meta property=\"og:image:height\" content=\"1280\" \/>\n\t<meta property=\"og:image:type\" content=\"image\/jpeg\" \/>\n<meta name=\"twitter:card\" content=\"summary_large_image\" \/>\n<meta name=\"twitter:site\" content=\"@EPWastehandling\" \/>\n<meta name=\"twitter:label1\" content=\"Ansl. lesetid\" \/>\n\t<meta name=\"twitter:data1\" content=\"3 minutter\" \/>\n<script type=\"application\/ld+json\" class=\"yoast-schema-graph\">{\"@context\":\"https:\\\/\\\/schema.org\",\"@graph\":[{\"@type\":\"WebPage\",\"@id\":\"https:\\\/\\\/europressgroup.com\\\/no\\\/avfallskomprimatorer\\\/\",\"url\":\"https:\\\/\\\/europressgroup.com\\\/no\\\/avfallskomprimatorer\\\/\",\"name\":\"AVFALLSKOMPRIMATORER - Europress Group\",\"isPartOf\":{\"@id\":\"https:\\\/\\\/europressgroup.com\\\/no\\\/#website\"},\"primaryImageOfPage\":{\"@id\":\"https:\\\/\\\/europressgroup.com\\\/no\\\/avfallskomprimatorer\\\/#primaryimage\"},\"image\":{\"@id\":\"https:\\\/\\\/europressgroup.com\\\/no\\\/avfallskomprimatorer\\\/#primaryimage\"},\"thumbnailUrl\":\"https:\\\/\\\/europressgroup.com\\\/wp-content\\\/uploads\\\/2019\\\/03\\\/Europress-Waste-compactors-1920x1280px.jpg\",\"datePublished\":\"2019-02-26T10:49:49+00:00\",\"dateModified\":\"2024-07-01T12:36:19+00:00\",\"description\":\"V\u00e5rt brede sortiment av komprimatorer med SMART-systemet im\u00f8tekommer alle behov innen avfallsh\u00e5ndtering. Alle v\u00e5re produkter er ekstremt slitesterke og konstruert for tung bruk.\",\"breadcrumb\":{\"@id\":\"https:\\\/\\\/europressgroup.com\\\/no\\\/avfallskomprimatorer\\\/#breadcrumb\"},\"inLanguage\":\"nb-NO\",\"potentialAction\":[{\"@type\":\"ReadAction\",\"target\":[\"https:\\\/\\\/europressgroup.com\\\/no\\\/avfallskomprimatorer\\\/\"]}]},{\"@type\":\"ImageObject\",\"inLanguage\":\"nb-NO\",\"@id\":\"https:\\\/\\\/europressgroup.com\\\/no\\\/avfallskomprimatorer\\\/#primaryimage\",\"url\":\"https:\\\/\\\/europressgroup.com\\\/wp-content\\\/uploads\\\/2019\\\/03\\\/Europress-Waste-compactors-1920x1280px.jpg\",\"contentUrl\":\"https:\\\/\\\/europressgroup.com\\\/wp-content\\\/uploads\\\/2019\\\/03\\\/Europress-Waste-compactors-1920x1280px.jpg\",\"width\":1920,\"height\":1280,\"caption\":\"EuroPress waste compactor\"},{\"@type\":\"BreadcrumbList\",\"@id\":\"https:\\\/\\\/europressgroup.com\\\/no\\\/avfallskomprimatorer\\\/#breadcrumb\",\"itemListElement\":[{\"@type\":\"ListItem\",\"position\":1,\"name\":\"Home\",\"item\":\"https:\\\/\\\/europressgroup.com\\\/no\\\/\"},{\"@type\":\"ListItem\",\"position\":2,\"name\":\"AVFALLSKOMPRIMATORER\"}]},{\"@type\":\"WebSite\",\"@id\":\"https:\\\/\\\/europressgroup.com\\\/no\\\/#website\",\"url\":\"https:\\\/\\\/europressgroup.com\\\/no\\\/\",\"name\":\"Europress Group\",\"description\":\"Northern European leader in Environmental Technology\",\"publisher\":{\"@id\":\"https:\\\/\\\/europressgroup.com\\\/no\\\/#organization\"},\"potentialAction\":[{\"@type\":\"SearchAction\",\"target\":{\"@type\":\"EntryPoint\",\"urlTemplate\":\"https:\\\/\\\/europressgroup.com\\\/no\\\/?s={search_term_string}\"},\"query-input\":{\"@type\":\"PropertyValueSpecification\",\"valueRequired\":true,\"valueName\":\"search_term_string\"}}],\"inLanguage\":\"nb-NO\"},{\"@type\":\"Organization\",\"@id\":\"https:\\\/\\\/europressgroup.com\\\/no\\\/#organization\",\"name\":\"Europress Group\",\"url\":\"https:\\\/\\\/europressgroup.com\\\/no\\\/\",\"logo\":{\"@type\":\"ImageObject\",\"inLanguage\":\"nb-NO\",\"@id\":\"https:\\\/\\\/europressgroup.com\\\/no\\\/#\\\/schema\\\/logo\\\/image\\\/\",\"url\":\"https:\\\/\\\/europressgroup.com\\\/wp-content\\\/uploads\\\/2018\\\/12\\\/Europress-logo-1.png\",\"contentUrl\":\"https:\\\/\\\/europressgroup.com\\\/wp-content\\\/uploads\\\/2018\\\/12\\\/Europress-logo-1.png\",\"width\":478,\"height\":75,\"caption\":\"Europress Group\"},\"image\":{\"@id\":\"https:\\\/\\\/europressgroup.com\\\/no\\\/#\\\/schema\\\/logo\\\/image\\\/\"},\"sameAs\":[\"https:\\\/\\\/www.facebook.com\\\/europresswastehandling\",\"https:\\\/\\\/x.com\\\/EPWastehandling\",\"https:\\\/\\\/www.instagram.com\\\/europressgroup\\\/\",\"https:\\\/\\\/www.linkedin.com\\\/company\\\/europress\"],\"publishingPrinciples\":\"https:\\\/\\\/europressgroup.com\\\/environment-safety-quality\\\/\",\"ownershipFundingInfo\":\"https:\\\/\\\/europressgroup.com\\\/history\\\/\",\"actionableFeedbackPolicy\":\"https:\\\/\\\/europressgroup.com\\\/customer-feedback\\\/\",\"correctionsPolicy\":\"https:\\\/\\\/europressgroup.com\\\/customer-feedback\\\/\",\"ethicsPolicy\":\"https:\\\/\\\/europressgroup.com\\\/responsibility\\\/\"}]}<\/script>\n<!-- \/ Yoast SEO Premium plugin. -->","yoast_head_json":{"title":"AVFALLSKOMPRIMATORER - Europress Group","description":"V\u00e5rt brede sortiment av komprimatorer med SMART-systemet im\u00f8tekommer alle behov innen avfallsh\u00e5ndtering. Alle v\u00e5re produkter er ekstremt slitesterke og konstruert for tung bruk.","robots":{"index":"index","follow":"follow","max-snippet":"max-snippet:-1","max-image-preview":"max-image-preview:large","max-video-preview":"max-video-preview:-1"},"canonical":"https:\/\/europressgroup.com\/no\/avfallskomprimatorer\/","og_locale":"nb_NO","og_type":"article","og_title":"AVFALLSKOMPRIMATORER","og_description":"VI TILBYR ET BREDT SPEKTER AV AVFALLSKOMPRIMATOREREuropress tilbyr et bredt utvalg avfallskomprimatorer som dekker dine avfallsh\u00e5ndteringsbehov. SMART","og_url":"https:\/\/europressgroup.com\/no\/avfallskomprimatorer\/","og_site_name":"Europress Group","article_publisher":"https:\/\/www.facebook.com\/europresswastehandling","article_modified_time":"2024-07-01T12:36:19+00:00","og_image":[{"width":1920,"height":1280,"url":"https:\/\/europressgroup.com\/wp-content\/uploads\/2019\/03\/Europress-Waste-compactors-1920x1280px.jpg","type":"image\/jpeg"}],"twitter_card":"summary_large_image","twitter_site":"@EPWastehandling","twitter_misc":{"Ansl. lesetid":"3 minutter"},"schema":{"@context":"https:\/\/schema.org","@graph":[{"@type":"WebPage","@id":"https:\/\/europressgroup.com\/no\/avfallskomprimatorer\/","url":"https:\/\/europressgroup.com\/no\/avfallskomprimatorer\/","name":"AVFALLSKOMPRIMATORER - Europress Group","isPartOf":{"@id":"https:\/\/europressgroup.com\/no\/#website"},"primaryImageOfPage":{"@id":"https:\/\/europressgroup.com\/no\/avfallskomprimatorer\/#primaryimage"},"image":{"@id":"https:\/\/europressgroup.com\/no\/avfallskomprimatorer\/#primaryimage"},"thumbnailUrl":"https:\/\/europressgroup.com\/wp-content\/uploads\/2019\/03\/Europress-Waste-compactors-1920x1280px.jpg","datePublished":"2019-02-26T10:49:49+00:00","dateModified":"2024-07-01T12:36:19+00:00","description":"V\u00e5rt brede sortiment av komprimatorer med SMART-systemet im\u00f8tekommer alle behov innen avfallsh\u00e5ndtering. Alle v\u00e5re produkter er ekstremt slitesterke og konstruert for tung bruk.","breadcrumb":{"@id":"https:\/\/europressgroup.com\/no\/avfallskomprimatorer\/#breadcrumb"},"inLanguage":"nb-NO","potentialAction":[{"@type":"ReadAction","target":["https:\/\/europressgroup.com\/no\/avfallskomprimatorer\/"]}]},{"@type":"ImageObject","inLanguage":"nb-NO","@id":"https:\/\/europressgroup.com\/no\/avfallskomprimatorer\/#primaryimage","url":"https:\/\/europressgroup.com\/wp-content\/uploads\/2019\/03\/Europress-Waste-compactors-1920x1280px.jpg","contentUrl":"https:\/\/europressgroup.com\/wp-content\/uploads\/2019\/03\/Europress-Waste-compactors-1920x1280px.jpg","width":1920,"height":1280,"caption":"EuroPress waste compactor"},{"@type":"BreadcrumbList","@id":"https:\/\/europressgroup.com\/no\/avfallskomprimatorer\/#breadcrumb","itemListElement":[{"@type":"ListItem","position":1,"name":"Home","item":"https:\/\/europressgroup.com\/no\/"},{"@type":"ListItem","position":2,"name":"AVFALLSKOMPRIMATORER"}]},{"@type":"WebSite","@id":"https:\/\/europressgroup.com\/no\/#website","url":"https:\/\/europressgroup.com\/no\/","name":"Europress Group","description":"Northern European leader in Environmental Technology","publisher":{"@id":"https:\/\/europressgroup.com\/no\/#organization"},"potentialAction":[{"@type":"SearchAction","target":{"@type":"EntryPoint","urlTemplate":"https:\/\/europressgroup.com\/no\/?s={search_term_string}"},"query-input":{"@type":"PropertyValueSpecification","valueRequired":true,"valueName":"search_term_string"}}],"inLanguage":"nb-NO"},{"@type":"Organization","@id":"https:\/\/europressgroup.com\/no\/#organization","name":"Europress Group","url":"https:\/\/europressgroup.com\/no\/","logo":{"@type":"ImageObject","inLanguage":"nb-NO","@id":"https:\/\/europressgroup.com\/no\/#\/schema\/logo\/image\/","url":"https:\/\/europressgroup.com\/wp-content\/uploads\/2018\/12\/Europress-logo-1.png","contentUrl":"https:\/\/europressgroup.com\/wp-content\/uploads\/2018\/12\/Europress-logo-1.png","width":478,"height":75,"caption":"Europress Group"},"image":{"@id":"https:\/\/europressgroup.com\/no\/#\/schema\/logo\/image\/"},"sameAs":["https:\/\/www.facebook.com\/europresswastehandling","https:\/\/x.com\/EPWastehandling","https:\/\/www.instagram.com\/europressgroup\/","https:\/\/www.linkedin.com\/company\/europress"],"publishingPrinciples":"https:\/\/europressgroup.com\/environment-safety-quality\/","ownershipFundingInfo":"https:\/\/europressgroup.com\/history\/","actionableFeedbackPolicy":"https:\/\/europressgroup.com\/customer-feedback\/","correctionsPolicy":"https:\/\/europressgroup.com\/customer-feedback\/","ethicsPolicy":"https:\/\/europressgroup.com\/responsibility\/"}]}},"_links":{"self":[{"href":"https:\/\/europressgroup.com\/no\/wp-json\/wp\/v2\/pages\/74119","targetHints":{"allow":["GET"]}}],"collection":[{"href":"https:\/\/europressgroup.com\/no\/wp-json\/wp\/v2\/pages"}],"about":[{"href":"https:\/\/europressgroup.com\/no\/wp-json\/wp\/v2\/types\/page"}],"author":[{"embeddable":true,"href":"https:\/\/europressgroup.com\/no\/wp-json\/wp\/v2\/users\/25"}],"replies":[{"embeddable":true,"href":"https:\/\/europressgroup.com\/no\/wp-json\/wp\/v2\/comments?post=74119"}],"version-history":[{"count":8,"href":"https:\/\/europressgroup.com\/no\/wp-json\/wp\/v2\/pages\/74119\/revisions"}],"predecessor-version":[{"id":140863,"href":"https:\/\/europressgroup.com\/no\/wp-json\/wp\/v2\/pages\/74119\/revisions\/140863"}],"wp:featuredmedia":[{"embeddable":true,"href":"https:\/\/europressgroup.com\/no\/wp-json\/wp\/v2\/media\/74120"}],"wp:attachment":[{"href":"https:\/\/europressgroup.com\/no\/wp-json\/wp\/v2\/media?parent=74119"}],"curies":[{"name":"wp","href":"https:\/\/api.w.org\/{rel}","templated":true}]}}