{"id":74109,"date":"2019-02-26T14:04:35","date_gmt":"2019-02-26T12:04:35","guid":{"rendered":"https:\/\/europressgroup.com\/company\/"},"modified":"2025-05-05T15:09:31","modified_gmt":"2025-05-05T12:09:31","slug":"selskapet","status":"publish","type":"page","link":"https:\/\/europressgroup.com\/no\/selskapet\/","title":{"rendered":"SELSKAPET"},"content":{"rendered":"<div class=\"wpb-content-wrapper\"><p>[vc_row row_height_percent=&raquo;0&#8243; override_padding=&raquo;yes&raquo; h_padding=&raquo;2&#8243; top_padding=&raquo;3&#8243; bottom_padding=&raquo;3&#8243; back_color=&raquo;color-xsdn&raquo; overlay_alpha=&raquo;100&#8243; gutter_size=&raquo;100&#8243; column_width_percent=&raquo;100&#8243; shift_y=&raquo;0&#8243; z_index=&raquo;0&#8243; style=&raquo;dark&raquo; row_name=&raquo;Design &amp; Quality&raquo;][vc_column column_width_use_pixel=&raquo;yes&raquo; align_horizontal=&raquo;align_center&raquo; gutter_size=&raquo;3&#8243; overlay_alpha=&raquo;100&#8243; shift_x=&raquo;0&#8243; shift_y=&raquo;0&#8243; medium_width=&raquo;0&#8243; zoom_width=&raquo;0&#8243; zoom_height=&raquo;0&#8243; width=&raquo;1\/1&#8243; column_width_pixel=&raquo;800&#8243;][vc_custom_heading text_transform=&raquo;uppercase&raquo; separator_color=&raquo;yes&raquo; separator=&raquo;yes&raquo; sub_lead=&raquo;yes&raquo; sub_reduced=&raquo;yes&raquo;]NORD-EUROPAS LEDENDE PRODUSENT AV AVFALLSKOMPRIMATORER OG -PRESSER[\/vc_custom_heading][vc_column_text]Europress ble grunnlagt p\u00e5 1970-tallet og er i dag Nord-Europas ledende produsent av avfallskomprimatorer og -presser. Etter over 40 \u00e5r gj\u00f8r Europress fremdeles sitt inntog i nye land med sine moderne produkter og f\u00f8rsteklasses tjenester. Europress har gjennom \u00e5renes l\u00f8p knyttet til seg en rekke fagfolk og eksperter, og sammen har vi utviklet helt nye produkter, innovative l\u00f8sninger og et omfattende servicetilbud. Vi skaper nytt og viser vei til andre akt\u00f8rer i v\u00e5r bransje.[\/vc_column_text][\/vc_column][\/vc_row][vc_row unlock_row_content=&raquo;yes&raquo; row_height_percent=&raquo;60&#8243; override_padding=&raquo;yes&raquo; h_padding=&raquo;0&#8243; top_padding=&raquo;0&#8243; bottom_padding=&raquo;0&#8243; back_color=&raquo;color-xsdn&raquo; overlay_alpha=&raquo;50&#8243; equal_height=&raquo;yes&raquo; gutter_size=&raquo;0&#8243; column_width_percent=&raquo;100&#8243; shift_y=&raquo;0&#8243; z_index=&raquo;0&#8243;][vc_column column_width_percent=&raquo;100&#8243; gutter_size=&raquo;3&#8243; back_image=&raquo;73320&#8243; overlay_alpha=&raquo;50&#8243; shift_x=&raquo;0&#8243; shift_y=&raquo;0&#8243; shift_y_down=&raquo;0&#8243; z_index=&raquo;0&#8243; medium_width=&raquo;0&#8243; mobile_width=&raquo;0&#8243; width=&raquo;1\/2&#8243;][\/vc_column][vc_column column_width_percent=&raquo;100&#8243; position_vertical=&raquo;middle&raquo; gutter_size=&raquo;3&#8243; override_padding=&raquo;yes&raquo; column_padding=&raquo;4&#8243; back_color=&raquo;color-xsdn&raquo; overlay_alpha=&raquo;50&#8243; shift_x=&raquo;0&#8243; shift_y=&raquo;0&#8243; shift_y_down=&raquo;0&#8243; z_index=&raquo;0&#8243; medium_width=&raquo;0&#8243; mobile_width=&raquo;0&#8243; width=&raquo;1\/2&#8243;][vc_custom_heading heading_semantic=&raquo;h3&#8243; text_size=&raquo;h3&#8243; text_transform=&raquo;uppercase&raquo; separator_color=&raquo;yes&raquo; separator=&raquo;yes&raquo;]SMART OG REN TEKNOLOGI FOR EN B\u00c6REKRAFTIG FREMTID[\/vc_custom_heading][vc_column_text]Et sunt milj\u00f8, \u00f8konomisk stabilitet og p\u00e5litelighet er v\u00e5re styrker. Med det som grunnlag garanterer vi kontinuiteten v\u00e5re kunder trenger for \u00e5 oppn\u00e5 en effektiv avfallsbehandling og h\u00f8yest mulige gjenvinningsm\u00e5l. Europress har som m\u00e5l \u00e5 v\u00e6re en ansvarlig pioner i utviklingen av intelligent gjenvinningsteknologi. Dette representeres av Europress SMART-familien av komprimatorer og avfallspresser.[\/vc_column_text][\/vc_column][\/vc_row][vc_row unlock_row_content=&raquo;yes&raquo; row_height_percent=&raquo;60&#8243; override_padding=&raquo;yes&raquo; h_padding=&raquo;0&#8243; top_padding=&raquo;0&#8243; bottom_padding=&raquo;0&#8243; back_color=&raquo;color-xsdn&raquo; overlay_alpha=&raquo;50&#8243; equal_height=&raquo;yes&raquo; gutter_size=&raquo;0&#8243; column_width_percent=&raquo;100&#8243; shift_y=&raquo;0&#8243; z_index=&raquo;0&#8243;][vc_column column_width_percent=&raquo;100&#8243; position_vertical=&raquo;middle&raquo; gutter_size=&raquo;3&#8243; override_padding=&raquo;yes&raquo; column_padding=&raquo;4&#8243; back_color=&raquo;color-xsdn&raquo; overlay_alpha=&raquo;50&#8243; shift_x=&raquo;0&#8243; shift_y=&raquo;0&#8243; shift_y_down=&raquo;0&#8243; z_index=&raquo;0&#8243; medium_width=&raquo;0&#8243; mobile_width=&raquo;0&#8243; width=&raquo;1\/2&#8243;][vc_custom_heading heading_semantic=&raquo;h3&#8243; text_size=&raquo;h3&#8243; text_transform=&raquo;uppercase&raquo; separator_color=&raquo;yes&raquo; separator=&raquo;yes&raquo;]GRUPPEN[\/vc_custom_heading][vc_column_text uncode_shortcode_id=&raquo;607916&#8243;]Moderselskapet Europress Group Oy er basert i Finland, og i tillegg til \u00e5 v\u00e6re ansvarlige for gruppens administrasjon, utvikling og vekststrategi har de ogs\u00e5 ansvar for produksjon, salg, tjenester og service i Finland.<\/p>\n<p>Datterselskapet Europress AB har ansvar for salg og service i Sverige, mens Europress AS st\u00e5r for det samme i Norge. Europress Poland, som er ble stiftet i 2019, er det siste datterselskapet i Europress Group. De tilbyr salgstjenester, service og kundest\u00f8tte i og rundt Polen.[\/vc_column_text][\/vc_column][vc_column column_width_percent=&raquo;100&#8243; gutter_size=&raquo;3&#8243; back_image=&raquo;105940&#8243; overlay_alpha=&raquo;50&#8243; shift_x=&raquo;0&#8243; shift_y=&raquo;0&#8243; shift_y_down=&raquo;0&#8243; z_index=&raquo;0&#8243; medium_width=&raquo;0&#8243; mobile_width=&raquo;0&#8243; width=&raquo;1\/2&#8243;][\/vc_column][\/vc_row][vc_row row_height_percent=&raquo;0&#8243; override_padding=&raquo;yes&raquo; h_padding=&raquo;2&#8243; top_padding=&raquo;3&#8243; bottom_padding=&raquo;0&#8243; back_color=&raquo;color-xsdn&raquo; overlay_alpha=&raquo;100&#8243; gutter_size=&raquo;100&#8243; column_width_percent=&raquo;100&#8243; shift_y=&raquo;0&#8243; z_index=&raquo;0&#8243; style=&raquo;dark&raquo; row_name=&raquo;Design &amp; Quality&raquo;][vc_column column_width_use_pixel=&raquo;yes&raquo; align_horizontal=&raquo;align_center&raquo; gutter_size=&raquo;3&#8243; overlay_alpha=&raquo;100&#8243; shift_x=&raquo;0&#8243; shift_y=&raquo;0&#8243; medium_width=&raquo;0&#8243; zoom_width=&raquo;0&#8243; zoom_height=&raquo;0&#8243; width=&raquo;1\/1&#8243; column_width_pixel=&raquo;800&#8243;][vc_custom_heading text_transform=&raquo;uppercase&raquo; separator_color=&raquo;yes&raquo; separator=&raquo;yes&raquo; sub_lead=&raquo;yes&raquo; sub_reduced=&raquo;yes&raquo;]KJERNEVERDIER[\/vc_custom_heading][\/vc_column][\/vc_row][vc_row row_height_percent=&raquo;0&#8243; override_padding=&raquo;yes&raquo; h_padding=&raquo;2&#8243; top_padding=&raquo;3&#8243; bottom_padding=&raquo;3&#8243; back_color=&raquo;color-xsdn&raquo; overlay_alpha=&raquo;100&#8243; gutter_size=&raquo;100&#8243; column_width_percent=&raquo;100&#8243; shift_y=&raquo;0&#8243; z_index=&raquo;0&#8243; style=&raquo;dark&raquo; row_name=&raquo;Design &amp; Quality&raquo;][vc_column column_width_use_pixel=&raquo;yes&raquo; align_horizontal=&raquo;align_center&raquo; gutter_size=&raquo;3&#8243; overlay_alpha=&raquo;100&#8243; shift_x=&raquo;0&#8243; shift_y=&raquo;0&#8243; medium_width=&raquo;0&#8243; zoom_width=&raquo;0&#8243; zoom_height=&raquo;0&#8243; width=&raquo;1\/3&#8243; column_width_pixel=&raquo;800&#8243;][vc_column_text]<\/p>\n<h4 style=\"text-align: center;\">B\u00c6REKRAFT OG ANSVARLIGHET<\/h4>\n<p style=\"text-align: center;\">En sirkul\u00e6r \u00f8konomi er et utfordrende m\u00e5l. Vi mener at alle selskaper b\u00f8r jobbe sammen for en ren, b\u00e6rekraftig klode. Europress ble grunnlagt som et familieforetak og er bygget med tanke p\u00e5 fremtidige generasjoner. B\u00e6rekraft er en av kjerneverdiene v\u00e5re og ligger til grunn for v\u00e5r daglige drift.<\/p>\n<p>[\/vc_column_text][\/vc_column][vc_column width=&raquo;1\/3&#8243;][vc_column_text]<\/p>\n<h4 style=\"text-align: center;\">TEKNISK LEDERSKAP OG INNOVASJON<\/h4>\n<p style=\"text-align: center;\">Vi har v\u00e6rt en banebrytende innovat\u00f8r siden 1970-tallet. V\u00e5re nye smartteknologier hjelper kundene til en mer effektiv og fleksibel avfallsh\u00e5ndtering. Vi utvikler kontinuerlig nye og bedre l\u00f8sninger til nytte for kundene v\u00e5re.<\/p>\n<p>[\/vc_column_text][\/vc_column][vc_column width=&raquo;1\/3&#8243;][vc_column_text]<\/p>\n<h4 style=\"text-align: center;\">INSPIRASJON OG MOTIVASJON<\/h4>\n<p style=\"text-align: center;\">Vi \u00f8nsker alltid \u00e5 levere best mulig kvalitet og g\u00e5 foran som et godt eksempel. Vi vil inspirere og motivere b\u00e5de folk og bedrifter til \u00e5 v\u00e6re ansvarlige og b\u00e6rekraftige. V\u00e5rt m\u00e5l er lage produkter som er enkle, trygge og effektive \u00e5 bruke, og som fremmer en sirkul\u00e6r \u00f8konomi.<\/p>\n<p>[\/vc_column_text][\/vc_column][\/vc_row][vc_row row_height_percent=&raquo;0&#8243; override_padding=&raquo;yes&raquo; h_padding=&raquo;2&#8243; top_padding=&raquo;0&#8243; bottom_padding=&raquo;3&#8243; back_color=&raquo;color-xsdn&raquo; overlay_alpha=&raquo;100&#8243; gutter_size=&raquo;100&#8243; column_width_percent=&raquo;100&#8243; shift_y=&raquo;0&#8243; z_index=&raquo;0&#8243; style=&raquo;dark&raquo; row_name=&raquo;Design &amp; Quality&raquo; uncode_shortcode_id=&raquo;204968&#8243; back_color_type=&raquo;uncode-palette&raquo;][vc_column column_width_use_pixel=&raquo;yes&raquo; align_horizontal=&raquo;align_center&raquo; gutter_size=&raquo;3&#8243; overlay_alpha=&raquo;100&#8243; shift_x=&raquo;0&#8243; shift_y=&raquo;0&#8243; shift_y_down=&raquo;0&#8243; z_index=&raquo;0&#8243; medium_width=&raquo;0&#8243; mobile_width=&raquo;0&#8243; zoom_width=&raquo;0&#8243; zoom_height=&raquo;0&#8243; width=&raquo;1\/4&#8243; column_width_pixel=&raquo;800&#8243; uncode_shortcode_id=&raquo;144179&#8243;][vc_single_image media=&raquo;105297&#8243; media_width_percent=&raquo;70&#8243; alignment=&raquo;center&raquo; media_link=&raquo;url:https%3A%2F%2Fwww.dnvgl.fi%2Fservices%2Fiso-14001-ymparistojarjestelma-3360|||&raquo; uncode_shortcode_id=&raquo;323251&#8243;][vc_single_image media=&raquo;105270&#8243; media_width_percent=&raquo;70&#8243; alignment=&raquo;center&raquo;][\/vc_column][vc_column width=&raquo;3\/4&#8243;][vc_custom_heading text_transform=&raquo;uppercase&raquo; separator_color=&raquo;yes&raquo; separator=&raquo;yes&raquo; sub_lead=&raquo;yes&raquo; sub_reduced=&raquo;yes&raquo; uncode_shortcode_id=&raquo;155498&#8243;]RETNINGSLINJER FOR KLIMA OG KVALITET[\/vc_custom_heading][vc_column_text uncode_shortcode_id=&raquo;845083&#8243;]<\/p>\n<h2>Retningslinjer for klima<\/h2>\n<p>M\u00e5let med Europress Group sin virksomhet er \u00e5 fremme b\u00e6rekraftig utvikling ved \u00e5 produsere, selge og vedlikeholde milj\u00f8vennlige helhetsl\u00f8sninger for avfallsh\u00e5ndtering.<\/p>\n<p>Ved hjelp av v\u00e5re avfallskomprimatorer og avfallsballepresser med smartteknologi \u00f8nsker vi \u00e5 legge til rette for sortering og gjenvinning, samt \u00e5 redusere utslipp fra avfallstransport og vedlikehold av utstyr. Vi f\u00f8lger alltid EUs avfallshierarki og prioriteringsrekkef\u00f8lge der det er mulig, b\u00e5de i planleggingen av avfallsh\u00e5ndteringsl\u00f8sninger for kundene v\u00e5re og i v\u00e5r egen virksomhet.<\/p>\n<p>Vi er hele tiden i gang med \u00e5 utvikle produksjonen og vedlikeholdstjenetene v\u00e5re, slik at vi kan redusere milj\u00f8belastningen v\u00e5r og \u00f8ke de positive milj\u00f8effektene av produktene v\u00e5re. Vi arbeider ogs\u00e5 med \u00e5 etablere milj\u00f8vennlige driftsmodeller i samarbeid med v\u00e5re partnere.<\/p>\n<p>For \u00e5 n\u00e5 disse m\u00e5lene investerer vi i v\u00e5re ansattes generelle milj\u00f8kompetanse, deres faglige kompetanse innenfor produksjon og vedlikehold av utstyr, samt deres omfattende kompetanse innenfor planlegging av avfallsh\u00e5ndteringsl\u00f8sninger.[\/vc_column_text][vc_column_text uncode_shortcode_id=&raquo;882720&#8243;]<\/p>\n<h2>Retningslinjer for kvalitet<\/h2>\n<p>Kundetilfredshet er kjernen i v\u00e5r virksomhet. Vi driver kontinuerlig utvikling av v\u00e5re produkter og tjenester basert p\u00e5 kundenes erfaringer og v\u00e5re egne innovasjoner. I tillegg har vi som m\u00e5l \u00e5 v\u00e6re den fremste teknologiske akt\u00f8ren p\u00e5 markedet.<\/p>\n<p>I kvalitetsutviklingen bruker vi ledelsesfilosofien LEAN i kombinasjon med ulike metoder for \u00e5 oppn\u00e5 kontinuerlig forbedring. Vi opererer p\u00e5 ansvarlig m\u00e5te i samsvar med alle lover og forskrifter for \u00e5 oppfylle kvalitetskravene til kundene v\u00e5re. Vi standardiserer driften for \u00e5 sikre h\u00f8y og jevn kvalitet. Vi m\u00e5ler suksess og reagerer raskt p\u00e5 endringer.<\/p>\n<p>Sikkerheten til v\u00e5re ansatte er av st\u00f8rste betydning for oss. Vi identifiserer farer i arbeidsmilj\u00f8et og minimerer risikoen. Vi mener at sikkerhet og kvalitet g\u00e5r h\u00e5nd i h\u00e5nd. Valgene v\u00e5re styres av omtanke for milj\u00f8et.<\/p>\n<p>Vi utdanner medarbeiderne v\u00e5re slik at de kjenner virksomheten og m\u00e5lene v\u00e5re, samtidig som de tar ansvar og leverer god kundeservice. Vi utnytter medarbeidernes utviklingspotensial og inspirasjon. Vi s\u00f8rger for \u00e5 bringe kompetansen videre og gj\u00f8r bruk av beste praksis.[\/vc_column_text][vc_separator sep_color=&raquo;,Default&raquo;][vc_column_text uncode_shortcode_id=&raquo;132327&#8243;]<\/p>\n<h1><strong>\u00c5PENHETSLOVEN<\/strong><\/h1>\n<p>Europress AS og resten av Europress-konsernet tilstreber \u00e5 gjennomf\u00f8re \u00e5rlige aktsomhetsvurderinger b\u00e5de internt og i v\u00e5re leverand\u00f8rkjeder. Vi jobber kontinuerlig med \u00e5 identifisere risiko innenfor menneskerettigheter, anstendige arbeidsforhold og retten til \u00e5 organisere seg, milj\u00f8- og milj\u00f8p\u00e5virkning og korrupsjon\/forretningsskikk.<\/p>\n<p>Vi har forankret v\u00e5re verdier, og hvordan vi jobber for \u00e5 p\u00e5virke, i v\u00e5rt styringsdokument Europress Impact. Vi gj\u00f8r leverand\u00f8rrevisjoner mot v\u00e5r sentrale leverand\u00f8rer og samarbeidspartnere hvor vi aktivt s\u00f8ker risikoomr\u00e5der \u2013 og vi vil ved funn av risiko aktivt gj\u00f8re tiltak for \u00e5 drive ting i riktig retning.<\/p>\n<p>Europress Group Oy har valgt \u00e5 starte implementeringen av aktsomhetsvurderinger i alle v\u00e5re operasjoner og markeder i 2023, til tross for at det kun er lovp\u00e5lagt i v\u00e5rt norske datterselskap.<\/p>\n<p><a href=\"https:\/\/europressgroup.com\/wp-content\/uploads\/2023\/06\/Transparency-act-10.05.23.pdf\"><strong>Europress Impact <\/strong><\/a><\/p>\n<p><strong><a href=\"https:\/\/europressgroup.com\/wp-content\/uploads\/2025\/05\/Europress-AS-Redegjorelse-Apenhetsloven-2025-1.pdf\">Redegj\u00f8relse for 2025\/2026<\/a><\/strong>[\/vc_column_text][\/vc_column][\/vc_row][vc_row][vc_column width=&raquo;1\/1&#8243;][uncode_block id=&raquo;73192&#8243;][\/vc_column][\/vc_row]<\/p>\n<\/div>","protected":false},"excerpt":{"rendered":"<p>[vc_row row_height_percent=&raquo;0&#8243; override_padding=&raquo;yes&raquo; h_padding=&raquo;2&#8243; top_padding=&raquo;3&#8243; bottom_padding=&raquo;3&#8243; back_color=&raquo;color-xsdn&raquo; overlay_alpha=&raquo;100&#8243; gutter_size=&raquo;100&#8243; column_width_percent=&raquo;100&#8243; shift_y=&raquo;0&#8243; z_index=&raquo;0&#8243; style=&raquo;dark&raquo; row_name=&raquo;Design &amp; Quality&raquo;][vc_column column_width_use_pixel=&raquo;yes&raquo; align_horizontal=&raquo;align_center&raquo; gutter_size=&raquo;3&#8243; overlay_alpha=&raquo;100&#8243; [&hellip;]<\/p>\n","protected":false},"author":25,"featured_media":72856,"parent":0,"menu_order":0,"comment_status":"closed","ping_status":"closed","template":"","meta":{"footnotes":""},"class_list":["post-74109","page","type-page","status-publish","has-post-thumbnail","hentry"],"yoast_head":"<!-- This site is optimized with the Yoast SEO Premium plugin v27.3 (Yoast SEO v27.3) - https:\/\/yoast.com\/product\/yoast-seo-premium-wordpress\/ -->\n<title>SELSKAPET - Europress Group<\/title>\n<meta name=\"robots\" content=\"index, follow, max-snippet:-1, max-image-preview:large, max-video-preview:-1\" \/>\n<link rel=\"canonical\" href=\"https:\/\/europressgroup.com\/no\/selskapet\/\" \/>\n<meta property=\"og:locale\" content=\"nb_NO\" \/>\n<meta property=\"og:type\" content=\"article\" \/>\n<meta property=\"og:title\" content=\"SELSKAPET\" \/>\n<meta property=\"og:description\" content=\"NORD-EUROPAS LEDENDE PRODUSENT AV AVFALLSKOMPRIMATORER OG -PRESSEREuropress ble grunnlagt p\u00e5 1970-tallet og er i dag Nord-Europas ledende produsent av\" \/>\n<meta property=\"og:url\" content=\"https:\/\/europressgroup.com\/no\/selskapet\/\" \/>\n<meta property=\"og:site_name\" content=\"Europress Group\" \/>\n<meta property=\"article:publisher\" content=\"https:\/\/www.facebook.com\/europresswastehandling\" \/>\n<meta property=\"article:modified_time\" content=\"2025-05-05T12:09:31+00:00\" \/>\n<meta property=\"og:image\" content=\"https:\/\/europressgroup.com\/wp-content\/uploads\/2015\/07\/Factory-expansion-sign.jpg\" \/>\n\t<meta property=\"og:image:width\" content=\"1920\" \/>\n\t<meta property=\"og:image:height\" content=\"1280\" \/>\n\t<meta property=\"og:image:type\" content=\"image\/jpeg\" \/>\n<meta name=\"twitter:card\" content=\"summary_large_image\" \/>\n<meta name=\"twitter:site\" content=\"@EPWastehandling\" \/>\n<meta name=\"twitter:label1\" content=\"Ansl. lesetid\" \/>\n\t<meta name=\"twitter:data1\" content=\"6 minutter\" \/>\n<script type=\"application\/ld+json\" class=\"yoast-schema-graph\">{\"@context\":\"https:\\\/\\\/schema.org\",\"@graph\":[{\"@type\":\"WebPage\",\"@id\":\"https:\\\/\\\/europressgroup.com\\\/no\\\/selskapet\\\/\",\"url\":\"https:\\\/\\\/europressgroup.com\\\/no\\\/selskapet\\\/\",\"name\":\"SELSKAPET - Europress Group\",\"isPartOf\":{\"@id\":\"https:\\\/\\\/europressgroup.com\\\/no\\\/#website\"},\"primaryImageOfPage\":{\"@id\":\"https:\\\/\\\/europressgroup.com\\\/no\\\/selskapet\\\/#primaryimage\"},\"image\":{\"@id\":\"https:\\\/\\\/europressgroup.com\\\/no\\\/selskapet\\\/#primaryimage\"},\"thumbnailUrl\":\"https:\\\/\\\/europressgroup.com\\\/wp-content\\\/uploads\\\/2015\\\/07\\\/Factory-expansion-sign.jpg\",\"datePublished\":\"2019-02-26T12:04:35+00:00\",\"dateModified\":\"2025-05-05T12:09:31+00:00\",\"breadcrumb\":{\"@id\":\"https:\\\/\\\/europressgroup.com\\\/no\\\/selskapet\\\/#breadcrumb\"},\"inLanguage\":\"nb-NO\",\"potentialAction\":[{\"@type\":\"ReadAction\",\"target\":[\"https:\\\/\\\/europressgroup.com\\\/no\\\/selskapet\\\/\"]}]},{\"@type\":\"ImageObject\",\"inLanguage\":\"nb-NO\",\"@id\":\"https:\\\/\\\/europressgroup.com\\\/no\\\/selskapet\\\/#primaryimage\",\"url\":\"https:\\\/\\\/europressgroup.com\\\/wp-content\\\/uploads\\\/2015\\\/07\\\/Factory-expansion-sign.jpg\",\"contentUrl\":\"https:\\\/\\\/europressgroup.com\\\/wp-content\\\/uploads\\\/2015\\\/07\\\/Factory-expansion-sign.jpg\",\"width\":1920,\"height\":1280},{\"@type\":\"BreadcrumbList\",\"@id\":\"https:\\\/\\\/europressgroup.com\\\/no\\\/selskapet\\\/#breadcrumb\",\"itemListElement\":[{\"@type\":\"ListItem\",\"position\":1,\"name\":\"Home\",\"item\":\"https:\\\/\\\/europressgroup.com\\\/no\\\/\"},{\"@type\":\"ListItem\",\"position\":2,\"name\":\"SELSKAPET\"}]},{\"@type\":\"WebSite\",\"@id\":\"https:\\\/\\\/europressgroup.com\\\/no\\\/#website\",\"url\":\"https:\\\/\\\/europressgroup.com\\\/no\\\/\",\"name\":\"Europress Group\",\"description\":\"Northern European leader in Environmental Technology\",\"publisher\":{\"@id\":\"https:\\\/\\\/europressgroup.com\\\/no\\\/#organization\"},\"potentialAction\":[{\"@type\":\"SearchAction\",\"target\":{\"@type\":\"EntryPoint\",\"urlTemplate\":\"https:\\\/\\\/europressgroup.com\\\/no\\\/?s={search_term_string}\"},\"query-input\":{\"@type\":\"PropertyValueSpecification\",\"valueRequired\":true,\"valueName\":\"search_term_string\"}}],\"inLanguage\":\"nb-NO\"},{\"@type\":\"Organization\",\"@id\":\"https:\\\/\\\/europressgroup.com\\\/no\\\/#organization\",\"name\":\"Europress Group\",\"url\":\"https:\\\/\\\/europressgroup.com\\\/no\\\/\",\"logo\":{\"@type\":\"ImageObject\",\"inLanguage\":\"nb-NO\",\"@id\":\"https:\\\/\\\/europressgroup.com\\\/no\\\/#\\\/schema\\\/logo\\\/image\\\/\",\"url\":\"https:\\\/\\\/europressgroup.com\\\/wp-content\\\/uploads\\\/2018\\\/12\\\/Europress-logo-1.png\",\"contentUrl\":\"https:\\\/\\\/europressgroup.com\\\/wp-content\\\/uploads\\\/2018\\\/12\\\/Europress-logo-1.png\",\"width\":478,\"height\":75,\"caption\":\"Europress Group\"},\"image\":{\"@id\":\"https:\\\/\\\/europressgroup.com\\\/no\\\/#\\\/schema\\\/logo\\\/image\\\/\"},\"sameAs\":[\"https:\\\/\\\/www.facebook.com\\\/europresswastehandling\",\"https:\\\/\\\/x.com\\\/EPWastehandling\",\"https:\\\/\\\/www.instagram.com\\\/europressgroup\\\/\",\"https:\\\/\\\/www.linkedin.com\\\/company\\\/europress\"],\"publishingPrinciples\":\"https:\\\/\\\/europressgroup.com\\\/environment-safety-quality\\\/\",\"ownershipFundingInfo\":\"https:\\\/\\\/europressgroup.com\\\/history\\\/\",\"actionableFeedbackPolicy\":\"https:\\\/\\\/europressgroup.com\\\/customer-feedback\\\/\",\"correctionsPolicy\":\"https:\\\/\\\/europressgroup.com\\\/customer-feedback\\\/\",\"ethicsPolicy\":\"https:\\\/\\\/europressgroup.com\\\/responsibility\\\/\"}]}<\/script>\n<!-- \/ Yoast SEO Premium plugin. -->","yoast_head_json":{"title":"SELSKAPET - Europress Group","robots":{"index":"index","follow":"follow","max-snippet":"max-snippet:-1","max-image-preview":"max-image-preview:large","max-video-preview":"max-video-preview:-1"},"canonical":"https:\/\/europressgroup.com\/no\/selskapet\/","og_locale":"nb_NO","og_type":"article","og_title":"SELSKAPET","og_description":"NORD-EUROPAS LEDENDE PRODUSENT AV AVFALLSKOMPRIMATORER OG -PRESSEREuropress ble grunnlagt p\u00e5 1970-tallet og er i dag Nord-Europas ledende produsent av","og_url":"https:\/\/europressgroup.com\/no\/selskapet\/","og_site_name":"Europress Group","article_publisher":"https:\/\/www.facebook.com\/europresswastehandling","article_modified_time":"2025-05-05T12:09:31+00:00","og_image":[{"width":1920,"height":1280,"url":"https:\/\/europressgroup.com\/wp-content\/uploads\/2015\/07\/Factory-expansion-sign.jpg","type":"image\/jpeg"}],"twitter_card":"summary_large_image","twitter_site":"@EPWastehandling","twitter_misc":{"Ansl. lesetid":"6 minutter"},"schema":{"@context":"https:\/\/schema.org","@graph":[{"@type":"WebPage","@id":"https:\/\/europressgroup.com\/no\/selskapet\/","url":"https:\/\/europressgroup.com\/no\/selskapet\/","name":"SELSKAPET - Europress Group","isPartOf":{"@id":"https:\/\/europressgroup.com\/no\/#website"},"primaryImageOfPage":{"@id":"https:\/\/europressgroup.com\/no\/selskapet\/#primaryimage"},"image":{"@id":"https:\/\/europressgroup.com\/no\/selskapet\/#primaryimage"},"thumbnailUrl":"https:\/\/europressgroup.com\/wp-content\/uploads\/2015\/07\/Factory-expansion-sign.jpg","datePublished":"2019-02-26T12:04:35+00:00","dateModified":"2025-05-05T12:09:31+00:00","breadcrumb":{"@id":"https:\/\/europressgroup.com\/no\/selskapet\/#breadcrumb"},"inLanguage":"nb-NO","potentialAction":[{"@type":"ReadAction","target":["https:\/\/europressgroup.com\/no\/selskapet\/"]}]},{"@type":"ImageObject","inLanguage":"nb-NO","@id":"https:\/\/europressgroup.com\/no\/selskapet\/#primaryimage","url":"https:\/\/europressgroup.com\/wp-content\/uploads\/2015\/07\/Factory-expansion-sign.jpg","contentUrl":"https:\/\/europressgroup.com\/wp-content\/uploads\/2015\/07\/Factory-expansion-sign.jpg","width":1920,"height":1280},{"@type":"BreadcrumbList","@id":"https:\/\/europressgroup.com\/no\/selskapet\/#breadcrumb","itemListElement":[{"@type":"ListItem","position":1,"name":"Home","item":"https:\/\/europressgroup.com\/no\/"},{"@type":"ListItem","position":2,"name":"SELSKAPET"}]},{"@type":"WebSite","@id":"https:\/\/europressgroup.com\/no\/#website","url":"https:\/\/europressgroup.com\/no\/","name":"Europress Group","description":"Northern European leader in Environmental Technology","publisher":{"@id":"https:\/\/europressgroup.com\/no\/#organization"},"potentialAction":[{"@type":"SearchAction","target":{"@type":"EntryPoint","urlTemplate":"https:\/\/europressgroup.com\/no\/?s={search_term_string}"},"query-input":{"@type":"PropertyValueSpecification","valueRequired":true,"valueName":"search_term_string"}}],"inLanguage":"nb-NO"},{"@type":"Organization","@id":"https:\/\/europressgroup.com\/no\/#organization","name":"Europress Group","url":"https:\/\/europressgroup.com\/no\/","logo":{"@type":"ImageObject","inLanguage":"nb-NO","@id":"https:\/\/europressgroup.com\/no\/#\/schema\/logo\/image\/","url":"https:\/\/europressgroup.com\/wp-content\/uploads\/2018\/12\/Europress-logo-1.png","contentUrl":"https:\/\/europressgroup.com\/wp-content\/uploads\/2018\/12\/Europress-logo-1.png","width":478,"height":75,"caption":"Europress Group"},"image":{"@id":"https:\/\/europressgroup.com\/no\/#\/schema\/logo\/image\/"},"sameAs":["https:\/\/www.facebook.com\/europresswastehandling","https:\/\/x.com\/EPWastehandling","https:\/\/www.instagram.com\/europressgroup\/","https:\/\/www.linkedin.com\/company\/europress"],"publishingPrinciples":"https:\/\/europressgroup.com\/environment-safety-quality\/","ownershipFundingInfo":"https:\/\/europressgroup.com\/history\/","actionableFeedbackPolicy":"https:\/\/europressgroup.com\/customer-feedback\/","correctionsPolicy":"https:\/\/europressgroup.com\/customer-feedback\/","ethicsPolicy":"https:\/\/europressgroup.com\/responsibility\/"}]}},"_links":{"self":[{"href":"https:\/\/europressgroup.com\/no\/wp-json\/wp\/v2\/pages\/74109","targetHints":{"allow":["GET"]}}],"collection":[{"href":"https:\/\/europressgroup.com\/no\/wp-json\/wp\/v2\/pages"}],"about":[{"href":"https:\/\/europressgroup.com\/no\/wp-json\/wp\/v2\/types\/page"}],"author":[{"embeddable":true,"href":"https:\/\/europressgroup.com\/no\/wp-json\/wp\/v2\/users\/25"}],"replies":[{"embeddable":true,"href":"https:\/\/europressgroup.com\/no\/wp-json\/wp\/v2\/comments?post=74109"}],"version-history":[{"count":20,"href":"https:\/\/europressgroup.com\/no\/wp-json\/wp\/v2\/pages\/74109\/revisions"}],"predecessor-version":[{"id":153237,"href":"https:\/\/europressgroup.com\/no\/wp-json\/wp\/v2\/pages\/74109\/revisions\/153237"}],"wp:featuredmedia":[{"embeddable":true,"href":"https:\/\/europressgroup.com\/no\/wp-json\/wp\/v2\/media\/72856"}],"wp:attachment":[{"href":"https:\/\/europressgroup.com\/no\/wp-json\/wp\/v2\/media?parent=74109"}],"curies":[{"name":"wp","href":"https:\/\/api.w.org\/{rel}","templated":true}]}}