{"id":74103,"date":"2019-02-26T14:27:04","date_gmt":"2019-02-26T12:27:04","guid":{"rendered":"https:\/\/europressgroup.com\/balex-balers\/"},"modified":"2024-07-18T15:00:54","modified_gmt":"2024-07-18T12:00:54","slug":"balex-emballasjepresser","status":"publish","type":"page","link":"https:\/\/europressgroup.com\/no\/balex-emballasjepresser\/","title":{"rendered":"BALEX\u00ae EMBALLASJEPRESSER"},"content":{"rendered":"<div class=\"wpb-content-wrapper\"><p>[vc_row row_height_percent=&raquo;0&#8243; override_padding=&raquo;yes&raquo; h_padding=&raquo;2&#8243; top_padding=&raquo;3&#8243; bottom_padding=&raquo;3&#8243; back_color=&raquo;color-gyho&raquo; overlay_alpha=&raquo;100&#8243; gutter_size=&raquo;100&#8243; column_width_percent=&raquo;100&#8243; shift_y=&raquo;0&#8243; z_index=&raquo;0&#8243; style=&raquo;dark&raquo; row_name=&raquo;Design &amp; Quality&raquo;][vc_column column_width_use_pixel=&raquo;yes&raquo; align_horizontal=&raquo;align_center&raquo; gutter_size=&raquo;3&#8243; overlay_alpha=&raquo;100&#8243; shift_x=&raquo;0&#8243; shift_y=&raquo;0&#8243; medium_width=&raquo;0&#8243; zoom_width=&raquo;0&#8243; zoom_height=&raquo;0&#8243; width=&raquo;1\/1&#8243; column_width_pixel=&raquo;800&#8243;][vc_custom_heading text_transform=&raquo;uppercase&raquo; separator_color=&raquo;yes&raquo; separator=&raquo;yes&raquo; sub_reduced=&raquo;yes&raquo; subheading=&raquo;Emballasjepresser er perfekte hvis du har begrenset plass eller mindre avfallsvolumer.&raquo;]<strong>BALEX\u00ae EMBALLASJEPRESSER FOR PAPIR, PAPP, TEKSTIL, PLAST OG ANNET AVFALL<\/strong>[\/vc_custom_heading][\/vc_column][\/vc_row][vc_row row_height_percent=&raquo;0&#8243; override_padding=&raquo;yes&raquo; h_padding=&raquo;2&#8243; top_padding=&raquo;3&#8243; bottom_padding=&raquo;3&#8243; back_color=&raquo;color-xsdn&raquo; overlay_alpha=&raquo;100&#8243; gutter_size=&raquo;100&#8243; column_width_percent=&raquo;100&#8243; shift_y=&raquo;0&#8243; z_index=&raquo;0&#8243; style=&raquo;dark&raquo; row_name=&raquo;Design &amp; Quality&raquo;][vc_column column_width_use_pixel=&raquo;yes&raquo; gutter_size=&raquo;3&#8243; overlay_alpha=&raquo;100&#8243; shift_x=&raquo;0&#8243; shift_y=&raquo;0&#8243; shift_y_down=&raquo;0&#8243; z_index=&raquo;0&#8243; medium_width=&raquo;0&#8243; mobile_width=&raquo;0&#8243; zoom_width=&raquo;0&#8243; zoom_height=&raquo;0&#8243; width=&raquo;1\/1&#8243; column_width_pixel=&raquo;800&#8243; uncode_shortcode_id=&raquo;567442&#8243;][vc_column_text]Europress Balex er v\u00e5r serie ekstremt slitesterke vertikale emballasjepresser. Kryssylinderdesignet gj\u00f8r at de tar liten plass og gj\u00f8r dem lette \u00e5 plassere i alle slags arbeidsmilj\u00f8er, mens kvalitetskonstruksjonen sikrer dem lang levetid.<\/p>\n<p><strong>Balex emballasjepresser er den optimale l\u00f8sningen for \u00e5 pakke ulike typer avfall i baller:<\/strong><\/p>\n<ul>\n<li>Papir<\/li>\n<li>Papp<\/li>\n<li>Tekstil<\/li>\n<li>Plast<\/li>\n<li>Brennbart avfall<\/li>\n<\/ul>\n<p>[\/vc_column_text][vc_column_text]Du kan finne ut mer om hele v\u00e5r serie emballasjepresser og spesifikasjonene deres ved \u00e5 laste ned brosjyren fra linken under.<\/p>\n<p><strong>Balex emballasjepresser er egnet for et bredt utvalg brukersteder:<\/strong><\/p>\n<ul>\n<li>Butikker<\/li>\n<li>Fabrikker<\/li>\n<li>Logistikksentra<\/li>\n<li>Industrilager<\/li>\n<li>Kj\u00f8pesentra<\/li>\n<\/ul>\n<p>[\/vc_column_text][\/vc_column][\/vc_row][vc_row][vc_column column_width_percent=&raquo;100&#8243; align_horizontal=&raquo;align_center&raquo; gutter_size=&raquo;3&#8243; overlay_alpha=&raquo;50&#8243; shift_x=&raquo;0&#8243; shift_y=&raquo;0&#8243; shift_y_down=&raquo;0&#8243; z_index=&raquo;0&#8243; medium_width=&raquo;0&#8243; mobile_width=&raquo;0&#8243; width=&raquo;1\/1&#8243;][vc_custom_heading uncode_shortcode_id=&raquo;125003&#8243; subheading=&raquo;Klikk her for \u00e5 kontakte oss, s\u00e5 hjelper vi deg.&raquo;]Trenger du hjelp med \u00e5 velge, eller \u00f8nsker du ytterligere informasjon om v\u00e5re produkter og om hvilke l\u00f8sninger som passer best til ditt behov?[\/vc_custom_heading][vc_row_inner][vc_column_inner width=&raquo;1\/4&#8243;][\/vc_column_inner][vc_column_inner column_width_percent=&raquo;100&#8243; align_horizontal=&raquo;align_center&raquo; gutter_size=&raquo;3&#8243; overlay_alpha=&raquo;50&#8243; shift_x=&raquo;0&#8243; shift_y=&raquo;0&#8243; shift_y_down=&raquo;0&#8243; z_index=&raquo;0&#8243; medium_width=&raquo;0&#8243; mobile_width=&raquo;0&#8243; width=&raquo;1\/2&#8243;][vc_button button_color=&raquo;accent&raquo; size=&raquo;btn-lg&raquo; radius=&raquo;btn-circle&raquo; border_width=&raquo;0&#8243; link=&raquo;url:https%3A%2F%2Feuropressgroup.com%2Fno%2Fkontakt-oss%2F&raquo;]Kontakt oss[\/vc_button][\/vc_column_inner][vc_column_inner width=&raquo;1\/4&#8243;][\/vc_column_inner][\/vc_row_inner][\/vc_column][\/vc_row][vc_row][vc_column column_width_percent=&raquo;100&#8243; align_horizontal=&raquo;align_center&raquo; gutter_size=&raquo;3&#8243; overlay_alpha=&raquo;50&#8243; shift_x=&raquo;0&#8243; shift_y=&raquo;0&#8243; shift_y_down=&raquo;0&#8243; z_index=&raquo;0&#8243; medium_width=&raquo;0&#8243; mobile_width=&raquo;0&#8243; width=&raquo;1\/1&#8243;][vc_row_inner][vc_column_inner column_width_percent=&raquo;100&#8243; gutter_size=&raquo;3&#8243; overlay_alpha=&raquo;50&#8243; shift_x=&raquo;0&#8243; shift_y=&raquo;0&#8243; shift_y_down=&raquo;0&#8243; z_index=&raquo;0&#8243; medium_width=&raquo;0&#8243; mobile_width=&raquo;0&#8243; width=&raquo;2\/3&#8243;][vc_custom_heading subheading=&raquo;Europress\u2019 SMART-systemet gj\u00f8r det lettere for deg \u00e5 gj\u00f8re smarte valg. Systemet samler inn og analyserer data som kartlegger din bruk av avfallskomprimatorene og gir deg verkt\u00f8y til \u00e5 raskt og lett skaffe deg oversikt over maskinparken din. Du kan lese mer om SMART-teknologien v\u00e5r her.&raquo;]<a class=\"_ps2id\" href=\"https:\/\/europressgroup.com\/no\/smart\/\" data-ps2id-offset=\"\">SMART teknologi<\/a>[\/vc_custom_heading][\/vc_column_inner][vc_column_inner width=&raquo;1\/3&#8243;][vc_single_image media=&raquo;78251&#8243; media_width_percent=&raquo;50&#8243; alignment=&raquo;center&raquo; media_link=&raquo;url:https%3A%2F%2Feuropressgroup.com%2Fno%2Fsmart%2F|title:Europress%20SMART&raquo;][\/vc_column_inner][\/vc_row_inner][\/vc_column][\/vc_row][vc_row unlock_row_content=&raquo;yes&raquo; row_height_percent=&raquo;0&#8243; override_padding=&raquo;yes&raquo; h_padding=&raquo;2&#8243; top_padding=&raquo;2&#8243; bottom_padding=&raquo;2&#8243; overlay_alpha=&raquo;50&#8243; gutter_size=&raquo;3&#8243; column_width_percent=&raquo;100&#8243; shift_y=&raquo;0&#8243; z_index=&raquo;0&#8243;][vc_column column_width_percent=&raquo;100&#8243; align_horizontal=&raquo;align_center&raquo; gutter_size=&raquo;3&#8243; overlay_alpha=&raquo;50&#8243; shift_x=&raquo;0&#8243; shift_y=&raquo;0&#8243; shift_y_down=&raquo;0&#8243; z_index=&raquo;0&#8243; medium_width=&raquo;0&#8243; mobile_width=&raquo;0&#8243; width=&raquo;1\/1&#8243;][vc_column_text]Balex emballasjepresser er tilgjengelige i fem ulike st\u00f8rrelser. Alle har store innmatings\u00e5pninger som gj\u00f8r det enkelt \u00e5 fylle opp. De ferdige ballene lastes automatisk ut p\u00e5 paller med et tohendig grep som sikrer trygghet for brukerne.[\/vc_column_text][uncode_index el_id=&raquo;index-116298&#8243; loop=&raquo;size:10|order_by:date|order:ASC|post_type:page|by_id:73237,73242,73254,73246,73257,73249&#8243; style_preset=&raquo;metro&raquo; screen_lg=&raquo;1000&#8243; screen_md=&raquo;600&#8243; screen_sm=&raquo;480&#8243; filtering=&raquo;yes&raquo; filtering_position=&raquo;center&raquo; gutter_size=&raquo;2&#8243; page_items=&raquo;title,media|featured|onpost|original&raquo; pagination=&raquo;yes&raquo; single_text=&raquo;overlay&raquo; single_height=&raquo;3&#8243; single_overlay_opacity=&raquo;40&#8243; single_text_visible=&raquo;yes&raquo; single_h_align=&raquo;center&raquo; single_padding=&raquo;2&#8243; single_title_semantic=&raquo;h2&#8243; single_title_dimension=&raquo;h1&#8243; single_title_transform=&raquo;uppercase&raquo; single_border=&raquo;yes&raquo; custom_order=&raquo;yes&raquo; items=&raquo;eyI3MzEzN19pIjp7InNpbmdsZV93aWR0aCI6IjgiLCJzaW5nbGVfaGVpZ2h0IjoiNCJ9fQ==&raquo; order_ids=&raquo;73237,73242,73254,73246,73257,73249&#8243;][\/vc_column][\/vc_row][vc_row][vc_column column_width_percent=&raquo;100&#8243; align_horizontal=&raquo;align_center&raquo; gutter_size=&raquo;3&#8243; overlay_alpha=&raquo;50&#8243; shift_x=&raquo;0&#8243; shift_y=&raquo;0&#8243; shift_y_down=&raquo;0&#8243; z_index=&raquo;0&#8243; medium_width=&raquo;0&#8243; mobile_width=&raquo;0&#8243; width=&raquo;1\/1&#8243;][vc_button button_color=&raquo;accent&raquo; radius=&raquo;btn-round&raquo; border_animation=&raquo;btn-ripple-out&raquo; border_width=&raquo;0&#8243; link=&raquo;url:https%3A%2F%2Feuropressgroup.com%2Fwp-content%2Fuploads%2F2019%2F07%2FEuropress-Balex-balers-brochure-NOR.pdf||target:%20_blank|&raquo;]LAST NED BROSJYRE[\/vc_button][\/vc_column][\/vc_row][vc_row][vc_column width=&raquo;1\/1&#8243;][uncode_block id=&raquo;74093&#8243;][\/vc_column][\/vc_row]<\/p>\n<\/div>","protected":false},"excerpt":{"rendered":"<p>[vc_row row_height_percent=&raquo;0&#8243; override_padding=&raquo;yes&raquo; h_padding=&raquo;2&#8243; top_padding=&raquo;3&#8243; bottom_padding=&raquo;3&#8243; back_color=&raquo;color-gyho&raquo; overlay_alpha=&raquo;100&#8243; gutter_size=&raquo;100&#8243; column_width_percent=&raquo;100&#8243; shift_y=&raquo;0&#8243; z_index=&raquo;0&#8243; style=&raquo;dark&raquo; row_name=&raquo;Design &amp; Quality&raquo;][vc_column column_width_use_pixel=&raquo;yes&raquo; align_horizontal=&raquo;align_center&raquo; gutter_size=&raquo;3&#8243; overlay_alpha=&raquo;100&#8243; [&hellip;]<\/p>\n","protected":false},"author":25,"featured_media":74104,"parent":0,"menu_order":0,"comment_status":"open","ping_status":"closed","template":"","meta":{"footnotes":""},"class_list":["post-74103","page","type-page","status-publish","has-post-thumbnail","hentry"],"yoast_head":"<!-- This site is optimized with the Yoast SEO Premium plugin v27.3 (Yoast SEO v27.3) - https:\/\/yoast.com\/product\/yoast-seo-premium-wordpress\/ -->\n<title>BALEX\u00ae EMBALLASJEPRESSER - Europress Group<\/title>\n<meta name=\"description\" content=\"Europress Balex er en serie med ekstremt slitesterke vertikale emballasjepresser med et kompakt design.\" \/>\n<meta name=\"robots\" content=\"index, follow, max-snippet:-1, max-image-preview:large, max-video-preview:-1\" \/>\n<link rel=\"canonical\" href=\"https:\/\/europressgroup.com\/no\/balex-emballasjepresser\/\" \/>\n<meta property=\"og:locale\" content=\"nb_NO\" \/>\n<meta property=\"og:type\" content=\"article\" \/>\n<meta property=\"og:title\" content=\"BALEX\u00ae EMBALLASJEPRESSER\" \/>\n<meta property=\"og:description\" content=\"BALEX\u00ae EMBALLASJEPRESSER FOR PAPIR, PAPP, TEKSTIL, PLAST OG ANNET AVFALLEuropress Balex er v\u00e5r serie ekstremt slitesterke vertikale emballasjepresser.\" \/>\n<meta property=\"og:url\" content=\"https:\/\/europressgroup.com\/no\/balex-emballasjepresser\/\" \/>\n<meta property=\"og:site_name\" content=\"Europress Group\" \/>\n<meta property=\"article:publisher\" content=\"https:\/\/www.facebook.com\/europresswastehandling\" \/>\n<meta property=\"article:modified_time\" content=\"2024-07-18T12:00:54+00:00\" \/>\n<meta property=\"og:image\" content=\"https:\/\/europressgroup.com\/wp-content\/uploads\/2019\/03\/Europress-Balex-vertical-balers-1920x1280px.jpg\" \/>\n\t<meta property=\"og:image:width\" content=\"1920\" \/>\n\t<meta property=\"og:image:height\" content=\"1280\" \/>\n\t<meta property=\"og:image:type\" content=\"image\/jpeg\" \/>\n<meta name=\"twitter:card\" content=\"summary_large_image\" \/>\n<meta name=\"twitter:site\" content=\"@EPWastehandling\" \/>\n<meta name=\"twitter:label1\" content=\"Ansl. lesetid\" \/>\n\t<meta name=\"twitter:data1\" content=\"3 minutter\" \/>\n<script type=\"application\/ld+json\" class=\"yoast-schema-graph\">{\"@context\":\"https:\\\/\\\/schema.org\",\"@graph\":[{\"@type\":\"WebPage\",\"@id\":\"https:\\\/\\\/europressgroup.com\\\/no\\\/balex-emballasjepresser\\\/\",\"url\":\"https:\\\/\\\/europressgroup.com\\\/no\\\/balex-emballasjepresser\\\/\",\"name\":\"BALEX\u00ae EMBALLASJEPRESSER - Europress Group\",\"isPartOf\":{\"@id\":\"https:\\\/\\\/europressgroup.com\\\/no\\\/#website\"},\"primaryImageOfPage\":{\"@id\":\"https:\\\/\\\/europressgroup.com\\\/no\\\/balex-emballasjepresser\\\/#primaryimage\"},\"image\":{\"@id\":\"https:\\\/\\\/europressgroup.com\\\/no\\\/balex-emballasjepresser\\\/#primaryimage\"},\"thumbnailUrl\":\"https:\\\/\\\/europressgroup.com\\\/wp-content\\\/uploads\\\/2019\\\/03\\\/Europress-Balex-vertical-balers-1920x1280px.jpg\",\"datePublished\":\"2019-02-26T12:27:04+00:00\",\"dateModified\":\"2024-07-18T12:00:54+00:00\",\"description\":\"Europress Balex er en serie med ekstremt slitesterke vertikale emballasjepresser med et kompakt design.\",\"breadcrumb\":{\"@id\":\"https:\\\/\\\/europressgroup.com\\\/no\\\/balex-emballasjepresser\\\/#breadcrumb\"},\"inLanguage\":\"nb-NO\",\"potentialAction\":[{\"@type\":\"ReadAction\",\"target\":[\"https:\\\/\\\/europressgroup.com\\\/no\\\/balex-emballasjepresser\\\/\"]}]},{\"@type\":\"ImageObject\",\"inLanguage\":\"nb-NO\",\"@id\":\"https:\\\/\\\/europressgroup.com\\\/no\\\/balex-emballasjepresser\\\/#primaryimage\",\"url\":\"https:\\\/\\\/europressgroup.com\\\/wp-content\\\/uploads\\\/2019\\\/03\\\/Europress-Balex-vertical-balers-1920x1280px.jpg\",\"contentUrl\":\"https:\\\/\\\/europressgroup.com\\\/wp-content\\\/uploads\\\/2019\\\/03\\\/Europress-Balex-vertical-balers-1920x1280px.jpg\",\"width\":1920,\"height\":1280,\"caption\":\"waste baler\"},{\"@type\":\"BreadcrumbList\",\"@id\":\"https:\\\/\\\/europressgroup.com\\\/no\\\/balex-emballasjepresser\\\/#breadcrumb\",\"itemListElement\":[{\"@type\":\"ListItem\",\"position\":1,\"name\":\"Home\",\"item\":\"https:\\\/\\\/europressgroup.com\\\/no\\\/\"},{\"@type\":\"ListItem\",\"position\":2,\"name\":\"BALEX\u00ae EMBALLASJEPRESSER\"}]},{\"@type\":\"WebSite\",\"@id\":\"https:\\\/\\\/europressgroup.com\\\/no\\\/#website\",\"url\":\"https:\\\/\\\/europressgroup.com\\\/no\\\/\",\"name\":\"Europress Group\",\"description\":\"Northern European leader in Environmental Technology\",\"publisher\":{\"@id\":\"https:\\\/\\\/europressgroup.com\\\/no\\\/#organization\"},\"potentialAction\":[{\"@type\":\"SearchAction\",\"target\":{\"@type\":\"EntryPoint\",\"urlTemplate\":\"https:\\\/\\\/europressgroup.com\\\/no\\\/?s={search_term_string}\"},\"query-input\":{\"@type\":\"PropertyValueSpecification\",\"valueRequired\":true,\"valueName\":\"search_term_string\"}}],\"inLanguage\":\"nb-NO\"},{\"@type\":\"Organization\",\"@id\":\"https:\\\/\\\/europressgroup.com\\\/no\\\/#organization\",\"name\":\"Europress Group\",\"url\":\"https:\\\/\\\/europressgroup.com\\\/no\\\/\",\"logo\":{\"@type\":\"ImageObject\",\"inLanguage\":\"nb-NO\",\"@id\":\"https:\\\/\\\/europressgroup.com\\\/no\\\/#\\\/schema\\\/logo\\\/image\\\/\",\"url\":\"https:\\\/\\\/europressgroup.com\\\/wp-content\\\/uploads\\\/2018\\\/12\\\/Europress-logo-1.png\",\"contentUrl\":\"https:\\\/\\\/europressgroup.com\\\/wp-content\\\/uploads\\\/2018\\\/12\\\/Europress-logo-1.png\",\"width\":478,\"height\":75,\"caption\":\"Europress Group\"},\"image\":{\"@id\":\"https:\\\/\\\/europressgroup.com\\\/no\\\/#\\\/schema\\\/logo\\\/image\\\/\"},\"sameAs\":[\"https:\\\/\\\/www.facebook.com\\\/europresswastehandling\",\"https:\\\/\\\/x.com\\\/EPWastehandling\",\"https:\\\/\\\/www.instagram.com\\\/europressgroup\\\/\",\"https:\\\/\\\/www.linkedin.com\\\/company\\\/europress\"],\"publishingPrinciples\":\"https:\\\/\\\/europressgroup.com\\\/environment-safety-quality\\\/\",\"ownershipFundingInfo\":\"https:\\\/\\\/europressgroup.com\\\/history\\\/\",\"actionableFeedbackPolicy\":\"https:\\\/\\\/europressgroup.com\\\/customer-feedback\\\/\",\"correctionsPolicy\":\"https:\\\/\\\/europressgroup.com\\\/customer-feedback\\\/\",\"ethicsPolicy\":\"https:\\\/\\\/europressgroup.com\\\/responsibility\\\/\"}]}<\/script>\n<!-- \/ Yoast SEO Premium plugin. -->","yoast_head_json":{"title":"BALEX\u00ae EMBALLASJEPRESSER - Europress Group","description":"Europress Balex er en serie med ekstremt slitesterke vertikale emballasjepresser med et kompakt design.","robots":{"index":"index","follow":"follow","max-snippet":"max-snippet:-1","max-image-preview":"max-image-preview:large","max-video-preview":"max-video-preview:-1"},"canonical":"https:\/\/europressgroup.com\/no\/balex-emballasjepresser\/","og_locale":"nb_NO","og_type":"article","og_title":"BALEX\u00ae EMBALLASJEPRESSER","og_description":"BALEX\u00ae EMBALLASJEPRESSER FOR PAPIR, PAPP, TEKSTIL, PLAST OG ANNET AVFALLEuropress Balex er v\u00e5r serie ekstremt slitesterke vertikale emballasjepresser.","og_url":"https:\/\/europressgroup.com\/no\/balex-emballasjepresser\/","og_site_name":"Europress Group","article_publisher":"https:\/\/www.facebook.com\/europresswastehandling","article_modified_time":"2024-07-18T12:00:54+00:00","og_image":[{"width":1920,"height":1280,"url":"https:\/\/europressgroup.com\/wp-content\/uploads\/2019\/03\/Europress-Balex-vertical-balers-1920x1280px.jpg","type":"image\/jpeg"}],"twitter_card":"summary_large_image","twitter_site":"@EPWastehandling","twitter_misc":{"Ansl. lesetid":"3 minutter"},"schema":{"@context":"https:\/\/schema.org","@graph":[{"@type":"WebPage","@id":"https:\/\/europressgroup.com\/no\/balex-emballasjepresser\/","url":"https:\/\/europressgroup.com\/no\/balex-emballasjepresser\/","name":"BALEX\u00ae EMBALLASJEPRESSER - Europress Group","isPartOf":{"@id":"https:\/\/europressgroup.com\/no\/#website"},"primaryImageOfPage":{"@id":"https:\/\/europressgroup.com\/no\/balex-emballasjepresser\/#primaryimage"},"image":{"@id":"https:\/\/europressgroup.com\/no\/balex-emballasjepresser\/#primaryimage"},"thumbnailUrl":"https:\/\/europressgroup.com\/wp-content\/uploads\/2019\/03\/Europress-Balex-vertical-balers-1920x1280px.jpg","datePublished":"2019-02-26T12:27:04+00:00","dateModified":"2024-07-18T12:00:54+00:00","description":"Europress Balex er en serie med ekstremt slitesterke vertikale emballasjepresser med et kompakt design.","breadcrumb":{"@id":"https:\/\/europressgroup.com\/no\/balex-emballasjepresser\/#breadcrumb"},"inLanguage":"nb-NO","potentialAction":[{"@type":"ReadAction","target":["https:\/\/europressgroup.com\/no\/balex-emballasjepresser\/"]}]},{"@type":"ImageObject","inLanguage":"nb-NO","@id":"https:\/\/europressgroup.com\/no\/balex-emballasjepresser\/#primaryimage","url":"https:\/\/europressgroup.com\/wp-content\/uploads\/2019\/03\/Europress-Balex-vertical-balers-1920x1280px.jpg","contentUrl":"https:\/\/europressgroup.com\/wp-content\/uploads\/2019\/03\/Europress-Balex-vertical-balers-1920x1280px.jpg","width":1920,"height":1280,"caption":"waste baler"},{"@type":"BreadcrumbList","@id":"https:\/\/europressgroup.com\/no\/balex-emballasjepresser\/#breadcrumb","itemListElement":[{"@type":"ListItem","position":1,"name":"Home","item":"https:\/\/europressgroup.com\/no\/"},{"@type":"ListItem","position":2,"name":"BALEX\u00ae EMBALLASJEPRESSER"}]},{"@type":"WebSite","@id":"https:\/\/europressgroup.com\/no\/#website","url":"https:\/\/europressgroup.com\/no\/","name":"Europress Group","description":"Northern European leader in Environmental Technology","publisher":{"@id":"https:\/\/europressgroup.com\/no\/#organization"},"potentialAction":[{"@type":"SearchAction","target":{"@type":"EntryPoint","urlTemplate":"https:\/\/europressgroup.com\/no\/?s={search_term_string}"},"query-input":{"@type":"PropertyValueSpecification","valueRequired":true,"valueName":"search_term_string"}}],"inLanguage":"nb-NO"},{"@type":"Organization","@id":"https:\/\/europressgroup.com\/no\/#organization","name":"Europress Group","url":"https:\/\/europressgroup.com\/no\/","logo":{"@type":"ImageObject","inLanguage":"nb-NO","@id":"https:\/\/europressgroup.com\/no\/#\/schema\/logo\/image\/","url":"https:\/\/europressgroup.com\/wp-content\/uploads\/2018\/12\/Europress-logo-1.png","contentUrl":"https:\/\/europressgroup.com\/wp-content\/uploads\/2018\/12\/Europress-logo-1.png","width":478,"height":75,"caption":"Europress Group"},"image":{"@id":"https:\/\/europressgroup.com\/no\/#\/schema\/logo\/image\/"},"sameAs":["https:\/\/www.facebook.com\/europresswastehandling","https:\/\/x.com\/EPWastehandling","https:\/\/www.instagram.com\/europressgroup\/","https:\/\/www.linkedin.com\/company\/europress"],"publishingPrinciples":"https:\/\/europressgroup.com\/environment-safety-quality\/","ownershipFundingInfo":"https:\/\/europressgroup.com\/history\/","actionableFeedbackPolicy":"https:\/\/europressgroup.com\/customer-feedback\/","correctionsPolicy":"https:\/\/europressgroup.com\/customer-feedback\/","ethicsPolicy":"https:\/\/europressgroup.com\/responsibility\/"}]}},"_links":{"self":[{"href":"https:\/\/europressgroup.com\/no\/wp-json\/wp\/v2\/pages\/74103","targetHints":{"allow":["GET"]}}],"collection":[{"href":"https:\/\/europressgroup.com\/no\/wp-json\/wp\/v2\/pages"}],"about":[{"href":"https:\/\/europressgroup.com\/no\/wp-json\/wp\/v2\/types\/page"}],"author":[{"embeddable":true,"href":"https:\/\/europressgroup.com\/no\/wp-json\/wp\/v2\/users\/25"}],"replies":[{"embeddable":true,"href":"https:\/\/europressgroup.com\/no\/wp-json\/wp\/v2\/comments?post=74103"}],"version-history":[{"count":9,"href":"https:\/\/europressgroup.com\/no\/wp-json\/wp\/v2\/pages\/74103\/revisions"}],"predecessor-version":[{"id":141909,"href":"https:\/\/europressgroup.com\/no\/wp-json\/wp\/v2\/pages\/74103\/revisions\/141909"}],"wp:featuredmedia":[{"embeddable":true,"href":"https:\/\/europressgroup.com\/no\/wp-json\/wp\/v2\/media\/74104"}],"wp:attachment":[{"href":"https:\/\/europressgroup.com\/no\/wp-json\/wp\/v2\/media?parent=74103"}],"curies":[{"name":"wp","href":"https:\/\/api.w.org\/{rel}","templated":true}]}}