{"id":165137,"date":"2026-01-12T10:39:32","date_gmt":"2026-01-12T08:39:32","guid":{"rendered":"https:\/\/europressgroup.com\/?page_id=165137"},"modified":"2026-01-16T14:06:09","modified_gmt":"2026-01-16T12:06:09","slug":"robuste-stalcontainere","status":"publish","type":"page","link":"https:\/\/europressgroup.com\/no\/robuste-stalcontainere\/","title":{"rendered":"ROBUSTE ST\u00c5LCONTAINERE"},"content":{"rendered":"<div class=\"wpb-content-wrapper\"><p>[vc_row row_height_percent=&raquo;0&#8243; override_padding=&raquo;yes&raquo; h_padding=&raquo;2&#8243; top_padding=&raquo;3&#8243; bottom_padding=&raquo;3&#8243; back_color=&raquo;color-xsdn&raquo; overlay_alpha=&raquo;100&#8243; gutter_size=&raquo;100&#8243; column_width_percent=&raquo;100&#8243; shift_y=&raquo;0&#8243; z_index=&raquo;0&#8243; style=&raquo;dark&raquo; row_name=&raquo;Design &amp; Quality&raquo;][vc_column column_width_use_pixel=&raquo;yes&raquo; align_horizontal=&raquo;align_center&raquo; gutter_size=&raquo;3&#8243; overlay_alpha=&raquo;100&#8243; shift_x=&raquo;0&#8243; shift_y=&raquo;0&#8243; medium_width=&raquo;0&#8243; zoom_width=&raquo;0&#8243; zoom_height=&raquo;0&#8243; width=&raquo;1\/1&#8243; column_width_pixel=&raquo;800&#8243;][vc_custom_heading text_transform=&raquo;uppercase&raquo; separator_color=&raquo;yes&raquo; separator=&raquo;yes&raquo; sub_lead=&raquo;yes&raquo; sub_reduced=&raquo;yes&raquo; uncode_shortcode_id=&raquo;181798&#8243;]<span data-olk-copy-source=\"MessageBody\">ROBUSTE ST\u00c5LCONTAINERE<\/span>[\/vc_custom_heading][vc_column_text uncode_shortcode_id=&raquo;213903&#8243;]<\/p>\n<div class=\"x_elementToProof\" data-olk-copy-source=\"MessageBody\">Europress st\u00e5lcontainere er utviklet for sikker, effektiv og langvarig avfallsh\u00e5ndtering i krevende milj\u00f8er. Vi produserer st\u00e5lcontainere ut fra ett standard sortiment, men ogs\u00e5 ut fra v\u00e5re kunders \u00f8nsker. Den solide konstruksjonen sikrer h\u00f8y slitestyrke og lang levetid, selv ved h\u00e5ndtering av tungt avfall.<\/div>\n<p>[\/vc_column_text][vc_column_text uncode_shortcode_id=&raquo;630416&#8243;]<\/p>\n<div class=\"x_elementToProof\" data-olk-copy-source=\"MessageBody\">Containerne leveres i flere st\u00f8rrelser og utf\u00f8relser, noe som gj\u00f8r dem fleksible for ulike avfallsfraksjoner som restavfall, papp, plast, tre og metall. Overflatebehandling med slitesterk lakk bidrar til korrosjonsbeskyttelse og et profesjonelt utseende over tid. Vi kan levere containere med luker, \u00e5pne containere, med hydraulisk tak, netting osv.<\/div>\n<p>[\/vc_column_text][vc_column_text uncode_shortcode_id=&raquo;135637&#8243;]<\/p>\n<div class=\"x_elementToProof\" data-olk-copy-source=\"MessageBody\">Ta kontakt med oss for ett uforpliktende tilbud.<\/div>\n<p>[\/vc_column_text][vc_empty_space empty_h=&raquo;2&#8243;][vc_row_inner limit_content=&raquo;&raquo;][vc_column_inner width=&raquo;1\/3&#8243;][vc_column_text uncode_shortcode_id=&raquo;707365&#8243;]<\/p>\n<div class=\"x_elementToProof\" data-olk-copy-source=\"MessageBody\"><strong>BRUK:<\/strong><\/div>\n<div class=\"x_elementToProof\">Alle typer fraksjoner<\/div>\n<p>[\/vc_column_text][\/vc_column_inner][vc_column_inner width=&raquo;1\/3&#8243;][vc_column_text uncode_shortcode_id=&raquo;707365&#8243;]<\/p>\n<div class=\"x_elementToProof\"><strong>FUNKSJONER:<\/strong><\/div>\n<div class=\"x_elementToProof\">Forsterket<\/div>\n<div class=\"x_elementToProof\">Luker<\/div>\n<div class=\"x_elementToProof\">Hydraulisk tak<\/div>\n<div class=\"x_elementToProof\">Sikkerhetsl\u00e5s<\/div>\n<div class=\"x_elementToProof\">Netting<\/div>\n<p>[\/vc_column_text][\/vc_column_inner][vc_column_inner width=&raquo;1\/3&#8243;][vc_column_text uncode_shortcode_id=&raquo;707365&#8243;]<\/p>\n<div class=\"x_elementToProof\"><strong>ST\u00d8RRELSER<\/strong><\/div>\n<div class=\"x_elementToProof\">4m3 til 46m3<\/div>\n<p>[\/vc_column_text][\/vc_column_inner][\/vc_row_inner][vc_empty_space empty_h=&raquo;2&#8243;][vc_gallery el_id=&raquo;gallery-117598&#8243; type=&raquo;carousel&raquo; medias=&raquo;165141,165159,165168,165177,165186,165195,165204,165150,165344,165335&#8243; carousel_lg=&raquo;3&#8243; carousel_md=&raquo;3&#8243; carousel_sm=&raquo;1&#8243; gutter_size=&raquo;3&#8243; carousel_interval=&raquo;3000&#8243; carousel_navspeed=&raquo;400&#8243; stage_padding=&raquo;0&#8243; single_overlay_opacity=&raquo;50&#8243; single_padding=&raquo;2&#8243; uncode_shortcode_id=&raquo;202324&#8243;][vc_empty_space empty_h=&raquo;2&#8243;][vc_custom_heading separator=&raquo;yes&raquo; uncode_shortcode_id=&raquo;866615&#8243; text_color_type=&raquo;uncode-palette&raquo; text_color_solid=&raquo;#ff0000&#8243; subheading=&raquo;Europress AS<br \/>\nAvstikkeren 2, 3420 Lierskogen<br \/>\nTel. 815 00 221<br \/>\nE-post: post@europress.no<\/p>\n<p>De ansattes e-postadresser f\u00f8lger dette oppsettet:<br \/>\nfornavn.etternavn@europress.no&raquo;]Kontaktinformasjon[\/vc_custom_heading][\/vc_column][\/vc_row]<\/p>\n<\/div>","protected":false},"excerpt":{"rendered":"<p>[vc_row row_height_percent=&raquo;0&#8243; override_padding=&raquo;yes&raquo; h_padding=&raquo;2&#8243; top_padding=&raquo;3&#8243; bottom_padding=&raquo;3&#8243; back_color=&raquo;color-xsdn&raquo; overlay_alpha=&raquo;100&#8243; gutter_size=&raquo;100&#8243; column_width_percent=&raquo;100&#8243; shift_y=&raquo;0&#8243; z_index=&raquo;0&#8243; style=&raquo;dark&raquo; row_name=&raquo;Design &amp; Quality&raquo;][vc_column column_width_use_pixel=&raquo;yes&raquo; align_horizontal=&raquo;align_center&raquo; gutter_size=&raquo;3&#8243; overlay_alpha=&raquo;100&#8243; [&hellip;]<\/p>\n","protected":false},"author":44,"featured_media":0,"parent":0,"menu_order":0,"comment_status":"closed","ping_status":"closed","template":"","meta":{"footnotes":""},"class_list":["post-165137","page","type-page","status-publish","hentry"],"yoast_head":"<!-- This site is optimized with the Yoast SEO Premium plugin v27.3 (Yoast SEO v27.3) - https:\/\/yoast.com\/product\/yoast-seo-premium-wordpress\/ -->\n<title>ROBUSTE ST\u00c5LCONTAINERE - Europress Group<\/title>\n<meta name=\"description\" content=\"robuste stalcontainere\" \/>\n<meta name=\"robots\" content=\"index, follow, max-snippet:-1, max-image-preview:large, max-video-preview:-1\" \/>\n<link rel=\"canonical\" href=\"https:\/\/europressgroup.com\/no\/robuste-stalcontainere\/\" \/>\n<meta property=\"og:locale\" content=\"nb_NO\" \/>\n<meta property=\"og:type\" content=\"article\" \/>\n<meta property=\"og:title\" content=\"ROBUSTE ST\u00c5LCONTAINERE\" \/>\n<meta property=\"og:description\" content=\"ROBUSTE ST\u00c5LCONTAINERE Europress st\u00e5lcontainere er utviklet for sikker, effektiv og langvarig avfallsh\u00e5ndtering i krevende milj\u00f8er. Vi produserer\" \/>\n<meta property=\"og:url\" content=\"https:\/\/europressgroup.com\/no\/robuste-stalcontainere\/\" \/>\n<meta property=\"og:site_name\" content=\"Europress Group\" \/>\n<meta property=\"article:publisher\" content=\"https:\/\/www.facebook.com\/europresswastehandling\" \/>\n<meta property=\"article:modified_time\" content=\"2026-01-16T12:06:09+00:00\" \/>\n<meta property=\"og:image\" content=\"https:\/\/europressgroup.com\/wp-content\/uploads\/2022\/01\/IMG_0133-scaled.jpg\" \/>\n\t<meta property=\"og:image:width\" content=\"2560\" \/>\n\t<meta property=\"og:image:height\" content=\"1707\" \/>\n\t<meta property=\"og:image:type\" content=\"image\/jpeg\" \/>\n<meta name=\"twitter:card\" content=\"summary_large_image\" \/>\n<meta name=\"twitter:site\" content=\"@EPWastehandling\" \/>\n<meta name=\"twitter:label1\" content=\"Ansl. lesetid\" \/>\n\t<meta name=\"twitter:data1\" content=\"2 minutter\" \/>\n<script type=\"application\/ld+json\" class=\"yoast-schema-graph\">{\"@context\":\"https:\\\/\\\/schema.org\",\"@graph\":[{\"@type\":\"WebPage\",\"@id\":\"https:\\\/\\\/europressgroup.com\\\/no\\\/robuste-stalcontainere\\\/\",\"url\":\"https:\\\/\\\/europressgroup.com\\\/no\\\/robuste-stalcontainere\\\/\",\"name\":\"ROBUSTE ST\u00c5LCONTAINERE - Europress Group\",\"isPartOf\":{\"@id\":\"https:\\\/\\\/europressgroup.com\\\/no\\\/#website\"},\"datePublished\":\"2026-01-12T08:39:32+00:00\",\"dateModified\":\"2026-01-16T12:06:09+00:00\",\"description\":\"robuste stalcontainere\",\"breadcrumb\":{\"@id\":\"https:\\\/\\\/europressgroup.com\\\/no\\\/robuste-stalcontainere\\\/#breadcrumb\"},\"inLanguage\":\"nb-NO\",\"potentialAction\":[{\"@type\":\"ReadAction\",\"target\":[\"https:\\\/\\\/europressgroup.com\\\/no\\\/robuste-stalcontainere\\\/\"]}]},{\"@type\":\"BreadcrumbList\",\"@id\":\"https:\\\/\\\/europressgroup.com\\\/no\\\/robuste-stalcontainere\\\/#breadcrumb\",\"itemListElement\":[{\"@type\":\"ListItem\",\"position\":1,\"name\":\"Home\",\"item\":\"https:\\\/\\\/europressgroup.com\\\/no\\\/\"},{\"@type\":\"ListItem\",\"position\":2,\"name\":\"ROBUSTE ST\u00c5LCONTAINERE\"}]},{\"@type\":\"WebSite\",\"@id\":\"https:\\\/\\\/europressgroup.com\\\/no\\\/#website\",\"url\":\"https:\\\/\\\/europressgroup.com\\\/no\\\/\",\"name\":\"Europress Group\",\"description\":\"Northern European leader in Environmental Technology\",\"publisher\":{\"@id\":\"https:\\\/\\\/europressgroup.com\\\/no\\\/#organization\"},\"potentialAction\":[{\"@type\":\"SearchAction\",\"target\":{\"@type\":\"EntryPoint\",\"urlTemplate\":\"https:\\\/\\\/europressgroup.com\\\/no\\\/?s={search_term_string}\"},\"query-input\":{\"@type\":\"PropertyValueSpecification\",\"valueRequired\":true,\"valueName\":\"search_term_string\"}}],\"inLanguage\":\"nb-NO\"},{\"@type\":\"Organization\",\"@id\":\"https:\\\/\\\/europressgroup.com\\\/no\\\/#organization\",\"name\":\"Europress Group\",\"url\":\"https:\\\/\\\/europressgroup.com\\\/no\\\/\",\"logo\":{\"@type\":\"ImageObject\",\"inLanguage\":\"nb-NO\",\"@id\":\"https:\\\/\\\/europressgroup.com\\\/no\\\/#\\\/schema\\\/logo\\\/image\\\/\",\"url\":\"https:\\\/\\\/europressgroup.com\\\/wp-content\\\/uploads\\\/2018\\\/12\\\/Europress-logo-1.png\",\"contentUrl\":\"https:\\\/\\\/europressgroup.com\\\/wp-content\\\/uploads\\\/2018\\\/12\\\/Europress-logo-1.png\",\"width\":478,\"height\":75,\"caption\":\"Europress Group\"},\"image\":{\"@id\":\"https:\\\/\\\/europressgroup.com\\\/no\\\/#\\\/schema\\\/logo\\\/image\\\/\"},\"sameAs\":[\"https:\\\/\\\/www.facebook.com\\\/europresswastehandling\",\"https:\\\/\\\/x.com\\\/EPWastehandling\",\"https:\\\/\\\/www.instagram.com\\\/europressgroup\\\/\",\"https:\\\/\\\/www.linkedin.com\\\/company\\\/europress\"],\"publishingPrinciples\":\"https:\\\/\\\/europressgroup.com\\\/environment-safety-quality\\\/\",\"ownershipFundingInfo\":\"https:\\\/\\\/europressgroup.com\\\/history\\\/\",\"actionableFeedbackPolicy\":\"https:\\\/\\\/europressgroup.com\\\/customer-feedback\\\/\",\"correctionsPolicy\":\"https:\\\/\\\/europressgroup.com\\\/customer-feedback\\\/\",\"ethicsPolicy\":\"https:\\\/\\\/europressgroup.com\\\/responsibility\\\/\"}]}<\/script>\n<!-- \/ Yoast SEO Premium plugin. -->","yoast_head_json":{"title":"ROBUSTE ST\u00c5LCONTAINERE - Europress Group","description":"robuste stalcontainere","robots":{"index":"index","follow":"follow","max-snippet":"max-snippet:-1","max-image-preview":"max-image-preview:large","max-video-preview":"max-video-preview:-1"},"canonical":"https:\/\/europressgroup.com\/no\/robuste-stalcontainere\/","og_locale":"nb_NO","og_type":"article","og_title":"ROBUSTE ST\u00c5LCONTAINERE","og_description":"ROBUSTE ST\u00c5LCONTAINERE Europress st\u00e5lcontainere er utviklet for sikker, effektiv og langvarig avfallsh\u00e5ndtering i krevende milj\u00f8er. Vi produserer","og_url":"https:\/\/europressgroup.com\/no\/robuste-stalcontainere\/","og_site_name":"Europress Group","article_publisher":"https:\/\/www.facebook.com\/europresswastehandling","article_modified_time":"2026-01-16T12:06:09+00:00","og_image":[{"width":2560,"height":1707,"url":"https:\/\/europressgroup.com\/wp-content\/uploads\/2022\/01\/IMG_0133-scaled.jpg","type":"image\/jpeg"}],"twitter_card":"summary_large_image","twitter_site":"@EPWastehandling","twitter_misc":{"Ansl. lesetid":"2 minutter"},"schema":{"@context":"https:\/\/schema.org","@graph":[{"@type":"WebPage","@id":"https:\/\/europressgroup.com\/no\/robuste-stalcontainere\/","url":"https:\/\/europressgroup.com\/no\/robuste-stalcontainere\/","name":"ROBUSTE ST\u00c5LCONTAINERE - Europress Group","isPartOf":{"@id":"https:\/\/europressgroup.com\/no\/#website"},"datePublished":"2026-01-12T08:39:32+00:00","dateModified":"2026-01-16T12:06:09+00:00","description":"robuste stalcontainere","breadcrumb":{"@id":"https:\/\/europressgroup.com\/no\/robuste-stalcontainere\/#breadcrumb"},"inLanguage":"nb-NO","potentialAction":[{"@type":"ReadAction","target":["https:\/\/europressgroup.com\/no\/robuste-stalcontainere\/"]}]},{"@type":"BreadcrumbList","@id":"https:\/\/europressgroup.com\/no\/robuste-stalcontainere\/#breadcrumb","itemListElement":[{"@type":"ListItem","position":1,"name":"Home","item":"https:\/\/europressgroup.com\/no\/"},{"@type":"ListItem","position":2,"name":"ROBUSTE ST\u00c5LCONTAINERE"}]},{"@type":"WebSite","@id":"https:\/\/europressgroup.com\/no\/#website","url":"https:\/\/europressgroup.com\/no\/","name":"Europress Group","description":"Northern European leader in Environmental Technology","publisher":{"@id":"https:\/\/europressgroup.com\/no\/#organization"},"potentialAction":[{"@type":"SearchAction","target":{"@type":"EntryPoint","urlTemplate":"https:\/\/europressgroup.com\/no\/?s={search_term_string}"},"query-input":{"@type":"PropertyValueSpecification","valueRequired":true,"valueName":"search_term_string"}}],"inLanguage":"nb-NO"},{"@type":"Organization","@id":"https:\/\/europressgroup.com\/no\/#organization","name":"Europress Group","url":"https:\/\/europressgroup.com\/no\/","logo":{"@type":"ImageObject","inLanguage":"nb-NO","@id":"https:\/\/europressgroup.com\/no\/#\/schema\/logo\/image\/","url":"https:\/\/europressgroup.com\/wp-content\/uploads\/2018\/12\/Europress-logo-1.png","contentUrl":"https:\/\/europressgroup.com\/wp-content\/uploads\/2018\/12\/Europress-logo-1.png","width":478,"height":75,"caption":"Europress Group"},"image":{"@id":"https:\/\/europressgroup.com\/no\/#\/schema\/logo\/image\/"},"sameAs":["https:\/\/www.facebook.com\/europresswastehandling","https:\/\/x.com\/EPWastehandling","https:\/\/www.instagram.com\/europressgroup\/","https:\/\/www.linkedin.com\/company\/europress"],"publishingPrinciples":"https:\/\/europressgroup.com\/environment-safety-quality\/","ownershipFundingInfo":"https:\/\/europressgroup.com\/history\/","actionableFeedbackPolicy":"https:\/\/europressgroup.com\/customer-feedback\/","correctionsPolicy":"https:\/\/europressgroup.com\/customer-feedback\/","ethicsPolicy":"https:\/\/europressgroup.com\/responsibility\/"}]}},"_links":{"self":[{"href":"https:\/\/europressgroup.com\/no\/wp-json\/wp\/v2\/pages\/165137","targetHints":{"allow":["GET"]}}],"collection":[{"href":"https:\/\/europressgroup.com\/no\/wp-json\/wp\/v2\/pages"}],"about":[{"href":"https:\/\/europressgroup.com\/no\/wp-json\/wp\/v2\/types\/page"}],"author":[{"embeddable":true,"href":"https:\/\/europressgroup.com\/no\/wp-json\/wp\/v2\/users\/44"}],"replies":[{"embeddable":true,"href":"https:\/\/europressgroup.com\/no\/wp-json\/wp\/v2\/comments?post=165137"}],"version-history":[{"count":14,"href":"https:\/\/europressgroup.com\/no\/wp-json\/wp\/v2\/pages\/165137\/revisions"}],"predecessor-version":[{"id":165368,"href":"https:\/\/europressgroup.com\/no\/wp-json\/wp\/v2\/pages\/165137\/revisions\/165368"}],"wp:attachment":[{"href":"https:\/\/europressgroup.com\/no\/wp-json\/wp\/v2\/media?parent=165137"}],"curies":[{"name":"wp","href":"https:\/\/api.w.org\/{rel}","templated":true}]}}