{"id":163266,"date":"2025-10-06T14:07:50","date_gmt":"2025-10-06T11:07:50","guid":{"rendered":"https:\/\/europressgroup.com\/?page_id=163266"},"modified":"2026-01-12T10:46:59","modified_gmt":"2026-01-12T08:46:59","slug":"bandruller","status":"publish","type":"page","link":"https:\/\/europressgroup.com\/no\/bandruller\/","title":{"rendered":"B\u00c5NDRULLER"},"content":{"rendered":"<div class=\"wpb-content-wrapper\"><p>[vc_row unlock_row_content=&raquo;yes&raquo; row_height_percent=&raquo;60&#8243; override_padding=&raquo;yes&raquo; h_padding=&raquo;0&#8243; top_padding=&raquo;0&#8243; bottom_padding=&raquo;0&#8243; overlay_alpha=&raquo;100&#8243; gutter_size=&raquo;0&#8243; column_width_percent=&raquo;100&#8243; shift_y=&raquo;0&#8243; z_index=&raquo;0&#8243;][vc_column column_width_percent=&raquo;100&#8243; position_horizontal=&raquo;left&raquo; gutter_size=&raquo;3&#8243; override_padding=&raquo;yes&raquo; column_padding=&raquo;5&#8243; expand_height=&raquo;yes&raquo; overlay_alpha=&raquo;100&#8243; shift_x=&raquo;0&#8243; shift_y=&raquo;0&#8243; shift_y_down=&raquo;0&#8243; z_index=&raquo;0&#8243; medium_width=&raquo;0&#8243; mobile_width=&raquo;0&#8243; zoom_width=&raquo;0&#8243; zoom_height=&raquo;0&#8243; width=&raquo;1\/2&#8243; mobile_height=&raquo;250&#8243; uncode_shortcode_id=&raquo;316454&#8243;][vc_custom_heading text_color=&raquo;color-vyce&raquo; heading_semantic=&raquo;h1&#8243; text_size=&raquo;fontsize-155944&#8243; sub_lead=&raquo;yes&raquo; sub_reduced=&raquo;yes&raquo; uncode_shortcode_id=&raquo;195728&#8243; text_color_type=&raquo;uncode-palette&raquo;]<span data-olk-copy-source=\"MessageBody\">WG45 B\u00c5NDRULLER<\/span>[\/vc_custom_heading][vc_custom_heading heading_semantic=&raquo;h1&#8243; sub_lead=&raquo;yes&raquo; sub_reduced=&raquo;yes&raquo; uncode_shortcode_id=&raquo;464099&#8243;]<strong>Robust og brukervennlig l\u00f8sning for ballepresser<\/strong>[\/vc_custom_heading][vc_single_image media=&raquo;163331&#8243; media_width_percent=&raquo;75&#8243; uncode_shortcode_id=&raquo;751578&#8243;][vc_column_text text_lead=&raquo;yes&raquo; text_color=&raquo;color-jevc&raquo; uncode_shortcode_id=&raquo;308683&#8243; text_color_type=&raquo;uncode-palette&raquo;]<strong>WG45 Polyesterb\u00e5nd \u2013 Effektiv og slitesterk innbinding<\/strong><\/p>\n<p><strong>WG45<\/strong> er en h\u00f8ykvalitets b\u00e5ndrull utviklet for sikker og effektiv innbinding av plast og papp i emballasjepresser. Med <strong>250 meter<\/strong> polyesterb\u00e5nd per rull og en bredde p\u00e5 <strong>13 mm<\/strong>, kombinerer WG45 <strong>h\u00f8y bruddstyrke (opptil 550 kg)<\/strong> med sk\u00e5nsom behandling av materialer.<\/p>\n<ul>\n<li><strong>Brukervennlig<\/strong>: Kan knyttes for h\u00e5nd \u2013 ingen festemidler n\u00f8dvendig.<\/li>\n<li><strong>Allsidig<\/strong>: Kompatibel med ulike typer emballasjepresser.<\/li>\n<li><strong>Slitesterk<\/strong>: T\u00e5ler krevende industrielle milj\u00f8er.<\/li>\n<\/ul>\n<p><span data-teams=\"true\">WG45 gir p\u00e5litelig ytelse og er et ideelt valg for profesjonelle som krever b\u00e5de styrke og fleksibilitet i emballeringsprosessen.<\/span>[\/vc_column_text][\/vc_column][vc_column column_width_percent=&raquo;100&#8243; gutter_size=&raquo;3&#8243; override_padding=&raquo;yes&raquo; column_padding=&raquo;4&#8243; overlay_alpha=&raquo;50&#8243; shift_x=&raquo;0&#8243; shift_y=&raquo;0&#8243; shift_y_down=&raquo;0&#8243; z_index=&raquo;0&#8243; medium_width=&raquo;0&#8243; mobile_width=&raquo;0&#8243; width=&raquo;1\/2&#8243;][vc_custom_heading heading_semantic=&raquo;h1&#8243; text_size=&raquo;h1&#8243; text_transform=&raquo;uppercase&raquo; separator_color=&raquo;yes&raquo; separator=&raquo;yes&raquo; text_align=&raquo;text-center&raquo; subheading=&raquo;Kontakt oss ved \u00e5 fylle ut skjemaet. Vi ringer deg opp s\u00e5 fort som mulig.&raquo; uncode_shortcode_id=&raquo;637391&#8243;]<\/p>\n<div id=\"KnM9nf\" class=\"PZPZlf\" data-attrid=\"tw-sourceArea\" data-entityname=\"Google Translate\">\n<h1 id=\"tw-smenu\" class=\"tw-menu\"><strong><span style=\"font-family: Consolas, Monaco, monospace;\">BESTILLINGSSKJEMA<\/span><\/strong><\/h1>\n<\/div>\n<p>[\/vc_custom_heading]\n<div class=\"wpcf7 no-js\" id=\"wpcf7-f163263-o1\" lang=\"en-US\" dir=\"ltr\" data-wpcf7-id=\"163263\">\n<div class=\"screen-reader-response\"><p role=\"status\" aria-live=\"polite\" aria-atomic=\"true\"><\/p> <ul><\/ul><\/div>\n<form action=\"\/no\/wp-json\/wp\/v2\/pages\/163266#wpcf7-f163263-o1\" method=\"post\" class=\"wpcf7-form init\" aria-label=\"Contact form\" novalidate=\"novalidate\" data-status=\"init\">\n<fieldset class=\"hidden-fields-container\"><input type=\"hidden\" name=\"_wpcf7\" value=\"163263\" \/><input type=\"hidden\" name=\"_wpcf7_version\" value=\"6.1.5\" \/><input type=\"hidden\" name=\"_wpcf7_locale\" value=\"en_US\" \/><input type=\"hidden\" name=\"_wpcf7_unit_tag\" value=\"wpcf7-f163263-o1\" \/><input type=\"hidden\" name=\"_wpcf7_container_post\" value=\"0\" \/><input type=\"hidden\" name=\"_wpcf7_posted_data_hash\" value=\"\" \/><input type=\"hidden\" name=\"_wpcf7_recaptcha_response\" value=\"\" \/>\n<\/fieldset>\n<p><span class=\"wpcf7-form-control-wrap\" data-name=\"text-Firmanavn\"><input size=\"40\" maxlength=\"400\" class=\"wpcf7-form-control wpcf7-text wpcf7-validates-as-required\" aria-required=\"true\" aria-invalid=\"false\" placeholder=\"Firmanavn*\" value=\"\" type=\"text\" name=\"text-Firmanavn\" \/><\/span>\n<\/p>\n<p><span class=\"wpcf7-form-control-wrap\" data-name=\"text-Kundenr\"><input size=\"40\" maxlength=\"400\" class=\"wpcf7-form-control wpcf7-text wpcf7-validates-as-required\" aria-required=\"true\" aria-invalid=\"false\" placeholder=\"Kundenr*\" value=\"\" type=\"text\" name=\"text-Kundenr\" \/><\/span>\n<\/p>\n<p><span class=\"wpcf7-form-control-wrap\" data-name=\"text-Leveringsadresse\"><input size=\"40\" maxlength=\"400\" class=\"wpcf7-form-control wpcf7-text wpcf7-validates-as-required\" aria-required=\"true\" aria-invalid=\"false\" placeholder=\"Leveringsadresse*\" value=\"\" type=\"text\" name=\"text-Leveringsadresse\" \/><\/span>\n<\/p>\n<p>Produkt\n<\/p>\n<p><span class=\"wpcf7-form-control-wrap\" data-name=\"menu-640\"><select class=\"wpcf7-form-control wpcf7-select\" aria-invalid=\"false\" name=\"menu-640\"><option value=\"Ikke valgt\">Ikke valgt<\/option><option value=\"B\u00e5ndruller\">B\u00e5ndruller<\/option><option value=\"Plastsekker til FinBin\">Plastsekker til FinBin<\/option><option value=\"Emballasjepresse\">Emballasjepresse<\/option><option value=\"Avfallskomprimatorer\">Avfallskomprimatorer<\/option><\/select><\/span>\n<\/p>\n<p><span class=\"wpcf7-form-control-wrap\" data-name=\"text-antall-esker\"><input size=\"40\" maxlength=\"400\" class=\"wpcf7-form-control wpcf7-text\" aria-invalid=\"false\" placeholder=\"Antall esker (f.eks. 4)\" value=\"\" type=\"text\" name=\"text-antall-esker\" \/><\/span>\n<\/p>\n<p>Kontaktinformasjon\n<\/p>\n<div class=\"wpcf7-inline-wrapper\">\n\t<p class=\"wpcf7-inline-field\"><span class=\"wpcf7-form-control-wrap\" data-name=\"your-fullname\"><input size=\"40\" maxlength=\"400\" class=\"wpcf7-form-control wpcf7-text wpcf7-validates-as-required form-fluid\" aria-required=\"true\" aria-invalid=\"false\" placeholder=\"Fornavn etternavn*\" value=\"\" type=\"text\" name=\"your-fullname\" \/><\/span>\n\t<\/p>\n\t<p class=\"wpcf7-inline-field\"><span class=\"wpcf7-form-control-wrap\" data-name=\"your-email\"><input size=\"40\" maxlength=\"400\" class=\"wpcf7-form-control wpcf7-email wpcf7-validates-as-required wpcf7-text wpcf7-validates-as-email\" aria-required=\"true\" aria-invalid=\"false\" placeholder=\"E-post*\" value=\"\" type=\"email\" name=\"your-email\" \/><\/span>\n\t<\/p>\n\t<p class=\"wpcf7-inline-field\"><span class=\"wpcf7-form-control-wrap\" data-name=\"your-telephone\"><input size=\"40\" maxlength=\"400\" class=\"wpcf7-form-control wpcf7-text wpcf7-validates-as-required form-fluid\" aria-required=\"true\" aria-invalid=\"false\" placeholder=\"Telefonnummer*\" value=\"\" type=\"text\" name=\"your-telephone\" \/><\/span>\n\t<\/p>\n<\/div>\n<p><span class=\"wpcf7-form-control-wrap\" data-name=\"your-message\"><textarea cols=\"40\" rows=\"8\" maxlength=\"2000\" class=\"wpcf7-form-control wpcf7-textarea\" aria-invalid=\"false\" placeholder=\"Kommentar\" name=\"your-message\"><\/textarea><\/span>\n<\/p>\n<p><input class=\"wpcf7-form-control wpcf7-submit has-spinner btn btn-accent btn-circle\" type=\"submit\" value=\"Send\" \/>\n<\/p><div class=\"wpcf7-response-output\" aria-hidden=\"true\"><\/div>\n<\/form>\n<\/div>\n[\/vc_column][\/vc_row][vc_row row_height_percent=&raquo;0&#8243; override_padding=&raquo;yes&raquo; h_padding=&raquo;2&#8243; top_padding=&raquo;5&#8243; bottom_padding=&raquo;5&#8243; back_color=&raquo;color-lxmt&raquo; overlay_alpha=&raquo;100&#8243; gutter_size=&raquo;100&#8243; column_width_percent=&raquo;100&#8243; shift_y=&raquo;0&#8243; z_index=&raquo;0&#8243; style=&raquo;inherited&raquo;][vc_column column_width_use_pixel=&raquo;yes&raquo; align_horizontal=&raquo;align_center&raquo; gutter_size=&raquo;4&#8243; overlay_alpha=&raquo;100&#8243; shift_x=&raquo;0&#8243; shift_y=&raquo;0&#8243; medium_width=&raquo;100&#8243; zoom_width=&raquo;0&#8243; zoom_height=&raquo;0&#8243; width=&raquo;1\/1&#8243; column_width_pixel=&raquo;1400&#8243;][vc_custom_heading heading_semantic=&raquo;h1&#8243; text_size=&raquo;h1&#8243; text_transform=&raquo;uppercase&raquo; separator_color=&raquo;yes&raquo; separator=&raquo;yes&raquo; text_align=&raquo;text-center&raquo; subheading=&raquo;Europress AS<br \/>\nAvstikkeren 2, 3420 Lierskogen<br \/>\nTel. 815 00 221<br \/>\nE-post: post@europress.no<\/p>\n<p>De ansattes e-postadresser f\u00f8lger dette oppsettet:<br \/>\nfornavn.etternavn@europress.no&raquo; uncode_shortcode_id=&raquo;730063&#8243;]Kontaktinformasjon[\/vc_custom_heading][\/vc_column][\/vc_row][vc_row][vc_column width=&raquo;1\/1&#8243;][\/vc_column][\/vc_row]<\/p>\n<\/div>","protected":false},"excerpt":{"rendered":"<p>[vc_row unlock_row_content=&raquo;yes&raquo; row_height_percent=&raquo;60&#8243; override_padding=&raquo;yes&raquo; h_padding=&raquo;0&#8243; top_padding=&raquo;0&#8243; bottom_padding=&raquo;0&#8243; overlay_alpha=&raquo;100&#8243; gutter_size=&raquo;0&#8243; column_width_percent=&raquo;100&#8243; shift_y=&raquo;0&#8243; z_index=&raquo;0&#8243;][vc_column column_width_percent=&raquo;100&#8243; position_horizontal=&raquo;left&raquo; gutter_size=&raquo;3&#8243; override_padding=&raquo;yes&raquo; column_padding=&raquo;5&#8243; expand_height=&raquo;yes&raquo; overlay_alpha=&raquo;100&#8243; shift_x=&raquo;0&#8243; [&hellip;]<\/p>\n","protected":false},"author":44,"featured_media":0,"parent":0,"menu_order":0,"comment_status":"closed","ping_status":"closed","template":"","meta":{"footnotes":""},"class_list":["post-163266","page","type-page","status-publish","hentry"],"yoast_head":"<!-- This site is optimized with the Yoast SEO Premium plugin v27.3 (Yoast SEO v27.3) - https:\/\/yoast.com\/product\/yoast-seo-premium-wordpress\/ -->\n<title>B\u00c5NDRULLER - Europress Group<\/title>\n<meta name=\"robots\" content=\"index, follow, max-snippet:-1, max-image-preview:large, max-video-preview:-1\" \/>\n<link rel=\"canonical\" href=\"https:\/\/europressgroup.com\/no\/bandruller\/\" \/>\n<meta property=\"og:locale\" content=\"nb_NO\" \/>\n<meta property=\"og:type\" content=\"article\" \/>\n<meta property=\"og:title\" content=\"B\u00c5NDRULLER\" \/>\n<meta property=\"og:description\" content=\"WG45 B\u00c5NDRULLERRobust og brukervennlig l\u00f8sning for ballepresserWG45 Polyesterb\u00e5nd \u2013 Effektiv og slitesterk innbinding WG45 er en h\u00f8ykvalitets b\u00e5ndrull\" \/>\n<meta property=\"og:url\" content=\"https:\/\/europressgroup.com\/no\/bandruller\/\" \/>\n<meta property=\"og:site_name\" content=\"Europress Group\" \/>\n<meta property=\"article:publisher\" content=\"https:\/\/www.facebook.com\/europresswastehandling\" \/>\n<meta property=\"article:modified_time\" content=\"2026-01-12T08:46:59+00:00\" \/>\n<meta property=\"og:image\" content=\"https:\/\/europressgroup.com\/wp-content\/uploads\/2022\/01\/IMG_0133-scaled.jpg\" \/>\n\t<meta property=\"og:image:width\" content=\"2560\" \/>\n\t<meta property=\"og:image:height\" content=\"1707\" \/>\n\t<meta property=\"og:image:type\" content=\"image\/jpeg\" \/>\n<meta name=\"twitter:card\" content=\"summary_large_image\" \/>\n<meta name=\"twitter:site\" content=\"@EPWastehandling\" \/>\n<meta name=\"twitter:label1\" content=\"Ansl. lesetid\" \/>\n\t<meta name=\"twitter:data1\" content=\"2 minutter\" \/>\n<script type=\"application\/ld+json\" class=\"yoast-schema-graph\">{\"@context\":\"https:\\\/\\\/schema.org\",\"@graph\":[{\"@type\":\"WebPage\",\"@id\":\"https:\\\/\\\/europressgroup.com\\\/no\\\/bandruller\\\/\",\"url\":\"https:\\\/\\\/europressgroup.com\\\/no\\\/bandruller\\\/\",\"name\":\"B\u00c5NDRULLER - Europress Group\",\"isPartOf\":{\"@id\":\"https:\\\/\\\/europressgroup.com\\\/no\\\/#website\"},\"datePublished\":\"2025-10-06T11:07:50+00:00\",\"dateModified\":\"2026-01-12T08:46:59+00:00\",\"breadcrumb\":{\"@id\":\"https:\\\/\\\/europressgroup.com\\\/no\\\/bandruller\\\/#breadcrumb\"},\"inLanguage\":\"nb-NO\",\"potentialAction\":[{\"@type\":\"ReadAction\",\"target\":[\"https:\\\/\\\/europressgroup.com\\\/no\\\/bandruller\\\/\"]}]},{\"@type\":\"BreadcrumbList\",\"@id\":\"https:\\\/\\\/europressgroup.com\\\/no\\\/bandruller\\\/#breadcrumb\",\"itemListElement\":[{\"@type\":\"ListItem\",\"position\":1,\"name\":\"Home\",\"item\":\"https:\\\/\\\/europressgroup.com\\\/no\\\/\"},{\"@type\":\"ListItem\",\"position\":2,\"name\":\"B\u00c5NDRULLER\"}]},{\"@type\":\"WebSite\",\"@id\":\"https:\\\/\\\/europressgroup.com\\\/no\\\/#website\",\"url\":\"https:\\\/\\\/europressgroup.com\\\/no\\\/\",\"name\":\"Europress Group\",\"description\":\"Northern European leader in Environmental Technology\",\"publisher\":{\"@id\":\"https:\\\/\\\/europressgroup.com\\\/no\\\/#organization\"},\"potentialAction\":[{\"@type\":\"SearchAction\",\"target\":{\"@type\":\"EntryPoint\",\"urlTemplate\":\"https:\\\/\\\/europressgroup.com\\\/no\\\/?s={search_term_string}\"},\"query-input\":{\"@type\":\"PropertyValueSpecification\",\"valueRequired\":true,\"valueName\":\"search_term_string\"}}],\"inLanguage\":\"nb-NO\"},{\"@type\":\"Organization\",\"@id\":\"https:\\\/\\\/europressgroup.com\\\/no\\\/#organization\",\"name\":\"Europress Group\",\"url\":\"https:\\\/\\\/europressgroup.com\\\/no\\\/\",\"logo\":{\"@type\":\"ImageObject\",\"inLanguage\":\"nb-NO\",\"@id\":\"https:\\\/\\\/europressgroup.com\\\/no\\\/#\\\/schema\\\/logo\\\/image\\\/\",\"url\":\"https:\\\/\\\/europressgroup.com\\\/wp-content\\\/uploads\\\/2018\\\/12\\\/Europress-logo-1.png\",\"contentUrl\":\"https:\\\/\\\/europressgroup.com\\\/wp-content\\\/uploads\\\/2018\\\/12\\\/Europress-logo-1.png\",\"width\":478,\"height\":75,\"caption\":\"Europress Group\"},\"image\":{\"@id\":\"https:\\\/\\\/europressgroup.com\\\/no\\\/#\\\/schema\\\/logo\\\/image\\\/\"},\"sameAs\":[\"https:\\\/\\\/www.facebook.com\\\/europresswastehandling\",\"https:\\\/\\\/x.com\\\/EPWastehandling\",\"https:\\\/\\\/www.instagram.com\\\/europressgroup\\\/\",\"https:\\\/\\\/www.linkedin.com\\\/company\\\/europress\"],\"publishingPrinciples\":\"https:\\\/\\\/europressgroup.com\\\/environment-safety-quality\\\/\",\"ownershipFundingInfo\":\"https:\\\/\\\/europressgroup.com\\\/history\\\/\",\"actionableFeedbackPolicy\":\"https:\\\/\\\/europressgroup.com\\\/customer-feedback\\\/\",\"correctionsPolicy\":\"https:\\\/\\\/europressgroup.com\\\/customer-feedback\\\/\",\"ethicsPolicy\":\"https:\\\/\\\/europressgroup.com\\\/responsibility\\\/\"}]}<\/script>\n<!-- \/ Yoast SEO Premium plugin. -->","yoast_head_json":{"title":"B\u00c5NDRULLER - Europress Group","robots":{"index":"index","follow":"follow","max-snippet":"max-snippet:-1","max-image-preview":"max-image-preview:large","max-video-preview":"max-video-preview:-1"},"canonical":"https:\/\/europressgroup.com\/no\/bandruller\/","og_locale":"nb_NO","og_type":"article","og_title":"B\u00c5NDRULLER","og_description":"WG45 B\u00c5NDRULLERRobust og brukervennlig l\u00f8sning for ballepresserWG45 Polyesterb\u00e5nd \u2013 Effektiv og slitesterk innbinding WG45 er en h\u00f8ykvalitets b\u00e5ndrull","og_url":"https:\/\/europressgroup.com\/no\/bandruller\/","og_site_name":"Europress Group","article_publisher":"https:\/\/www.facebook.com\/europresswastehandling","article_modified_time":"2026-01-12T08:46:59+00:00","og_image":[{"width":2560,"height":1707,"url":"https:\/\/europressgroup.com\/wp-content\/uploads\/2022\/01\/IMG_0133-scaled.jpg","type":"image\/jpeg"}],"twitter_card":"summary_large_image","twitter_site":"@EPWastehandling","twitter_misc":{"Ansl. lesetid":"2 minutter"},"schema":{"@context":"https:\/\/schema.org","@graph":[{"@type":"WebPage","@id":"https:\/\/europressgroup.com\/no\/bandruller\/","url":"https:\/\/europressgroup.com\/no\/bandruller\/","name":"B\u00c5NDRULLER - Europress Group","isPartOf":{"@id":"https:\/\/europressgroup.com\/no\/#website"},"datePublished":"2025-10-06T11:07:50+00:00","dateModified":"2026-01-12T08:46:59+00:00","breadcrumb":{"@id":"https:\/\/europressgroup.com\/no\/bandruller\/#breadcrumb"},"inLanguage":"nb-NO","potentialAction":[{"@type":"ReadAction","target":["https:\/\/europressgroup.com\/no\/bandruller\/"]}]},{"@type":"BreadcrumbList","@id":"https:\/\/europressgroup.com\/no\/bandruller\/#breadcrumb","itemListElement":[{"@type":"ListItem","position":1,"name":"Home","item":"https:\/\/europressgroup.com\/no\/"},{"@type":"ListItem","position":2,"name":"B\u00c5NDRULLER"}]},{"@type":"WebSite","@id":"https:\/\/europressgroup.com\/no\/#website","url":"https:\/\/europressgroup.com\/no\/","name":"Europress Group","description":"Northern European leader in Environmental Technology","publisher":{"@id":"https:\/\/europressgroup.com\/no\/#organization"},"potentialAction":[{"@type":"SearchAction","target":{"@type":"EntryPoint","urlTemplate":"https:\/\/europressgroup.com\/no\/?s={search_term_string}"},"query-input":{"@type":"PropertyValueSpecification","valueRequired":true,"valueName":"search_term_string"}}],"inLanguage":"nb-NO"},{"@type":"Organization","@id":"https:\/\/europressgroup.com\/no\/#organization","name":"Europress Group","url":"https:\/\/europressgroup.com\/no\/","logo":{"@type":"ImageObject","inLanguage":"nb-NO","@id":"https:\/\/europressgroup.com\/no\/#\/schema\/logo\/image\/","url":"https:\/\/europressgroup.com\/wp-content\/uploads\/2018\/12\/Europress-logo-1.png","contentUrl":"https:\/\/europressgroup.com\/wp-content\/uploads\/2018\/12\/Europress-logo-1.png","width":478,"height":75,"caption":"Europress Group"},"image":{"@id":"https:\/\/europressgroup.com\/no\/#\/schema\/logo\/image\/"},"sameAs":["https:\/\/www.facebook.com\/europresswastehandling","https:\/\/x.com\/EPWastehandling","https:\/\/www.instagram.com\/europressgroup\/","https:\/\/www.linkedin.com\/company\/europress"],"publishingPrinciples":"https:\/\/europressgroup.com\/environment-safety-quality\/","ownershipFundingInfo":"https:\/\/europressgroup.com\/history\/","actionableFeedbackPolicy":"https:\/\/europressgroup.com\/customer-feedback\/","correctionsPolicy":"https:\/\/europressgroup.com\/customer-feedback\/","ethicsPolicy":"https:\/\/europressgroup.com\/responsibility\/"}]}},"_links":{"self":[{"href":"https:\/\/europressgroup.com\/no\/wp-json\/wp\/v2\/pages\/163266","targetHints":{"allow":["GET"]}}],"collection":[{"href":"https:\/\/europressgroup.com\/no\/wp-json\/wp\/v2\/pages"}],"about":[{"href":"https:\/\/europressgroup.com\/no\/wp-json\/wp\/v2\/types\/page"}],"author":[{"embeddable":true,"href":"https:\/\/europressgroup.com\/no\/wp-json\/wp\/v2\/users\/44"}],"replies":[{"embeddable":true,"href":"https:\/\/europressgroup.com\/no\/wp-json\/wp\/v2\/comments?post=163266"}],"version-history":[{"count":20,"href":"https:\/\/europressgroup.com\/no\/wp-json\/wp\/v2\/pages\/163266\/revisions"}],"predecessor-version":[{"id":165224,"href":"https:\/\/europressgroup.com\/no\/wp-json\/wp\/v2\/pages\/163266\/revisions\/165224"}],"wp:attachment":[{"href":"https:\/\/europressgroup.com\/no\/wp-json\/wp\/v2\/media?parent=163266"}],"curies":[{"name":"wp","href":"https:\/\/api.w.org\/{rel}","templated":true}]}}