{"id":155508,"date":"2025-06-17T10:15:17","date_gmt":"2025-06-17T07:15:17","guid":{"rendered":"https:\/\/europressgroup.com\/?page_id=155508"},"modified":"2026-01-20T10:39:28","modified_gmt":"2026-01-20T08:39:28","slug":"referanseprosjekter","status":"publish","type":"page","link":"https:\/\/europressgroup.com\/no\/referanseprosjekter\/","title":{"rendered":"Referanseprosjekter"},"content":{"rendered":"<div class=\"wpb-content-wrapper\"><p>[vc_row row_height_percent=&raquo;0&#8243; override_padding=&raquo;yes&raquo; h_padding=&raquo;2&#8243; top_padding=&raquo;3&#8243; bottom_padding=&raquo;3&#8243; back_color=&raquo;color-xsdn&raquo; overlay_alpha=&raquo;100&#8243; gutter_size=&raquo;100&#8243; column_width_percent=&raquo;100&#8243; shift_y=&raquo;0&#8243; z_index=&raquo;0&#8243; content_parallax=&raquo;0&#8243; style=&raquo;inherited&raquo; uncode_shortcode_id=&raquo;154989&#8243; back_color_type=&raquo;uncode-palette&raquo;][vc_column column_width_percent=&raquo;100&#8243; gutter_size=&raquo;3&#8243; override_padding=&raquo;yes&raquo; column_padding=&raquo;0&#8243; overlay_alpha=&raquo;100&#8243; shift_x=&raquo;0&#8243; shift_y=&raquo;0&#8243; medium_width=&raquo;0&#8243; zoom_width=&raquo;0&#8243; zoom_height=&raquo;0&#8243; width=&raquo;1\/1&#8243;][vc_empty_space empty_h=&raquo;0&#8243;][\/vc_column][\/vc_row][vc_row row_height_percent=&raquo;0&#8243; override_padding=&raquo;yes&raquo; h_padding=&raquo;2&#8243; top_padding=&raquo;0&#8243; bottom_padding=&raquo;5&#8243; overlay_alpha=&raquo;50&#8243; gutter_size=&raquo;4&#8243; column_width_percent=&raquo;100&#8243; shift_y=&raquo;0&#8243; z_index=&raquo;0&#8243; uncode_shortcode_id=&raquo;142634&#8243;][vc_column column_width_percent=&raquo;100&#8243; gutter_size=&raquo;3&#8243; overlay_alpha=&raquo;50&#8243; shift_x=&raquo;0&#8243; shift_y=&raquo;0&#8243; shift_y_down=&raquo;0&#8243; z_index=&raquo;0&#8243; medium_width=&raquo;6&#8243; mobile_width=&raquo;0&#8243; css_animation=&raquo;alpha-anim&raquo; animation_speed=&raquo;1000&#8243; width=&raquo;8\/12&#8243; uncode_shortcode_id=&raquo;196782&#8243;][vc_custom_heading text_color=&raquo;color-186284&#8243; heading_semantic=&raquo;h6&#8243; text_font=&raquo;font-762333&#8243; text_size=&raquo;h3&#8243; text_height=&raquo;fontheight-357766&#8243; uncode_shortcode_id=&raquo;129897&#8243; text_color_type=&raquo;uncode-palette&raquo;]<span data-olk-copy-source=\"MessageBody\">Her deler vi informasjon fra utvalgte prosjekter og samarbeid. Casene gir innsikt i hvordan vi jobber i praksis, hvilke utfordringer vi m\u00f8ter \u2013 og hvordan vi skaper verdi gjennom konkrete l\u00f8sninger<\/span>[\/vc_custom_heading][vc_accordion typography=&raquo;advanced&raquo; sign=&raquo;plus&raquo; label_border=&raquo;yes&raquo; content_border=&raquo;yes&raquo; gutter_simple=&raquo;0&#8243; no_h_padding=&raquo;yes&raquo; titles_size=&raquo;h3&#8243; titles_weight=&raquo;600&#8243; uncode_shortcode_id=&raquo;418992&#8243; active_tab=&raquo;0&#8243;][vc_accordion_tab gutter_size=&raquo;3&#8243; column_padding=&raquo;2&#8243; title=&raquo;AMFI MOA&raquo; tab_id=&raquo;1665420124-2-016726707058391715758053407e6d9-22de&raquo;][vc_column_text uncode_shortcode_id=&raquo;217002&#8243;]<em><strong>AMFI MOA<\/strong><\/em> er et kj\u00f8pesenter i Olav Thon Gruppen. Kj\u00f8pesenteret er et av landets st\u00f8rste b\u00e5de i areal og omsetning, og har et sterkt fokus p\u00e5 kildesortering, milj\u00f8 og effektiv avfallsh\u00e5ndtering i form av SMART komprimerende utstyr.<\/p>\n<p style=\"text-align: left;\">Les mer her: <a href=\"https:\/\/europressgroup.com\/wp-content\/uploads\/2025\/06\/Case-study_Amfi-Moa.pdf\"><em>Casestudie &#8211; Amfi Moa<\/em><\/a><\/p>\n<p>[\/vc_column_text][\/vc_accordion_tab][vc_accordion_tab gutter_size=&raquo;3&#8243; column_padding=&raquo;2&#8243; title=&raquo;BYHAVEN&raquo; tab_id=&raquo;10314d48-70e0-016726707058391715758053407e6d9-22de&raquo;][vc_column_text uncode_shortcode_id=&raquo;206060&#8243;]<strong>Byhaven Handelshus <\/strong>er et moderne handels- og m\u00f8tested som samler et variert utvalg av butikker, spisesteder og tjenester under samme tak. Med fokus p\u00e5 kvalitet, lokal tilh\u00f8righet og gode opplevelser, tilbyr Byhaven Handelshus en unik kombinasjon av shopping, kultur og gastronomi \u2013 midt i hjertet av byen.<\/p>\n<p>Europress leverte i dette prosjektet en CombiMOD komprimator med innkast fra rampe.<\/p>\n<p style=\"text-align: left;\">Les mer her: <a href=\"https:\/\/europressgroup.com\/wp-content\/uploads\/2026\/01\/Case-study_Byhaven_NO.pdf\"><em>Casestudie &#8211; Byhaven<\/em><\/a><\/p>\n<p>[\/vc_column_text][\/vc_accordion_tab][vc_accordion_tab gutter_size=&raquo;3&#8243; column_padding=&raquo;2&#8243; title=&raquo;JOTUN&raquo; tab_id=&raquo;1665420124-1-8616726707058391715758053407e6d9-22de&raquo;][vc_column_text uncode_shortcode_id=&raquo;425165&#8243;]<em><strong>Jotun<\/strong><\/em> er Norges ledende produsent av maling og pulverlakker og er innenfor en rekke av sine omr\u00e5der blant de ledende selskaper, b\u00e5de i Europa og p\u00e5 verdensbasis.<\/p>\n<p>Europress leverte 8stk Combimax med bok\u00e5pning, 2 rollpackere og 3 fjernkontroller.<\/p>\n<p>Les mer her: <a href=\"https:\/\/europressgroup.com\/wp-content\/uploads\/2026\/01\/Case-study_JOTUN_NO.pdf\"><em>Casestudie &#8211; Jotun<\/em><\/a>[\/vc_column_text][\/vc_accordion_tab][vc_accordion_tab gutter_size=&raquo;3&#8243; column_padding=&raquo;2&#8243; title=&raquo;KRANSEKAKEBAKERN&raquo; tab_id=&raquo;1665420124-1-8616726707058391715758053407e6d9-22de6&#8243;][vc_column_text uncode_shortcode_id=&raquo;196314&#8243;]<em><strong>Kransekakebakeren AS<\/strong><\/em> er en norsk familiebedrift med r\u00f8tter tilbake til 1987, da Arild Christoffersen begynte \u00e5 bake kransekaker hjemme p\u00e5 kj\u00f8kkenbenken. I dag er vi en moderne produksjonsbedrift med base i Askim, hvor vi hvert \u00e5r baker over 300 000 kransekaker og 600 000 kransekakestenger \u2013alle laget med naturlige, sertifiserte mandler og helt glutenfritt.<\/p>\n<p>Europress leverte en Balex-50 emballasjepresse for \u00e5 l\u00f8se utfordring med plast.<\/p>\n<p>Les mer her: <a class=\"_ps2id\" href=\"https:\/\/europressgroup.com\/wp-content\/uploads\/2026\/01\/Case-study_Kransekakebakern_NO.pdf\" data-ps2id-offset=\"\"><em>Casestudie &#8211;<\/em> Kransekakebakern AS<\/a>[\/vc_column_text][\/vc_accordion_tab][\/vc_accordion][\/vc_column][vc_column column_width_percent=&raquo;100&#8243; gutter_size=&raquo;2&#8243; overlay_alpha=&raquo;50&#8243; shift_x=&raquo;0&#8243; shift_y=&raquo;0&#8243; shift_y_down=&raquo;0&#8243; z_index=&raquo;0&#8243; medium_width=&raquo;2&#8243; mobile_width=&raquo;0&#8243; css_animation=&raquo;alpha-anim&raquo; animation_speed=&raquo;1000&#8243; width=&raquo;4\/12&#8243; uncode_shortcode_id=&raquo;183889&#8243;][vc_single_image media=&raquo;155750&#8243; media_width_percent=&raquo;100&#8243; uncode_shortcode_id=&raquo;173067&#8243;][\/vc_column][\/vc_row]<\/p>\n<\/div>","protected":false},"excerpt":{"rendered":"<p>[vc_row row_height_percent=&raquo;0&#8243; override_padding=&raquo;yes&raquo; h_padding=&raquo;2&#8243; top_padding=&raquo;3&#8243; bottom_padding=&raquo;3&#8243; back_color=&raquo;color-xsdn&raquo; overlay_alpha=&raquo;100&#8243; gutter_size=&raquo;100&#8243; column_width_percent=&raquo;100&#8243; shift_y=&raquo;0&#8243; z_index=&raquo;0&#8243; content_parallax=&raquo;0&#8243; style=&raquo;inherited&raquo; uncode_shortcode_id=&raquo;154989&#8243; back_color_type=&raquo;uncode-palette&raquo;][vc_column column_width_percent=&raquo;100&#8243; gutter_size=&raquo;3&#8243; override_padding=&raquo;yes&raquo; column_padding=&raquo;0&#8243; [&hellip;]<\/p>\n","protected":false},"author":44,"featured_media":0,"parent":0,"menu_order":0,"comment_status":"open","ping_status":"closed","template":"","meta":{"footnotes":""},"class_list":["post-155508","page","type-page","status-publish","hentry"],"yoast_head":"<!-- This site is optimized with the Yoast SEO Premium plugin v27.3 (Yoast SEO v27.3) - https:\/\/yoast.com\/product\/yoast-seo-premium-wordpress\/ -->\n<title>Referanseprosjekter - Europress Group<\/title>\n<meta name=\"description\" content=\"Europress Customer stories, Smart references and Solution stories. Read about Europress reference stories here.\" \/>\n<meta name=\"robots\" content=\"index, follow, max-snippet:-1, max-image-preview:large, max-video-preview:-1\" \/>\n<link rel=\"canonical\" href=\"https:\/\/europressgroup.com\/no\/referanseprosjekter\/\" \/>\n<meta property=\"og:locale\" content=\"nb_NO\" \/>\n<meta property=\"og:type\" content=\"article\" \/>\n<meta property=\"og:title\" content=\"Referanseprosjekter\" \/>\n<meta property=\"og:description\" content=\"Her deler vi informasjon fra utvalgte prosjekter og samarbeid. Casene gir innsikt i hvordan vi jobber i praksis, hvilke utfordringer vi m\u00f8ter \u2013 og hvordan\" \/>\n<meta property=\"og:url\" content=\"https:\/\/europressgroup.com\/no\/referanseprosjekter\/\" \/>\n<meta property=\"og:site_name\" content=\"Europress Group\" \/>\n<meta property=\"article:publisher\" content=\"https:\/\/www.facebook.com\/europresswastehandling\" \/>\n<meta property=\"article:modified_time\" content=\"2026-01-20T08:39:28+00:00\" \/>\n<meta property=\"og:image\" content=\"https:\/\/europressgroup.com\/wp-content\/uploads\/2022\/01\/IMG_0133-scaled.jpg\" \/>\n\t<meta property=\"og:image:width\" content=\"2560\" \/>\n\t<meta property=\"og:image:height\" content=\"1707\" \/>\n\t<meta property=\"og:image:type\" content=\"image\/jpeg\" \/>\n<meta name=\"twitter:card\" content=\"summary_large_image\" \/>\n<meta name=\"twitter:title\" content=\"false\" \/>\n<meta name=\"twitter:site\" content=\"@EPWastehandling\" \/>\n<meta name=\"twitter:label1\" content=\"Ansl. lesetid\" \/>\n\t<meta name=\"twitter:data1\" content=\"2 minutter\" \/>\n<script type=\"application\/ld+json\" class=\"yoast-schema-graph\">{\"@context\":\"https:\\\/\\\/schema.org\",\"@graph\":[{\"@type\":\"WebPage\",\"@id\":\"https:\\\/\\\/europressgroup.com\\\/no\\\/referanseprosjekter\\\/\",\"url\":\"https:\\\/\\\/europressgroup.com\\\/no\\\/referanseprosjekter\\\/\",\"name\":\"Referanseprosjekter - Europress Group\",\"isPartOf\":{\"@id\":\"https:\\\/\\\/europressgroup.com\\\/no\\\/#website\"},\"datePublished\":\"2025-06-17T07:15:17+00:00\",\"dateModified\":\"2026-01-20T08:39:28+00:00\",\"description\":\"Europress Customer stories, Smart references and Solution stories. Read about Europress reference stories here.\",\"breadcrumb\":{\"@id\":\"https:\\\/\\\/europressgroup.com\\\/no\\\/referanseprosjekter\\\/#breadcrumb\"},\"inLanguage\":\"nb-NO\",\"potentialAction\":[{\"@type\":\"ReadAction\",\"target\":[\"https:\\\/\\\/europressgroup.com\\\/no\\\/referanseprosjekter\\\/\"]}]},{\"@type\":\"BreadcrumbList\",\"@id\":\"https:\\\/\\\/europressgroup.com\\\/no\\\/referanseprosjekter\\\/#breadcrumb\",\"itemListElement\":[{\"@type\":\"ListItem\",\"position\":1,\"name\":\"Home\",\"item\":\"https:\\\/\\\/europressgroup.com\\\/no\\\/\"},{\"@type\":\"ListItem\",\"position\":2,\"name\":\"Referanseprosjekter\"}]},{\"@type\":\"WebSite\",\"@id\":\"https:\\\/\\\/europressgroup.com\\\/no\\\/#website\",\"url\":\"https:\\\/\\\/europressgroup.com\\\/no\\\/\",\"name\":\"Europress Group\",\"description\":\"Northern European leader in Environmental Technology\",\"publisher\":{\"@id\":\"https:\\\/\\\/europressgroup.com\\\/no\\\/#organization\"},\"potentialAction\":[{\"@type\":\"SearchAction\",\"target\":{\"@type\":\"EntryPoint\",\"urlTemplate\":\"https:\\\/\\\/europressgroup.com\\\/no\\\/?s={search_term_string}\"},\"query-input\":{\"@type\":\"PropertyValueSpecification\",\"valueRequired\":true,\"valueName\":\"search_term_string\"}}],\"inLanguage\":\"nb-NO\"},{\"@type\":\"Organization\",\"@id\":\"https:\\\/\\\/europressgroup.com\\\/no\\\/#organization\",\"name\":\"Europress Group\",\"url\":\"https:\\\/\\\/europressgroup.com\\\/no\\\/\",\"logo\":{\"@type\":\"ImageObject\",\"inLanguage\":\"nb-NO\",\"@id\":\"https:\\\/\\\/europressgroup.com\\\/no\\\/#\\\/schema\\\/logo\\\/image\\\/\",\"url\":\"https:\\\/\\\/europressgroup.com\\\/wp-content\\\/uploads\\\/2018\\\/12\\\/Europress-logo-1.png\",\"contentUrl\":\"https:\\\/\\\/europressgroup.com\\\/wp-content\\\/uploads\\\/2018\\\/12\\\/Europress-logo-1.png\",\"width\":478,\"height\":75,\"caption\":\"Europress Group\"},\"image\":{\"@id\":\"https:\\\/\\\/europressgroup.com\\\/no\\\/#\\\/schema\\\/logo\\\/image\\\/\"},\"sameAs\":[\"https:\\\/\\\/www.facebook.com\\\/europresswastehandling\",\"https:\\\/\\\/x.com\\\/EPWastehandling\",\"https:\\\/\\\/www.instagram.com\\\/europressgroup\\\/\",\"https:\\\/\\\/www.linkedin.com\\\/company\\\/europress\"],\"publishingPrinciples\":\"https:\\\/\\\/europressgroup.com\\\/environment-safety-quality\\\/\",\"ownershipFundingInfo\":\"https:\\\/\\\/europressgroup.com\\\/history\\\/\",\"actionableFeedbackPolicy\":\"https:\\\/\\\/europressgroup.com\\\/customer-feedback\\\/\",\"correctionsPolicy\":\"https:\\\/\\\/europressgroup.com\\\/customer-feedback\\\/\",\"ethicsPolicy\":\"https:\\\/\\\/europressgroup.com\\\/responsibility\\\/\"}]}<\/script>\n<!-- \/ Yoast SEO Premium plugin. -->","yoast_head_json":{"title":"Referanseprosjekter - Europress Group","description":"Europress Customer stories, Smart references and Solution stories. Read about Europress reference stories here.","robots":{"index":"index","follow":"follow","max-snippet":"max-snippet:-1","max-image-preview":"max-image-preview:large","max-video-preview":"max-video-preview:-1"},"canonical":"https:\/\/europressgroup.com\/no\/referanseprosjekter\/","og_locale":"nb_NO","og_type":"article","og_title":"Referanseprosjekter","og_description":"Her deler vi informasjon fra utvalgte prosjekter og samarbeid. Casene gir innsikt i hvordan vi jobber i praksis, hvilke utfordringer vi m\u00f8ter \u2013 og hvordan","og_url":"https:\/\/europressgroup.com\/no\/referanseprosjekter\/","og_site_name":"Europress Group","article_publisher":"https:\/\/www.facebook.com\/europresswastehandling","article_modified_time":"2026-01-20T08:39:28+00:00","og_image":[{"width":2560,"height":1707,"url":"https:\/\/europressgroup.com\/wp-content\/uploads\/2022\/01\/IMG_0133-scaled.jpg","type":"image\/jpeg"}],"twitter_card":"summary_large_image","twitter_title":"false","twitter_site":"@EPWastehandling","twitter_misc":{"Ansl. lesetid":"2 minutter"},"schema":{"@context":"https:\/\/schema.org","@graph":[{"@type":"WebPage","@id":"https:\/\/europressgroup.com\/no\/referanseprosjekter\/","url":"https:\/\/europressgroup.com\/no\/referanseprosjekter\/","name":"Referanseprosjekter - Europress Group","isPartOf":{"@id":"https:\/\/europressgroup.com\/no\/#website"},"datePublished":"2025-06-17T07:15:17+00:00","dateModified":"2026-01-20T08:39:28+00:00","description":"Europress Customer stories, Smart references and Solution stories. Read about Europress reference stories here.","breadcrumb":{"@id":"https:\/\/europressgroup.com\/no\/referanseprosjekter\/#breadcrumb"},"inLanguage":"nb-NO","potentialAction":[{"@type":"ReadAction","target":["https:\/\/europressgroup.com\/no\/referanseprosjekter\/"]}]},{"@type":"BreadcrumbList","@id":"https:\/\/europressgroup.com\/no\/referanseprosjekter\/#breadcrumb","itemListElement":[{"@type":"ListItem","position":1,"name":"Home","item":"https:\/\/europressgroup.com\/no\/"},{"@type":"ListItem","position":2,"name":"Referanseprosjekter"}]},{"@type":"WebSite","@id":"https:\/\/europressgroup.com\/no\/#website","url":"https:\/\/europressgroup.com\/no\/","name":"Europress Group","description":"Northern European leader in Environmental Technology","publisher":{"@id":"https:\/\/europressgroup.com\/no\/#organization"},"potentialAction":[{"@type":"SearchAction","target":{"@type":"EntryPoint","urlTemplate":"https:\/\/europressgroup.com\/no\/?s={search_term_string}"},"query-input":{"@type":"PropertyValueSpecification","valueRequired":true,"valueName":"search_term_string"}}],"inLanguage":"nb-NO"},{"@type":"Organization","@id":"https:\/\/europressgroup.com\/no\/#organization","name":"Europress Group","url":"https:\/\/europressgroup.com\/no\/","logo":{"@type":"ImageObject","inLanguage":"nb-NO","@id":"https:\/\/europressgroup.com\/no\/#\/schema\/logo\/image\/","url":"https:\/\/europressgroup.com\/wp-content\/uploads\/2018\/12\/Europress-logo-1.png","contentUrl":"https:\/\/europressgroup.com\/wp-content\/uploads\/2018\/12\/Europress-logo-1.png","width":478,"height":75,"caption":"Europress Group"},"image":{"@id":"https:\/\/europressgroup.com\/no\/#\/schema\/logo\/image\/"},"sameAs":["https:\/\/www.facebook.com\/europresswastehandling","https:\/\/x.com\/EPWastehandling","https:\/\/www.instagram.com\/europressgroup\/","https:\/\/www.linkedin.com\/company\/europress"],"publishingPrinciples":"https:\/\/europressgroup.com\/environment-safety-quality\/","ownershipFundingInfo":"https:\/\/europressgroup.com\/history\/","actionableFeedbackPolicy":"https:\/\/europressgroup.com\/customer-feedback\/","correctionsPolicy":"https:\/\/europressgroup.com\/customer-feedback\/","ethicsPolicy":"https:\/\/europressgroup.com\/responsibility\/"}]}},"_links":{"self":[{"href":"https:\/\/europressgroup.com\/no\/wp-json\/wp\/v2\/pages\/155508","targetHints":{"allow":["GET"]}}],"collection":[{"href":"https:\/\/europressgroup.com\/no\/wp-json\/wp\/v2\/pages"}],"about":[{"href":"https:\/\/europressgroup.com\/no\/wp-json\/wp\/v2\/types\/page"}],"author":[{"embeddable":true,"href":"https:\/\/europressgroup.com\/no\/wp-json\/wp\/v2\/users\/44"}],"replies":[{"embeddable":true,"href":"https:\/\/europressgroup.com\/no\/wp-json\/wp\/v2\/comments?post=155508"}],"version-history":[{"count":20,"href":"https:\/\/europressgroup.com\/no\/wp-json\/wp\/v2\/pages\/155508\/revisions"}],"predecessor-version":[{"id":165417,"href":"https:\/\/europressgroup.com\/no\/wp-json\/wp\/v2\/pages\/155508\/revisions\/165417"}],"wp:attachment":[{"href":"https:\/\/europressgroup.com\/no\/wp-json\/wp\/v2\/media?parent=155508"}],"curies":[{"name":"wp","href":"https:\/\/api.w.org\/{rel}","templated":true}]}}