{"id":152720,"date":"2025-04-22T15:02:28","date_gmt":"2025-04-22T12:02:28","guid":{"rendered":"https:\/\/europressgroup.com\/?page_id=152720"},"modified":"2025-04-22T15:08:07","modified_gmt":"2025-04-22T12:08:07","slug":"bunntomte-overflate-containere","status":"publish","type":"page","link":"https:\/\/europressgroup.com\/no\/bunntomte-overflate-containere\/","title":{"rendered":"BUNNT\u00d8MTE OVERFLATECONTAINERE"},"content":{"rendered":"<div class=\"wpb-content-wrapper\"><p>[vc_row row_height_percent=&raquo;0&#8243; override_padding=&raquo;yes&raquo; h_padding=&raquo;2&#8243; top_padding=&raquo;4&#8243; bottom_padding=&raquo;1&#8243; overlay_alpha=&raquo;50&#8243; equal_height=&raquo;yes&raquo; gutter_size=&raquo;3&#8243; column_width_percent=&raquo;100&#8243; shift_y=&raquo;0&#8243; z_index=&raquo;0&#8243; row_name=&raquo;Highlights&raquo;][vc_column column_width_percent=&raquo;100&#8243; position_horizontal=&raquo;left&raquo; position_vertical=&raquo;middle&raquo; align_horizontal=&raquo;align_center&raquo; gutter_size=&raquo;3&#8243; override_padding=&raquo;yes&raquo; column_padding=&raquo;2&#8243; overlay_alpha=&raquo;50&#8243; shift_x=&raquo;0&#8243; shift_y=&raquo;0&#8243; shift_y_down=&raquo;0&#8243; z_index=&raquo;0&#8243; medium_width=&raquo;4&#8243; mobile_width=&raquo;0&#8243; zoom_width=&raquo;0&#8243; zoom_height=&raquo;0&#8243; width=&raquo;1\/2&#8243;][vc_single_image media=&raquo;152751&#8243; media_width_percent=&raquo;50&#8243; image=&raquo;2286&#8243; border_color=&raquo;grey&raquo; img_link_target=&raquo;_self&raquo; img_size=&raquo;full&raquo; uncode_shortcode_id=&raquo;185162&#8243; title=&raquo;Aero- og Aero E-overflatecontainere&raquo;][\/vc_column][vc_column column_width_percent=&raquo;100&#8243; position_vertical=&raquo;middle&raquo; align_horizontal=&raquo;align_center&raquo; gutter_size=&raquo;3&#8243; expand_height=&raquo;yes&raquo; overlay_alpha=&raquo;50&#8243; shift_x=&raquo;0&#8243; shift_y=&raquo;0&#8243; shift_y_down=&raquo;0&#8243; z_index=&raquo;0&#8243; medium_width=&raquo;4&#8243; mobile_width=&raquo;0&#8243; zoom_width=&raquo;0&#8243; zoom_height=&raquo;0&#8243; width=&raquo;1\/6&#8243;][vc_icon icon=&raquo;fa fa-recycle&raquo; size=&raquo;fa-3x&raquo; text_height=&raquo;fontheight-179065&#8243; title=&raquo;BRUK&raquo; uncode_shortcode_id=&raquo;311952&#8243;]Papp<\/p>\n<p>Plast<\/p>\n<p>Restavfall<\/p>\n<p>Matavfall<\/p>\n<p>Glass og metallemballasje[\/vc_icon][\/vc_column][vc_column column_width_percent=&raquo;100&#8243; align_horizontal=&raquo;align_center&raquo; gutter_size=&raquo;3&#8243; expand_height=&raquo;yes&raquo; overlay_alpha=&raquo;50&#8243; shift_x=&raquo;0&#8243; shift_y=&raquo;0&#8243; shift_y_down=&raquo;0&#8243; z_index=&raquo;0&#8243; medium_width=&raquo;0&#8243; mobile_visibility=&raquo;yes&raquo; mobile_width=&raquo;0&#8243; width=&raquo;1\/6&#8243;][vc_icon icon=&raquo;fa fa-cogs&raquo; size=&raquo;fa-3x&raquo; text_height=&raquo;fontheight-179065&#8243; title=&raquo;FUNKSJONER&raquo; uncode_shortcode_id=&raquo;335891&#8243;]Kostnadseffektiv l\u00f8sning<\/p>\n<p>\u00d8ker sorteringsgraden<\/p>\n<p>Hindrer skadedyr<\/p>\n<p>Hindrer lukt<\/p>\n<p>Kan tilpasses etter behov[\/vc_icon][\/vc_column][vc_column column_width_percent=&raquo;100&#8243; align_horizontal=&raquo;align_center&raquo; gutter_size=&raquo;3&#8243; expand_height=&raquo;yes&raquo; overlay_alpha=&raquo;50&#8243; shift_x=&raquo;0&#8243; shift_y=&raquo;0&#8243; shift_y_down=&raquo;0&#8243; z_index=&raquo;0&#8243; medium_width=&raquo;0&#8243; mobile_width=&raquo;0&#8243; width=&raquo;1\/6&#8243;][vc_icon icon=&raquo;fa fa-th&raquo; size=&raquo;fa-3x&raquo; text_height=&raquo;fontheight-179065&#8243; title=&raquo;VOLUM&raquo; uncode_shortcode_id=&raquo;672276&#8243;]Fra 1m3 og opptil 5m3[\/vc_icon][\/vc_column][\/vc_row][vc_row row_height_percent=&raquo;0&#8243; override_padding=&raquo;yes&raquo; h_padding=&raquo;2&#8243; top_padding=&raquo;1&#8243; bottom_padding=&raquo;1&#8243; back_color=&raquo;color-xsdn&raquo; overlay_alpha=&raquo;100&#8243; equal_height=&raquo;yes&raquo; gutter_size=&raquo;0&#8243; column_width_percent=&raquo;100&#8243; shift_y=&raquo;0&#8243; z_index=&raquo;0&#8243; style=&raquo;dark&raquo; row_name=&raquo;Design &amp; Quality&raquo;][vc_column column_width_percent=&raquo;100&#8243; position_vertical=&raquo;middle&raquo; align_horizontal=&raquo;align_center&raquo; gutter_size=&raquo;3&#8243; override_padding=&raquo;yes&raquo; column_padding=&raquo;1&#8243; style=&raquo;light&raquo; back_color=&raquo;color-xsdn&raquo; overlay_alpha=&raquo;50&#8243; shift_x=&raquo;0&#8243; shift_y=&raquo;0&#8243; shift_y_down=&raquo;0&#8243; z_index=&raquo;0&#8243; medium_width=&raquo;0&#8243; mobile_width=&raquo;0&#8243; width=&raquo;1\/1&#8243;][vc_custom_heading text_weight=&raquo;700&#8243; text_transform=&raquo;uppercase&raquo; separator_color=&raquo;yes&raquo; separator=&raquo;yes&raquo; sub_lead=&raquo;yes&raquo; sub_reduced=&raquo;yes&raquo; uncode_shortcode_id=&raquo;373379&#8243;]BUNNT\u00d8MTE OVERFLATECONTAINERE[\/vc_custom_heading][vc_column_text uncode_shortcode_id=&raquo;151942&#8243;]Bunnt\u00f8mte overflatecontainere fra Engels kan leveres i flere forskjellige st\u00f8rrelser som passer de fleste fraksjoner. Containerne kan leveres med alle typer innkast, l\u00e5ser, elektronisk l\u00e5s, og kan bli spesiallaget ut fra kundens behov hvis det er n\u00f8dvendig.[\/vc_column_text][\/vc_column][\/vc_row][vc_row row_height_percent=&raquo;0&#8243; override_padding=&raquo;yes&raquo; h_padding=&raquo;2&#8243; top_padding=&raquo;2&#8243; bottom_padding=&raquo;3&#8243; back_color=&raquo;color-xsdn&raquo; overlay_alpha=&raquo;100&#8243; equal_height=&raquo;yes&raquo; gutter_size=&raquo;0&#8243; column_width_percent=&raquo;100&#8243; shift_y=&raquo;0&#8243; z_index=&raquo;0&#8243; style=&raquo;dark&raquo; row_name=&raquo;Design &amp; Quality&raquo;][vc_column column_width_percent=&raquo;100&#8243; position_vertical=&raquo;middle&raquo; align_horizontal=&raquo;align_center&raquo; gutter_size=&raquo;3&#8243; override_padding=&raquo;yes&raquo; column_padding=&raquo;0&#8243; back_color=&raquo;color-xsdn&raquo; overlay_alpha=&raquo;50&#8243; shift_x=&raquo;0&#8243; shift_y=&raquo;0&#8243; shift_y_down=&raquo;0&#8243; z_index=&raquo;0&#8243; medium_width=&raquo;0&#8243; mobile_width=&raquo;0&#8243; width=&raquo;1\/1&#8243;][vc_single_image media=&raquo;73921&#8243; media_width_percent=&raquo;12&#8243; alignment=&raquo;center&raquo; media_link=&raquo;|||&raquo;][vc_column_text uncode_shortcode_id=&raquo;677887&#8243;][\/vc_column_text][vc_column_text uncode_shortcode_id=&raquo;677887&#8243;][\/vc_column_text][\/vc_column][\/vc_row][vc_row unlock_row_content=&raquo;yes&raquo; row_height_percent=&raquo;0&#8243; override_padding=&raquo;yes&raquo; h_padding=&raquo;2&#8243; top_padding=&raquo;4&#8243; bottom_padding=&raquo;4&#8243; back_color=&raquo;color-rgdb&raquo; overlay_alpha=&raquo;50&#8243; gutter_size=&raquo;3&#8243; column_width_percent=&raquo;100&#8243; shift_y=&raquo;0&#8243; z_index=&raquo;0&#8243; row_name=&raquo;Gallery&raquo;][vc_column column_width_use_pixel=&raquo;yes&raquo; align_horizontal=&raquo;align_center&raquo; gutter_size=&raquo;3&#8243; style=&raquo;dark&raquo; overlay_alpha=&raquo;50&#8243; shift_x=&raquo;0&#8243; shift_y=&raquo;0&#8243; medium_width=&raquo;0&#8243; zoom_width=&raquo;0&#8243; zoom_height=&raquo;0&#8243; column_width_pixel=&raquo;1400&#8243;][vc_custom_heading text_transform=&raquo;uppercase&raquo; separator=&raquo;yes&raquo; sub_lead=&raquo;yes&raquo;]Media[\/vc_custom_heading][vc_gallery el_id=&raquo;gallery-47626&#8243; type=&raquo;carousel&raquo; medias=&raquo;152732,152723,152741&#8243; carousel_lg=&raquo;3&#8243; carousel_md=&raquo;2&#8243; carousel_sm=&raquo;1&#8243; thumb_size=&raquo;one-one&raquo; gutter_size=&raquo;2&#8243; media_items=&raquo;media,icon&raquo; carousel_interval=&raquo;3000&#8243; carousel_navspeed=&raquo;400&#8243; carousel_nav=&raquo;yes&raquo; carousel_dots=&raquo;yes&raquo; stage_padding=&raquo;0&#8243; single_overlay_opacity=&raquo;50&#8243; single_image_anim=&raquo;no&raquo; single_h_align=&raquo;center&raquo; single_padding=&raquo;2&#8243; single_icon=&raquo;fa fa-search3&#8243; single_shadow=&raquo;yes&raquo; single_border=&raquo;yes&raquo; carousel_rtl=&raquo;&raquo; single_title_uppercase=&raquo;&raquo; uncode_shortcode_id=&raquo;112652&#8243;][vc_column_text uncode_shortcode_id=&raquo;116285&#8243;][\/vc_column_text][\/vc_column][\/vc_row][vc_row][vc_column column_width_percent=&raquo;100&#8243; align_horizontal=&raquo;align_center&raquo; gutter_size=&raquo;3&#8243; overlay_alpha=&raquo;50&#8243; shift_x=&raquo;0&#8243; shift_y=&raquo;0&#8243; shift_y_down=&raquo;0&#8243; z_index=&raquo;0&#8243; medium_width=&raquo;0&#8243; mobile_width=&raquo;0&#8243; width=&raquo;1\/1&#8243;][vc_button button_color=&raquo;accent&raquo; radius=&raquo;btn-round&raquo; border_animation=&raquo;btn-ripple-out&raquo; border_width=&raquo;0&#8243; link=&raquo;target:_blank&raquo; button_color_type=&raquo;uncode-palette&raquo; uncode_shortcode_id=&raquo;102539&#8243;]LAST NED BROSJYRE[\/vc_button][\/vc_column][\/vc_row][vc_row][vc_column width=&raquo;1\/1&#8243;][uncode_block id=&raquo;74093&#8243;][\/vc_column][\/vc_row]<\/p>\n<\/div>","protected":false},"excerpt":{"rendered":"<p>[vc_row row_height_percent=&raquo;0&#8243; override_padding=&raquo;yes&raquo; h_padding=&raquo;2&#8243; top_padding=&raquo;4&#8243; bottom_padding=&raquo;1&#8243; overlay_alpha=&raquo;50&#8243; equal_height=&raquo;yes&raquo; gutter_size=&raquo;3&#8243; column_width_percent=&raquo;100&#8243; shift_y=&raquo;0&#8243; z_index=&raquo;0&#8243; row_name=&raquo;Highlights&raquo;][vc_column column_width_percent=&raquo;100&#8243; position_horizontal=&raquo;left&raquo; position_vertical=&raquo;middle&raquo; align_horizontal=&raquo;align_center&raquo; gutter_size=&raquo;3&#8243; override_padding=&raquo;yes&raquo; column_padding=&raquo;2&#8243; [&hellip;]<\/p>\n","protected":false},"author":42,"featured_media":0,"parent":0,"menu_order":0,"comment_status":"closed","ping_status":"closed","template":"","meta":{"footnotes":""},"class_list":["post-152720","page","type-page","status-publish","hentry","page_category-0-100-kg-3","page_category-100-200-kg-5"],"yoast_head":"<!-- This site is optimized with the Yoast SEO Premium plugin v27.3 (Yoast SEO v27.3) - https:\/\/yoast.com\/product\/yoast-seo-premium-wordpress\/ -->\n<title>BUNNT\u00d8MTE OVERFLATECONTAINERE - Europress Group<\/title>\n<meta name=\"description\" content=\"Bunnt\u00f8mte containere er designet for rask t\u00f8mming og effektiv drift. De leveres i ulike st\u00f8rrelser og tilpasses for sortering av ulike avfallstyper.\" \/>\n<meta name=\"robots\" content=\"index, follow, max-snippet:-1, max-image-preview:large, max-video-preview:-1\" \/>\n<link rel=\"canonical\" href=\"https:\/\/europressgroup.com\/no\/bunntomte-overflate-containere\/\" \/>\n<meta property=\"og:locale\" content=\"nb_NO\" \/>\n<meta property=\"og:type\" content=\"article\" \/>\n<meta property=\"og:title\" content=\"BUNNT\u00d8MTE OVERFLATECONTAINERE\" \/>\n<meta property=\"og:description\" content=\"Semi-nedgravde containere er en kostnadseffektiv m\u00e5te \u00e5 \u00f8ke sorteringsgraden p\u00e5, for b\u00e5de hytterenovasjon, borettslag og sameiere.\" \/>\n<meta property=\"og:url\" content=\"https:\/\/europressgroup.com\/no\/bunntomte-overflate-containere\/\" \/>\n<meta property=\"og:site_name\" content=\"Europress Group\" \/>\n<meta property=\"article:publisher\" content=\"https:\/\/www.facebook.com\/europresswastehandling\" \/>\n<meta property=\"article:modified_time\" content=\"2025-04-22T12:08:07+00:00\" \/>\n<meta property=\"og:image\" content=\"https:\/\/europressgroup.com\/wp-content\/uploads\/2024\/10\/Zweva_ZBin-Maxi-standard-color-brown-composite-4.jpg\" \/>\n\t<meta property=\"og:image:width\" content=\"1920\" \/>\n\t<meta property=\"og:image:height\" content=\"1280\" \/>\n\t<meta property=\"og:image:type\" content=\"image\/jpeg\" \/>\n<meta name=\"twitter:card\" content=\"summary_large_image\" \/>\n<meta name=\"twitter:description\" content=\"Papp Plast Restavfall Matavfall Glass og metallemballasjeKostnadseffektiv l\u00f8sning \u00d8ker sorteringsgraden Hindrer skadedyr Hindrer lukt Kan tilpasses etter\" \/>\n<meta name=\"twitter:site\" content=\"@EPWastehandling\" \/>\n<meta name=\"twitter:label1\" content=\"Ansl. lesetid\" \/>\n\t<meta name=\"twitter:data1\" content=\"2 minutter\" \/>\n<script type=\"application\/ld+json\" class=\"yoast-schema-graph\">{\"@context\":\"https:\\\/\\\/schema.org\",\"@graph\":[{\"@type\":\"WebPage\",\"@id\":\"https:\\\/\\\/europressgroup.com\\\/no\\\/bunntomte-overflate-containere\\\/\",\"url\":\"https:\\\/\\\/europressgroup.com\\\/no\\\/bunntomte-overflate-containere\\\/\",\"name\":\"BUNNT\u00d8MTE OVERFLATECONTAINERE - Europress Group\",\"isPartOf\":{\"@id\":\"https:\\\/\\\/europressgroup.com\\\/no\\\/#website\"},\"datePublished\":\"2025-04-22T12:02:28+00:00\",\"dateModified\":\"2025-04-22T12:08:07+00:00\",\"description\":\"Bunnt\u00f8mte containere er designet for rask t\u00f8mming og effektiv drift. De leveres i ulike st\u00f8rrelser og tilpasses for sortering av ulike avfallstyper.\",\"breadcrumb\":{\"@id\":\"https:\\\/\\\/europressgroup.com\\\/no\\\/bunntomte-overflate-containere\\\/#breadcrumb\"},\"inLanguage\":\"nb-NO\",\"potentialAction\":[{\"@type\":\"ReadAction\",\"target\":[\"https:\\\/\\\/europressgroup.com\\\/no\\\/bunntomte-overflate-containere\\\/\"]}]},{\"@type\":\"BreadcrumbList\",\"@id\":\"https:\\\/\\\/europressgroup.com\\\/no\\\/bunntomte-overflate-containere\\\/#breadcrumb\",\"itemListElement\":[{\"@type\":\"ListItem\",\"position\":1,\"name\":\"Home\",\"item\":\"https:\\\/\\\/europressgroup.com\\\/no\\\/\"},{\"@type\":\"ListItem\",\"position\":2,\"name\":\"BUNNT\u00d8MTE OVERFLATECONTAINERE\"}]},{\"@type\":\"WebSite\",\"@id\":\"https:\\\/\\\/europressgroup.com\\\/no\\\/#website\",\"url\":\"https:\\\/\\\/europressgroup.com\\\/no\\\/\",\"name\":\"Europress Group\",\"description\":\"Northern European leader in Environmental Technology\",\"publisher\":{\"@id\":\"https:\\\/\\\/europressgroup.com\\\/no\\\/#organization\"},\"potentialAction\":[{\"@type\":\"SearchAction\",\"target\":{\"@type\":\"EntryPoint\",\"urlTemplate\":\"https:\\\/\\\/europressgroup.com\\\/no\\\/?s={search_term_string}\"},\"query-input\":{\"@type\":\"PropertyValueSpecification\",\"valueRequired\":true,\"valueName\":\"search_term_string\"}}],\"inLanguage\":\"nb-NO\"},{\"@type\":\"Organization\",\"@id\":\"https:\\\/\\\/europressgroup.com\\\/no\\\/#organization\",\"name\":\"Europress Group\",\"url\":\"https:\\\/\\\/europressgroup.com\\\/no\\\/\",\"logo\":{\"@type\":\"ImageObject\",\"inLanguage\":\"nb-NO\",\"@id\":\"https:\\\/\\\/europressgroup.com\\\/no\\\/#\\\/schema\\\/logo\\\/image\\\/\",\"url\":\"https:\\\/\\\/europressgroup.com\\\/wp-content\\\/uploads\\\/2018\\\/12\\\/Europress-logo-1.png\",\"contentUrl\":\"https:\\\/\\\/europressgroup.com\\\/wp-content\\\/uploads\\\/2018\\\/12\\\/Europress-logo-1.png\",\"width\":478,\"height\":75,\"caption\":\"Europress Group\"},\"image\":{\"@id\":\"https:\\\/\\\/europressgroup.com\\\/no\\\/#\\\/schema\\\/logo\\\/image\\\/\"},\"sameAs\":[\"https:\\\/\\\/www.facebook.com\\\/europresswastehandling\",\"https:\\\/\\\/x.com\\\/EPWastehandling\",\"https:\\\/\\\/www.instagram.com\\\/europressgroup\\\/\",\"https:\\\/\\\/www.linkedin.com\\\/company\\\/europress\"],\"publishingPrinciples\":\"https:\\\/\\\/europressgroup.com\\\/environment-safety-quality\\\/\",\"ownershipFundingInfo\":\"https:\\\/\\\/europressgroup.com\\\/history\\\/\",\"actionableFeedbackPolicy\":\"https:\\\/\\\/europressgroup.com\\\/customer-feedback\\\/\",\"correctionsPolicy\":\"https:\\\/\\\/europressgroup.com\\\/customer-feedback\\\/\",\"ethicsPolicy\":\"https:\\\/\\\/europressgroup.com\\\/responsibility\\\/\"}]}<\/script>\n<!-- \/ Yoast SEO Premium plugin. -->","yoast_head_json":{"title":"BUNNT\u00d8MTE OVERFLATECONTAINERE - Europress Group","description":"Bunnt\u00f8mte containere er designet for rask t\u00f8mming og effektiv drift. De leveres i ulike st\u00f8rrelser og tilpasses for sortering av ulike avfallstyper.","robots":{"index":"index","follow":"follow","max-snippet":"max-snippet:-1","max-image-preview":"max-image-preview:large","max-video-preview":"max-video-preview:-1"},"canonical":"https:\/\/europressgroup.com\/no\/bunntomte-overflate-containere\/","og_locale":"nb_NO","og_type":"article","og_title":"BUNNT\u00d8MTE OVERFLATECONTAINERE","og_description":"Semi-nedgravde containere er en kostnadseffektiv m\u00e5te \u00e5 \u00f8ke sorteringsgraden p\u00e5, for b\u00e5de hytterenovasjon, borettslag og sameiere.","og_url":"https:\/\/europressgroup.com\/no\/bunntomte-overflate-containere\/","og_site_name":"Europress Group","article_publisher":"https:\/\/www.facebook.com\/europresswastehandling","article_modified_time":"2025-04-22T12:08:07+00:00","og_image":[{"width":1920,"height":1280,"url":"https:\/\/europressgroup.com\/wp-content\/uploads\/2024\/10\/Zweva_ZBin-Maxi-standard-color-brown-composite-4.jpg","type":"image\/jpeg"}],"twitter_card":"summary_large_image","twitter_description":"Papp Plast Restavfall Matavfall Glass og metallemballasjeKostnadseffektiv l\u00f8sning \u00d8ker sorteringsgraden Hindrer skadedyr Hindrer lukt Kan tilpasses etter","twitter_site":"@EPWastehandling","twitter_misc":{"Ansl. lesetid":"2 minutter"},"schema":{"@context":"https:\/\/schema.org","@graph":[{"@type":"WebPage","@id":"https:\/\/europressgroup.com\/no\/bunntomte-overflate-containere\/","url":"https:\/\/europressgroup.com\/no\/bunntomte-overflate-containere\/","name":"BUNNT\u00d8MTE OVERFLATECONTAINERE - Europress Group","isPartOf":{"@id":"https:\/\/europressgroup.com\/no\/#website"},"datePublished":"2025-04-22T12:02:28+00:00","dateModified":"2025-04-22T12:08:07+00:00","description":"Bunnt\u00f8mte containere er designet for rask t\u00f8mming og effektiv drift. De leveres i ulike st\u00f8rrelser og tilpasses for sortering av ulike avfallstyper.","breadcrumb":{"@id":"https:\/\/europressgroup.com\/no\/bunntomte-overflate-containere\/#breadcrumb"},"inLanguage":"nb-NO","potentialAction":[{"@type":"ReadAction","target":["https:\/\/europressgroup.com\/no\/bunntomte-overflate-containere\/"]}]},{"@type":"BreadcrumbList","@id":"https:\/\/europressgroup.com\/no\/bunntomte-overflate-containere\/#breadcrumb","itemListElement":[{"@type":"ListItem","position":1,"name":"Home","item":"https:\/\/europressgroup.com\/no\/"},{"@type":"ListItem","position":2,"name":"BUNNT\u00d8MTE OVERFLATECONTAINERE"}]},{"@type":"WebSite","@id":"https:\/\/europressgroup.com\/no\/#website","url":"https:\/\/europressgroup.com\/no\/","name":"Europress Group","description":"Northern European leader in Environmental Technology","publisher":{"@id":"https:\/\/europressgroup.com\/no\/#organization"},"potentialAction":[{"@type":"SearchAction","target":{"@type":"EntryPoint","urlTemplate":"https:\/\/europressgroup.com\/no\/?s={search_term_string}"},"query-input":{"@type":"PropertyValueSpecification","valueRequired":true,"valueName":"search_term_string"}}],"inLanguage":"nb-NO"},{"@type":"Organization","@id":"https:\/\/europressgroup.com\/no\/#organization","name":"Europress Group","url":"https:\/\/europressgroup.com\/no\/","logo":{"@type":"ImageObject","inLanguage":"nb-NO","@id":"https:\/\/europressgroup.com\/no\/#\/schema\/logo\/image\/","url":"https:\/\/europressgroup.com\/wp-content\/uploads\/2018\/12\/Europress-logo-1.png","contentUrl":"https:\/\/europressgroup.com\/wp-content\/uploads\/2018\/12\/Europress-logo-1.png","width":478,"height":75,"caption":"Europress Group"},"image":{"@id":"https:\/\/europressgroup.com\/no\/#\/schema\/logo\/image\/"},"sameAs":["https:\/\/www.facebook.com\/europresswastehandling","https:\/\/x.com\/EPWastehandling","https:\/\/www.instagram.com\/europressgroup\/","https:\/\/www.linkedin.com\/company\/europress"],"publishingPrinciples":"https:\/\/europressgroup.com\/environment-safety-quality\/","ownershipFundingInfo":"https:\/\/europressgroup.com\/history\/","actionableFeedbackPolicy":"https:\/\/europressgroup.com\/customer-feedback\/","correctionsPolicy":"https:\/\/europressgroup.com\/customer-feedback\/","ethicsPolicy":"https:\/\/europressgroup.com\/responsibility\/"}]}},"_links":{"self":[{"href":"https:\/\/europressgroup.com\/no\/wp-json\/wp\/v2\/pages\/152720","targetHints":{"allow":["GET"]}}],"collection":[{"href":"https:\/\/europressgroup.com\/no\/wp-json\/wp\/v2\/pages"}],"about":[{"href":"https:\/\/europressgroup.com\/no\/wp-json\/wp\/v2\/types\/page"}],"author":[{"embeddable":true,"href":"https:\/\/europressgroup.com\/no\/wp-json\/wp\/v2\/users\/42"}],"replies":[{"embeddable":true,"href":"https:\/\/europressgroup.com\/no\/wp-json\/wp\/v2\/comments?post=152720"}],"version-history":[{"count":5,"href":"https:\/\/europressgroup.com\/no\/wp-json\/wp\/v2\/pages\/152720\/revisions"}],"predecessor-version":[{"id":152761,"href":"https:\/\/europressgroup.com\/no\/wp-json\/wp\/v2\/pages\/152720\/revisions\/152761"}],"wp:attachment":[{"href":"https:\/\/europressgroup.com\/no\/wp-json\/wp\/v2\/media?parent=152720"}],"curies":[{"name":"wp","href":"https:\/\/api.w.org\/{rel}","templated":true}]}}