{"id":152125,"date":"2025-04-11T10:55:00","date_gmt":"2025-04-11T07:55:00","guid":{"rendered":"https:\/\/europressgroup.com\/?page_id=152125"},"modified":"2025-04-23T09:17:57","modified_gmt":"2025-04-23T06:17:57","slug":"bunntomtelosninger","status":"publish","type":"page","link":"https:\/\/europressgroup.com\/no\/bunntomtelosninger\/","title":{"rendered":"BUNNT\u00d8MTE L\u00d8SNINGER"},"content":{"rendered":"<div class=\"wpb-content-wrapper\"><p>[vc_row row_height_percent=&raquo;0&#8243; override_padding=&raquo;yes&raquo; h_padding=&raquo;2&#8243; top_padding=&raquo;3&#8243; bottom_padding=&raquo;3&#8243; back_color=&raquo;color-xsdn&raquo; overlay_alpha=&raquo;100&#8243; gutter_size=&raquo;100&#8243; column_width_percent=&raquo;100&#8243; shift_y=&raquo;0&#8243; z_index=&raquo;0&#8243; style=&raquo;dark&raquo; row_name=&raquo;Design &amp; Quality&raquo;][vc_column column_width_use_pixel=&raquo;yes&raquo; align_horizontal=&raquo;align_center&raquo; gutter_size=&raquo;3&#8243; overlay_alpha=&raquo;100&#8243; shift_x=&raquo;0&#8243; shift_y=&raquo;0&#8243; shift_y_down=&raquo;0&#8243; z_index=&raquo;0&#8243; medium_width=&raquo;0&#8243; mobile_width=&raquo;0&#8243; zoom_width=&raquo;0&#8243; zoom_height=&raquo;0&#8243; width=&raquo;1\/1&#8243; column_width_pixel=&raquo;1200&#8243; uncode_shortcode_id=&raquo;489167&#8243;][vc_custom_heading heading_semantic=&raquo;h1&#8243; text_size=&raquo;h1&#8243; text_transform=&raquo;uppercase&raquo; separator_color=&raquo;yes&raquo; separator=&raquo;yes&raquo; sub_lead=&raquo;yes&raquo; sub_reduced=&raquo;yes&raquo; uncode_shortcode_id=&raquo;183187&#8243;]<span data-olk-copy-source=\"MessageBody\">Bunnt\u00f8mte avfallscontainere \u2013 Vi har l\u00f8sningene<\/span>[\/vc_custom_heading][\/vc_column][\/vc_row][vc_row unlock_row_content=&raquo;yes&raquo; row_height_percent=&raquo;0&#8243; override_padding=&raquo;yes&raquo; h_padding=&raquo;6&#8243; top_padding=&raquo;0&#8243; bottom_padding=&raquo;3&#8243; back_color=&raquo;color-xsdn&raquo; overlay_alpha=&raquo;50&#8243; gutter_size=&raquo;5&#8243; column_width_percent=&raquo;100&#8243; shift_y=&raquo;0&#8243; z_index=&raquo;0&#8243; content_parallax=&raquo;0&#8243; uncode_shortcode_id=&raquo;752957&#8243; back_color_type=&raquo;uncode-palette&raquo;][vc_column width=&raquo;1\/3&#8243;][vc_custom_heading text_color=&raquo;color-186284&#8243; text_size=&raquo;bigtext&raquo; text_transform=&raquo;uppercase&raquo; uncode_shortcode_id=&raquo;163428&#8243; text_color_type=&raquo;uncode-palette&raquo;]<\/p>\n<h2 style=\"text-align: left;\"><span data-olk-copy-source=\"MessageBody\">Nedgravde Avfallscontainere<\/span><\/h2>\n<p>[\/vc_custom_heading][vc_column_text uncode_shortcode_id=&raquo;120560&#8243;]<\/p>\n<h4 style=\"text-align: left;\">Diskret og hygienisk avfallsl\u00f8sning<\/h4>\n<p style=\"text-align: left;\">Helt nedgravde containere gir en elegant og effektiv m\u00e5te \u00e5 h\u00e5ndtere avfall p\u00e5 \u2013 med minimalt arealbehov og maksimal funksjonalitet.<\/p>\n<p style=\"text-align: left;\"><strong>Fordeler:<\/strong><\/p>\n<p style=\"text-align: left;\">\u00b7 Brukervennlig for alle, ogs\u00e5 rullestolbrukere<\/p>\n<p style=\"text-align: left;\">\u00b7 Enkel t\u00f8mming for renovat\u00f8r<\/p>\n<p style=\"text-align: left;\">\u00b7 Mindre lukt og st\u00f8y<\/p>\n<p style=\"text-align: left;\">\u00b7 L\u00e5sbart system med mulighet for elektronisk adgangskontroll<\/p>\n<p style=\"text-align: left;\">\u00b7 Lang levetid og tilgjengelige reservedeler<\/p>\n<p style=\"text-align: left;\">\u00b7 Estetisk integrering i omgivelsene<\/p>\n<p>[\/vc_column_text][\/vc_column][vc_column width=&raquo;1\/3&#8243;][vc_custom_heading text_color=&raquo;color-186284&#8243; text_size=&raquo;bigtext&raquo; text_transform=&raquo;uppercase&raquo; uncode_shortcode_id=&raquo;161697&#8243; text_color_type=&raquo;uncode-palette&raquo;]<\/p>\n<h2 style=\"text-align: left;\"><span data-olk-copy-source=\"MessageBody\">Semi-Nedgravde Avfallscontainere<\/span><\/h2>\n<p>[\/vc_custom_heading][vc_column_text uncode_shortcode_id=&raquo;734050&#8243;]<\/p>\n<h4 style=\"text-align: left;\"><strong>Plassbesparende og visuelt tiltalende<\/strong><\/h4>\n<p style=\"text-align: left;\">Semi-nedgravde beholdere gir en smart kombinasjon av overflate- og nedgravde l\u00f8sninger. Ved \u00e5 plassere containerne delvis ned i bakken oppn\u00e5s et ryddig og diskret uttrykk, samtidig som brukervennligheten ivaretas.<\/p>\n<p style=\"text-align: left;\"><strong><br \/>\nFordeler:<\/strong><\/p>\n<p style=\"text-align: left;\">\u00b7 Redusert visuell forstyrrelse i omgivelsene<\/p>\n<p style=\"text-align: left;\">\u00b7 Bedre plassutnyttelse<\/p>\n<p style=\"text-align: left;\">\u00b7 Enklere og mer effektiv avfallsinnsamling<\/p>\n<p style=\"text-align: left;\">\u00b7 Redusert lukt og bedre hygiene<\/p>\n<p style=\"text-align: left;\">\u00b7 \u00d8kt sikkerhet mot u\u00f8nsket tilgang<\/p>\n<p>[\/vc_column_text][\/vc_column][vc_column column_width_percent=&raquo;100&#8243; align_horizontal=&raquo;align_center&raquo; gutter_size=&raquo;3&#8243; overlay_alpha=&raquo;50&#8243; shift_x=&raquo;0&#8243; shift_y=&raquo;0&#8243; shift_y_down=&raquo;0&#8243; z_index=&raquo;0&#8243; medium_width=&raquo;0&#8243; mobile_width=&raquo;0&#8243; width=&raquo;1\/3&#8243;][vc_custom_heading text_color=&raquo;color-186284&#8243; text_size=&raquo;bigtext&raquo; text_transform=&raquo;uppercase&raquo; uncode_shortcode_id=&raquo;640657&#8243; text_color_type=&raquo;uncode-palette&raquo;]<\/p>\n<h2 style=\"text-align: left;\"><span data-olk-copy-source=\"MessageBody\">Bunnt\u00f8mte Overflatecontainere<\/span><\/h2>\n<p>[\/vc_custom_heading][vc_column_text uncode_shortcode_id=&raquo;160492&#8243;]<\/p>\n<h4 style=\"text-align: left;\">Robuste, kostnadseffektive og fleksible l\u00f8sninger<\/h4>\n<p style=\"text-align: left;\">Bunnt\u00f8mte containere er designet for rask t\u00f8mming og effektiv drift. De leveres i ulike st\u00f8rrelser og tilpasses for sortering av ulike avfallstyper \u2013 som restavfall, bioavfall, papir, plast, glass og metall.<\/p>\n<p style=\"text-align: left;\"><strong>Fordeler:<\/strong><\/p>\n<p style=\"text-align: left;\">\u00b7 Effektiv t\u00f8mming med bunnklaffer<\/p>\n<p style=\"text-align: left;\">\u00b7 Sterk og v\u00e6rbestandig konstruksjon<\/p>\n<p style=\"text-align: left;\">\u00b7 Hygienisk og lett \u00e5 rengj\u00f8re<\/p>\n<p style=\"text-align: left;\">\u00b7 Flere innkastl\u00f8sninger og st\u00f8rrelser tilgjengelig<\/p>\n<p style=\"text-align: left;\">\u00b7 Lang holdbarhet og lavt vedlikeholdsbehov<\/p>\n<p>[\/vc_column_text][\/vc_column][\/vc_row][vc_row][vc_column width=&raquo;1\/1&#8243;][vc_column_text text_color=&raquo;color-186284&#8243; uncode_shortcode_id=&raquo;205151&#8243; text_color_type=&raquo;uncode-palette&raquo;]<\/p>\n<p style=\"text-align: center;\"><strong>\u00d8nsker du en l\u00f8sning tilpasset ditt omr\u00e5de? Ta kontakt med oss \u2013 vi hjelper deg med \u00e5 finne riktig avfallssystem!<\/strong><\/p>\n<p>[\/vc_column_text][vc_empty_space empty_h=&raquo;2&#8243;][\/vc_column][\/vc_row][vc_row unlock_row_content=&raquo;yes&raquo; row_height_percent=&raquo;0&#8243; override_padding=&raquo;yes&raquo; h_padding=&raquo;4&#8243; top_padding=&raquo;0&#8243; bottom_padding=&raquo;3&#8243; back_color=&raquo;color-xsdn&raquo; overlay_alpha=&raquo;50&#8243; gutter_size=&raquo;3&#8243; column_width_percent=&raquo;100&#8243; shift_y=&raquo;0&#8243; z_index=&raquo;0&#8243;][vc_column column_width_percent=&raquo;100&#8243; align_horizontal=&raquo;align_center&raquo; gutter_size=&raquo;3&#8243; overlay_alpha=&raquo;50&#8243; shift_x=&raquo;0&#8243; shift_y=&raquo;0&#8243; shift_y_down=&raquo;0&#8243; z_index=&raquo;0&#8243; medium_width=&raquo;0&#8243; mobile_width=&raquo;0&#8243; width=&raquo;1\/1&#8243;][vc_gallery el_id=&raquo;gallery-437267&#8243; medias=&raquo;152135,152144,152126&#8243; gutter_size=&raquo;1&#8243; media_items=&raquo;media|custom_link|original,icon,title&raquo; screen_lg=&raquo;1000&#8243; screen_md=&raquo;600&#8243; screen_sm=&raquo;480&#8243; images_size=&raquo;three-two&raquo; single_overlay_opacity=&raquo;50&#8243; single_text_visible=&raquo;yes&raquo; single_h_align=&raquo;center&raquo; single_padding=&raquo;1&#8243; single_title_dimension=&raquo;h1&#8243; single_title_transform=&raquo;uppercase&raquo; single_border=&raquo;yes&raquo; items=&raquo;eyI3MzA3M19pIjp7InNpbmdsZV9saW5rIjoidXJsOmh0dHAlM0ElMkYlMkZ3d3cuZXVyb3ByZXNzcG9sYW5kLnBsJTJGcHJhc3ktYmFsZXglMkZ8dGl0bGU6QmFsZXglMjBCYWxlcnN8fCJ9LCI3MzA3NF9pIjp7InNpbmdsZV9saW5rIjoidXJsOmh0dHAlM0ElMkYlMkZ3d3cuZXVyb3ByZXNzcG9sYW5kLnBsJTJGa29tcGFrdG9yeS1kby1vZHBhZG93JTJGfHRpdGxlOldhc3RlJTIwQ29tcGFjdG9yc3x8In0sIjczMDg4X2kiOnsic2luZ2xlX2xpbmsiOiJ1cmw6aHR0cCUzQSUyRiUyRnd3dy5ldXJvcHJlc3Nwb2xhbmQucGwlMkZzZXJ3aXMlMkZ8dGl0bGU6TWFpbnRlbmFuY2UlMjBTZXJ2aWNlfHwifSwiNzM2MzBfaSI6eyJzaW5nbGVfbGluayI6InVybDpodHRwcyUzQSUyRiUyRmV1cm9wcmVzc2dyb3VwLmNvbSUyRnN2JTJGa29tcHJpbWF0b3JlciUyRnx0aXRsZTpLT01QUklNQVRPUkVSfHwifSwiNzM2MzFfaSI6eyJzaW5nbGVfbGluayI6InVybDpodHRwcyUzQSUyRiUyRmV1cm9wcmVzc2dyb3VwLmNvbSUyRnN2JTJGc2VydmljZSUyRnx0aXRsZTpTRVJWSUNFfHwifSwiNzM2MzVfaSI6eyJzaW5nbGVfbGluayI6InVybDpodHRwcyUzQSUyRiUyRmV1cm9wcmVzc2dyb3VwLmNvbSUyRnN2JTJGc21hcnQlMkZ8dGl0bGU6RVVST1BSRVNTJTIwU01BUlR8fCJ9LCI3MzYyOF9pIjp7InNpbmdsZV9saW5rIjoidXJsOmh0dHBzJTNBJTJGJTJGZXVyb3ByZXNzZ3JvdXAuY29tJTJGc3YlMkZiYWxwcmVzc2FyJTJGfHRpdGxlOkJBTEVYJTIwQkFMUFJFU1NBUnx8In0sIjE1MjEzNV9pIjp7InNpbmdsZV9saW5rIjoidXJsOmh0dHBzJTNBJTJGJTJGZXVyb3ByZXNzZ3JvdXAuY29tJTJGbm8lMkZuZWRncmF2ZGUtYXZmYWxsc2NvbnRhaW5lcmUlMkZ8dGl0bGU6TkVER1JBVkRFJTIwQVZGQUxMU0NPTlRBSU5FUkV8dGFyZ2V0Ol9ibGFuayIsInNpbmdsZV9sYXlvdXRfbWVkaWFfaXRlbXMiOiJtZWRpYXxjdXN0b21fbGlua3xvcmlnaW5hbCxpY29uLHRpdGxlIn0sIjE1MjEyNl9pIjp7InNpbmdsZV9saW5rIjoidXJsOmh0dHBzJTNBJTJGJTJGZXVyb3ByZXNzZ3JvdXAuY29tJTJGbm8lMkZidW5udG9tdGUtb3ZlcmZsYXRlLWNvbnRhaW5lcmUlMkZ8dGl0bGU6QlVOTlQlQzMlOThNVEUlMjBPVkVSRkxBVEVDT05UQUlORVJFfHRhcmdldDpfYmxhbmsifSwiMTUyMTQ0X2kiOnsic2luZ2xlX2xpbmsiOiJ1cmw6aHR0cHMlM0ElMkYlMkZldXJvcHJlc3Nncm91cC5jb20lMkZubyUyRnNlbWktbmVkZ3JhdmRlLWF2ZmFsbHNjb250YWluZXJlJTJGfHRpdGxlOlNFTUktTkVER1JBVkRFJTIwQVZGQUxMU0NPTlRBSU5FUkV8dGFyZ2V0Ol9ibGFuayIsInNpbmdsZV9sYXlvdXRfbWVkaWFfaXRlbXMiOiJtZWRpYXxjdXN0b21fbGlua3xvcmlnaW5hbCxpY29uLHRpdGxlIiwic2luZ2xlX2ljb24iOiIifX0=&raquo; single_link=&raquo;|||&raquo; uncode_shortcode_id=&raquo;136981&#8243;][\/vc_column][\/vc_row][vc_row unlock_row_content=&raquo;yes&raquo; row_height_percent=&raquo;0&#8243; overlay_alpha=&raquo;50&#8243; gutter_size=&raquo;3&#8243; column_width_percent=&raquo;100&#8243; shift_y=&raquo;0&#8243; z_index=&raquo;0&#8243; content_parallax=&raquo;0&#8243; uncode_shortcode_id=&raquo;746195&#8243;][vc_column width=&raquo;1\/1&#8243;][uncode_block id=&raquo;73192&#8243;][\/vc_column][\/vc_row]<\/p>\n<\/div>","protected":false},"excerpt":{"rendered":"<p>[vc_row row_height_percent=&raquo;0&#8243; override_padding=&raquo;yes&raquo; h_padding=&raquo;2&#8243; top_padding=&raquo;3&#8243; bottom_padding=&raquo;3&#8243; back_color=&raquo;color-xsdn&raquo; overlay_alpha=&raquo;100&#8243; gutter_size=&raquo;100&#8243; column_width_percent=&raquo;100&#8243; shift_y=&raquo;0&#8243; z_index=&raquo;0&#8243; style=&raquo;dark&raquo; row_name=&raquo;Design &amp; Quality&raquo;][vc_column column_width_use_pixel=&raquo;yes&raquo; align_horizontal=&raquo;align_center&raquo; gutter_size=&raquo;3&#8243; overlay_alpha=&raquo;100&#8243; [&hellip;]<\/p>\n","protected":false},"author":44,"featured_media":152150,"parent":0,"menu_order":0,"comment_status":"open","ping_status":"closed","template":"","meta":{"footnotes":""},"class_list":["post-152125","page","type-page","status-publish","has-post-thumbnail","hentry"],"yoast_head":"<!-- This site is optimized with the Yoast SEO Premium plugin v27.3 (Yoast SEO v27.3) - https:\/\/yoast.com\/product\/yoast-seo-premium-wordpress\/ -->\n<title>BUNNT\u00d8MTE L\u00d8SNINGER - Europress Group<\/title>\n<meta name=\"description\" content=\"Balpressar, komprimatorer och skruvar kombinerat med IoT-l\u00f6sningar och digitala tj\u00e4nster f\u00f6r avfallshantering med b\u00e5de p\u00e5 plats och telefonsupport.\" \/>\n<meta name=\"robots\" content=\"index, follow, max-snippet:-1, max-image-preview:large, max-video-preview:-1\" \/>\n<link rel=\"canonical\" href=\"https:\/\/europressgroup.com\/no\/bunntomtelosninger\/\" \/>\n<meta property=\"og:locale\" content=\"nb_NO\" \/>\n<meta property=\"og:type\" content=\"article\" \/>\n<meta property=\"og:title\" content=\"BUNNT\u00d8MTE L\u00d8SNINGER\" \/>\n<meta property=\"og:description\" content=\"Bunnt\u00f8mte avfallscontainere \u2013 Vi har l\u00f8sningene Nedgravde Avfallscontainere Diskret og hygienisk avfallsl\u00f8sning Helt nedgravde containere gir en elegant\" \/>\n<meta property=\"og:url\" content=\"https:\/\/europressgroup.com\/no\/bunntomtelosninger\/\" \/>\n<meta property=\"og:site_name\" content=\"Europress Group\" \/>\n<meta property=\"article:publisher\" content=\"https:\/\/www.facebook.com\/europresswastehandling\" \/>\n<meta property=\"article:modified_time\" content=\"2025-04-23T06:17:57+00:00\" \/>\n<meta property=\"og:image\" content=\"https:\/\/europressgroup.com\/wp-content\/uploads\/2025\/04\/ZBIN.jpg\" \/>\n\t<meta property=\"og:image:width\" content=\"1920\" \/>\n\t<meta property=\"og:image:height\" content=\"1440\" \/>\n\t<meta property=\"og:image:type\" content=\"image\/jpeg\" \/>\n<meta name=\"twitter:card\" content=\"summary_large_image\" \/>\n<meta name=\"twitter:site\" content=\"@EPWastehandling\" \/>\n<meta name=\"twitter:label1\" content=\"Ansl. lesetid\" \/>\n\t<meta name=\"twitter:data1\" content=\"2 minutter\" \/>\n<script type=\"application\/ld+json\" class=\"yoast-schema-graph\">{\"@context\":\"https:\\\/\\\/schema.org\",\"@graph\":[{\"@type\":\"WebPage\",\"@id\":\"https:\\\/\\\/europressgroup.com\\\/no\\\/bunntomtelosninger\\\/\",\"url\":\"https:\\\/\\\/europressgroup.com\\\/no\\\/bunntomtelosninger\\\/\",\"name\":\"BUNNT\u00d8MTE L\u00d8SNINGER - Europress Group\",\"isPartOf\":{\"@id\":\"https:\\\/\\\/europressgroup.com\\\/no\\\/#website\"},\"primaryImageOfPage\":{\"@id\":\"https:\\\/\\\/europressgroup.com\\\/no\\\/bunntomtelosninger\\\/#primaryimage\"},\"image\":{\"@id\":\"https:\\\/\\\/europressgroup.com\\\/no\\\/bunntomtelosninger\\\/#primaryimage\"},\"thumbnailUrl\":\"https:\\\/\\\/europressgroup.com\\\/wp-content\\\/uploads\\\/2025\\\/04\\\/ZBIN.jpg\",\"datePublished\":\"2025-04-11T07:55:00+00:00\",\"dateModified\":\"2025-04-23T06:17:57+00:00\",\"description\":\"Balpressar, komprimatorer och skruvar kombinerat med IoT-l\u00f6sningar och digitala tj\u00e4nster f\u00f6r avfallshantering med b\u00e5de p\u00e5 plats och telefonsupport.\",\"breadcrumb\":{\"@id\":\"https:\\\/\\\/europressgroup.com\\\/no\\\/bunntomtelosninger\\\/#breadcrumb\"},\"inLanguage\":\"nb-NO\",\"potentialAction\":[{\"@type\":\"ReadAction\",\"target\":[\"https:\\\/\\\/europressgroup.com\\\/no\\\/bunntomtelosninger\\\/\"]}]},{\"@type\":\"ImageObject\",\"inLanguage\":\"nb-NO\",\"@id\":\"https:\\\/\\\/europressgroup.com\\\/no\\\/bunntomtelosninger\\\/#primaryimage\",\"url\":\"https:\\\/\\\/europressgroup.com\\\/wp-content\\\/uploads\\\/2025\\\/04\\\/ZBIN.jpg\",\"contentUrl\":\"https:\\\/\\\/europressgroup.com\\\/wp-content\\\/uploads\\\/2025\\\/04\\\/ZBIN.jpg\",\"width\":1920,\"height\":1440},{\"@type\":\"BreadcrumbList\",\"@id\":\"https:\\\/\\\/europressgroup.com\\\/no\\\/bunntomtelosninger\\\/#breadcrumb\",\"itemListElement\":[{\"@type\":\"ListItem\",\"position\":1,\"name\":\"Home\",\"item\":\"https:\\\/\\\/europressgroup.com\\\/no\\\/\"},{\"@type\":\"ListItem\",\"position\":2,\"name\":\"BUNNT\u00d8MTE L\u00d8SNINGER\"}]},{\"@type\":\"WebSite\",\"@id\":\"https:\\\/\\\/europressgroup.com\\\/no\\\/#website\",\"url\":\"https:\\\/\\\/europressgroup.com\\\/no\\\/\",\"name\":\"Europress Group\",\"description\":\"Northern European leader in Environmental Technology\",\"publisher\":{\"@id\":\"https:\\\/\\\/europressgroup.com\\\/no\\\/#organization\"},\"potentialAction\":[{\"@type\":\"SearchAction\",\"target\":{\"@type\":\"EntryPoint\",\"urlTemplate\":\"https:\\\/\\\/europressgroup.com\\\/no\\\/?s={search_term_string}\"},\"query-input\":{\"@type\":\"PropertyValueSpecification\",\"valueRequired\":true,\"valueName\":\"search_term_string\"}}],\"inLanguage\":\"nb-NO\"},{\"@type\":\"Organization\",\"@id\":\"https:\\\/\\\/europressgroup.com\\\/no\\\/#organization\",\"name\":\"Europress Group\",\"url\":\"https:\\\/\\\/europressgroup.com\\\/no\\\/\",\"logo\":{\"@type\":\"ImageObject\",\"inLanguage\":\"nb-NO\",\"@id\":\"https:\\\/\\\/europressgroup.com\\\/no\\\/#\\\/schema\\\/logo\\\/image\\\/\",\"url\":\"https:\\\/\\\/europressgroup.com\\\/wp-content\\\/uploads\\\/2018\\\/12\\\/Europress-logo-1.png\",\"contentUrl\":\"https:\\\/\\\/europressgroup.com\\\/wp-content\\\/uploads\\\/2018\\\/12\\\/Europress-logo-1.png\",\"width\":478,\"height\":75,\"caption\":\"Europress Group\"},\"image\":{\"@id\":\"https:\\\/\\\/europressgroup.com\\\/no\\\/#\\\/schema\\\/logo\\\/image\\\/\"},\"sameAs\":[\"https:\\\/\\\/www.facebook.com\\\/europresswastehandling\",\"https:\\\/\\\/x.com\\\/EPWastehandling\",\"https:\\\/\\\/www.instagram.com\\\/europressgroup\\\/\",\"https:\\\/\\\/www.linkedin.com\\\/company\\\/europress\"],\"publishingPrinciples\":\"https:\\\/\\\/europressgroup.com\\\/environment-safety-quality\\\/\",\"ownershipFundingInfo\":\"https:\\\/\\\/europressgroup.com\\\/history\\\/\",\"actionableFeedbackPolicy\":\"https:\\\/\\\/europressgroup.com\\\/customer-feedback\\\/\",\"correctionsPolicy\":\"https:\\\/\\\/europressgroup.com\\\/customer-feedback\\\/\",\"ethicsPolicy\":\"https:\\\/\\\/europressgroup.com\\\/responsibility\\\/\"}]}<\/script>\n<!-- \/ Yoast SEO Premium plugin. -->","yoast_head_json":{"title":"BUNNT\u00d8MTE L\u00d8SNINGER - Europress Group","description":"Balpressar, komprimatorer och skruvar kombinerat med IoT-l\u00f6sningar och digitala tj\u00e4nster f\u00f6r avfallshantering med b\u00e5de p\u00e5 plats och telefonsupport.","robots":{"index":"index","follow":"follow","max-snippet":"max-snippet:-1","max-image-preview":"max-image-preview:large","max-video-preview":"max-video-preview:-1"},"canonical":"https:\/\/europressgroup.com\/no\/bunntomtelosninger\/","og_locale":"nb_NO","og_type":"article","og_title":"BUNNT\u00d8MTE L\u00d8SNINGER","og_description":"Bunnt\u00f8mte avfallscontainere \u2013 Vi har l\u00f8sningene Nedgravde Avfallscontainere Diskret og hygienisk avfallsl\u00f8sning Helt nedgravde containere gir en elegant","og_url":"https:\/\/europressgroup.com\/no\/bunntomtelosninger\/","og_site_name":"Europress Group","article_publisher":"https:\/\/www.facebook.com\/europresswastehandling","article_modified_time":"2025-04-23T06:17:57+00:00","og_image":[{"width":1920,"height":1440,"url":"https:\/\/europressgroup.com\/wp-content\/uploads\/2025\/04\/ZBIN.jpg","type":"image\/jpeg"}],"twitter_card":"summary_large_image","twitter_site":"@EPWastehandling","twitter_misc":{"Ansl. lesetid":"2 minutter"},"schema":{"@context":"https:\/\/schema.org","@graph":[{"@type":"WebPage","@id":"https:\/\/europressgroup.com\/no\/bunntomtelosninger\/","url":"https:\/\/europressgroup.com\/no\/bunntomtelosninger\/","name":"BUNNT\u00d8MTE L\u00d8SNINGER - Europress Group","isPartOf":{"@id":"https:\/\/europressgroup.com\/no\/#website"},"primaryImageOfPage":{"@id":"https:\/\/europressgroup.com\/no\/bunntomtelosninger\/#primaryimage"},"image":{"@id":"https:\/\/europressgroup.com\/no\/bunntomtelosninger\/#primaryimage"},"thumbnailUrl":"https:\/\/europressgroup.com\/wp-content\/uploads\/2025\/04\/ZBIN.jpg","datePublished":"2025-04-11T07:55:00+00:00","dateModified":"2025-04-23T06:17:57+00:00","description":"Balpressar, komprimatorer och skruvar kombinerat med IoT-l\u00f6sningar och digitala tj\u00e4nster f\u00f6r avfallshantering med b\u00e5de p\u00e5 plats och telefonsupport.","breadcrumb":{"@id":"https:\/\/europressgroup.com\/no\/bunntomtelosninger\/#breadcrumb"},"inLanguage":"nb-NO","potentialAction":[{"@type":"ReadAction","target":["https:\/\/europressgroup.com\/no\/bunntomtelosninger\/"]}]},{"@type":"ImageObject","inLanguage":"nb-NO","@id":"https:\/\/europressgroup.com\/no\/bunntomtelosninger\/#primaryimage","url":"https:\/\/europressgroup.com\/wp-content\/uploads\/2025\/04\/ZBIN.jpg","contentUrl":"https:\/\/europressgroup.com\/wp-content\/uploads\/2025\/04\/ZBIN.jpg","width":1920,"height":1440},{"@type":"BreadcrumbList","@id":"https:\/\/europressgroup.com\/no\/bunntomtelosninger\/#breadcrumb","itemListElement":[{"@type":"ListItem","position":1,"name":"Home","item":"https:\/\/europressgroup.com\/no\/"},{"@type":"ListItem","position":2,"name":"BUNNT\u00d8MTE L\u00d8SNINGER"}]},{"@type":"WebSite","@id":"https:\/\/europressgroup.com\/no\/#website","url":"https:\/\/europressgroup.com\/no\/","name":"Europress Group","description":"Northern European leader in Environmental Technology","publisher":{"@id":"https:\/\/europressgroup.com\/no\/#organization"},"potentialAction":[{"@type":"SearchAction","target":{"@type":"EntryPoint","urlTemplate":"https:\/\/europressgroup.com\/no\/?s={search_term_string}"},"query-input":{"@type":"PropertyValueSpecification","valueRequired":true,"valueName":"search_term_string"}}],"inLanguage":"nb-NO"},{"@type":"Organization","@id":"https:\/\/europressgroup.com\/no\/#organization","name":"Europress Group","url":"https:\/\/europressgroup.com\/no\/","logo":{"@type":"ImageObject","inLanguage":"nb-NO","@id":"https:\/\/europressgroup.com\/no\/#\/schema\/logo\/image\/","url":"https:\/\/europressgroup.com\/wp-content\/uploads\/2018\/12\/Europress-logo-1.png","contentUrl":"https:\/\/europressgroup.com\/wp-content\/uploads\/2018\/12\/Europress-logo-1.png","width":478,"height":75,"caption":"Europress Group"},"image":{"@id":"https:\/\/europressgroup.com\/no\/#\/schema\/logo\/image\/"},"sameAs":["https:\/\/www.facebook.com\/europresswastehandling","https:\/\/x.com\/EPWastehandling","https:\/\/www.instagram.com\/europressgroup\/","https:\/\/www.linkedin.com\/company\/europress"],"publishingPrinciples":"https:\/\/europressgroup.com\/environment-safety-quality\/","ownershipFundingInfo":"https:\/\/europressgroup.com\/history\/","actionableFeedbackPolicy":"https:\/\/europressgroup.com\/customer-feedback\/","correctionsPolicy":"https:\/\/europressgroup.com\/customer-feedback\/","ethicsPolicy":"https:\/\/europressgroup.com\/responsibility\/"}]}},"_links":{"self":[{"href":"https:\/\/europressgroup.com\/no\/wp-json\/wp\/v2\/pages\/152125","targetHints":{"allow":["GET"]}}],"collection":[{"href":"https:\/\/europressgroup.com\/no\/wp-json\/wp\/v2\/pages"}],"about":[{"href":"https:\/\/europressgroup.com\/no\/wp-json\/wp\/v2\/types\/page"}],"author":[{"embeddable":true,"href":"https:\/\/europressgroup.com\/no\/wp-json\/wp\/v2\/users\/44"}],"replies":[{"embeddable":true,"href":"https:\/\/europressgroup.com\/no\/wp-json\/wp\/v2\/comments?post=152125"}],"version-history":[{"count":20,"href":"https:\/\/europressgroup.com\/no\/wp-json\/wp\/v2\/pages\/152125\/revisions"}],"predecessor-version":[{"id":152777,"href":"https:\/\/europressgroup.com\/no\/wp-json\/wp\/v2\/pages\/152125\/revisions\/152777"}],"wp:featuredmedia":[{"embeddable":true,"href":"https:\/\/europressgroup.com\/no\/wp-json\/wp\/v2\/media\/152150"}],"wp:attachment":[{"href":"https:\/\/europressgroup.com\/no\/wp-json\/wp\/v2\/media?parent=152125"}],"curies":[{"name":"wp","href":"https:\/\/api.w.org\/{rel}","templated":true}]}}