{"id":139285,"date":"2024-05-06T11:38:47","date_gmt":"2024-05-06T08:38:47","guid":{"rendered":"https:\/\/europressgroup.com\/?page_id=139285"},"modified":"2024-11-27T14:19:53","modified_gmt":"2024-11-27T12:19:53","slug":"combimax-lite","status":"publish","type":"page","link":"https:\/\/europressgroup.com\/no\/combimax-lite\/","title":{"rendered":"NY COMBIMAX LITE &#8211; ALLSIDIG AVFALLSKOMPRIMATOR TIL AKTIV BRUK"},"content":{"rendered":"<div class=\"wpb-content-wrapper\"><p>[vc_row row_height_percent=&raquo;0&#8243; override_padding=&raquo;yes&raquo; h_padding=&raquo;2&#8243; top_padding=&raquo;4&#8243; bottom_padding=&raquo;1&#8243; overlay_alpha=&raquo;50&#8243; equal_height=&raquo;yes&raquo; gutter_size=&raquo;3&#8243; column_width_percent=&raquo;100&#8243; shift_y=&raquo;0&#8243; z_index=&raquo;0&#8243; row_name=&raquo;Highlights&raquo;][vc_column column_width_percent=&raquo;100&#8243; position_horizontal=&raquo;left&raquo; position_vertical=&raquo;middle&raquo; gutter_size=&raquo;3&#8243; override_padding=&raquo;yes&raquo; column_padding=&raquo;2&#8243; overlay_alpha=&raquo;50&#8243; shift_x=&raquo;0&#8243; shift_y=&raquo;0&#8243; shift_y_down=&raquo;0&#8243; z_index=&raquo;0&#8243; medium_width=&raquo;4&#8243; mobile_width=&raquo;0&#8243; zoom_width=&raquo;0&#8243; zoom_height=&raquo;0&#8243; width=&raquo;1\/2&#8243;][vc_single_image media=&raquo;139266&#8243; media_width_percent=&raquo;100&#8243; image=&raquo;2286&#8243; border_color=&raquo;grey&raquo; img_link_target=&raquo;_self&raquo; img_size=&raquo;full&raquo; uncode_shortcode_id=&raquo;132269&#8243;][\/vc_column][vc_column column_width_percent=&raquo;100&#8243; position_vertical=&raquo;middle&raquo; align_horizontal=&raquo;align_center&raquo; gutter_size=&raquo;3&#8243; expand_height=&raquo;yes&raquo; overlay_alpha=&raquo;50&#8243; shift_x=&raquo;0&#8243; shift_y=&raquo;0&#8243; shift_y_down=&raquo;0&#8243; z_index=&raquo;0&#8243; medium_width=&raquo;4&#8243; mobile_width=&raquo;0&#8243; zoom_width=&raquo;0&#8243; zoom_height=&raquo;0&#8243; width=&raquo;1\/6&#8243;][vc_icon icon=&raquo;fa fa-recycle&raquo; size=&raquo;fa-3x&raquo; text_height=&raquo;fontheight-179065&#8243; title=&raquo;BRUK&raquo; uncode_shortcode_id=&raquo;956633&#8243;]Sortert restavfall<\/p>\n<p>Papp<\/p>\n<p>T\u00f8rt restavfall<\/p>\n<p>Plast[\/vc_icon][\/vc_column][vc_column column_width_percent=&raquo;100&#8243; align_horizontal=&raquo;align_center&raquo; gutter_size=&raquo;3&#8243; expand_height=&raquo;yes&raquo; overlay_alpha=&raquo;50&#8243; shift_x=&raquo;0&#8243; shift_y=&raquo;0&#8243; shift_y_down=&raquo;0&#8243; z_index=&raquo;0&#8243; medium_width=&raquo;0&#8243; mobile_width=&raquo;0&#8243; width=&raquo;1\/6&#8243;][vc_icon icon=&raquo;fa fa-cogs&raquo; size=&raquo;fa-3x&raquo; text_height=&raquo;fontheight-179065&#8243; title=&raquo;FUNKSJONER&raquo;]Flere standard containerst\u00f8rrelser<\/p>\n<p>Stor innkast\u00e5pning<\/p>\n<p>P\u00e5litelig og brukervennlig<\/p>\n<p>Intelligent SMART-teknologi[\/vc_icon][\/vc_column][vc_column column_width_percent=&raquo;100&#8243; align_horizontal=&raquo;align_center&raquo; gutter_size=&raquo;3&#8243; expand_height=&raquo;yes&raquo; overlay_alpha=&raquo;50&#8243; shift_x=&raquo;0&#8243; shift_y=&raquo;0&#8243; shift_y_down=&raquo;0&#8243; z_index=&raquo;0&#8243; medium_width=&raquo;0&#8243; mobile_width=&raquo;0&#8243; width=&raquo;1\/6&#8243;][vc_icon icon=&raquo;fa fa-th&raquo; size=&raquo;fa-3x&raquo; text_height=&raquo;fontheight-179065&#8243; title=&raquo;KAPASITET&raquo; uncode_shortcode_id=&raquo;162430&#8243;]10 m\u00b3<\/p>\n<p>14 m\u00b3<\/p>\n<p>17 m\u00b3<\/p>\n<p>20 m\u00b3<\/p>\n<p>22 m\u00b3[\/vc_icon][\/vc_column][\/vc_row][vc_row row_height_percent=&raquo;0&#8243; override_padding=&raquo;yes&raquo; h_padding=&raquo;2&#8243; top_padding=&raquo;3&#8243; bottom_padding=&raquo;2&#8243; back_color=&raquo;color-xsdn&raquo; overlay_alpha=&raquo;100&#8243; equal_height=&raquo;yes&raquo; gutter_size=&raquo;0&#8243; column_width_percent=&raquo;100&#8243; shift_y=&raquo;0&#8243; z_index=&raquo;0&#8243; style=&raquo;dark&raquo; row_name=&raquo;Design &amp; Quality&raquo; uncode_shortcode_id=&raquo;185319&#8243; back_color_type=&raquo;uncode-palette&raquo;][vc_column column_width_percent=&raquo;100&#8243; position_horizontal=&raquo;left&raquo; position_vertical=&raquo;middle&raquo; gutter_size=&raquo;3&#8243; override_padding=&raquo;yes&raquo; column_padding=&raquo;0&#8243; style=&raquo;light&raquo; back_color=&raquo;color-xsdn&raquo; overlay_alpha=&raquo;50&#8243; shift_x=&raquo;0&#8243; shift_y=&raquo;0&#8243; shift_y_down=&raquo;0&#8243; z_index=&raquo;0&#8243; medium_width=&raquo;0&#8243; mobile_width=&raquo;0&#8243; width=&raquo;1\/1&#8243; uncode_shortcode_id=&raquo;122462&#8243; back_color_type=&raquo;uncode-palette&raquo;][vc_custom_heading text_weight=&raquo;700&#8243; text_transform=&raquo;uppercase&raquo; separator_color=&raquo;yes&raquo; separator=&raquo;yes&raquo; sub_lead=&raquo;yes&raquo; sub_reduced=&raquo;yes&raquo; uncode_shortcode_id=&raquo;105234&#8243;]NY COMBIMAX\u00a0LITE<\/p>\n<p>ALLSIDIG AVFALLSKOMPRIMATOR TIL AKTIV BRUK[\/vc_custom_heading][vc_column_text uncode_shortcode_id=&raquo;298948&#8243;]Europress\u00a0<strong>CombiMax<\/strong>\u00a0<strong>Lite<\/strong>\u00a0\u2013\u00a0en allsidig og brukervennlig avfallskomprimator\u00a0\u2013\u00a0er en optimert og transportvennlig versjon av den popul\u00e6re\u00a0<a href=\"https:\/\/europressgroup.com\/no\/combimax-combi\/\">CombiMax<\/a>-avfallskomprimatoren. Den er ideell til ulike avfallsh\u00e5ndterings-relaterte behov, og et utmerket alternativ til avfallscontainere grunnet det effektive kompresjonsforholdet. CombiMax\u00a0Lite er en robust avfallskomprimator designet og produsert i Finland for \u00e5 motst\u00e5 de nordiske landenes forhold. Den har en spesielt lav driftslyd.<\/p>\n<p>Komprimatoren i Europress\u00a0CombiMax Lite-enheten er festet til beholderen, noe som sikrer renhet p\u00e5 installasjonsstedet og ved t\u00f8mming. CombiMax\u00a0Lite er en plassbesparende, p\u00e5litelig og brukervennlig l\u00f8sning for avfallsh\u00e5ndtering i butikker, boliger, industri, hoteller og sykehus. CombiMax\u00a0Lite egner seg til plast, blandet avfall, energiavfall og papp.<\/p>\n<p>CombiMax\u00a0Lite-avfallskomprimatoren er tilgjengelig i ulike st\u00f8rrelser: 10\u00a0m\u00b3, 14\u00a0m\u00b3, 17\u00a0m\u00b3, 20\u00a0m\u00b3 og 22\u00a0m\u00b3.[\/vc_column_text][\/vc_column][\/vc_row][vc_row row_height_percent=&raquo;10&#8243; override_padding=&raquo;yes&raquo; h_padding=&raquo;2&#8243; top_padding=&raquo;2&#8243; bottom_padding=&raquo;3&#8243; back_color=&raquo;color-xsdn&raquo; overlay_alpha=&raquo;100&#8243; equal_height=&raquo;yes&raquo; gutter_size=&raquo;0&#8243; column_width_percent=&raquo;100&#8243; shift_y=&raquo;0&#8243; z_index=&raquo;0&#8243; style=&raquo;dark&raquo; row_name=&raquo;Design &amp; Quality&raquo;][vc_column column_width_percent=&raquo;100&#8243; position_horizontal=&raquo;left&raquo; position_vertical=&raquo;middle&raquo; gutter_size=&raquo;3&#8243; override_padding=&raquo;yes&raquo; column_padding=&raquo;0&#8243; back_color=&raquo;color-xsdn&raquo; overlay_alpha=&raquo;50&#8243; shift_x=&raquo;0&#8243; shift_y=&raquo;0&#8243; shift_y_down=&raquo;0&#8243; z_index=&raquo;0&#8243; medium_width=&raquo;0&#8243; mobile_width=&raquo;0&#8243; width=&raquo;2\/3&#8243; uncode_shortcode_id=&raquo;480133&#8243; back_color_type=&raquo;uncode-palette&raquo;][vc_column_text uncode_shortcode_id=&raquo;349866&#8243;]Avfallskomprimatorens smarte\u00a0<a href=\"https:\/\/europressgroup.com\/no\/smart\/\"><strong>Europress\u00a0SMART<\/strong><\/a><strong>&#8211;<\/strong>teknologi muliggj\u00f8r kostnadseffektiv og sikker drift. Komprimatorer kan optimeres for \u00e5 tilfredsstille ulike avfallsh\u00e5ndterings-relaterte behov, og teknologien beskytter b\u00e5de enheten og brukeren mot feilbruk, forhindrer komponentnedbrytning og sikrer dermed trygg drift. Smart teknologi sikrer at avfallskomprimatoren er energieffektiv. CombiMax\u00a0LITE bruker mindre str\u00f8m enn konvensjonelle avfallskomprimatorer.<\/p>\n<p>CombiMax\u00a0Lite kan kobles til\u00a0<a href=\"https:\/\/europressgroup.com\/no\/smart\/\"><strong>Europress\u00a0SMART<\/strong><\/a>-nettverket.[\/vc_column_text][\/vc_column][vc_column width=&raquo;1\/3&#8243;][vc_single_image media=&raquo;73921&#8243; media_width_percent=&raquo;60&#8243; alignment=&raquo;center&raquo; media_link=&raquo;|||&raquo; uncode_shortcode_id=&raquo;191583&#8243;][\/vc_column][\/vc_row][vc_row unlock_row_content=&raquo;yes&raquo; row_height_percent=&raquo;0&#8243; override_padding=&raquo;yes&raquo; h_padding=&raquo;2&#8243; top_padding=&raquo;4&#8243; bottom_padding=&raquo;4&#8243; back_color=&raquo;color-rgdb&raquo; overlay_alpha=&raquo;50&#8243; gutter_size=&raquo;3&#8243; column_width_percent=&raquo;100&#8243; shift_y=&raquo;0&#8243; z_index=&raquo;0&#8243; row_name=&raquo;Gallery&raquo;][vc_column column_width_use_pixel=&raquo;yes&raquo; align_horizontal=&raquo;align_center&raquo; gutter_size=&raquo;3&#8243; style=&raquo;dark&raquo; overlay_alpha=&raquo;50&#8243; shift_x=&raquo;0&#8243; shift_y=&raquo;0&#8243; medium_width=&raquo;0&#8243; zoom_width=&raquo;0&#8243; zoom_height=&raquo;0&#8243; column_width_pixel=&raquo;1400&#8243;][vc_custom_heading text_transform=&raquo;uppercase&raquo; separator=&raquo;yes&raquo; sub_lead=&raquo;yes&raquo;]Media[\/vc_custom_heading][vc_gallery el_id=&raquo;gallery-47626&#8243; type=&raquo;carousel&raquo; medias=&raquo;138596,139295,73443,73150,73444&#8243; carousel_lg=&raquo;3&#8243; carousel_md=&raquo;2&#8243; carousel_sm=&raquo;1&#8243; thumb_size=&raquo;one-one&raquo; gutter_size=&raquo;2&#8243; media_items=&raquo;media,icon&raquo; carousel_interval=&raquo;3000&#8243; carousel_navspeed=&raquo;400&#8243; carousel_nav=&raquo;yes&raquo; carousel_dots=&raquo;yes&raquo; stage_padding=&raquo;0&#8243; single_overlay_opacity=&raquo;50&#8243; single_image_anim=&raquo;no&raquo; single_h_align=&raquo;center&raquo; single_padding=&raquo;2&#8243; single_icon=&raquo;fa fa-search3&#8243; single_shadow=&raquo;yes&raquo; single_border=&raquo;yes&raquo; carousel_rtl=&raquo;&raquo; single_title_uppercase=&raquo;&raquo; uncode_shortcode_id=&raquo;202972&#8243;][\/vc_column][\/vc_row][vc_row row_height_percent=&raquo;50&#8243; override_padding=&raquo;yes&raquo; h_padding=&raquo;2&#8243; top_padding=&raquo;0&#8243; bottom_padding=&raquo;0&#8243; back_color=&raquo;color-lxmt&raquo; overlay_alpha=&raquo;100&#8243; equal_height=&raquo;yes&raquo; gutter_size=&raquo;0&#8243; column_width_percent=&raquo;100&#8243; shift_y=&raquo;0&#8243; z_index=&raquo;0&#8243; style=&raquo;dark&raquo; row_name=&raquo;Design &amp; Quality&raquo;][vc_column column_width_percent=&raquo;100&#8243; align_horizontal=&raquo;align_center&raquo; gutter_size=&raquo;3&#8243; override_padding=&raquo;yes&raquo; column_padding=&raquo;4&#8243; style=&raquo;light&raquo; back_color=&raquo;color-lxmt&raquo; overlay_alpha=&raquo;50&#8243; shift_x=&raquo;0&#8243; shift_y=&raquo;0&#8243; shift_y_down=&raquo;0&#8243; z_index=&raquo;0&#8243; medium_width=&raquo;0&#8243; mobile_width=&raquo;0&#8243; width=&raquo;1\/1&#8243;][vc_custom_heading text_weight=&raquo;700&#8243; text_transform=&raquo;uppercase&raquo; separator_color=&raquo;yes&raquo; separator=&raquo;yes&raquo; sub_lead=&raquo;yes&raquo; sub_reduced=&raquo;yes&raquo;]\u00d8VRIG INFORMASJON[\/vc_custom_heading][vc_tabs][vc_tab title=&raquo;TEKNISKE SPESIFIKASJONER&raquo; tab_id=&raquo;1551168098-1-371714984508088&#8243;][vc_column_text uncode_shortcode_id=&raquo;926254&#8243;]<\/p>\n<h3><strong>CombiMax Lite<\/strong><\/h3>\n<p><strong>Innkast\u00e5pning (mm)<\/strong><br \/>\n1930 x 1800<\/p>\n<p><strong>Innkasth\u00f8yde (bakkeniv\u00e5) (mm)<\/strong><br \/>\n1480 x 1300<\/p>\n<p><strong>Kompresjonskraft (t)<\/strong><br \/>\n26<\/p>\n<p><strong>Syklustid ved komprimering (s)<\/strong><br \/>\n55<\/p>\n<p><strong>Kapasitet, papp (m\u00b3 \/h)<\/strong><br \/>\n<span dir=\"ltr\" role=\"presentation\">93<\/span><\/p>\n<p><strong>Motor (kW)<\/strong><br \/>\n4<\/p>\n<p><strong>Str\u00f8mforsyning<\/strong><br \/>\n400 V 3xC16 A[\/vc_column_text][\/vc_tab][vc_tab title=&raquo;STANDARDTILBEH\u00d8R&raquo; tab_id=&raquo;1551168098-2-881714984508088&#8243;][vc_column_text]Bl\u00e5 farge RAL5017<\/p>\n<p>Standard innkasttrakt<\/p>\n<p>L\u00f8ftekroker foran\/bak<\/p>\n<p>Intelligent SMART-teknologi<\/p>\n<p>Klargjort for Europress SMART-tilkobling[\/vc_column_text][\/vc_tab][vc_tab title=&raquo;EKSTRAUTSTYR&raquo; tab_id=&raquo;1551168147535-2-21714984508088&#8243;][vc_column_text uncode_shortcode_id=&raquo;744402&#8243;]Lattformtrakt<br \/>\nSenket innl\u00f8ps\u00e5pning<br \/>\nFor-\/bakhjul<br \/>\nSpesiell farge<br \/>\nAutomatisk elektrisk<br \/>\n\u00e5pningsmekanisme p\u00e5 lokk<br \/>\nTipper[\/vc_column_text][\/vc_tab][\/vc_tabs][\/vc_column][\/vc_row][vc_row][vc_column width=&raquo;1\/1&#8243;][uncode_block id=&raquo;73192&#8243;][\/vc_column][\/vc_row]<\/p>\n<\/div>","protected":false},"excerpt":{"rendered":"<p>[vc_row row_height_percent=&raquo;0&#8243; override_padding=&raquo;yes&raquo; h_padding=&raquo;2&#8243; top_padding=&raquo;4&#8243; bottom_padding=&raquo;1&#8243; overlay_alpha=&raquo;50&#8243; equal_height=&raquo;yes&raquo; gutter_size=&raquo;3&#8243; column_width_percent=&raquo;100&#8243; shift_y=&raquo;0&#8243; z_index=&raquo;0&#8243; row_name=&raquo;Highlights&raquo;][vc_column column_width_percent=&raquo;100&#8243; position_horizontal=&raquo;left&raquo; position_vertical=&raquo;middle&raquo; gutter_size=&raquo;3&#8243; override_padding=&raquo;yes&raquo; column_padding=&raquo;2&#8243; overlay_alpha=&raquo;50&#8243; [&hellip;]<\/p>\n","protected":false},"author":25,"featured_media":138596,"parent":0,"menu_order":0,"comment_status":"closed","ping_status":"closed","template":"","meta":{"footnotes":""},"class_list":["post-139285","page","type-page","status-publish","has-post-thumbnail","hentry","page_category-blandet-avfall","page_category-forbrenningsavfall"],"yoast_head":"<!-- This site is optimized with the Yoast SEO Premium plugin v27.3 (Yoast SEO v27.3) - https:\/\/yoast.com\/product\/yoast-seo-premium-wordpress\/ -->\n<title>NY COMBIMAX LITE - ALLSIDIG AVFALLSKOMPRIMATOR TIL AKTIV BRUK - Europress Group<\/title>\n<meta name=\"description\" content=\"CombiMax\u00a0Lite er en plassbesparende, p\u00e5litelig og brukervennlig l\u00f8sning for avfallsh\u00e5ndtering i butikker, boliger, industri, hoteller og sykehus. CombiMax\u00a0Lite egner seg til plast, blandet avfall, energiavfall og papp.\" \/>\n<meta name=\"robots\" content=\"index, follow, max-snippet:-1, max-image-preview:large, max-video-preview:-1\" \/>\n<link rel=\"canonical\" href=\"https:\/\/europressgroup.com\/no\/combimax-lite\/\" \/>\n<meta property=\"og:locale\" content=\"nb_NO\" \/>\n<meta property=\"og:type\" content=\"article\" \/>\n<meta property=\"og:title\" content=\"NY COMBIMAX LITE - ALLSIDIG AVFALLSKOMPRIMATOR TIL AKTIV BRUK\" \/>\n<meta property=\"og:description\" content=\"Sortert restavfall Papp T\u00f8rt restavfall PlastFlere standard containerst\u00f8rrelser Stor innkast\u00e5pning P\u00e5litelig og brukervennlig Intelligent\" \/>\n<meta property=\"og:url\" content=\"https:\/\/europressgroup.com\/no\/combimax-lite\/\" \/>\n<meta property=\"og:site_name\" content=\"Europress Group\" \/>\n<meta property=\"article:publisher\" content=\"https:\/\/www.facebook.com\/europresswastehandling\" \/>\n<meta property=\"article:modified_time\" content=\"2024-11-27T12:19:53+00:00\" \/>\n<meta property=\"og:image\" content=\"https:\/\/europressgroup.com\/wp-content\/uploads\/2024\/04\/combimax_hopper_4_outside.jpg\" \/>\n\t<meta property=\"og:image:width\" content=\"1920\" \/>\n\t<meta property=\"og:image:height\" content=\"1280\" \/>\n\t<meta property=\"og:image:type\" content=\"image\/jpeg\" \/>\n<meta name=\"twitter:card\" content=\"summary_large_image\" \/>\n<meta name=\"twitter:site\" content=\"@EPWastehandling\" \/>\n<meta name=\"twitter:label1\" content=\"Ansl. lesetid\" \/>\n\t<meta name=\"twitter:data1\" content=\"4 minutter\" \/>\n<script type=\"application\/ld+json\" class=\"yoast-schema-graph\">{\"@context\":\"https:\\\/\\\/schema.org\",\"@graph\":[{\"@type\":\"WebPage\",\"@id\":\"https:\\\/\\\/europressgroup.com\\\/no\\\/combimax-lite\\\/\",\"url\":\"https:\\\/\\\/europressgroup.com\\\/no\\\/combimax-lite\\\/\",\"name\":\"NY COMBIMAX LITE - ALLSIDIG AVFALLSKOMPRIMATOR TIL AKTIV BRUK - Europress Group\",\"isPartOf\":{\"@id\":\"https:\\\/\\\/europressgroup.com\\\/no\\\/#website\"},\"primaryImageOfPage\":{\"@id\":\"https:\\\/\\\/europressgroup.com\\\/no\\\/combimax-lite\\\/#primaryimage\"},\"image\":{\"@id\":\"https:\\\/\\\/europressgroup.com\\\/no\\\/combimax-lite\\\/#primaryimage\"},\"thumbnailUrl\":\"https:\\\/\\\/europressgroup.com\\\/wp-content\\\/uploads\\\/2024\\\/04\\\/combimax_hopper_4_outside.jpg\",\"datePublished\":\"2024-05-06T08:38:47+00:00\",\"dateModified\":\"2024-11-27T12:19:53+00:00\",\"description\":\"CombiMax\u00a0Lite er en plassbesparende, p\u00e5litelig og brukervennlig l\u00f8sning for avfallsh\u00e5ndtering i butikker, boliger, industri, hoteller og sykehus. CombiMax\u00a0Lite egner seg til plast, blandet avfall, energiavfall og papp.\",\"breadcrumb\":{\"@id\":\"https:\\\/\\\/europressgroup.com\\\/no\\\/combimax-lite\\\/#breadcrumb\"},\"inLanguage\":\"nb-NO\",\"potentialAction\":[{\"@type\":\"ReadAction\",\"target\":[\"https:\\\/\\\/europressgroup.com\\\/no\\\/combimax-lite\\\/\"]}]},{\"@type\":\"ImageObject\",\"inLanguage\":\"nb-NO\",\"@id\":\"https:\\\/\\\/europressgroup.com\\\/no\\\/combimax-lite\\\/#primaryimage\",\"url\":\"https:\\\/\\\/europressgroup.com\\\/wp-content\\\/uploads\\\/2024\\\/04\\\/combimax_hopper_4_outside.jpg\",\"contentUrl\":\"https:\\\/\\\/europressgroup.com\\\/wp-content\\\/uploads\\\/2024\\\/04\\\/combimax_hopper_4_outside.jpg\",\"width\":1920,\"height\":1280},{\"@type\":\"BreadcrumbList\",\"@id\":\"https:\\\/\\\/europressgroup.com\\\/no\\\/combimax-lite\\\/#breadcrumb\",\"itemListElement\":[{\"@type\":\"ListItem\",\"position\":1,\"name\":\"Home\",\"item\":\"https:\\\/\\\/europressgroup.com\\\/no\\\/\"},{\"@type\":\"ListItem\",\"position\":2,\"name\":\"NY COMBIMAX LITE &#8211; ALLSIDIG AVFALLSKOMPRIMATOR TIL AKTIV BRUK\"}]},{\"@type\":\"WebSite\",\"@id\":\"https:\\\/\\\/europressgroup.com\\\/no\\\/#website\",\"url\":\"https:\\\/\\\/europressgroup.com\\\/no\\\/\",\"name\":\"Europress Group\",\"description\":\"Northern European leader in Environmental Technology\",\"publisher\":{\"@id\":\"https:\\\/\\\/europressgroup.com\\\/no\\\/#organization\"},\"potentialAction\":[{\"@type\":\"SearchAction\",\"target\":{\"@type\":\"EntryPoint\",\"urlTemplate\":\"https:\\\/\\\/europressgroup.com\\\/no\\\/?s={search_term_string}\"},\"query-input\":{\"@type\":\"PropertyValueSpecification\",\"valueRequired\":true,\"valueName\":\"search_term_string\"}}],\"inLanguage\":\"nb-NO\"},{\"@type\":\"Organization\",\"@id\":\"https:\\\/\\\/europressgroup.com\\\/no\\\/#organization\",\"name\":\"Europress Group\",\"url\":\"https:\\\/\\\/europressgroup.com\\\/no\\\/\",\"logo\":{\"@type\":\"ImageObject\",\"inLanguage\":\"nb-NO\",\"@id\":\"https:\\\/\\\/europressgroup.com\\\/no\\\/#\\\/schema\\\/logo\\\/image\\\/\",\"url\":\"https:\\\/\\\/europressgroup.com\\\/wp-content\\\/uploads\\\/2018\\\/12\\\/Europress-logo-1.png\",\"contentUrl\":\"https:\\\/\\\/europressgroup.com\\\/wp-content\\\/uploads\\\/2018\\\/12\\\/Europress-logo-1.png\",\"width\":478,\"height\":75,\"caption\":\"Europress Group\"},\"image\":{\"@id\":\"https:\\\/\\\/europressgroup.com\\\/no\\\/#\\\/schema\\\/logo\\\/image\\\/\"},\"sameAs\":[\"https:\\\/\\\/www.facebook.com\\\/europresswastehandling\",\"https:\\\/\\\/x.com\\\/EPWastehandling\",\"https:\\\/\\\/www.instagram.com\\\/europressgroup\\\/\",\"https:\\\/\\\/www.linkedin.com\\\/company\\\/europress\"],\"publishingPrinciples\":\"https:\\\/\\\/europressgroup.com\\\/environment-safety-quality\\\/\",\"ownershipFundingInfo\":\"https:\\\/\\\/europressgroup.com\\\/history\\\/\",\"actionableFeedbackPolicy\":\"https:\\\/\\\/europressgroup.com\\\/customer-feedback\\\/\",\"correctionsPolicy\":\"https:\\\/\\\/europressgroup.com\\\/customer-feedback\\\/\",\"ethicsPolicy\":\"https:\\\/\\\/europressgroup.com\\\/responsibility\\\/\"}]}<\/script>\n<!-- \/ Yoast SEO Premium plugin. -->","yoast_head_json":{"title":"NY COMBIMAX LITE - ALLSIDIG AVFALLSKOMPRIMATOR TIL AKTIV BRUK - Europress Group","description":"CombiMax\u00a0Lite er en plassbesparende, p\u00e5litelig og brukervennlig l\u00f8sning for avfallsh\u00e5ndtering i butikker, boliger, industri, hoteller og sykehus. CombiMax\u00a0Lite egner seg til plast, blandet avfall, energiavfall og papp.","robots":{"index":"index","follow":"follow","max-snippet":"max-snippet:-1","max-image-preview":"max-image-preview:large","max-video-preview":"max-video-preview:-1"},"canonical":"https:\/\/europressgroup.com\/no\/combimax-lite\/","og_locale":"nb_NO","og_type":"article","og_title":"NY COMBIMAX LITE - ALLSIDIG AVFALLSKOMPRIMATOR TIL AKTIV BRUK","og_description":"Sortert restavfall Papp T\u00f8rt restavfall PlastFlere standard containerst\u00f8rrelser Stor innkast\u00e5pning P\u00e5litelig og brukervennlig Intelligent","og_url":"https:\/\/europressgroup.com\/no\/combimax-lite\/","og_site_name":"Europress Group","article_publisher":"https:\/\/www.facebook.com\/europresswastehandling","article_modified_time":"2024-11-27T12:19:53+00:00","og_image":[{"width":1920,"height":1280,"url":"https:\/\/europressgroup.com\/wp-content\/uploads\/2024\/04\/combimax_hopper_4_outside.jpg","type":"image\/jpeg"}],"twitter_card":"summary_large_image","twitter_site":"@EPWastehandling","twitter_misc":{"Ansl. lesetid":"4 minutter"},"schema":{"@context":"https:\/\/schema.org","@graph":[{"@type":"WebPage","@id":"https:\/\/europressgroup.com\/no\/combimax-lite\/","url":"https:\/\/europressgroup.com\/no\/combimax-lite\/","name":"NY COMBIMAX LITE - ALLSIDIG AVFALLSKOMPRIMATOR TIL AKTIV BRUK - Europress Group","isPartOf":{"@id":"https:\/\/europressgroup.com\/no\/#website"},"primaryImageOfPage":{"@id":"https:\/\/europressgroup.com\/no\/combimax-lite\/#primaryimage"},"image":{"@id":"https:\/\/europressgroup.com\/no\/combimax-lite\/#primaryimage"},"thumbnailUrl":"https:\/\/europressgroup.com\/wp-content\/uploads\/2024\/04\/combimax_hopper_4_outside.jpg","datePublished":"2024-05-06T08:38:47+00:00","dateModified":"2024-11-27T12:19:53+00:00","description":"CombiMax\u00a0Lite er en plassbesparende, p\u00e5litelig og brukervennlig l\u00f8sning for avfallsh\u00e5ndtering i butikker, boliger, industri, hoteller og sykehus. CombiMax\u00a0Lite egner seg til plast, blandet avfall, energiavfall og papp.","breadcrumb":{"@id":"https:\/\/europressgroup.com\/no\/combimax-lite\/#breadcrumb"},"inLanguage":"nb-NO","potentialAction":[{"@type":"ReadAction","target":["https:\/\/europressgroup.com\/no\/combimax-lite\/"]}]},{"@type":"ImageObject","inLanguage":"nb-NO","@id":"https:\/\/europressgroup.com\/no\/combimax-lite\/#primaryimage","url":"https:\/\/europressgroup.com\/wp-content\/uploads\/2024\/04\/combimax_hopper_4_outside.jpg","contentUrl":"https:\/\/europressgroup.com\/wp-content\/uploads\/2024\/04\/combimax_hopper_4_outside.jpg","width":1920,"height":1280},{"@type":"BreadcrumbList","@id":"https:\/\/europressgroup.com\/no\/combimax-lite\/#breadcrumb","itemListElement":[{"@type":"ListItem","position":1,"name":"Home","item":"https:\/\/europressgroup.com\/no\/"},{"@type":"ListItem","position":2,"name":"NY COMBIMAX LITE &#8211; ALLSIDIG AVFALLSKOMPRIMATOR TIL AKTIV BRUK"}]},{"@type":"WebSite","@id":"https:\/\/europressgroup.com\/no\/#website","url":"https:\/\/europressgroup.com\/no\/","name":"Europress Group","description":"Northern European leader in Environmental Technology","publisher":{"@id":"https:\/\/europressgroup.com\/no\/#organization"},"potentialAction":[{"@type":"SearchAction","target":{"@type":"EntryPoint","urlTemplate":"https:\/\/europressgroup.com\/no\/?s={search_term_string}"},"query-input":{"@type":"PropertyValueSpecification","valueRequired":true,"valueName":"search_term_string"}}],"inLanguage":"nb-NO"},{"@type":"Organization","@id":"https:\/\/europressgroup.com\/no\/#organization","name":"Europress Group","url":"https:\/\/europressgroup.com\/no\/","logo":{"@type":"ImageObject","inLanguage":"nb-NO","@id":"https:\/\/europressgroup.com\/no\/#\/schema\/logo\/image\/","url":"https:\/\/europressgroup.com\/wp-content\/uploads\/2018\/12\/Europress-logo-1.png","contentUrl":"https:\/\/europressgroup.com\/wp-content\/uploads\/2018\/12\/Europress-logo-1.png","width":478,"height":75,"caption":"Europress Group"},"image":{"@id":"https:\/\/europressgroup.com\/no\/#\/schema\/logo\/image\/"},"sameAs":["https:\/\/www.facebook.com\/europresswastehandling","https:\/\/x.com\/EPWastehandling","https:\/\/www.instagram.com\/europressgroup\/","https:\/\/www.linkedin.com\/company\/europress"],"publishingPrinciples":"https:\/\/europressgroup.com\/environment-safety-quality\/","ownershipFundingInfo":"https:\/\/europressgroup.com\/history\/","actionableFeedbackPolicy":"https:\/\/europressgroup.com\/customer-feedback\/","correctionsPolicy":"https:\/\/europressgroup.com\/customer-feedback\/","ethicsPolicy":"https:\/\/europressgroup.com\/responsibility\/"}]}},"_links":{"self":[{"href":"https:\/\/europressgroup.com\/no\/wp-json\/wp\/v2\/pages\/139285","targetHints":{"allow":["GET"]}}],"collection":[{"href":"https:\/\/europressgroup.com\/no\/wp-json\/wp\/v2\/pages"}],"about":[{"href":"https:\/\/europressgroup.com\/no\/wp-json\/wp\/v2\/types\/page"}],"author":[{"embeddable":true,"href":"https:\/\/europressgroup.com\/no\/wp-json\/wp\/v2\/users\/25"}],"replies":[{"embeddable":true,"href":"https:\/\/europressgroup.com\/no\/wp-json\/wp\/v2\/comments?post=139285"}],"version-history":[{"count":6,"href":"https:\/\/europressgroup.com\/no\/wp-json\/wp\/v2\/pages\/139285\/revisions"}],"predecessor-version":[{"id":148540,"href":"https:\/\/europressgroup.com\/no\/wp-json\/wp\/v2\/pages\/139285\/revisions\/148540"}],"wp:featuredmedia":[{"embeddable":true,"href":"https:\/\/europressgroup.com\/no\/wp-json\/wp\/v2\/media\/138596"}],"wp:attachment":[{"href":"https:\/\/europressgroup.com\/no\/wp-json\/wp\/v2\/media?parent=139285"}],"curies":[{"name":"wp","href":"https:\/\/api.w.org\/{rel}","templated":true}]}}