{"id":137734,"date":"2024-09-26T11:57:44","date_gmt":"2024-09-26T08:57:44","guid":{"rendered":"https:\/\/europressgroup.com\/?page_id=137734"},"modified":"2024-10-02T12:55:58","modified_gmt":"2024-10-02T09:55:58","slug":"semi-nedgravde-avfallscontainere","status":"publish","type":"page","link":"https:\/\/europressgroup.com\/no\/semi-nedgravde-avfallscontainere\/","title":{"rendered":"SEMI-NEDGRAVDE AVFALLSCONTAINERE"},"content":{"rendered":"<div class=\"wpb-content-wrapper\"><p>[vc_row row_height_percent=&raquo;0&#8243; override_padding=&raquo;yes&raquo; h_padding=&raquo;2&#8243; top_padding=&raquo;4&#8243; bottom_padding=&raquo;1&#8243; overlay_alpha=&raquo;50&#8243; equal_height=&raquo;yes&raquo; gutter_size=&raquo;3&#8243; column_width_percent=&raquo;100&#8243; shift_y=&raquo;0&#8243; z_index=&raquo;0&#8243; row_name=&raquo;Highlights&raquo;][vc_column column_width_percent=&raquo;100&#8243; position_horizontal=&raquo;left&raquo; position_vertical=&raquo;middle&raquo; align_horizontal=&raquo;align_center&raquo; gutter_size=&raquo;3&#8243; override_padding=&raquo;yes&raquo; column_padding=&raquo;2&#8243; overlay_alpha=&raquo;50&#8243; shift_x=&raquo;0&#8243; shift_y=&raquo;0&#8243; shift_y_down=&raquo;0&#8243; z_index=&raquo;0&#8243; medium_width=&raquo;4&#8243; mobile_width=&raquo;0&#8243; zoom_width=&raquo;0&#8243; zoom_height=&raquo;0&#8243; width=&raquo;1\/2&#8243;][vc_single_image media=&raquo;137746&#8243; media_width_percent=&raquo;50&#8243; image=&raquo;2286&#8243; border_color=&raquo;grey&raquo; img_link_target=&raquo;_self&raquo; img_size=&raquo;full&raquo; uncode_shortcode_id=&raquo;156840&#8243; title=&raquo;ZBin&raquo;][\/vc_column][vc_column column_width_percent=&raquo;100&#8243; position_vertical=&raquo;middle&raquo; align_horizontal=&raquo;align_center&raquo; gutter_size=&raquo;3&#8243; expand_height=&raquo;yes&raquo; overlay_alpha=&raquo;50&#8243; shift_x=&raquo;0&#8243; shift_y=&raquo;0&#8243; shift_y_down=&raquo;0&#8243; z_index=&raquo;0&#8243; medium_width=&raquo;4&#8243; mobile_width=&raquo;0&#8243; zoom_width=&raquo;0&#8243; zoom_height=&raquo;0&#8243; width=&raquo;1\/6&#8243;][vc_icon icon=&raquo;fa fa-recycle&raquo; size=&raquo;fa-3x&raquo; text_height=&raquo;fontheight-179065&#8243; title=&raquo;BRUK&raquo; uncode_shortcode_id=&raquo;127511&#8243;]Papp<\/p>\n<p>Plast<\/p>\n<p>Restavfall<\/p>\n<p>Matavfall<\/p>\n<p>Glass og metallemballasje[\/vc_icon][\/vc_column][vc_column column_width_percent=&raquo;100&#8243; align_horizontal=&raquo;align_center&raquo; gutter_size=&raquo;3&#8243; expand_height=&raquo;yes&raquo; overlay_alpha=&raquo;50&#8243; shift_x=&raquo;0&#8243; shift_y=&raquo;0&#8243; shift_y_down=&raquo;0&#8243; z_index=&raquo;0&#8243; medium_width=&raquo;0&#8243; mobile_visibility=&raquo;yes&raquo; mobile_width=&raquo;0&#8243; width=&raquo;1\/6&#8243;][vc_icon icon=&raquo;fa fa-cogs&raquo; size=&raquo;fa-3x&raquo; text_height=&raquo;fontheight-179065&#8243; title=&raquo;FUNKSJONER&raquo; uncode_shortcode_id=&raquo;323974&#8243;]Tilpasses etter behov for fraksjon<\/p>\n<p>Estetisk pent i milj\u00f8et<\/p>\n<p>Kostnadseffektiv l\u00f8sning<\/p>\n<p>\u00d8ker sorteringsgraden[\/vc_icon][\/vc_column][vc_column column_width_percent=&raquo;100&#8243; align_horizontal=&raquo;align_center&raquo; gutter_size=&raquo;3&#8243; expand_height=&raquo;yes&raquo; overlay_alpha=&raquo;50&#8243; shift_x=&raquo;0&#8243; shift_y=&raquo;0&#8243; shift_y_down=&raquo;0&#8243; z_index=&raquo;0&#8243; medium_width=&raquo;0&#8243; mobile_width=&raquo;0&#8243; width=&raquo;1\/6&#8243;][vc_icon icon=&raquo;fa fa-th&raquo; size=&raquo;fa-3x&raquo; text_height=&raquo;fontheight-179065&#8243; title=&raquo;VOLUM&raquo; uncode_shortcode_id=&raquo;853416&#8243;]5000 liter (kan deles i 2 x 2500 liter)<\/p>\n<p>3000 liter<\/p>\n<p>1500 liter[\/vc_icon][\/vc_column][\/vc_row][vc_row row_height_percent=&raquo;0&#8243; override_padding=&raquo;yes&raquo; h_padding=&raquo;2&#8243; top_padding=&raquo;4&#8243; bottom_padding=&raquo;1&#8243; overlay_alpha=&raquo;50&#8243; equal_height=&raquo;yes&raquo; gutter_size=&raquo;3&#8243; column_width_percent=&raquo;100&#8243; shift_y=&raquo;0&#8243; z_index=&raquo;0&#8243; row_name=&raquo;Highlights&raquo;][vc_column column_width_percent=&raquo;100&#8243; position_horizontal=&raquo;left&raquo; position_vertical=&raquo;middle&raquo; align_horizontal=&raquo;align_center&raquo; gutter_size=&raquo;3&#8243; override_padding=&raquo;yes&raquo; column_padding=&raquo;2&#8243; overlay_alpha=&raquo;50&#8243; shift_x=&raquo;0&#8243; shift_y=&raquo;0&#8243; shift_y_down=&raquo;0&#8243; z_index=&raquo;0&#8243; medium_width=&raquo;4&#8243; mobile_width=&raquo;0&#8243; zoom_width=&raquo;0&#8243; zoom_height=&raquo;0&#8243; width=&raquo;1\/2&#8243;][vc_single_image media=&raquo;145142&#8243; media_width_percent=&raquo;50&#8243; image=&raquo;2286&#8243; border_color=&raquo;grey&raquo; img_link_target=&raquo;_self&raquo; img_size=&raquo;full&raquo; uncode_shortcode_id=&raquo;134510&#8243; title=&raquo;RBin&raquo;][\/vc_column][vc_column column_width_percent=&raquo;100&#8243; position_vertical=&raquo;middle&raquo; align_horizontal=&raquo;align_center&raquo; gutter_size=&raquo;3&#8243; expand_height=&raquo;yes&raquo; overlay_alpha=&raquo;50&#8243; shift_x=&raquo;0&#8243; shift_y=&raquo;0&#8243; shift_y_down=&raquo;0&#8243; z_index=&raquo;0&#8243; medium_width=&raquo;4&#8243; mobile_width=&raquo;0&#8243; zoom_width=&raquo;0&#8243; zoom_height=&raquo;0&#8243; width=&raquo;1\/6&#8243;][vc_icon icon=&raquo;fa fa-recycle&raquo; size=&raquo;fa-3x&raquo; text_height=&raquo;fontheight-179065&#8243; title=&raquo;BRUK&raquo; uncode_shortcode_id=&raquo;127511&#8243;]Papp<\/p>\n<p>Plast<\/p>\n<p>Restavfall<\/p>\n<p>Matavfall<\/p>\n<p>Glass og metallemballasje[\/vc_icon][\/vc_column][vc_column column_width_percent=&raquo;100&#8243; align_horizontal=&raquo;align_center&raquo; gutter_size=&raquo;3&#8243; expand_height=&raquo;yes&raquo; overlay_alpha=&raquo;50&#8243; shift_x=&raquo;0&#8243; shift_y=&raquo;0&#8243; shift_y_down=&raquo;0&#8243; z_index=&raquo;0&#8243; medium_width=&raquo;0&#8243; mobile_visibility=&raquo;yes&raquo; mobile_width=&raquo;0&#8243; width=&raquo;1\/6&#8243;][vc_icon icon=&raquo;fa fa-cogs&raquo; size=&raquo;fa-3x&raquo; text_height=&raquo;fontheight-179065&#8243; title=&raquo;FUNKSJONER&raquo; uncode_shortcode_id=&raquo;192661&#8243;]Plassbesparende med mye fleksibilitet<\/p>\n<p>Estetisk pent i milj\u00f8et<\/p>\n<p>\u00d8kt kapasitet og holdbarhet[\/vc_icon][\/vc_column][vc_column column_width_percent=&raquo;100&#8243; align_horizontal=&raquo;align_center&raquo; gutter_size=&raquo;3&#8243; expand_height=&raquo;yes&raquo; overlay_alpha=&raquo;50&#8243; shift_x=&raquo;0&#8243; shift_y=&raquo;0&#8243; shift_y_down=&raquo;0&#8243; z_index=&raquo;0&#8243; medium_width=&raquo;0&#8243; mobile_width=&raquo;0&#8243; width=&raquo;1\/6&#8243;][vc_icon icon=&raquo;fa fa-th&raquo; size=&raquo;fa-3x&raquo; text_height=&raquo;fontheight-179065&#8243; title=&raquo;VOLUM&raquo; uncode_shortcode_id=&raquo;853416&#8243;]5000 liter (kan deles i 2 x 2500 liter)<\/p>\n<p>3000 liter<\/p>\n<p>1500 liter[\/vc_icon][\/vc_column][\/vc_row][vc_row row_height_percent=&raquo;0&#8243; override_padding=&raquo;yes&raquo; h_padding=&raquo;2&#8243; top_padding=&raquo;1&#8243; bottom_padding=&raquo;1&#8243; back_color=&raquo;color-xsdn&raquo; overlay_alpha=&raquo;100&#8243; equal_height=&raquo;yes&raquo; gutter_size=&raquo;0&#8243; column_width_percent=&raquo;100&#8243; shift_y=&raquo;0&#8243; z_index=&raquo;0&#8243; style=&raquo;dark&raquo; row_name=&raquo;Design &amp; Quality&raquo;][vc_column column_width_percent=&raquo;100&#8243; position_vertical=&raquo;middle&raquo; align_horizontal=&raquo;align_center&raquo; gutter_size=&raquo;3&#8243; override_padding=&raquo;yes&raquo; column_padding=&raquo;1&#8243; style=&raquo;light&raquo; back_color=&raquo;color-xsdn&raquo; overlay_alpha=&raquo;50&#8243; shift_x=&raquo;0&#8243; shift_y=&raquo;0&#8243; shift_y_down=&raquo;0&#8243; z_index=&raquo;0&#8243; medium_width=&raquo;0&#8243; mobile_width=&raquo;0&#8243; width=&raquo;1\/1&#8243;][vc_custom_heading text_weight=&raquo;700&#8243; text_transform=&raquo;uppercase&raquo; separator_color=&raquo;yes&raquo; separator=&raquo;yes&raquo; sub_lead=&raquo;yes&raquo; sub_reduced=&raquo;yes&raquo; uncode_shortcode_id=&raquo;145976&#8243;]SEMI-NEDGRAVDE AVFALLSCONTAINERE[\/vc_custom_heading][vc_column_text uncode_shortcode_id=&raquo;799618&#8243;]<strong>ZBin- og RBin-avfallscontainere<\/strong><\/p>\n<p>Traflux semi-nedgravde containere kan leveres i b\u00e5de sirkul\u00e6re og rektangul\u00e6re modeller, som skiller seg ut p\u00e5 markedet med sitt estetiske design, fleksible fraksjonsl\u00f8sninger og ikke minst h\u00f8y kvalitet. Traflux-produserte semi-nedgravde containere leveres i to serier: ZBin og RBin.<\/p>\n<p>&nbsp;<\/p>\n<p><strong>Variert utvalg<\/strong><\/p>\n<p>L\u00f8sningene kan leveres med tekstilsekker, betong, metallcontainere eller plastcontainer. Semi-nedgravde containere er en kostnadseffektiv m\u00e5te \u00e5 \u00f8ke sorteringsgraden p\u00e5 for b\u00e5de hytterenovasjon, borettslag og sameiere. Produktene er sertifisert ihht. EN 1307, og alt er produsert i 100% gjenvinnbare materialer.[\/vc_column_text][\/vc_column][\/vc_row][vc_row row_height_percent=&raquo;0&#8243; override_padding=&raquo;yes&raquo; h_padding=&raquo;2&#8243; top_padding=&raquo;2&#8243; bottom_padding=&raquo;3&#8243; back_color=&raquo;color-xsdn&raquo; overlay_alpha=&raquo;100&#8243; equal_height=&raquo;yes&raquo; gutter_size=&raquo;0&#8243; column_width_percent=&raquo;100&#8243; shift_y=&raquo;0&#8243; z_index=&raquo;0&#8243; style=&raquo;dark&raquo; row_name=&raquo;Design &amp; Quality&raquo;][vc_column column_width_percent=&raquo;100&#8243; position_vertical=&raquo;middle&raquo; align_horizontal=&raquo;align_center&raquo; gutter_size=&raquo;3&#8243; override_padding=&raquo;yes&raquo; column_padding=&raquo;0&#8243; back_color=&raquo;color-xsdn&raquo; overlay_alpha=&raquo;50&#8243; shift_x=&raquo;0&#8243; shift_y=&raquo;0&#8243; shift_y_down=&raquo;0&#8243; z_index=&raquo;0&#8243; medium_width=&raquo;0&#8243; mobile_width=&raquo;0&#8243; width=&raquo;1\/1&#8243;][vc_single_image media=&raquo;73921&#8243; media_width_percent=&raquo;12&#8243; alignment=&raquo;center&raquo; media_link=&raquo;|||&raquo;][vc_column_text uncode_shortcode_id=&raquo;677887&#8243;][\/vc_column_text][vc_column_text uncode_shortcode_id=&raquo;677887&#8243;][\/vc_column_text][\/vc_column][\/vc_row][vc_row unlock_row_content=&raquo;yes&raquo; row_height_percent=&raquo;0&#8243; override_padding=&raquo;yes&raquo; h_padding=&raquo;2&#8243; top_padding=&raquo;4&#8243; bottom_padding=&raquo;4&#8243; back_color=&raquo;color-rgdb&raquo; overlay_alpha=&raquo;50&#8243; gutter_size=&raquo;3&#8243; column_width_percent=&raquo;100&#8243; shift_y=&raquo;0&#8243; z_index=&raquo;0&#8243; row_name=&raquo;Gallery&raquo;][vc_column column_width_use_pixel=&raquo;yes&raquo; align_horizontal=&raquo;align_center&raquo; gutter_size=&raquo;3&#8243; style=&raquo;dark&raquo; overlay_alpha=&raquo;50&#8243; shift_x=&raquo;0&#8243; shift_y=&raquo;0&#8243; medium_width=&raquo;0&#8243; zoom_width=&raquo;0&#8243; zoom_height=&raquo;0&#8243; column_width_pixel=&raquo;1400&#8243;][vc_custom_heading text_transform=&raquo;uppercase&raquo; separator=&raquo;yes&raquo; sub_lead=&raquo;yes&raquo;]Media[\/vc_custom_heading][vc_gallery el_id=&raquo;gallery-47626&#8243; type=&raquo;carousel&raquo; medias=&raquo;137755,137736,137746&#8243; carousel_lg=&raquo;3&#8243; carousel_md=&raquo;2&#8243; carousel_sm=&raquo;1&#8243; thumb_size=&raquo;one-one&raquo; gutter_size=&raquo;2&#8243; media_items=&raquo;media,icon&raquo; carousel_interval=&raquo;3000&#8243; carousel_navspeed=&raquo;400&#8243; carousel_nav=&raquo;yes&raquo; carousel_dots=&raquo;yes&raquo; stage_padding=&raquo;0&#8243; single_overlay_opacity=&raquo;50&#8243; single_image_anim=&raquo;no&raquo; single_h_align=&raquo;center&raquo; single_padding=&raquo;2&#8243; single_icon=&raquo;fa fa-search3&#8243; single_shadow=&raquo;yes&raquo; single_border=&raquo;yes&raquo; carousel_rtl=&raquo;&raquo; single_title_uppercase=&raquo;&raquo; uncode_shortcode_id=&raquo;152609&#8243;][vc_column_text uncode_shortcode_id=&raquo;114584&#8243;]<strong>ZBin<\/strong><\/p>\n<p>De sirkul\u00e6re semi-nedgravde avfallscontainere inneholder yttercontainere i plast, som er rimelig \u00e5 frakte og h\u00e5ndtere. Trommelinnkastet hindrer lukt og avfall fra \u00e5 slippe ut, hvilket bidrar til et hygienisk milj\u00f8. ZBin har et roterende design, som bidrar til \u00f8kt sikkerhet, da det forhindrer at uvedkommende f\u00e5r tilgang til containeren.<\/p>\n<p>&nbsp;<\/p>\n<p>Disse containerne kommer ogs\u00e5 i variert design, og kan leveres med aluminium, trepanel, kompositt eller eget trykk. Alle typer eksteri\u00f8r kan vaskes med h\u00f8ytrykkspyler og kjemikalier.[\/vc_column_text][vc_gallery el_id=&raquo;gallery-476262&#8243; type=&raquo;carousel&raquo; medias=&raquo;145124,145142,145151&#8243; carousel_lg=&raquo;3&#8243; carousel_md=&raquo;2&#8243; carousel_sm=&raquo;1&#8243; thumb_size=&raquo;one-one&raquo; gutter_size=&raquo;2&#8243; media_items=&raquo;media,icon&raquo; carousel_interval=&raquo;3000&#8243; carousel_navspeed=&raquo;400&#8243; carousel_nav=&raquo;yes&raquo; carousel_dots=&raquo;yes&raquo; stage_padding=&raquo;0&#8243; single_overlay_opacity=&raquo;50&#8243; single_image_anim=&raquo;no&raquo; single_h_align=&raquo;center&raquo; single_padding=&raquo;2&#8243; single_icon=&raquo;fa fa-search3&#8243; single_shadow=&raquo;yes&raquo; single_border=&raquo;yes&raquo; carousel_rtl=&raquo;&raquo; single_title_uppercase=&raquo;&raquo; uncode_shortcode_id=&raquo;176675&#8243;][vc_column_text uncode_shortcode_id=&raquo;159598&#8243;]<strong>RBin<\/strong><\/p>\n<p>Traflux produserer ogs\u00e5 rektangul\u00e6re semi-nedgravde avfallscontainere. RBin er plassbesparende ved at de kan settes helt inntil hverandre, og har mye fleksibilitet. Dersom man \u00f8nsker \u00f8kt kapasitet, holdbarhet og et avfallssystem som er estetisk pent, er RBin et godt alternativ.[\/vc_column_text][\/vc_column][\/vc_row][vc_row][vc_column column_width_percent=&raquo;100&#8243; align_horizontal=&raquo;align_center&raquo; gutter_size=&raquo;3&#8243; overlay_alpha=&raquo;50&#8243; shift_x=&raquo;0&#8243; shift_y=&raquo;0&#8243; shift_y_down=&raquo;0&#8243; z_index=&raquo;0&#8243; medium_width=&raquo;0&#8243; mobile_width=&raquo;0&#8243; width=&raquo;1\/1&#8243;][vc_button button_color=&raquo;accent&raquo; radius=&raquo;btn-round&raquo; border_animation=&raquo;btn-ripple-out&raquo; border_width=&raquo;0&#8243; link=&raquo;target:_blank&raquo; button_color_type=&raquo;uncode-palette&raquo; uncode_shortcode_id=&raquo;102539&#8243;]LAST NED BROSJYRE[\/vc_button][\/vc_column][\/vc_row][vc_row][vc_column width=&raquo;1\/1&#8243;][uncode_block id=&raquo;74093&#8243;][\/vc_column][\/vc_row]<\/p>\n<\/div>","protected":false},"excerpt":{"rendered":"<p>[vc_row row_height_percent=&raquo;0&#8243; override_padding=&raquo;yes&raquo; h_padding=&raquo;2&#8243; top_padding=&raquo;4&#8243; bottom_padding=&raquo;1&#8243; overlay_alpha=&raquo;50&#8243; equal_height=&raquo;yes&raquo; gutter_size=&raquo;3&#8243; column_width_percent=&raquo;100&#8243; shift_y=&raquo;0&#8243; z_index=&raquo;0&#8243; row_name=&raquo;Highlights&raquo;][vc_column column_width_percent=&raquo;100&#8243; position_horizontal=&raquo;left&raquo; position_vertical=&raquo;middle&raquo; align_horizontal=&raquo;align_center&raquo; gutter_size=&raquo;3&#8243; override_padding=&raquo;yes&raquo; column_padding=&raquo;2&#8243; [&hellip;]<\/p>\n","protected":false},"author":42,"featured_media":0,"parent":0,"menu_order":0,"comment_status":"closed","ping_status":"closed","template":"","meta":{"footnotes":""},"class_list":["post-137734","page","type-page","status-publish","hentry","page_category-0-100-kg-3","page_category-100-200-kg-5"],"yoast_head":"<!-- This site is optimized with the Yoast SEO Premium plugin v27.3 (Yoast SEO v27.3) - https:\/\/yoast.com\/product\/yoast-seo-premium-wordpress\/ -->\n<title>SEMI-NEDGRAVDE AVFALLSCONTAINERE - Europress Group<\/title>\n<meta name=\"description\" content=\"Semi-nedgravde containere er en kostnadseffektiv m\u00e5te \u00e5 \u00f8ke sorteringsgraden p\u00e5, for b\u00e5de hytterenovasjon, borettslag og sameiere.\" \/>\n<meta name=\"robots\" content=\"index, follow, max-snippet:-1, max-image-preview:large, max-video-preview:-1\" \/>\n<link rel=\"canonical\" href=\"https:\/\/europressgroup.com\/no\/semi-nedgravde-avfallscontainere\/\" \/>\n<meta property=\"og:locale\" content=\"nb_NO\" \/>\n<meta property=\"og:type\" content=\"article\" \/>\n<meta property=\"og:title\" content=\"SEMI-NEDGRAVDE AVFALLSCONTAINERE\" \/>\n<meta property=\"og:description\" content=\"Semi-nedgravde containere er en kostnadseffektiv m\u00e5te \u00e5 \u00f8ke sorteringsgraden p\u00e5, for b\u00e5de hytterenovasjon, borettslag og sameiere.\" \/>\n<meta property=\"og:url\" content=\"https:\/\/europressgroup.com\/no\/semi-nedgravde-avfallscontainere\/\" \/>\n<meta property=\"og:site_name\" content=\"Europress Group\" \/>\n<meta property=\"article:publisher\" content=\"https:\/\/www.facebook.com\/europresswastehandling\" \/>\n<meta property=\"article:modified_time\" content=\"2024-10-02T09:55:58+00:00\" \/>\n<meta property=\"og:image\" content=\"https:\/\/europressgroup.com\/wp-content\/uploads\/2024\/10\/Zweva_ZBin-Maxi-standard-color-brown-composite-4.jpg\" \/>\n\t<meta property=\"og:image:width\" content=\"1920\" \/>\n\t<meta property=\"og:image:height\" content=\"1280\" \/>\n\t<meta property=\"og:image:type\" content=\"image\/jpeg\" \/>\n<meta name=\"twitter:card\" content=\"summary_large_image\" \/>\n<meta name=\"twitter:description\" content=\"Papp Plast Restavfall Matavfall Glass og metallemballasjeTilpasses etter behov for fraksjon Estetisk pent i milj\u00f8et Kostnadseffektiv l\u00f8sning \u00d8ker\" \/>\n<meta name=\"twitter:site\" content=\"@EPWastehandling\" \/>\n<meta name=\"twitter:label1\" content=\"Ansl. lesetid\" \/>\n\t<meta name=\"twitter:data1\" content=\"4 minutter\" \/>\n<script type=\"application\/ld+json\" class=\"yoast-schema-graph\">{\"@context\":\"https:\\\/\\\/schema.org\",\"@graph\":[{\"@type\":\"WebPage\",\"@id\":\"https:\\\/\\\/europressgroup.com\\\/no\\\/semi-nedgravde-avfallscontainere\\\/\",\"url\":\"https:\\\/\\\/europressgroup.com\\\/no\\\/semi-nedgravde-avfallscontainere\\\/\",\"name\":\"SEMI-NEDGRAVDE AVFALLSCONTAINERE - Europress Group\",\"isPartOf\":{\"@id\":\"https:\\\/\\\/europressgroup.com\\\/no\\\/#website\"},\"datePublished\":\"2024-09-26T08:57:44+00:00\",\"dateModified\":\"2024-10-02T09:55:58+00:00\",\"description\":\"Semi-nedgravde containere er en kostnadseffektiv m\u00e5te \u00e5 \u00f8ke sorteringsgraden p\u00e5, for b\u00e5de hytterenovasjon, borettslag og sameiere.\",\"breadcrumb\":{\"@id\":\"https:\\\/\\\/europressgroup.com\\\/no\\\/semi-nedgravde-avfallscontainere\\\/#breadcrumb\"},\"inLanguage\":\"nb-NO\",\"potentialAction\":[{\"@type\":\"ReadAction\",\"target\":[\"https:\\\/\\\/europressgroup.com\\\/no\\\/semi-nedgravde-avfallscontainere\\\/\"]}]},{\"@type\":\"BreadcrumbList\",\"@id\":\"https:\\\/\\\/europressgroup.com\\\/no\\\/semi-nedgravde-avfallscontainere\\\/#breadcrumb\",\"itemListElement\":[{\"@type\":\"ListItem\",\"position\":1,\"name\":\"Home\",\"item\":\"https:\\\/\\\/europressgroup.com\\\/no\\\/\"},{\"@type\":\"ListItem\",\"position\":2,\"name\":\"SEMI-NEDGRAVDE AVFALLSCONTAINERE\"}]},{\"@type\":\"WebSite\",\"@id\":\"https:\\\/\\\/europressgroup.com\\\/no\\\/#website\",\"url\":\"https:\\\/\\\/europressgroup.com\\\/no\\\/\",\"name\":\"Europress Group\",\"description\":\"Northern European leader in Environmental Technology\",\"publisher\":{\"@id\":\"https:\\\/\\\/europressgroup.com\\\/no\\\/#organization\"},\"potentialAction\":[{\"@type\":\"SearchAction\",\"target\":{\"@type\":\"EntryPoint\",\"urlTemplate\":\"https:\\\/\\\/europressgroup.com\\\/no\\\/?s={search_term_string}\"},\"query-input\":{\"@type\":\"PropertyValueSpecification\",\"valueRequired\":true,\"valueName\":\"search_term_string\"}}],\"inLanguage\":\"nb-NO\"},{\"@type\":\"Organization\",\"@id\":\"https:\\\/\\\/europressgroup.com\\\/no\\\/#organization\",\"name\":\"Europress Group\",\"url\":\"https:\\\/\\\/europressgroup.com\\\/no\\\/\",\"logo\":{\"@type\":\"ImageObject\",\"inLanguage\":\"nb-NO\",\"@id\":\"https:\\\/\\\/europressgroup.com\\\/no\\\/#\\\/schema\\\/logo\\\/image\\\/\",\"url\":\"https:\\\/\\\/europressgroup.com\\\/wp-content\\\/uploads\\\/2018\\\/12\\\/Europress-logo-1.png\",\"contentUrl\":\"https:\\\/\\\/europressgroup.com\\\/wp-content\\\/uploads\\\/2018\\\/12\\\/Europress-logo-1.png\",\"width\":478,\"height\":75,\"caption\":\"Europress Group\"},\"image\":{\"@id\":\"https:\\\/\\\/europressgroup.com\\\/no\\\/#\\\/schema\\\/logo\\\/image\\\/\"},\"sameAs\":[\"https:\\\/\\\/www.facebook.com\\\/europresswastehandling\",\"https:\\\/\\\/x.com\\\/EPWastehandling\",\"https:\\\/\\\/www.instagram.com\\\/europressgroup\\\/\",\"https:\\\/\\\/www.linkedin.com\\\/company\\\/europress\"],\"publishingPrinciples\":\"https:\\\/\\\/europressgroup.com\\\/environment-safety-quality\\\/\",\"ownershipFundingInfo\":\"https:\\\/\\\/europressgroup.com\\\/history\\\/\",\"actionableFeedbackPolicy\":\"https:\\\/\\\/europressgroup.com\\\/customer-feedback\\\/\",\"correctionsPolicy\":\"https:\\\/\\\/europressgroup.com\\\/customer-feedback\\\/\",\"ethicsPolicy\":\"https:\\\/\\\/europressgroup.com\\\/responsibility\\\/\"}]}<\/script>\n<!-- \/ Yoast SEO Premium plugin. -->","yoast_head_json":{"title":"SEMI-NEDGRAVDE AVFALLSCONTAINERE - Europress Group","description":"Semi-nedgravde containere er en kostnadseffektiv m\u00e5te \u00e5 \u00f8ke sorteringsgraden p\u00e5, for b\u00e5de hytterenovasjon, borettslag og sameiere.","robots":{"index":"index","follow":"follow","max-snippet":"max-snippet:-1","max-image-preview":"max-image-preview:large","max-video-preview":"max-video-preview:-1"},"canonical":"https:\/\/europressgroup.com\/no\/semi-nedgravde-avfallscontainere\/","og_locale":"nb_NO","og_type":"article","og_title":"SEMI-NEDGRAVDE AVFALLSCONTAINERE","og_description":"Semi-nedgravde containere er en kostnadseffektiv m\u00e5te \u00e5 \u00f8ke sorteringsgraden p\u00e5, for b\u00e5de hytterenovasjon, borettslag og sameiere.","og_url":"https:\/\/europressgroup.com\/no\/semi-nedgravde-avfallscontainere\/","og_site_name":"Europress Group","article_publisher":"https:\/\/www.facebook.com\/europresswastehandling","article_modified_time":"2024-10-02T09:55:58+00:00","og_image":[{"width":1920,"height":1280,"url":"https:\/\/europressgroup.com\/wp-content\/uploads\/2024\/10\/Zweva_ZBin-Maxi-standard-color-brown-composite-4.jpg","type":"image\/jpeg"}],"twitter_card":"summary_large_image","twitter_description":"Papp Plast Restavfall Matavfall Glass og metallemballasjeTilpasses etter behov for fraksjon Estetisk pent i milj\u00f8et Kostnadseffektiv l\u00f8sning \u00d8ker","twitter_site":"@EPWastehandling","twitter_misc":{"Ansl. lesetid":"4 minutter"},"schema":{"@context":"https:\/\/schema.org","@graph":[{"@type":"WebPage","@id":"https:\/\/europressgroup.com\/no\/semi-nedgravde-avfallscontainere\/","url":"https:\/\/europressgroup.com\/no\/semi-nedgravde-avfallscontainere\/","name":"SEMI-NEDGRAVDE AVFALLSCONTAINERE - Europress Group","isPartOf":{"@id":"https:\/\/europressgroup.com\/no\/#website"},"datePublished":"2024-09-26T08:57:44+00:00","dateModified":"2024-10-02T09:55:58+00:00","description":"Semi-nedgravde containere er en kostnadseffektiv m\u00e5te \u00e5 \u00f8ke sorteringsgraden p\u00e5, for b\u00e5de hytterenovasjon, borettslag og sameiere.","breadcrumb":{"@id":"https:\/\/europressgroup.com\/no\/semi-nedgravde-avfallscontainere\/#breadcrumb"},"inLanguage":"nb-NO","potentialAction":[{"@type":"ReadAction","target":["https:\/\/europressgroup.com\/no\/semi-nedgravde-avfallscontainere\/"]}]},{"@type":"BreadcrumbList","@id":"https:\/\/europressgroup.com\/no\/semi-nedgravde-avfallscontainere\/#breadcrumb","itemListElement":[{"@type":"ListItem","position":1,"name":"Home","item":"https:\/\/europressgroup.com\/no\/"},{"@type":"ListItem","position":2,"name":"SEMI-NEDGRAVDE AVFALLSCONTAINERE"}]},{"@type":"WebSite","@id":"https:\/\/europressgroup.com\/no\/#website","url":"https:\/\/europressgroup.com\/no\/","name":"Europress Group","description":"Northern European leader in Environmental Technology","publisher":{"@id":"https:\/\/europressgroup.com\/no\/#organization"},"potentialAction":[{"@type":"SearchAction","target":{"@type":"EntryPoint","urlTemplate":"https:\/\/europressgroup.com\/no\/?s={search_term_string}"},"query-input":{"@type":"PropertyValueSpecification","valueRequired":true,"valueName":"search_term_string"}}],"inLanguage":"nb-NO"},{"@type":"Organization","@id":"https:\/\/europressgroup.com\/no\/#organization","name":"Europress Group","url":"https:\/\/europressgroup.com\/no\/","logo":{"@type":"ImageObject","inLanguage":"nb-NO","@id":"https:\/\/europressgroup.com\/no\/#\/schema\/logo\/image\/","url":"https:\/\/europressgroup.com\/wp-content\/uploads\/2018\/12\/Europress-logo-1.png","contentUrl":"https:\/\/europressgroup.com\/wp-content\/uploads\/2018\/12\/Europress-logo-1.png","width":478,"height":75,"caption":"Europress Group"},"image":{"@id":"https:\/\/europressgroup.com\/no\/#\/schema\/logo\/image\/"},"sameAs":["https:\/\/www.facebook.com\/europresswastehandling","https:\/\/x.com\/EPWastehandling","https:\/\/www.instagram.com\/europressgroup\/","https:\/\/www.linkedin.com\/company\/europress"],"publishingPrinciples":"https:\/\/europressgroup.com\/environment-safety-quality\/","ownershipFundingInfo":"https:\/\/europressgroup.com\/history\/","actionableFeedbackPolicy":"https:\/\/europressgroup.com\/customer-feedback\/","correctionsPolicy":"https:\/\/europressgroup.com\/customer-feedback\/","ethicsPolicy":"https:\/\/europressgroup.com\/responsibility\/"}]}},"_links":{"self":[{"href":"https:\/\/europressgroup.com\/no\/wp-json\/wp\/v2\/pages\/137734","targetHints":{"allow":["GET"]}}],"collection":[{"href":"https:\/\/europressgroup.com\/no\/wp-json\/wp\/v2\/pages"}],"about":[{"href":"https:\/\/europressgroup.com\/no\/wp-json\/wp\/v2\/types\/page"}],"author":[{"embeddable":true,"href":"https:\/\/europressgroup.com\/no\/wp-json\/wp\/v2\/users\/42"}],"replies":[{"embeddable":true,"href":"https:\/\/europressgroup.com\/no\/wp-json\/wp\/v2\/comments?post=137734"}],"version-history":[{"count":18,"href":"https:\/\/europressgroup.com\/no\/wp-json\/wp\/v2\/pages\/137734\/revisions"}],"predecessor-version":[{"id":145465,"href":"https:\/\/europressgroup.com\/no\/wp-json\/wp\/v2\/pages\/137734\/revisions\/145465"}],"wp:attachment":[{"href":"https:\/\/europressgroup.com\/no\/wp-json\/wp\/v2\/media?parent=137734"}],"curies":[{"name":"wp","href":"https:\/\/api.w.org\/{rel}","templated":true}]}}