{"id":101622,"date":"2021-05-31T14:23:46","date_gmt":"2021-05-31T11:23:46","guid":{"rendered":"https:\/\/europressgroup.com\/?page_id=101622"},"modified":"2021-05-31T14:44:54","modified_gmt":"2021-05-31T11:44:54","slug":"personvernregler-for-kunder","status":"publish","type":"page","link":"https:\/\/europressgroup.com\/no\/personvernregler-for-kunder\/","title":{"rendered":"PERSONVERNREGLER FOR KUNDER"},"content":{"rendered":"<div class=\"wpb-content-wrapper\"><p>[vc_row][vc_column width=&raquo;1\/1&#8243;][vc_custom_heading]<strong>EUROPRESS GROUP LTD \u2013 PERSONVERNREGLER FOR KUNDER<\/strong>[\/vc_custom_heading][vc_column_text]Disse personvernreglene (heretter henvist til som &laquo;personvernreglene&raquo;) forklarer hvordan Europress Group Ltd samler inn, behandler og formidler personopplysninger i forbindelse med produktet eller tjenesten (&laquo;tjenesten&raquo;) som tilbys, samt p\u00e5 nettstedet europressgroup.com.<\/p>\n<p>Les disse personvernreglene n\u00f8ye f\u00f8r du bruker tjenesten eller bes\u00f8ker nettstedet.[\/vc_column_text][\/vc_column][\/vc_row][vc_row][vc_column width=&raquo;1\/1&#8243;][vc_column_text]<strong>1.BEHANDLINGSANSVARLIG<\/strong><\/p>\n<p>Den behandlingsansvarlige i henhold til den gjeldende personvernforordningen er Europress Group Ltd (heretter henvist til som &laquo;Europress&raquo;, &laquo;vi&raquo; eller &laquo;v\u00e5r&raquo;). Europress er ansvarlig for \u00e5 sikre at personopplysningene dine behandles i overensstemmelse med disse personvernreglene og gjeldende personvernlovgivning.<\/p>\n<p>&nbsp;<\/p>\n<p>Kontaktinformasjon til behandlingsansvarlig:<\/p>\n<p>Europress Group Ltd<\/p>\n<p>Organisasjonsnummer: 0889611-2<\/p>\n<p>Adresse: Huhtimontie 16, FI-04200 Kerava, Finland<\/p>\n<p>&nbsp;<\/p>\n<p><strong>2.INNSAMLING AV PERSONOPPLYSNINGER<\/strong><\/p>\n<p>Personopplysningene dine kan samles inn p\u00e5 ulike m\u00e5ter. Regelen er at vi samler inn og behandler data som<\/p>\n<ul>\n<li>du gir oss n\u00e5r du kontakter oss eller gj\u00f8r forretninger med oss, for eksempel n\u00e5r du kj\u00f8per tjenester fra oss eller registrerer deg for tjenestene v\u00e5re, abonnerer p\u00e5 nyhetsbrevet v\u00e5rt eller kontakter oss for \u00e5 be om et pristilbud eller mer informasjon;<\/li>\n<li>opprettes ved bruk av tjenesten eller bes\u00f8k p\u00e5 nettstedet v\u00e5rt, for eksempel n\u00e5r du logger deg p\u00e5 tjenesten; og<\/li>\n<li>hentes fra andre kilder i den utstrekning dette er tillatt i henhold til gjeldende lovgivning, for eksempel det finske foretaksregisteret, folkeregisteret eller forretningsinformasjonssystemet, adresseinformasjonssystemet til den finske posttjenesten Posti eller tilsvarende tjeneste i landet ditt.<\/li>\n<\/ul>\n<p>Du er ikke forpliktet til \u00e5 gi oss personopplysningene dine, men hvis du velger \u00e5 ikke gj\u00f8re det, er det ikke sikkert at vi kan levere tjenesten v\u00e5r til deg.<\/p>\n<p>&nbsp;<\/p>\n<p>Vi samler inn og behandler f\u00f8lgende kategorier av personopplysninger:<\/p>\n<ul>\n<li>grunnleggende informasjon som navn, stillingstittel og tilknytning til selskapet du representerer, samt kontaktinformasjon (e-postadresse, postadresse og telefonnummer) og kommunikasjonsspr\u00e5k;<\/li>\n<li>informasjon relatert til kundeforholdet, for eksempel informasjon om tjenesten og bestillingen, betalingsopplysninger, faktureringsopplysninger, markedsf\u00f8ringstillatelser og begrensninger;<\/li>\n<li>kundekommunikasjon og relatert korrespondanse samt oppf\u00f8ringer relatert til rettighetene til datasubjekter;<\/li>\n<li>personopplysninger som er opprettet i forbindelse med bruk av tjenesten v\u00e5r eller data som er innsamlet i forbindelse med bruk av nettstedet v\u00e5rt, for eksempel bruker-ID-er, passord, identifikasjonsinformasjon, logginformasjon om bruk av tjenesten, informasjon som er samlet inn fra nettstedet ved hjelp av informasjonskapsler eller lignende teknologier (enhets-ID og -type, operativsystem og applikasjonsinnstillinger; og<\/li>\n<li>annen informasjon som spesifiseres enkeltvis basert p\u00e5 samtykke.<\/li>\n<\/ul>\n<p>&nbsp;<\/p>\n<p><strong>3.FORM\u00c5L OG JURIDISK GRUNNLAG FOR BEHANDLING AV PERSONOPPLYSNINGER<\/strong><\/p>\n<p>Vi samler bare inn og behandler personopplysninger som er n\u00f8dvendige for \u00e5 ut\u00f8ve forretningsvirksomheten v\u00e5r, administrere kunderelasjoner og for passende kommersielle form\u00e5l.<\/p>\n<p>Vi behandler personopplysningene dine til f\u00f8lgende form\u00e5l:<\/p>\n<ol>\n<li><em>For \u00e5 levere tjenesten og administrere kunderelasjoner<\/em><\/li>\n<\/ol>\n<p>Vi behandler hovedsakelig personopplysningene dine for \u00e5 kunne tilby og levere en tjeneste til deg eller selskapet du representerer. I den forbindelse administrerer og opprettholder vi kunderelasjonen mellom deg eller selskapet du representerer, og oss. Behandlingen av personopplysninger er i s\u00e5 fall basert p\u00e5 en avtale mellom deg eller selskapet du representerer, og oss.<\/p>\n<ol>\n<li><em>Markedsf\u00f8ring<\/em><\/li>\n<\/ol>\n<p>Vi kan kontakte deg for \u00e5 fortelle deg om nye funksjoner i tjenesten eller for \u00e5 promotere og selge andre tjenester. Vi kan ogs\u00e5 behandle personopplysningene dine i forbindelse med markeds- og kundeunders\u00f8kelser. Grunnlaget for behandling av personopplysninger er v\u00e5r berettigede interesse i \u00e5 tilby informasjon som en del av tjenesten for \u00e5 kunne markedsf\u00f8re de andre tjenestene v\u00e5re overfor deg. Du har rett til \u00e5 n\u00e5r som helst protestere mot behandlingen av personopplysningene dine for form\u00e5l knyttet til direkte markedsf\u00f8ring (se avsnitt 8 i disse personvernreglene).<\/p>\n<ol>\n<li><em>Utvikling av tjenesten, informasjonssikkerhet og intern rapportering<\/em><\/li>\n<\/ol>\n<p>Vi behandler ogs\u00e5 personopplysningene dine for \u00e5 ivareta informasjonssikkerheten for tjenesten og nettstedet, forbedre kvaliteten p\u00e5 tjenesten og nettstedet, og utvikle tjenesten. Vi kan ogs\u00e5 bruke personopplysningene dine for \u00e5 utarbeide interne rapporter som gir ledelsen et godt grunnlag for \u00e5 administrere virksomheten v\u00e5r p\u00e5 beste m\u00e5te. Grunnlaget for behandling av personopplysninger er i slike tilfeller v\u00e5r berettigede interesse i \u00e5 ivareta god informasjonssikkerhet for tjenesten og nettstedet v\u00e5rt, samt \u00e5 motta tilstrekkelig og hensiktsmessig informasjon for \u00e5 utvikle tjenesten og administrere virksomheten v\u00e5r.<\/p>\n<ol>\n<li><em>Overholdelse av lovgivningen<\/em><\/li>\n<\/ol>\n<p>Vi kan behandle personopplysningene dine for \u00e5 oppfylle de lovp\u00e5lagte pliktene v\u00e5re relatert til for eksempel regnskap, eller vi kan etterkomme foresp\u00f8rsler om informasjon p\u00e5 rettslig grunnlag fra andre myndigheter (f.eks. skattemyndighetene).<\/p>\n<ol>\n<li><em>Andre form\u00e5l du har samtykket til<\/em><\/li>\n<\/ol>\n<p>Vi behandler ogs\u00e5 personopplysningene dine til andre form\u00e5l, hvis du har samtykket til slik behandling.<\/p>\n<p>&nbsp;<\/p>\n<p><strong>4.OVERF\u00d8RING OG FORMIDLING AV PERSONOPPLYSNINGER<\/strong><\/p>\n<p>I den utstrekning dette er tillatt i henhold til gjeldende lovgivning, kan vi formidle personopplysninger til andre selskaper i Europress Group i forbindelse med form\u00e5l som er beskrevet i disse personvernreglene, inkludert markedsf\u00f8ring av produktene og tjenestene til de ovennevnte selskapene. Personopplysninger kan ogs\u00e5 overf\u00f8res mellom selskaper i Europress Group i forbindelse med form\u00e5l knyttet til intern administrasjon, for eksempel rapportering og effektiv ut\u00f8velse av forretningsvirksomheten v\u00e5r, herunder bruk av sentraliserte informasjons- og kommunikasjonssystemer. Grunnlaget for formidling av personopplysninger innenfor Europress Group er v\u00e5r berettigede interesse i \u00e5 ut\u00f8ve forretningsvirksomheten v\u00e5r, administrere kunderelasjonene p\u00e5 en effektiv m\u00e5te og fortelle kundene om tjenester som tilbys av andre selskaper i Europress Group.<\/p>\n<p>Vi kan formidle personopplysninger til tredjeparter:<\/p>\n<ul>\n<li>innenfor det omfanget som tillates eller kreves i henhold til lovgivningen, for eksempel for \u00e5 etterkomme foresp\u00f8rsler om informasjon fra kompetente myndigheter eller i forbindelse med juridiske prosesser;<\/li>\n<li>n\u00e5r partnerne v\u00e5re behandler personopplysninger p\u00e5 v\u00e5re vegne og i samsvar med instruksjonene v\u00e5re. Vi s\u00f8rger alltid for at personopplysningene dine h\u00e5ndteres p\u00e5 riktig m\u00e5te;<\/li>\n<li>hvis vi er involvert i en sammensl\u00e5ing, en omorganisering av virksomheten eller salg av selskapet eller en del av det;<\/li>\n<li>n\u00e5r vi anser formidling som n\u00f8dvendig for \u00e5 ut\u00f8ve rettighetene v\u00e5re, ivareta sikkerheten din eller sikkerheten til andre personer, unders\u00f8ke misbruk eller svare p\u00e5 foresp\u00f8rsler fra myndighetene; og<\/li>\n<li>hvis du har gitt samtykke, til partene som samtykket gjelder for.<\/li>\n<\/ul>\n<p><strong>5.OVERF\u00d8RING AV PERSONOPPLYSNINGER TIL LAND UTENFOR EU ELLER E\u00d8S<\/strong><\/p>\n<p>Vi kan overf\u00f8re personopplysninger til land utenfor EU eller E\u00d8S n\u00e5r partneren som administrerer oppdraget, befinner seg utenfor EU eller E\u00d8S. I s\u00e5 fall er vi p\u00e5passelige med \u00e5 iverksette passende sikkerhetstiltak for \u00e5 ivareta rettighetene og friheten til datasubjektet i overensstemmelse med gjeldende personvernlovgivning, for eksempel EUs personvernforordning (GDPR) (679\/2016).<\/p>\n<p>En tjenesteleverand\u00f8r som tar h\u00e5nd om markedsf\u00f8ring for oss, kan for eksempel overf\u00f8re personopplysninger til USA i forbindelse med levering av tjenesten. I s\u00e5 fall iverksettes passende sikkerhetstiltak for personopplysningene for \u00e5 sikre at tjenesteleverand\u00f8ren overholder Privacy Shield-avtalen mellom EU og USA, eller vi bruker standardklausulene for personvern som er godkjent av Europakommisjonen.<\/p>\n<p>Les mer om Privacy Shield-avtalen her:\u00a0<a href=\"https:\/\/www.privacyshield.gov\/welcome\">https:\/\/www.privacyshield.gov\/welcome<\/a>.<\/p>\n<p>&nbsp;<\/p>\n<p><strong>6.INFORMASJONSKAPSLER<\/strong><\/p>\n<p>Vi bruker ogs\u00e5 informasjonskapsler og andre lignende teknologier p\u00e5 nettstedet <u>europressgroup.com<\/u>. Informasjonskapsler er sm\u00e5 tekstfiler som plasseres p\u00e5 enheten din for \u00e5 samle inn og huske nyttig informasjon for \u00e5 forbedre funksjonaliteten og brukervennligheten p\u00e5 nettstedet v\u00e5rt. Vi kan ogs\u00e5 bruke informasjonskapsler og andre lignende teknologier til statistikkform\u00e5l, for eksempel utarbeidelse av statistikk om nettstedsbruk for \u00e5 forst\u00e5 hvordan de bes\u00f8kende bruker nettstedet, slik at vi kan forbedre brukeropplevelsen.<\/p>\n<p>Du kan blokkere eller begrense bruken av informasjonskapsler eller fjerne informasjonskapsler fra nettleseren din. Ettersom informasjonskapsler gj\u00f8r det mulig for nettstedet v\u00e5rt \u00e5 fungere, kan begrensning av bruken av informasjonskapsler p\u00e5virke nettstedets brukervennlighet.<\/p>\n<p>Du kan lese mer om informasjonskapsler her: <u>europressgroup.com<\/u>.<\/p>\n<p>&nbsp;<\/p>\n<p><strong>7.OPPBEVARING AV PERSONOPPLYSNINGER<\/strong><\/p>\n<p>Personopplysningene oppbevares bare s\u00e5 lenge det er n\u00f8dvendig for \u00e5 oppfylle bruksform\u00e5lene som er angitt i disse personvernreglene.<\/p>\n<p>Personopplysningene oppbevares i l\u00f8pet av perioden som kunderelasjonen varer. Hva ang\u00e5r vesentlig informasjon kan personopplysninger ogs\u00e5 oppbevares etter utl\u00f8pet av kunderelasjonen, i den utstrekning dette tillates eller kreves i henhold til gjeldende lovgivning. Eksempel: Vi oppbevarer vanligvis personopplysninger som er n\u00f8dvendige for \u00e5 svare p\u00e5 krav eller rettslige skritt etter utl\u00f8pet av kunderelasjonen, i overensstemmelse med bestemmelsene om foreldelsesfrist som for \u00f8yeblikket er gyldige. Vi kan ogs\u00e5 oppbevare de n\u00f8dvendige delene av personopplysningene dine for eksempel for \u00e5 overholde motsigelsen din mot direkte markedsf\u00f8ring.<\/p>\n<p>Personopplysningene fjernes s\u00e5 snart oppbevaringen ikke lenger kreves i henhold til lovgivningen, eller for \u00e5 oppfylle rettighetene og forpliktelsene til \u00e9n av partene.<\/p>\n<p>&nbsp;<\/p>\n<p><strong>8.RETTIGHETENE DINE<\/strong><\/p>\n<p>Du har rett til innsyn i personopplysningene dine. Du kan ogs\u00e5 n\u00e5r som helst be om retting, oppdatering eller sletting av personopplysningene dine. V\u00e6r imidlertid oppmerksom p\u00e5 at personopplysninger som kreves for \u00e5 oppfylle bruksform\u00e5lene som omtales i disse personvernreglene, eller data som m\u00e5 oppbevares i henhold til lovgivningen, ikke kan slettes.<\/p>\n<p>Du har rett til \u00e5 protestere mot eller begrense behandlingen av personopplysningene dine i den utstrekning dette er tillatt i henhold til gjeldende lovgivning.<\/p>\n<p>I enkelte tilfeller har du i overensstemmelse med gjeldende lovgivning rett til \u00e5 f\u00e5 overf\u00f8rt personopplysningene du har sendt inn til oss, fra ett system til et annet, dvs. rett til \u00e5 motta personopplysningene dine i et strukturert, allment brukt og maskinlesbart format, og overf\u00f8re personopplysningene dine til en annen behandlingsansvarlig.<\/p>\n<p>N\u00e5r vi behandler personopplysningene dine basert p\u00e5 samtykke, har du rett til \u00e5 n\u00e5r som helst tilbakekalle samtykket du har gitt. Vi avslutter da behandlingen av personopplysningene dine, med mindre det finnes et annet juridisk grunnlag for \u00e5 behandle dem.<\/p>\n<p>Du kan ut\u00f8ve rettighetene dine ved \u00e5 sende oss en foresp\u00f8rsel p\u00e5 adressen\u00a0<u>europress@europress.fi<\/u>.<\/p>\n<p>Hvis du mener at personopplysningene dine ikke er behandlet p\u00e5 riktig m\u00e5te, har du rett til \u00e5 kontakte personvernombudet ang\u00e5ende problemet. Du finner personvernombudets kontaktinformasjon p\u00e5 nettsiden til personvernombudet:\u00a0<u>http:\/\/www.tietosuoja.fi\/fi\/index.html<\/u>.<\/p>\n<p>&nbsp;<\/p>\n<p><strong>9.INFORMASJONSSIKKERHET<\/strong><\/p>\n<p>Vi iverksetter passende tiltak (inkludert fysiske, digitale og administrative tiltak) for \u00e5 beskytte personopplysninger mot tap, \u00f8deleggelse, misbruk og uautorisert tilgang eller formidling. Det er for eksempel bare personene som trenger personopplysningene for \u00e5 f\u00e5 utf\u00f8rt oppgavene sine, som har tilgang til dataene.<\/p>\n<p>V\u00e6r imidlertid oppmerksom p\u00e5 at selv de strengeste tiltak ikke kan forhindre alle potensielle brudd p\u00e5 personopplysningsloven. I tilfelle brudd p\u00e5 personopplysningsloven varsler vi deg i overensstemmelse med gjeldende lovgivning.<\/p>\n<p>&nbsp;<\/p>\n<p><strong>10.ENDRING AV PERSONVERNREGLENE<\/strong><\/p>\n<p>Vi har rett til \u00e5 endre disse personvernreglene. Vi varsler deg om eventuelle endringer p\u00e5 nettstedet v\u00e5rt, <u>europressgroup.com<\/u>, der du ogs\u00e5 finner den siste versjonen av disse personvernreglene.<\/p>\n<p><strong>11.KONTAKT OSS<\/strong><\/p>\n<p>Du kan be om mer informasjon om disse personvernreglene eller mer detaljert informasjon om behandlingen av personopplysningene dine ved \u00e5 kontakte oss via e-post p\u00e5 adressen\u00a0<u>europress@europress.fi<\/u>.[\/vc_column_text][\/vc_column][\/vc_row]<\/p>\n<\/div>","protected":false},"excerpt":{"rendered":"<p>[vc_row][vc_column width=&raquo;1\/1&#8243;][vc_custom_heading]EUROPRESS GROUP LTD \u2013 PERSONVERNREGLER FOR KUNDER[\/vc_custom_heading][vc_column_text]Disse personvernreglene (heretter henvist til som &laquo;personvernreglene&raquo;) forklarer hvordan Europress Group Ltd samler [&hellip;]<\/p>\n","protected":false},"author":25,"featured_media":0,"parent":0,"menu_order":0,"comment_status":"closed","ping_status":"closed","template":"","meta":{"footnotes":""},"class_list":["post-101622","page","type-page","status-publish","hentry"],"yoast_head":"<!-- This site is optimized with the Yoast SEO Premium plugin v27.3 (Yoast SEO v27.3) - https:\/\/yoast.com\/product\/yoast-seo-premium-wordpress\/ -->\n<title>PERSONVERNREGLER FOR KUNDER - Europress Group<\/title>\n<meta name=\"robots\" content=\"index, follow, max-snippet:-1, max-image-preview:large, max-video-preview:-1\" \/>\n<link rel=\"canonical\" href=\"https:\/\/europressgroup.com\/no\/personvernregler-for-kunder\/\" \/>\n<meta property=\"og:locale\" content=\"nb_NO\" \/>\n<meta property=\"og:type\" content=\"article\" \/>\n<meta property=\"og:title\" content=\"PERSONVERNREGLER FOR KUNDER\" \/>\n<meta property=\"og:description\" content=\"EUROPRESS GROUP LTD \u2013 PERSONVERNREGLER FOR KUNDERDisse personvernreglene (heretter henvist til som &quot;personvernreglene&quot;) forklarer hvordan Europress Group\" \/>\n<meta property=\"og:url\" content=\"https:\/\/europressgroup.com\/no\/personvernregler-for-kunder\/\" \/>\n<meta property=\"og:site_name\" content=\"Europress Group\" \/>\n<meta property=\"article:publisher\" content=\"https:\/\/www.facebook.com\/europresswastehandling\" \/>\n<meta property=\"article:modified_time\" content=\"2021-05-31T11:44:54+00:00\" \/>\n<meta property=\"og:image\" content=\"https:\/\/europressgroup.com\/wp-content\/uploads\/2022\/01\/IMG_0133-scaled.jpg\" \/>\n\t<meta property=\"og:image:width\" content=\"2560\" \/>\n\t<meta property=\"og:image:height\" content=\"1707\" \/>\n\t<meta property=\"og:image:type\" content=\"image\/jpeg\" \/>\n<meta name=\"twitter:card\" content=\"summary_large_image\" \/>\n<meta name=\"twitter:site\" content=\"@EPWastehandling\" \/>\n<meta name=\"twitter:label1\" content=\"Ansl. lesetid\" \/>\n\t<meta name=\"twitter:data1\" content=\"8 minutter\" \/>\n<script type=\"application\/ld+json\" class=\"yoast-schema-graph\">{\"@context\":\"https:\\\/\\\/schema.org\",\"@graph\":[{\"@type\":\"WebPage\",\"@id\":\"https:\\\/\\\/europressgroup.com\\\/no\\\/personvernregler-for-kunder\\\/\",\"url\":\"https:\\\/\\\/europressgroup.com\\\/no\\\/personvernregler-for-kunder\\\/\",\"name\":\"PERSONVERNREGLER FOR KUNDER - Europress Group\",\"isPartOf\":{\"@id\":\"https:\\\/\\\/europressgroup.com\\\/no\\\/#website\"},\"datePublished\":\"2021-05-31T11:23:46+00:00\",\"dateModified\":\"2021-05-31T11:44:54+00:00\",\"breadcrumb\":{\"@id\":\"https:\\\/\\\/europressgroup.com\\\/no\\\/personvernregler-for-kunder\\\/#breadcrumb\"},\"inLanguage\":\"nb-NO\",\"potentialAction\":[{\"@type\":\"ReadAction\",\"target\":[\"https:\\\/\\\/europressgroup.com\\\/no\\\/personvernregler-for-kunder\\\/\"]}]},{\"@type\":\"BreadcrumbList\",\"@id\":\"https:\\\/\\\/europressgroup.com\\\/no\\\/personvernregler-for-kunder\\\/#breadcrumb\",\"itemListElement\":[{\"@type\":\"ListItem\",\"position\":1,\"name\":\"Home\",\"item\":\"https:\\\/\\\/europressgroup.com\\\/no\\\/\"},{\"@type\":\"ListItem\",\"position\":2,\"name\":\"PERSONVERNREGLER FOR KUNDER\"}]},{\"@type\":\"WebSite\",\"@id\":\"https:\\\/\\\/europressgroup.com\\\/no\\\/#website\",\"url\":\"https:\\\/\\\/europressgroup.com\\\/no\\\/\",\"name\":\"Europress Group\",\"description\":\"Northern European leader in Environmental Technology\",\"publisher\":{\"@id\":\"https:\\\/\\\/europressgroup.com\\\/no\\\/#organization\"},\"potentialAction\":[{\"@type\":\"SearchAction\",\"target\":{\"@type\":\"EntryPoint\",\"urlTemplate\":\"https:\\\/\\\/europressgroup.com\\\/no\\\/?s={search_term_string}\"},\"query-input\":{\"@type\":\"PropertyValueSpecification\",\"valueRequired\":true,\"valueName\":\"search_term_string\"}}],\"inLanguage\":\"nb-NO\"},{\"@type\":\"Organization\",\"@id\":\"https:\\\/\\\/europressgroup.com\\\/no\\\/#organization\",\"name\":\"Europress Group\",\"url\":\"https:\\\/\\\/europressgroup.com\\\/no\\\/\",\"logo\":{\"@type\":\"ImageObject\",\"inLanguage\":\"nb-NO\",\"@id\":\"https:\\\/\\\/europressgroup.com\\\/no\\\/#\\\/schema\\\/logo\\\/image\\\/\",\"url\":\"https:\\\/\\\/europressgroup.com\\\/wp-content\\\/uploads\\\/2018\\\/12\\\/Europress-logo-1.png\",\"contentUrl\":\"https:\\\/\\\/europressgroup.com\\\/wp-content\\\/uploads\\\/2018\\\/12\\\/Europress-logo-1.png\",\"width\":478,\"height\":75,\"caption\":\"Europress Group\"},\"image\":{\"@id\":\"https:\\\/\\\/europressgroup.com\\\/no\\\/#\\\/schema\\\/logo\\\/image\\\/\"},\"sameAs\":[\"https:\\\/\\\/www.facebook.com\\\/europresswastehandling\",\"https:\\\/\\\/x.com\\\/EPWastehandling\",\"https:\\\/\\\/www.instagram.com\\\/europressgroup\\\/\",\"https:\\\/\\\/www.linkedin.com\\\/company\\\/europress\"],\"publishingPrinciples\":\"https:\\\/\\\/europressgroup.com\\\/environment-safety-quality\\\/\",\"ownershipFundingInfo\":\"https:\\\/\\\/europressgroup.com\\\/history\\\/\",\"actionableFeedbackPolicy\":\"https:\\\/\\\/europressgroup.com\\\/customer-feedback\\\/\",\"correctionsPolicy\":\"https:\\\/\\\/europressgroup.com\\\/customer-feedback\\\/\",\"ethicsPolicy\":\"https:\\\/\\\/europressgroup.com\\\/responsibility\\\/\"}]}<\/script>\n<!-- \/ Yoast SEO Premium plugin. -->","yoast_head_json":{"title":"PERSONVERNREGLER FOR KUNDER - Europress Group","robots":{"index":"index","follow":"follow","max-snippet":"max-snippet:-1","max-image-preview":"max-image-preview:large","max-video-preview":"max-video-preview:-1"},"canonical":"https:\/\/europressgroup.com\/no\/personvernregler-for-kunder\/","og_locale":"nb_NO","og_type":"article","og_title":"PERSONVERNREGLER FOR KUNDER","og_description":"EUROPRESS GROUP LTD \u2013 PERSONVERNREGLER FOR KUNDERDisse personvernreglene (heretter henvist til som \"personvernreglene\") forklarer hvordan Europress Group","og_url":"https:\/\/europressgroup.com\/no\/personvernregler-for-kunder\/","og_site_name":"Europress Group","article_publisher":"https:\/\/www.facebook.com\/europresswastehandling","article_modified_time":"2021-05-31T11:44:54+00:00","og_image":[{"width":2560,"height":1707,"url":"https:\/\/europressgroup.com\/wp-content\/uploads\/2022\/01\/IMG_0133-scaled.jpg","type":"image\/jpeg"}],"twitter_card":"summary_large_image","twitter_site":"@EPWastehandling","twitter_misc":{"Ansl. lesetid":"8 minutter"},"schema":{"@context":"https:\/\/schema.org","@graph":[{"@type":"WebPage","@id":"https:\/\/europressgroup.com\/no\/personvernregler-for-kunder\/","url":"https:\/\/europressgroup.com\/no\/personvernregler-for-kunder\/","name":"PERSONVERNREGLER FOR KUNDER - Europress Group","isPartOf":{"@id":"https:\/\/europressgroup.com\/no\/#website"},"datePublished":"2021-05-31T11:23:46+00:00","dateModified":"2021-05-31T11:44:54+00:00","breadcrumb":{"@id":"https:\/\/europressgroup.com\/no\/personvernregler-for-kunder\/#breadcrumb"},"inLanguage":"nb-NO","potentialAction":[{"@type":"ReadAction","target":["https:\/\/europressgroup.com\/no\/personvernregler-for-kunder\/"]}]},{"@type":"BreadcrumbList","@id":"https:\/\/europressgroup.com\/no\/personvernregler-for-kunder\/#breadcrumb","itemListElement":[{"@type":"ListItem","position":1,"name":"Home","item":"https:\/\/europressgroup.com\/no\/"},{"@type":"ListItem","position":2,"name":"PERSONVERNREGLER FOR KUNDER"}]},{"@type":"WebSite","@id":"https:\/\/europressgroup.com\/no\/#website","url":"https:\/\/europressgroup.com\/no\/","name":"Europress Group","description":"Northern European leader in Environmental Technology","publisher":{"@id":"https:\/\/europressgroup.com\/no\/#organization"},"potentialAction":[{"@type":"SearchAction","target":{"@type":"EntryPoint","urlTemplate":"https:\/\/europressgroup.com\/no\/?s={search_term_string}"},"query-input":{"@type":"PropertyValueSpecification","valueRequired":true,"valueName":"search_term_string"}}],"inLanguage":"nb-NO"},{"@type":"Organization","@id":"https:\/\/europressgroup.com\/no\/#organization","name":"Europress Group","url":"https:\/\/europressgroup.com\/no\/","logo":{"@type":"ImageObject","inLanguage":"nb-NO","@id":"https:\/\/europressgroup.com\/no\/#\/schema\/logo\/image\/","url":"https:\/\/europressgroup.com\/wp-content\/uploads\/2018\/12\/Europress-logo-1.png","contentUrl":"https:\/\/europressgroup.com\/wp-content\/uploads\/2018\/12\/Europress-logo-1.png","width":478,"height":75,"caption":"Europress Group"},"image":{"@id":"https:\/\/europressgroup.com\/no\/#\/schema\/logo\/image\/"},"sameAs":["https:\/\/www.facebook.com\/europresswastehandling","https:\/\/x.com\/EPWastehandling","https:\/\/www.instagram.com\/europressgroup\/","https:\/\/www.linkedin.com\/company\/europress"],"publishingPrinciples":"https:\/\/europressgroup.com\/environment-safety-quality\/","ownershipFundingInfo":"https:\/\/europressgroup.com\/history\/","actionableFeedbackPolicy":"https:\/\/europressgroup.com\/customer-feedback\/","correctionsPolicy":"https:\/\/europressgroup.com\/customer-feedback\/","ethicsPolicy":"https:\/\/europressgroup.com\/responsibility\/"}]}},"_links":{"self":[{"href":"https:\/\/europressgroup.com\/no\/wp-json\/wp\/v2\/pages\/101622","targetHints":{"allow":["GET"]}}],"collection":[{"href":"https:\/\/europressgroup.com\/no\/wp-json\/wp\/v2\/pages"}],"about":[{"href":"https:\/\/europressgroup.com\/no\/wp-json\/wp\/v2\/types\/page"}],"author":[{"embeddable":true,"href":"https:\/\/europressgroup.com\/no\/wp-json\/wp\/v2\/users\/25"}],"replies":[{"embeddable":true,"href":"https:\/\/europressgroup.com\/no\/wp-json\/wp\/v2\/comments?post=101622"}],"version-history":[{"count":3,"href":"https:\/\/europressgroup.com\/no\/wp-json\/wp\/v2\/pages\/101622\/revisions"}],"predecessor-version":[{"id":101626,"href":"https:\/\/europressgroup.com\/no\/wp-json\/wp\/v2\/pages\/101622\/revisions\/101626"}],"wp:attachment":[{"href":"https:\/\/europressgroup.com\/no\/wp-json\/wp\/v2\/media?parent=101622"}],"curies":[{"name":"wp","href":"https:\/\/api.w.org\/{rel}","templated":true}]}}