{"id":90453,"date":"2020-07-13T13:29:45","date_gmt":"2020-07-13T10:29:45","guid":{"rendered":"https:\/\/europressgroup.com\/?page_id=90453"},"modified":"2020-07-15T11:33:55","modified_gmt":"2020-07-15T08:33:55","slug":"ponsse","status":"publish","type":"page","link":"https:\/\/europressgroup.com\/fr\/ponsse\/","title":{"rendered":"PONSSE"},"content":{"rendered":"<div class=\"wpb-content-wrapper\"><p>[vc_row row_height_percent=\u00a0\u00bb0&Prime; override_padding=\u00a0\u00bbyes\u00a0\u00bb h_padding=\u00a0\u00bb2&Prime; top_padding=\u00a0\u00bb4&Prime; bottom_padding=\u00a0\u00bb4&Prime; back_color=\u00a0\u00bbcolor-lxmt\u00a0\u00bb overlay_alpha=\u00a0\u00bb100&Prime; gutter_size=\u00a0\u00bb100&Prime; column_width_percent=\u00a0\u00bb100&Prime; shift_y=\u00a0\u00bb0&Prime; z_index=\u00a0\u00bb0&Prime; style=\u00a0\u00bbdark\u00a0\u00bb row_name=\u00a0\u00bbDesign &amp; Quality\u00a0\u00bb][vc_column column_width_use_pixel=\u00a0\u00bbyes\u00a0\u00bb align_horizontal=\u00a0\u00bbalign_center\u00a0\u00bb gutter_size=\u00a0\u00bb3&Prime; overlay_alpha=\u00a0\u00bb100&Prime; shift_x=\u00a0\u00bb0&Prime; shift_y=\u00a0\u00bb0&Prime; medium_width=\u00a0\u00bb0&Prime; zoom_width=\u00a0\u00bb0&Prime; zoom_height=\u00a0\u00bb0&Prime; width=\u00a0\u00bb1\/1&Prime; column_width_pixel=\u00a0\u00bb800&Prime;][vc_custom_heading text_font=\u00a0\u00bbfont-796375&Prime; text_weight=\u00a0\u00bb700&Prime; text_transform=\u00a0\u00bbuppercase\u00a0\u00bb separator=\u00a0\u00bbyes\u00a0\u00bb sub_lead=\u00a0\u00bbyes\u00a0\u00bb sub_reduced=\u00a0\u00bbyes\u00a0\u00bb subheading=\u00a0\u00bbDans l\u2019usine Ponsse, l\u2019automatisation, avec son potentiel, est visible partout. Les \u00e9quipements sont utilis\u00e9s efficacement et chaque chose a sa place. Europress a con\u00e7u et mis en \u0153uvre des solutions de vide-ordures \u00e9quip\u00e9es de basculeurs pour Ponsse de sorte que les d\u00e9chets puissent \u00eatre \u00e9limin\u00e9s \u00e0 l\u2019endroit m\u00eame o\u00f9 ils ont \u00e9t\u00e9 cr\u00e9\u00e9s.\u00a0\u00bb]LA RESPONSABILIT\u00c9 INT\u00c9GR\u00c9E \u00c0 LA PRODUCTION[\/vc_custom_heading][\/vc_column][\/vc_row][vc_row row_height_percent=\u00a0\u00bb0&Prime; override_padding=\u00a0\u00bbyes\u00a0\u00bb h_padding=\u00a0\u00bb2&Prime; top_padding=\u00a0\u00bb3&Prime; bottom_padding=\u00a0\u00bb3&Prime; overlay_alpha=\u00a0\u00bb50&Prime; gutter_size=\u00a0\u00bb3&Prime; column_width_percent=\u00a0\u00bb100&Prime; shift_y=\u00a0\u00bb0&Prime; z_index=\u00a0\u00bb0&Prime; row_name=\u00a0\u00bbHighlights\u00a0\u00bb][vc_column column_width_percent=\u00a0\u00bb100&Prime; position_vertical=\u00a0\u00bbmiddle\u00a0\u00bb gutter_size=\u00a0\u00bb3&Prime; override_padding=\u00a0\u00bbyes\u00a0\u00bb column_padding=\u00a0\u00bb2&Prime; overlay_alpha=\u00a0\u00bb50&Prime; shift_x=\u00a0\u00bb0&Prime; shift_y=\u00a0\u00bb0&Prime; medium_width=\u00a0\u00bb4&Prime; zoom_width=\u00a0\u00bb0&Prime; zoom_height=\u00a0\u00bb0&Prime; width=\u00a0\u00bb1\/2&Prime;][vc_single_image media=\u00a0\u00bb83133&Prime; media_width_use_pixel=\u00a0\u00bbyes\u00a0\u00bb alignment=\u00a0\u00bbcenter\u00a0\u00bb image=\u00a0\u00bb2286&Prime; border_color=\u00a0\u00bbgrey\u00a0\u00bb img_link_target=\u00a0\u00bb_self\u00a0\u00bb img_size=\u00a0\u00bbfull\u00a0\u00bb media_width_pixel=\u00a0\u00bb280&Prime;][\/vc_column][vc_column column_width_percent=\u00a0\u00bb100&Prime; position_vertical=\u00a0\u00bbmiddle\u00a0\u00bb gutter_size=\u00a0\u00bb3&Prime; overlay_alpha=\u00a0\u00bb50&Prime; shift_x=\u00a0\u00bb0&Prime; shift_y=\u00a0\u00bb0&Prime; medium_width=\u00a0\u00bb4&Prime; zoom_width=\u00a0\u00bb0&Prime; zoom_height=\u00a0\u00bb0&Prime; width=\u00a0\u00bb1\/2&Prime;][vc_icon position=\u00a0\u00bbleft\u00a0\u00bb icon=\u00a0\u00bbfa fa-question\u00a0\u00bb size=\u00a0\u00bbfa-3x\u00a0\u00bb align=\u00a0\u00bbleft\u00a0\u00bb title=\u00a0\u00bbD\u00c9FI\u00a0\u00bb]<span class=\"TextRun SCXW165755494 BCX7\" lang=\"FI-FI\" xml:lang=\"FI-FI\" data-contrast=\"auto\"><span class=\"NormalTextRun SCXW165755494 BCX7\">L\u2019usine Ponsse produit une quantit\u00e9 \u00e9norme de carton pendant la production. <\/span><\/span><\/p>\n<p>[\/vc_icon][vc_separator][vc_icon position=\u00a0\u00bbleft\u00a0\u00bb icon=\u00a0\u00bbfa fa-check\u00a0\u00bb size=\u00a0\u00bbfa-3x\u00a0\u00bb align=\u00a0\u00bbleft\u00a0\u00bb title=\u00a0\u00bbSOLUTION\u00a0\u00bb]Europress a con\u00e7u et mis en \u0153uvre des solutions de vide-ordures \u00e9quip\u00e9es de basculeurs pour Ponsse afin d\u2019\u00e9liminer les mat\u00e9riaux \u00e0 l\u2019endroit m\u00eame o\u00f9 ils apparaissent. De plus, des solutions de filets de s\u00e9curit\u00e9 ont \u00e9t\u00e9 mises en \u0153uvre autour des appareils basculeurs et d\u2019alimentation.<\/p>\n<p><span class=\"TextRun SCXW19199577 BCX7\" lang=\"FI-FI\" xml:lang=\"FI-FI\" data-contrast=\"auto\"><span class=\"NormalTextRun SCXW19199577 BCX7\">\u00a0<\/span><\/span><\/p>\n<p>[\/vc_icon][vc_separator][vc_icon position=\u00a0\u00bbleft\u00a0\u00bb icon=\u00a0\u00bbfa fa-refresh\u00a0\u00bb size=\u00a0\u00bbfa-3x\u00a0\u00bb align=\u00a0\u00bbleft\u00a0\u00bb title=\u00a0\u00bbPRODUITS UTILIS\u00c9S\u00a0\u00bb]Presses \u00e0 balles Europress Balex 30 SMART (4 unit\u00e9s)<br \/>\nPresses \u00e0 balles Europress Balex 10 SMART (1 unit\u00e9)<br \/>\nCompacteurs Europress DuoMax HD SMART (2 unit\u00e9s)<br \/>\nCompacteurs Europress CombiMax SMART (3 unit\u00e9s)<br \/>\nCompacteur \u00e0 vis Europress H&amp;G (1 unit\u00e9)<br \/>\nAppareils basculeurs (3 unit\u00e9s)<br \/>\nSolution d\u2019alimentation \u00e0 travers les murs (3 unit\u00e9s)<br \/>\nBarri\u00e8re de s\u00e9curit\u00e9<\/p>\n<p>[\/vc_icon][\/vc_column][\/vc_row][vc_row unlock_row_content=\u00a0\u00bbyes\u00a0\u00bb row_height_percent=\u00a0\u00bb0&Prime; override_padding=\u00a0\u00bbyes\u00a0\u00bb h_padding=\u00a0\u00bb2&Prime; top_padding=\u00a0\u00bb4&Prime; bottom_padding=\u00a0\u00bb4&Prime; back_color=\u00a0\u00bbcolor-rgdb\u00a0\u00bb overlay_alpha=\u00a0\u00bb50&Prime; gutter_size=\u00a0\u00bb3&Prime; column_width_percent=\u00a0\u00bb100&Prime; shift_y=\u00a0\u00bb0&Prime; z_index=\u00a0\u00bb0&Prime; row_name=\u00a0\u00bbGallery\u00a0\u00bb][vc_column column_width_use_pixel=\u00a0\u00bbyes\u00a0\u00bb align_horizontal=\u00a0\u00bbalign_center\u00a0\u00bb gutter_size=\u00a0\u00bb3&Prime; style=\u00a0\u00bbdark\u00a0\u00bb overlay_alpha=\u00a0\u00bb50&Prime; shift_x=\u00a0\u00bb0&Prime; shift_y=\u00a0\u00bb0&Prime; medium_width=\u00a0\u00bb0&Prime; zoom_width=\u00a0\u00bb0&Prime; zoom_height=\u00a0\u00bb0&Prime; column_width_pixel=\u00a0\u00bb1400&Prime;][vc_custom_heading text_transform=\u00a0\u00bbuppercase\u00a0\u00bb separator=\u00a0\u00bbyes\u00a0\u00bb sub_lead=\u00a0\u00bbyes\u00a0\u00bb]M\u00e9dias[\/vc_custom_heading][vc_gallery el_id=\u00a0\u00bbgallery-47626&Prime; type=\u00a0\u00bbcarousel\u00a0\u00bb medias=\u00a0\u00bb83171,83165,83177,83183&Prime; carousel_lg=\u00a0\u00bb3&Prime; carousel_md=\u00a0\u00bb2&Prime; carousel_sm=\u00a0\u00bb1&Prime; thumb_size=\u00a0\u00bbone-one\u00a0\u00bb gutter_size=\u00a0\u00bb2&Prime; media_items=\u00a0\u00bbmedia,icon\u00a0\u00bb carousel_interval=\u00a0\u00bb3000&Prime; carousel_navspeed=\u00a0\u00bb400&Prime; carousel_nav=\u00a0\u00bbyes\u00a0\u00bb carousel_dots=\u00a0\u00bbyes\u00a0\u00bb stage_padding=\u00a0\u00bb0&Prime; single_overlay_opacity=\u00a0\u00bb50&Prime; single_image_anim=\u00a0\u00bbno\u00a0\u00bb single_h_align=\u00a0\u00bbcenter\u00a0\u00bb single_padding=\u00a0\u00bb2&Prime; single_icon=\u00a0\u00bbfa fa-search3&Prime; single_shadow=\u00a0\u00bbyes\u00a0\u00bb single_border=\u00a0\u00bbyes\u00a0\u00bb carousel_rtl=\u00a0\u00bb\u00a0\u00bb single_title_uppercase=\u00a0\u00bb\u00a0\u00bb][\/vc_column][\/vc_row]<\/p>\n<\/div>","protected":false},"excerpt":{"rendered":"<p>Le meilleur compagnon de l\u2019exploitant forestier<\/p>\n","protected":false},"author":25,"featured_media":90396,"parent":0,"menu_order":0,"comment_status":"open","ping_status":"closed","template":"","meta":{"footnotes":""},"class_list":["post-90453","page","type-page","status-publish","has-post-thumbnail","hentry","page_category-portfolio-fr"],"yoast_head":"<!-- This site is optimized with the Yoast SEO Premium plugin v27.3 (Yoast SEO v27.3) - https:\/\/yoast.com\/product\/yoast-seo-premium-wordpress\/ -->\n<title>PONSSE - Europress Group<\/title>\n<meta name=\"description\" content=\"Europress a con\u00e7u et mis en \u0153uvre des solutions de vide-ordures \u00e9quip\u00e9es de basculeurs pour Ponsse afin d\u2019\u00e9liminer les mat\u00e9riaux \u00e0 l\u2019endroit m\u00eame o\u00f9 ils apparaissent.\" \/>\n<meta name=\"robots\" content=\"index, follow, max-snippet:-1, max-image-preview:large, max-video-preview:-1\" \/>\n<link rel=\"canonical\" href=\"https:\/\/europressgroup.com\/fr\/ponsse\/\" \/>\n<meta property=\"og:locale\" content=\"fr_FR\" \/>\n<meta property=\"og:type\" content=\"article\" \/>\n<meta property=\"og:title\" content=\"PONSSE\" \/>\n<meta property=\"og:description\" content=\"Le meilleur compagnon de l\u2019exploitant forestier\" \/>\n<meta property=\"og:url\" content=\"https:\/\/europressgroup.com\/fr\/ponsse\/\" \/>\n<meta property=\"og:site_name\" content=\"Europress Group\" \/>\n<meta property=\"article:publisher\" content=\"https:\/\/www.facebook.com\/europresswastehandling\" \/>\n<meta property=\"article:modified_time\" content=\"2020-07-15T08:33:55+00:00\" \/>\n<meta property=\"og:image\" content=\"https:\/\/europressgroup.com\/wp-content\/uploads\/2020\/01\/Ponsse_grill.jpg\" \/>\n\t<meta property=\"og:image:width\" content=\"1920\" \/>\n\t<meta property=\"og:image:height\" content=\"1280\" \/>\n\t<meta property=\"og:image:type\" content=\"image\/jpeg\" \/>\n<meta name=\"twitter:card\" content=\"summary_large_image\" \/>\n<meta name=\"twitter:site\" content=\"@EPWastehandling\" \/>\n<meta name=\"twitter:label1\" content=\"Dur\u00e9e de lecture estim\u00e9e\" \/>\n\t<meta name=\"twitter:data1\" content=\"3 minutes\" \/>\n<script type=\"application\/ld+json\" class=\"yoast-schema-graph\">{\"@context\":\"https:\\\/\\\/schema.org\",\"@graph\":[{\"@type\":\"WebPage\",\"@id\":\"https:\\\/\\\/europressgroup.com\\\/fr\\\/ponsse\\\/\",\"url\":\"https:\\\/\\\/europressgroup.com\\\/fr\\\/ponsse\\\/\",\"name\":\"PONSSE - Europress Group\",\"isPartOf\":{\"@id\":\"https:\\\/\\\/europressgroup.com\\\/fr\\\/#website\"},\"primaryImageOfPage\":{\"@id\":\"https:\\\/\\\/europressgroup.com\\\/fr\\\/ponsse\\\/#primaryimage\"},\"image\":{\"@id\":\"https:\\\/\\\/europressgroup.com\\\/fr\\\/ponsse\\\/#primaryimage\"},\"thumbnailUrl\":\"https:\\\/\\\/europressgroup.com\\\/wp-content\\\/uploads\\\/2020\\\/01\\\/Ponsse_grill.jpg\",\"datePublished\":\"2020-07-13T10:29:45+00:00\",\"dateModified\":\"2020-07-15T08:33:55+00:00\",\"description\":\"Europress a con\u00e7u et mis en \u0153uvre des solutions de vide-ordures \u00e9quip\u00e9es de basculeurs pour Ponsse afin d\u2019\u00e9liminer les mat\u00e9riaux \u00e0 l\u2019endroit m\u00eame o\u00f9 ils apparaissent.\",\"breadcrumb\":{\"@id\":\"https:\\\/\\\/europressgroup.com\\\/fr\\\/ponsse\\\/#breadcrumb\"},\"inLanguage\":\"fr-FR\",\"potentialAction\":[{\"@type\":\"ReadAction\",\"target\":[\"https:\\\/\\\/europressgroup.com\\\/fr\\\/ponsse\\\/\"]}]},{\"@type\":\"ImageObject\",\"inLanguage\":\"fr-FR\",\"@id\":\"https:\\\/\\\/europressgroup.com\\\/fr\\\/ponsse\\\/#primaryimage\",\"url\":\"https:\\\/\\\/europressgroup.com\\\/wp-content\\\/uploads\\\/2020\\\/01\\\/Ponsse_grill.jpg\",\"contentUrl\":\"https:\\\/\\\/europressgroup.com\\\/wp-content\\\/uploads\\\/2020\\\/01\\\/Ponsse_grill.jpg\",\"width\":1920,\"height\":1280},{\"@type\":\"BreadcrumbList\",\"@id\":\"https:\\\/\\\/europressgroup.com\\\/fr\\\/ponsse\\\/#breadcrumb\",\"itemListElement\":[{\"@type\":\"ListItem\",\"position\":1,\"name\":\"Home\",\"item\":\"https:\\\/\\\/europressgroup.com\\\/fr\\\/\"},{\"@type\":\"ListItem\",\"position\":2,\"name\":\"PONSSE\"}]},{\"@type\":\"WebSite\",\"@id\":\"https:\\\/\\\/europressgroup.com\\\/fr\\\/#website\",\"url\":\"https:\\\/\\\/europressgroup.com\\\/fr\\\/\",\"name\":\"Europress Group\",\"description\":\"Northern European leader in Environmental Technology\",\"publisher\":{\"@id\":\"https:\\\/\\\/europressgroup.com\\\/fr\\\/#organization\"},\"potentialAction\":[{\"@type\":\"SearchAction\",\"target\":{\"@type\":\"EntryPoint\",\"urlTemplate\":\"https:\\\/\\\/europressgroup.com\\\/fr\\\/?s={search_term_string}\"},\"query-input\":{\"@type\":\"PropertyValueSpecification\",\"valueRequired\":true,\"valueName\":\"search_term_string\"}}],\"inLanguage\":\"fr-FR\"},{\"@type\":\"Organization\",\"@id\":\"https:\\\/\\\/europressgroup.com\\\/fr\\\/#organization\",\"name\":\"Europress Group\",\"url\":\"https:\\\/\\\/europressgroup.com\\\/fr\\\/\",\"logo\":{\"@type\":\"ImageObject\",\"inLanguage\":\"fr-FR\",\"@id\":\"https:\\\/\\\/europressgroup.com\\\/fr\\\/#\\\/schema\\\/logo\\\/image\\\/\",\"url\":\"https:\\\/\\\/europressgroup.com\\\/wp-content\\\/uploads\\\/2018\\\/12\\\/Europress-logo-1.png\",\"contentUrl\":\"https:\\\/\\\/europressgroup.com\\\/wp-content\\\/uploads\\\/2018\\\/12\\\/Europress-logo-1.png\",\"width\":478,\"height\":75,\"caption\":\"Europress Group\"},\"image\":{\"@id\":\"https:\\\/\\\/europressgroup.com\\\/fr\\\/#\\\/schema\\\/logo\\\/image\\\/\"},\"sameAs\":[\"https:\\\/\\\/www.facebook.com\\\/europresswastehandling\",\"https:\\\/\\\/x.com\\\/EPWastehandling\",\"https:\\\/\\\/www.instagram.com\\\/europressgroup\\\/\",\"https:\\\/\\\/www.linkedin.com\\\/company\\\/europress\"],\"publishingPrinciples\":\"https:\\\/\\\/europressgroup.com\\\/environment-safety-quality\\\/\",\"ownershipFundingInfo\":\"https:\\\/\\\/europressgroup.com\\\/history\\\/\",\"actionableFeedbackPolicy\":\"https:\\\/\\\/europressgroup.com\\\/customer-feedback\\\/\",\"correctionsPolicy\":\"https:\\\/\\\/europressgroup.com\\\/customer-feedback\\\/\",\"ethicsPolicy\":\"https:\\\/\\\/europressgroup.com\\\/responsibility\\\/\"}]}<\/script>\n<!-- \/ Yoast SEO Premium plugin. -->","yoast_head_json":{"title":"PONSSE - Europress Group","description":"Europress a con\u00e7u et mis en \u0153uvre des solutions de vide-ordures \u00e9quip\u00e9es de basculeurs pour Ponsse afin d\u2019\u00e9liminer les mat\u00e9riaux \u00e0 l\u2019endroit m\u00eame o\u00f9 ils apparaissent.","robots":{"index":"index","follow":"follow","max-snippet":"max-snippet:-1","max-image-preview":"max-image-preview:large","max-video-preview":"max-video-preview:-1"},"canonical":"https:\/\/europressgroup.com\/fr\/ponsse\/","og_locale":"fr_FR","og_type":"article","og_title":"PONSSE","og_description":"Le meilleur compagnon de l\u2019exploitant forestier","og_url":"https:\/\/europressgroup.com\/fr\/ponsse\/","og_site_name":"Europress Group","article_publisher":"https:\/\/www.facebook.com\/europresswastehandling","article_modified_time":"2020-07-15T08:33:55+00:00","og_image":[{"width":1920,"height":1280,"url":"https:\/\/europressgroup.com\/wp-content\/uploads\/2020\/01\/Ponsse_grill.jpg","type":"image\/jpeg"}],"twitter_card":"summary_large_image","twitter_site":"@EPWastehandling","twitter_misc":{"Dur\u00e9e de lecture estim\u00e9e":"3 minutes"},"schema":{"@context":"https:\/\/schema.org","@graph":[{"@type":"WebPage","@id":"https:\/\/europressgroup.com\/fr\/ponsse\/","url":"https:\/\/europressgroup.com\/fr\/ponsse\/","name":"PONSSE - Europress Group","isPartOf":{"@id":"https:\/\/europressgroup.com\/fr\/#website"},"primaryImageOfPage":{"@id":"https:\/\/europressgroup.com\/fr\/ponsse\/#primaryimage"},"image":{"@id":"https:\/\/europressgroup.com\/fr\/ponsse\/#primaryimage"},"thumbnailUrl":"https:\/\/europressgroup.com\/wp-content\/uploads\/2020\/01\/Ponsse_grill.jpg","datePublished":"2020-07-13T10:29:45+00:00","dateModified":"2020-07-15T08:33:55+00:00","description":"Europress a con\u00e7u et mis en \u0153uvre des solutions de vide-ordures \u00e9quip\u00e9es de basculeurs pour Ponsse afin d\u2019\u00e9liminer les mat\u00e9riaux \u00e0 l\u2019endroit m\u00eame o\u00f9 ils apparaissent.","breadcrumb":{"@id":"https:\/\/europressgroup.com\/fr\/ponsse\/#breadcrumb"},"inLanguage":"fr-FR","potentialAction":[{"@type":"ReadAction","target":["https:\/\/europressgroup.com\/fr\/ponsse\/"]}]},{"@type":"ImageObject","inLanguage":"fr-FR","@id":"https:\/\/europressgroup.com\/fr\/ponsse\/#primaryimage","url":"https:\/\/europressgroup.com\/wp-content\/uploads\/2020\/01\/Ponsse_grill.jpg","contentUrl":"https:\/\/europressgroup.com\/wp-content\/uploads\/2020\/01\/Ponsse_grill.jpg","width":1920,"height":1280},{"@type":"BreadcrumbList","@id":"https:\/\/europressgroup.com\/fr\/ponsse\/#breadcrumb","itemListElement":[{"@type":"ListItem","position":1,"name":"Home","item":"https:\/\/europressgroup.com\/fr\/"},{"@type":"ListItem","position":2,"name":"PONSSE"}]},{"@type":"WebSite","@id":"https:\/\/europressgroup.com\/fr\/#website","url":"https:\/\/europressgroup.com\/fr\/","name":"Europress Group","description":"Northern European leader in Environmental Technology","publisher":{"@id":"https:\/\/europressgroup.com\/fr\/#organization"},"potentialAction":[{"@type":"SearchAction","target":{"@type":"EntryPoint","urlTemplate":"https:\/\/europressgroup.com\/fr\/?s={search_term_string}"},"query-input":{"@type":"PropertyValueSpecification","valueRequired":true,"valueName":"search_term_string"}}],"inLanguage":"fr-FR"},{"@type":"Organization","@id":"https:\/\/europressgroup.com\/fr\/#organization","name":"Europress Group","url":"https:\/\/europressgroup.com\/fr\/","logo":{"@type":"ImageObject","inLanguage":"fr-FR","@id":"https:\/\/europressgroup.com\/fr\/#\/schema\/logo\/image\/","url":"https:\/\/europressgroup.com\/wp-content\/uploads\/2018\/12\/Europress-logo-1.png","contentUrl":"https:\/\/europressgroup.com\/wp-content\/uploads\/2018\/12\/Europress-logo-1.png","width":478,"height":75,"caption":"Europress Group"},"image":{"@id":"https:\/\/europressgroup.com\/fr\/#\/schema\/logo\/image\/"},"sameAs":["https:\/\/www.facebook.com\/europresswastehandling","https:\/\/x.com\/EPWastehandling","https:\/\/www.instagram.com\/europressgroup\/","https:\/\/www.linkedin.com\/company\/europress"],"publishingPrinciples":"https:\/\/europressgroup.com\/environment-safety-quality\/","ownershipFundingInfo":"https:\/\/europressgroup.com\/history\/","actionableFeedbackPolicy":"https:\/\/europressgroup.com\/customer-feedback\/","correctionsPolicy":"https:\/\/europressgroup.com\/customer-feedback\/","ethicsPolicy":"https:\/\/europressgroup.com\/responsibility\/"}]}},"_links":{"self":[{"href":"https:\/\/europressgroup.com\/fr\/wp-json\/wp\/v2\/pages\/90453","targetHints":{"allow":["GET"]}}],"collection":[{"href":"https:\/\/europressgroup.com\/fr\/wp-json\/wp\/v2\/pages"}],"about":[{"href":"https:\/\/europressgroup.com\/fr\/wp-json\/wp\/v2\/types\/page"}],"author":[{"embeddable":true,"href":"https:\/\/europressgroup.com\/fr\/wp-json\/wp\/v2\/users\/25"}],"replies":[{"embeddable":true,"href":"https:\/\/europressgroup.com\/fr\/wp-json\/wp\/v2\/comments?post=90453"}],"version-history":[{"count":7,"href":"https:\/\/europressgroup.com\/fr\/wp-json\/wp\/v2\/pages\/90453\/revisions"}],"predecessor-version":[{"id":90634,"href":"https:\/\/europressgroup.com\/fr\/wp-json\/wp\/v2\/pages\/90453\/revisions\/90634"}],"wp:featuredmedia":[{"embeddable":true,"href":"https:\/\/europressgroup.com\/fr\/wp-json\/wp\/v2\/media\/90396"}],"wp:attachment":[{"href":"https:\/\/europressgroup.com\/fr\/wp-json\/wp\/v2\/media?parent=90453"}],"curies":[{"name":"wp","href":"https:\/\/api.w.org\/{rel}","templated":true}]}}