{"id":84085,"date":"2019-02-26T14:04:35","date_gmt":"2019-02-26T12:04:35","guid":{"rendered":"https:\/\/europressgroup.com\/company\/"},"modified":"2022-12-15T09:13:07","modified_gmt":"2022-12-15T07:13:07","slug":"societe","status":"publish","type":"page","link":"https:\/\/europressgroup.com\/fr\/societe\/","title":{"rendered":"SOCI\u00c9T\u00c9"},"content":{"rendered":"<div class=\"wpb-content-wrapper\"><p>[vc_row row_height_percent=\u00a0\u00bb0&Prime; override_padding=\u00a0\u00bbyes\u00a0\u00bb h_padding=\u00a0\u00bb2&Prime; top_padding=\u00a0\u00bb3&Prime; bottom_padding=\u00a0\u00bb3&Prime; back_color=\u00a0\u00bbcolor-xsdn\u00a0\u00bb overlay_alpha=\u00a0\u00bb100&Prime; gutter_size=\u00a0\u00bb100&Prime; column_width_percent=\u00a0\u00bb100&Prime; shift_y=\u00a0\u00bb0&Prime; z_index=\u00a0\u00bb0&Prime; style=\u00a0\u00bbdark\u00a0\u00bb row_name=\u00a0\u00bbDesign &amp; Quality\u00a0\u00bb][vc_column column_width_use_pixel=\u00a0\u00bbyes\u00a0\u00bb align_horizontal=\u00a0\u00bbalign_center\u00a0\u00bb gutter_size=\u00a0\u00bb3&Prime; overlay_alpha=\u00a0\u00bb100&Prime; shift_x=\u00a0\u00bb0&Prime; shift_y=\u00a0\u00bb0&Prime; medium_width=\u00a0\u00bb0&Prime; zoom_width=\u00a0\u00bb0&Prime; zoom_height=\u00a0\u00bb0&Prime; width=\u00a0\u00bb1\/1&Prime; column_width_pixel=\u00a0\u00bb800&Prime;][vc_custom_heading text_transform=\u00a0\u00bbuppercase\u00a0\u00bb separator=\u00a0\u00bbyes\u00a0\u00bb separator_color=\u00a0\u00bbyes\u00a0\u00bb sub_lead=\u00a0\u00bbyes\u00a0\u00bb sub_reduced=\u00a0\u00bbyes\u00a0\u00bb]LE PREMIER FABRICANT DE COMPACTEURS DE D\u00c9CHETS ET DE PRESSES \u00c0 BALLES EN EUROPE DU NORD[\/vc_custom_heading][vc_column_text]Fond\u00e9e dans les ann\u00e9es 1970, la soci\u00e9t\u00e9 Europress est le premier fabricant de compacteurs de d\u00e9chets et de presses \u00e0 balles en Europe du Nord. Plus de 40 ans plus tard, Europress continue \u00e0 conqu\u00e9rir de nouveaux pays avec ses produits modernes et son service de qualit\u00e9. Au fil des ann\u00e9es, Europress a r\u00e9uni un groupe de professionnels et d\u2019experts et ensemble, nous avons cr\u00e9\u00e9 des produits enti\u00e8rement nouveaux, des solutions innovantes et une gamme compl\u00e8te de services. Nous cr\u00e9ons de la nouveaut\u00e9 et montrons la voie aux autres op\u00e9rateurs dans notre domaine.[\/vc_column_text][\/vc_column][\/vc_row][vc_row unlock_row_content=\u00a0\u00bbyes\u00a0\u00bb row_height_percent=\u00a0\u00bb60&Prime; override_padding=\u00a0\u00bbyes\u00a0\u00bb h_padding=\u00a0\u00bb0&Prime; top_padding=\u00a0\u00bb0&Prime; bottom_padding=\u00a0\u00bb0&Prime; back_color=\u00a0\u00bbcolor-xsdn\u00a0\u00bb overlay_alpha=\u00a0\u00bb50&Prime; equal_height=\u00a0\u00bbyes\u00a0\u00bb gutter_size=\u00a0\u00bb0&Prime; column_width_percent=\u00a0\u00bb100&Prime; shift_y=\u00a0\u00bb0&Prime; z_index=\u00a0\u00bb0&Prime;][vc_column column_width_percent=\u00a0\u00bb100&Prime; gutter_size=\u00a0\u00bb3&Prime; back_image=\u00a0\u00bb73320&Prime; overlay_alpha=\u00a0\u00bb50&Prime; shift_x=\u00a0\u00bb0&Prime; shift_y=\u00a0\u00bb0&Prime; shift_y_down=\u00a0\u00bb0&Prime; z_index=\u00a0\u00bb0&Prime; medium_width=\u00a0\u00bb0&Prime; mobile_width=\u00a0\u00bb0&Prime; width=\u00a0\u00bb1\/2&Prime;][\/vc_column][vc_column column_width_percent=\u00a0\u00bb100&Prime; position_vertical=\u00a0\u00bbmiddle\u00a0\u00bb gutter_size=\u00a0\u00bb3&Prime; override_padding=\u00a0\u00bbyes\u00a0\u00bb column_padding=\u00a0\u00bb4&Prime; back_color=\u00a0\u00bbcolor-xsdn\u00a0\u00bb overlay_alpha=\u00a0\u00bb50&Prime; shift_x=\u00a0\u00bb0&Prime; shift_y=\u00a0\u00bb0&Prime; shift_y_down=\u00a0\u00bb0&Prime; z_index=\u00a0\u00bb0&Prime; medium_width=\u00a0\u00bb0&Prime; mobile_width=\u00a0\u00bb0&Prime; width=\u00a0\u00bb1\/2&Prime;][vc_custom_heading heading_semantic=\u00a0\u00bbh3&Prime; text_size=\u00a0\u00bbh3&Prime; text_transform=\u00a0\u00bbuppercase\u00a0\u00bb separator=\u00a0\u00bbyes\u00a0\u00bb separator_color=\u00a0\u00bbyes\u00a0\u00bb]DES TECHNOLOGIES PROPRES ET INTELLIGENTES POUR UN AVENIR DURABLE[\/vc_custom_heading][vc_column_text]Environnement sain, stabilit\u00e9 financi\u00e8re et fiabilit\u00e9 sont nos points forts. Avec eux, nous garantissons la continuit\u00e9 dont nos clients ont besoin pour atteindre une gestion efficace des d\u00e9chets et les objectifs de recyclage les plus \u00e9lev\u00e9s. Europress veut \u00eatre une pionni\u00e8re responsable dans le d\u00e9veloppement d\u2019une technologie de recyclage intelligente. C\u2019est ce que refl\u00e8tent les gammes de compacteurs et de presses \u00e0 balles Europress SMART.[\/vc_column_text][\/vc_column][\/vc_row][vc_row unlock_row_content=\u00a0\u00bbyes\u00a0\u00bb row_height_percent=\u00a0\u00bb60&Prime; override_padding=\u00a0\u00bbyes\u00a0\u00bb h_padding=\u00a0\u00bb0&Prime; top_padding=\u00a0\u00bb0&Prime; bottom_padding=\u00a0\u00bb0&Prime; back_color=\u00a0\u00bbcolor-xsdn\u00a0\u00bb overlay_alpha=\u00a0\u00bb50&Prime; equal_height=\u00a0\u00bbyes\u00a0\u00bb gutter_size=\u00a0\u00bb0&Prime; column_width_percent=\u00a0\u00bb100&Prime; shift_y=\u00a0\u00bb0&Prime; z_index=\u00a0\u00bb0&Prime;][vc_column column_width_percent=\u00a0\u00bb100&Prime; position_vertical=\u00a0\u00bbmiddle\u00a0\u00bb gutter_size=\u00a0\u00bb3&Prime; override_padding=\u00a0\u00bbyes\u00a0\u00bb column_padding=\u00a0\u00bb4&Prime; back_color=\u00a0\u00bbcolor-xsdn\u00a0\u00bb overlay_alpha=\u00a0\u00bb50&Prime; shift_x=\u00a0\u00bb0&Prime; shift_y=\u00a0\u00bb0&Prime; shift_y_down=\u00a0\u00bb0&Prime; z_index=\u00a0\u00bb0&Prime; medium_width=\u00a0\u00bb0&Prime; mobile_width=\u00a0\u00bb0&Prime; width=\u00a0\u00bb1\/2&Prime;][vc_custom_heading heading_semantic=\u00a0\u00bbh3&Prime; text_size=\u00a0\u00bbh3&Prime; text_transform=\u00a0\u00bbuppercase\u00a0\u00bb separator=\u00a0\u00bbyes\u00a0\u00bb separator_color=\u00a0\u00bbyes\u00a0\u00bb]LE GROUPE[\/vc_custom_heading][vc_column_text uncode_shortcode_id=\u00a0\u00bb182581&Prime;]La soci\u00e9t\u00e9 m\u00e8re Europress Group Oy op\u00e8re en Finlande et, en plus d\u2019\u00eatre responsable de l\u2019administration et des strat\u00e9gies de d\u00e9veloppement et de croissance du groupe, elle est \u00e9galement responsable de la fabrication des produits et des activit\u00e9s de vente, de service et d\u2019entretien en Finlande.<\/p>\n<p>Sa filiale Europress AB est responsable des ventes et de l\u2019entretien en Su\u00e8de et Europress AS des op\u00e9rations correspondantes en Norv\u00e8ge. Ouverte en 2019, Europress Pologne est la derni\u00e8re filiale du groupe Europress, qui offre nos services dans la vente, l\u2019entretien et le service client sur la zone de la Pologne.<\/p>\n<p><a href=\"https:\/\/europressgroup.com\/international-dealers\/\">Pour en savoir plus sur les autres concessionnaires internationaux, consultez leurs pages d\u00e9di\u00e9es.<\/a>[\/vc_column_text][\/vc_column][vc_column column_width_percent=\u00a0\u00bb100&Prime; gutter_size=\u00a0\u00bb3&Prime; back_image=\u00a0\u00bb105994&Prime; overlay_alpha=\u00a0\u00bb50&Prime; shift_x=\u00a0\u00bb0&Prime; shift_y=\u00a0\u00bb0&Prime; shift_y_down=\u00a0\u00bb0&Prime; z_index=\u00a0\u00bb0&Prime; medium_width=\u00a0\u00bb0&Prime; mobile_width=\u00a0\u00bb0&Prime; width=\u00a0\u00bb1\/2&Prime;][\/vc_column][\/vc_row][vc_row row_height_percent=\u00a0\u00bb0&Prime; override_padding=\u00a0\u00bbyes\u00a0\u00bb h_padding=\u00a0\u00bb2&Prime; top_padding=\u00a0\u00bb3&Prime; bottom_padding=\u00a0\u00bb0&Prime; back_color=\u00a0\u00bbcolor-xsdn\u00a0\u00bb overlay_alpha=\u00a0\u00bb100&Prime; gutter_size=\u00a0\u00bb100&Prime; column_width_percent=\u00a0\u00bb100&Prime; shift_y=\u00a0\u00bb0&Prime; z_index=\u00a0\u00bb0&Prime; style=\u00a0\u00bbdark\u00a0\u00bb row_name=\u00a0\u00bbDesign &amp; Quality\u00a0\u00bb][vc_column column_width_use_pixel=\u00a0\u00bbyes\u00a0\u00bb align_horizontal=\u00a0\u00bbalign_center\u00a0\u00bb gutter_size=\u00a0\u00bb3&Prime; overlay_alpha=\u00a0\u00bb100&Prime; shift_x=\u00a0\u00bb0&Prime; shift_y=\u00a0\u00bb0&Prime; medium_width=\u00a0\u00bb0&Prime; zoom_width=\u00a0\u00bb0&Prime; zoom_height=\u00a0\u00bb0&Prime; width=\u00a0\u00bb1\/1&Prime; column_width_pixel=\u00a0\u00bb800&Prime;][vc_custom_heading text_transform=\u00a0\u00bbuppercase\u00a0\u00bb separator=\u00a0\u00bbyes\u00a0\u00bb separator_color=\u00a0\u00bbyes\u00a0\u00bb sub_lead=\u00a0\u00bbyes\u00a0\u00bb sub_reduced=\u00a0\u00bbyes\u00a0\u00bb]VALEURS DE BASE[\/vc_custom_heading][\/vc_column][\/vc_row][vc_row row_height_percent=\u00a0\u00bb0&Prime; override_padding=\u00a0\u00bbyes\u00a0\u00bb h_padding=\u00a0\u00bb2&Prime; top_padding=\u00a0\u00bb3&Prime; bottom_padding=\u00a0\u00bb3&Prime; back_color=\u00a0\u00bbcolor-xsdn\u00a0\u00bb overlay_alpha=\u00a0\u00bb100&Prime; gutter_size=\u00a0\u00bb100&Prime; column_width_percent=\u00a0\u00bb100&Prime; shift_y=\u00a0\u00bb0&Prime; z_index=\u00a0\u00bb0&Prime; style=\u00a0\u00bbdark\u00a0\u00bb row_name=\u00a0\u00bbDesign &amp; Quality\u00a0\u00bb][vc_column column_width_use_pixel=\u00a0\u00bbyes\u00a0\u00bb align_horizontal=\u00a0\u00bbalign_center\u00a0\u00bb gutter_size=\u00a0\u00bb3&Prime; overlay_alpha=\u00a0\u00bb100&Prime; shift_x=\u00a0\u00bb0&Prime; shift_y=\u00a0\u00bb0&Prime; medium_width=\u00a0\u00bb0&Prime; zoom_width=\u00a0\u00bb0&Prime; zoom_height=\u00a0\u00bb0&Prime; width=\u00a0\u00bb1\/3&Prime; column_width_pixel=\u00a0\u00bb800&Prime;][vc_column_text]<\/p>\n<h4 style=\"text-align: center;\">DURABILIT\u00c9 &amp; RESPONSABILIT\u00c9<\/h4>\n<p style=\"text-align: center;\">L\u2019\u00e9conomie circulaire est un objectif ambitieux. Nous croyons que toutes les entreprises devraient travailler ensemble pour une plan\u00e8te propre et durable. Fond\u00e9e en tant qu\u2019entreprise familiale, Europress est construite au profit des g\u00e9n\u00e9rations futures. Le d\u00e9veloppement durable est au c\u0153ur de nos activit\u00e9s et guide nos op\u00e9rations quotidiennes.<\/p>\n<p>[\/vc_column_text][\/vc_column][vc_column width=\u00a0\u00bb1\/3&Prime;][vc_column_text]<\/p>\n<h4 style=\"text-align: center;\">LEADERSHIP TECHNIQUE &amp; INNOVATION<\/h4>\n<p style=\"text-align: center;\">Depuis les ann\u00e9es 1970, nous repoussons les limites en mati\u00e8re d\u2019innovation. Nos nouvelles technologies intelligentes aident nos clients \u00e0 se tourner vers un traitement des d\u00e9chets plus efficace et plus flexible. Nous d\u00e9veloppons constamment de meilleures solutions au b\u00e9n\u00e9fice de nos clients.<\/p>\n<p>[\/vc_column_text][\/vc_column][vc_column width=\u00a0\u00bb1\/3&Prime;][vc_column_text]<\/p>\n<h4 style=\"text-align: center;\">INSPIRATION &amp; MOTIVATION<\/h4>\n<p style=\"text-align: center;\">Nous voulons toujours fournir la meilleure qualit\u00e9 possible pour montrer l\u2019exemple avec notre travail. Nous nous effor\u00e7ons d\u2019inspirer et de motiver les gens et les entreprises \u00e0 agir de fa\u00e7on responsable et durable. Notre objectif est de fabriquer des produits faciles, s\u00fbrs et efficaces \u00e0 utiliser pour encourager la participation \u00e0 l\u2019\u00e9conomie circulaire.<\/p>\n<p>[\/vc_column_text][\/vc_column][\/vc_row][vc_row row_height_percent=\u00a0\u00bb0&Prime; override_padding=\u00a0\u00bbyes\u00a0\u00bb h_padding=\u00a0\u00bb2&Prime; top_padding=\u00a0\u00bb3&Prime; bottom_padding=\u00a0\u00bb3&Prime; back_color=\u00a0\u00bbcolor-xsdn\u00a0\u00bb overlay_alpha=\u00a0\u00bb100&Prime; gutter_size=\u00a0\u00bb100&Prime; column_width_percent=\u00a0\u00bb100&Prime; shift_y=\u00a0\u00bb0&Prime; z_index=\u00a0\u00bb0&Prime; desktop_visibility=\u00a0\u00bbyes\u00a0\u00bb medium_visibility=\u00a0\u00bbyes\u00a0\u00bb mobile_visibility=\u00a0\u00bbyes\u00a0\u00bb style=\u00a0\u00bbdark\u00a0\u00bb row_name=\u00a0\u00bbDesign &amp; Quality\u00a0\u00bb][vc_column column_width_use_pixel=\u00a0\u00bbyes\u00a0\u00bb position_vertical=\u00a0\u00bbmiddle\u00a0\u00bb align_horizontal=\u00a0\u00bbalign_center\u00a0\u00bb gutter_size=\u00a0\u00bb3&Prime; overlay_alpha=\u00a0\u00bb100&Prime; shift_x=\u00a0\u00bb0&Prime; shift_y=\u00a0\u00bb0&Prime; shift_y_down=\u00a0\u00bb0&Prime; z_index=\u00a0\u00bb0&Prime; medium_width=\u00a0\u00bb0&Prime; mobile_width=\u00a0\u00bb0&Prime; zoom_width=\u00a0\u00bb0&Prime; zoom_height=\u00a0\u00bb0&Prime; width=\u00a0\u00bb1\/4&Prime; column_width_pixel=\u00a0\u00bb800&Prime;][vc_single_image media=\u00a0\u00bb75772&Prime; media_width_percent=\u00a0\u00bb60&Prime; alignment=\u00a0\u00bbcenter\u00a0\u00bb media_link=\u00a0\u00bburl:https%3A%2F%2Fwww.dnvgl.fi%2Fservices%2Fiso-14001-ymparistojarjestelma-3360|||\u00a0\u00bb][\/vc_column][vc_column width=\u00a0\u00bb3\/4&Prime;][vc_custom_heading text_transform=\u00a0\u00bbuppercase\u00a0\u00bb separator=\u00a0\u00bbyes\u00a0\u00bb separator_color=\u00a0\u00bbyes\u00a0\u00bb sub_lead=\u00a0\u00bbyes\u00a0\u00bb sub_reduced=\u00a0\u00bbyes\u00a0\u00bb]ENVIRONMENTAL POLICY[\/vc_custom_heading][vc_column_text]<em>The goal of Europress Group\u2019s operations is to promote sustainable development by manufacturing, selling and servicing environmentally-friendly, comprehensive waste management solutions.<\/em><\/p>\n<p>With our waste compactors and balers utilising smart technology, we aim to promote sorting and recycling everywhere and to reduce emissions from waste transport and equipment maintenance. Both in planning our clients\u2019 waste management solutions and in our own operations, we always follow the EU waste hierarchy order of prioritisation where possible.<\/p>\n<p>We are constantly developing our production and maintenance operations with the goal of reducing our environmental load and increasing the positive environmental effects of our products. We also strive to establish environmentally-friendly operating models in co-operation with our partners.<\/p>\n<p>To reach these objectives, we invest in our staff\u2019s general environmental competence, excellent professional skills in equipment manufacture and maintenance as well as comprehensive expertise in planning waste management solutions.[\/vc_column_text][\/vc_column][\/vc_row][vc_row][vc_column width=\u00a0\u00bb1\/1&Prime;][uncode_block id=\u00a0\u00bb73192&Prime;][\/vc_column][\/vc_row]<\/p>\n<\/div>","protected":false},"excerpt":{"rendered":"<p>[vc_row row_height_percent=\u00a0\u00bb0&Prime; override_padding=\u00a0\u00bbyes\u00a0\u00bb h_padding=\u00a0\u00bb2&Prime; top_padding=\u00a0\u00bb3&Prime; bottom_padding=\u00a0\u00bb3&Prime; back_color=\u00a0\u00bbcolor-xsdn\u00a0\u00bb overlay_alpha=\u00a0\u00bb100&Prime; gutter_size=\u00a0\u00bb100&Prime; column_width_percent=\u00a0\u00bb100&Prime; shift_y=\u00a0\u00bb0&Prime; z_index=\u00a0\u00bb0&Prime; style=\u00a0\u00bbdark\u00a0\u00bb row_name=\u00a0\u00bbDesign &amp; Quality\u00a0\u00bb][vc_column column_width_use_pixel=\u00a0\u00bbyes\u00a0\u00bb align_horizontal=\u00a0\u00bbalign_center\u00a0\u00bb gutter_size=\u00a0\u00bb3&Prime; overlay_alpha=\u00a0\u00bb100&Prime; [&hellip;]<\/p>\n","protected":false},"author":25,"featured_media":84086,"parent":0,"menu_order":0,"comment_status":"closed","ping_status":"closed","template":"","meta":{"footnotes":""},"class_list":["post-84085","page","type-page","status-publish","has-post-thumbnail","hentry"],"yoast_head":"<!-- This site is optimized with the Yoast SEO Premium plugin v27.3 (Yoast SEO v27.3) - https:\/\/yoast.com\/product\/yoast-seo-premium-wordpress\/ -->\n<title>SOCI\u00c9T\u00c9 - Europress Group<\/title>\n<meta name=\"robots\" content=\"index, follow, max-snippet:-1, max-image-preview:large, max-video-preview:-1\" \/>\n<link rel=\"canonical\" href=\"https:\/\/europressgroup.com\/fr\/societe\/\" \/>\n<meta property=\"og:locale\" content=\"fr_FR\" \/>\n<meta property=\"og:type\" content=\"article\" \/>\n<meta property=\"og:title\" content=\"SOCI\u00c9T\u00c9\" \/>\n<meta property=\"og:description\" content=\"LE PREMIER FABRICANT DE COMPACTEURS DE D\u00c9CHETS ET DE PRESSES \u00c0 BALLES EN EUROPE DU NORDFond\u00e9e dans les ann\u00e9es 1970, la soci\u00e9t\u00e9 Europress est le premier\" \/>\n<meta property=\"og:url\" content=\"https:\/\/europressgroup.com\/fr\/societe\/\" \/>\n<meta property=\"og:site_name\" content=\"Europress Group\" \/>\n<meta property=\"article:publisher\" content=\"https:\/\/www.facebook.com\/europresswastehandling\" \/>\n<meta property=\"article:modified_time\" content=\"2022-12-15T07:13:07+00:00\" \/>\n<meta property=\"og:image\" content=\"https:\/\/europressgroup.com\/wp-content\/uploads\/2015\/07\/Factory-expansion-sign.jpg\" \/>\n\t<meta property=\"og:image:width\" content=\"5184\" \/>\n\t<meta property=\"og:image:height\" content=\"3456\" \/>\n\t<meta property=\"og:image:type\" content=\"image\/jpeg\" \/>\n<meta name=\"twitter:card\" content=\"summary_large_image\" \/>\n<meta name=\"twitter:site\" content=\"@EPWastehandling\" \/>\n<meta name=\"twitter:label1\" content=\"Dur\u00e9e de lecture estim\u00e9e\" \/>\n\t<meta name=\"twitter:data1\" content=\"6 minutes\" \/>\n<script type=\"application\/ld+json\" class=\"yoast-schema-graph\">{\"@context\":\"https:\\\/\\\/schema.org\",\"@graph\":[{\"@type\":\"WebPage\",\"@id\":\"https:\\\/\\\/europressgroup.com\\\/fr\\\/societe\\\/\",\"url\":\"https:\\\/\\\/europressgroup.com\\\/fr\\\/societe\\\/\",\"name\":\"SOCI\u00c9T\u00c9 - Europress Group\",\"isPartOf\":{\"@id\":\"https:\\\/\\\/europressgroup.com\\\/fr\\\/#website\"},\"primaryImageOfPage\":{\"@id\":\"https:\\\/\\\/europressgroup.com\\\/fr\\\/societe\\\/#primaryimage\"},\"image\":{\"@id\":\"https:\\\/\\\/europressgroup.com\\\/fr\\\/societe\\\/#primaryimage\"},\"thumbnailUrl\":\"https:\\\/\\\/europressgroup.com\\\/wp-content\\\/uploads\\\/2015\\\/07\\\/Factory-expansion-sign.jpg\",\"datePublished\":\"2019-02-26T12:04:35+00:00\",\"dateModified\":\"2022-12-15T07:13:07+00:00\",\"breadcrumb\":{\"@id\":\"https:\\\/\\\/europressgroup.com\\\/fr\\\/societe\\\/#breadcrumb\"},\"inLanguage\":\"fr-FR\",\"potentialAction\":[{\"@type\":\"ReadAction\",\"target\":[\"https:\\\/\\\/europressgroup.com\\\/fr\\\/societe\\\/\"]}]},{\"@type\":\"ImageObject\",\"inLanguage\":\"fr-FR\",\"@id\":\"https:\\\/\\\/europressgroup.com\\\/fr\\\/societe\\\/#primaryimage\",\"url\":\"https:\\\/\\\/europressgroup.com\\\/wp-content\\\/uploads\\\/2015\\\/07\\\/Factory-expansion-sign.jpg\",\"contentUrl\":\"https:\\\/\\\/europressgroup.com\\\/wp-content\\\/uploads\\\/2015\\\/07\\\/Factory-expansion-sign.jpg\",\"width\":5184,\"height\":3456},{\"@type\":\"BreadcrumbList\",\"@id\":\"https:\\\/\\\/europressgroup.com\\\/fr\\\/societe\\\/#breadcrumb\",\"itemListElement\":[{\"@type\":\"ListItem\",\"position\":1,\"name\":\"Home\",\"item\":\"https:\\\/\\\/europressgroup.com\\\/fr\\\/\"},{\"@type\":\"ListItem\",\"position\":2,\"name\":\"SOCI\u00c9T\u00c9\"}]},{\"@type\":\"WebSite\",\"@id\":\"https:\\\/\\\/europressgroup.com\\\/fr\\\/#website\",\"url\":\"https:\\\/\\\/europressgroup.com\\\/fr\\\/\",\"name\":\"Europress Group\",\"description\":\"Northern European leader in Environmental Technology\",\"publisher\":{\"@id\":\"https:\\\/\\\/europressgroup.com\\\/fr\\\/#organization\"},\"potentialAction\":[{\"@type\":\"SearchAction\",\"target\":{\"@type\":\"EntryPoint\",\"urlTemplate\":\"https:\\\/\\\/europressgroup.com\\\/fr\\\/?s={search_term_string}\"},\"query-input\":{\"@type\":\"PropertyValueSpecification\",\"valueRequired\":true,\"valueName\":\"search_term_string\"}}],\"inLanguage\":\"fr-FR\"},{\"@type\":\"Organization\",\"@id\":\"https:\\\/\\\/europressgroup.com\\\/fr\\\/#organization\",\"name\":\"Europress Group\",\"url\":\"https:\\\/\\\/europressgroup.com\\\/fr\\\/\",\"logo\":{\"@type\":\"ImageObject\",\"inLanguage\":\"fr-FR\",\"@id\":\"https:\\\/\\\/europressgroup.com\\\/fr\\\/#\\\/schema\\\/logo\\\/image\\\/\",\"url\":\"https:\\\/\\\/europressgroup.com\\\/wp-content\\\/uploads\\\/2018\\\/12\\\/Europress-logo-1.png\",\"contentUrl\":\"https:\\\/\\\/europressgroup.com\\\/wp-content\\\/uploads\\\/2018\\\/12\\\/Europress-logo-1.png\",\"width\":478,\"height\":75,\"caption\":\"Europress Group\"},\"image\":{\"@id\":\"https:\\\/\\\/europressgroup.com\\\/fr\\\/#\\\/schema\\\/logo\\\/image\\\/\"},\"sameAs\":[\"https:\\\/\\\/www.facebook.com\\\/europresswastehandling\",\"https:\\\/\\\/x.com\\\/EPWastehandling\",\"https:\\\/\\\/www.instagram.com\\\/europressgroup\\\/\",\"https:\\\/\\\/www.linkedin.com\\\/company\\\/europress\"],\"publishingPrinciples\":\"https:\\\/\\\/europressgroup.com\\\/environment-safety-quality\\\/\",\"ownershipFundingInfo\":\"https:\\\/\\\/europressgroup.com\\\/history\\\/\",\"actionableFeedbackPolicy\":\"https:\\\/\\\/europressgroup.com\\\/customer-feedback\\\/\",\"correctionsPolicy\":\"https:\\\/\\\/europressgroup.com\\\/customer-feedback\\\/\",\"ethicsPolicy\":\"https:\\\/\\\/europressgroup.com\\\/responsibility\\\/\"}]}<\/script>\n<!-- \/ Yoast SEO Premium plugin. -->","yoast_head_json":{"title":"SOCI\u00c9T\u00c9 - Europress Group","robots":{"index":"index","follow":"follow","max-snippet":"max-snippet:-1","max-image-preview":"max-image-preview:large","max-video-preview":"max-video-preview:-1"},"canonical":"https:\/\/europressgroup.com\/fr\/societe\/","og_locale":"fr_FR","og_type":"article","og_title":"SOCI\u00c9T\u00c9","og_description":"LE PREMIER FABRICANT DE COMPACTEURS DE D\u00c9CHETS ET DE PRESSES \u00c0 BALLES EN EUROPE DU NORDFond\u00e9e dans les ann\u00e9es 1970, la soci\u00e9t\u00e9 Europress est le premier","og_url":"https:\/\/europressgroup.com\/fr\/societe\/","og_site_name":"Europress Group","article_publisher":"https:\/\/www.facebook.com\/europresswastehandling","article_modified_time":"2022-12-15T07:13:07+00:00","og_image":[{"width":5184,"height":3456,"url":"https:\/\/europressgroup.com\/wp-content\/uploads\/2015\/07\/Factory-expansion-sign.jpg","type":"image\/jpeg"}],"twitter_card":"summary_large_image","twitter_site":"@EPWastehandling","twitter_misc":{"Dur\u00e9e de lecture estim\u00e9e":"6 minutes"},"schema":{"@context":"https:\/\/schema.org","@graph":[{"@type":"WebPage","@id":"https:\/\/europressgroup.com\/fr\/societe\/","url":"https:\/\/europressgroup.com\/fr\/societe\/","name":"SOCI\u00c9T\u00c9 - Europress Group","isPartOf":{"@id":"https:\/\/europressgroup.com\/fr\/#website"},"primaryImageOfPage":{"@id":"https:\/\/europressgroup.com\/fr\/societe\/#primaryimage"},"image":{"@id":"https:\/\/europressgroup.com\/fr\/societe\/#primaryimage"},"thumbnailUrl":"https:\/\/europressgroup.com\/wp-content\/uploads\/2015\/07\/Factory-expansion-sign.jpg","datePublished":"2019-02-26T12:04:35+00:00","dateModified":"2022-12-15T07:13:07+00:00","breadcrumb":{"@id":"https:\/\/europressgroup.com\/fr\/societe\/#breadcrumb"},"inLanguage":"fr-FR","potentialAction":[{"@type":"ReadAction","target":["https:\/\/europressgroup.com\/fr\/societe\/"]}]},{"@type":"ImageObject","inLanguage":"fr-FR","@id":"https:\/\/europressgroup.com\/fr\/societe\/#primaryimage","url":"https:\/\/europressgroup.com\/wp-content\/uploads\/2015\/07\/Factory-expansion-sign.jpg","contentUrl":"https:\/\/europressgroup.com\/wp-content\/uploads\/2015\/07\/Factory-expansion-sign.jpg","width":5184,"height":3456},{"@type":"BreadcrumbList","@id":"https:\/\/europressgroup.com\/fr\/societe\/#breadcrumb","itemListElement":[{"@type":"ListItem","position":1,"name":"Home","item":"https:\/\/europressgroup.com\/fr\/"},{"@type":"ListItem","position":2,"name":"SOCI\u00c9T\u00c9"}]},{"@type":"WebSite","@id":"https:\/\/europressgroup.com\/fr\/#website","url":"https:\/\/europressgroup.com\/fr\/","name":"Europress Group","description":"Northern European leader in Environmental Technology","publisher":{"@id":"https:\/\/europressgroup.com\/fr\/#organization"},"potentialAction":[{"@type":"SearchAction","target":{"@type":"EntryPoint","urlTemplate":"https:\/\/europressgroup.com\/fr\/?s={search_term_string}"},"query-input":{"@type":"PropertyValueSpecification","valueRequired":true,"valueName":"search_term_string"}}],"inLanguage":"fr-FR"},{"@type":"Organization","@id":"https:\/\/europressgroup.com\/fr\/#organization","name":"Europress Group","url":"https:\/\/europressgroup.com\/fr\/","logo":{"@type":"ImageObject","inLanguage":"fr-FR","@id":"https:\/\/europressgroup.com\/fr\/#\/schema\/logo\/image\/","url":"https:\/\/europressgroup.com\/wp-content\/uploads\/2018\/12\/Europress-logo-1.png","contentUrl":"https:\/\/europressgroup.com\/wp-content\/uploads\/2018\/12\/Europress-logo-1.png","width":478,"height":75,"caption":"Europress Group"},"image":{"@id":"https:\/\/europressgroup.com\/fr\/#\/schema\/logo\/image\/"},"sameAs":["https:\/\/www.facebook.com\/europresswastehandling","https:\/\/x.com\/EPWastehandling","https:\/\/www.instagram.com\/europressgroup\/","https:\/\/www.linkedin.com\/company\/europress"],"publishingPrinciples":"https:\/\/europressgroup.com\/environment-safety-quality\/","ownershipFundingInfo":"https:\/\/europressgroup.com\/history\/","actionableFeedbackPolicy":"https:\/\/europressgroup.com\/customer-feedback\/","correctionsPolicy":"https:\/\/europressgroup.com\/customer-feedback\/","ethicsPolicy":"https:\/\/europressgroup.com\/responsibility\/"}]}},"_links":{"self":[{"href":"https:\/\/europressgroup.com\/fr\/wp-json\/wp\/v2\/pages\/84085","targetHints":{"allow":["GET"]}}],"collection":[{"href":"https:\/\/europressgroup.com\/fr\/wp-json\/wp\/v2\/pages"}],"about":[{"href":"https:\/\/europressgroup.com\/fr\/wp-json\/wp\/v2\/types\/page"}],"author":[{"embeddable":true,"href":"https:\/\/europressgroup.com\/fr\/wp-json\/wp\/v2\/users\/25"}],"replies":[{"embeddable":true,"href":"https:\/\/europressgroup.com\/fr\/wp-json\/wp\/v2\/comments?post=84085"}],"version-history":[{"count":8,"href":"https:\/\/europressgroup.com\/fr\/wp-json\/wp\/v2\/pages\/84085\/revisions"}],"predecessor-version":[{"id":127144,"href":"https:\/\/europressgroup.com\/fr\/wp-json\/wp\/v2\/pages\/84085\/revisions\/127144"}],"wp:featuredmedia":[{"embeddable":true,"href":"https:\/\/europressgroup.com\/fr\/wp-json\/wp\/v2\/media\/84086"}],"wp:attachment":[{"href":"https:\/\/europressgroup.com\/fr\/wp-json\/wp\/v2\/media?parent=84085"}],"curies":[{"name":"wp","href":"https:\/\/api.w.org\/{rel}","templated":true}]}}