{"id":83315,"date":"2019-02-17T21:33:10","date_gmt":"2019-02-17T19:33:10","guid":{"rendered":"https:\/\/europressgroup.com\/our-solutions\/"},"modified":"2020-01-30T15:21:27","modified_gmt":"2020-01-30T13:21:27","slug":"nos-solutions","status":"publish","type":"page","link":"https:\/\/europressgroup.com\/fr\/nos-solutions\/","title":{"rendered":"NOS SOLUTIONS"},"content":{"rendered":"<div class=\"wpb-content-wrapper\"><p>[vc_row row_height_percent=\u00a0\u00bb0&Prime; override_padding=\u00a0\u00bbyes\u00a0\u00bb h_padding=\u00a0\u00bb2&Prime; top_padding=\u00a0\u00bb3&Prime; bottom_padding=\u00a0\u00bb3&Prime; back_color=\u00a0\u00bbcolor-xsdn\u00a0\u00bb overlay_alpha=\u00a0\u00bb100&Prime; gutter_size=\u00a0\u00bb100&Prime; column_width_percent=\u00a0\u00bb100&Prime; shift_y=\u00a0\u00bb0&Prime; z_index=\u00a0\u00bb0&Prime; style=\u00a0\u00bbdark\u00a0\u00bb row_name=\u00a0\u00bbDesign &amp; Quality\u00a0\u00bb][vc_column column_width_use_pixel=\u00a0\u00bbyes\u00a0\u00bb align_horizontal=\u00a0\u00bbalign_center\u00a0\u00bb gutter_size=\u00a0\u00bb3&Prime; overlay_alpha=\u00a0\u00bb100&Prime; shift_x=\u00a0\u00bb0&Prime; shift_y=\u00a0\u00bb0&Prime; medium_width=\u00a0\u00bb0&Prime; zoom_width=\u00a0\u00bb0&Prime; zoom_height=\u00a0\u00bb0&Prime; width=\u00a0\u00bb1\/1&Prime; column_width_pixel=\u00a0\u00bb800&Prime;][vc_custom_heading text_transform=\u00a0\u00bbuppercase\u00a0\u00bb separator=\u00a0\u00bbyes\u00a0\u00bb separator_color=\u00a0\u00bbyes\u00a0\u00bb sub_lead=\u00a0\u00bbyes\u00a0\u00bb sub_reduced=\u00a0\u00bbyes\u00a0\u00bb]DES SOLUTIONS INTELLIGENTES POUR UN AVENIR DURABLE[\/vc_custom_heading][vc_column_text]En tant que pr\u00e9curseur technique, nous proposons des solutions IOT et des services num\u00e9riques pour la gestion des d\u00e9chets. Avec plus de 40 ans d\u2019exp\u00e9rience dans le domaine et des investissements remarquables en R&amp;D, nous connaissons la m\u00e9thode de fabrication et de conception de solutions durables. Nos produits sont con\u00e7us et fabriqu\u00e9s de mani\u00e8re syst\u00e9matique de mani\u00e8re \u00e0 assurer la s\u00e9curit\u00e9, la qualit\u00e9, le souci de l\u2019environnement et un service et une assistance \u00e0 la client\u00e8le parfaits.<\/p>\n<p>Nous avons d\u00e9velopp\u00e9 un syst\u00e8me qui apporte des caract\u00e9ristiques intelligentes (SMART) aux machines afin de rationaliser la gestion des d\u00e9chets.[\/vc_column_text][\/vc_column][\/vc_row][vc_row unlock_row_content=\u00a0\u00bbyes\u00a0\u00bb row_height_percent=\u00a0\u00bb0&Prime; override_padding=\u00a0\u00bbyes\u00a0\u00bb h_padding=\u00a0\u00bb4&Prime; top_padding=\u00a0\u00bb0&Prime; bottom_padding=\u00a0\u00bb3&Prime; back_color=\u00a0\u00bbcolor-xsdn\u00a0\u00bb overlay_alpha=\u00a0\u00bb50&Prime; gutter_size=\u00a0\u00bb3&Prime; column_width_percent=\u00a0\u00bb100&Prime; shift_y=\u00a0\u00bb0&Prime; z_index=\u00a0\u00bb0&Prime;][vc_column column_width_percent=\u00a0\u00bb100&Prime; align_horizontal=\u00a0\u00bbalign_center\u00a0\u00bb gutter_size=\u00a0\u00bb3&Prime; overlay_alpha=\u00a0\u00bb50&Prime; shift_x=\u00a0\u00bb0&Prime; shift_y=\u00a0\u00bb0&Prime; shift_y_down=\u00a0\u00bb0&Prime; z_index=\u00a0\u00bb0&Prime; medium_width=\u00a0\u00bb0&Prime; mobile_width=\u00a0\u00bb0&Prime; width=\u00a0\u00bb1\/1&Prime;][vc_gallery el_id=\u00a0\u00bbgallery-437267&Prime; medias=\u00a0\u00bb73628,73630,73635,73631&Prime; gutter_size=\u00a0\u00bb2&Prime; media_items=\u00a0\u00bbmedia|custom_link|original,icon,title\u00a0\u00bb screen_lg=\u00a0\u00bb1000&Prime; screen_md=\u00a0\u00bb600&Prime; screen_sm=\u00a0\u00bb480&Prime; images_size=\u00a0\u00bbthree-two\u00a0\u00bb single_overlay_opacity=\u00a0\u00bb50&Prime; single_text_visible=\u00a0\u00bbyes\u00a0\u00bb single_h_align=\u00a0\u00bbcenter\u00a0\u00bb single_padding=\u00a0\u00bb2&Prime; single_title_dimension=\u00a0\u00bbh1&Prime; single_title_transform=\u00a0\u00bbuppercase\u00a0\u00bb single_border=\u00a0\u00bbyes\u00a0\u00bb items=\u00a0\u00bbeyI3MzA3M19pIjp7InNpbmdsZV9saW5rIjoidXJsOmh0dHAlM0ElMkYlMkZ3d3cuZXVyb3ByZXNzcG9sYW5kLnBsJTJGcHJhc3ktYmFsZXglMkZ8dGl0bGU6QmFsZXglMjBCYWxlcnN8fCJ9LCI3MzA3NF9pIjp7InNpbmdsZV9saW5rIjoidXJsOmh0dHAlM0ElMkYlMkZ3d3cuZXVyb3ByZXNzcG9sYW5kLnBsJTJGa29tcGFrdG9yeS1kby1vZHBhZG93JTJGfHRpdGxlOldhc3RlJTIwQ29tcGFjdG9yc3x8In0sIjczMDg4X2kiOnsic2luZ2xlX2xpbmsiOiJ1cmw6aHR0cCUzQSUyRiUyRnd3dy5ldXJvcHJlc3Nwb2xhbmQucGwlMkZzZXJ3aXMlMkZ8dGl0bGU6TWFpbnRlbmFuY2UlMjBTZXJ2aWNlfHwifSwiNzM2MzBfaSI6eyJzaW5nbGVfbGluayI6InVybDpodHRwcyUzQSUyRiUyRmV1cm9wcmVzc2dyb3VwLmNvbSUyRmZyJTJGY29tcGFjdGV1cnMtZGUtZGVjaGV0cyUyRnx0aXRsZTpDT01QQUNURVVSUyUyMERFJTIwRCVDMyU4OUNIRVRTfHwifSwiNzM2MzFfaSI6eyJzaW5nbGVfbGluayI6InVybDpodHRwcyUzQSUyRiUyRmV1cm9wcmVzc2dyb3VwLmNvbSUyRmZyJTJGc2VydmljZSUyRnx0aXRsZTpTRVJWSUNFJTIwRCVFMiU4MCU5OUVOVFJFVElFTnx8In0sIjczNjM1X2kiOnsic2luZ2xlX2xpbmsiOiJ1cmw6aHR0cHMlM0ElMkYlMkZldXJvcHJlc3Nncm91cC5jb20lMkZmciUyRnNtYXJ0JTJGfHRpdGxlOkVVUk9QUkVTUyUyMFNNQVJUfHwifSwiNzM2MjhfaSI6eyJzaW5nbGVfbGluayI6InVybDpodHRwcyUzQSUyRiUyRmV1cm9wcmVzc2dyb3VwLmNvbSUyRmZyJTJGYmFsZXgtYmFsZXJzJTJGfHRpdGxlOlBSRVNTRVMlMjAlQzMlODAlMjBCQUxFWCUyMEJBTEVSU3x8In19&Prime; single_link=\u00a0\u00bb|||\u00a0\u00bb][\/vc_column][\/vc_row][vc_row][vc_column width=\u00a0\u00bb1\/1&Prime;][uncode_block id=\u00a0\u00bb73192&Prime;][\/vc_column][\/vc_row]<\/p>\n<\/div>","protected":false},"excerpt":{"rendered":"<p>[vc_row row_height_percent=\u00a0\u00bb0&Prime; override_padding=\u00a0\u00bbyes\u00a0\u00bb h_padding=\u00a0\u00bb2&Prime; top_padding=\u00a0\u00bb3&Prime; bottom_padding=\u00a0\u00bb3&Prime; back_color=\u00a0\u00bbcolor-xsdn\u00a0\u00bb overlay_alpha=\u00a0\u00bb100&Prime; gutter_size=\u00a0\u00bb100&Prime; column_width_percent=\u00a0\u00bb100&Prime; shift_y=\u00a0\u00bb0&Prime; z_index=\u00a0\u00bb0&Prime; style=\u00a0\u00bbdark\u00a0\u00bb row_name=\u00a0\u00bbDesign &amp; Quality\u00a0\u00bb][vc_column column_width_use_pixel=\u00a0\u00bbyes\u00a0\u00bb align_horizontal=\u00a0\u00bbalign_center\u00a0\u00bb gutter_size=\u00a0\u00bb3&Prime; overlay_alpha=\u00a0\u00bb100&Prime; [&hellip;]<\/p>\n","protected":false},"author":25,"featured_media":83317,"parent":0,"menu_order":0,"comment_status":"open","ping_status":"closed","template":"","meta":{"footnotes":""},"class_list":["post-83315","page","type-page","status-publish","has-post-thumbnail","hentry"],"yoast_head":"<!-- This site is optimized with the Yoast SEO Premium plugin v27.3 (Yoast SEO v27.3) - https:\/\/yoast.com\/product\/yoast-seo-premium-wordpress\/ -->\n<title>NOS SOLUTIONS - Europress Group<\/title>\n<meta name=\"robots\" content=\"index, follow, max-snippet:-1, max-image-preview:large, max-video-preview:-1\" \/>\n<link rel=\"canonical\" href=\"https:\/\/europressgroup.com\/fr\/nos-solutions\/\" \/>\n<meta property=\"og:locale\" content=\"fr_FR\" \/>\n<meta property=\"og:type\" content=\"article\" \/>\n<meta property=\"og:title\" content=\"NOS SOLUTIONS\" \/>\n<meta property=\"og:description\" content=\"DES SOLUTIONS INTELLIGENTES POUR UN AVENIR DURABLEEn tant que pr\u00e9curseur technique, nous proposons des solutions IOT et des services num\u00e9riques pour la\" \/>\n<meta property=\"og:url\" content=\"https:\/\/europressgroup.com\/fr\/nos-solutions\/\" \/>\n<meta property=\"og:site_name\" content=\"Europress Group\" \/>\n<meta property=\"article:publisher\" content=\"https:\/\/www.facebook.com\/europresswastehandling\" \/>\n<meta property=\"article:modified_time\" content=\"2020-01-30T13:21:27+00:00\" \/>\n<meta property=\"og:image\" content=\"https:\/\/europressgroup.com\/wp-content\/uploads\/2015\/09\/Europress_slider.jpg\" \/>\n\t<meta property=\"og:image:width\" content=\"1469\" \/>\n\t<meta property=\"og:image:height\" content=\"979\" \/>\n\t<meta property=\"og:image:type\" content=\"image\/jpeg\" \/>\n<meta name=\"twitter:card\" content=\"summary_large_image\" \/>\n<meta name=\"twitter:site\" content=\"@EPWastehandling\" \/>\n<meta name=\"twitter:label1\" content=\"Dur\u00e9e de lecture estim\u00e9e\" \/>\n\t<meta name=\"twitter:data1\" content=\"2 minutes\" \/>\n<script type=\"application\/ld+json\" class=\"yoast-schema-graph\">{\"@context\":\"https:\\\/\\\/schema.org\",\"@graph\":[{\"@type\":\"WebPage\",\"@id\":\"https:\\\/\\\/europressgroup.com\\\/fr\\\/nos-solutions\\\/\",\"url\":\"https:\\\/\\\/europressgroup.com\\\/fr\\\/nos-solutions\\\/\",\"name\":\"NOS SOLUTIONS - Europress Group\",\"isPartOf\":{\"@id\":\"https:\\\/\\\/europressgroup.com\\\/fr\\\/#website\"},\"primaryImageOfPage\":{\"@id\":\"https:\\\/\\\/europressgroup.com\\\/fr\\\/nos-solutions\\\/#primaryimage\"},\"image\":{\"@id\":\"https:\\\/\\\/europressgroup.com\\\/fr\\\/nos-solutions\\\/#primaryimage\"},\"thumbnailUrl\":\"https:\\\/\\\/europressgroup.com\\\/wp-content\\\/uploads\\\/2015\\\/09\\\/Europress_slider.jpg\",\"datePublished\":\"2019-02-17T19:33:10+00:00\",\"dateModified\":\"2020-01-30T13:21:27+00:00\",\"breadcrumb\":{\"@id\":\"https:\\\/\\\/europressgroup.com\\\/fr\\\/nos-solutions\\\/#breadcrumb\"},\"inLanguage\":\"fr-FR\",\"potentialAction\":[{\"@type\":\"ReadAction\",\"target\":[\"https:\\\/\\\/europressgroup.com\\\/fr\\\/nos-solutions\\\/\"]}]},{\"@type\":\"ImageObject\",\"inLanguage\":\"fr-FR\",\"@id\":\"https:\\\/\\\/europressgroup.com\\\/fr\\\/nos-solutions\\\/#primaryimage\",\"url\":\"https:\\\/\\\/europressgroup.com\\\/wp-content\\\/uploads\\\/2015\\\/09\\\/Europress_slider.jpg\",\"contentUrl\":\"https:\\\/\\\/europressgroup.com\\\/wp-content\\\/uploads\\\/2015\\\/09\\\/Europress_slider.jpg\",\"width\":1469,\"height\":979},{\"@type\":\"BreadcrumbList\",\"@id\":\"https:\\\/\\\/europressgroup.com\\\/fr\\\/nos-solutions\\\/#breadcrumb\",\"itemListElement\":[{\"@type\":\"ListItem\",\"position\":1,\"name\":\"Home\",\"item\":\"https:\\\/\\\/europressgroup.com\\\/fr\\\/\"},{\"@type\":\"ListItem\",\"position\":2,\"name\":\"NOS SOLUTIONS\"}]},{\"@type\":\"WebSite\",\"@id\":\"https:\\\/\\\/europressgroup.com\\\/fr\\\/#website\",\"url\":\"https:\\\/\\\/europressgroup.com\\\/fr\\\/\",\"name\":\"Europress Group\",\"description\":\"Northern European leader in Environmental Technology\",\"publisher\":{\"@id\":\"https:\\\/\\\/europressgroup.com\\\/fr\\\/#organization\"},\"potentialAction\":[{\"@type\":\"SearchAction\",\"target\":{\"@type\":\"EntryPoint\",\"urlTemplate\":\"https:\\\/\\\/europressgroup.com\\\/fr\\\/?s={search_term_string}\"},\"query-input\":{\"@type\":\"PropertyValueSpecification\",\"valueRequired\":true,\"valueName\":\"search_term_string\"}}],\"inLanguage\":\"fr-FR\"},{\"@type\":\"Organization\",\"@id\":\"https:\\\/\\\/europressgroup.com\\\/fr\\\/#organization\",\"name\":\"Europress Group\",\"url\":\"https:\\\/\\\/europressgroup.com\\\/fr\\\/\",\"logo\":{\"@type\":\"ImageObject\",\"inLanguage\":\"fr-FR\",\"@id\":\"https:\\\/\\\/europressgroup.com\\\/fr\\\/#\\\/schema\\\/logo\\\/image\\\/\",\"url\":\"https:\\\/\\\/europressgroup.com\\\/wp-content\\\/uploads\\\/2018\\\/12\\\/Europress-logo-1.png\",\"contentUrl\":\"https:\\\/\\\/europressgroup.com\\\/wp-content\\\/uploads\\\/2018\\\/12\\\/Europress-logo-1.png\",\"width\":478,\"height\":75,\"caption\":\"Europress Group\"},\"image\":{\"@id\":\"https:\\\/\\\/europressgroup.com\\\/fr\\\/#\\\/schema\\\/logo\\\/image\\\/\"},\"sameAs\":[\"https:\\\/\\\/www.facebook.com\\\/europresswastehandling\",\"https:\\\/\\\/x.com\\\/EPWastehandling\",\"https:\\\/\\\/www.instagram.com\\\/europressgroup\\\/\",\"https:\\\/\\\/www.linkedin.com\\\/company\\\/europress\"],\"publishingPrinciples\":\"https:\\\/\\\/europressgroup.com\\\/environment-safety-quality\\\/\",\"ownershipFundingInfo\":\"https:\\\/\\\/europressgroup.com\\\/history\\\/\",\"actionableFeedbackPolicy\":\"https:\\\/\\\/europressgroup.com\\\/customer-feedback\\\/\",\"correctionsPolicy\":\"https:\\\/\\\/europressgroup.com\\\/customer-feedback\\\/\",\"ethicsPolicy\":\"https:\\\/\\\/europressgroup.com\\\/responsibility\\\/\"}]}<\/script>\n<!-- \/ Yoast SEO Premium plugin. -->","yoast_head_json":{"title":"NOS SOLUTIONS - Europress Group","robots":{"index":"index","follow":"follow","max-snippet":"max-snippet:-1","max-image-preview":"max-image-preview:large","max-video-preview":"max-video-preview:-1"},"canonical":"https:\/\/europressgroup.com\/fr\/nos-solutions\/","og_locale":"fr_FR","og_type":"article","og_title":"NOS SOLUTIONS","og_description":"DES SOLUTIONS INTELLIGENTES POUR UN AVENIR DURABLEEn tant que pr\u00e9curseur technique, nous proposons des solutions IOT et des services num\u00e9riques pour la","og_url":"https:\/\/europressgroup.com\/fr\/nos-solutions\/","og_site_name":"Europress Group","article_publisher":"https:\/\/www.facebook.com\/europresswastehandling","article_modified_time":"2020-01-30T13:21:27+00:00","og_image":[{"width":1469,"height":979,"url":"https:\/\/europressgroup.com\/wp-content\/uploads\/2015\/09\/Europress_slider.jpg","type":"image\/jpeg"}],"twitter_card":"summary_large_image","twitter_site":"@EPWastehandling","twitter_misc":{"Dur\u00e9e de lecture estim\u00e9e":"2 minutes"},"schema":{"@context":"https:\/\/schema.org","@graph":[{"@type":"WebPage","@id":"https:\/\/europressgroup.com\/fr\/nos-solutions\/","url":"https:\/\/europressgroup.com\/fr\/nos-solutions\/","name":"NOS SOLUTIONS - Europress Group","isPartOf":{"@id":"https:\/\/europressgroup.com\/fr\/#website"},"primaryImageOfPage":{"@id":"https:\/\/europressgroup.com\/fr\/nos-solutions\/#primaryimage"},"image":{"@id":"https:\/\/europressgroup.com\/fr\/nos-solutions\/#primaryimage"},"thumbnailUrl":"https:\/\/europressgroup.com\/wp-content\/uploads\/2015\/09\/Europress_slider.jpg","datePublished":"2019-02-17T19:33:10+00:00","dateModified":"2020-01-30T13:21:27+00:00","breadcrumb":{"@id":"https:\/\/europressgroup.com\/fr\/nos-solutions\/#breadcrumb"},"inLanguage":"fr-FR","potentialAction":[{"@type":"ReadAction","target":["https:\/\/europressgroup.com\/fr\/nos-solutions\/"]}]},{"@type":"ImageObject","inLanguage":"fr-FR","@id":"https:\/\/europressgroup.com\/fr\/nos-solutions\/#primaryimage","url":"https:\/\/europressgroup.com\/wp-content\/uploads\/2015\/09\/Europress_slider.jpg","contentUrl":"https:\/\/europressgroup.com\/wp-content\/uploads\/2015\/09\/Europress_slider.jpg","width":1469,"height":979},{"@type":"BreadcrumbList","@id":"https:\/\/europressgroup.com\/fr\/nos-solutions\/#breadcrumb","itemListElement":[{"@type":"ListItem","position":1,"name":"Home","item":"https:\/\/europressgroup.com\/fr\/"},{"@type":"ListItem","position":2,"name":"NOS SOLUTIONS"}]},{"@type":"WebSite","@id":"https:\/\/europressgroup.com\/fr\/#website","url":"https:\/\/europressgroup.com\/fr\/","name":"Europress Group","description":"Northern European leader in Environmental Technology","publisher":{"@id":"https:\/\/europressgroup.com\/fr\/#organization"},"potentialAction":[{"@type":"SearchAction","target":{"@type":"EntryPoint","urlTemplate":"https:\/\/europressgroup.com\/fr\/?s={search_term_string}"},"query-input":{"@type":"PropertyValueSpecification","valueRequired":true,"valueName":"search_term_string"}}],"inLanguage":"fr-FR"},{"@type":"Organization","@id":"https:\/\/europressgroup.com\/fr\/#organization","name":"Europress Group","url":"https:\/\/europressgroup.com\/fr\/","logo":{"@type":"ImageObject","inLanguage":"fr-FR","@id":"https:\/\/europressgroup.com\/fr\/#\/schema\/logo\/image\/","url":"https:\/\/europressgroup.com\/wp-content\/uploads\/2018\/12\/Europress-logo-1.png","contentUrl":"https:\/\/europressgroup.com\/wp-content\/uploads\/2018\/12\/Europress-logo-1.png","width":478,"height":75,"caption":"Europress Group"},"image":{"@id":"https:\/\/europressgroup.com\/fr\/#\/schema\/logo\/image\/"},"sameAs":["https:\/\/www.facebook.com\/europresswastehandling","https:\/\/x.com\/EPWastehandling","https:\/\/www.instagram.com\/europressgroup\/","https:\/\/www.linkedin.com\/company\/europress"],"publishingPrinciples":"https:\/\/europressgroup.com\/environment-safety-quality\/","ownershipFundingInfo":"https:\/\/europressgroup.com\/history\/","actionableFeedbackPolicy":"https:\/\/europressgroup.com\/customer-feedback\/","correctionsPolicy":"https:\/\/europressgroup.com\/customer-feedback\/","ethicsPolicy":"https:\/\/europressgroup.com\/responsibility\/"}]}},"_links":{"self":[{"href":"https:\/\/europressgroup.com\/fr\/wp-json\/wp\/v2\/pages\/83315","targetHints":{"allow":["GET"]}}],"collection":[{"href":"https:\/\/europressgroup.com\/fr\/wp-json\/wp\/v2\/pages"}],"about":[{"href":"https:\/\/europressgroup.com\/fr\/wp-json\/wp\/v2\/types\/page"}],"author":[{"embeddable":true,"href":"https:\/\/europressgroup.com\/fr\/wp-json\/wp\/v2\/users\/25"}],"replies":[{"embeddable":true,"href":"https:\/\/europressgroup.com\/fr\/wp-json\/wp\/v2\/comments?post=83315"}],"version-history":[{"count":0,"href":"https:\/\/europressgroup.com\/fr\/wp-json\/wp\/v2\/pages\/83315\/revisions"}],"wp:featuredmedia":[{"embeddable":true,"href":"https:\/\/europressgroup.com\/fr\/wp-json\/wp\/v2\/media\/83317"}],"wp:attachment":[{"href":"https:\/\/europressgroup.com\/fr\/wp-json\/wp\/v2\/media?parent=83315"}],"curies":[{"name":"wp","href":"https:\/\/api.w.org\/{rel}","templated":true}]}}