{"id":83292,"date":"2015-05-28T11:30:14","date_gmt":"2015-05-28T08:30:14","guid":{"rendered":"https:\/\/europressgroup.com\/classic-business-2\/"},"modified":"2024-05-30T13:55:33","modified_gmt":"2024-05-30T10:55:33","slug":"accueil","status":"publish","type":"page","link":"https:\/\/europressgroup.com\/fr\/","title":{"rendered":"EUROPRESS"},"content":{"rendered":"<div class=\"wpb-content-wrapper\"><p>[vc_row row_height_percent=\u00a0\u00bb60&Prime; override_padding=\u00a0\u00bbyes\u00a0\u00bb h_padding=\u00a0\u00bb3&Prime; top_padding=\u00a0\u00bb0&Prime; bottom_padding=\u00a0\u00bb0&Prime; overlay_alpha=\u00a0\u00bb50&Prime; equal_height=\u00a0\u00bbyes\u00a0\u00bb gutter_size=\u00a0\u00bb0&Prime; column_width_percent=\u00a0\u00bb100&Prime; shift_y=\u00a0\u00bb0&Prime; z_index=\u00a0\u00bb0&Prime;][vc_column column_width_percent=\u00a0\u00bb100&Prime; position_vertical=\u00a0\u00bbmiddle\u00a0\u00bb align_horizontal=\u00a0\u00bbalign_center\u00a0\u00bb gutter_size=\u00a0\u00bb3&Prime; override_padding=\u00a0\u00bbyes\u00a0\u00bb column_padding=\u00a0\u00bb2&Prime; overlay_alpha=\u00a0\u00bb50&Prime; shift_x=\u00a0\u00bb0&Prime; shift_y=\u00a0\u00bb0&Prime; shift_y_down=\u00a0\u00bb0&Prime; z_index=\u00a0\u00bb0&Prime; medium_width=\u00a0\u00bb0&Prime; mobile_width=\u00a0\u00bb0&Prime; width=\u00a0\u00bb1\/1&Prime;][vc_custom_heading text_font=\u00a0\u00bbfont-796375&Prime; text_size=\u00a0\u00bbh1&Prime; text_transform=\u00a0\u00bbuppercase\u00a0\u00bb]UNE TRANSITION EN DOUCEUR VERS L\u2019\u00c9CONOMIE CIRCULAIRE[\/vc_custom_heading][vc_separator sep_color=\u00a0\u00bbaccent\u00a0\u00bb el_width=\u00a0\u00bb250px\u00a0\u00bb el_height=\u00a0\u00bb2px\u00a0\u00bb][vc_column_text]Europress offre des solutions pionni\u00e8res pour la gestion des d\u00e9chets et aide ses clients \u00e0 atteindre leurs objectifs en mati\u00e8re d\u2019\u00e9conomie circulaire. Les diff\u00e9rents emballages et les produits obsol\u00e8tes ou endommag\u00e9s sont constitu\u00e9s d\u2019une large gamme de mat\u00e9riaux dont la cha\u00eene de recyclage ne doit pas \u00eatre rompue. En \u00e9conomie circulaire, les produits sont ins\u00e9r\u00e9s de mani\u00e8re pratique dans les cha\u00eenes de production des mat\u00e9riaux r\u00e9cup\u00e9r\u00e9s \u00e0 la fin de leur cycle de vie.<\/p>\n<p>Depuis 1977, Europress aide les entreprises et les organisations \u00e0 \u00e9voluer vers l\u2019\u00e9conomie circulaire. Les produits et services durables d\u2019Europress aident les clients \u00e0 rendre leur gestion des d\u00e9chets plus efficace et \u00e0 prot\u00e9ger l\u2019environnement en collectant les d\u00e9chets en toute s\u00e9curit\u00e9 l\u00e0 o\u00f9 ils sont produits et en augmentant les taux de recyclage.[\/vc_column_text][\/vc_column][\/vc_row][vc_row unlock_row_content=\u00a0\u00bbyes\u00a0\u00bb row_height_percent=\u00a0\u00bb0&Prime; override_padding=\u00a0\u00bbyes\u00a0\u00bb h_padding=\u00a0\u00bb0&Prime; top_padding=\u00a0\u00bb0&Prime; bottom_padding=\u00a0\u00bb0&Prime; overlay_alpha=\u00a0\u00bb50&Prime; gutter_size=\u00a0\u00bb3&Prime; column_width_percent=\u00a0\u00bb100&Prime; shift_y=\u00a0\u00bb0&Prime; z_index=\u00a0\u00bb0&Prime;][vc_column width=\u00a0\u00bb1\/1&Prime;][vc_gallery el_id=\u00a0\u00bbgallery-437267&Prime; medias=\u00a0\u00bb73675,72857,75498&Prime; gutter_size=\u00a0\u00bb0&Prime; media_items=\u00a0\u00bbmedia|custom_link|original,icon,title\u00a0\u00bb screen_lg=\u00a0\u00bb1000&Prime; screen_md=\u00a0\u00bb600&Prime; screen_sm=\u00a0\u00bb480&Prime; images_size=\u00a0\u00bbthree-two\u00a0\u00bb single_overlay_opacity=\u00a0\u00bb50&Prime; single_text_visible=\u00a0\u00bbyes\u00a0\u00bb single_h_align=\u00a0\u00bbcenter\u00a0\u00bb single_padding=\u00a0\u00bb2&Prime; single_title_dimension=\u00a0\u00bbh1&Prime; single_title_transform=\u00a0\u00bbuppercase\u00a0\u00bb single_border=\u00a0\u00bbyes\u00a0\u00bb items=\u00a0\u00bbeyI3Mjg1N19pIjp7InNpbmdsZV9saW5rIjoidXJsOmh0dHBzJTNBJTJGJTJGZXVyb3ByZXNzZ3JvdXAuY29tJTJGZnIlMkZub3Mtc29sdXRpb25zJTJGfHRpdGxlOk5PUyUyMFNPTFVUSU9OU3x8In0sIjcyODU1X2kiOnsic2luZ2xlX2xpbmsiOiJ1cmw6aHR0cCUzQSUyRiUyRnd3dy5ldXJvcHJlc3Nwb2xhbmQucGwlMkZmaXJtYSUyRnx0aXRsZTpGaXJtYXx8In0sIjcyODc5X2kiOnsic2luZ2xlX2xpbmsiOiJ1cmw6aHR0cCUzQSUyRiUyRnd3dy5ldXJvcHJlc3Nwb2xhbmQucGwlMkZza29udGFrdHVqLXNpZS16LW5hbWklMkZ8dGl0bGU6U0tPTlRBS1RVSiUyMFNJJUM0JTk4JTIwWiUyME5BTUl8fCJ9LCI3Mjg3OF9pIjp7InNpbmdsZV9saW5rIjoidXJsOmh0dHBzJTNBJTJGJTJGZXVyb3ByZXNzZ3JvdXAuY29tJTJGY29udGFjdC11cyUyRnx0aXRsZTpDT05UQUNUJTIwVVN8fCJ9LCI3MzY3NV9pIjp7InNpbmdsZV9saW5rIjoidXJsOmh0dHBzJTNBJTJGJTJGZXVyb3ByZXNzZ3JvdXAuY29tJTJGZnIlMkZzb2NpZXRlJTJGfHRpdGxlOlNPQ0klQzMlODlUJUMzJTg5fHwifSwiNzU0OThfaSI6eyJzaW5nbGVfbGluayI6InVybDpodHRwcyUzQSUyRiUyRmV1cm9wcmVzc2dyb3VwLmNvbSUyRmZyJTJGY29udGFjdGV6LW5vdXMlMkZ8dGl0bGU6Q09OVEFDVHx8In19&Prime;][\/vc_column][\/vc_row][vc_row unlock_row_content=\u00a0\u00bbyes\u00a0\u00bb row_height_percent=\u00a0\u00bb35&Prime; override_padding=\u00a0\u00bbyes\u00a0\u00bb h_padding=\u00a0\u00bb7&Prime; top_padding=\u00a0\u00bb4&Prime; bottom_padding=\u00a0\u00bb4&Prime; back_color=\u00a0\u00bbcolor-lxmt\u00a0\u00bb overlay_alpha=\u00a0\u00bb50&Prime; gutter_size=\u00a0\u00bb3&Prime; column_width_percent=\u00a0\u00bb100&Prime; border_color=\u00a0\u00bbcolor-gyho\u00a0\u00bb border_style=\u00a0\u00bbsolid\u00a0\u00bb shift_y=\u00a0\u00bb0&Prime; z_index=\u00a0\u00bb0&Prime; css=\u00a0\u00bb.vc_custom_1545928501483{border-bottom-width: 1px !important;}\u00a0\u00bb][vc_column column_width_percent=\u00a0\u00bb100&Prime; position_vertical=\u00a0\u00bbmiddle\u00a0\u00bb align_horizontal=\u00a0\u00bbalign_center\u00a0\u00bb gutter_size=\u00a0\u00bb2&Prime; overlay_alpha=\u00a0\u00bb50&Prime; shift_x=\u00a0\u00bb0&Prime; shift_y=\u00a0\u00bb0&Prime; shift_y_down=\u00a0\u00bb0&Prime; z_index=\u00a0\u00bb0&Prime; medium_width=\u00a0\u00bb3&Prime; mobile_width=\u00a0\u00bb0&Prime; zoom_width=\u00a0\u00bb0&Prime; zoom_height=\u00a0\u00bb0&Prime; width=\u00a0\u00bb1\/1&Prime;][vc_custom_heading text_font=\u00a0\u00bbfont-796375&Prime; text_size=\u00a0\u00bbh1&Prime; text_transform=\u00a0\u00bbuppercase\u00a0\u00bb]ACTUALIT\u00c9S[\/vc_custom_heading][vc_separator sep_color=\u00a0\u00bbaccent\u00a0\u00bb el_width=\u00a0\u00bb250px\u00a0\u00bb el_height=\u00a0\u00bb2px\u00a0\u00bb][vc_column_text]Les actualit\u00e9s et informations les plus r\u00e9centes en mati\u00e8re de recyclage.[\/vc_column_text][vc_empty_space empty_h=\u00a0\u00bb2&Prime;][uncode_index el_id=\u00a0\u00bbindex-102293&Prime; loop=\u00a0\u00bbsize:3|order_by:date|post_type:post|taxonomy_count:10&Prime; auto_query=\u00a0\u00bbyes\u00a0\u00bb screen_lg=\u00a0\u00bb1000&Prime; screen_md=\u00a0\u00bb600&Prime; screen_sm=\u00a0\u00bb480&Prime; gutter_size=\u00a0\u00bb3&Prime; post_items=\u00a0\u00bbmedia|featured|onpost|original,title\u00a0\u00bb images_size=\u00a0\u00bbthree-two\u00a0\u00bb single_overlay_opacity=\u00a0\u00bb50&Prime; single_h_align=\u00a0\u00bbcenter\u00a0\u00bb single_padding=\u00a0\u00bb3&Prime; single_title_dimension=\u00a0\u00bbh4&Prime; single_title_transform=\u00a0\u00bbuppercase\u00a0\u00bb uncode_shortcode_id=\u00a0\u00bb105274&Prime;][\/vc_column][\/vc_row][vc_row unlock_row_content=\u00a0\u00bbyes\u00a0\u00bb row_height_percent=\u00a0\u00bb0&Prime; override_padding=\u00a0\u00bbyes\u00a0\u00bb h_padding=\u00a0\u00bb0&Prime; top_padding=\u00a0\u00bb5&Prime; bottom_padding=\u00a0\u00bb5&Prime; back_color=\u00a0\u00bbcolor-wayh\u00a0\u00bb back_image=\u00a0\u00bb72896&Prime; parallax=\u00a0\u00bbyes\u00a0\u00bb overlay_color=\u00a0\u00bbcolor-wayh\u00a0\u00bb overlay_alpha=\u00a0\u00bb65&Prime; gutter_size=\u00a0\u00bb100&Prime; column_width_percent=\u00a0\u00bb100&Prime; shift_y=\u00a0\u00bb0&Prime; z_index=\u00a0\u00bb0&Prime; style=\u00a0\u00bbinherited\u00a0\u00bb][vc_column column_width_percent=\u00a0\u00bb100&Prime; position_vertical=\u00a0\u00bbmiddle\u00a0\u00bb align_horizontal=\u00a0\u00bbalign_center\u00a0\u00bb gutter_size=\u00a0\u00bb3&Prime; style=\u00a0\u00bbdark\u00a0\u00bb overlay_alpha=\u00a0\u00bb100&Prime; shift_x=\u00a0\u00bb0&Prime; shift_y=\u00a0\u00bb0&Prime; z_index=\u00a0\u00bb0&Prime; medium_width=\u00a0\u00bb0&Prime; zoom_width=\u00a0\u00bb0&Prime; zoom_height=\u00a0\u00bb0&Prime; width=\u00a0\u00bb1\/1&Prime;][vc_custom_heading text_font=\u00a0\u00bbfont-796375&Prime; text_size=\u00a0\u00bbh1&Prime; text_transform=\u00a0\u00bbuppercase\u00a0\u00bb subheading=\u00a0\u00bbContactez-nous pour plus d\u2019informations !\u00a0\u00bb]VOUS VOULEZ EN SAVOIR PLUS\u00a0?[\/vc_custom_heading][vc_button radius=\u00a0\u00bbbtn-circle\u00a0\u00bb border_width=\u00a0\u00bb0&Prime; link=\u00a0\u00bburl:https%3A%2F%2Feuropressgroup.com%2Ffr%2Fcontactez-nous%2F|title:CONTACT%20US||\u00a0\u00bb onclick=\u00a0\u00bbtrackOutboundLink(&lsquo;http:\/\/themeforest.net\/item\/uncode-creative-multiuse-wordpress-theme\/13373220?utm_source=undsgncta&amp;ref=undsgn&amp;license=regular&amp;open_purchase_for_item_id=13373220&amp;purchasable=source&rsquo;); return false;\u00a0\u00bb]Nous contacter[\/vc_button][\/vc_column][\/vc_row][vc_row unlock_row_content=\u00a0\u00bbyes\u00a0\u00bb row_height_percent=\u00a0\u00bb0&Prime; override_padding=\u00a0\u00bbyes\u00a0\u00bb h_padding=\u00a0\u00bb5&Prime; top_padding=\u00a0\u00bb2&Prime; bottom_padding=\u00a0\u00bb1&Prime; overlay_alpha=\u00a0\u00bb50&Prime; equal_height=\u00a0\u00bbyes\u00a0\u00bb gutter_size=\u00a0\u00bb0&Prime; column_width_percent=\u00a0\u00bb100&Prime; shift_y=\u00a0\u00bb0&Prime; z_index=\u00a0\u00bb0&Prime;][vc_column column_width_percent=\u00a0\u00bb100&Prime; position_vertical=\u00a0\u00bbmiddle\u00a0\u00bb align_horizontal=\u00a0\u00bbalign_center\u00a0\u00bb gutter_size=\u00a0\u00bb3&Prime; override_padding=\u00a0\u00bbyes\u00a0\u00bb column_padding=\u00a0\u00bb3&Prime; overlay_alpha=\u00a0\u00bb50&Prime; shift_x=\u00a0\u00bb0&Prime; shift_y=\u00a0\u00bb0&Prime; shift_y_down=\u00a0\u00bb0&Prime; z_index=\u00a0\u00bb0&Prime; medium_visibility=\u00a0\u00bbyes\u00a0\u00bb medium_width=\u00a0\u00bb0&Prime; mobile_visibility=\u00a0\u00bbyes\u00a0\u00bb mobile_width=\u00a0\u00bb0&Prime; width=\u00a0\u00bb1\/1&Prime;][vc_custom_heading text_font=\u00a0\u00bbfont-796375&Prime; text_size=\u00a0\u00bbh1&Prime; text_transform=\u00a0\u00bbuppercase\u00a0\u00bb]R\u00c9F\u00c9RENCES[\/vc_custom_heading][vc_separator sep_color=\u00a0\u00bbaccent\u00a0\u00bb el_width=\u00a0\u00bb250px\u00a0\u00bb el_height=\u00a0\u00bb2px\u00a0\u00bb][\/vc_column][\/vc_row][vc_row unlock_row_content=\u00a0\u00bbyes\u00a0\u00bb row_height_percent=\u00a0\u00bb60&Prime; override_padding=\u00a0\u00bbyes\u00a0\u00bb h_padding=\u00a0\u00bb4&Prime; top_padding=\u00a0\u00bb0&Prime; bottom_padding=\u00a0\u00bb5&Prime; overlay_alpha=\u00a0\u00bb50&Prime; equal_height=\u00a0\u00bbyes\u00a0\u00bb gutter_size=\u00a0\u00bb2&Prime; column_width_percent=\u00a0\u00bb100&Prime; shift_y=\u00a0\u00bb0&Prime; z_index=\u00a0\u00bb0&Prime;][vc_column column_width_percent=\u00a0\u00bb100&Prime; position_vertical=\u00a0\u00bbmiddle\u00a0\u00bb align_horizontal=\u00a0\u00bbalign_center\u00a0\u00bb gutter_size=\u00a0\u00bb2&Prime; override_padding=\u00a0\u00bbyes\u00a0\u00bb column_padding=\u00a0\u00bb3&Prime; overlay_alpha=\u00a0\u00bb50&Prime; shift_x=\u00a0\u00bb0&Prime; shift_y=\u00a0\u00bb0&Prime; shift_y_down=\u00a0\u00bb0&Prime; z_index=\u00a0\u00bb0&Prime; medium_width=\u00a0\u00bb0&Prime; mobile_width=\u00a0\u00bb0&Prime; width=\u00a0\u00bb1\/2&Prime;][vc_custom_heading heading_semantic=\u00a0\u00bbh3&Prime; text_font=\u00a0\u00bbfont-796375&Prime; text_size=\u00a0\u00bbh3&Prime; text_transform=\u00a0\u00bbuppercase\u00a0\u00bb]PLUS QU\u2019UN CENTRE COMMERCIAL[\/vc_custom_heading][vc_column_text]REDI est un nouveau centre commercial et de divertissement situ\u00e9 \u00e0 proximit\u00e9 du centre d\u2019Helsinki. La protection de l\u2019environnement est l\u2019une des principales caract\u00e9ristiques de REDI. C\u2019est pourquoi la gestion des d\u00e9chets a \u00e9t\u00e9 confi\u00e9e \u00e0 Europress, qui propose des solutions \u00e9conomiques, s\u00fbres et simples.[\/vc_column_text][vc_button radius=\u00a0\u00bbbtn-circle\u00a0\u00bb border_width=\u00a0\u00bb0&Prime; link=\u00a0\u00bburl:https%3A%2F%2Feuropressgroup.com%2Ffr%2Fredi%2F|title:Centre%20commercial%20REDI||\u00a0\u00bb onclick=\u00a0\u00bbtrackOutboundLink(&lsquo;http:\/\/themeforest.net\/item\/uncode-creative-multiuse-wordpress-theme\/13373220?utm_source=undsgncta&amp;ref=undsgn&amp;license=regular&amp;open_purchase_for_item_id=13373220&amp;purchasable=source&rsquo;); return false;\u00a0\u00bb]En savoir plus[\/vc_button][\/vc_column][vc_column column_width_percent=\u00a0\u00bb100&Prime; gutter_size=\u00a0\u00bb3&Prime; expand_height=\u00a0\u00bbyes\u00a0\u00bb back_image=\u00a0\u00bb73107&Prime; overlay_alpha=\u00a0\u00bb50&Prime; shift_x=\u00a0\u00bb0&Prime; shift_y=\u00a0\u00bb0&Prime; shift_y_down=\u00a0\u00bb0&Prime; z_index=\u00a0\u00bb0&Prime; medium_width=\u00a0\u00bb0&Prime; mobile_visibility=\u00a0\u00bbyes\u00a0\u00bb mobile_width=\u00a0\u00bb0&Prime; width=\u00a0\u00bb1\/2&Prime;][\/vc_column][\/vc_row]<\/p>\n<\/div>","protected":false},"excerpt":{"rendered":"<p>[vc_row row_height_percent=\u00a0\u00bb60&Prime; override_padding=\u00a0\u00bbyes\u00a0\u00bb h_padding=\u00a0\u00bb3&Prime; top_padding=\u00a0\u00bb0&Prime; bottom_padding=\u00a0\u00bb0&Prime; overlay_alpha=\u00a0\u00bb50&Prime; equal_height=\u00a0\u00bbyes\u00a0\u00bb gutter_size=\u00a0\u00bb0&Prime; column_width_percent=\u00a0\u00bb100&Prime; shift_y=\u00a0\u00bb0&Prime; z_index=\u00a0\u00bb0&Prime;][vc_column column_width_percent=\u00a0\u00bb100&Prime; position_vertical=\u00a0\u00bbmiddle\u00a0\u00bb align_horizontal=\u00a0\u00bbalign_center\u00a0\u00bb gutter_size=\u00a0\u00bb3&Prime; override_padding=\u00a0\u00bbyes\u00a0\u00bb column_padding=\u00a0\u00bb2&Prime; overlay_alpha=\u00a0\u00bb50&Prime; shift_x=\u00a0\u00bb0&Prime; [&hellip;]<\/p>\n","protected":false},"author":25,"featured_media":162334,"parent":0,"menu_order":0,"comment_status":"closed","ping_status":"closed","template":"","meta":{"footnotes":""},"class_list":["post-83292","page","type-page","status-publish","has-post-thumbnail","hentry","page_category-ep-fr"],"yoast_head":"<!-- This site is optimized with the Yoast SEO Premium plugin v27.3 (Yoast SEO v27.3) - https:\/\/yoast.com\/product\/yoast-seo-premium-wordpress\/ -->\n<title>EUROPRESS - Europress Group<\/title>\n<meta name=\"robots\" content=\"index, follow, max-snippet:-1, max-image-preview:large, max-video-preview:-1\" \/>\n<link rel=\"canonical\" href=\"https:\/\/europressgroup.com\/fr\/\" \/>\n<meta property=\"og:locale\" content=\"fr_FR\" \/>\n<meta property=\"og:type\" content=\"article\" \/>\n<meta property=\"og:title\" content=\"EUROPRESS\" \/>\n<meta property=\"og:description\" content=\"UNE TRANSITION EN DOUCEUR VERS L\u2019\u00c9CONOMIE CIRCULAIREEuropress offre des solutions pionni\u00e8res pour la gestion des d\u00e9chets et aide ses clients \u00e0 atteindre\" \/>\n<meta property=\"og:url\" content=\"https:\/\/europressgroup.com\/fr\/\" \/>\n<meta property=\"og:site_name\" content=\"Europress Group\" \/>\n<meta property=\"article:publisher\" content=\"https:\/\/www.facebook.com\/europresswastehandling\" \/>\n<meta property=\"article:modified_time\" content=\"2024-05-30T10:55:33+00:00\" \/>\n<meta property=\"og:image\" content=\"https:\/\/europressgroup.com\/wp-content\/uploads\/2021\/12\/hero1.png\" \/>\n\t<meta property=\"og:image:width\" content=\"2000\" \/>\n\t<meta property=\"og:image:height\" content=\"974\" \/>\n\t<meta property=\"og:image:type\" content=\"image\/png\" \/>\n<meta name=\"twitter:card\" content=\"summary_large_image\" \/>\n<meta name=\"twitter:site\" content=\"@EPWastehandling\" \/>\n<meta name=\"twitter:label1\" content=\"Dur\u00e9e de lecture estim\u00e9e\" \/>\n\t<meta name=\"twitter:data1\" content=\"3 minutes\" \/>\n<script type=\"application\/ld+json\" class=\"yoast-schema-graph\">{\"@context\":\"https:\\\/\\\/schema.org\",\"@graph\":[{\"@type\":\"WebPage\",\"@id\":\"https:\\\/\\\/europressgroup.com\\\/fr\\\/\",\"url\":\"https:\\\/\\\/europressgroup.com\\\/fr\\\/\",\"name\":\"EUROPRESS - Europress Group\",\"isPartOf\":{\"@id\":\"https:\\\/\\\/europressgroup.com\\\/fr\\\/#website\"},\"primaryImageOfPage\":{\"@id\":\"https:\\\/\\\/europressgroup.com\\\/fr\\\/#primaryimage\"},\"image\":{\"@id\":\"https:\\\/\\\/europressgroup.com\\\/fr\\\/#primaryimage\"},\"thumbnailUrl\":\"https:\\\/\\\/europressgroup.com\\\/wp-content\\\/uploads\\\/2025\\\/09\\\/SMART-testihero-pompulat.jpg\",\"datePublished\":\"2015-05-28T08:30:14+00:00\",\"dateModified\":\"2024-05-30T10:55:33+00:00\",\"breadcrumb\":{\"@id\":\"https:\\\/\\\/europressgroup.com\\\/fr\\\/#breadcrumb\"},\"inLanguage\":\"fr-FR\",\"potentialAction\":[{\"@type\":\"ReadAction\",\"target\":[\"https:\\\/\\\/europressgroup.com\\\/fr\\\/\"]}]},{\"@type\":\"ImageObject\",\"inLanguage\":\"fr-FR\",\"@id\":\"https:\\\/\\\/europressgroup.com\\\/fr\\\/#primaryimage\",\"url\":\"https:\\\/\\\/europressgroup.com\\\/wp-content\\\/uploads\\\/2025\\\/09\\\/SMART-testihero-pompulat.jpg\",\"contentUrl\":\"https:\\\/\\\/europressgroup.com\\\/wp-content\\\/uploads\\\/2025\\\/09\\\/SMART-testihero-pompulat.jpg\",\"width\":1920,\"height\":1080},{\"@type\":\"BreadcrumbList\",\"@id\":\"https:\\\/\\\/europressgroup.com\\\/fr\\\/#breadcrumb\",\"itemListElement\":[{\"@type\":\"ListItem\",\"position\":1,\"name\":\"Home\",\"item\":\"https:\\\/\\\/europressgroup.com\\\/fr\\\/\"},{\"@type\":\"ListItem\",\"position\":2,\"name\":\"EUROPRESS\"}]},{\"@type\":\"WebSite\",\"@id\":\"https:\\\/\\\/europressgroup.com\\\/fr\\\/#website\",\"url\":\"https:\\\/\\\/europressgroup.com\\\/fr\\\/\",\"name\":\"Europress Group\",\"description\":\"Northern European leader in Environmental Technology\",\"publisher\":{\"@id\":\"https:\\\/\\\/europressgroup.com\\\/fr\\\/#organization\"},\"potentialAction\":[{\"@type\":\"SearchAction\",\"target\":{\"@type\":\"EntryPoint\",\"urlTemplate\":\"https:\\\/\\\/europressgroup.com\\\/fr\\\/?s={search_term_string}\"},\"query-input\":{\"@type\":\"PropertyValueSpecification\",\"valueRequired\":true,\"valueName\":\"search_term_string\"}}],\"inLanguage\":\"fr-FR\"},{\"@type\":\"Organization\",\"@id\":\"https:\\\/\\\/europressgroup.com\\\/fr\\\/#organization\",\"name\":\"Europress Group\",\"url\":\"https:\\\/\\\/europressgroup.com\\\/fr\\\/\",\"logo\":{\"@type\":\"ImageObject\",\"inLanguage\":\"fr-FR\",\"@id\":\"https:\\\/\\\/europressgroup.com\\\/fr\\\/#\\\/schema\\\/logo\\\/image\\\/\",\"url\":\"https:\\\/\\\/europressgroup.com\\\/wp-content\\\/uploads\\\/2018\\\/12\\\/Europress-logo-1.png\",\"contentUrl\":\"https:\\\/\\\/europressgroup.com\\\/wp-content\\\/uploads\\\/2018\\\/12\\\/Europress-logo-1.png\",\"width\":478,\"height\":75,\"caption\":\"Europress Group\"},\"image\":{\"@id\":\"https:\\\/\\\/europressgroup.com\\\/fr\\\/#\\\/schema\\\/logo\\\/image\\\/\"},\"sameAs\":[\"https:\\\/\\\/www.facebook.com\\\/europresswastehandling\",\"https:\\\/\\\/x.com\\\/EPWastehandling\",\"https:\\\/\\\/www.instagram.com\\\/europressgroup\\\/\",\"https:\\\/\\\/www.linkedin.com\\\/company\\\/europress\"],\"publishingPrinciples\":\"https:\\\/\\\/europressgroup.com\\\/environment-safety-quality\\\/\",\"ownershipFundingInfo\":\"https:\\\/\\\/europressgroup.com\\\/history\\\/\",\"actionableFeedbackPolicy\":\"https:\\\/\\\/europressgroup.com\\\/customer-feedback\\\/\",\"correctionsPolicy\":\"https:\\\/\\\/europressgroup.com\\\/customer-feedback\\\/\",\"ethicsPolicy\":\"https:\\\/\\\/europressgroup.com\\\/responsibility\\\/\"}]}<\/script>\n<!-- \/ Yoast SEO Premium plugin. -->","yoast_head_json":{"title":"EUROPRESS - Europress Group","robots":{"index":"index","follow":"follow","max-snippet":"max-snippet:-1","max-image-preview":"max-image-preview:large","max-video-preview":"max-video-preview:-1"},"canonical":"https:\/\/europressgroup.com\/fr\/","og_locale":"fr_FR","og_type":"article","og_title":"EUROPRESS","og_description":"UNE TRANSITION EN DOUCEUR VERS L\u2019\u00c9CONOMIE CIRCULAIREEuropress offre des solutions pionni\u00e8res pour la gestion des d\u00e9chets et aide ses clients \u00e0 atteindre","og_url":"https:\/\/europressgroup.com\/fr\/","og_site_name":"Europress Group","article_publisher":"https:\/\/www.facebook.com\/europresswastehandling","article_modified_time":"2024-05-30T10:55:33+00:00","og_image":[{"width":2000,"height":974,"url":"https:\/\/europressgroup.com\/wp-content\/uploads\/2021\/12\/hero1.png","type":"image\/png"}],"twitter_card":"summary_large_image","twitter_site":"@EPWastehandling","twitter_misc":{"Dur\u00e9e de lecture estim\u00e9e":"3 minutes"},"schema":{"@context":"https:\/\/schema.org","@graph":[{"@type":"WebPage","@id":"https:\/\/europressgroup.com\/fr\/","url":"https:\/\/europressgroup.com\/fr\/","name":"EUROPRESS - Europress Group","isPartOf":{"@id":"https:\/\/europressgroup.com\/fr\/#website"},"primaryImageOfPage":{"@id":"https:\/\/europressgroup.com\/fr\/#primaryimage"},"image":{"@id":"https:\/\/europressgroup.com\/fr\/#primaryimage"},"thumbnailUrl":"https:\/\/europressgroup.com\/wp-content\/uploads\/2025\/09\/SMART-testihero-pompulat.jpg","datePublished":"2015-05-28T08:30:14+00:00","dateModified":"2024-05-30T10:55:33+00:00","breadcrumb":{"@id":"https:\/\/europressgroup.com\/fr\/#breadcrumb"},"inLanguage":"fr-FR","potentialAction":[{"@type":"ReadAction","target":["https:\/\/europressgroup.com\/fr\/"]}]},{"@type":"ImageObject","inLanguage":"fr-FR","@id":"https:\/\/europressgroup.com\/fr\/#primaryimage","url":"https:\/\/europressgroup.com\/wp-content\/uploads\/2025\/09\/SMART-testihero-pompulat.jpg","contentUrl":"https:\/\/europressgroup.com\/wp-content\/uploads\/2025\/09\/SMART-testihero-pompulat.jpg","width":1920,"height":1080},{"@type":"BreadcrumbList","@id":"https:\/\/europressgroup.com\/fr\/#breadcrumb","itemListElement":[{"@type":"ListItem","position":1,"name":"Home","item":"https:\/\/europressgroup.com\/fr\/"},{"@type":"ListItem","position":2,"name":"EUROPRESS"}]},{"@type":"WebSite","@id":"https:\/\/europressgroup.com\/fr\/#website","url":"https:\/\/europressgroup.com\/fr\/","name":"Europress Group","description":"Northern European leader in Environmental Technology","publisher":{"@id":"https:\/\/europressgroup.com\/fr\/#organization"},"potentialAction":[{"@type":"SearchAction","target":{"@type":"EntryPoint","urlTemplate":"https:\/\/europressgroup.com\/fr\/?s={search_term_string}"},"query-input":{"@type":"PropertyValueSpecification","valueRequired":true,"valueName":"search_term_string"}}],"inLanguage":"fr-FR"},{"@type":"Organization","@id":"https:\/\/europressgroup.com\/fr\/#organization","name":"Europress Group","url":"https:\/\/europressgroup.com\/fr\/","logo":{"@type":"ImageObject","inLanguage":"fr-FR","@id":"https:\/\/europressgroup.com\/fr\/#\/schema\/logo\/image\/","url":"https:\/\/europressgroup.com\/wp-content\/uploads\/2018\/12\/Europress-logo-1.png","contentUrl":"https:\/\/europressgroup.com\/wp-content\/uploads\/2018\/12\/Europress-logo-1.png","width":478,"height":75,"caption":"Europress Group"},"image":{"@id":"https:\/\/europressgroup.com\/fr\/#\/schema\/logo\/image\/"},"sameAs":["https:\/\/www.facebook.com\/europresswastehandling","https:\/\/x.com\/EPWastehandling","https:\/\/www.instagram.com\/europressgroup\/","https:\/\/www.linkedin.com\/company\/europress"],"publishingPrinciples":"https:\/\/europressgroup.com\/environment-safety-quality\/","ownershipFundingInfo":"https:\/\/europressgroup.com\/history\/","actionableFeedbackPolicy":"https:\/\/europressgroup.com\/customer-feedback\/","correctionsPolicy":"https:\/\/europressgroup.com\/customer-feedback\/","ethicsPolicy":"https:\/\/europressgroup.com\/responsibility\/"}]}},"_links":{"self":[{"href":"https:\/\/europressgroup.com\/fr\/wp-json\/wp\/v2\/pages\/83292","targetHints":{"allow":["GET"]}}],"collection":[{"href":"https:\/\/europressgroup.com\/fr\/wp-json\/wp\/v2\/pages"}],"about":[{"href":"https:\/\/europressgroup.com\/fr\/wp-json\/wp\/v2\/types\/page"}],"author":[{"embeddable":true,"href":"https:\/\/europressgroup.com\/fr\/wp-json\/wp\/v2\/users\/25"}],"replies":[{"embeddable":true,"href":"https:\/\/europressgroup.com\/fr\/wp-json\/wp\/v2\/comments?post=83292"}],"version-history":[{"count":1,"href":"https:\/\/europressgroup.com\/fr\/wp-json\/wp\/v2\/pages\/83292\/revisions"}],"predecessor-version":[{"id":139912,"href":"https:\/\/europressgroup.com\/fr\/wp-json\/wp\/v2\/pages\/83292\/revisions\/139912"}],"wp:featuredmedia":[{"embeddable":true,"href":"https:\/\/europressgroup.com\/fr\/wp-json\/wp\/v2\/media\/162334"}],"wp:attachment":[{"href":"https:\/\/europressgroup.com\/fr\/wp-json\/wp\/v2\/media?parent=83292"}],"curies":[{"name":"wp","href":"https:\/\/api.w.org\/{rel}","templated":true}]}}