{"id":95821,"date":"2020-11-06T09:31:51","date_gmt":"2020-11-06T07:31:51","guid":{"rendered":"https:\/\/europressgroup.com\/?page_id=95821"},"modified":"2021-08-23T14:51:45","modified_gmt":"2021-08-23T11:51:45","slug":"ymparistopolitiikka","status":"publish","type":"page","link":"https:\/\/europressgroup.com\/fi\/yritys\/ymparistopolitiikka\/","title":{"rendered":"YMP\u00c4RIST\u00d6POLITIIKKA"},"content":{"rendered":"<div class=\"wpb-content-wrapper\"><p>[vc_row row_height_percent=&#8221;0&#8243; override_padding=&#8221;yes&#8221; h_padding=&#8221;2&#8243; top_padding=&#8221;3&#8243; bottom_padding=&#8221;2&#8243; overlay_alpha=&#8221;50&#8243; gutter_size=&#8221;3&#8243; column_width_percent=&#8221;100&#8243; shift_y=&#8221;0&#8243; z_index=&#8221;0&#8243;][vc_column width=&#8221;1\/1&#8243;][vc_custom_heading]Miten huomioimme ymp\u00e4rist\u00f6n ja turvallisuuden omassa toiminnassamme?[\/vc_custom_heading][vc_column_text]<strong>Tehtaamme on alusta alkaen suunniteltu ymp\u00e4rist\u00f6 ja turvallisuus huomioiden<\/strong><\/p>\n<ul>\n<li>Materiaalien ja energian kulutusta seurataan ja tehostetaan jatkuvalla ty\u00f6ll\u00e4. Erityisesti kiinnit\u00e4mme huomiota p\u00e4\u00e4raaka-aineemme, Suomessa valmistetun ter\u00e4ksen kulutukseen. Hukkater\u00e4ksen m\u00e4\u00e4r\u00e4 suhteutettuna ostettuun ter\u00e4smateriaalin on onnistuttu v\u00e4hent\u00e4m\u00e4\u00e4n.<\/li>\n<li>Maalaamossa syntyvi\u00e4 VOC-p\u00e4\u00e4st\u00f6j\u00e4 (volatile organic compounds eli haihtuvat orgaaniset yhdisteet) on pystytty v\u00e4hent\u00e4m\u00e4\u00e4n suhteessa tuotantom\u00e4\u00e4r\u00e4\u00e4n. Pyrimme k\u00e4ytt\u00e4m\u00e4\u00e4n v\u00e4h\u00e4p\u00e4\u00e4st\u00f6isi\u00e4 maaleja sek\u00e4 tislaamme k\u00e4ytt\u00e4m\u00e4\u00e4mme liuotinta uusiok\u00e4ytt\u00f6 varten. Maalaamoidemme statiikka v\u00e4hent\u00e4\u00e4 ohiruiskutuksen m\u00e4\u00e4r\u00e4\u00e4 v\u00e4hent\u00e4en maalien kulutusta pintak\u00e4sittelyprosessissamme.<\/li>\n<li>Tehtaassamme on tehokas l\u00e4mm\u00f6n talteenottoj\u00e4rjestelm\u00e4. K\u00e4yt\u00e4mme vain murto-osan l\u00e4mmitysenergiaa suhteessa vastaavankokoiseen kiinteist\u00f6\u00f6n.<\/li>\n<li><strong>Turvallisuus on t\u00e4rkein asia tuotannossamme!<\/strong> Emme tingi turvallisuudesta tavoitellessamme nopeutta ja tuottavuutta. Tuotantoprosessi on suunniteltu huomioiden turvallisuus mm. henkil\u00f6kohtaisissa suojaimissa, nostoissa, ty\u00f6koneiden k\u00e4yt\u00f6ss\u00e4, tuli- ja s\u00e4hk\u00f6t\u00f6iss\u00e4 sek\u00e4 kemikaalien k\u00e4sittelyss\u00e4.<\/li>\n<li>Hitsaamon ty\u00f6pisteiss\u00e4 ty\u00f6skentely\u00e4 helpottavat ergonomiset, s\u00e4\u00e4dett\u00e4v\u00e4t hitsauskokoonpanotelineet. Hitsaamon hengitysilma on tehokkaan ilmanpuhdistusj\u00e4rjestelm\u00e4n ansiosta huomattavasti puhtaampaa kuin m\u00e4\u00e4r\u00e4ykset vaativat.<\/li>\n<\/ul>\n<p>[\/vc_column_text][vc_column_text]<strong>Noudatamme huoltotoiminnassamme ymp\u00e4rist\u00f6yst\u00e4v\u00e4llisi\u00e4 ja turvallisia toimintatapoja<\/strong><\/p>\n<ul>\n<li>SMART-\u00e4lypuristimemme mahdollistavat et\u00e4yhteyden hy\u00f6dynt\u00e4misen huoltotoiminnassa. K\u00e4yt\u00e4mme et\u00e4yhteytt\u00e4 vian ja tarvittavien varaosien m\u00e4\u00e4ritt\u00e4misess\u00e4. Teemme s\u00e4\u00e4d\u00f6t ja korjaukset mahdollisuuksien mukaan et\u00e4yhteyden v\u00e4lityksell\u00e4. N\u00e4in v\u00e4henn\u00e4mme huoltoajoja ja niist\u00e4 syntyvi\u00e4 p\u00e4\u00e4st\u00f6j\u00e4.<\/li>\n<li>Kierr\u00e4t\u00e4mme hydrauliikka\u00f6ljyn. Vuodesta 2009 alkaen jokainen liikkuva huoltoyksikk\u00f6mme on varustettu \u00f6ljynpuhdistuslaitteistolla. M\u00e4\u00e4r\u00e4aikaishuollon yhteydess\u00e4 puhdistamme \u00f6ljyn sen vaihtamisen sijaan, joten toiminnastamme ei juuri synny j\u00e4te\u00f6ljy\u00e4.<\/li>\n<li>Kaikki huoltoasentajamme ovat omia ja suorittaneet ty\u00f6turvallisuus-, tulity\u00f6- ja s\u00e4hk\u00f6ty\u00f6turvallisuuskoulutukset ja saaneet perehdytyksen turvallisiin ty\u00f6skentelytapoihin asiakaskohteissa ja huoltohallillamme.<\/li>\n<li>Huoltoasentajamme tuntevat k\u00e4sittelemiens\u00e4 kemikaalien, \u00f6ljyjen ja kaasujen turvallisuusriskit ja oikeat k\u00e4sittelytavat. N\u00e4iden aineiden k\u00e4sittelyss\u00e4 kiinnitet\u00e4\u00e4n erityist\u00e4 huomiota tuotekohtaisten ohjeiden ja k\u00e4ytt\u00f6turvallisuustiedotteiden noudattamiseen. K\u00e4ytt\u00f6turvallisuustiedotteiden hallinnassa k\u00e4yt\u00f6ss\u00e4mme on kemikaalihallintaohjelma. Ohjelman avulla k\u00e4ytt\u00e4miemme kemikaalien k\u00e4ytt\u00f6turvallisuustiedotteet ovat jatkuvasti ajan tasalla sek\u00e4 kaikilla huoltoasentajillamme mobiilisti aina mukana.<\/li>\n<\/ul>\n<p>[\/vc_column_text][\/vc_column][\/vc_row][vc_row][vc_column width=&#8221;1\/3&#8243;][vc_single_image media=&#8221;105260&#8243; media_width_percent=&#8221;40&#8243; alignment=&#8221;center&#8221;][\/vc_column][vc_column width=&#8221;1\/3&#8243;][\/vc_column][\/vc_row][vc_row row_height_percent=&#8221;0&#8243; override_padding=&#8221;yes&#8221; h_padding=&#8221;2&#8243; top_padding=&#8221;2&#8243; bottom_padding=&#8221;4&#8243; overlay_alpha=&#8221;50&#8243; gutter_size=&#8221;3&#8243; column_width_percent=&#8221;100&#8243; shift_y=&#8221;0&#8243; z_index=&#8221;0&#8243;][vc_column width=&#8221;1\/1&#8243;][vc_custom_heading]Millaisia ymp\u00e4rist\u00f6- ja turvallisuusparannuksia tuotamme asiakkaillemme?[\/vc_custom_heading][vc_column_text]<strong>Toimittamiemme j\u00e4tehuoltoratkaisujen avulla asiakkaamme pienent\u00e4v\u00e4t omaa ymp\u00e4rist\u00f6kuormaansa<\/strong><\/p>\n<ul>\n<li>Huolella suunniteltu ja valmistettu j\u00e4tehuollon kokonaisratkaisu helpottaa lajittelua ja kierr\u00e4tyst\u00e4. Ker\u00e4ysv\u00e4lineittemme avulla asiakkaamme toimittavat jatkok\u00e4sittelyyn erilaiset hy\u00f6tymateriaalit, kuten ker\u00e4yspahvi, muovi, energia ym.<\/li>\n<li>Siisti ja hygieeninen j\u00e4tepiste on aina eduksi ymp\u00e4rist\u00f6lle. Kokonaisvaltaisen suunnittelupalvelumme ansiosta toimittamamme j\u00e4tehuoltoratkaisut auttavat luomaan siistit, turvalliset, terveelliset ja ymp\u00e4rist\u00f6yst\u00e4v\u00e4lliset ty\u00f6skentelyolosuhteet j\u00e4tepisteeseen.<\/li>\n<li>Tehokkaat laitteemme puristavat j\u00e4tteen tiiviiksi. Automaattisen t\u00e4yt\u00f6nvalvonnan ja tyhjennyskutsujen ansiosta s\u00e4ili\u00f6 tyhjennet\u00e4\u00e4n vasta, kun se on t\u00e4ysi. N\u00e4iden ominaisuuksien ansiosta tyhjennyskuljetukset ja niist\u00e4 aiheutuvat p\u00e4\u00e4st\u00f6t v\u00e4henev\u00e4t.<\/li>\n<li>Laitteemme ovat laadukkaita ja pitk\u00e4ik\u00e4isi\u00e4. Ne s\u00e4\u00e4st\u00e4v\u00e4t itse\u00e4\u00e4n kulumiselta optimoimalla ty\u00f6liikkeens\u00e4 tilanteen mukaan. Esimerkiksi kone tekee vain yhden ty\u00f6liikkeen kontin ollessa tyhj\u00e4. Kontin t\u00e4yttyess\u00e4 ty\u00f6liikkeit\u00e4 tehd\u00e4\u00e4n kaksi tai useampi. Ennakoiva huoltopalvelumme pit\u00e4\u00e4 laitteet toimintakunnossa kaikkina vuodenaikoina. Asiakkaalle laitteen vaihtov\u00e4li on optimi.<\/li>\n<\/ul>\n<p>[\/vc_column_text][vc_column_text]<strong>Ratkaisumme tuovat konkreettisia parannuksia ty\u00f6turvallisuuteen j\u00e4tepisteess\u00e4<\/strong><\/p>\n<ul>\n<li>Laitteidemme suunnittelussa, toiminnoissa ja mitoituksessa on kiinnitetty erityist\u00e4 huomiota turvallisuuteen. Ne t\u00e4ytt\u00e4v\u00e4t koneturvallisuutta koskevat <strong>lait ja s\u00e4\u00e4d\u00f6kset<\/strong>, EN ISO 16486 puristimille sek\u00e4 EN ISO 16500 paalaimille. Asiakaskohtaisissa kokonaisratkaisuissa huomioidaan aina kohteen erityisvaatimukset turvallisen j\u00e4tepisteen toteutumiselle.<\/li>\n<li>Ennakoiva huoltopalvelumme tarkistaa m\u00e4\u00e4r\u00e4ajoin laitteen toimintakunnon ja turvallisuustekij\u00e4t. N\u00e4m\u00e4 m\u00e4\u00e4r\u00e4aikaistarkastukset t\u00e4ytt\u00e4v\u00e4t ty\u00f6v\u00e4lineiden k\u00e4ytt\u00f6asetuksen 403\/2008 vaatimukset. Asetus velvoittaa ty\u00f6nantajaa varmistamaan k\u00e4yt\u00f6ss\u00e4 olevan laitteen turvallisuuden k\u00e4ytt\u00e4jille koko k\u00e4ytt\u00f6i\u00e4n ajan.<\/li>\n<\/ul>\n<p>[\/vc_column_text][\/vc_column][\/vc_row]<\/p>\n<\/div>","protected":false},"excerpt":{"rendered":"<p>[vc_row row_height_percent=&#8221;0&#8243; override_padding=&#8221;yes&#8221; h_padding=&#8221;2&#8243; top_padding=&#8221;3&#8243; bottom_padding=&#8221;2&#8243; overlay_alpha=&#8221;50&#8243; gutter_size=&#8221;3&#8243; column_width_percent=&#8221;100&#8243; shift_y=&#8221;0&#8243; z_index=&#8221;0&#8243;][vc_column width=&#8221;1\/1&#8243;][vc_custom_heading]Miten huomioimme ymp\u00e4rist\u00f6n ja turvallisuuden omassa toiminnassamme?[\/vc_custom_heading][vc_column_text]Tehtaamme on alusta [&hellip;]<\/p>\n","protected":false},"author":25,"featured_media":95837,"parent":74917,"menu_order":0,"comment_status":"closed","ping_status":"closed","template":"","meta":{"footnotes":""},"class_list":["post-95821","page","type-page","status-publish","has-post-thumbnail","hentry"],"yoast_head":"<!-- This site is optimized with the Yoast SEO Premium plugin v27.3 (Yoast SEO v27.3) - https:\/\/yoast.com\/product\/yoast-seo-premium-wordpress\/ -->\n<title>YMP\u00c4RIST\u00d6POLITIIKKA - Europress Group<\/title>\n<meta name=\"robots\" content=\"index, follow, max-snippet:-1, max-image-preview:large, max-video-preview:-1\" \/>\n<link rel=\"canonical\" href=\"https:\/\/europressgroup.com\/fi\/yritys\/ymparistopolitiikka\/\" \/>\n<meta property=\"og:locale\" content=\"fi_FI\" \/>\n<meta property=\"og:type\" content=\"article\" \/>\n<meta property=\"og:title\" content=\"YMP\u00c4RIST\u00d6POLITIIKKA\" \/>\n<meta property=\"og:description\" content=\"Miten huomioimme ymp\u00e4rist\u00f6n ja turvallisuuden omassa toiminnassamme?Tehtaamme on alusta alkaen suunniteltu ymp\u00e4rist\u00f6 ja turvallisuus huomioiden\" \/>\n<meta property=\"og:url\" content=\"https:\/\/europressgroup.com\/fi\/yritys\/ymparistopolitiikka\/\" \/>\n<meta property=\"og:site_name\" content=\"Europress Group\" \/>\n<meta property=\"article:publisher\" content=\"https:\/\/www.facebook.com\/europresswastehandling\" \/>\n<meta property=\"article:modified_time\" content=\"2021-08-23T11:51:45+00:00\" \/>\n<meta property=\"og:image\" content=\"https:\/\/europressgroup.com\/wp-content\/uploads\/2020\/11\/EUROPRESS_tehdas_ilmakuva_drone_2020_FINAL-small-1-1024x577.jpg\" \/>\n\t<meta property=\"og:image:width\" content=\"1024\" \/>\n\t<meta property=\"og:image:height\" content=\"577\" \/>\n\t<meta property=\"og:image:type\" content=\"image\/jpeg\" \/>\n<meta name=\"twitter:card\" content=\"summary_large_image\" \/>\n<meta name=\"twitter:site\" content=\"@EPWastehandling\" \/>\n<meta name=\"twitter:label1\" content=\"Arvioitu lukuaika\" \/>\n\t<meta name=\"twitter:data1\" content=\"4 minuuttia\" \/>\n<script type=\"application\/ld+json\" class=\"yoast-schema-graph\">{\"@context\":\"https:\\\/\\\/schema.org\",\"@graph\":[{\"@type\":\"WebPage\",\"@id\":\"https:\\\/\\\/europressgroup.com\\\/fi\\\/yritys\\\/ymparistopolitiikka\\\/\",\"url\":\"https:\\\/\\\/europressgroup.com\\\/fi\\\/yritys\\\/ymparistopolitiikka\\\/\",\"name\":\"YMP\u00c4RIST\u00d6POLITIIKKA - Europress Group\",\"isPartOf\":{\"@id\":\"https:\\\/\\\/europressgroup.com\\\/fi\\\/#website\"},\"primaryImageOfPage\":{\"@id\":\"https:\\\/\\\/europressgroup.com\\\/fi\\\/yritys\\\/ymparistopolitiikka\\\/#primaryimage\"},\"image\":{\"@id\":\"https:\\\/\\\/europressgroup.com\\\/fi\\\/yritys\\\/ymparistopolitiikka\\\/#primaryimage\"},\"thumbnailUrl\":\"https:\\\/\\\/europressgroup.com\\\/wp-content\\\/uploads\\\/2020\\\/11\\\/EUROPRESS_tehdas_ilmakuva_drone_2020_FINAL-small-1.jpg\",\"datePublished\":\"2020-11-06T07:31:51+00:00\",\"dateModified\":\"2021-08-23T11:51:45+00:00\",\"breadcrumb\":{\"@id\":\"https:\\\/\\\/europressgroup.com\\\/fi\\\/yritys\\\/ymparistopolitiikka\\\/#breadcrumb\"},\"inLanguage\":\"fi\",\"potentialAction\":[{\"@type\":\"ReadAction\",\"target\":[\"https:\\\/\\\/europressgroup.com\\\/fi\\\/yritys\\\/ymparistopolitiikka\\\/\"]}]},{\"@type\":\"ImageObject\",\"inLanguage\":\"fi\",\"@id\":\"https:\\\/\\\/europressgroup.com\\\/fi\\\/yritys\\\/ymparistopolitiikka\\\/#primaryimage\",\"url\":\"https:\\\/\\\/europressgroup.com\\\/wp-content\\\/uploads\\\/2020\\\/11\\\/EUROPRESS_tehdas_ilmakuva_drone_2020_FINAL-small-1.jpg\",\"contentUrl\":\"https:\\\/\\\/europressgroup.com\\\/wp-content\\\/uploads\\\/2020\\\/11\\\/EUROPRESS_tehdas_ilmakuva_drone_2020_FINAL-small-1.jpg\",\"width\":1920,\"height\":1081,\"caption\":\"ilmakuva_ep_tehdas\"},{\"@type\":\"BreadcrumbList\",\"@id\":\"https:\\\/\\\/europressgroup.com\\\/fi\\\/yritys\\\/ymparistopolitiikka\\\/#breadcrumb\",\"itemListElement\":[{\"@type\":\"ListItem\",\"position\":1,\"name\":\"Home\",\"item\":\"https:\\\/\\\/europressgroup.com\\\/fi\\\/\"},{\"@type\":\"ListItem\",\"position\":2,\"name\":\"YRITYS\",\"item\":\"https:\\\/\\\/europressgroup.com\\\/fi\\\/company\\\/\"},{\"@type\":\"ListItem\",\"position\":3,\"name\":\"YMP\u00c4RIST\u00d6POLITIIKKA\"}]},{\"@type\":\"WebSite\",\"@id\":\"https:\\\/\\\/europressgroup.com\\\/fi\\\/#website\",\"url\":\"https:\\\/\\\/europressgroup.com\\\/fi\\\/\",\"name\":\"Europress Group\",\"description\":\"Northern European leader in Environmental Technology\",\"publisher\":{\"@id\":\"https:\\\/\\\/europressgroup.com\\\/fi\\\/#organization\"},\"potentialAction\":[{\"@type\":\"SearchAction\",\"target\":{\"@type\":\"EntryPoint\",\"urlTemplate\":\"https:\\\/\\\/europressgroup.com\\\/fi\\\/?s={search_term_string}\"},\"query-input\":{\"@type\":\"PropertyValueSpecification\",\"valueRequired\":true,\"valueName\":\"search_term_string\"}}],\"inLanguage\":\"fi\"},{\"@type\":\"Organization\",\"@id\":\"https:\\\/\\\/europressgroup.com\\\/fi\\\/#organization\",\"name\":\"Europress Group\",\"url\":\"https:\\\/\\\/europressgroup.com\\\/fi\\\/\",\"logo\":{\"@type\":\"ImageObject\",\"inLanguage\":\"fi\",\"@id\":\"https:\\\/\\\/europressgroup.com\\\/fi\\\/#\\\/schema\\\/logo\\\/image\\\/\",\"url\":\"https:\\\/\\\/europressgroup.com\\\/wp-content\\\/uploads\\\/2018\\\/12\\\/Europress-logo-1.png\",\"contentUrl\":\"https:\\\/\\\/europressgroup.com\\\/wp-content\\\/uploads\\\/2018\\\/12\\\/Europress-logo-1.png\",\"width\":478,\"height\":75,\"caption\":\"Europress Group\"},\"image\":{\"@id\":\"https:\\\/\\\/europressgroup.com\\\/fi\\\/#\\\/schema\\\/logo\\\/image\\\/\"},\"sameAs\":[\"https:\\\/\\\/www.facebook.com\\\/europresswastehandling\",\"https:\\\/\\\/x.com\\\/EPWastehandling\",\"https:\\\/\\\/www.instagram.com\\\/europressgroup\\\/\",\"https:\\\/\\\/www.linkedin.com\\\/company\\\/europress\"],\"publishingPrinciples\":\"https:\\\/\\\/europressgroup.com\\\/environment-safety-quality\\\/\",\"ownershipFundingInfo\":\"https:\\\/\\\/europressgroup.com\\\/history\\\/\",\"actionableFeedbackPolicy\":\"https:\\\/\\\/europressgroup.com\\\/customer-feedback\\\/\",\"correctionsPolicy\":\"https:\\\/\\\/europressgroup.com\\\/customer-feedback\\\/\",\"ethicsPolicy\":\"https:\\\/\\\/europressgroup.com\\\/responsibility\\\/\"}]}<\/script>\n<!-- \/ Yoast SEO Premium plugin. -->","yoast_head_json":{"title":"YMP\u00c4RIST\u00d6POLITIIKKA - Europress Group","robots":{"index":"index","follow":"follow","max-snippet":"max-snippet:-1","max-image-preview":"max-image-preview:large","max-video-preview":"max-video-preview:-1"},"canonical":"https:\/\/europressgroup.com\/fi\/yritys\/ymparistopolitiikka\/","og_locale":"fi_FI","og_type":"article","og_title":"YMP\u00c4RIST\u00d6POLITIIKKA","og_description":"Miten huomioimme ymp\u00e4rist\u00f6n ja turvallisuuden omassa toiminnassamme?Tehtaamme on alusta alkaen suunniteltu ymp\u00e4rist\u00f6 ja turvallisuus huomioiden","og_url":"https:\/\/europressgroup.com\/fi\/yritys\/ymparistopolitiikka\/","og_site_name":"Europress Group","article_publisher":"https:\/\/www.facebook.com\/europresswastehandling","article_modified_time":"2021-08-23T11:51:45+00:00","og_image":[{"width":1024,"height":577,"url":"https:\/\/europressgroup.com\/wp-content\/uploads\/2020\/11\/EUROPRESS_tehdas_ilmakuva_drone_2020_FINAL-small-1-1024x577.jpg","type":"image\/jpeg"}],"twitter_card":"summary_large_image","twitter_site":"@EPWastehandling","twitter_misc":{"Arvioitu lukuaika":"4 minuuttia"},"schema":{"@context":"https:\/\/schema.org","@graph":[{"@type":"WebPage","@id":"https:\/\/europressgroup.com\/fi\/yritys\/ymparistopolitiikka\/","url":"https:\/\/europressgroup.com\/fi\/yritys\/ymparistopolitiikka\/","name":"YMP\u00c4RIST\u00d6POLITIIKKA - Europress Group","isPartOf":{"@id":"https:\/\/europressgroup.com\/fi\/#website"},"primaryImageOfPage":{"@id":"https:\/\/europressgroup.com\/fi\/yritys\/ymparistopolitiikka\/#primaryimage"},"image":{"@id":"https:\/\/europressgroup.com\/fi\/yritys\/ymparistopolitiikka\/#primaryimage"},"thumbnailUrl":"https:\/\/europressgroup.com\/wp-content\/uploads\/2020\/11\/EUROPRESS_tehdas_ilmakuva_drone_2020_FINAL-small-1.jpg","datePublished":"2020-11-06T07:31:51+00:00","dateModified":"2021-08-23T11:51:45+00:00","breadcrumb":{"@id":"https:\/\/europressgroup.com\/fi\/yritys\/ymparistopolitiikka\/#breadcrumb"},"inLanguage":"fi","potentialAction":[{"@type":"ReadAction","target":["https:\/\/europressgroup.com\/fi\/yritys\/ymparistopolitiikka\/"]}]},{"@type":"ImageObject","inLanguage":"fi","@id":"https:\/\/europressgroup.com\/fi\/yritys\/ymparistopolitiikka\/#primaryimage","url":"https:\/\/europressgroup.com\/wp-content\/uploads\/2020\/11\/EUROPRESS_tehdas_ilmakuva_drone_2020_FINAL-small-1.jpg","contentUrl":"https:\/\/europressgroup.com\/wp-content\/uploads\/2020\/11\/EUROPRESS_tehdas_ilmakuva_drone_2020_FINAL-small-1.jpg","width":1920,"height":1081,"caption":"ilmakuva_ep_tehdas"},{"@type":"BreadcrumbList","@id":"https:\/\/europressgroup.com\/fi\/yritys\/ymparistopolitiikka\/#breadcrumb","itemListElement":[{"@type":"ListItem","position":1,"name":"Home","item":"https:\/\/europressgroup.com\/fi\/"},{"@type":"ListItem","position":2,"name":"YRITYS","item":"https:\/\/europressgroup.com\/fi\/company\/"},{"@type":"ListItem","position":3,"name":"YMP\u00c4RIST\u00d6POLITIIKKA"}]},{"@type":"WebSite","@id":"https:\/\/europressgroup.com\/fi\/#website","url":"https:\/\/europressgroup.com\/fi\/","name":"Europress Group","description":"Northern European leader in Environmental Technology","publisher":{"@id":"https:\/\/europressgroup.com\/fi\/#organization"},"potentialAction":[{"@type":"SearchAction","target":{"@type":"EntryPoint","urlTemplate":"https:\/\/europressgroup.com\/fi\/?s={search_term_string}"},"query-input":{"@type":"PropertyValueSpecification","valueRequired":true,"valueName":"search_term_string"}}],"inLanguage":"fi"},{"@type":"Organization","@id":"https:\/\/europressgroup.com\/fi\/#organization","name":"Europress Group","url":"https:\/\/europressgroup.com\/fi\/","logo":{"@type":"ImageObject","inLanguage":"fi","@id":"https:\/\/europressgroup.com\/fi\/#\/schema\/logo\/image\/","url":"https:\/\/europressgroup.com\/wp-content\/uploads\/2018\/12\/Europress-logo-1.png","contentUrl":"https:\/\/europressgroup.com\/wp-content\/uploads\/2018\/12\/Europress-logo-1.png","width":478,"height":75,"caption":"Europress Group"},"image":{"@id":"https:\/\/europressgroup.com\/fi\/#\/schema\/logo\/image\/"},"sameAs":["https:\/\/www.facebook.com\/europresswastehandling","https:\/\/x.com\/EPWastehandling","https:\/\/www.instagram.com\/europressgroup\/","https:\/\/www.linkedin.com\/company\/europress"],"publishingPrinciples":"https:\/\/europressgroup.com\/environment-safety-quality\/","ownershipFundingInfo":"https:\/\/europressgroup.com\/history\/","actionableFeedbackPolicy":"https:\/\/europressgroup.com\/customer-feedback\/","correctionsPolicy":"https:\/\/europressgroup.com\/customer-feedback\/","ethicsPolicy":"https:\/\/europressgroup.com\/responsibility\/"}]}},"_links":{"self":[{"href":"https:\/\/europressgroup.com\/fi\/wp-json\/wp\/v2\/pages\/95821","targetHints":{"allow":["GET"]}}],"collection":[{"href":"https:\/\/europressgroup.com\/fi\/wp-json\/wp\/v2\/pages"}],"about":[{"href":"https:\/\/europressgroup.com\/fi\/wp-json\/wp\/v2\/types\/page"}],"author":[{"embeddable":true,"href":"https:\/\/europressgroup.com\/fi\/wp-json\/wp\/v2\/users\/25"}],"replies":[{"embeddable":true,"href":"https:\/\/europressgroup.com\/fi\/wp-json\/wp\/v2\/comments?post=95821"}],"version-history":[{"count":16,"href":"https:\/\/europressgroup.com\/fi\/wp-json\/wp\/v2\/pages\/95821\/revisions"}],"predecessor-version":[{"id":105323,"href":"https:\/\/europressgroup.com\/fi\/wp-json\/wp\/v2\/pages\/95821\/revisions\/105323"}],"up":[{"embeddable":true,"href":"https:\/\/europressgroup.com\/fi\/wp-json\/wp\/v2\/pages\/74917"}],"wp:featuredmedia":[{"embeddable":true,"href":"https:\/\/europressgroup.com\/fi\/wp-json\/wp\/v2\/media\/95837"}],"wp:attachment":[{"href":"https:\/\/europressgroup.com\/fi\/wp-json\/wp\/v2\/media?parent=95821"}],"curies":[{"name":"wp","href":"https:\/\/api.w.org\/{rel}","templated":true}]}}