{"id":85898,"date":"2020-04-28T14:44:58","date_gmt":"2020-04-28T11:44:58","guid":{"rendered":"https:\/\/europressgroup.com\/?page_id=85898"},"modified":"2025-05-15T16:16:57","modified_gmt":"2025-05-15T13:16:57","slug":"asiakaslehti","status":"publish","type":"page","link":"https:\/\/europressgroup.com\/fi\/ajankohtaista\/asiakaslehti\/","title":{"rendered":"EXPRESSIVE &#8211; ASIAKASLEHTI"},"content":{"rendered":"<div class=\"wpb-content-wrapper\"><p>[vc_row row_height_percent=&#8221;0&#8243; override_padding=&#8221;yes&#8221; h_padding=&#8221;2&#8243; top_padding=&#8221;3&#8243; bottom_padding=&#8221;3&#8243; back_color=&#8221;color-xsdn&#8221; overlay_alpha=&#8221;100&#8243; gutter_size=&#8221;100&#8243; column_width_percent=&#8221;100&#8243; shift_y=&#8221;0&#8243; z_index=&#8221;0&#8243; style=&#8221;dark&#8221; row_name=&#8221;Design &amp; Quality&#8221;][vc_column column_width_use_pixel=&#8221;yes&#8221; align_horizontal=&#8221;align_center&#8221; gutter_size=&#8221;3&#8243; overlay_alpha=&#8221;100&#8243; shift_x=&#8221;0&#8243; shift_y=&#8221;0&#8243; medium_width=&#8221;0&#8243; zoom_width=&#8221;0&#8243; zoom_height=&#8221;0&#8243; width=&#8221;1\/1&#8243; column_width_pixel=&#8221;800&#8243;][vc_custom_heading text_transform=&#8221;uppercase&#8221; separator_color=&#8221;yes&#8221; separator=&#8221;yes&#8221; sub_lead=&#8221;yes&#8221; sub_reduced=&#8221;yes&#8221;]INSIPIROIVIA TARINOITA J\u00c4TEHUOLLON<\/p>\n<p>JA SMART-TEKNOLOGIAN MAAILMASTA[\/vc_custom_heading][vc_column_text]<\/p>\n<p id=\"tw-target-text\" class=\"tw-data-text tw-ta tw-text-small\" dir=\"ltr\" data-placeholder=\"K\u00e4\u00e4nn\u00f6s\"><span style=\"font-weight: 400;\">Europressin asiakaslehti EXPRESSIVEss\u00e4 asiakkaamme kertovat, miten oikein valitut j\u00e4tepuristimet ja j\u00e4tepaalaimet, SMART-teknologia ja pilvipalvelut ovat tehostaneet heid\u00e4n j\u00e4tehuoltoaan. Lehden sivuilla asiantuntijamme pohtivat my\u00f6s alan kehityst\u00e4 ja tulevaisuutta. Tuote-esittelyiss\u00e4 p\u00e4\u00e4set tutustumaan j\u00e4tepuristimien ja j\u00e4tepaalaimien tarkasti suunniteltuihin ja laadukkaasti toteutettuihin yksityiskohtiin.\u00a0<\/span><\/p>\n<p>[\/vc_column_text][\/vc_column][\/vc_row][vc_row][vc_column width=&#8221;1\/1&#8243;][uncode_index el_id=&#8221;index-157765&#8243; loop=&#8221;size:20|order_by:date|post_type:post|categories:5184|taxonomy_count:10&#8243; screen_lg=&#8221;1000&#8243; screen_md=&#8221;600&#8243; screen_sm=&#8221;480&#8243; gutter_size=&#8221;3&#8243; post_items=&#8221;media|featured|onpost|original,title,link|default|default_size&#8221; single_overlay_opacity=&#8221;50&#8243; single_padding=&#8221;2&#8243; uncode_shortcode_id=&#8221;778584&#8243;][\/vc_column][\/vc_row]<\/p>\n<\/div>","protected":false},"excerpt":{"rendered":"<p>[vc_row row_height_percent=&#8221;0&#8243; override_padding=&#8221;yes&#8221; h_padding=&#8221;2&#8243; top_padding=&#8221;3&#8243; bottom_padding=&#8221;3&#8243; back_color=&#8221;color-xsdn&#8221; overlay_alpha=&#8221;100&#8243; gutter_size=&#8221;100&#8243; column_width_percent=&#8221;100&#8243; shift_y=&#8221;0&#8243; z_index=&#8221;0&#8243; style=&#8221;dark&#8221; row_name=&#8221;Design &amp; Quality&#8221;][vc_column column_width_use_pixel=&#8221;yes&#8221; align_horizontal=&#8221;align_center&#8221; gutter_size=&#8221;3&#8243; overlay_alpha=&#8221;100&#8243; [&hellip;]<\/p>\n","protected":false},"author":25,"featured_media":74394,"parent":74861,"menu_order":0,"comment_status":"open","ping_status":"closed","template":"","meta":{"footnotes":""},"class_list":["post-85898","page","type-page","status-publish","has-post-thumbnail","hentry"],"yoast_head":"<!-- This site is optimized with the Yoast SEO Premium plugin v27.3 (Yoast SEO v27.3) - https:\/\/yoast.com\/product\/yoast-seo-premium-wordpress\/ -->\n<title>EXPRESSIVE - ASIAKASLEHTI - Europress Group<\/title>\n<meta name=\"description\" content=\"J\u00e4tehuollon erikoislehti. Asiakastarinoita j\u00e4tepuristimien ja j\u00e4tepaalaimien k\u00e4yt\u00f6st\u00e4. Kokemuksia SMART-et\u00e4palveluista ja SMARTwaste-sovelluksesta.\" \/>\n<meta name=\"robots\" content=\"index, follow, max-snippet:-1, max-image-preview:large, max-video-preview:-1\" \/>\n<link rel=\"canonical\" href=\"https:\/\/europressgroup.com\/fi\/ajankohtaista\/asiakaslehti\/\" \/>\n<meta property=\"og:locale\" content=\"fi_FI\" \/>\n<meta property=\"og:type\" content=\"article\" \/>\n<meta property=\"og:title\" content=\"EXPRESSIVE - ASIAKASLEHTI\" \/>\n<meta property=\"og:description\" content=\"INSIPIROIVIA TARINOITA J\u00c4TEHUOLLON JA SMART-TEKNOLOGIAN MAAILMASTA Europressin asiakaslehti EXPRESSIVEss\u00e4 asiakkaamme kertovat, miten oikein valitut\" \/>\n<meta property=\"og:url\" content=\"https:\/\/europressgroup.com\/fi\/ajankohtaista\/asiakaslehti\/\" \/>\n<meta property=\"og:site_name\" content=\"Europress Group\" \/>\n<meta property=\"article:publisher\" content=\"https:\/\/www.facebook.com\/europresswastehandling\" \/>\n<meta property=\"article:modified_time\" content=\"2025-05-15T13:16:57+00:00\" \/>\n<meta property=\"og:image\" content=\"https:\/\/europressgroup.com\/wp-content\/uploads\/2015\/09\/Europress_slider.jpg\" \/>\n\t<meta property=\"og:image:width\" content=\"1469\" \/>\n\t<meta property=\"og:image:height\" content=\"979\" \/>\n\t<meta property=\"og:image:type\" content=\"image\/jpeg\" \/>\n<meta name=\"twitter:card\" content=\"summary_large_image\" \/>\n<meta name=\"twitter:site\" content=\"@EPWastehandling\" \/>\n<meta name=\"twitter:label1\" content=\"Arvioitu lukuaika\" \/>\n\t<meta name=\"twitter:data1\" content=\"1 minuutti\" \/>\n<script type=\"application\/ld+json\" class=\"yoast-schema-graph\">{\"@context\":\"https:\\\/\\\/schema.org\",\"@graph\":[{\"@type\":\"WebPage\",\"@id\":\"https:\\\/\\\/europressgroup.com\\\/fi\\\/ajankohtaista\\\/asiakaslehti\\\/\",\"url\":\"https:\\\/\\\/europressgroup.com\\\/fi\\\/ajankohtaista\\\/asiakaslehti\\\/\",\"name\":\"EXPRESSIVE - ASIAKASLEHTI - Europress Group\",\"isPartOf\":{\"@id\":\"https:\\\/\\\/europressgroup.com\\\/fi\\\/#website\"},\"primaryImageOfPage\":{\"@id\":\"https:\\\/\\\/europressgroup.com\\\/fi\\\/ajankohtaista\\\/asiakaslehti\\\/#primaryimage\"},\"image\":{\"@id\":\"https:\\\/\\\/europressgroup.com\\\/fi\\\/ajankohtaista\\\/asiakaslehti\\\/#primaryimage\"},\"thumbnailUrl\":\"https:\\\/\\\/europressgroup.com\\\/wp-content\\\/uploads\\\/2015\\\/09\\\/Europress_slider.jpg\",\"datePublished\":\"2020-04-28T11:44:58+00:00\",\"dateModified\":\"2025-05-15T13:16:57+00:00\",\"description\":\"J\u00e4tehuollon erikoislehti. Asiakastarinoita j\u00e4tepuristimien ja j\u00e4tepaalaimien k\u00e4yt\u00f6st\u00e4. Kokemuksia SMART-et\u00e4palveluista ja SMARTwaste-sovelluksesta.\",\"breadcrumb\":{\"@id\":\"https:\\\/\\\/europressgroup.com\\\/fi\\\/ajankohtaista\\\/asiakaslehti\\\/#breadcrumb\"},\"inLanguage\":\"fi\",\"potentialAction\":[{\"@type\":\"ReadAction\",\"target\":[\"https:\\\/\\\/europressgroup.com\\\/fi\\\/ajankohtaista\\\/asiakaslehti\\\/\"]}]},{\"@type\":\"ImageObject\",\"inLanguage\":\"fi\",\"@id\":\"https:\\\/\\\/europressgroup.com\\\/fi\\\/ajankohtaista\\\/asiakaslehti\\\/#primaryimage\",\"url\":\"https:\\\/\\\/europressgroup.com\\\/wp-content\\\/uploads\\\/2015\\\/09\\\/Europress_slider.jpg\",\"contentUrl\":\"https:\\\/\\\/europressgroup.com\\\/wp-content\\\/uploads\\\/2015\\\/09\\\/Europress_slider.jpg\",\"width\":1469,\"height\":979},{\"@type\":\"BreadcrumbList\",\"@id\":\"https:\\\/\\\/europressgroup.com\\\/fi\\\/ajankohtaista\\\/asiakaslehti\\\/#breadcrumb\",\"itemListElement\":[{\"@type\":\"ListItem\",\"position\":1,\"name\":\"Home\",\"item\":\"https:\\\/\\\/europressgroup.com\\\/fi\\\/\"},{\"@type\":\"ListItem\",\"position\":2,\"name\":\"AJANKOHTAISTA\",\"item\":\"https:\\\/\\\/europressgroup.com\\\/fi\\\/ajankohtaista\\\/\"},{\"@type\":\"ListItem\",\"position\":3,\"name\":\"EXPRESSIVE &#8211; ASIAKASLEHTI\"}]},{\"@type\":\"WebSite\",\"@id\":\"https:\\\/\\\/europressgroup.com\\\/fi\\\/#website\",\"url\":\"https:\\\/\\\/europressgroup.com\\\/fi\\\/\",\"name\":\"Europress Group\",\"description\":\"Northern European leader in Environmental Technology\",\"publisher\":{\"@id\":\"https:\\\/\\\/europressgroup.com\\\/fi\\\/#organization\"},\"potentialAction\":[{\"@type\":\"SearchAction\",\"target\":{\"@type\":\"EntryPoint\",\"urlTemplate\":\"https:\\\/\\\/europressgroup.com\\\/fi\\\/?s={search_term_string}\"},\"query-input\":{\"@type\":\"PropertyValueSpecification\",\"valueRequired\":true,\"valueName\":\"search_term_string\"}}],\"inLanguage\":\"fi\"},{\"@type\":\"Organization\",\"@id\":\"https:\\\/\\\/europressgroup.com\\\/fi\\\/#organization\",\"name\":\"Europress Group\",\"url\":\"https:\\\/\\\/europressgroup.com\\\/fi\\\/\",\"logo\":{\"@type\":\"ImageObject\",\"inLanguage\":\"fi\",\"@id\":\"https:\\\/\\\/europressgroup.com\\\/fi\\\/#\\\/schema\\\/logo\\\/image\\\/\",\"url\":\"https:\\\/\\\/europressgroup.com\\\/wp-content\\\/uploads\\\/2018\\\/12\\\/Europress-logo-1.png\",\"contentUrl\":\"https:\\\/\\\/europressgroup.com\\\/wp-content\\\/uploads\\\/2018\\\/12\\\/Europress-logo-1.png\",\"width\":478,\"height\":75,\"caption\":\"Europress Group\"},\"image\":{\"@id\":\"https:\\\/\\\/europressgroup.com\\\/fi\\\/#\\\/schema\\\/logo\\\/image\\\/\"},\"sameAs\":[\"https:\\\/\\\/www.facebook.com\\\/europresswastehandling\",\"https:\\\/\\\/x.com\\\/EPWastehandling\",\"https:\\\/\\\/www.instagram.com\\\/europressgroup\\\/\",\"https:\\\/\\\/www.linkedin.com\\\/company\\\/europress\"],\"publishingPrinciples\":\"https:\\\/\\\/europressgroup.com\\\/environment-safety-quality\\\/\",\"ownershipFundingInfo\":\"https:\\\/\\\/europressgroup.com\\\/history\\\/\",\"actionableFeedbackPolicy\":\"https:\\\/\\\/europressgroup.com\\\/customer-feedback\\\/\",\"correctionsPolicy\":\"https:\\\/\\\/europressgroup.com\\\/customer-feedback\\\/\",\"ethicsPolicy\":\"https:\\\/\\\/europressgroup.com\\\/responsibility\\\/\"}]}<\/script>\n<!-- \/ Yoast SEO Premium plugin. -->","yoast_head_json":{"title":"EXPRESSIVE - ASIAKASLEHTI - Europress Group","description":"J\u00e4tehuollon erikoislehti. Asiakastarinoita j\u00e4tepuristimien ja j\u00e4tepaalaimien k\u00e4yt\u00f6st\u00e4. Kokemuksia SMART-et\u00e4palveluista ja SMARTwaste-sovelluksesta.","robots":{"index":"index","follow":"follow","max-snippet":"max-snippet:-1","max-image-preview":"max-image-preview:large","max-video-preview":"max-video-preview:-1"},"canonical":"https:\/\/europressgroup.com\/fi\/ajankohtaista\/asiakaslehti\/","og_locale":"fi_FI","og_type":"article","og_title":"EXPRESSIVE - ASIAKASLEHTI","og_description":"INSIPIROIVIA TARINOITA J\u00c4TEHUOLLON JA SMART-TEKNOLOGIAN MAAILMASTA Europressin asiakaslehti EXPRESSIVEss\u00e4 asiakkaamme kertovat, miten oikein valitut","og_url":"https:\/\/europressgroup.com\/fi\/ajankohtaista\/asiakaslehti\/","og_site_name":"Europress Group","article_publisher":"https:\/\/www.facebook.com\/europresswastehandling","article_modified_time":"2025-05-15T13:16:57+00:00","og_image":[{"width":1469,"height":979,"url":"https:\/\/europressgroup.com\/wp-content\/uploads\/2015\/09\/Europress_slider.jpg","type":"image\/jpeg"}],"twitter_card":"summary_large_image","twitter_site":"@EPWastehandling","twitter_misc":{"Arvioitu lukuaika":"1 minuutti"},"schema":{"@context":"https:\/\/schema.org","@graph":[{"@type":"WebPage","@id":"https:\/\/europressgroup.com\/fi\/ajankohtaista\/asiakaslehti\/","url":"https:\/\/europressgroup.com\/fi\/ajankohtaista\/asiakaslehti\/","name":"EXPRESSIVE - ASIAKASLEHTI - Europress Group","isPartOf":{"@id":"https:\/\/europressgroup.com\/fi\/#website"},"primaryImageOfPage":{"@id":"https:\/\/europressgroup.com\/fi\/ajankohtaista\/asiakaslehti\/#primaryimage"},"image":{"@id":"https:\/\/europressgroup.com\/fi\/ajankohtaista\/asiakaslehti\/#primaryimage"},"thumbnailUrl":"https:\/\/europressgroup.com\/wp-content\/uploads\/2015\/09\/Europress_slider.jpg","datePublished":"2020-04-28T11:44:58+00:00","dateModified":"2025-05-15T13:16:57+00:00","description":"J\u00e4tehuollon erikoislehti. Asiakastarinoita j\u00e4tepuristimien ja j\u00e4tepaalaimien k\u00e4yt\u00f6st\u00e4. Kokemuksia SMART-et\u00e4palveluista ja SMARTwaste-sovelluksesta.","breadcrumb":{"@id":"https:\/\/europressgroup.com\/fi\/ajankohtaista\/asiakaslehti\/#breadcrumb"},"inLanguage":"fi","potentialAction":[{"@type":"ReadAction","target":["https:\/\/europressgroup.com\/fi\/ajankohtaista\/asiakaslehti\/"]}]},{"@type":"ImageObject","inLanguage":"fi","@id":"https:\/\/europressgroup.com\/fi\/ajankohtaista\/asiakaslehti\/#primaryimage","url":"https:\/\/europressgroup.com\/wp-content\/uploads\/2015\/09\/Europress_slider.jpg","contentUrl":"https:\/\/europressgroup.com\/wp-content\/uploads\/2015\/09\/Europress_slider.jpg","width":1469,"height":979},{"@type":"BreadcrumbList","@id":"https:\/\/europressgroup.com\/fi\/ajankohtaista\/asiakaslehti\/#breadcrumb","itemListElement":[{"@type":"ListItem","position":1,"name":"Home","item":"https:\/\/europressgroup.com\/fi\/"},{"@type":"ListItem","position":2,"name":"AJANKOHTAISTA","item":"https:\/\/europressgroup.com\/fi\/ajankohtaista\/"},{"@type":"ListItem","position":3,"name":"EXPRESSIVE &#8211; ASIAKASLEHTI"}]},{"@type":"WebSite","@id":"https:\/\/europressgroup.com\/fi\/#website","url":"https:\/\/europressgroup.com\/fi\/","name":"Europress Group","description":"Northern European leader in Environmental Technology","publisher":{"@id":"https:\/\/europressgroup.com\/fi\/#organization"},"potentialAction":[{"@type":"SearchAction","target":{"@type":"EntryPoint","urlTemplate":"https:\/\/europressgroup.com\/fi\/?s={search_term_string}"},"query-input":{"@type":"PropertyValueSpecification","valueRequired":true,"valueName":"search_term_string"}}],"inLanguage":"fi"},{"@type":"Organization","@id":"https:\/\/europressgroup.com\/fi\/#organization","name":"Europress Group","url":"https:\/\/europressgroup.com\/fi\/","logo":{"@type":"ImageObject","inLanguage":"fi","@id":"https:\/\/europressgroup.com\/fi\/#\/schema\/logo\/image\/","url":"https:\/\/europressgroup.com\/wp-content\/uploads\/2018\/12\/Europress-logo-1.png","contentUrl":"https:\/\/europressgroup.com\/wp-content\/uploads\/2018\/12\/Europress-logo-1.png","width":478,"height":75,"caption":"Europress Group"},"image":{"@id":"https:\/\/europressgroup.com\/fi\/#\/schema\/logo\/image\/"},"sameAs":["https:\/\/www.facebook.com\/europresswastehandling","https:\/\/x.com\/EPWastehandling","https:\/\/www.instagram.com\/europressgroup\/","https:\/\/www.linkedin.com\/company\/europress"],"publishingPrinciples":"https:\/\/europressgroup.com\/environment-safety-quality\/","ownershipFundingInfo":"https:\/\/europressgroup.com\/history\/","actionableFeedbackPolicy":"https:\/\/europressgroup.com\/customer-feedback\/","correctionsPolicy":"https:\/\/europressgroup.com\/customer-feedback\/","ethicsPolicy":"https:\/\/europressgroup.com\/responsibility\/"}]}},"_links":{"self":[{"href":"https:\/\/europressgroup.com\/fi\/wp-json\/wp\/v2\/pages\/85898","targetHints":{"allow":["GET"]}}],"collection":[{"href":"https:\/\/europressgroup.com\/fi\/wp-json\/wp\/v2\/pages"}],"about":[{"href":"https:\/\/europressgroup.com\/fi\/wp-json\/wp\/v2\/types\/page"}],"author":[{"embeddable":true,"href":"https:\/\/europressgroup.com\/fi\/wp-json\/wp\/v2\/users\/25"}],"replies":[{"embeddable":true,"href":"https:\/\/europressgroup.com\/fi\/wp-json\/wp\/v2\/comments?post=85898"}],"version-history":[{"count":12,"href":"https:\/\/europressgroup.com\/fi\/wp-json\/wp\/v2\/pages\/85898\/revisions"}],"predecessor-version":[{"id":154119,"href":"https:\/\/europressgroup.com\/fi\/wp-json\/wp\/v2\/pages\/85898\/revisions\/154119"}],"up":[{"embeddable":true,"href":"https:\/\/europressgroup.com\/fi\/wp-json\/wp\/v2\/pages\/74861"}],"wp:featuredmedia":[{"embeddable":true,"href":"https:\/\/europressgroup.com\/fi\/wp-json\/wp\/v2\/media\/74394"}],"wp:attachment":[{"href":"https:\/\/europressgroup.com\/fi\/wp-json\/wp\/v2\/media?parent=85898"}],"curies":[{"name":"wp","href":"https:\/\/api.w.org\/{rel}","templated":true}]}}