{"id":75034,"date":"2019-03-29T15:23:44","date_gmt":"2019-03-29T13:23:44","guid":{"rendered":"https:\/\/europressgroup.com\/epc-miniepc\/"},"modified":"2024-11-25T14:32:57","modified_gmt":"2024-11-25T12:32:57","slug":"epc-miniepc","status":"publish","type":"page","link":"https:\/\/europressgroup.com\/fi\/epc-miniepc\/","title":{"rendered":"EPC &#038; MiniEPC j\u00e4tepuristimet"},"content":{"rendered":"<div class=\"wpb-content-wrapper\"><p>[vc_row row_height_percent=&#8221;0&#8243; override_padding=&#8221;yes&#8221; h_padding=&#8221;2&#8243; top_padding=&#8221;4&#8243; bottom_padding=&#8221;1&#8243; overlay_alpha=&#8221;50&#8243; equal_height=&#8221;yes&#8221; gutter_size=&#8221;3&#8243; column_width_percent=&#8221;100&#8243; shift_y=&#8221;0&#8243; z_index=&#8221;0&#8243; row_name=&#8221;Highlights&#8221;][vc_column column_width_percent=&#8221;100&#8243; position_horizontal=&#8221;left&#8221; position_vertical=&#8221;middle&#8221; gutter_size=&#8221;3&#8243; override_padding=&#8221;yes&#8221; column_padding=&#8221;2&#8243; overlay_alpha=&#8221;50&#8243; shift_x=&#8221;0&#8243; shift_y=&#8221;0&#8243; shift_y_down=&#8221;0&#8243; z_index=&#8221;0&#8243; medium_width=&#8221;4&#8243; mobile_width=&#8221;0&#8243; zoom_width=&#8221;0&#8243; zoom_height=&#8221;0&#8243; width=&#8221;1\/2&#8243;][vc_single_image media=&#8221;141354&#8243; media_width_percent=&#8221;100&#8243; image=&#8221;2286&#8243; border_color=&#8221;grey&#8221; img_link_target=&#8221;_self&#8221; img_size=&#8221;full&#8221; uncode_shortcode_id=&#8221;170671&#8243;][\/vc_column][vc_column column_width_percent=&#8221;100&#8243; position_vertical=&#8221;middle&#8221; align_horizontal=&#8221;align_center&#8221; gutter_size=&#8221;3&#8243; expand_height=&#8221;yes&#8221; overlay_alpha=&#8221;50&#8243; shift_x=&#8221;0&#8243; shift_y=&#8221;0&#8243; shift_y_down=&#8221;0&#8243; z_index=&#8221;0&#8243; medium_width=&#8221;4&#8243; mobile_width=&#8221;0&#8243; zoom_width=&#8221;0&#8243; zoom_height=&#8221;0&#8243; width=&#8221;1\/6&#8243;][vc_icon icon=&#8221;fa fa-recycle&#8221; size=&#8221;fa-3x&#8221; text_height=&#8221;fontheight-179065&#8243; title=&#8221;K\u00c4YTT\u00d6&#8221; uncode_shortcode_id=&#8221;820189&#8243;]Energiajae<\/p>\n<p>Pahvi<\/p>\n<p>Kuiva sekaj\u00e4te<\/p>\n<p>Puuj\u00e4te<\/p>\n<p>Teollisuusj\u00e4te[\/vc_icon][\/vc_column][vc_column column_width_percent=&#8221;100&#8243; align_horizontal=&#8221;align_center&#8221; gutter_size=&#8221;3&#8243; expand_height=&#8221;yes&#8221; overlay_alpha=&#8221;50&#8243; shift_x=&#8221;0&#8243; shift_y=&#8221;0&#8243; shift_y_down=&#8221;0&#8243; z_index=&#8221;0&#8243; medium_width=&#8221;0&#8243; mobile_visibility=&#8221;yes&#8221; mobile_width=&#8221;0&#8243; width=&#8221;1\/6&#8243;][vc_icon icon=&#8221;fa fa-cogs&#8221; size=&#8221;fa-3x&#8221; text_height=&#8221;fontheight-179065&#8243; title=&#8221;OMINAISUUDET&#8221; uncode_shortcode_id=&#8221;103966&#8243;]Eritt\u00e4in suuri sy\u00f6tt\u00f6aukko<br \/>\nEsipuristustoiminto<br \/>\n\u00c4lyk\u00e4s SMART-teknologia[\/vc_icon][\/vc_column][vc_column column_width_percent=&#8221;100&#8243; align_horizontal=&#8221;align_center&#8221; gutter_size=&#8221;3&#8243; expand_height=&#8221;yes&#8221; overlay_alpha=&#8221;50&#8243; shift_x=&#8221;0&#8243; shift_y=&#8221;0&#8243; shift_y_down=&#8221;0&#8243; z_index=&#8221;0&#8243; medium_width=&#8221;0&#8243; mobile_width=&#8221;0&#8243; width=&#8221;1\/6&#8243;][vc_icon icon=&#8221;fa fa-th&#8221; size=&#8221;fa-3x&#8221; text_height=&#8221;fontheight-179065&#8243; title=&#8221;KAPASITEETTI&#8221;]20 m\u00b3<\/p>\n<p>24 m\u00b3<\/p>\n<p>27 m\u00b3<\/p>\n<p>30 m\u00b3<\/p>\n<p>32 m\u00b3[\/vc_icon][\/vc_column][\/vc_row][vc_row row_height_percent=&#8221;0&#8243; override_padding=&#8221;yes&#8221; h_padding=&#8221;2&#8243; top_padding=&#8221;3&#8243; bottom_padding=&#8221;3&#8243; overlay_alpha=&#8221;100&#8243; equal_height=&#8221;yes&#8221; gutter_size=&#8221;0&#8243; column_width_percent=&#8221;100&#8243; shift_y=&#8221;0&#8243; z_index=&#8221;0&#8243; style=&#8221;dark&#8221; row_name=&#8221;Design &amp; Quality&#8221; uncode_shortcode_id=&#8221;164363&#8243;][vc_column column_width_percent=&#8221;100&#8243; position_vertical=&#8221;middle&#8221; gutter_size=&#8221;3&#8243; style=&#8221;light&#8221; overlay_alpha=&#8221;50&#8243; shift_x=&#8221;0&#8243; shift_y=&#8221;0&#8243; shift_y_down=&#8221;0&#8243; z_index=&#8221;0&#8243; medium_width=&#8221;0&#8243; mobile_width=&#8221;0&#8243; width=&#8221;1\/1&#8243; uncode_shortcode_id=&#8221;100844&#8243;][vc_custom_heading text_weight=&#8221;700&#8243; text_transform=&#8221;uppercase&#8221; separator_color=&#8221;yes&#8221; separator=&#8221;yes&#8221; sub_lead=&#8221;yes&#8221; sub_reduced=&#8221;yes&#8221;]ESIPURISTAVAT J\u00c4TEPURISTIMET ERITT\u00c4IN SUURELLE M\u00c4\u00c4R\u00c4LLE J\u00c4TETT\u00c4[\/vc_custom_heading][vc_column_text]EPC-j\u00e4tepuristimet ovat esipuristuslevyll\u00e4 varustettuja puristimia eritt\u00e4in suurten j\u00e4tem\u00e4\u00e4rien k\u00e4sittelyyn. Kun j\u00e4te on kovaa, hankalan muotoista tai suurina kertakuormina, kannattaa se esipuristaa ennen lopullista puristusta. Esipuristettu j\u00e4te on tiiviiss\u00e4 muodossa ja kontin t\u00e4yttyess\u00e4 j\u00e4tteen sekaan ei j\u00e4\u00e4 ilmataskuja.<\/p>\n<p>Tuotevalikoimassamme on kaksi EPC-j\u00e4tepuristinta, Mini-EPC ja EPC. Mini-EPC:n puristinosa on lyhyempi ja t\u00e4ytt\u00f6aukko pienempi kuin EPC- j\u00e4tepuristimessa.[\/vc_column_text][\/vc_column][\/vc_row][vc_row row_height_percent=&#8221;10&#8243; override_padding=&#8221;yes&#8221; h_padding=&#8221;2&#8243; top_padding=&#8221;3&#8243; bottom_padding=&#8221;3&#8243; back_color=&#8221;color-lxmt&#8221; overlay_alpha=&#8221;100&#8243; equal_height=&#8221;yes&#8221; gutter_size=&#8221;0&#8243; column_width_percent=&#8221;100&#8243; shift_y=&#8221;0&#8243; z_index=&#8221;0&#8243; style=&#8221;dark&#8221; row_name=&#8221;Design &amp; Quality&#8221; uncode_shortcode_id=&#8221;157772&#8243; back_color_type=&#8221;uncode-palette&#8221;][vc_column column_width_percent=&#8221;100&#8243; position_horizontal=&#8221;left&#8221; position_vertical=&#8221;middle&#8221; gutter_size=&#8221;3&#8243; overlay_alpha=&#8221;50&#8243; shift_x=&#8221;0&#8243; shift_y=&#8221;0&#8243; shift_y_down=&#8221;0&#8243; z_index=&#8221;0&#8243; medium_width=&#8221;0&#8243; mobile_width=&#8221;0&#8243; width=&#8221;2\/3&#8243; uncode_shortcode_id=&#8221;908827&#8243;][vc_column_text uncode_shortcode_id=&#8221;140080&#8243;]J\u00e4tepuristimien \u00e4lyk\u00e4s SMART-teknologia mahdollistaa kustannustehokkaan ja turvallisen toiminnan. Laitteet voidaan optimoida erilaisia j\u00e4tehuoltotarpeita vastaaviksi ja niiden teknologia suojaa sek\u00e4 laitetta ett\u00e4 k\u00e4ytt\u00e4j\u00e4\u00e4 virhek\u00e4yt\u00f6lt\u00e4, est\u00e4\u00e4 komponenttien rikkoutumisen ja varmistaa n\u00e4in turvallisen toiminnan.<\/p>\n<p>EPC &amp; MiniEPC ovat yhdistett\u00e4viss\u00e4 <a href=\"https:\/\/europressgroup.com\/fi\/smart\/\"><strong>Europress SMART<\/strong><\/a> \u2013verkostoon.[\/vc_column_text][\/vc_column][vc_column width=&#8221;1\/3&#8243;][vc_single_image media=&#8221;73921&#8243; media_width_percent=&#8221;60&#8243; alignment=&#8221;center&#8221; media_link=&#8221;url:https%3A%2F%2Feuropressgroup.com%2Ffi%2Fsmart%2F|title:Europress%20SMART&#8221; uncode_shortcode_id=&#8221;497595&#8243;][\/vc_column][\/vc_row][vc_row unlock_row_content=&#8221;yes&#8221; row_height_percent=&#8221;0&#8243; override_padding=&#8221;yes&#8221; h_padding=&#8221;2&#8243; top_padding=&#8221;4&#8243; bottom_padding=&#8221;4&#8243; back_color=&#8221;color-rgdb&#8221; overlay_alpha=&#8221;50&#8243; gutter_size=&#8221;3&#8243; column_width_percent=&#8221;100&#8243; shift_y=&#8221;0&#8243; z_index=&#8221;0&#8243; row_name=&#8221;Gallery&#8221;][vc_column column_width_use_pixel=&#8221;yes&#8221; align_horizontal=&#8221;align_center&#8221; gutter_size=&#8221;3&#8243; style=&#8221;dark&#8221; overlay_alpha=&#8221;50&#8243; shift_x=&#8221;0&#8243; shift_y=&#8221;0&#8243; medium_width=&#8221;0&#8243; zoom_width=&#8221;0&#8243; zoom_height=&#8221;0&#8243; column_width_pixel=&#8221;1400&#8243;][vc_custom_heading text_transform=&#8221;uppercase&#8221; separator=&#8221;yes&#8221; sub_lead=&#8221;yes&#8221;]Media[\/vc_custom_heading][vc_gallery el_id=&#8221;gallery-47626&#8243; type=&#8221;carousel&#8221; medias=&#8221;73757,73758,73760,73759&#8243; carousel_lg=&#8221;3&#8243; carousel_md=&#8221;2&#8243; carousel_sm=&#8221;1&#8243; thumb_size=&#8221;one-one&#8221; gutter_size=&#8221;2&#8243; media_items=&#8221;media,icon&#8221; carousel_interval=&#8221;3000&#8243; carousel_navspeed=&#8221;400&#8243; carousel_nav=&#8221;yes&#8221; carousel_dots=&#8221;yes&#8221; stage_padding=&#8221;0&#8243; single_overlay_opacity=&#8221;50&#8243; single_image_anim=&#8221;no&#8221; single_h_align=&#8221;center&#8221; single_padding=&#8221;2&#8243; single_icon=&#8221;fa fa-search3&#8243; single_shadow=&#8221;yes&#8221; single_border=&#8221;yes&#8221; carousel_rtl=&#8221;&#8221; single_title_uppercase=&#8221;&#8221;][\/vc_column][\/vc_row][vc_row row_height_percent=&#8221;50&#8243; override_padding=&#8221;yes&#8221; h_padding=&#8221;2&#8243; top_padding=&#8221;0&#8243; bottom_padding=&#8221;0&#8243; back_color=&#8221;color-lxmt&#8221; overlay_alpha=&#8221;100&#8243; equal_height=&#8221;yes&#8221; gutter_size=&#8221;0&#8243; column_width_percent=&#8221;100&#8243; shift_y=&#8221;0&#8243; z_index=&#8221;0&#8243; style=&#8221;dark&#8221; row_name=&#8221;Design &amp; Quality&#8221;][vc_column column_width_percent=&#8221;100&#8243; align_horizontal=&#8221;align_center&#8221; gutter_size=&#8221;3&#8243; override_padding=&#8221;yes&#8221; column_padding=&#8221;4&#8243; style=&#8221;light&#8221; back_color=&#8221;color-lxmt&#8221; overlay_alpha=&#8221;50&#8243; shift_x=&#8221;0&#8243; shift_y=&#8221;0&#8243; shift_y_down=&#8221;0&#8243; z_index=&#8221;0&#8243; medium_width=&#8221;0&#8243; mobile_width=&#8221;0&#8243; width=&#8221;1\/1&#8243;][vc_custom_heading text_weight=&#8221;700&#8243; text_transform=&#8221;uppercase&#8221; separator_color=&#8221;yes&#8221; separator=&#8221;yes&#8221; sub_lead=&#8221;yes&#8221; sub_reduced=&#8221;yes&#8221;]LIS\u00c4TIEDOT[\/vc_custom_heading][vc_tabs][vc_tab title=&#8221;TEKNISET TIEDOT&#8221; tab_id=&#8221;1551168098-1-37&#8243;][vc_column_text uncode_shortcode_id=&#8221;195963&#8243;]<strong>Sy\u00f6tt\u00f6aukon mitat L x K<\/strong><br \/>\n1 850 x 1 850 mm<\/p>\n<p><strong>Puristusvoima (t)<\/strong><br \/>\n32<\/p>\n<p><strong>Iskuaika (s)<\/strong><br \/>\n152<\/p>\n<p><strong>Kapasiteetti (kartonki) (m\u00b3\/h)<\/strong><br \/>\n52<\/p>\n<p><strong>Moottori (kW)<\/strong><br \/>\n7,5 \/ 15*<\/p>\n<p><strong>Virransy\u00f6tt\u00f6<\/strong><br \/>\n400 V, 50 Hz, 3\u00d7C32 A<br \/>\n400 V, 50 Hz, 3\u00d7C50 A*[\/vc_column_text][\/vc_tab][vc_tab title=&#8221;VAKIOVARUSTEET&#8221; tab_id=&#8221;1551168098-2-88&#8243;][vc_column_text]Sininen v\u00e4ri RAL5017<\/p>\n<p>Vakiomallinen sy\u00f6tt\u00f6suppilo<\/p>\n<p>Kontin nostokoukut takana<\/p>\n<p>Kontin siirtopy\u00f6r\u00e4t edess\u00e4<\/p>\n<p>Kontti pois \u2013turvarajakytkin<\/p>\n<p>Esipuristustoiminto (esipuristuslevy)<\/p>\n<p>J\u00e4tteen palautumisenesto (sulkuluukku)<\/p>\n<p>\u00c4lyk\u00e4s SMART-teknologia<\/p>\n<p>Europress SMART \u2013yhdistett\u00e4vyys[\/vc_column_text][\/vc_tab][vc_tab title=&#8221;LIS\u00c4VARUSTEET&#8221; tab_id=&#8221;1551168147535-2-2&#8243;][vc_column_text]Erikoisv\u00e4ri RAL<\/p>\n<p>Ohjauskiskot<\/p>\n<p>Lis\u00e4painikkeet esim. ylim\u00e4\u00e4r\u00e4iset h\u00e4t\u00e4-seis-kytkimet<\/p>\n<p>Kontin siirtopy\u00f6r\u00e4t takana<\/p>\n<p>Tyhjennysoven 2-vaiheinen aukaisumekanismi<\/p>\n<p>Tyhjennysoven Long handle \u2013aukaisumekanismi<\/p>\n<p>Tyhjennysoven hydraulinen aukaisumekanismi<\/p>\n<p>Hydraulinen kontinkiinnitysmekanismi<\/p>\n<p>Astiankaatolaite (integroitu \/ erillinen)<\/p>\n<p>Kannen aukaisumekanismi (hydraulinen \/ s\u00e4hk\u00f6inen)<\/p>\n<p>Koodik\u00e4ynnistys<\/p>\n<p>Automaattik\u00e4ynnistys<\/p>\n<p>7,5 kW koneikko<\/p>\n<p>Madallettu sy\u00f6tt\u00f6aukko<\/p>\n<p>Nousevakattoinen s\u00e4ili\u00f6 20-36 m\u00b3<\/p>\n<p>Varas\u00e4ili\u00f6[\/vc_column_text][\/vc_tab][vc_tab title=&#8221;LAITTEEN MITAT&#8221; tab_id=&#8221;1553697052550-3-8&#8243;][vc_column_text]<\/p>\n<div id=\"tab-1553694567160-3-3\" class=\"tab-pane fade active in\">\n<div class=\"uncode_text_column\">\n<div id=\"tab-1553607013502-3-7\" class=\"tab-pane fade active in\">\n<div class=\"uncode_text_column\">\n<p><strong>EPC \/ MiniEPC puristinosa<\/strong><br \/>\nPituus 5 430 \/ 3 450 mm<br \/>\nLeveys 2 430 \/ 2 130 mm<br \/>\nKorkeus 3 280 \/ 3 330 mm<br \/>\nPaino 8 200 \/ 5 200 kg<\/p>\n<p><strong>Kontti 20 m\u00b3<\/strong><br \/>\nPituus 4 510 mm<br \/>\nLeveys 2 500 mm<br \/>\nKorkeus 2 730 mm<br \/>\nPaino 2 300 kg<\/p>\n<p><strong>Kontti 24 m\u00b3<\/strong><br \/>\nPituus 5 330 mm<br \/>\nLeveys 2 500 mm<br \/>\nKorkeus 2 730 mm<br \/>\nPaino 2 460 kg<\/div>\n<p><strong>Kontti 27 m\u00b3<\/strong><br \/>\nPituus 5 940 mm<br \/>\nLeveys 2 500 mm<br \/>\nKorkeus 2 730 mm<br \/>\nPaino 2 680 kg<\/p>\n<p><strong>Kontti 30 m\u00b3<\/strong><br \/>\nPituus 6 550 mm<br \/>\nLeveys 2 500 mm<br \/>\nKorkeus 2 730 mm<br \/>\nPaino 2 900 kg<\/p>\n<p><strong>Kontti 32 m\u00b3<\/strong><br \/>\nPituus 6 960 mm<br \/>\nLeveys 2 500 mm<br \/>\nKorkeus 2 730 mm<br \/>\nPaino 3 000 kg<\/p>\n<p><strong>Kontti 35 m\u00b3<\/strong><br \/>\nPituus 6 675 mm<br \/>\nLeveys 2 500 mm<br \/>\nKorkeus 3 070 mm<br \/>\nPaino 3 230 kg<\/div>\n<\/div>\n<\/div>\n<p>[\/vc_column_text][\/vc_tab][\/vc_tabs][\/vc_column][\/vc_row][vc_row][vc_column column_width_percent=&#8221;100&#8243; align_horizontal=&#8221;align_center&#8221; gutter_size=&#8221;3&#8243; overlay_alpha=&#8221;50&#8243; shift_x=&#8221;0&#8243; shift_y=&#8221;0&#8243; shift_y_down=&#8221;0&#8243; z_index=&#8221;0&#8243; medium_width=&#8221;0&#8243; mobile_width=&#8221;0&#8243; width=&#8221;1\/1&#8243;][vc_button button_color=&#8221;accent&#8221; radius=&#8221;btn-round&#8221; border_animation=&#8221;btn-ripple-out&#8221; border_width=&#8221;0&#8243; link=&#8221;url:https%3A%2F%2Feuropressgroup.com%2Ffi%2Fladattavat-materiaalit%2F|target:_blank&#8221; button_color_type=&#8221;uncode-palette&#8221; uncode_shortcode_id=&#8221;179817&#8243;]LATAA ESITE[\/vc_button][\/vc_column][\/vc_row][vc_row][vc_column width=&#8221;1\/1&#8243;][uncode_block id=&#8221;73192&#8243;][\/vc_column][\/vc_row]<\/p>\n<\/div>","protected":false},"excerpt":{"rendered":"<p>[vc_row row_height_percent=&#8221;0&#8243; override_padding=&#8221;yes&#8221; h_padding=&#8221;2&#8243; top_padding=&#8221;4&#8243; bottom_padding=&#8221;1&#8243; overlay_alpha=&#8221;50&#8243; equal_height=&#8221;yes&#8221; gutter_size=&#8221;3&#8243; column_width_percent=&#8221;100&#8243; shift_y=&#8221;0&#8243; z_index=&#8221;0&#8243; row_name=&#8221;Highlights&#8221;][vc_column column_width_percent=&#8221;100&#8243; position_horizontal=&#8221;left&#8221; position_vertical=&#8221;middle&#8221; gutter_size=&#8221;3&#8243; override_padding=&#8221;yes&#8221; column_padding=&#8221;2&#8243; overlay_alpha=&#8221;50&#8243; [&hellip;]<\/p>\n","protected":false},"author":5,"featured_media":75035,"parent":0,"menu_order":0,"comment_status":"closed","ping_status":"closed","template":"","meta":{"footnotes":""},"class_list":["post-75034","page","type-page","status-publish","has-post-thumbnail","hentry","page_category-energiajate","page_category-kartonki","page_category-muovit","page_category-sekajate"],"yoast_head":"<!-- This site is optimized with the Yoast SEO Premium plugin v27.3 (Yoast SEO v27.3) - https:\/\/yoast.com\/product\/yoast-seo-premium-wordpress\/ -->\n<title>EPC &amp; MiniEPC j\u00e4tepuristimet - Europress Group<\/title>\n<meta name=\"description\" content=\"EPC ja MiniEPC j\u00e4tepuristimet esipuristimella eritt\u00e4in suurelle m\u00e4\u00e4r\u00e4lle j\u00e4tett\u00e4. Varustettu esipuristuslevyll\u00e4 ja kaksivaiheisella puristuksella.\" \/>\n<meta name=\"robots\" content=\"index, follow, max-snippet:-1, max-image-preview:large, max-video-preview:-1\" \/>\n<link rel=\"canonical\" href=\"https:\/\/europressgroup.com\/fi\/epc-miniepc\/\" \/>\n<meta property=\"og:locale\" content=\"fi_FI\" \/>\n<meta property=\"og:type\" content=\"article\" \/>\n<meta property=\"og:title\" content=\"EPC &amp; MiniEPC j\u00e4tepuristimet\" \/>\n<meta property=\"og:description\" content=\"Energiajae Pahvi Kuiva sekaj\u00e4te Puuj\u00e4te Teollisuusj\u00e4teEritt\u00e4in suuri sy\u00f6tt\u00f6aukko Esipuristustoiminto \u00c4lyk\u00e4s SMART-teknologia20 m\u00b3 24 m\u00b3 27 m\u00b3 30 m\u00b3 32\" \/>\n<meta property=\"og:url\" content=\"https:\/\/europressgroup.com\/fi\/epc-miniepc\/\" \/>\n<meta property=\"og:site_name\" content=\"Europress Group\" \/>\n<meta property=\"article:publisher\" content=\"https:\/\/www.facebook.com\/europresswastehandling\" \/>\n<meta property=\"article:modified_time\" content=\"2024-11-25T12:32:57+00:00\" \/>\n<meta property=\"og:image\" content=\"https:\/\/europressgroup.com\/wp-content\/uploads\/2019\/03\/Europress-EPC-waste-compactors-1920x1280px.jpg\" \/>\n\t<meta property=\"og:image:width\" content=\"1920\" \/>\n\t<meta property=\"og:image:height\" content=\"1080\" \/>\n\t<meta property=\"og:image:type\" content=\"image\/jpeg\" \/>\n<meta name=\"twitter:card\" content=\"summary_large_image\" \/>\n<meta name=\"twitter:site\" content=\"@EPWastehandling\" \/>\n<meta name=\"twitter:label1\" content=\"Arvioitu lukuaika\" \/>\n\t<meta name=\"twitter:data1\" content=\"5 minuuttia\" \/>\n<script type=\"application\/ld+json\" class=\"yoast-schema-graph\">{\"@context\":\"https:\\\/\\\/schema.org\",\"@graph\":[{\"@type\":\"WebPage\",\"@id\":\"https:\\\/\\\/europressgroup.com\\\/fi\\\/epc-miniepc\\\/\",\"url\":\"https:\\\/\\\/europressgroup.com\\\/fi\\\/epc-miniepc\\\/\",\"name\":\"EPC & MiniEPC j\u00e4tepuristimet - Europress Group\",\"isPartOf\":{\"@id\":\"https:\\\/\\\/europressgroup.com\\\/fi\\\/#website\"},\"primaryImageOfPage\":{\"@id\":\"https:\\\/\\\/europressgroup.com\\\/fi\\\/epc-miniepc\\\/#primaryimage\"},\"image\":{\"@id\":\"https:\\\/\\\/europressgroup.com\\\/fi\\\/epc-miniepc\\\/#primaryimage\"},\"thumbnailUrl\":\"https:\\\/\\\/europressgroup.com\\\/wp-content\\\/uploads\\\/2019\\\/03\\\/Europress-EPC-waste-compactors-1920x1280px.jpg\",\"datePublished\":\"2019-03-29T13:23:44+00:00\",\"dateModified\":\"2024-11-25T12:32:57+00:00\",\"description\":\"EPC ja MiniEPC j\u00e4tepuristimet esipuristimella eritt\u00e4in suurelle m\u00e4\u00e4r\u00e4lle j\u00e4tett\u00e4. Varustettu esipuristuslevyll\u00e4 ja kaksivaiheisella puristuksella.\",\"breadcrumb\":{\"@id\":\"https:\\\/\\\/europressgroup.com\\\/fi\\\/epc-miniepc\\\/#breadcrumb\"},\"inLanguage\":\"fi\",\"potentialAction\":[{\"@type\":\"ReadAction\",\"target\":[\"https:\\\/\\\/europressgroup.com\\\/fi\\\/epc-miniepc\\\/\"]}]},{\"@type\":\"ImageObject\",\"inLanguage\":\"fi\",\"@id\":\"https:\\\/\\\/europressgroup.com\\\/fi\\\/epc-miniepc\\\/#primaryimage\",\"url\":\"https:\\\/\\\/europressgroup.com\\\/wp-content\\\/uploads\\\/2019\\\/03\\\/Europress-EPC-waste-compactors-1920x1280px.jpg\",\"contentUrl\":\"https:\\\/\\\/europressgroup.com\\\/wp-content\\\/uploads\\\/2019\\\/03\\\/Europress-EPC-waste-compactors-1920x1280px.jpg\",\"width\":1920,\"height\":1080,\"caption\":\"Pre-crushing waste compactor\"},{\"@type\":\"BreadcrumbList\",\"@id\":\"https:\\\/\\\/europressgroup.com\\\/fi\\\/epc-miniepc\\\/#breadcrumb\",\"itemListElement\":[{\"@type\":\"ListItem\",\"position\":1,\"name\":\"Home\",\"item\":\"https:\\\/\\\/europressgroup.com\\\/fi\\\/\"},{\"@type\":\"ListItem\",\"position\":2,\"name\":\"EPC &#038; MiniEPC j\u00e4tepuristimet\"}]},{\"@type\":\"WebSite\",\"@id\":\"https:\\\/\\\/europressgroup.com\\\/fi\\\/#website\",\"url\":\"https:\\\/\\\/europressgroup.com\\\/fi\\\/\",\"name\":\"Europress Group\",\"description\":\"Northern European leader in Environmental Technology\",\"publisher\":{\"@id\":\"https:\\\/\\\/europressgroup.com\\\/fi\\\/#organization\"},\"potentialAction\":[{\"@type\":\"SearchAction\",\"target\":{\"@type\":\"EntryPoint\",\"urlTemplate\":\"https:\\\/\\\/europressgroup.com\\\/fi\\\/?s={search_term_string}\"},\"query-input\":{\"@type\":\"PropertyValueSpecification\",\"valueRequired\":true,\"valueName\":\"search_term_string\"}}],\"inLanguage\":\"fi\"},{\"@type\":\"Organization\",\"@id\":\"https:\\\/\\\/europressgroup.com\\\/fi\\\/#organization\",\"name\":\"Europress Group\",\"url\":\"https:\\\/\\\/europressgroup.com\\\/fi\\\/\",\"logo\":{\"@type\":\"ImageObject\",\"inLanguage\":\"fi\",\"@id\":\"https:\\\/\\\/europressgroup.com\\\/fi\\\/#\\\/schema\\\/logo\\\/image\\\/\",\"url\":\"https:\\\/\\\/europressgroup.com\\\/wp-content\\\/uploads\\\/2018\\\/12\\\/Europress-logo-1.png\",\"contentUrl\":\"https:\\\/\\\/europressgroup.com\\\/wp-content\\\/uploads\\\/2018\\\/12\\\/Europress-logo-1.png\",\"width\":478,\"height\":75,\"caption\":\"Europress Group\"},\"image\":{\"@id\":\"https:\\\/\\\/europressgroup.com\\\/fi\\\/#\\\/schema\\\/logo\\\/image\\\/\"},\"sameAs\":[\"https:\\\/\\\/www.facebook.com\\\/europresswastehandling\",\"https:\\\/\\\/x.com\\\/EPWastehandling\",\"https:\\\/\\\/www.instagram.com\\\/europressgroup\\\/\",\"https:\\\/\\\/www.linkedin.com\\\/company\\\/europress\"],\"publishingPrinciples\":\"https:\\\/\\\/europressgroup.com\\\/environment-safety-quality\\\/\",\"ownershipFundingInfo\":\"https:\\\/\\\/europressgroup.com\\\/history\\\/\",\"actionableFeedbackPolicy\":\"https:\\\/\\\/europressgroup.com\\\/customer-feedback\\\/\",\"correctionsPolicy\":\"https:\\\/\\\/europressgroup.com\\\/customer-feedback\\\/\",\"ethicsPolicy\":\"https:\\\/\\\/europressgroup.com\\\/responsibility\\\/\"}]}<\/script>\n<!-- \/ Yoast SEO Premium plugin. -->","yoast_head_json":{"title":"EPC & MiniEPC j\u00e4tepuristimet - Europress Group","description":"EPC ja MiniEPC j\u00e4tepuristimet esipuristimella eritt\u00e4in suurelle m\u00e4\u00e4r\u00e4lle j\u00e4tett\u00e4. Varustettu esipuristuslevyll\u00e4 ja kaksivaiheisella puristuksella.","robots":{"index":"index","follow":"follow","max-snippet":"max-snippet:-1","max-image-preview":"max-image-preview:large","max-video-preview":"max-video-preview:-1"},"canonical":"https:\/\/europressgroup.com\/fi\/epc-miniepc\/","og_locale":"fi_FI","og_type":"article","og_title":"EPC & MiniEPC j\u00e4tepuristimet","og_description":"Energiajae Pahvi Kuiva sekaj\u00e4te Puuj\u00e4te Teollisuusj\u00e4teEritt\u00e4in suuri sy\u00f6tt\u00f6aukko Esipuristustoiminto \u00c4lyk\u00e4s SMART-teknologia20 m\u00b3 24 m\u00b3 27 m\u00b3 30 m\u00b3 32","og_url":"https:\/\/europressgroup.com\/fi\/epc-miniepc\/","og_site_name":"Europress Group","article_publisher":"https:\/\/www.facebook.com\/europresswastehandling","article_modified_time":"2024-11-25T12:32:57+00:00","og_image":[{"width":1920,"height":1080,"url":"https:\/\/europressgroup.com\/wp-content\/uploads\/2019\/03\/Europress-EPC-waste-compactors-1920x1280px.jpg","type":"image\/jpeg"}],"twitter_card":"summary_large_image","twitter_site":"@EPWastehandling","twitter_misc":{"Arvioitu lukuaika":"5 minuuttia"},"schema":{"@context":"https:\/\/schema.org","@graph":[{"@type":"WebPage","@id":"https:\/\/europressgroup.com\/fi\/epc-miniepc\/","url":"https:\/\/europressgroup.com\/fi\/epc-miniepc\/","name":"EPC & MiniEPC j\u00e4tepuristimet - Europress Group","isPartOf":{"@id":"https:\/\/europressgroup.com\/fi\/#website"},"primaryImageOfPage":{"@id":"https:\/\/europressgroup.com\/fi\/epc-miniepc\/#primaryimage"},"image":{"@id":"https:\/\/europressgroup.com\/fi\/epc-miniepc\/#primaryimage"},"thumbnailUrl":"https:\/\/europressgroup.com\/wp-content\/uploads\/2019\/03\/Europress-EPC-waste-compactors-1920x1280px.jpg","datePublished":"2019-03-29T13:23:44+00:00","dateModified":"2024-11-25T12:32:57+00:00","description":"EPC ja MiniEPC j\u00e4tepuristimet esipuristimella eritt\u00e4in suurelle m\u00e4\u00e4r\u00e4lle j\u00e4tett\u00e4. Varustettu esipuristuslevyll\u00e4 ja kaksivaiheisella puristuksella.","breadcrumb":{"@id":"https:\/\/europressgroup.com\/fi\/epc-miniepc\/#breadcrumb"},"inLanguage":"fi","potentialAction":[{"@type":"ReadAction","target":["https:\/\/europressgroup.com\/fi\/epc-miniepc\/"]}]},{"@type":"ImageObject","inLanguage":"fi","@id":"https:\/\/europressgroup.com\/fi\/epc-miniepc\/#primaryimage","url":"https:\/\/europressgroup.com\/wp-content\/uploads\/2019\/03\/Europress-EPC-waste-compactors-1920x1280px.jpg","contentUrl":"https:\/\/europressgroup.com\/wp-content\/uploads\/2019\/03\/Europress-EPC-waste-compactors-1920x1280px.jpg","width":1920,"height":1080,"caption":"Pre-crushing waste compactor"},{"@type":"BreadcrumbList","@id":"https:\/\/europressgroup.com\/fi\/epc-miniepc\/#breadcrumb","itemListElement":[{"@type":"ListItem","position":1,"name":"Home","item":"https:\/\/europressgroup.com\/fi\/"},{"@type":"ListItem","position":2,"name":"EPC &#038; MiniEPC j\u00e4tepuristimet"}]},{"@type":"WebSite","@id":"https:\/\/europressgroup.com\/fi\/#website","url":"https:\/\/europressgroup.com\/fi\/","name":"Europress Group","description":"Northern European leader in Environmental Technology","publisher":{"@id":"https:\/\/europressgroup.com\/fi\/#organization"},"potentialAction":[{"@type":"SearchAction","target":{"@type":"EntryPoint","urlTemplate":"https:\/\/europressgroup.com\/fi\/?s={search_term_string}"},"query-input":{"@type":"PropertyValueSpecification","valueRequired":true,"valueName":"search_term_string"}}],"inLanguage":"fi"},{"@type":"Organization","@id":"https:\/\/europressgroup.com\/fi\/#organization","name":"Europress Group","url":"https:\/\/europressgroup.com\/fi\/","logo":{"@type":"ImageObject","inLanguage":"fi","@id":"https:\/\/europressgroup.com\/fi\/#\/schema\/logo\/image\/","url":"https:\/\/europressgroup.com\/wp-content\/uploads\/2018\/12\/Europress-logo-1.png","contentUrl":"https:\/\/europressgroup.com\/wp-content\/uploads\/2018\/12\/Europress-logo-1.png","width":478,"height":75,"caption":"Europress Group"},"image":{"@id":"https:\/\/europressgroup.com\/fi\/#\/schema\/logo\/image\/"},"sameAs":["https:\/\/www.facebook.com\/europresswastehandling","https:\/\/x.com\/EPWastehandling","https:\/\/www.instagram.com\/europressgroup\/","https:\/\/www.linkedin.com\/company\/europress"],"publishingPrinciples":"https:\/\/europressgroup.com\/environment-safety-quality\/","ownershipFundingInfo":"https:\/\/europressgroup.com\/history\/","actionableFeedbackPolicy":"https:\/\/europressgroup.com\/customer-feedback\/","correctionsPolicy":"https:\/\/europressgroup.com\/customer-feedback\/","ethicsPolicy":"https:\/\/europressgroup.com\/responsibility\/"}]}},"_links":{"self":[{"href":"https:\/\/europressgroup.com\/fi\/wp-json\/wp\/v2\/pages\/75034","targetHints":{"allow":["GET"]}}],"collection":[{"href":"https:\/\/europressgroup.com\/fi\/wp-json\/wp\/v2\/pages"}],"about":[{"href":"https:\/\/europressgroup.com\/fi\/wp-json\/wp\/v2\/types\/page"}],"author":[{"embeddable":true,"href":"https:\/\/europressgroup.com\/fi\/wp-json\/wp\/v2\/users\/5"}],"replies":[{"embeddable":true,"href":"https:\/\/europressgroup.com\/fi\/wp-json\/wp\/v2\/comments?post=75034"}],"version-history":[{"count":20,"href":"https:\/\/europressgroup.com\/fi\/wp-json\/wp\/v2\/pages\/75034\/revisions"}],"predecessor-version":[{"id":148468,"href":"https:\/\/europressgroup.com\/fi\/wp-json\/wp\/v2\/pages\/75034\/revisions\/148468"}],"wp:featuredmedia":[{"embeddable":true,"href":"https:\/\/europressgroup.com\/fi\/wp-json\/wp\/v2\/media\/75035"}],"wp:attachment":[{"href":"https:\/\/europressgroup.com\/fi\/wp-json\/wp\/v2\/media?parent=75034"}],"curies":[{"name":"wp","href":"https:\/\/api.w.org\/{rel}","templated":true}]}}