{"id":75024,"date":"2019-02-26T13:19:35","date_gmt":"2019-02-26T11:19:35","guid":{"rendered":"https:\/\/europressgroup.com\/duomega\/"},"modified":"2024-07-12T12:05:20","modified_gmt":"2024-07-12T09:05:20","slug":"duomega","status":"publish","type":"page","link":"https:\/\/europressgroup.com\/fi\/duomega\/","title":{"rendered":"DuoMega j\u00e4tepuristin"},"content":{"rendered":"<div class=\"wpb-content-wrapper\"><p>[vc_row row_height_percent=&#8221;0&#8243; override_padding=&#8221;yes&#8221; h_padding=&#8221;2&#8243; top_padding=&#8221;4&#8243; bottom_padding=&#8221;1&#8243; overlay_alpha=&#8221;50&#8243; equal_height=&#8221;yes&#8221; gutter_size=&#8221;3&#8243; column_width_percent=&#8221;100&#8243; shift_y=&#8221;0&#8243; z_index=&#8221;0&#8243; row_name=&#8221;Highlights&#8221;][vc_column column_width_percent=&#8221;100&#8243; position_horizontal=&#8221;left&#8221; position_vertical=&#8221;middle&#8221; gutter_size=&#8221;3&#8243; override_padding=&#8221;yes&#8221; column_padding=&#8221;2&#8243; overlay_alpha=&#8221;50&#8243; shift_x=&#8221;0&#8243; shift_y=&#8221;0&#8243; shift_y_down=&#8221;0&#8243; z_index=&#8221;0&#8243; medium_width=&#8221;4&#8243; mobile_width=&#8221;0&#8243; zoom_width=&#8221;0&#8243; zoom_height=&#8221;0&#8243; width=&#8221;1\/2&#8243;][vc_single_image media=&#8221;141401&#8243; media_width_percent=&#8221;100&#8243; image=&#8221;2286&#8243; border_color=&#8221;grey&#8221; img_link_target=&#8221;_self&#8221; img_size=&#8221;full&#8221; uncode_shortcode_id=&#8221;733186&#8243;][\/vc_column][vc_column column_width_percent=&#8221;100&#8243; position_vertical=&#8221;middle&#8221; align_horizontal=&#8221;align_center&#8221; gutter_size=&#8221;3&#8243; expand_height=&#8221;yes&#8221; overlay_alpha=&#8221;50&#8243; shift_x=&#8221;0&#8243; shift_y=&#8221;0&#8243; shift_y_down=&#8221;0&#8243; z_index=&#8221;0&#8243; medium_width=&#8221;4&#8243; mobile_width=&#8221;0&#8243; zoom_width=&#8221;0&#8243; zoom_height=&#8221;0&#8243; width=&#8221;1\/6&#8243;][vc_icon icon=&#8221;fa fa-recycle&#8221; size=&#8221;fa-3x&#8221; text_height=&#8221;fontheight-179065&#8243; title=&#8221;K\u00c4YTT\u00d6&#8221; uncode_shortcode_id=&#8221;170626&#8243;]Kartonki<\/p>\n<p>Muovi<\/p>\n<p>Sekaj\u00e4te<\/p>\n<p>Energiajae[\/vc_icon][\/vc_column][vc_column column_width_percent=&#8221;100&#8243; align_horizontal=&#8221;align_center&#8221; gutter_size=&#8221;3&#8243; expand_height=&#8221;yes&#8221; overlay_alpha=&#8221;50&#8243; shift_x=&#8221;0&#8243; shift_y=&#8221;0&#8243; shift_y_down=&#8221;0&#8243; z_index=&#8221;0&#8243; medium_width=&#8221;0&#8243; mobile_visibility=&#8221;yes&#8221; mobile_width=&#8221;0&#8243; width=&#8221;1\/6&#8243;][vc_icon icon=&#8221;fa fa-cogs&#8221; size=&#8221;fa-3x&#8221; text_height=&#8221;fontheight-179065&#8243; title=&#8221;OMINAISUUDET&#8221; uncode_shortcode_id=&#8221;148121&#8243;]Suuri sy\u00f6tt\u00f6aukko<\/p>\n<p>Luotettava ja helppok\u00e4ytt\u00f6inen<\/p>\n<p>\u00c4lyk\u00e4s SMART-teknologia<\/p>\n<p>[\/vc_icon][\/vc_column][vc_column column_width_percent=&#8221;100&#8243; align_horizontal=&#8221;align_center&#8221; gutter_size=&#8221;3&#8243; expand_height=&#8221;yes&#8221; overlay_alpha=&#8221;50&#8243; shift_x=&#8221;0&#8243; shift_y=&#8221;0&#8243; shift_y_down=&#8221;0&#8243; z_index=&#8221;0&#8243; medium_width=&#8221;0&#8243; mobile_width=&#8221;0&#8243; width=&#8221;1\/6&#8243;][vc_icon icon=&#8221;fa fa-th&#8221; size=&#8221;fa-3x&#8221; text_height=&#8221;fontheight-179065&#8243; title=&#8221;KAPASITEETTI&#8221;]20 m\u00b3<\/p>\n<p>24 m\u00b3<\/p>\n<p>27 m\u00b3<\/p>\n<p>30 m\u00b3<\/p>\n<p>32 m\u00b3[\/vc_icon][\/vc_column][\/vc_row][vc_row row_height_percent=&#8221;0&#8243; override_padding=&#8221;yes&#8221; h_padding=&#8221;2&#8243; top_padding=&#8221;3&#8243; bottom_padding=&#8221;3&#8243; overlay_alpha=&#8221;100&#8243; equal_height=&#8221;yes&#8221; gutter_size=&#8221;0&#8243; column_width_percent=&#8221;100&#8243; shift_y=&#8221;0&#8243; z_index=&#8221;0&#8243; style=&#8221;dark&#8221; row_name=&#8221;Design &amp; Quality&#8221; uncode_shortcode_id=&#8221;106055&#8243;][vc_column column_width_percent=&#8221;100&#8243; position_vertical=&#8221;middle&#8221; gutter_size=&#8221;3&#8243; override_padding=&#8221;yes&#8221; column_padding=&#8221;0&#8243; style=&#8221;light&#8221; overlay_alpha=&#8221;50&#8243; shift_x=&#8221;0&#8243; shift_y=&#8221;0&#8243; shift_y_down=&#8221;0&#8243; z_index=&#8221;0&#8243; medium_width=&#8221;0&#8243; mobile_width=&#8221;0&#8243; width=&#8221;1\/1&#8243; uncode_shortcode_id=&#8221;169972&#8243;][vc_custom_heading text_weight=&#8221;700&#8243; text_transform=&#8221;uppercase&#8221; separator_color=&#8221;yes&#8221; separator=&#8221;yes&#8221; sub_lead=&#8221;yes&#8221; sub_reduced=&#8221;yes&#8221;]IRTOKONTILLISET J\u00c4TEPURISTIMET SUURILLE J\u00c4TEM\u00c4\u00c4RILLE[\/vc_custom_heading][vc_column_text]Europress DuoMega -irrotettavat j\u00e4tepuristimet sopivat vaativiin kohteisiin suurille m\u00e4\u00e4rille j\u00e4tett\u00e4, esimerkiksi kauppoihin, varastoihin ja jakelukeskuksiin. Kontti irtoaa puristinosasta ja tyhjennykseen l\u00e4htee vain kontti. Konttiin pakattu j\u00e4te on siisti\u00e4, paloturvallista ja ennen kaikkea helppo k\u00e4sitell\u00e4.<\/p>\n<p>DuoMegan erikoisuus on tavanomaista suurempi sy\u00f6tt\u00f6aukko, jonka ansiosta suurien m\u00e4\u00e4rien ja kookkaiden kappaleiden sy\u00f6tt\u00e4minen puristimeen on nopeampaa. J\u00e4tepuristin voidaan toimittaa my\u00f6s nousevakattoisella s\u00e4ili\u00f6ll\u00e4. Nousevan katon ansiosta j\u00e4tepuristimella voidaan saavuttaa suuret t\u00e4ytt\u00f6painot tyhjennett\u00e4vyydest\u00e4 tinkim\u00e4tt\u00e4.[\/vc_column_text][\/vc_column][\/vc_row][vc_row row_height_percent=&#8221;10&#8243; override_padding=&#8221;yes&#8221; h_padding=&#8221;2&#8243; top_padding=&#8221;3&#8243; bottom_padding=&#8221;3&#8243; back_color=&#8221;color-lxmt&#8221; overlay_alpha=&#8221;100&#8243; equal_height=&#8221;yes&#8221; gutter_size=&#8221;0&#8243; column_width_percent=&#8221;100&#8243; shift_y=&#8221;0&#8243; z_index=&#8221;0&#8243; style=&#8221;dark&#8221; row_name=&#8221;Design &amp; Quality&#8221; uncode_shortcode_id=&#8221;157772&#8243; back_color_type=&#8221;uncode-palette&#8221;][vc_column column_width_percent=&#8221;100&#8243; position_horizontal=&#8221;left&#8221; position_vertical=&#8221;middle&#8221; gutter_size=&#8221;3&#8243; overlay_alpha=&#8221;50&#8243; shift_x=&#8221;0&#8243; shift_y=&#8221;0&#8243; shift_y_down=&#8221;0&#8243; z_index=&#8221;0&#8243; medium_width=&#8221;0&#8243; mobile_width=&#8221;0&#8243; width=&#8221;2\/3&#8243; uncode_shortcode_id=&#8221;908827&#8243;][vc_column_text uncode_shortcode_id=&#8221;298085&#8243;]J\u00e4tepuristimien \u00e4lyk\u00e4s SMART-teknologia mahdollistaa kustannustehokkaan ja turvallisen toiminnan. Laitteet voidaan optimoida erilaisia j\u00e4tehuoltotarpeita vastaaviksi ja niiden teknologia suojaa sek\u00e4 laitetta ett\u00e4 k\u00e4ytt\u00e4j\u00e4\u00e4 virhek\u00e4yt\u00f6lt\u00e4, est\u00e4\u00e4 komponenttien rikkoutumisen ja varmistaa n\u00e4in turvallisen toiminnan.<\/p>\n<p>DuoMega j\u00e4tepuristimet ovat yhdistett\u00e4viss\u00e4 <a href=\"https:\/\/europressgroup.com\/fi\/smart\/\"><strong>Europress SMART<\/strong><\/a> \u2013verkostoon.[\/vc_column_text][\/vc_column][vc_column width=&#8221;1\/3&#8243;][vc_single_image media=&#8221;73921&#8243; media_width_percent=&#8221;60&#8243; alignment=&#8221;center&#8221; media_link=&#8221;url:https%3A%2F%2Feuropressgroup.com%2Ffi%2Fsmart%2F|title:Europress%20SMART&#8221; uncode_shortcode_id=&#8221;497595&#8243;][\/vc_column][\/vc_row][vc_row unlock_row_content=&#8221;yes&#8221; row_height_percent=&#8221;0&#8243; override_padding=&#8221;yes&#8221; h_padding=&#8221;2&#8243; top_padding=&#8221;4&#8243; bottom_padding=&#8221;4&#8243; back_color=&#8221;color-rgdb&#8221; overlay_alpha=&#8221;50&#8243; gutter_size=&#8221;3&#8243; column_width_percent=&#8221;100&#8243; shift_y=&#8221;0&#8243; z_index=&#8221;0&#8243; row_name=&#8221;Gallery&#8221;][vc_column column_width_use_pixel=&#8221;yes&#8221; align_horizontal=&#8221;align_center&#8221; gutter_size=&#8221;3&#8243; style=&#8221;dark&#8221; overlay_alpha=&#8221;50&#8243; shift_x=&#8221;0&#8243; shift_y=&#8221;0&#8243; medium_width=&#8221;0&#8243; zoom_width=&#8221;0&#8243; zoom_height=&#8221;0&#8243; column_width_pixel=&#8221;1400&#8243;][vc_custom_heading text_transform=&#8221;uppercase&#8221; separator=&#8221;yes&#8221; sub_lead=&#8221;yes&#8221;]Media[\/vc_custom_heading][vc_gallery el_id=&#8221;gallery-47626&#8243; type=&#8221;carousel&#8221; medias=&#8221;73377,73378,73673&#8243; carousel_lg=&#8221;3&#8243; carousel_md=&#8221;2&#8243; carousel_sm=&#8221;1&#8243; thumb_size=&#8221;one-one&#8221; gutter_size=&#8221;2&#8243; media_items=&#8221;media,icon&#8221; carousel_interval=&#8221;3000&#8243; carousel_navspeed=&#8221;400&#8243; carousel_nav=&#8221;yes&#8221; carousel_dots=&#8221;yes&#8221; stage_padding=&#8221;0&#8243; single_overlay_opacity=&#8221;50&#8243; single_image_anim=&#8221;no&#8221; single_h_align=&#8221;center&#8221; single_padding=&#8221;2&#8243; single_icon=&#8221;fa fa-search3&#8243; single_shadow=&#8221;yes&#8221; single_border=&#8221;yes&#8221; carousel_rtl=&#8221;&#8221; single_title_uppercase=&#8221;&#8221;][\/vc_column][\/vc_row][vc_row row_height_percent=&#8221;50&#8243; override_padding=&#8221;yes&#8221; h_padding=&#8221;2&#8243; top_padding=&#8221;0&#8243; bottom_padding=&#8221;0&#8243; back_color=&#8221;color-lxmt&#8221; overlay_alpha=&#8221;100&#8243; equal_height=&#8221;yes&#8221; gutter_size=&#8221;0&#8243; column_width_percent=&#8221;100&#8243; shift_y=&#8221;0&#8243; z_index=&#8221;0&#8243; style=&#8221;dark&#8221; row_name=&#8221;Design &amp; Quality&#8221;][vc_column column_width_percent=&#8221;100&#8243; align_horizontal=&#8221;align_center&#8221; gutter_size=&#8221;3&#8243; override_padding=&#8221;yes&#8221; column_padding=&#8221;4&#8243; style=&#8221;light&#8221; back_color=&#8221;color-lxmt&#8221; overlay_alpha=&#8221;50&#8243; shift_x=&#8221;0&#8243; shift_y=&#8221;0&#8243; shift_y_down=&#8221;0&#8243; z_index=&#8221;0&#8243; medium_width=&#8221;0&#8243; mobile_width=&#8221;0&#8243; width=&#8221;1\/1&#8243;][vc_custom_heading text_weight=&#8221;700&#8243; text_transform=&#8221;uppercase&#8221; separator_color=&#8221;yes&#8221; separator=&#8221;yes&#8221; sub_lead=&#8221;yes&#8221; sub_reduced=&#8221;yes&#8221;]LIS\u00c4TIEDOT[\/vc_custom_heading][vc_tabs][vc_tab title=&#8221;TEKNISET TIEDOT&#8221; tab_id=&#8221;1551168098-1-37&#8243;][vc_column_text]<strong>Sy\u00f6tt\u00f6aukon mitat L x K<\/strong><br \/>\n1 850 x 1 590 mm<\/p>\n<p><strong>Sy\u00f6tt\u00f6korkeus (maasta)<\/strong><br \/>\n1 660 mm<\/p>\n<p><strong>Puristusvoima<\/strong><br \/>\n35\u201340 t<\/p>\n<p><strong>Iskuaika<\/strong><br \/>\n73 s<\/p>\n<p><strong>Kapasiteetti (kartonki)<\/strong><br \/>\n99 m\u00b3 \/h<\/p>\n<p><strong>Moottori<\/strong><br \/>\n5,5 \/ 7,5 kW<\/p>\n<p><strong>Virransy\u00f6tt\u00f6<\/strong><br \/>\n400 V, 50 Hz, 3\u00d7C16 A<br \/>\n400 V, 50 Hz, 3\u00d7C32 A*[\/vc_column_text][\/vc_tab][vc_tab title=&#8221;VAKIOVARUSTEET&#8221; tab_id=&#8221;1551168098-2-88&#8243;][vc_column_text]Sininen v\u00e4ri RAL5017<\/p>\n<p>Vakiomallinen sy\u00f6tt\u00f6suppilo<\/p>\n<p>Kontin nostokoukut takana<\/p>\n<p>Kontin siirtopy\u00f6r\u00e4t edess\u00e4<\/p>\n<p>Kontti pois \u2013turvarajakytkin<\/p>\n<p>J\u00e4tteen palautumisenesto (Pys\u00e4ytysvaijerit &amp; pressu)<\/p>\n<p>\u00c4lyk\u00e4s SMART \u2013teknologia<\/p>\n<p>Europress SMART \u2013yhdistett\u00e4vyys[\/vc_column_text][\/vc_tab][vc_tab title=&#8221;LIS\u00c4VARUSTEET&#8221; tab_id=&#8221;1551168147535-2-2&#8243;][vc_column_text]Erikoisv\u00e4ri RAL<\/p>\n<p>Ohjauskiskot<\/p>\n<p>Lis\u00e4painikkeet esim. ylim\u00e4\u00e4r\u00e4iset h\u00e4t\u00e4-seis-kytkimet<\/p>\n<p>Kontin siirtopy\u00f6r\u00e4t takana<\/p>\n<p>Tyhjennysoven 2-vaiheinen aukaisumekanismi<\/p>\n<p>Tyhjennysoven Long handle \u2013aukaisumekanismi<\/p>\n<p>Tyhjennysoven hydraulinen aukaisumekanismi<\/p>\n<p>Astiankaatolaite (integroitu \/ erillinen)<\/p>\n<p>Kannen aukaisumekanismi (hydraulinen \/ s\u00e4hk\u00f6inen)<\/p>\n<p>Koodik\u00e4ynnistys<\/p>\n<p>Automaattik\u00e4ynnistys<\/p>\n<p>7,5 kW koneikko<\/p>\n<p>Madallettu sy\u00f6tt\u00f6aukko<\/p>\n<p>Nousevakattoinen s\u00e4ili\u00f6 20-36 m\u00b3<\/p>\n<p>Varas\u00e4ili\u00f6[\/vc_column_text][\/vc_tab][\/vc_tabs][\/vc_column][\/vc_row][vc_row][vc_column width=&#8221;1\/1&#8243;][uncode_block id=&#8221;73192&#8243;][\/vc_column][\/vc_row]<\/p>\n<\/div>","protected":false},"excerpt":{"rendered":"<p>[vc_row row_height_percent=&#8221;0&#8243; override_padding=&#8221;yes&#8221; h_padding=&#8221;2&#8243; top_padding=&#8221;4&#8243; bottom_padding=&#8221;1&#8243; overlay_alpha=&#8221;50&#8243; equal_height=&#8221;yes&#8221; gutter_size=&#8221;3&#8243; column_width_percent=&#8221;100&#8243; shift_y=&#8221;0&#8243; z_index=&#8221;0&#8243; row_name=&#8221;Highlights&#8221;][vc_column column_width_percent=&#8221;100&#8243; position_horizontal=&#8221;left&#8221; position_vertical=&#8221;middle&#8221; gutter_size=&#8221;3&#8243; override_padding=&#8221;yes&#8221; column_padding=&#8221;2&#8243; overlay_alpha=&#8221;50&#8243; [&hellip;]<\/p>\n","protected":false},"author":25,"featured_media":75025,"parent":0,"menu_order":0,"comment_status":"closed","ping_status":"closed","template":"","meta":{"footnotes":""},"class_list":["post-75024","page","type-page","status-publish","has-post-thumbnail","hentry","page_category-energiajate","page_category-kartonki","page_category-muovit","page_category-sekajate"],"yoast_head":"<!-- This site is optimized with the Yoast SEO Premium plugin v27.3 (Yoast SEO v27.3) - https:\/\/yoast.com\/product\/yoast-seo-premium-wordpress\/ -->\n<title>DuoMega j\u00e4tepuristin - Europress Group<\/title>\n<meta name=\"description\" content=\"Irtokontilliset DuoMega j\u00e4tepuristimet suurelle m\u00e4\u00e4r\u00e4lle j\u00e4tett\u00e4. Kontti voidaan irrottaa puristinosasta ja vaihtaa helposti. Jopa 40 tonnin puristusvoima.\" \/>\n<meta name=\"robots\" content=\"index, follow, max-snippet:-1, max-image-preview:large, max-video-preview:-1\" \/>\n<link rel=\"canonical\" href=\"https:\/\/europressgroup.com\/fi\/duomega\/\" \/>\n<meta property=\"og:locale\" content=\"fi_FI\" \/>\n<meta property=\"og:type\" content=\"article\" \/>\n<meta property=\"og:title\" content=\"DuoMega j\u00e4tepuristin\" \/>\n<meta property=\"og:description\" content=\"Kartonki Muovi Sekaj\u00e4te EnergiajaeSuuri sy\u00f6tt\u00f6aukko Luotettava ja helppok\u00e4ytt\u00f6inen \u00c4lyk\u00e4s SMART-teknologia 20 m\u00b3 24 m\u00b3 27 m\u00b3 30 m\u00b3 32 m\u00b3IRTOKONTILLISET\" \/>\n<meta property=\"og:url\" content=\"https:\/\/europressgroup.com\/fi\/duomega\/\" \/>\n<meta property=\"og:site_name\" content=\"Europress Group\" \/>\n<meta property=\"article:publisher\" content=\"https:\/\/www.facebook.com\/europresswastehandling\" \/>\n<meta property=\"article:modified_time\" content=\"2024-07-12T09:05:20+00:00\" \/>\n<meta property=\"og:image\" content=\"https:\/\/europressgroup.com\/wp-content\/uploads\/2019\/03\/Europress-DuoMega-stationary-waste-compactors-1920x1280px.jpg\" \/>\n\t<meta property=\"og:image:width\" content=\"1920\" \/>\n\t<meta property=\"og:image:height\" content=\"1080\" \/>\n\t<meta property=\"og:image:type\" content=\"image\/jpeg\" \/>\n<meta name=\"twitter:card\" content=\"summary_large_image\" \/>\n<meta name=\"twitter:site\" content=\"@EPWastehandling\" \/>\n<meta name=\"twitter:label1\" content=\"Arvioitu lukuaika\" \/>\n\t<meta name=\"twitter:data1\" content=\"4 minuuttia\" \/>\n<script type=\"application\/ld+json\" class=\"yoast-schema-graph\">{\"@context\":\"https:\\\/\\\/schema.org\",\"@graph\":[{\"@type\":\"WebPage\",\"@id\":\"https:\\\/\\\/europressgroup.com\\\/fi\\\/duomega\\\/\",\"url\":\"https:\\\/\\\/europressgroup.com\\\/fi\\\/duomega\\\/\",\"name\":\"DuoMega j\u00e4tepuristin - Europress Group\",\"isPartOf\":{\"@id\":\"https:\\\/\\\/europressgroup.com\\\/fi\\\/#website\"},\"primaryImageOfPage\":{\"@id\":\"https:\\\/\\\/europressgroup.com\\\/fi\\\/duomega\\\/#primaryimage\"},\"image\":{\"@id\":\"https:\\\/\\\/europressgroup.com\\\/fi\\\/duomega\\\/#primaryimage\"},\"thumbnailUrl\":\"https:\\\/\\\/europressgroup.com\\\/wp-content\\\/uploads\\\/2019\\\/03\\\/Europress-DuoMega-stationary-waste-compactors-1920x1280px.jpg\",\"datePublished\":\"2019-02-26T11:19:35+00:00\",\"dateModified\":\"2024-07-12T09:05:20+00:00\",\"description\":\"Irtokontilliset DuoMega j\u00e4tepuristimet suurelle m\u00e4\u00e4r\u00e4lle j\u00e4tett\u00e4. Kontti voidaan irrottaa puristinosasta ja vaihtaa helposti. Jopa 40 tonnin puristusvoima.\",\"breadcrumb\":{\"@id\":\"https:\\\/\\\/europressgroup.com\\\/fi\\\/duomega\\\/#breadcrumb\"},\"inLanguage\":\"fi\",\"potentialAction\":[{\"@type\":\"ReadAction\",\"target\":[\"https:\\\/\\\/europressgroup.com\\\/fi\\\/duomega\\\/\"]}]},{\"@type\":\"ImageObject\",\"inLanguage\":\"fi\",\"@id\":\"https:\\\/\\\/europressgroup.com\\\/fi\\\/duomega\\\/#primaryimage\",\"url\":\"https:\\\/\\\/europressgroup.com\\\/wp-content\\\/uploads\\\/2019\\\/03\\\/Europress-DuoMega-stationary-waste-compactors-1920x1280px.jpg\",\"contentUrl\":\"https:\\\/\\\/europressgroup.com\\\/wp-content\\\/uploads\\\/2019\\\/03\\\/Europress-DuoMega-stationary-waste-compactors-1920x1280px.jpg\",\"width\":1920,\"height\":1080,\"caption\":\"Europress j\u00e4tepuristin DuoMax\"},{\"@type\":\"BreadcrumbList\",\"@id\":\"https:\\\/\\\/europressgroup.com\\\/fi\\\/duomega\\\/#breadcrumb\",\"itemListElement\":[{\"@type\":\"ListItem\",\"position\":1,\"name\":\"Home\",\"item\":\"https:\\\/\\\/europressgroup.com\\\/fi\\\/\"},{\"@type\":\"ListItem\",\"position\":2,\"name\":\"DuoMega j\u00e4tepuristin\"}]},{\"@type\":\"WebSite\",\"@id\":\"https:\\\/\\\/europressgroup.com\\\/fi\\\/#website\",\"url\":\"https:\\\/\\\/europressgroup.com\\\/fi\\\/\",\"name\":\"Europress Group\",\"description\":\"Northern European leader in Environmental Technology\",\"publisher\":{\"@id\":\"https:\\\/\\\/europressgroup.com\\\/fi\\\/#organization\"},\"potentialAction\":[{\"@type\":\"SearchAction\",\"target\":{\"@type\":\"EntryPoint\",\"urlTemplate\":\"https:\\\/\\\/europressgroup.com\\\/fi\\\/?s={search_term_string}\"},\"query-input\":{\"@type\":\"PropertyValueSpecification\",\"valueRequired\":true,\"valueName\":\"search_term_string\"}}],\"inLanguage\":\"fi\"},{\"@type\":\"Organization\",\"@id\":\"https:\\\/\\\/europressgroup.com\\\/fi\\\/#organization\",\"name\":\"Europress Group\",\"url\":\"https:\\\/\\\/europressgroup.com\\\/fi\\\/\",\"logo\":{\"@type\":\"ImageObject\",\"inLanguage\":\"fi\",\"@id\":\"https:\\\/\\\/europressgroup.com\\\/fi\\\/#\\\/schema\\\/logo\\\/image\\\/\",\"url\":\"https:\\\/\\\/europressgroup.com\\\/wp-content\\\/uploads\\\/2018\\\/12\\\/Europress-logo-1.png\",\"contentUrl\":\"https:\\\/\\\/europressgroup.com\\\/wp-content\\\/uploads\\\/2018\\\/12\\\/Europress-logo-1.png\",\"width\":478,\"height\":75,\"caption\":\"Europress Group\"},\"image\":{\"@id\":\"https:\\\/\\\/europressgroup.com\\\/fi\\\/#\\\/schema\\\/logo\\\/image\\\/\"},\"sameAs\":[\"https:\\\/\\\/www.facebook.com\\\/europresswastehandling\",\"https:\\\/\\\/x.com\\\/EPWastehandling\",\"https:\\\/\\\/www.instagram.com\\\/europressgroup\\\/\",\"https:\\\/\\\/www.linkedin.com\\\/company\\\/europress\"],\"publishingPrinciples\":\"https:\\\/\\\/europressgroup.com\\\/environment-safety-quality\\\/\",\"ownershipFundingInfo\":\"https:\\\/\\\/europressgroup.com\\\/history\\\/\",\"actionableFeedbackPolicy\":\"https:\\\/\\\/europressgroup.com\\\/customer-feedback\\\/\",\"correctionsPolicy\":\"https:\\\/\\\/europressgroup.com\\\/customer-feedback\\\/\",\"ethicsPolicy\":\"https:\\\/\\\/europressgroup.com\\\/responsibility\\\/\"}]}<\/script>\n<!-- \/ Yoast SEO Premium plugin. -->","yoast_head_json":{"title":"DuoMega j\u00e4tepuristin - Europress Group","description":"Irtokontilliset DuoMega j\u00e4tepuristimet suurelle m\u00e4\u00e4r\u00e4lle j\u00e4tett\u00e4. Kontti voidaan irrottaa puristinosasta ja vaihtaa helposti. Jopa 40 tonnin puristusvoima.","robots":{"index":"index","follow":"follow","max-snippet":"max-snippet:-1","max-image-preview":"max-image-preview:large","max-video-preview":"max-video-preview:-1"},"canonical":"https:\/\/europressgroup.com\/fi\/duomega\/","og_locale":"fi_FI","og_type":"article","og_title":"DuoMega j\u00e4tepuristin","og_description":"Kartonki Muovi Sekaj\u00e4te EnergiajaeSuuri sy\u00f6tt\u00f6aukko Luotettava ja helppok\u00e4ytt\u00f6inen \u00c4lyk\u00e4s SMART-teknologia 20 m\u00b3 24 m\u00b3 27 m\u00b3 30 m\u00b3 32 m\u00b3IRTOKONTILLISET","og_url":"https:\/\/europressgroup.com\/fi\/duomega\/","og_site_name":"Europress Group","article_publisher":"https:\/\/www.facebook.com\/europresswastehandling","article_modified_time":"2024-07-12T09:05:20+00:00","og_image":[{"width":1920,"height":1080,"url":"https:\/\/europressgroup.com\/wp-content\/uploads\/2019\/03\/Europress-DuoMega-stationary-waste-compactors-1920x1280px.jpg","type":"image\/jpeg"}],"twitter_card":"summary_large_image","twitter_site":"@EPWastehandling","twitter_misc":{"Arvioitu lukuaika":"4 minuuttia"},"schema":{"@context":"https:\/\/schema.org","@graph":[{"@type":"WebPage","@id":"https:\/\/europressgroup.com\/fi\/duomega\/","url":"https:\/\/europressgroup.com\/fi\/duomega\/","name":"DuoMega j\u00e4tepuristin - Europress Group","isPartOf":{"@id":"https:\/\/europressgroup.com\/fi\/#website"},"primaryImageOfPage":{"@id":"https:\/\/europressgroup.com\/fi\/duomega\/#primaryimage"},"image":{"@id":"https:\/\/europressgroup.com\/fi\/duomega\/#primaryimage"},"thumbnailUrl":"https:\/\/europressgroup.com\/wp-content\/uploads\/2019\/03\/Europress-DuoMega-stationary-waste-compactors-1920x1280px.jpg","datePublished":"2019-02-26T11:19:35+00:00","dateModified":"2024-07-12T09:05:20+00:00","description":"Irtokontilliset DuoMega j\u00e4tepuristimet suurelle m\u00e4\u00e4r\u00e4lle j\u00e4tett\u00e4. Kontti voidaan irrottaa puristinosasta ja vaihtaa helposti. Jopa 40 tonnin puristusvoima.","breadcrumb":{"@id":"https:\/\/europressgroup.com\/fi\/duomega\/#breadcrumb"},"inLanguage":"fi","potentialAction":[{"@type":"ReadAction","target":["https:\/\/europressgroup.com\/fi\/duomega\/"]}]},{"@type":"ImageObject","inLanguage":"fi","@id":"https:\/\/europressgroup.com\/fi\/duomega\/#primaryimage","url":"https:\/\/europressgroup.com\/wp-content\/uploads\/2019\/03\/Europress-DuoMega-stationary-waste-compactors-1920x1280px.jpg","contentUrl":"https:\/\/europressgroup.com\/wp-content\/uploads\/2019\/03\/Europress-DuoMega-stationary-waste-compactors-1920x1280px.jpg","width":1920,"height":1080,"caption":"Europress j\u00e4tepuristin DuoMax"},{"@type":"BreadcrumbList","@id":"https:\/\/europressgroup.com\/fi\/duomega\/#breadcrumb","itemListElement":[{"@type":"ListItem","position":1,"name":"Home","item":"https:\/\/europressgroup.com\/fi\/"},{"@type":"ListItem","position":2,"name":"DuoMega j\u00e4tepuristin"}]},{"@type":"WebSite","@id":"https:\/\/europressgroup.com\/fi\/#website","url":"https:\/\/europressgroup.com\/fi\/","name":"Europress Group","description":"Northern European leader in Environmental Technology","publisher":{"@id":"https:\/\/europressgroup.com\/fi\/#organization"},"potentialAction":[{"@type":"SearchAction","target":{"@type":"EntryPoint","urlTemplate":"https:\/\/europressgroup.com\/fi\/?s={search_term_string}"},"query-input":{"@type":"PropertyValueSpecification","valueRequired":true,"valueName":"search_term_string"}}],"inLanguage":"fi"},{"@type":"Organization","@id":"https:\/\/europressgroup.com\/fi\/#organization","name":"Europress Group","url":"https:\/\/europressgroup.com\/fi\/","logo":{"@type":"ImageObject","inLanguage":"fi","@id":"https:\/\/europressgroup.com\/fi\/#\/schema\/logo\/image\/","url":"https:\/\/europressgroup.com\/wp-content\/uploads\/2018\/12\/Europress-logo-1.png","contentUrl":"https:\/\/europressgroup.com\/wp-content\/uploads\/2018\/12\/Europress-logo-1.png","width":478,"height":75,"caption":"Europress Group"},"image":{"@id":"https:\/\/europressgroup.com\/fi\/#\/schema\/logo\/image\/"},"sameAs":["https:\/\/www.facebook.com\/europresswastehandling","https:\/\/x.com\/EPWastehandling","https:\/\/www.instagram.com\/europressgroup\/","https:\/\/www.linkedin.com\/company\/europress"],"publishingPrinciples":"https:\/\/europressgroup.com\/environment-safety-quality\/","ownershipFundingInfo":"https:\/\/europressgroup.com\/history\/","actionableFeedbackPolicy":"https:\/\/europressgroup.com\/customer-feedback\/","correctionsPolicy":"https:\/\/europressgroup.com\/customer-feedback\/","ethicsPolicy":"https:\/\/europressgroup.com\/responsibility\/"}]}},"_links":{"self":[{"href":"https:\/\/europressgroup.com\/fi\/wp-json\/wp\/v2\/pages\/75024","targetHints":{"allow":["GET"]}}],"collection":[{"href":"https:\/\/europressgroup.com\/fi\/wp-json\/wp\/v2\/pages"}],"about":[{"href":"https:\/\/europressgroup.com\/fi\/wp-json\/wp\/v2\/types\/page"}],"author":[{"embeddable":true,"href":"https:\/\/europressgroup.com\/fi\/wp-json\/wp\/v2\/users\/25"}],"replies":[{"embeddable":true,"href":"https:\/\/europressgroup.com\/fi\/wp-json\/wp\/v2\/comments?post=75024"}],"version-history":[{"count":20,"href":"https:\/\/europressgroup.com\/fi\/wp-json\/wp\/v2\/pages\/75024\/revisions"}],"predecessor-version":[{"id":141409,"href":"https:\/\/europressgroup.com\/fi\/wp-json\/wp\/v2\/pages\/75024\/revisions\/141409"}],"wp:featuredmedia":[{"embeddable":true,"href":"https:\/\/europressgroup.com\/fi\/wp-json\/wp\/v2\/media\/75025"}],"wp:attachment":[{"href":"https:\/\/europressgroup.com\/fi\/wp-json\/wp\/v2\/media?parent=75024"}],"curies":[{"name":"wp","href":"https:\/\/api.w.org\/{rel}","templated":true}]}}