{"id":74997,"date":"2019-02-26T13:09:59","date_gmt":"2019-02-26T11:09:59","guid":{"rendered":"https:\/\/europressgroup.com\/combio\/"},"modified":"2025-07-08T12:25:32","modified_gmt":"2025-07-08T09:25:32","slug":"combio","status":"publish","type":"page","link":"https:\/\/europressgroup.com\/fi\/combio\/","title":{"rendered":"Combio j\u00e4tepuristin"},"content":{"rendered":"<div class=\"wpb-content-wrapper\"><p>[vc_row row_height_percent=&#8221;0&#8243; override_padding=&#8221;yes&#8221; h_padding=&#8221;2&#8243; top_padding=&#8221;4&#8243; bottom_padding=&#8221;1&#8243; overlay_alpha=&#8221;50&#8243; equal_height=&#8221;yes&#8221; gutter_size=&#8221;3&#8243; column_width_percent=&#8221;100&#8243; shift_y=&#8221;0&#8243; z_index=&#8221;0&#8243; row_name=&#8221;Highlights&#8221;][vc_column column_width_percent=&#8221;100&#8243; position_horizontal=&#8221;left&#8221; position_vertical=&#8221;middle&#8221; gutter_size=&#8221;3&#8243; override_padding=&#8221;yes&#8221; column_padding=&#8221;2&#8243; overlay_alpha=&#8221;50&#8243; shift_x=&#8221;0&#8243; shift_y=&#8221;0&#8243; shift_y_down=&#8221;0&#8243; z_index=&#8221;0&#8243; medium_width=&#8221;4&#8243; mobile_width=&#8221;0&#8243; zoom_width=&#8221;0&#8243; zoom_height=&#8221;0&#8243; width=&#8221;1\/2&#8243;][vc_single_image media=&#8221;141857&#8243; media_width_percent=&#8221;100&#8243; image=&#8221;2286&#8243; border_color=&#8221;grey&#8221; img_link_target=&#8221;_self&#8221; img_size=&#8221;full&#8221; uncode_shortcode_id=&#8221;286723&#8243;][\/vc_column][vc_column column_width_percent=&#8221;100&#8243; position_vertical=&#8221;middle&#8221; align_horizontal=&#8221;align_center&#8221; gutter_size=&#8221;3&#8243; expand_height=&#8221;yes&#8221; overlay_alpha=&#8221;50&#8243; shift_x=&#8221;0&#8243; shift_y=&#8221;0&#8243; shift_y_down=&#8221;0&#8243; z_index=&#8221;0&#8243; medium_width=&#8221;4&#8243; mobile_width=&#8221;0&#8243; zoom_width=&#8221;0&#8243; zoom_height=&#8221;0&#8243; width=&#8221;1\/6&#8243;][vc_icon icon=&#8221;fa fa-recycle&#8221; size=&#8221;fa-3x&#8221; text_height=&#8221;fontheight-179065&#8243; title=&#8221;K\u00c4YTT\u00d6&#8221;]Bioj\u00e4te<\/p>\n<p>Kostea sekaj\u00e4te[\/vc_icon][\/vc_column][vc_column column_width_percent=&#8221;100&#8243; align_horizontal=&#8221;align_center&#8221; gutter_size=&#8221;3&#8243; expand_height=&#8221;yes&#8221; overlay_alpha=&#8221;50&#8243; shift_x=&#8221;0&#8243; shift_y=&#8221;0&#8243; shift_y_down=&#8221;0&#8243; z_index=&#8221;0&#8243; medium_width=&#8221;0&#8243; mobile_width=&#8221;0&#8243; width=&#8221;1\/6&#8243;][vc_icon icon=&#8221;fa fa-cogs&#8221; size=&#8221;fa-3x&#8221; text_height=&#8221;fontheight-179065&#8243; title=&#8221;OMINAISUUDET&#8221;]Heilurim\u00e4nt\u00e4-teknologia<\/p>\n<p>Markkinoiden matalin sy\u00f6tt\u00f6aukko<\/p>\n<p>Nestetiivis rakenne<\/p>\n<p>\u00c4lyk\u00e4s SMART-teknologia[\/vc_icon][\/vc_column][vc_column column_width_percent=&#8221;100&#8243; align_horizontal=&#8221;align_center&#8221; gutter_size=&#8221;3&#8243; expand_height=&#8221;yes&#8221; overlay_alpha=&#8221;50&#8243; shift_x=&#8221;0&#8243; shift_y=&#8221;0&#8243; shift_y_down=&#8221;0&#8243; z_index=&#8221;0&#8243; medium_width=&#8221;0&#8243; mobile_width=&#8221;0&#8243; width=&#8221;1\/6&#8243;][vc_icon icon=&#8221;fa fa-th&#8221; size=&#8221;fa-3x&#8221; text_height=&#8221;fontheight-179065&#8243; title=&#8221;KAPASITEETTI&#8221;]10 m\u00b3<\/p>\n<p>11 m\u00b3<\/p>\n<p>14 m\u00b3<\/p>\n<p>17 m\u00b3<\/p>\n<p>20 m\u00b3[\/vc_icon][\/vc_column][\/vc_row][vc_row row_height_percent=&#8221;0&#8243; override_padding=&#8221;yes&#8221; h_padding=&#8221;2&#8243; top_padding=&#8221;2&#8243; bottom_padding=&#8221;1&#8243; back_color=&#8221;color-xsdn&#8221; overlay_alpha=&#8221;100&#8243; equal_height=&#8221;yes&#8221; gutter_size=&#8221;0&#8243; column_width_percent=&#8221;100&#8243; shift_y=&#8221;0&#8243; z_index=&#8221;0&#8243; style=&#8221;dark&#8221; row_name=&#8221;Design &amp; Quality&#8221;][vc_column column_width_percent=&#8221;100&#8243; position_horizontal=&#8221;left&#8221; position_vertical=&#8221;middle&#8221; gutter_size=&#8221;3&#8243; override_padding=&#8221;yes&#8221; column_padding=&#8221;0&#8243; style=&#8221;light&#8221; back_color=&#8221;color-xsdn&#8221; overlay_alpha=&#8221;50&#8243; shift_x=&#8221;0&#8243; shift_y=&#8221;0&#8243; shift_y_down=&#8221;0&#8243; z_index=&#8221;0&#8243; medium_width=&#8221;0&#8243; mobile_width=&#8221;0&#8243; width=&#8221;1\/1&#8243; uncode_shortcode_id=&#8221;184628&#8243; back_color_type=&#8221;uncode-palette&#8221;][vc_custom_heading text_weight=&#8221;700&#8243; text_transform=&#8221;uppercase&#8221; separator_color=&#8221;yes&#8221; separator=&#8221;yes&#8221; sub_lead=&#8221;yes&#8221; sub_reduced=&#8221;yes&#8221;]J\u00c4RE\u00c4T HEILURIM\u00c4NN\u00c4LL\u00c4 VARUSTETUT J\u00c4TEPURISTIMET KOSTEALLE J\u00c4TTEELLE[\/vc_custom_heading][vc_column_text]Europress Combio on kiinte\u00e4s\u00e4ili\u00f6inen j\u00e4tepuristin, joka on suunniteltu erityisesti kostean ja bioj\u00e4tteen k\u00e4sittelyyn. Puristimessa on luokassaan markkinoiden matalin sy\u00f6tt\u00f6aukko, mik\u00e4 takaa vaivattoman sy\u00f6t\u00f6n maasta k\u00e4sin.<\/p>\n<p>Europress Combio -j\u00e4tepuristimien erikoisuus on niiden itsepuhdistuva heilurim\u00e4nt\u00e4, joka toimii pyyhkij\u00e4n tavoin. Puristuksen paluuliikkeell\u00e4 m\u00e4nt\u00e4 pyyhkii taakse mahdollisesti j\u00e4\u00e4neen j\u00e4temateriaalin eteen ja seuraavalla puristusliikkeell\u00e4 edelleen s\u00e4ili\u00f6\u00f6n. Mekanismin ansiosta puristimessa ei ole s\u00e4\u00e4nn\u00f6llist\u00e4 puhdistusta vaativaa m\u00e4nn\u00e4n takatilaa.<\/p>\n<p>Combio-j\u00e4tepuristimet ovat eritt\u00e4in kest\u00e4vi\u00e4, sill\u00e4 niiden kaikki hydrauliikka- ja elektroniikkaosat ovat t\u00e4ysin eristetty tilasta, miss\u00e4 j\u00e4temateriaaleja k\u00e4sitell\u00e4\u00e4n. Europress Combio-j\u00e4tepuristimiin on saatavilla laaja valikoima erilaisia lis\u00e4varusteita, kuten astiankaatolaite, otsonointi ja pohjanl\u00e4mmitysj\u00e4rjestelm\u00e4. Puristin on saatavilla useissa eri vakios\u00e4ili\u00f6koissa: 10 m\u00b3, 11 m\u00b3, 14 m\u00b3, 17m\u00b3 ja 20 m\u00b3.[\/vc_column_text][\/vc_column][\/vc_row][vc_row row_height_percent=&#8221;10&#8243; override_padding=&#8221;yes&#8221; h_padding=&#8221;2&#8243; top_padding=&#8221;2&#8243; bottom_padding=&#8221;3&#8243; overlay_alpha=&#8221;100&#8243; equal_height=&#8221;yes&#8221; gutter_size=&#8221;0&#8243; column_width_percent=&#8221;100&#8243; shift_y=&#8221;0&#8243; z_index=&#8221;0&#8243; style=&#8221;dark&#8221; row_name=&#8221;Design &amp; Quality&#8221; uncode_shortcode_id=&#8221;178088&#8243;][vc_column column_width_percent=&#8221;100&#8243; position_horizontal=&#8221;left&#8221; position_vertical=&#8221;middle&#8221; gutter_size=&#8221;3&#8243; override_padding=&#8221;yes&#8221; column_padding=&#8221;0&#8243; overlay_alpha=&#8221;50&#8243; shift_x=&#8221;0&#8243; shift_y=&#8221;0&#8243; shift_y_down=&#8221;0&#8243; z_index=&#8221;0&#8243; medium_width=&#8221;0&#8243; mobile_width=&#8221;0&#8243; width=&#8221;2\/3&#8243; uncode_shortcode_id=&#8221;875999&#8243;][vc_column_text uncode_shortcode_id=&#8221;129570&#8243;]J\u00e4tepuristimien \u00e4lyk\u00e4s SMART-teknologia mahdollistaa kustannustehokkaan ja turvallisen toiminnan. Laitteet voidaan optimoida erilaisia j\u00e4tehuoltotarpeita vastaaviksi ja niiden teknologia suojaa sek\u00e4 laitetta ett\u00e4 k\u00e4ytt\u00e4j\u00e4\u00e4 virhek\u00e4yt\u00f6lt\u00e4, est\u00e4\u00e4 komponenttien rikkoutumisen ja varmistaa n\u00e4in turvallisen toiminnan.<\/p>\n<p>Combio j\u00e4tepuristimet ovat yhdistett\u00e4viss\u00e4 <a href=\"https:\/\/europressgroup.com\/fi\/smart\/\"><strong>Europress SMART<\/strong><\/a> \u2013verkostoon.[\/vc_column_text][\/vc_column][vc_column width=&#8221;1\/3&#8243;][vc_single_image media=&#8221;73921&#8243; media_width_percent=&#8221;60&#8243; alignment=&#8221;center&#8221; media_link=&#8221;url:https%3A%2F%2Feuropressgroup.com%2Ffi%2Fsmart%2F|title:Europress%20SMART&#8221; uncode_shortcode_id=&#8221;497595&#8243;][\/vc_column][\/vc_row][vc_row row_height_percent=&#8221;0&#8243; back_color=&#8221;color-lxmt&#8221; overlay_alpha=&#8221;50&#8243; gutter_size=&#8221;3&#8243; column_width_percent=&#8221;100&#8243; shift_y=&#8221;0&#8243; z_index=&#8221;0&#8243; uncode_shortcode_id=&#8221;205522&#8243; back_color_type=&#8221;uncode-palette&#8221;][vc_column column_width_percent=&#8221;100&#8243; align_horizontal=&#8221;align_center&#8221; gutter_size=&#8221;3&#8243; overlay_alpha=&#8221;50&#8243; shift_x=&#8221;0&#8243; shift_y=&#8221;0&#8243; shift_y_down=&#8221;0&#8243; z_index=&#8221;0&#8243; medium_width=&#8221;0&#8243; mobile_width=&#8221;0&#8243; width=&#8221;1\/1&#8243; uncode_shortcode_id=&#8221;176777&#8243;][vc_custom_heading text_transform=&#8221;uppercase&#8221; separator_color=&#8221;yes&#8221; separator=&#8221;yes&#8221; sub_lead=&#8221;yes&#8221; uncode_shortcode_id=&#8221;163943&#8243; subheading=&#8221;Europressin Combio-j\u00e4tepuristin hoitaa Helsingin Tukkutorilla m\u00e4r\u00e4tkin bioj\u00e4tteet siististi ja tehokkaasti.&#8221;]Combio-j\u00e4tepuristin hoitaa Helsingin Tukkutorin bioj\u00e4tteet[\/vc_custom_heading][vc_button button_color=&#8221;color-186284&#8243; radius=&#8221;btn-circle&#8221; border_width=&#8221;0&#8243; link=&#8221;url:https%3A%2F%2Feuropressgroup.com%2Ffi%2Fscaletipper-x1-punnitsee-tukkutorin-jatejakee%2F|title:Combio%20hoitaa%20Tukkutorin%20bioj%C3%A4tteet%20hygieenisesti&#8221; button_color_type=&#8221;uncode-palette&#8221; uncode_shortcode_id=&#8221;900751&#8243;]Lue lis\u00e4\u00e4[\/vc_button][\/vc_column][\/vc_row][vc_row unlock_row_content=&#8221;yes&#8221; row_height_percent=&#8221;0&#8243; override_padding=&#8221;yes&#8221; h_padding=&#8221;2&#8243; top_padding=&#8221;4&#8243; bottom_padding=&#8221;4&#8243; back_color=&#8221;color-rgdb&#8221; overlay_alpha=&#8221;50&#8243; gutter_size=&#8221;3&#8243; column_width_percent=&#8221;100&#8243; shift_y=&#8221;0&#8243; z_index=&#8221;0&#8243; row_name=&#8221;Gallery&#8221;][vc_column column_width_use_pixel=&#8221;yes&#8221; align_horizontal=&#8221;align_center&#8221; gutter_size=&#8221;3&#8243; style=&#8221;dark&#8221; overlay_alpha=&#8221;50&#8243; shift_x=&#8221;0&#8243; shift_y=&#8221;0&#8243; medium_width=&#8221;0&#8243; zoom_width=&#8221;0&#8243; zoom_height=&#8221;0&#8243; column_width_pixel=&#8221;1400&#8243;][vc_custom_heading text_transform=&#8221;uppercase&#8221; separator=&#8221;yes&#8221; sub_lead=&#8221;yes&#8221;]Media[\/vc_custom_heading][vc_raw_html]JTNDaWZyYW1lJTIwd2lkdGglM0QlMjI1NjAlMjIlMjBoZWlnaHQlM0QlMjI1MDAlMjIlMjBzcmMlM0QlMjJodHRwcyUzQSUyRiUyRnd3dy55b3V0dWJlLmNvbSUyRmVtYmVkJTJGSzJQOWdSUWx3T0ElM0ZzaSUzRG94N015bE51aWczZ1VZblMlMjIlMjB0aXRsZSUzRCUyMllvdVR1YmUlMjB2aWRlbyUyMHBsYXllciUyMiUyMGZyYW1lYm9yZGVyJTNEJTIyMCUyMiUyMGFsbG93JTNEJTIyYWNjZWxlcm9tZXRlciUzQiUyMGF1dG9wbGF5JTNCJTIwY2xpcGJvYXJkLXdyaXRlJTNCJTIwZW5jcnlwdGVkLW1lZGlhJTNCJTIwZ3lyb3Njb3BlJTNCJTIwcGljdHVyZS1pbi1waWN0dXJlJTNCJTIwd2ViLXNoYXJlJTIyJTIwcmVmZXJyZXJwb2xpY3klM0QlMjJzdHJpY3Qtb3JpZ2luLXdoZW4tY3Jvc3Mtb3JpZ2luJTIyJTIwYWxsb3dmdWxsc2NyZWVuJTNFJTNDJTJGaWZyYW1lJTNF[\/vc_raw_html][vc_gallery el_id=&#8221;gallery-47626&#8243; type=&#8221;carousel&#8221; medias=&#8221;73416,73651,73652,73653,73654,73655&#8243; carousel_lg=&#8221;3&#8243; carousel_md=&#8221;2&#8243; carousel_sm=&#8221;1&#8243; thumb_size=&#8221;one-one&#8221; gutter_size=&#8221;2&#8243; media_items=&#8221;media,icon&#8221; carousel_interval=&#8221;3000&#8243; carousel_navspeed=&#8221;400&#8243; carousel_nav=&#8221;yes&#8221; carousel_dots=&#8221;yes&#8221; stage_padding=&#8221;0&#8243; single_overlay_opacity=&#8221;50&#8243; single_image_anim=&#8221;no&#8221; single_h_align=&#8221;center&#8221; single_padding=&#8221;2&#8243; single_icon=&#8221;fa fa-search3&#8243; single_shadow=&#8221;yes&#8221; single_border=&#8221;yes&#8221; carousel_rtl=&#8221;&#8221; single_title_uppercase=&#8221;&#8221; uncode_shortcode_id=&#8221;202411&#8243;][\/vc_column][\/vc_row][vc_row row_height_percent=&#8221;50&#8243; override_padding=&#8221;yes&#8221; h_padding=&#8221;2&#8243; top_padding=&#8221;0&#8243; bottom_padding=&#8221;0&#8243; back_color=&#8221;color-lxmt&#8221; overlay_alpha=&#8221;100&#8243; equal_height=&#8221;yes&#8221; gutter_size=&#8221;0&#8243; column_width_percent=&#8221;100&#8243; shift_y=&#8221;0&#8243; z_index=&#8221;0&#8243; style=&#8221;dark&#8221; row_name=&#8221;Design &amp; Quality&#8221;][vc_column column_width_percent=&#8221;100&#8243; align_horizontal=&#8221;align_center&#8221; gutter_size=&#8221;3&#8243; override_padding=&#8221;yes&#8221; column_padding=&#8221;4&#8243; style=&#8221;light&#8221; back_color=&#8221;color-lxmt&#8221; overlay_alpha=&#8221;50&#8243; shift_x=&#8221;0&#8243; shift_y=&#8221;0&#8243; shift_y_down=&#8221;0&#8243; z_index=&#8221;0&#8243; medium_width=&#8221;0&#8243; mobile_width=&#8221;0&#8243; width=&#8221;1\/1&#8243;][vc_custom_heading text_weight=&#8221;700&#8243; text_transform=&#8221;uppercase&#8221; separator_color=&#8221;yes&#8221; separator=&#8221;yes&#8221; sub_lead=&#8221;yes&#8221; sub_reduced=&#8221;yes&#8221;]LIS\u00c4TIEDOT[\/vc_custom_heading][vc_tabs][vc_tab title=&#8221;TEKNISET TIEDOT&#8221; tab_id=&#8221;1551168098-1-37&#8243;][vc_column_text]<strong>Sy\u00f6tt\u00f6aukon mitat L x K\u00a0<\/strong><br \/>\n1 400 x 1 250 mm<\/p>\n<p><strong>Sy\u00f6tt\u00f6korkeus (maasta)<\/strong><br \/>\n1 300 mm<\/p>\n<p><strong>Puristusvoima<\/strong><br \/>\n35 t<\/p>\n<p><strong>Iskuaika<\/strong><br \/>\n28 s<\/p>\n<p><strong>Kapasiteetti (bioj\u00e4te)<\/strong><br \/>\n75 m\u00b3 \/h<\/p>\n<p><strong>Moottori<\/strong><br \/>\n5,5 kW<\/p>\n<p><strong>Virransy\u00f6tt\u00f6<\/strong><br \/>\n400 V, 50 Hz, 3\u00d7C16 A[\/vc_column_text][\/vc_tab][vc_tab title=&#8221;VAKIOVARUSTEET&#8221; tab_id=&#8221;1551168098-2-88&#8243;][vc_column_text]Sininen v\u00e4ri RAL 5017<\/p>\n<p>Vakiomallinen sy\u00f6tt\u00f6suppilo<\/p>\n<p>Nostokoukut edess\u00e4 &amp; takana<\/p>\n<p>Tyhjennysoven Long handle -avausmekanismi<\/p>\n<p>S\u00e4ili\u00f6n ja puristinosan vesitiivistys<\/p>\n<p>\u00c4lyk\u00e4s SMART-teknologia<\/p>\n<p>Europress SMART \u2013yhdistett\u00e4vyys[\/vc_column_text][\/vc_tab][vc_tab title=&#8221;LIS\u00c4VARUSTEET&#8221; tab_id=&#8221;1551168147535-2-2&#8243;][vc_column_text]Erikoisv\u00e4ri RAL<\/p>\n<p>Ohjauskiskot<\/p>\n<p>Lis\u00e4painikkeet esim. ylim\u00e4\u00e4r\u00e4iset h\u00e4t\u00e4-seis-kytkimet<\/p>\n<p>Siirtopy\u00f6r\u00e4t edess\u00e4 \/ takana<\/p>\n<p>Nesteenpoistoj\u00e4rjestelm\u00e4<\/p>\n<p>Tyhjennysoven 2-vaiheinen aukaisumekanismi<\/p>\n<p>Tyhjennysoven yl\u00e4saranointi<\/p>\n<p>Otsonointi- \/ j\u00e4\u00e4hdytyslaite (hajunpoisto)<\/p>\n<p>Astiankaatolaite (integroitu \/ erillinen)<\/p>\n<p>Kannen aukaisumekanismi (hydraulinen \/ s\u00e4hk\u00f6inen)<\/p>\n<p>Koodik\u00e4ynnistys<\/p>\n<p>Automaattik\u00e4ynnistys<\/p>\n<p>7,5 kW koneikko[\/vc_column_text][\/vc_tab][\/vc_tabs][\/vc_column][\/vc_row][vc_row][vc_column width=&#8221;1\/1&#8243;][uncode_block id=&#8221;73192&#8243;][\/vc_column][\/vc_row]<\/p>\n<\/div>","protected":false},"excerpt":{"rendered":"<p>[vc_row row_height_percent=&#8221;0&#8243; override_padding=&#8221;yes&#8221; h_padding=&#8221;2&#8243; top_padding=&#8221;4&#8243; bottom_padding=&#8221;1&#8243; overlay_alpha=&#8221;50&#8243; equal_height=&#8221;yes&#8221; gutter_size=&#8221;3&#8243; column_width_percent=&#8221;100&#8243; shift_y=&#8221;0&#8243; z_index=&#8221;0&#8243; row_name=&#8221;Highlights&#8221;][vc_column column_width_percent=&#8221;100&#8243; position_horizontal=&#8221;left&#8221; position_vertical=&#8221;middle&#8221; gutter_size=&#8221;3&#8243; override_padding=&#8221;yes&#8221; column_padding=&#8221;2&#8243; overlay_alpha=&#8221;50&#8243; [&hellip;]<\/p>\n","protected":false},"author":25,"featured_media":155035,"parent":0,"menu_order":0,"comment_status":"closed","ping_status":"closed","template":"","meta":{"footnotes":""},"class_list":["post-74997","page","type-page","status-publish","has-post-thumbnail","hentry","page_category-biojate","page_category-kostea-sekajate"],"yoast_head":"<!-- This site is optimized with the Yoast SEO Premium plugin v27.3 (Yoast SEO v27.3) - https:\/\/yoast.com\/product\/yoast-seo-premium-wordpress\/ -->\n<title>Combio j\u00e4tepuristin - Europress Group<\/title>\n<meta name=\"description\" content=\"J\u00e4re\u00e4t Combio j\u00e4tepuristimet heilurim\u00e4nn\u00e4ll\u00e4 kostealle j\u00e4tteelle. Puristusvoima 35 tonnia. Itsepuhdistuvan heilurim\u00e4nn\u00e4n ansiosta helppo yll\u00e4pit\u00e4\u00e4.\" \/>\n<meta name=\"robots\" content=\"index, follow, max-snippet:-1, max-image-preview:large, max-video-preview:-1\" \/>\n<link rel=\"canonical\" href=\"https:\/\/europressgroup.com\/fi\/combio\/\" \/>\n<meta property=\"og:locale\" content=\"fi_FI\" \/>\n<meta property=\"og:type\" content=\"article\" \/>\n<meta property=\"og:title\" content=\"Combio j\u00e4tepuristin\" \/>\n<meta property=\"og:description\" content=\"Bioj\u00e4te Kostea sekaj\u00e4teHeilurim\u00e4nt\u00e4-teknologia Markkinoiden matalin sy\u00f6tt\u00f6aukko Nestetiivis rakenne \u00c4lyk\u00e4s SMART-teknologia10 m\u00b3 11 m\u00b3 14 m\u00b3 17 m\u00b3 20\" \/>\n<meta property=\"og:url\" content=\"https:\/\/europressgroup.com\/fi\/combio\/\" \/>\n<meta property=\"og:site_name\" content=\"Europress Group\" \/>\n<meta property=\"article:publisher\" content=\"https:\/\/www.facebook.com\/europresswastehandling\" \/>\n<meta property=\"article:modified_time\" content=\"2025-07-08T09:25:32+00:00\" \/>\n<meta property=\"og:image\" content=\"https:\/\/europressgroup.com\/wp-content\/uploads\/2025\/06\/combio_3_small-1.jpg\" \/>\n\t<meta property=\"og:image:width\" content=\"1920\" \/>\n\t<meta property=\"og:image:height\" content=\"1440\" \/>\n\t<meta property=\"og:image:type\" content=\"image\/jpeg\" \/>\n<meta name=\"twitter:card\" content=\"summary_large_image\" \/>\n<meta name=\"twitter:site\" content=\"@EPWastehandling\" \/>\n<meta name=\"twitter:label1\" content=\"Arvioitu lukuaika\" \/>\n\t<meta name=\"twitter:data1\" content=\"4 minuuttia\" \/>\n<script type=\"application\/ld+json\" class=\"yoast-schema-graph\">{\"@context\":\"https:\\\/\\\/schema.org\",\"@graph\":[{\"@type\":\"WebPage\",\"@id\":\"https:\\\/\\\/europressgroup.com\\\/fi\\\/combio\\\/\",\"url\":\"https:\\\/\\\/europressgroup.com\\\/fi\\\/combio\\\/\",\"name\":\"Combio j\u00e4tepuristin - Europress Group\",\"isPartOf\":{\"@id\":\"https:\\\/\\\/europressgroup.com\\\/fi\\\/#website\"},\"primaryImageOfPage\":{\"@id\":\"https:\\\/\\\/europressgroup.com\\\/fi\\\/combio\\\/#primaryimage\"},\"image\":{\"@id\":\"https:\\\/\\\/europressgroup.com\\\/fi\\\/combio\\\/#primaryimage\"},\"thumbnailUrl\":\"https:\\\/\\\/europressgroup.com\\\/wp-content\\\/uploads\\\/2025\\\/06\\\/combio_3_small-1.jpg\",\"datePublished\":\"2019-02-26T11:09:59+00:00\",\"dateModified\":\"2025-07-08T09:25:32+00:00\",\"description\":\"J\u00e4re\u00e4t Combio j\u00e4tepuristimet heilurim\u00e4nn\u00e4ll\u00e4 kostealle j\u00e4tteelle. Puristusvoima 35 tonnia. Itsepuhdistuvan heilurim\u00e4nn\u00e4n ansiosta helppo yll\u00e4pit\u00e4\u00e4.\",\"breadcrumb\":{\"@id\":\"https:\\\/\\\/europressgroup.com\\\/fi\\\/combio\\\/#breadcrumb\"},\"inLanguage\":\"fi\",\"potentialAction\":[{\"@type\":\"ReadAction\",\"target\":[\"https:\\\/\\\/europressgroup.com\\\/fi\\\/combio\\\/\"]}]},{\"@type\":\"ImageObject\",\"inLanguage\":\"fi\",\"@id\":\"https:\\\/\\\/europressgroup.com\\\/fi\\\/combio\\\/#primaryimage\",\"url\":\"https:\\\/\\\/europressgroup.com\\\/wp-content\\\/uploads\\\/2025\\\/06\\\/combio_3_small-1.jpg\",\"contentUrl\":\"https:\\\/\\\/europressgroup.com\\\/wp-content\\\/uploads\\\/2025\\\/06\\\/combio_3_small-1.jpg\",\"width\":1920,\"height\":1440},{\"@type\":\"BreadcrumbList\",\"@id\":\"https:\\\/\\\/europressgroup.com\\\/fi\\\/combio\\\/#breadcrumb\",\"itemListElement\":[{\"@type\":\"ListItem\",\"position\":1,\"name\":\"Home\",\"item\":\"https:\\\/\\\/europressgroup.com\\\/fi\\\/\"},{\"@type\":\"ListItem\",\"position\":2,\"name\":\"Combio j\u00e4tepuristin\"}]},{\"@type\":\"WebSite\",\"@id\":\"https:\\\/\\\/europressgroup.com\\\/fi\\\/#website\",\"url\":\"https:\\\/\\\/europressgroup.com\\\/fi\\\/\",\"name\":\"Europress Group\",\"description\":\"Northern European leader in Environmental Technology\",\"publisher\":{\"@id\":\"https:\\\/\\\/europressgroup.com\\\/fi\\\/#organization\"},\"potentialAction\":[{\"@type\":\"SearchAction\",\"target\":{\"@type\":\"EntryPoint\",\"urlTemplate\":\"https:\\\/\\\/europressgroup.com\\\/fi\\\/?s={search_term_string}\"},\"query-input\":{\"@type\":\"PropertyValueSpecification\",\"valueRequired\":true,\"valueName\":\"search_term_string\"}}],\"inLanguage\":\"fi\"},{\"@type\":\"Organization\",\"@id\":\"https:\\\/\\\/europressgroup.com\\\/fi\\\/#organization\",\"name\":\"Europress Group\",\"url\":\"https:\\\/\\\/europressgroup.com\\\/fi\\\/\",\"logo\":{\"@type\":\"ImageObject\",\"inLanguage\":\"fi\",\"@id\":\"https:\\\/\\\/europressgroup.com\\\/fi\\\/#\\\/schema\\\/logo\\\/image\\\/\",\"url\":\"https:\\\/\\\/europressgroup.com\\\/wp-content\\\/uploads\\\/2018\\\/12\\\/Europress-logo-1.png\",\"contentUrl\":\"https:\\\/\\\/europressgroup.com\\\/wp-content\\\/uploads\\\/2018\\\/12\\\/Europress-logo-1.png\",\"width\":478,\"height\":75,\"caption\":\"Europress Group\"},\"image\":{\"@id\":\"https:\\\/\\\/europressgroup.com\\\/fi\\\/#\\\/schema\\\/logo\\\/image\\\/\"},\"sameAs\":[\"https:\\\/\\\/www.facebook.com\\\/europresswastehandling\",\"https:\\\/\\\/x.com\\\/EPWastehandling\",\"https:\\\/\\\/www.instagram.com\\\/europressgroup\\\/\",\"https:\\\/\\\/www.linkedin.com\\\/company\\\/europress\"],\"publishingPrinciples\":\"https:\\\/\\\/europressgroup.com\\\/environment-safety-quality\\\/\",\"ownershipFundingInfo\":\"https:\\\/\\\/europressgroup.com\\\/history\\\/\",\"actionableFeedbackPolicy\":\"https:\\\/\\\/europressgroup.com\\\/customer-feedback\\\/\",\"correctionsPolicy\":\"https:\\\/\\\/europressgroup.com\\\/customer-feedback\\\/\",\"ethicsPolicy\":\"https:\\\/\\\/europressgroup.com\\\/responsibility\\\/\"}]}<\/script>\n<!-- \/ Yoast SEO Premium plugin. -->","yoast_head_json":{"title":"Combio j\u00e4tepuristin - Europress Group","description":"J\u00e4re\u00e4t Combio j\u00e4tepuristimet heilurim\u00e4nn\u00e4ll\u00e4 kostealle j\u00e4tteelle. Puristusvoima 35 tonnia. Itsepuhdistuvan heilurim\u00e4nn\u00e4n ansiosta helppo yll\u00e4pit\u00e4\u00e4.","robots":{"index":"index","follow":"follow","max-snippet":"max-snippet:-1","max-image-preview":"max-image-preview:large","max-video-preview":"max-video-preview:-1"},"canonical":"https:\/\/europressgroup.com\/fi\/combio\/","og_locale":"fi_FI","og_type":"article","og_title":"Combio j\u00e4tepuristin","og_description":"Bioj\u00e4te Kostea sekaj\u00e4teHeilurim\u00e4nt\u00e4-teknologia Markkinoiden matalin sy\u00f6tt\u00f6aukko Nestetiivis rakenne \u00c4lyk\u00e4s SMART-teknologia10 m\u00b3 11 m\u00b3 14 m\u00b3 17 m\u00b3 20","og_url":"https:\/\/europressgroup.com\/fi\/combio\/","og_site_name":"Europress Group","article_publisher":"https:\/\/www.facebook.com\/europresswastehandling","article_modified_time":"2025-07-08T09:25:32+00:00","og_image":[{"width":1920,"height":1440,"url":"https:\/\/europressgroup.com\/wp-content\/uploads\/2025\/06\/combio_3_small-1.jpg","type":"image\/jpeg"}],"twitter_card":"summary_large_image","twitter_site":"@EPWastehandling","twitter_misc":{"Arvioitu lukuaika":"4 minuuttia"},"schema":{"@context":"https:\/\/schema.org","@graph":[{"@type":"WebPage","@id":"https:\/\/europressgroup.com\/fi\/combio\/","url":"https:\/\/europressgroup.com\/fi\/combio\/","name":"Combio j\u00e4tepuristin - Europress Group","isPartOf":{"@id":"https:\/\/europressgroup.com\/fi\/#website"},"primaryImageOfPage":{"@id":"https:\/\/europressgroup.com\/fi\/combio\/#primaryimage"},"image":{"@id":"https:\/\/europressgroup.com\/fi\/combio\/#primaryimage"},"thumbnailUrl":"https:\/\/europressgroup.com\/wp-content\/uploads\/2025\/06\/combio_3_small-1.jpg","datePublished":"2019-02-26T11:09:59+00:00","dateModified":"2025-07-08T09:25:32+00:00","description":"J\u00e4re\u00e4t Combio j\u00e4tepuristimet heilurim\u00e4nn\u00e4ll\u00e4 kostealle j\u00e4tteelle. Puristusvoima 35 tonnia. Itsepuhdistuvan heilurim\u00e4nn\u00e4n ansiosta helppo yll\u00e4pit\u00e4\u00e4.","breadcrumb":{"@id":"https:\/\/europressgroup.com\/fi\/combio\/#breadcrumb"},"inLanguage":"fi","potentialAction":[{"@type":"ReadAction","target":["https:\/\/europressgroup.com\/fi\/combio\/"]}]},{"@type":"ImageObject","inLanguage":"fi","@id":"https:\/\/europressgroup.com\/fi\/combio\/#primaryimage","url":"https:\/\/europressgroup.com\/wp-content\/uploads\/2025\/06\/combio_3_small-1.jpg","contentUrl":"https:\/\/europressgroup.com\/wp-content\/uploads\/2025\/06\/combio_3_small-1.jpg","width":1920,"height":1440},{"@type":"BreadcrumbList","@id":"https:\/\/europressgroup.com\/fi\/combio\/#breadcrumb","itemListElement":[{"@type":"ListItem","position":1,"name":"Home","item":"https:\/\/europressgroup.com\/fi\/"},{"@type":"ListItem","position":2,"name":"Combio j\u00e4tepuristin"}]},{"@type":"WebSite","@id":"https:\/\/europressgroup.com\/fi\/#website","url":"https:\/\/europressgroup.com\/fi\/","name":"Europress Group","description":"Northern European leader in Environmental Technology","publisher":{"@id":"https:\/\/europressgroup.com\/fi\/#organization"},"potentialAction":[{"@type":"SearchAction","target":{"@type":"EntryPoint","urlTemplate":"https:\/\/europressgroup.com\/fi\/?s={search_term_string}"},"query-input":{"@type":"PropertyValueSpecification","valueRequired":true,"valueName":"search_term_string"}}],"inLanguage":"fi"},{"@type":"Organization","@id":"https:\/\/europressgroup.com\/fi\/#organization","name":"Europress Group","url":"https:\/\/europressgroup.com\/fi\/","logo":{"@type":"ImageObject","inLanguage":"fi","@id":"https:\/\/europressgroup.com\/fi\/#\/schema\/logo\/image\/","url":"https:\/\/europressgroup.com\/wp-content\/uploads\/2018\/12\/Europress-logo-1.png","contentUrl":"https:\/\/europressgroup.com\/wp-content\/uploads\/2018\/12\/Europress-logo-1.png","width":478,"height":75,"caption":"Europress Group"},"image":{"@id":"https:\/\/europressgroup.com\/fi\/#\/schema\/logo\/image\/"},"sameAs":["https:\/\/www.facebook.com\/europresswastehandling","https:\/\/x.com\/EPWastehandling","https:\/\/www.instagram.com\/europressgroup\/","https:\/\/www.linkedin.com\/company\/europress"],"publishingPrinciples":"https:\/\/europressgroup.com\/environment-safety-quality\/","ownershipFundingInfo":"https:\/\/europressgroup.com\/history\/","actionableFeedbackPolicy":"https:\/\/europressgroup.com\/customer-feedback\/","correctionsPolicy":"https:\/\/europressgroup.com\/customer-feedback\/","ethicsPolicy":"https:\/\/europressgroup.com\/responsibility\/"}]}},"_links":{"self":[{"href":"https:\/\/europressgroup.com\/fi\/wp-json\/wp\/v2\/pages\/74997","targetHints":{"allow":["GET"]}}],"collection":[{"href":"https:\/\/europressgroup.com\/fi\/wp-json\/wp\/v2\/pages"}],"about":[{"href":"https:\/\/europressgroup.com\/fi\/wp-json\/wp\/v2\/types\/page"}],"author":[{"embeddable":true,"href":"https:\/\/europressgroup.com\/fi\/wp-json\/wp\/v2\/users\/25"}],"replies":[{"embeddable":true,"href":"https:\/\/europressgroup.com\/fi\/wp-json\/wp\/v2\/comments?post=74997"}],"version-history":[{"count":21,"href":"https:\/\/europressgroup.com\/fi\/wp-json\/wp\/v2\/pages\/74997\/revisions"}],"predecessor-version":[{"id":156928,"href":"https:\/\/europressgroup.com\/fi\/wp-json\/wp\/v2\/pages\/74997\/revisions\/156928"}],"wp:featuredmedia":[{"embeddable":true,"href":"https:\/\/europressgroup.com\/fi\/wp-json\/wp\/v2\/media\/155035"}],"wp:attachment":[{"href":"https:\/\/europressgroup.com\/fi\/wp-json\/wp\/v2\/media?parent=74997"}],"curies":[{"name":"wp","href":"https:\/\/api.w.org\/{rel}","templated":true}]}}