{"id":74971,"date":"2019-02-26T14:15:07","date_gmt":"2019-02-26T12:15:07","guid":{"rendered":"https:\/\/europressgroup.com\/balex-50\/"},"modified":"2025-07-08T12:25:02","modified_gmt":"2025-07-08T09:25:02","slug":"balex-50","status":"publish","type":"page","link":"https:\/\/europressgroup.com\/fi\/balex-50\/","title":{"rendered":"Balex-50 j\u00e4tepaalain"},"content":{"rendered":"<div class=\"wpb-content-wrapper\"><p>[vc_row row_height_percent=&#8221;0&#8243; override_padding=&#8221;yes&#8221; h_padding=&#8221;2&#8243; top_padding=&#8221;4&#8243; bottom_padding=&#8221;1&#8243; overlay_alpha=&#8221;50&#8243; equal_height=&#8221;yes&#8221; gutter_size=&#8221;3&#8243; column_width_percent=&#8221;100&#8243; shift_y=&#8221;0&#8243; z_index=&#8221;0&#8243; row_name=&#8221;Highlights&#8221;][vc_column column_width_percent=&#8221;100&#8243; position_horizontal=&#8221;left&#8221; position_vertical=&#8221;middle&#8221; gutter_size=&#8221;3&#8243; override_padding=&#8221;yes&#8221; column_padding=&#8221;2&#8243; overlay_alpha=&#8221;50&#8243; shift_x=&#8221;0&#8243; shift_y=&#8221;0&#8243; shift_y_down=&#8221;0&#8243; z_index=&#8221;0&#8243; medium_width=&#8221;4&#8243; mobile_width=&#8221;0&#8243; zoom_width=&#8221;0&#8243; zoom_height=&#8221;0&#8243; width=&#8221;1\/2&#8243;][vc_single_image media=&#8221;73427&#8243; media_width_percent=&#8221;50&#8243; image=&#8221;2286&#8243; border_color=&#8221;grey&#8221; img_link_target=&#8221;_self&#8221; img_size=&#8221;full&#8221;][\/vc_column][vc_column column_width_percent=&#8221;100&#8243; position_vertical=&#8221;middle&#8221; align_horizontal=&#8221;align_center&#8221; gutter_size=&#8221;3&#8243; expand_height=&#8221;yes&#8221; overlay_alpha=&#8221;50&#8243; shift_x=&#8221;0&#8243; shift_y=&#8221;0&#8243; shift_y_down=&#8221;0&#8243; z_index=&#8221;0&#8243; medium_width=&#8221;4&#8243; mobile_width=&#8221;0&#8243; zoom_width=&#8221;0&#8243; zoom_height=&#8221;0&#8243; width=&#8221;1\/6&#8243;][vc_icon icon=&#8221;fa fa-recycle&#8221; size=&#8221;fa-3x&#8221; text_height=&#8221;fontheight-179065&#8243; title=&#8221;K\u00c4YTT\u00d6&#8221; uncode_shortcode_id=&#8221;198670&#8243;]Kartonki<\/p>\n<p>Muovi<\/p>\n<p>Tekstiili[\/vc_icon][\/vc_column][vc_column column_width_percent=&#8221;100&#8243; align_horizontal=&#8221;align_center&#8221; gutter_size=&#8221;3&#8243; expand_height=&#8221;yes&#8221; overlay_alpha=&#8221;50&#8243; shift_x=&#8221;0&#8243; shift_y=&#8221;0&#8243; shift_y_down=&#8221;0&#8243; z_index=&#8221;0&#8243; medium_width=&#8221;0&#8243; mobile_visibility=&#8221;yes&#8221; mobile_width=&#8221;0&#8243; width=&#8221;1\/6&#8243;][vc_icon icon=&#8221;fa fa-cogs&#8221; size=&#8221;fa-3x&#8221; text_height=&#8221;fontheight-179065&#8243; title=&#8221;OMINAISUUDET&#8221;]Teollisuuspaali<\/p>\n<p>Hiljainen k\u00e4ynti\u00e4\u00e4ni<\/p>\n<p>Nopea iskuaika<\/p>\n<p>\u00c4lyk\u00e4s SMART-teknologia[\/vc_icon][\/vc_column][vc_column column_width_percent=&#8221;100&#8243; align_horizontal=&#8221;align_center&#8221; gutter_size=&#8221;3&#8243; expand_height=&#8221;yes&#8221; overlay_alpha=&#8221;50&#8243; shift_x=&#8221;0&#8243; shift_y=&#8221;0&#8243; shift_y_down=&#8221;0&#8243; z_index=&#8221;0&#8243; medium_width=&#8221;0&#8243; mobile_width=&#8221;0&#8243; width=&#8221;1\/6&#8243;][vc_icon icon=&#8221;fa fa-th&#8221; size=&#8221;fa-3x&#8221; text_height=&#8221;fontheight-179065&#8243; title=&#8221;PAALIKOKO&#8221;]500 kg asti[\/vc_icon][\/vc_column][\/vc_row][vc_row row_height_percent=&#8221;0&#8243; override_padding=&#8221;yes&#8221; h_padding=&#8221;2&#8243; top_padding=&#8221;1&#8243; bottom_padding=&#8221;1&#8243; back_color=&#8221;color-xsdn&#8221; overlay_alpha=&#8221;100&#8243; equal_height=&#8221;yes&#8221; gutter_size=&#8221;0&#8243; column_width_percent=&#8221;100&#8243; shift_y=&#8221;0&#8243; z_index=&#8221;0&#8243; style=&#8221;dark&#8221; row_name=&#8221;Design &amp; Quality&#8221;][vc_column column_width_percent=&#8221;100&#8243; position_vertical=&#8221;middle&#8221; align_horizontal=&#8221;align_center&#8221; gutter_size=&#8221;3&#8243; override_padding=&#8221;yes&#8221; column_padding=&#8221;0&#8243; style=&#8221;light&#8221; back_color=&#8221;color-xsdn&#8221; overlay_alpha=&#8221;50&#8243; shift_x=&#8221;0&#8243; shift_y=&#8221;0&#8243; shift_y_down=&#8221;0&#8243; z_index=&#8221;0&#8243; medium_width=&#8221;0&#8243; mobile_width=&#8221;0&#8243; width=&#8221;1\/1&#8243;][vc_custom_heading text_weight=&#8221;700&#8243; text_transform=&#8221;uppercase&#8221; separator_color=&#8221;yes&#8221; separator=&#8221;yes&#8221; sub_lead=&#8221;yes&#8221; sub_reduced=&#8221;yes&#8221;]TEOLLISUUSLUOKAN J\u00c4TEPAALAIMET VAATIVAAN K\u00c4YTT\u00d6\u00d6N[\/vc_custom_heading][vc_column_text]Balex-50 -j\u00e4tepaalain soveltuu vaativaan k\u00e4ytt\u00f6\u00f6n suurille m\u00e4\u00e4rille erilaisia materiaaleja. Se on k\u00e4ynti\u00e4\u00e4nelt\u00e4\u00e4n hiljainen. Eritt\u00e4in suuri sy\u00f6tt\u00f6aukko tekee j\u00e4tteen sy\u00f6tt\u00e4misest\u00e4 helppoa. Paalain tekee jopa 500 kilon paaleja kartongista, muovista tai tekstiileist\u00e4, jolloin paalain toimii hyvin my\u00f6s muovipaalaimena ja pahvipaalaimena. J\u00e4tepaalain t\u00e4ytt\u00e4\u00e4 kaikki nykyiset EU-turvastandardit.[\/vc_column_text][\/vc_column][\/vc_row][vc_row row_height_percent=&#8221;0&#8243; override_padding=&#8221;yes&#8221; h_padding=&#8221;2&#8243; top_padding=&#8221;2&#8243; bottom_padding=&#8221;3&#8243; back_color=&#8221;color-xsdn&#8221; overlay_alpha=&#8221;100&#8243; equal_height=&#8221;yes&#8221; gutter_size=&#8221;0&#8243; column_width_percent=&#8221;100&#8243; shift_y=&#8221;0&#8243; z_index=&#8221;0&#8243; style=&#8221;dark&#8221; row_name=&#8221;Design &amp; Quality&#8221;][vc_column column_width_percent=&#8221;100&#8243; position_vertical=&#8221;middle&#8221; align_horizontal=&#8221;align_center&#8221; gutter_size=&#8221;3&#8243; override_padding=&#8221;yes&#8221; column_padding=&#8221;0&#8243; back_color=&#8221;color-xsdn&#8221; overlay_alpha=&#8221;50&#8243; shift_x=&#8221;0&#8243; shift_y=&#8221;0&#8243; shift_y_down=&#8221;0&#8243; z_index=&#8221;0&#8243; medium_width=&#8221;0&#8243; mobile_width=&#8221;0&#8243; width=&#8221;1\/1&#8243;][vc_single_image media=&#8221;73921&#8243; media_width_percent=&#8221;12&#8243; alignment=&#8221;center&#8221; media_link=&#8221;|||&#8221;][vc_column_text]J\u00e4tepaalaimien \u00e4lyk\u00e4s SMART-teknologia mahdollistaa kustannustehokkaan ja turvallisen toiminnan. Laitteet voidaan optimoida erilaisia j\u00e4tehuoltotarpeita vastaaviksi ja niiden teknologia suojaa sek\u00e4 laitetta ett\u00e4 k\u00e4ytt\u00e4j\u00e4\u00e4 virhek\u00e4yt\u00f6lt\u00e4, est\u00e4\u00e4 komponenttien rikkoutumisen ja varmistaa n\u00e4in turvallisen toiminnan.<\/p>\n<p>Balex-j\u00e4tepaalaimet ovat yhdistett\u00e4viss\u00e4 <a href=\"https:\/\/europressgroup.com\/fi\/smart\/\"><strong>Europress SMART<\/strong><\/a> \u2013verkostoon.[\/vc_column_text][\/vc_column][\/vc_row][vc_row unlock_row_content=&#8221;yes&#8221; row_height_percent=&#8221;0&#8243; override_padding=&#8221;yes&#8221; h_padding=&#8221;2&#8243; top_padding=&#8221;4&#8243; bottom_padding=&#8221;4&#8243; back_color=&#8221;color-rgdb&#8221; overlay_alpha=&#8221;50&#8243; gutter_size=&#8221;3&#8243; column_width_percent=&#8221;100&#8243; shift_y=&#8221;0&#8243; z_index=&#8221;0&#8243; row_name=&#8221;Gallery&#8221;][vc_column column_width_use_pixel=&#8221;yes&#8221; align_horizontal=&#8221;align_center&#8221; gutter_size=&#8221;3&#8243; style=&#8221;dark&#8221; overlay_alpha=&#8221;50&#8243; shift_x=&#8221;0&#8243; shift_y=&#8221;0&#8243; medium_width=&#8221;0&#8243; zoom_width=&#8221;0&#8243; zoom_height=&#8221;0&#8243; column_width_pixel=&#8221;1400&#8243;][vc_custom_heading text_transform=&#8221;uppercase&#8221; separator=&#8221;yes&#8221; sub_lead=&#8221;yes&#8221;]Media[\/vc_custom_heading][vc_raw_html]JTNDaWZyYW1lJTIwd2lkdGglM0QlMjI1NjAlMjIlMjBoZWlnaHQlM0QlMjI1MDAlMjIlMjBzcmMlM0QlMjJodHRwcyUzQSUyRiUyRnd3dy55b3V0dWJlLmNvbSUyRmVtYmVkJTJGWHJHcFZVdTV2LVElM0ZzaSUzRFhMd1NSTENyNldoWDRaZ1YlMjIlMjB0aXRsZSUzRCUyMllvdVR1YmUlMjB2aWRlbyUyMHBsYXllciUyMiUyMGZyYW1lYm9yZGVyJTNEJTIyMCUyMiUyMGFsbG93JTNEJTIyYWNjZWxlcm9tZXRlciUzQiUyMGF1dG9wbGF5JTNCJTIwY2xpcGJvYXJkLXdyaXRlJTNCJTIwZW5jcnlwdGVkLW1lZGlhJTNCJTIwZ3lyb3Njb3BlJTNCJTIwcGljdHVyZS1pbi1waWN0dXJlJTNCJTIwd2ViLXNoYXJlJTIyJTIwcmVmZXJyZXJwb2xpY3klM0QlMjJzdHJpY3Qtb3JpZ2luLXdoZW4tY3Jvc3Mtb3JpZ2luJTIyJTIwYWxsb3dmdWxsc2NyZWVuJTNFJTNDJTJGaWZyYW1lJTNF[\/vc_raw_html][vc_gallery el_id=&#8221;gallery-47626&#8243; type=&#8221;carousel&#8221; medias=&#8221;73429,73428,73426&#8243; carousel_lg=&#8221;3&#8243; carousel_md=&#8221;2&#8243; carousel_sm=&#8221;1&#8243; thumb_size=&#8221;one-one&#8221; gutter_size=&#8221;2&#8243; media_items=&#8221;media,icon&#8221; carousel_interval=&#8221;3000&#8243; carousel_navspeed=&#8221;400&#8243; carousel_nav=&#8221;yes&#8221; carousel_dots=&#8221;yes&#8221; stage_padding=&#8221;0&#8243; single_overlay_opacity=&#8221;50&#8243; single_image_anim=&#8221;no&#8221; single_h_align=&#8221;center&#8221; single_padding=&#8221;2&#8243; single_icon=&#8221;fa fa-search3&#8243; single_shadow=&#8221;yes&#8221; single_border=&#8221;yes&#8221; carousel_rtl=&#8221;&#8221; single_title_uppercase=&#8221;&#8221;][\/vc_column][\/vc_row][vc_row row_height_percent=&#8221;50&#8243; override_padding=&#8221;yes&#8221; h_padding=&#8221;2&#8243; top_padding=&#8221;0&#8243; bottom_padding=&#8221;0&#8243; back_color=&#8221;color-lxmt&#8221; overlay_alpha=&#8221;100&#8243; equal_height=&#8221;yes&#8221; gutter_size=&#8221;0&#8243; column_width_percent=&#8221;100&#8243; shift_y=&#8221;0&#8243; z_index=&#8221;0&#8243; style=&#8221;dark&#8221; row_name=&#8221;Design &amp; Quality&#8221;][vc_column column_width_percent=&#8221;100&#8243; align_horizontal=&#8221;align_center&#8221; gutter_size=&#8221;3&#8243; override_padding=&#8221;yes&#8221; column_padding=&#8221;4&#8243; style=&#8221;light&#8221; back_color=&#8221;color-lxmt&#8221; overlay_alpha=&#8221;50&#8243; shift_x=&#8221;0&#8243; shift_y=&#8221;0&#8243; shift_y_down=&#8221;0&#8243; z_index=&#8221;0&#8243; medium_width=&#8221;0&#8243; mobile_width=&#8221;0&#8243; width=&#8221;1\/1&#8243;][vc_custom_heading text_weight=&#8221;700&#8243; text_transform=&#8221;uppercase&#8221; separator_color=&#8221;yes&#8221; separator=&#8221;yes&#8221; sub_lead=&#8221;yes&#8221; sub_reduced=&#8221;yes&#8221;]LIS\u00c4TIEDOT[\/vc_custom_heading][vc_tabs][vc_tab title=&#8221;TEKNISET TIEDOT&#8221; tab_id=&#8221;1551168098-1-37&#8243;][vc_column_text]<strong>Puristusvoima<\/strong><br \/>\n50 t<br \/>\n<strong>Laitteen mitat K x L x S\u00a0<\/strong><br \/>\n2 500 x 2 060 x 1 590 mm<br \/>\n<strong>Paino<\/strong><br \/>\n2 575 kg<br \/>\n<strong>Sy\u00f6tt\u00f6aukon mitat K x L x S<\/strong><br \/>\n600 x 1 100 x 950 mm<br \/>\n<strong>Sy\u00f6tt\u00f6aukon korkeus<\/strong><br \/>\n1 250 mm<br \/>\n<strong>Paalin koko<\/strong><br \/>\n950 x 1 200 x 1 200 mm<br \/>\n<strong>Paalin paino (kartonki)<\/strong><br \/>\n500 kg asti<br \/>\n<strong>Virransy\u00f6tt\u00f6<\/strong><br \/>\n400 V, 50 Hz, 3x C16 A<br \/>\n<strong>Iskunopeus<\/strong><br \/>\n28 s<br \/>\n<strong>Melup\u00e4\u00e4st\u00f6taso<\/strong><br \/>\n59 dBa<br \/>\n<strong>Moottori<\/strong><br \/>\n5,5 kW[\/vc_column_text][\/vc_tab][vc_tab title=&#8221;VAKIOVARUSTEET&#8221; tab_id=&#8221;1551168098-2-88&#8243;][vc_column_text]Sininen v\u00e4ri RAL 5017<\/p>\n<p>Palautumisenestokynnet<\/p>\n<p>Taittuvat palautumisenestokynnet<\/p>\n<p>Integroitu paalinarun katkaisuter\u00e4<\/p>\n<p>Automaattinen paalinpoistoj\u00e4rjestelm\u00e4<\/p>\n<p>Paalinpoiston kaksik\u00e4sik\u00e4ytt\u00f6<\/p>\n<p>Ohjelmavalitsin (2 paalausohjelmaa)<\/p>\n<p>K\u00e4ytt\u00f6avain<\/p>\n<p>Sy\u00f6tt\u00f6oven turvaraja<\/p>\n<p>P\u00e4\u00e4oven turvaraja<\/p>\n<p>\u00c4lyk\u00e4s SMART-teknologia<\/p>\n<p>Europress SMART -yhdistett\u00e4vyys[\/vc_column_text][\/vc_tab][vc_tab title=&#8221;LIS\u00c4VARUSTEET&#8221; tab_id=&#8221;1551168147535-2-2&#8243;][vc_column_text]Muovinker\u00e4ystarvikkeet<\/p>\n<p>Lavanohjain<\/p>\n<p>4,5 mm ter\u00e4slangat<\/p>\n<p>Ter\u00e4slankateline<\/p>\n<p>Koodik\u00e4ynnistys<\/p>\n<p>Vaimenninkumit<\/p>\n<p>Paalinkaatajan vaimenninkumit[\/vc_column_text][\/vc_tab][\/vc_tabs][\/vc_column][\/vc_row][vc_row][vc_column width=&#8221;1\/1&#8243;][uncode_block id=&#8221;73192&#8243;][\/vc_column][\/vc_row]<\/p>\n<\/div>","protected":false},"excerpt":{"rendered":"<p>[vc_row row_height_percent=&#8221;0&#8243; override_padding=&#8221;yes&#8221; h_padding=&#8221;2&#8243; top_padding=&#8221;4&#8243; bottom_padding=&#8221;1&#8243; overlay_alpha=&#8221;50&#8243; equal_height=&#8221;yes&#8221; gutter_size=&#8221;3&#8243; column_width_percent=&#8221;100&#8243; shift_y=&#8221;0&#8243; z_index=&#8221;0&#8243; row_name=&#8221;Highlights&#8221;][vc_column column_width_percent=&#8221;100&#8243; position_horizontal=&#8221;left&#8221; position_vertical=&#8221;middle&#8221; gutter_size=&#8221;3&#8243; override_padding=&#8221;yes&#8221; column_padding=&#8221;2&#8243; overlay_alpha=&#8221;50&#8243; [&hellip;]<\/p>\n","protected":false},"author":25,"featured_media":74972,"parent":0,"menu_order":0,"comment_status":"closed","ping_status":"closed","template":"","meta":{"footnotes":""},"class_list":["post-74971","page","type-page","status-publish","has-post-thumbnail","hentry","page_category-400-500-kg"],"yoast_head":"<!-- This site is optimized with the Yoast SEO Premium plugin v27.3 (Yoast SEO v27.3) - https:\/\/yoast.com\/product\/yoast-seo-premium-wordpress\/ -->\n<title>Balex-50 j\u00e4tepaalain - Europress Group<\/title>\n<meta name=\"description\" content=\"Kotimaiset Europress-j\u00e4tepaalaimet. Suurikokoinen Balex-50 -paalain muovij\u00e4tteelle ja pahvij\u00e4tteelle. Sopii teollisuusk\u00e4ytt\u00f6\u00f6n ja suurin marketteihin.\" \/>\n<meta name=\"robots\" content=\"index, follow, max-snippet:-1, max-image-preview:large, max-video-preview:-1\" \/>\n<link rel=\"canonical\" href=\"https:\/\/europressgroup.com\/fi\/balex-50\/\" \/>\n<meta property=\"og:locale\" content=\"fi_FI\" \/>\n<meta property=\"og:type\" content=\"article\" \/>\n<meta property=\"og:title\" content=\"Balex-50 j\u00e4tepaalain\" \/>\n<meta property=\"og:description\" content=\"Kartonki Muovi TekstiiliTeollisuuspaali Hiljainen k\u00e4ynti\u00e4\u00e4ni Nopea iskuaika \u00c4lyk\u00e4s SMART-teknologia500 kg astiTEOLLISUUSLUOKAN J\u00c4TEPAALAIMET VAATIVAAN\" \/>\n<meta property=\"og:url\" content=\"https:\/\/europressgroup.com\/fi\/balex-50\/\" \/>\n<meta property=\"og:site_name\" content=\"Europress Group\" \/>\n<meta property=\"article:publisher\" content=\"https:\/\/www.facebook.com\/europresswastehandling\" \/>\n<meta property=\"article:modified_time\" content=\"2025-07-08T09:25:02+00:00\" \/>\n<meta property=\"og:image\" content=\"https:\/\/europressgroup.com\/wp-content\/uploads\/2019\/03\/Europress-Balex-50-baler-discharge-door-1920x1280px.jpg\" \/>\n\t<meta property=\"og:image:width\" content=\"1920\" \/>\n\t<meta property=\"og:image:height\" content=\"1280\" \/>\n\t<meta property=\"og:image:type\" content=\"image\/jpeg\" \/>\n<meta name=\"twitter:card\" content=\"summary_large_image\" \/>\n<meta name=\"twitter:site\" content=\"@EPWastehandling\" \/>\n<meta name=\"twitter:label1\" content=\"Arvioitu lukuaika\" \/>\n\t<meta name=\"twitter:data1\" content=\"4 minuuttia\" \/>\n<script type=\"application\/ld+json\" class=\"yoast-schema-graph\">{\"@context\":\"https:\\\/\\\/schema.org\",\"@graph\":[{\"@type\":\"WebPage\",\"@id\":\"https:\\\/\\\/europressgroup.com\\\/fi\\\/balex-50\\\/\",\"url\":\"https:\\\/\\\/europressgroup.com\\\/fi\\\/balex-50\\\/\",\"name\":\"Balex-50 j\u00e4tepaalain - Europress Group\",\"isPartOf\":{\"@id\":\"https:\\\/\\\/europressgroup.com\\\/fi\\\/#website\"},\"primaryImageOfPage\":{\"@id\":\"https:\\\/\\\/europressgroup.com\\\/fi\\\/balex-50\\\/#primaryimage\"},\"image\":{\"@id\":\"https:\\\/\\\/europressgroup.com\\\/fi\\\/balex-50\\\/#primaryimage\"},\"thumbnailUrl\":\"https:\\\/\\\/europressgroup.com\\\/wp-content\\\/uploads\\\/2019\\\/03\\\/Europress-Balex-50-baler-discharge-door-1920x1280px.jpg\",\"datePublished\":\"2019-02-26T12:15:07+00:00\",\"dateModified\":\"2025-07-08T09:25:02+00:00\",\"description\":\"Kotimaiset Europress-j\u00e4tepaalaimet. Suurikokoinen Balex-50 -paalain muovij\u00e4tteelle ja pahvij\u00e4tteelle. Sopii teollisuusk\u00e4ytt\u00f6\u00f6n ja suurin marketteihin.\",\"breadcrumb\":{\"@id\":\"https:\\\/\\\/europressgroup.com\\\/fi\\\/balex-50\\\/#breadcrumb\"},\"inLanguage\":\"fi\",\"potentialAction\":[{\"@type\":\"ReadAction\",\"target\":[\"https:\\\/\\\/europressgroup.com\\\/fi\\\/balex-50\\\/\"]}]},{\"@type\":\"ImageObject\",\"inLanguage\":\"fi\",\"@id\":\"https:\\\/\\\/europressgroup.com\\\/fi\\\/balex-50\\\/#primaryimage\",\"url\":\"https:\\\/\\\/europressgroup.com\\\/wp-content\\\/uploads\\\/2019\\\/03\\\/Europress-Balex-50-baler-discharge-door-1920x1280px.jpg\",\"contentUrl\":\"https:\\\/\\\/europressgroup.com\\\/wp-content\\\/uploads\\\/2019\\\/03\\\/Europress-Balex-50-baler-discharge-door-1920x1280px.jpg\",\"width\":1920,\"height\":1280,\"caption\":\"Balex 50 industrial waste baler\"},{\"@type\":\"BreadcrumbList\",\"@id\":\"https:\\\/\\\/europressgroup.com\\\/fi\\\/balex-50\\\/#breadcrumb\",\"itemListElement\":[{\"@type\":\"ListItem\",\"position\":1,\"name\":\"Home\",\"item\":\"https:\\\/\\\/europressgroup.com\\\/fi\\\/\"},{\"@type\":\"ListItem\",\"position\":2,\"name\":\"Balex-50 j\u00e4tepaalain\"}]},{\"@type\":\"WebSite\",\"@id\":\"https:\\\/\\\/europressgroup.com\\\/fi\\\/#website\",\"url\":\"https:\\\/\\\/europressgroup.com\\\/fi\\\/\",\"name\":\"Europress Group\",\"description\":\"Northern European leader in Environmental Technology\",\"publisher\":{\"@id\":\"https:\\\/\\\/europressgroup.com\\\/fi\\\/#organization\"},\"potentialAction\":[{\"@type\":\"SearchAction\",\"target\":{\"@type\":\"EntryPoint\",\"urlTemplate\":\"https:\\\/\\\/europressgroup.com\\\/fi\\\/?s={search_term_string}\"},\"query-input\":{\"@type\":\"PropertyValueSpecification\",\"valueRequired\":true,\"valueName\":\"search_term_string\"}}],\"inLanguage\":\"fi\"},{\"@type\":\"Organization\",\"@id\":\"https:\\\/\\\/europressgroup.com\\\/fi\\\/#organization\",\"name\":\"Europress Group\",\"url\":\"https:\\\/\\\/europressgroup.com\\\/fi\\\/\",\"logo\":{\"@type\":\"ImageObject\",\"inLanguage\":\"fi\",\"@id\":\"https:\\\/\\\/europressgroup.com\\\/fi\\\/#\\\/schema\\\/logo\\\/image\\\/\",\"url\":\"https:\\\/\\\/europressgroup.com\\\/wp-content\\\/uploads\\\/2018\\\/12\\\/Europress-logo-1.png\",\"contentUrl\":\"https:\\\/\\\/europressgroup.com\\\/wp-content\\\/uploads\\\/2018\\\/12\\\/Europress-logo-1.png\",\"width\":478,\"height\":75,\"caption\":\"Europress Group\"},\"image\":{\"@id\":\"https:\\\/\\\/europressgroup.com\\\/fi\\\/#\\\/schema\\\/logo\\\/image\\\/\"},\"sameAs\":[\"https:\\\/\\\/www.facebook.com\\\/europresswastehandling\",\"https:\\\/\\\/x.com\\\/EPWastehandling\",\"https:\\\/\\\/www.instagram.com\\\/europressgroup\\\/\",\"https:\\\/\\\/www.linkedin.com\\\/company\\\/europress\"],\"publishingPrinciples\":\"https:\\\/\\\/europressgroup.com\\\/environment-safety-quality\\\/\",\"ownershipFundingInfo\":\"https:\\\/\\\/europressgroup.com\\\/history\\\/\",\"actionableFeedbackPolicy\":\"https:\\\/\\\/europressgroup.com\\\/customer-feedback\\\/\",\"correctionsPolicy\":\"https:\\\/\\\/europressgroup.com\\\/customer-feedback\\\/\",\"ethicsPolicy\":\"https:\\\/\\\/europressgroup.com\\\/responsibility\\\/\"}]}<\/script>\n<!-- \/ Yoast SEO Premium plugin. -->","yoast_head_json":{"title":"Balex-50 j\u00e4tepaalain - Europress Group","description":"Kotimaiset Europress-j\u00e4tepaalaimet. Suurikokoinen Balex-50 -paalain muovij\u00e4tteelle ja pahvij\u00e4tteelle. Sopii teollisuusk\u00e4ytt\u00f6\u00f6n ja suurin marketteihin.","robots":{"index":"index","follow":"follow","max-snippet":"max-snippet:-1","max-image-preview":"max-image-preview:large","max-video-preview":"max-video-preview:-1"},"canonical":"https:\/\/europressgroup.com\/fi\/balex-50\/","og_locale":"fi_FI","og_type":"article","og_title":"Balex-50 j\u00e4tepaalain","og_description":"Kartonki Muovi TekstiiliTeollisuuspaali Hiljainen k\u00e4ynti\u00e4\u00e4ni Nopea iskuaika \u00c4lyk\u00e4s SMART-teknologia500 kg astiTEOLLISUUSLUOKAN J\u00c4TEPAALAIMET VAATIVAAN","og_url":"https:\/\/europressgroup.com\/fi\/balex-50\/","og_site_name":"Europress Group","article_publisher":"https:\/\/www.facebook.com\/europresswastehandling","article_modified_time":"2025-07-08T09:25:02+00:00","og_image":[{"width":1920,"height":1280,"url":"https:\/\/europressgroup.com\/wp-content\/uploads\/2019\/03\/Europress-Balex-50-baler-discharge-door-1920x1280px.jpg","type":"image\/jpeg"}],"twitter_card":"summary_large_image","twitter_site":"@EPWastehandling","twitter_misc":{"Arvioitu lukuaika":"4 minuuttia"},"schema":{"@context":"https:\/\/schema.org","@graph":[{"@type":"WebPage","@id":"https:\/\/europressgroup.com\/fi\/balex-50\/","url":"https:\/\/europressgroup.com\/fi\/balex-50\/","name":"Balex-50 j\u00e4tepaalain - Europress Group","isPartOf":{"@id":"https:\/\/europressgroup.com\/fi\/#website"},"primaryImageOfPage":{"@id":"https:\/\/europressgroup.com\/fi\/balex-50\/#primaryimage"},"image":{"@id":"https:\/\/europressgroup.com\/fi\/balex-50\/#primaryimage"},"thumbnailUrl":"https:\/\/europressgroup.com\/wp-content\/uploads\/2019\/03\/Europress-Balex-50-baler-discharge-door-1920x1280px.jpg","datePublished":"2019-02-26T12:15:07+00:00","dateModified":"2025-07-08T09:25:02+00:00","description":"Kotimaiset Europress-j\u00e4tepaalaimet. Suurikokoinen Balex-50 -paalain muovij\u00e4tteelle ja pahvij\u00e4tteelle. Sopii teollisuusk\u00e4ytt\u00f6\u00f6n ja suurin marketteihin.","breadcrumb":{"@id":"https:\/\/europressgroup.com\/fi\/balex-50\/#breadcrumb"},"inLanguage":"fi","potentialAction":[{"@type":"ReadAction","target":["https:\/\/europressgroup.com\/fi\/balex-50\/"]}]},{"@type":"ImageObject","inLanguage":"fi","@id":"https:\/\/europressgroup.com\/fi\/balex-50\/#primaryimage","url":"https:\/\/europressgroup.com\/wp-content\/uploads\/2019\/03\/Europress-Balex-50-baler-discharge-door-1920x1280px.jpg","contentUrl":"https:\/\/europressgroup.com\/wp-content\/uploads\/2019\/03\/Europress-Balex-50-baler-discharge-door-1920x1280px.jpg","width":1920,"height":1280,"caption":"Balex 50 industrial waste baler"},{"@type":"BreadcrumbList","@id":"https:\/\/europressgroup.com\/fi\/balex-50\/#breadcrumb","itemListElement":[{"@type":"ListItem","position":1,"name":"Home","item":"https:\/\/europressgroup.com\/fi\/"},{"@type":"ListItem","position":2,"name":"Balex-50 j\u00e4tepaalain"}]},{"@type":"WebSite","@id":"https:\/\/europressgroup.com\/fi\/#website","url":"https:\/\/europressgroup.com\/fi\/","name":"Europress Group","description":"Northern European leader in Environmental Technology","publisher":{"@id":"https:\/\/europressgroup.com\/fi\/#organization"},"potentialAction":[{"@type":"SearchAction","target":{"@type":"EntryPoint","urlTemplate":"https:\/\/europressgroup.com\/fi\/?s={search_term_string}"},"query-input":{"@type":"PropertyValueSpecification","valueRequired":true,"valueName":"search_term_string"}}],"inLanguage":"fi"},{"@type":"Organization","@id":"https:\/\/europressgroup.com\/fi\/#organization","name":"Europress Group","url":"https:\/\/europressgroup.com\/fi\/","logo":{"@type":"ImageObject","inLanguage":"fi","@id":"https:\/\/europressgroup.com\/fi\/#\/schema\/logo\/image\/","url":"https:\/\/europressgroup.com\/wp-content\/uploads\/2018\/12\/Europress-logo-1.png","contentUrl":"https:\/\/europressgroup.com\/wp-content\/uploads\/2018\/12\/Europress-logo-1.png","width":478,"height":75,"caption":"Europress Group"},"image":{"@id":"https:\/\/europressgroup.com\/fi\/#\/schema\/logo\/image\/"},"sameAs":["https:\/\/www.facebook.com\/europresswastehandling","https:\/\/x.com\/EPWastehandling","https:\/\/www.instagram.com\/europressgroup\/","https:\/\/www.linkedin.com\/company\/europress"],"publishingPrinciples":"https:\/\/europressgroup.com\/environment-safety-quality\/","ownershipFundingInfo":"https:\/\/europressgroup.com\/history\/","actionableFeedbackPolicy":"https:\/\/europressgroup.com\/customer-feedback\/","correctionsPolicy":"https:\/\/europressgroup.com\/customer-feedback\/","ethicsPolicy":"https:\/\/europressgroup.com\/responsibility\/"}]}},"_links":{"self":[{"href":"https:\/\/europressgroup.com\/fi\/wp-json\/wp\/v2\/pages\/74971","targetHints":{"allow":["GET"]}}],"collection":[{"href":"https:\/\/europressgroup.com\/fi\/wp-json\/wp\/v2\/pages"}],"about":[{"href":"https:\/\/europressgroup.com\/fi\/wp-json\/wp\/v2\/types\/page"}],"author":[{"embeddable":true,"href":"https:\/\/europressgroup.com\/fi\/wp-json\/wp\/v2\/users\/25"}],"replies":[{"embeddable":true,"href":"https:\/\/europressgroup.com\/fi\/wp-json\/wp\/v2\/comments?post=74971"}],"version-history":[{"count":18,"href":"https:\/\/europressgroup.com\/fi\/wp-json\/wp\/v2\/pages\/74971\/revisions"}],"predecessor-version":[{"id":156923,"href":"https:\/\/europressgroup.com\/fi\/wp-json\/wp\/v2\/pages\/74971\/revisions\/156923"}],"wp:featuredmedia":[{"embeddable":true,"href":"https:\/\/europressgroup.com\/fi\/wp-json\/wp\/v2\/media\/74972"}],"wp:attachment":[{"href":"https:\/\/europressgroup.com\/fi\/wp-json\/wp\/v2\/media?parent=74971"}],"curies":[{"name":"wp","href":"https:\/\/api.w.org\/{rel}","templated":true}]}}