{"id":74905,"date":"2019-02-17T21:33:10","date_gmt":"2019-02-17T19:33:10","guid":{"rendered":"https:\/\/europressgroup.com\/our-solutions\/"},"modified":"2024-07-18T15:19:06","modified_gmt":"2024-07-18T12:19:06","slug":"jatehuoltoratkaisut","status":"publish","type":"page","link":"https:\/\/europressgroup.com\/fi\/jatehuoltoratkaisut\/","title":{"rendered":"RATKAISUMME"},"content":{"rendered":"<div class=\"wpb-content-wrapper\"><p>[vc_row row_height_percent=&#8221;0&#8243; override_padding=&#8221;yes&#8221; h_padding=&#8221;2&#8243; top_padding=&#8221;3&#8243; bottom_padding=&#8221;3&#8243; back_color=&#8221;color-xsdn&#8221; overlay_alpha=&#8221;100&#8243; gutter_size=&#8221;100&#8243; column_width_percent=&#8221;100&#8243; shift_y=&#8221;0&#8243; z_index=&#8221;0&#8243; style=&#8221;dark&#8221; row_name=&#8221;Design &amp; Quality&#8221;][vc_column column_width_use_pixel=&#8221;yes&#8221; align_horizontal=&#8221;align_center&#8221; gutter_size=&#8221;3&#8243; overlay_alpha=&#8221;100&#8243; shift_x=&#8221;0&#8243; shift_y=&#8221;0&#8243; medium_width=&#8221;0&#8243; zoom_width=&#8221;0&#8243; zoom_height=&#8221;0&#8243; width=&#8221;1\/1&#8243; column_width_pixel=&#8221;800&#8243;][vc_custom_heading text_transform=&#8221;uppercase&#8221; separator_color=&#8221;yes&#8221; separator=&#8221;yes&#8221; sub_lead=&#8221;yes&#8221; sub_reduced=&#8221;yes&#8221;]\u00c4LYKK\u00c4\u00c4T J\u00c4TEPURISTIMET JA J\u00c4TEPAALAIMET TEHOKKAASEEN J\u00c4TEHUOLTOON[\/vc_custom_heading][vc_column_text]J\u00e4tepuristimien ja j\u00e4tepaalainten teknisen\u00e4 edell\u00e4k\u00e4vij\u00e4n\u00e4 tarjoamme IOT-ratkaisuja ja digitaalisia palveluja j\u00e4tehuoltoon. Yli 40 vuoden kokemuksen ja merkitt\u00e4vien tuotekehitysinvestointien ansiosta tied\u00e4mme, kuinka kest\u00e4vi\u00e4 j\u00e4tepuristimia ja j\u00e4tepaalaimia suunnitellaan ja valmistetaan. J\u00e4tepuristimemme ja -paalaimemme suunnitellaan ja valmistetaan j\u00e4rjestelm\u00e4llisesti, mik\u00e4 varmistaa turvallisuuden, laadun, ymp\u00e4rist\u00f6yst\u00e4v\u00e4llisyyden ja erinomaisen asiakaspalvelun.<\/p>\n<p>Olemme kehitt\u00e4neet j\u00e4tepuristimiin ja j\u00e4tepaalaimiin SMART-j\u00e4rjestelm\u00e4n, joka tuo \u00e4lykk\u00e4it\u00e4 ominaisuuksia koneisiin ja tehostaa j\u00e4tehuoltoa.[\/vc_column_text][\/vc_column][\/vc_row][vc_row unlock_row_content=&#8221;yes&#8221; row_height_percent=&#8221;0&#8243; override_padding=&#8221;yes&#8221; h_padding=&#8221;4&#8243; top_padding=&#8221;0&#8243; bottom_padding=&#8221;3&#8243; back_color=&#8221;color-xsdn&#8221; overlay_alpha=&#8221;50&#8243; gutter_size=&#8221;3&#8243; column_width_percent=&#8221;100&#8243; shift_y=&#8221;0&#8243; z_index=&#8221;0&#8243;][vc_column column_width_percent=&#8221;100&#8243; align_horizontal=&#8221;align_center&#8221; gutter_size=&#8221;3&#8243; overlay_alpha=&#8221;50&#8243; shift_x=&#8221;0&#8243; shift_y=&#8221;0&#8243; shift_y_down=&#8221;0&#8243; z_index=&#8221;0&#8243; medium_width=&#8221;0&#8243; mobile_width=&#8221;0&#8243; width=&#8221;1\/1&#8243;][vc_gallery el_id=&#8221;gallery-437267&#8243; medias=&#8221;73628,73630,73635,73631,141916,141952&#8243; gutter_size=&#8221;2&#8243; media_items=&#8221;media|custom_link|original,icon,title&#8221; screen_lg=&#8221;1000&#8243; screen_md=&#8221;600&#8243; screen_sm=&#8221;480&#8243; images_size=&#8221;three-two&#8221; single_overlay_opacity=&#8221;50&#8243; single_text_visible=&#8221;yes&#8221; single_h_align=&#8221;center&#8221; single_padding=&#8221;2&#8243; single_title_dimension=&#8221;h1&#8243; single_title_transform=&#8221;uppercase&#8221; single_border=&#8221;yes&#8221; items=&#8221;eyI3MzA3M19pIjp7InNpbmdsZV9saW5rIjoidXJsOmh0dHAlM0ElMkYlMkZ3d3cuZXVyb3ByZXNzcG9sYW5kLnBsJTJGcHJhc3ktYmFsZXglMkZ8dGl0bGU6QmFsZXglMjBCYWxlcnN8fCJ9LCI3MzA3NF9pIjp7InNpbmdsZV9saW5rIjoidXJsOmh0dHAlM0ElMkYlMkZ3d3cuZXVyb3ByZXNzcG9sYW5kLnBsJTJGa29tcGFrdG9yeS1kby1vZHBhZG93JTJGfHRpdGxlOldhc3RlJTIwQ29tcGFjdG9yc3x8In0sIjczMDg4X2kiOnsic2luZ2xlX2xpbmsiOiJ1cmw6aHR0cCUzQSUyRiUyRnd3dy5ldXJvcHJlc3Nwb2xhbmQucGwlMkZzZXJ3aXMlMkZ8dGl0bGU6TWFpbnRlbmFuY2UlMjBTZXJ2aWNlfHwifSwiNzM2MzBfaSI6eyJzaW5nbGVfbGluayI6InVybDpodHRwcyUzQSUyRiUyRmV1cm9wcmVzc2dyb3VwLmNvbSUyRmZpJTJGamF0ZXB1cmlzdGltZXQlMkZ8dGl0bGU6SiVDMyU4NFRFUFVSSVNUSU1FVHx8In0sIjczNjMxX2kiOnsic2luZ2xlX2xpbmsiOiJ1cmw6aHR0cHMlM0ElMkYlMkZldXJvcHJlc3Nncm91cC5jb20lMkZmaSUyRmh1b2x0byUyRnx0aXRsZTpIVU9MVE98fCJ9LCI3MzYzNV9pIjp7InNpbmdsZV9saW5rIjoidXJsOmh0dHBzJTNBJTJGJTJGZXVyb3ByZXNzZ3JvdXAuY29tJTJGZmklMkZzbWFydCUyRnx0aXRsZTpFVVJPUFJFU1MlMjBTTUFSVHx8In0sIjczNjI4X2kiOnsic2luZ2xlX2xpbmsiOiJ1cmw6aHR0cHMlM0ElMkYlMkZldXJvcHJlc3Nncm91cC5jb20lMkZmaSUyRmJhbGV4LXBhYWxhaW1ldCUyRnx0aXRsZTpCQUxFWCVDMiVBRSUyMFBBQUxBSU1FVHx8In0sIjg4MjA1X2kiOnsic2luZ2xlX2xpbmsiOiJ1cmw6aHR0cHMlM0ElMkYlMkZldXJvcHJlc3Nncm91cC5jb20lMkZmaSUyRmV1cm9wcmVzcy10YWh0aXZhaWhkb2tpdCUyRnx0aXRsZTpUJUMzJTg0SFRJVkFJSERPS0lUIn0sIjk5MjE4X2kiOnsic2luZ2xlX2xpbmsiOiJ1cmw6aHR0cHMlM0ElMkYlMkZldXJvcHJlc3Nncm91cC5jb20lMkZmaSUyRmxpc2Ftb2R1dWxpdCUyRnx0aXRsZTpMSVMlQzMlODRMQUlUVEVFVCJ9LCI5OTAyMV9pIjp7InNpbmdsZV9saW5rIjoidXJsOmh0dHBzJTNBJTJGJTJGZXVyb3ByZXNzZ3JvdXAuY29tJTJGZmklMkZ2dW9rcmF1cyUyRnx0aXRsZTpWVU9LUkFVUyJ9LCIxNDE5MTZfaSI6eyJzaW5nbGVfbGluayI6InVybDpodHRwcyUzQSUyRiUyRmV1cm9wcmVzc2dyb3VwLmNvbSUyRmZpJTJGbGFkYXR0YXZhdC1tYXRlcmlhYWxpdCUyRiJ9LCIxNDE5NTJfaSI6eyJzaW5nbGVfbGluayI6InVybDpodHRwcyUzQSUyRiUyRmV1cm9wcmVzc2dyb3VwLmNvbSUyRmZpJTJGbGlzYW1vZHV1bGl0JTJGIn19&#8243; single_link=&#8221;|||&#8221; uncode_shortcode_id=&#8221;189511&#8243;][\/vc_column][\/vc_row][vc_row][vc_column width=&#8221;1\/1&#8243;][uncode_block id=&#8221;73192&#8243;][\/vc_column][\/vc_row]<\/p>\n<\/div>","protected":false},"excerpt":{"rendered":"<p>[vc_row row_height_percent=&#8221;0&#8243; override_padding=&#8221;yes&#8221; h_padding=&#8221;2&#8243; top_padding=&#8221;3&#8243; bottom_padding=&#8221;3&#8243; back_color=&#8221;color-xsdn&#8221; overlay_alpha=&#8221;100&#8243; gutter_size=&#8221;100&#8243; column_width_percent=&#8221;100&#8243; shift_y=&#8221;0&#8243; z_index=&#8221;0&#8243; style=&#8221;dark&#8221; row_name=&#8221;Design &amp; Quality&#8221;][vc_column column_width_use_pixel=&#8221;yes&#8221; align_horizontal=&#8221;align_center&#8221; gutter_size=&#8221;3&#8243; overlay_alpha=&#8221;100&#8243; [&hellip;]<\/p>\n","protected":false},"author":25,"featured_media":74394,"parent":0,"menu_order":0,"comment_status":"open","ping_status":"closed","template":"","meta":{"footnotes":""},"class_list":["post-74905","page","type-page","status-publish","has-post-thumbnail","hentry"],"yoast_head":"<!-- This site is optimized with the Yoast SEO Premium plugin v27.3 (Yoast SEO v27.3) - https:\/\/yoast.com\/product\/yoast-seo-premium-wordpress\/ -->\n<title>RATKAISUMME - Europress Group<\/title>\n<meta name=\"description\" content=\"\u00c4lykk\u00e4\u00e4t ratkaisut tehokkaaseen j\u00e4tehuoltoon.J\u00e4tepaalaimet, j\u00e4tepuristimet, \u00e4lypuristimet ja laitteiden huolto.\" \/>\n<meta name=\"robots\" content=\"index, follow, max-snippet:-1, max-image-preview:large, max-video-preview:-1\" \/>\n<link rel=\"canonical\" href=\"https:\/\/europressgroup.com\/fi\/jatehuoltoratkaisut\/\" \/>\n<meta property=\"og:locale\" content=\"fi_FI\" \/>\n<meta property=\"og:type\" content=\"article\" \/>\n<meta property=\"og:title\" content=\"RATKAISUMME\" \/>\n<meta property=\"og:description\" content=\"\u00c4LYKK\u00c4\u00c4T J\u00c4TEPURISTIMET JA J\u00c4TEPAALAIMET TEHOKKAASEEN J\u00c4TEHUOLTOONJ\u00e4tepuristimien ja j\u00e4tepaalainten teknisen\u00e4 edell\u00e4k\u00e4vij\u00e4n\u00e4 tarjoamme IOT-ratkaisuja ja\" \/>\n<meta property=\"og:url\" content=\"https:\/\/europressgroup.com\/fi\/jatehuoltoratkaisut\/\" \/>\n<meta property=\"og:site_name\" content=\"Europress Group\" \/>\n<meta property=\"article:publisher\" content=\"https:\/\/www.facebook.com\/europresswastehandling\" \/>\n<meta property=\"article:modified_time\" content=\"2024-07-18T12:19:06+00:00\" \/>\n<meta property=\"og:image\" content=\"https:\/\/europressgroup.com\/wp-content\/uploads\/2015\/09\/Europress_slider.jpg\" \/>\n\t<meta property=\"og:image:width\" content=\"1469\" \/>\n\t<meta property=\"og:image:height\" content=\"979\" \/>\n\t<meta property=\"og:image:type\" content=\"image\/jpeg\" \/>\n<meta name=\"twitter:card\" content=\"summary_large_image\" \/>\n<meta name=\"twitter:site\" content=\"@EPWastehandling\" \/>\n<meta name=\"twitter:label1\" content=\"Arvioitu lukuaika\" \/>\n\t<meta name=\"twitter:data1\" content=\"2 minuuttia\" \/>\n<script type=\"application\/ld+json\" class=\"yoast-schema-graph\">{\"@context\":\"https:\\\/\\\/schema.org\",\"@graph\":[{\"@type\":\"WebPage\",\"@id\":\"https:\\\/\\\/europressgroup.com\\\/fi\\\/jatehuoltoratkaisut\\\/\",\"url\":\"https:\\\/\\\/europressgroup.com\\\/fi\\\/jatehuoltoratkaisut\\\/\",\"name\":\"RATKAISUMME - Europress Group\",\"isPartOf\":{\"@id\":\"https:\\\/\\\/europressgroup.com\\\/fi\\\/#website\"},\"primaryImageOfPage\":{\"@id\":\"https:\\\/\\\/europressgroup.com\\\/fi\\\/jatehuoltoratkaisut\\\/#primaryimage\"},\"image\":{\"@id\":\"https:\\\/\\\/europressgroup.com\\\/fi\\\/jatehuoltoratkaisut\\\/#primaryimage\"},\"thumbnailUrl\":\"https:\\\/\\\/europressgroup.com\\\/wp-content\\\/uploads\\\/2015\\\/09\\\/Europress_slider.jpg\",\"datePublished\":\"2019-02-17T19:33:10+00:00\",\"dateModified\":\"2024-07-18T12:19:06+00:00\",\"description\":\"\u00c4lykk\u00e4\u00e4t ratkaisut tehokkaaseen j\u00e4tehuoltoon.J\u00e4tepaalaimet, j\u00e4tepuristimet, \u00e4lypuristimet ja laitteiden huolto.\",\"breadcrumb\":{\"@id\":\"https:\\\/\\\/europressgroup.com\\\/fi\\\/jatehuoltoratkaisut\\\/#breadcrumb\"},\"inLanguage\":\"fi\",\"potentialAction\":[{\"@type\":\"ReadAction\",\"target\":[\"https:\\\/\\\/europressgroup.com\\\/fi\\\/jatehuoltoratkaisut\\\/\"]}]},{\"@type\":\"ImageObject\",\"inLanguage\":\"fi\",\"@id\":\"https:\\\/\\\/europressgroup.com\\\/fi\\\/jatehuoltoratkaisut\\\/#primaryimage\",\"url\":\"https:\\\/\\\/europressgroup.com\\\/wp-content\\\/uploads\\\/2015\\\/09\\\/Europress_slider.jpg\",\"contentUrl\":\"https:\\\/\\\/europressgroup.com\\\/wp-content\\\/uploads\\\/2015\\\/09\\\/Europress_slider.jpg\",\"width\":1469,\"height\":979},{\"@type\":\"BreadcrumbList\",\"@id\":\"https:\\\/\\\/europressgroup.com\\\/fi\\\/jatehuoltoratkaisut\\\/#breadcrumb\",\"itemListElement\":[{\"@type\":\"ListItem\",\"position\":1,\"name\":\"Home\",\"item\":\"https:\\\/\\\/europressgroup.com\\\/fi\\\/\"},{\"@type\":\"ListItem\",\"position\":2,\"name\":\"RATKAISUMME\"}]},{\"@type\":\"WebSite\",\"@id\":\"https:\\\/\\\/europressgroup.com\\\/fi\\\/#website\",\"url\":\"https:\\\/\\\/europressgroup.com\\\/fi\\\/\",\"name\":\"Europress Group\",\"description\":\"Northern European leader in Environmental Technology\",\"publisher\":{\"@id\":\"https:\\\/\\\/europressgroup.com\\\/fi\\\/#organization\"},\"potentialAction\":[{\"@type\":\"SearchAction\",\"target\":{\"@type\":\"EntryPoint\",\"urlTemplate\":\"https:\\\/\\\/europressgroup.com\\\/fi\\\/?s={search_term_string}\"},\"query-input\":{\"@type\":\"PropertyValueSpecification\",\"valueRequired\":true,\"valueName\":\"search_term_string\"}}],\"inLanguage\":\"fi\"},{\"@type\":\"Organization\",\"@id\":\"https:\\\/\\\/europressgroup.com\\\/fi\\\/#organization\",\"name\":\"Europress Group\",\"url\":\"https:\\\/\\\/europressgroup.com\\\/fi\\\/\",\"logo\":{\"@type\":\"ImageObject\",\"inLanguage\":\"fi\",\"@id\":\"https:\\\/\\\/europressgroup.com\\\/fi\\\/#\\\/schema\\\/logo\\\/image\\\/\",\"url\":\"https:\\\/\\\/europressgroup.com\\\/wp-content\\\/uploads\\\/2018\\\/12\\\/Europress-logo-1.png\",\"contentUrl\":\"https:\\\/\\\/europressgroup.com\\\/wp-content\\\/uploads\\\/2018\\\/12\\\/Europress-logo-1.png\",\"width\":478,\"height\":75,\"caption\":\"Europress Group\"},\"image\":{\"@id\":\"https:\\\/\\\/europressgroup.com\\\/fi\\\/#\\\/schema\\\/logo\\\/image\\\/\"},\"sameAs\":[\"https:\\\/\\\/www.facebook.com\\\/europresswastehandling\",\"https:\\\/\\\/x.com\\\/EPWastehandling\",\"https:\\\/\\\/www.instagram.com\\\/europressgroup\\\/\",\"https:\\\/\\\/www.linkedin.com\\\/company\\\/europress\"],\"publishingPrinciples\":\"https:\\\/\\\/europressgroup.com\\\/environment-safety-quality\\\/\",\"ownershipFundingInfo\":\"https:\\\/\\\/europressgroup.com\\\/history\\\/\",\"actionableFeedbackPolicy\":\"https:\\\/\\\/europressgroup.com\\\/customer-feedback\\\/\",\"correctionsPolicy\":\"https:\\\/\\\/europressgroup.com\\\/customer-feedback\\\/\",\"ethicsPolicy\":\"https:\\\/\\\/europressgroup.com\\\/responsibility\\\/\"}]}<\/script>\n<!-- \/ Yoast SEO Premium plugin. -->","yoast_head_json":{"title":"RATKAISUMME - Europress Group","description":"\u00c4lykk\u00e4\u00e4t ratkaisut tehokkaaseen j\u00e4tehuoltoon.J\u00e4tepaalaimet, j\u00e4tepuristimet, \u00e4lypuristimet ja laitteiden huolto.","robots":{"index":"index","follow":"follow","max-snippet":"max-snippet:-1","max-image-preview":"max-image-preview:large","max-video-preview":"max-video-preview:-1"},"canonical":"https:\/\/europressgroup.com\/fi\/jatehuoltoratkaisut\/","og_locale":"fi_FI","og_type":"article","og_title":"RATKAISUMME","og_description":"\u00c4LYKK\u00c4\u00c4T J\u00c4TEPURISTIMET JA J\u00c4TEPAALAIMET TEHOKKAASEEN J\u00c4TEHUOLTOONJ\u00e4tepuristimien ja j\u00e4tepaalainten teknisen\u00e4 edell\u00e4k\u00e4vij\u00e4n\u00e4 tarjoamme IOT-ratkaisuja ja","og_url":"https:\/\/europressgroup.com\/fi\/jatehuoltoratkaisut\/","og_site_name":"Europress Group","article_publisher":"https:\/\/www.facebook.com\/europresswastehandling","article_modified_time":"2024-07-18T12:19:06+00:00","og_image":[{"width":1469,"height":979,"url":"https:\/\/europressgroup.com\/wp-content\/uploads\/2015\/09\/Europress_slider.jpg","type":"image\/jpeg"}],"twitter_card":"summary_large_image","twitter_site":"@EPWastehandling","twitter_misc":{"Arvioitu lukuaika":"2 minuuttia"},"schema":{"@context":"https:\/\/schema.org","@graph":[{"@type":"WebPage","@id":"https:\/\/europressgroup.com\/fi\/jatehuoltoratkaisut\/","url":"https:\/\/europressgroup.com\/fi\/jatehuoltoratkaisut\/","name":"RATKAISUMME - Europress Group","isPartOf":{"@id":"https:\/\/europressgroup.com\/fi\/#website"},"primaryImageOfPage":{"@id":"https:\/\/europressgroup.com\/fi\/jatehuoltoratkaisut\/#primaryimage"},"image":{"@id":"https:\/\/europressgroup.com\/fi\/jatehuoltoratkaisut\/#primaryimage"},"thumbnailUrl":"https:\/\/europressgroup.com\/wp-content\/uploads\/2015\/09\/Europress_slider.jpg","datePublished":"2019-02-17T19:33:10+00:00","dateModified":"2024-07-18T12:19:06+00:00","description":"\u00c4lykk\u00e4\u00e4t ratkaisut tehokkaaseen j\u00e4tehuoltoon.J\u00e4tepaalaimet, j\u00e4tepuristimet, \u00e4lypuristimet ja laitteiden huolto.","breadcrumb":{"@id":"https:\/\/europressgroup.com\/fi\/jatehuoltoratkaisut\/#breadcrumb"},"inLanguage":"fi","potentialAction":[{"@type":"ReadAction","target":["https:\/\/europressgroup.com\/fi\/jatehuoltoratkaisut\/"]}]},{"@type":"ImageObject","inLanguage":"fi","@id":"https:\/\/europressgroup.com\/fi\/jatehuoltoratkaisut\/#primaryimage","url":"https:\/\/europressgroup.com\/wp-content\/uploads\/2015\/09\/Europress_slider.jpg","contentUrl":"https:\/\/europressgroup.com\/wp-content\/uploads\/2015\/09\/Europress_slider.jpg","width":1469,"height":979},{"@type":"BreadcrumbList","@id":"https:\/\/europressgroup.com\/fi\/jatehuoltoratkaisut\/#breadcrumb","itemListElement":[{"@type":"ListItem","position":1,"name":"Home","item":"https:\/\/europressgroup.com\/fi\/"},{"@type":"ListItem","position":2,"name":"RATKAISUMME"}]},{"@type":"WebSite","@id":"https:\/\/europressgroup.com\/fi\/#website","url":"https:\/\/europressgroup.com\/fi\/","name":"Europress Group","description":"Northern European leader in Environmental Technology","publisher":{"@id":"https:\/\/europressgroup.com\/fi\/#organization"},"potentialAction":[{"@type":"SearchAction","target":{"@type":"EntryPoint","urlTemplate":"https:\/\/europressgroup.com\/fi\/?s={search_term_string}"},"query-input":{"@type":"PropertyValueSpecification","valueRequired":true,"valueName":"search_term_string"}}],"inLanguage":"fi"},{"@type":"Organization","@id":"https:\/\/europressgroup.com\/fi\/#organization","name":"Europress Group","url":"https:\/\/europressgroup.com\/fi\/","logo":{"@type":"ImageObject","inLanguage":"fi","@id":"https:\/\/europressgroup.com\/fi\/#\/schema\/logo\/image\/","url":"https:\/\/europressgroup.com\/wp-content\/uploads\/2018\/12\/Europress-logo-1.png","contentUrl":"https:\/\/europressgroup.com\/wp-content\/uploads\/2018\/12\/Europress-logo-1.png","width":478,"height":75,"caption":"Europress Group"},"image":{"@id":"https:\/\/europressgroup.com\/fi\/#\/schema\/logo\/image\/"},"sameAs":["https:\/\/www.facebook.com\/europresswastehandling","https:\/\/x.com\/EPWastehandling","https:\/\/www.instagram.com\/europressgroup\/","https:\/\/www.linkedin.com\/company\/europress"],"publishingPrinciples":"https:\/\/europressgroup.com\/environment-safety-quality\/","ownershipFundingInfo":"https:\/\/europressgroup.com\/history\/","actionableFeedbackPolicy":"https:\/\/europressgroup.com\/customer-feedback\/","correctionsPolicy":"https:\/\/europressgroup.com\/customer-feedback\/","ethicsPolicy":"https:\/\/europressgroup.com\/responsibility\/"}]}},"_links":{"self":[{"href":"https:\/\/europressgroup.com\/fi\/wp-json\/wp\/v2\/pages\/74905","targetHints":{"allow":["GET"]}}],"collection":[{"href":"https:\/\/europressgroup.com\/fi\/wp-json\/wp\/v2\/pages"}],"about":[{"href":"https:\/\/europressgroup.com\/fi\/wp-json\/wp\/v2\/types\/page"}],"author":[{"embeddable":true,"href":"https:\/\/europressgroup.com\/fi\/wp-json\/wp\/v2\/users\/25"}],"replies":[{"embeddable":true,"href":"https:\/\/europressgroup.com\/fi\/wp-json\/wp\/v2\/comments?post=74905"}],"version-history":[{"count":11,"href":"https:\/\/europressgroup.com\/fi\/wp-json\/wp\/v2\/pages\/74905\/revisions"}],"predecessor-version":[{"id":141961,"href":"https:\/\/europressgroup.com\/fi\/wp-json\/wp\/v2\/pages\/74905\/revisions\/141961"}],"wp:featuredmedia":[{"embeddable":true,"href":"https:\/\/europressgroup.com\/fi\/wp-json\/wp\/v2\/media\/74394"}],"wp:attachment":[{"href":"https:\/\/europressgroup.com\/fi\/wp-json\/wp\/v2\/media?parent=74905"}],"curies":[{"name":"wp","href":"https:\/\/api.w.org\/{rel}","templated":true}]}}