{"id":74892,"date":"2019-02-26T14:27:04","date_gmt":"2019-02-26T12:27:04","guid":{"rendered":"https:\/\/europressgroup.com\/balex-balers\/"},"modified":"2024-07-18T15:01:51","modified_gmt":"2024-07-18T12:01:51","slug":"pystypaalaimet","status":"publish","type":"page","link":"https:\/\/europressgroup.com\/fi\/pystypaalaimet\/","title":{"rendered":"PYSTYPAALAIMET"},"content":{"rendered":"<div class=\"wpb-content-wrapper\"><p>[vc_row row_height_percent=&#8221;0&#8243; override_padding=&#8221;yes&#8221; h_padding=&#8221;2&#8243; top_padding=&#8221;3&#8243; bottom_padding=&#8221;3&#8243; back_color=&#8221;color-gyho&#8221; overlay_alpha=&#8221;100&#8243; gutter_size=&#8221;100&#8243; column_width_percent=&#8221;100&#8243; shift_y=&#8221;0&#8243; z_index=&#8221;0&#8243; style=&#8221;dark&#8221; row_name=&#8221;Design &amp; Quality&#8221;][vc_column column_width_use_pixel=&#8221;yes&#8221; align_horizontal=&#8221;align_center&#8221; gutter_size=&#8221;3&#8243; overlay_alpha=&#8221;100&#8243; shift_x=&#8221;0&#8243; shift_y=&#8221;0&#8243; medium_width=&#8221;0&#8243; zoom_width=&#8221;0&#8243; zoom_height=&#8221;0&#8243; width=&#8221;1\/1&#8243; column_width_pixel=&#8221;800&#8243;][vc_custom_heading text_transform=&#8221;uppercase&#8221; separator_color=&#8221;yes&#8221; separator=&#8221;yes&#8221; sub_reduced=&#8221;yes&#8221; subheading=&#8221;J\u00e4tepaalain on oikea ratkaisu kun tilaa on k\u00e4ytett\u00e4viss\u00e4 v\u00e4h\u00e4n ja j\u00e4tteen m\u00e4\u00e4r\u00e4 on suhteellisen pieni.&#8221;]<strong>J\u00c4TEPAALAIMET PAHVILLE, MUOVILLE JA METALLILLE<br \/>\n<\/strong>[\/vc_custom_heading][\/vc_column][\/vc_row][vc_row][vc_column column_width_percent=&#8221;100&#8243; gutter_size=&#8221;3&#8243; overlay_alpha=&#8221;50&#8243; shift_x=&#8221;0&#8243; shift_y=&#8221;0&#8243; shift_y_down=&#8221;0&#8243; z_index=&#8221;0&#8243; medium_width=&#8221;0&#8243; mobile_width=&#8221;0&#8243; width=&#8221;1\/1&#8243; uncode_shortcode_id=&#8221;146259&#8243;][vc_column_text]<em>\u00a0<\/em>Suomessa valmistetut Balex-j\u00e4tepaalaimet ovat laadukkaita ja pitk\u00e4ik\u00e4isi\u00e4. Balex-j\u00e4tepaalaimien sylinterit on asennettu ristiin, jonka ansiosta ne ovat hyvin matalia perinteiseen pystypaalaimeen verrattuna. Kooltaan pienet Balex-paalaimet viev\u00e4t v\u00e4hemm\u00e4n tilaa ja pienet ulkomitat antavat enemm\u00e4n vaihtoehtoja laitteen sijoittelulle.<\/p>\n<p>Balex-j\u00e4tepaalaimet sopivat eritt\u00e4in hyvin muovin, pahvin ja metallin paalaamiseen. Jos tilaa on rajallisesti ja j\u00e4tteen m\u00e4\u00e4r\u00e4 vaihtelee, Balex-paalaimen voi asettaa kahdelle eri asetukselle, jolloin sama laite voi olla\u00a0pahvipaalain sek\u00e4 muovipaalain. Balex-C -metallipaalain sopii esimerkiksi vihannest\u00f6lkkien paalaamiseen.[\/vc_column_text][vc_column_text]<strong>Balex- j\u00e4tepaalaimia k\u00e4ytet\u00e4\u00e4n esimerkiksi:<\/strong><\/p>\n<ul>\n<li>kaupoissa<\/li>\n<li>tehtaissa<\/li>\n<li>logistiikkakeskuksissa<\/li>\n<li>teollisissa varastoissa<\/li>\n<li>kauppakeskuksissa<\/li>\n<\/ul>\n<p>[\/vc_column_text][\/vc_column][\/vc_row][vc_row row_height_percent=&#8221;0&#8243; overlay_alpha=&#8221;50&#8243; gutter_size=&#8221;3&#8243; column_width_percent=&#8221;100&#8243; shift_y=&#8221;0&#8243; z_index=&#8221;0&#8243; uncode_shortcode_id=&#8221;102483&#8243;][vc_column column_width_percent=&#8221;100&#8243; gutter_size=&#8221;3&#8243; override_padding=&#8221;yes&#8221; column_padding=&#8221;3&#8243; overlay_alpha=&#8221;50&#8243; shift_x=&#8221;0&#8243; shift_y=&#8221;0&#8243; shift_y_down=&#8221;0&#8243; z_index=&#8221;0&#8243; medium_width=&#8221;0&#8243; mobile_width=&#8221;0&#8243; width=&#8221;1\/1&#8243; uncode_shortcode_id=&#8221;123811&#8243;][vc_custom_heading uncode_shortcode_id=&#8221;213594&#8243;]Tahdotko apua sopivan j\u00e4tepaalaimen valintaan? Ota yhteytt\u00e4, niin suunnitellaan yhdess\u00e4 juuri teille sopiva j\u00e4tehuoltoratkaisu.[\/vc_custom_heading][vc_row_inner limit_content=&#8221;&#8221;][vc_column_inner width=&#8221;1\/4&#8243;][\/vc_column_inner][vc_column_inner column_width_percent=&#8221;100&#8243; align_horizontal=&#8221;align_center&#8221; gutter_size=&#8221;3&#8243; overlay_alpha=&#8221;50&#8243; shift_x=&#8221;0&#8243; shift_y=&#8221;0&#8243; shift_y_down=&#8221;0&#8243; z_index=&#8221;0&#8243; medium_width=&#8221;0&#8243; mobile_width=&#8221;0&#8243; width=&#8221;1\/2&#8243;][vc_button button_color=&#8221;accent&#8221; size=&#8221;btn-lg&#8221; radius=&#8221;btn-circle&#8221; border_width=&#8221;0&#8243; link=&#8221;url:https%3A%2F%2Feuropressgroup.com%2Ffi%2Fyhteys%2F&#8221;]Ota yhteytt\u00e4[\/vc_button][\/vc_column_inner][vc_column_inner width=&#8221;1\/4&#8243;][\/vc_column_inner][\/vc_row_inner][\/vc_column][\/vc_row][vc_row][vc_column column_width_percent=&#8221;100&#8243; align_horizontal=&#8221;align_center&#8221; gutter_size=&#8221;3&#8243; overlay_alpha=&#8221;50&#8243; shift_x=&#8221;0&#8243; shift_y=&#8221;0&#8243; shift_y_down=&#8221;0&#8243; z_index=&#8221;0&#8243; medium_width=&#8221;0&#8243; mobile_width=&#8221;0&#8243; width=&#8221;1\/1&#8243;][vc_row_inner limit_content=&#8221;&#8221;][vc_column_inner column_width_percent=&#8221;100&#8243; gutter_size=&#8221;3&#8243; overlay_alpha=&#8221;50&#8243; shift_x=&#8221;0&#8243; shift_y=&#8221;0&#8243; shift_y_down=&#8221;0&#8243; z_index=&#8221;0&#8243; medium_width=&#8221;0&#8243; mobile_width=&#8221;0&#8243; width=&#8221;2\/3&#8243;][vc_custom_heading subheading=&#8221;Balex-j\u00e4tepuristimiin on saatavana SMART-palvelu. SMART-teknologia tehostaa puristinten turvallista k\u00e4ytt\u00f6\u00e4. SMART-et\u00e4seurannan avulla eri j\u00e4tepaalainten asetuksia voidaan s\u00e4\u00e4t\u00e4\u00e4 yksil\u00f6llisesti ja sovittaa niiden toiminta juuri kyseiseen tarpeeseen. J\u00e4tepuristinten toiminta tallentuu palveluun, mik\u00e4 mahdollistaa esimerkiksi laitteiden k\u00e4yt\u00f6n optimoimisen. SMART-teknologia my\u00f6s suojaa sek\u00e4 laitteen k\u00e4ytt\u00e4j\u00e4\u00e4 ett\u00e4 laitteen komponentteja.&#8221;]<a href=\"https:\/\/europressgroup.com\/fi\/smart\/\">SMART-palvelu<\/a>[\/vc_custom_heading][\/vc_column_inner][vc_column_inner width=&#8221;1\/3&#8243;][vc_single_image media=&#8221;78251&#8243; media_width_percent=&#8221;50&#8243; alignment=&#8221;center&#8221; media_link=&#8221;url:https%3A%2F%2Feuropressgroup.com%2Ffi%2Fsmart%2F|title:Europress%20SMART&#8221;][\/vc_column_inner][\/vc_row_inner][\/vc_column][\/vc_row][vc_row unlock_row_content=&#8221;yes&#8221; row_height_percent=&#8221;0&#8243; override_padding=&#8221;yes&#8221; h_padding=&#8221;2&#8243; top_padding=&#8221;2&#8243; bottom_padding=&#8221;2&#8243; overlay_alpha=&#8221;50&#8243; gutter_size=&#8221;3&#8243; column_width_percent=&#8221;100&#8243; shift_y=&#8221;0&#8243; z_index=&#8221;0&#8243;][vc_column column_width_percent=&#8221;100&#8243; align_horizontal=&#8221;align_center&#8221; gutter_size=&#8221;3&#8243; overlay_alpha=&#8221;50&#8243; shift_x=&#8221;0&#8243; shift_y=&#8221;0&#8243; shift_y_down=&#8221;0&#8243; z_index=&#8221;0&#8243; medium_width=&#8221;0&#8243; mobile_width=&#8221;0&#8243; width=&#8221;1\/1&#8243;][vc_row_inner limit_content=&#8221;&#8221;][vc_column_inner width=&#8221;1\/4&#8243;][\/vc_column_inner][vc_column_inner column_width_percent=&#8221;100&#8243; align_horizontal=&#8221;align_center&#8221; gutter_size=&#8221;3&#8243; overlay_alpha=&#8221;50&#8243; shift_x=&#8221;0&#8243; shift_y=&#8221;0&#8243; shift_y_down=&#8221;0&#8243; z_index=&#8221;0&#8243; medium_width=&#8221;0&#8243; mobile_width=&#8221;0&#8243; width=&#8221;1\/2&#8243;][vc_column_text]Mallistosta l\u00f6ytyy kuusi erikokoista Balex-paalainta. Niiss\u00e4 on kaikissa iso t\u00e4ytt\u00f6aukko, joka helpottaa j\u00e4tteen sy\u00f6tt\u00e4mist\u00e4. Valmiit paalit puretaan automaattisesti kuormalavoille, josta niit\u00e4 on helppo k\u00e4sitell\u00e4.[\/vc_column_text][\/vc_column_inner][vc_column_inner width=&#8221;1\/4&#8243;][\/vc_column_inner][\/vc_row_inner][uncode_index el_id=&#8221;index-116298&#8243; loop=&#8221;size:10|order_by:title|order:ASC|post_type:page|by_id:109602,86068,75324,74961,74942,74971,74951,75551|taxonomy_count:10&#8243; style_preset=&#8221;metro&#8221; screen_lg=&#8221;1000&#8243; screen_md=&#8221;600&#8243; screen_sm=&#8221;480&#8243; filtering=&#8221;yes&#8221; filtering_position=&#8221;center&#8221; gutter_size=&#8221;2&#8243; page_items=&#8221;title,media|featured|onpost|original&#8221; pagination=&#8221;yes&#8221; single_text=&#8221;overlay&#8221; single_height=&#8221;3&#8243; single_overlay_opacity=&#8221;40&#8243; single_text_visible=&#8221;yes&#8221; single_h_align=&#8221;center&#8221; single_padding=&#8221;2&#8243; single_title_semantic=&#8221;h2&#8243; single_title_dimension=&#8221;h1&#8243; single_title_transform=&#8221;uppercase&#8221; single_border=&#8221;yes&#8221; custom_order=&#8221;yes&#8221; items=&#8221;eyI3MzEzN19pIjp7InNpbmdsZV93aWR0aCI6IjgiLCJzaW5nbGVfaGVpZ2h0IjoiNCJ9fQ==&#8221; order_ids=&#8221;73237,73242,73254,73246,73257,73249,86068&#8243;][vc_column_text]<strong>Lis\u00e4tietoa<\/strong><\/p>\n<p>Yll\u00e4 olevia kuvia klikkaamalla voit tutustua eri j\u00e4tepaalaimiimme.[\/vc_column_text][\/vc_column][\/vc_row][vc_row][vc_column width=&#8221;1\/1&#8243;][uncode_block id=&#8221;73192&#8243;][\/vc_column][\/vc_row]<\/p>\n<\/div>","protected":false},"excerpt":{"rendered":"<p>[vc_row row_height_percent=&#8221;0&#8243; override_padding=&#8221;yes&#8221; h_padding=&#8221;2&#8243; top_padding=&#8221;3&#8243; bottom_padding=&#8221;3&#8243; back_color=&#8221;color-gyho&#8221; overlay_alpha=&#8221;100&#8243; gutter_size=&#8221;100&#8243; column_width_percent=&#8221;100&#8243; shift_y=&#8221;0&#8243; z_index=&#8221;0&#8243; style=&#8221;dark&#8221; row_name=&#8221;Design &amp; Quality&#8221;][vc_column column_width_use_pixel=&#8221;yes&#8221; align_horizontal=&#8221;align_center&#8221; gutter_size=&#8221;3&#8243; overlay_alpha=&#8221;100&#8243; [&hellip;]<\/p>\n","protected":false},"author":25,"featured_media":74893,"parent":0,"menu_order":0,"comment_status":"open","ping_status":"closed","template":"","meta":{"footnotes":""},"class_list":["post-74892","page","type-page","status-publish","has-post-thumbnail","hentry"],"yoast_head":"<!-- This site is optimized with the Yoast SEO Premium plugin v27.3 (Yoast SEO v27.3) - https:\/\/yoast.com\/product\/yoast-seo-premium-wordpress\/ -->\n<title>PYSTYPAALAIMET - Europress Group<\/title>\n<meta name=\"description\" content=\"J\u00e4tepaalaimet Europress Balex-mallistosta vaativaankin k\u00e4ytt\u00f6\u00f6n. Kompakteista pystypaalaimista suuriin teollisuuspaalaimiin.\" \/>\n<meta name=\"robots\" content=\"index, follow, max-snippet:-1, max-image-preview:large, max-video-preview:-1\" \/>\n<link rel=\"canonical\" href=\"https:\/\/europressgroup.com\/fi\/pystypaalaimet\/\" \/>\n<meta property=\"og:locale\" content=\"fi_FI\" \/>\n<meta property=\"og:type\" content=\"article\" \/>\n<meta property=\"og:title\" content=\"PYSTYPAALAIMET\" \/>\n<meta property=\"og:description\" content=\"J\u00c4TEPAALAIMET PAHVILLE, MUOVILLE JA METALLILLE \u00a0Suomessa valmistetut Balex-j\u00e4tepaalaimet ovat laadukkaita ja pitk\u00e4ik\u00e4isi\u00e4. Balex-j\u00e4tepaalaimien sylinterit\" \/>\n<meta property=\"og:url\" content=\"https:\/\/europressgroup.com\/fi\/pystypaalaimet\/\" \/>\n<meta property=\"og:site_name\" content=\"Europress Group\" \/>\n<meta property=\"article:publisher\" content=\"https:\/\/www.facebook.com\/europresswastehandling\" \/>\n<meta property=\"article:modified_time\" content=\"2024-07-18T12:01:51+00:00\" \/>\n<meta property=\"og:image\" content=\"https:\/\/europressgroup.com\/wp-content\/uploads\/2019\/03\/Europress-Balex-vertical-balers-1920x1280px.jpg\" \/>\n\t<meta property=\"og:image:width\" content=\"1920\" \/>\n\t<meta property=\"og:image:height\" content=\"1280\" \/>\n\t<meta property=\"og:image:type\" content=\"image\/jpeg\" \/>\n<meta name=\"twitter:card\" content=\"summary_large_image\" \/>\n<meta name=\"twitter:site\" content=\"@EPWastehandling\" \/>\n<meta name=\"twitter:label1\" content=\"Arvioitu lukuaika\" \/>\n\t<meta name=\"twitter:data1\" content=\"3 minuuttia\" \/>\n<script type=\"application\/ld+json\" class=\"yoast-schema-graph\">{\"@context\":\"https:\\\/\\\/schema.org\",\"@graph\":[{\"@type\":\"WebPage\",\"@id\":\"https:\\\/\\\/europressgroup.com\\\/fi\\\/pystypaalaimet\\\/\",\"url\":\"https:\\\/\\\/europressgroup.com\\\/fi\\\/pystypaalaimet\\\/\",\"name\":\"PYSTYPAALAIMET - Europress Group\",\"isPartOf\":{\"@id\":\"https:\\\/\\\/europressgroup.com\\\/fi\\\/#website\"},\"primaryImageOfPage\":{\"@id\":\"https:\\\/\\\/europressgroup.com\\\/fi\\\/pystypaalaimet\\\/#primaryimage\"},\"image\":{\"@id\":\"https:\\\/\\\/europressgroup.com\\\/fi\\\/pystypaalaimet\\\/#primaryimage\"},\"thumbnailUrl\":\"https:\\\/\\\/europressgroup.com\\\/wp-content\\\/uploads\\\/2019\\\/03\\\/Europress-Balex-vertical-balers-1920x1280px.jpg\",\"datePublished\":\"2019-02-26T12:27:04+00:00\",\"dateModified\":\"2024-07-18T12:01:51+00:00\",\"description\":\"J\u00e4tepaalaimet Europress Balex-mallistosta vaativaankin k\u00e4ytt\u00f6\u00f6n. Kompakteista pystypaalaimista suuriin teollisuuspaalaimiin.\",\"breadcrumb\":{\"@id\":\"https:\\\/\\\/europressgroup.com\\\/fi\\\/pystypaalaimet\\\/#breadcrumb\"},\"inLanguage\":\"fi\",\"potentialAction\":[{\"@type\":\"ReadAction\",\"target\":[\"https:\\\/\\\/europressgroup.com\\\/fi\\\/pystypaalaimet\\\/\"]}]},{\"@type\":\"ImageObject\",\"inLanguage\":\"fi\",\"@id\":\"https:\\\/\\\/europressgroup.com\\\/fi\\\/pystypaalaimet\\\/#primaryimage\",\"url\":\"https:\\\/\\\/europressgroup.com\\\/wp-content\\\/uploads\\\/2019\\\/03\\\/Europress-Balex-vertical-balers-1920x1280px.jpg\",\"contentUrl\":\"https:\\\/\\\/europressgroup.com\\\/wp-content\\\/uploads\\\/2019\\\/03\\\/Europress-Balex-vertical-balers-1920x1280px.jpg\",\"width\":1920,\"height\":1280,\"caption\":\"waste baler\"},{\"@type\":\"BreadcrumbList\",\"@id\":\"https:\\\/\\\/europressgroup.com\\\/fi\\\/pystypaalaimet\\\/#breadcrumb\",\"itemListElement\":[{\"@type\":\"ListItem\",\"position\":1,\"name\":\"Home\",\"item\":\"https:\\\/\\\/europressgroup.com\\\/fi\\\/\"},{\"@type\":\"ListItem\",\"position\":2,\"name\":\"PYSTYPAALAIMET\"}]},{\"@type\":\"WebSite\",\"@id\":\"https:\\\/\\\/europressgroup.com\\\/fi\\\/#website\",\"url\":\"https:\\\/\\\/europressgroup.com\\\/fi\\\/\",\"name\":\"Europress Group\",\"description\":\"Northern European leader in Environmental Technology\",\"publisher\":{\"@id\":\"https:\\\/\\\/europressgroup.com\\\/fi\\\/#organization\"},\"potentialAction\":[{\"@type\":\"SearchAction\",\"target\":{\"@type\":\"EntryPoint\",\"urlTemplate\":\"https:\\\/\\\/europressgroup.com\\\/fi\\\/?s={search_term_string}\"},\"query-input\":{\"@type\":\"PropertyValueSpecification\",\"valueRequired\":true,\"valueName\":\"search_term_string\"}}],\"inLanguage\":\"fi\"},{\"@type\":\"Organization\",\"@id\":\"https:\\\/\\\/europressgroup.com\\\/fi\\\/#organization\",\"name\":\"Europress Group\",\"url\":\"https:\\\/\\\/europressgroup.com\\\/fi\\\/\",\"logo\":{\"@type\":\"ImageObject\",\"inLanguage\":\"fi\",\"@id\":\"https:\\\/\\\/europressgroup.com\\\/fi\\\/#\\\/schema\\\/logo\\\/image\\\/\",\"url\":\"https:\\\/\\\/europressgroup.com\\\/wp-content\\\/uploads\\\/2018\\\/12\\\/Europress-logo-1.png\",\"contentUrl\":\"https:\\\/\\\/europressgroup.com\\\/wp-content\\\/uploads\\\/2018\\\/12\\\/Europress-logo-1.png\",\"width\":478,\"height\":75,\"caption\":\"Europress Group\"},\"image\":{\"@id\":\"https:\\\/\\\/europressgroup.com\\\/fi\\\/#\\\/schema\\\/logo\\\/image\\\/\"},\"sameAs\":[\"https:\\\/\\\/www.facebook.com\\\/europresswastehandling\",\"https:\\\/\\\/x.com\\\/EPWastehandling\",\"https:\\\/\\\/www.instagram.com\\\/europressgroup\\\/\",\"https:\\\/\\\/www.linkedin.com\\\/company\\\/europress\"],\"publishingPrinciples\":\"https:\\\/\\\/europressgroup.com\\\/environment-safety-quality\\\/\",\"ownershipFundingInfo\":\"https:\\\/\\\/europressgroup.com\\\/history\\\/\",\"actionableFeedbackPolicy\":\"https:\\\/\\\/europressgroup.com\\\/customer-feedback\\\/\",\"correctionsPolicy\":\"https:\\\/\\\/europressgroup.com\\\/customer-feedback\\\/\",\"ethicsPolicy\":\"https:\\\/\\\/europressgroup.com\\\/responsibility\\\/\"}]}<\/script>\n<!-- \/ Yoast SEO Premium plugin. -->","yoast_head_json":{"title":"PYSTYPAALAIMET - Europress Group","description":"J\u00e4tepaalaimet Europress Balex-mallistosta vaativaankin k\u00e4ytt\u00f6\u00f6n. Kompakteista pystypaalaimista suuriin teollisuuspaalaimiin.","robots":{"index":"index","follow":"follow","max-snippet":"max-snippet:-1","max-image-preview":"max-image-preview:large","max-video-preview":"max-video-preview:-1"},"canonical":"https:\/\/europressgroup.com\/fi\/pystypaalaimet\/","og_locale":"fi_FI","og_type":"article","og_title":"PYSTYPAALAIMET","og_description":"J\u00c4TEPAALAIMET PAHVILLE, MUOVILLE JA METALLILLE \u00a0Suomessa valmistetut Balex-j\u00e4tepaalaimet ovat laadukkaita ja pitk\u00e4ik\u00e4isi\u00e4. Balex-j\u00e4tepaalaimien sylinterit","og_url":"https:\/\/europressgroup.com\/fi\/pystypaalaimet\/","og_site_name":"Europress Group","article_publisher":"https:\/\/www.facebook.com\/europresswastehandling","article_modified_time":"2024-07-18T12:01:51+00:00","og_image":[{"width":1920,"height":1280,"url":"https:\/\/europressgroup.com\/wp-content\/uploads\/2019\/03\/Europress-Balex-vertical-balers-1920x1280px.jpg","type":"image\/jpeg"}],"twitter_card":"summary_large_image","twitter_site":"@EPWastehandling","twitter_misc":{"Arvioitu lukuaika":"3 minuuttia"},"schema":{"@context":"https:\/\/schema.org","@graph":[{"@type":"WebPage","@id":"https:\/\/europressgroup.com\/fi\/pystypaalaimet\/","url":"https:\/\/europressgroup.com\/fi\/pystypaalaimet\/","name":"PYSTYPAALAIMET - Europress Group","isPartOf":{"@id":"https:\/\/europressgroup.com\/fi\/#website"},"primaryImageOfPage":{"@id":"https:\/\/europressgroup.com\/fi\/pystypaalaimet\/#primaryimage"},"image":{"@id":"https:\/\/europressgroup.com\/fi\/pystypaalaimet\/#primaryimage"},"thumbnailUrl":"https:\/\/europressgroup.com\/wp-content\/uploads\/2019\/03\/Europress-Balex-vertical-balers-1920x1280px.jpg","datePublished":"2019-02-26T12:27:04+00:00","dateModified":"2024-07-18T12:01:51+00:00","description":"J\u00e4tepaalaimet Europress Balex-mallistosta vaativaankin k\u00e4ytt\u00f6\u00f6n. Kompakteista pystypaalaimista suuriin teollisuuspaalaimiin.","breadcrumb":{"@id":"https:\/\/europressgroup.com\/fi\/pystypaalaimet\/#breadcrumb"},"inLanguage":"fi","potentialAction":[{"@type":"ReadAction","target":["https:\/\/europressgroup.com\/fi\/pystypaalaimet\/"]}]},{"@type":"ImageObject","inLanguage":"fi","@id":"https:\/\/europressgroup.com\/fi\/pystypaalaimet\/#primaryimage","url":"https:\/\/europressgroup.com\/wp-content\/uploads\/2019\/03\/Europress-Balex-vertical-balers-1920x1280px.jpg","contentUrl":"https:\/\/europressgroup.com\/wp-content\/uploads\/2019\/03\/Europress-Balex-vertical-balers-1920x1280px.jpg","width":1920,"height":1280,"caption":"waste baler"},{"@type":"BreadcrumbList","@id":"https:\/\/europressgroup.com\/fi\/pystypaalaimet\/#breadcrumb","itemListElement":[{"@type":"ListItem","position":1,"name":"Home","item":"https:\/\/europressgroup.com\/fi\/"},{"@type":"ListItem","position":2,"name":"PYSTYPAALAIMET"}]},{"@type":"WebSite","@id":"https:\/\/europressgroup.com\/fi\/#website","url":"https:\/\/europressgroup.com\/fi\/","name":"Europress Group","description":"Northern European leader in Environmental Technology","publisher":{"@id":"https:\/\/europressgroup.com\/fi\/#organization"},"potentialAction":[{"@type":"SearchAction","target":{"@type":"EntryPoint","urlTemplate":"https:\/\/europressgroup.com\/fi\/?s={search_term_string}"},"query-input":{"@type":"PropertyValueSpecification","valueRequired":true,"valueName":"search_term_string"}}],"inLanguage":"fi"},{"@type":"Organization","@id":"https:\/\/europressgroup.com\/fi\/#organization","name":"Europress Group","url":"https:\/\/europressgroup.com\/fi\/","logo":{"@type":"ImageObject","inLanguage":"fi","@id":"https:\/\/europressgroup.com\/fi\/#\/schema\/logo\/image\/","url":"https:\/\/europressgroup.com\/wp-content\/uploads\/2018\/12\/Europress-logo-1.png","contentUrl":"https:\/\/europressgroup.com\/wp-content\/uploads\/2018\/12\/Europress-logo-1.png","width":478,"height":75,"caption":"Europress Group"},"image":{"@id":"https:\/\/europressgroup.com\/fi\/#\/schema\/logo\/image\/"},"sameAs":["https:\/\/www.facebook.com\/europresswastehandling","https:\/\/x.com\/EPWastehandling","https:\/\/www.instagram.com\/europressgroup\/","https:\/\/www.linkedin.com\/company\/europress"],"publishingPrinciples":"https:\/\/europressgroup.com\/environment-safety-quality\/","ownershipFundingInfo":"https:\/\/europressgroup.com\/history\/","actionableFeedbackPolicy":"https:\/\/europressgroup.com\/customer-feedback\/","correctionsPolicy":"https:\/\/europressgroup.com\/customer-feedback\/","ethicsPolicy":"https:\/\/europressgroup.com\/responsibility\/"}]}},"_links":{"self":[{"href":"https:\/\/europressgroup.com\/fi\/wp-json\/wp\/v2\/pages\/74892","targetHints":{"allow":["GET"]}}],"collection":[{"href":"https:\/\/europressgroup.com\/fi\/wp-json\/wp\/v2\/pages"}],"about":[{"href":"https:\/\/europressgroup.com\/fi\/wp-json\/wp\/v2\/types\/page"}],"author":[{"embeddable":true,"href":"https:\/\/europressgroup.com\/fi\/wp-json\/wp\/v2\/users\/25"}],"replies":[{"embeddable":true,"href":"https:\/\/europressgroup.com\/fi\/wp-json\/wp\/v2\/comments?post=74892"}],"version-history":[{"count":20,"href":"https:\/\/europressgroup.com\/fi\/wp-json\/wp\/v2\/pages\/74892\/revisions"}],"predecessor-version":[{"id":141911,"href":"https:\/\/europressgroup.com\/fi\/wp-json\/wp\/v2\/pages\/74892\/revisions\/141911"}],"wp:featuredmedia":[{"embeddable":true,"href":"https:\/\/europressgroup.com\/fi\/wp-json\/wp\/v2\/media\/74893"}],"wp:attachment":[{"href":"https:\/\/europressgroup.com\/fi\/wp-json\/wp\/v2\/media?parent=74892"}],"curies":[{"name":"wp","href":"https:\/\/api.w.org\/{rel}","templated":true}]}}