{"id":74855,"date":"2019-02-26T12:49:49","date_gmt":"2019-02-26T10:49:49","guid":{"rendered":"https:\/\/europressgroup.com\/waste-compactors\/"},"modified":"2024-06-27T15:49:28","modified_gmt":"2024-06-27T12:49:28","slug":"jatepuristimet","status":"publish","type":"page","link":"https:\/\/europressgroup.com\/fi\/jatepuristimet\/","title":{"rendered":"J\u00c4TEPURISTIMET"},"content":{"rendered":"<div class=\"wpb-content-wrapper\"><p>[vc_row row_height_percent=&#8221;0&#8243; override_padding=&#8221;yes&#8221; h_padding=&#8221;2&#8243; top_padding=&#8221;3&#8243; bottom_padding=&#8221;3&#8243; back_color=&#8221;color-xsdn&#8221; overlay_alpha=&#8221;100&#8243; gutter_size=&#8221;100&#8243; column_width_percent=&#8221;100&#8243; shift_y=&#8221;0&#8243; z_index=&#8221;0&#8243; style=&#8221;dark&#8221; row_name=&#8221;Design &amp; Quality&#8221;][vc_column column_width_use_pixel=&#8221;yes&#8221; position_horizontal=&#8221;left&#8221; gutter_size=&#8221;3&#8243; overlay_alpha=&#8221;100&#8243; shift_x=&#8221;0&#8243; shift_y=&#8221;0&#8243; shift_y_down=&#8221;0&#8243; z_index=&#8221;0&#8243; medium_width=&#8221;0&#8243; mobile_width=&#8221;0&#8243; zoom_width=&#8221;0&#8243; zoom_height=&#8221;0&#8243; width=&#8221;1\/1&#8243; column_width_pixel=&#8221;800&#8243; uncode_shortcode_id=&#8221;943967&#8243;][vc_custom_heading text_transform=&#8221;uppercase&#8221; separator=&#8221;yes&#8221; separator_color=&#8221;yes&#8221; sub_lead=&#8221;yes&#8221; sub_reduced=&#8221;yes&#8221;]TEHOKKAAT J\u00c4TEPURISTIMET VAATIVAAN K\u00c4YTT\u00d6\u00d6N[\/vc_custom_heading][vc_column_text]Europressilt\u00e4 l\u00f6ytyy laaja valikoima j\u00e4tepuristimia erilaisiin k\u00e4ytt\u00f6tarkoituksiin. Moderni j\u00e4tepuristin voi esimerkiksi l\u00e4hett\u00e4\u00e4 viestin, kun se on l\u00e4hes t\u00e4ynn\u00e4, mik\u00e4 auttaa optimoimaan j\u00e4tepuristinten tyhjennysv\u00e4lit ja s\u00e4\u00e4st\u00e4\u00e4 n\u00e4in rahaa.<\/p>\n<p>Kaikki puristimet r\u00e4\u00e4t\u00e4l\u00f6id\u00e4\u00e4n tarkasti k\u00e4ytt\u00f6kohteen mukaan esimerkiksi teollisuuteen, kauppakeskukseen, varastoon, logistiikkakeskukseen tai yksitt\u00e4iseen kauppaliikkeeseen.[\/vc_column_text][vc_column_text uncode_shortcode_id=&#8221;340910&#8243;]Europressin tuotevalikoima sis\u00e4lt\u00e4\u00e4 kattavasti \u00e4lykk\u00e4it\u00e4 j\u00e4tepuristinmalleja erilaisiin tarpeisiin. Kaikki Europressin j\u00e4tepuristimet ovat eritt\u00e4in kest\u00e4vi\u00e4 ja suunniteltu Suomessa kovaan k\u00e4ytt\u00f6\u00f6n.[\/vc_column_text][vc_column_text uncode_shortcode_id=&#8221;439514&#8243;]<strong>Europress j\u00e4tepuristimilla voidaan puristetaan esimerkiksi seuraavia materiaaleja:<\/strong>[\/vc_column_text][vc_column_text]<\/p>\n<ul>\n<li>Pahvi<\/li>\n<li>Muovi<\/li>\n<li>Paperi<\/li>\n<li>Tekstiilit<\/li>\n<li>Puu<\/li>\n<li>Bioj\u00e4te<\/li>\n<li>Sekaj\u00e4te<\/li>\n<li>Poltettava j\u00e4te<\/li>\n<\/ul>\n<p>[\/vc_column_text][vc_column_text]<strong>Erikoisratkaisut juuri sinulle<\/strong><\/p>\n<p>Kun hankit j\u00e4tepuristimen Europressilt\u00e4, niin saat k\u00e4ytt\u00f6\u00f6si j\u00e4tehuollon kokonaisratkaisun. Mihin puristin sijoitetaan, millaisen sy\u00f6tt\u00f6aukon haluat tai pit\u00e4\u00e4k\u00f6 sy\u00f6tt\u00f6aukon olla sein\u00e4n toisella puolella? Tarvitaanko lis\u00e4varusteita kuten kaatolaite j\u00e4teastialle, punnituslaite, aitaus tai esimerkiksi l\u00e4mmitys m\u00e4r\u00e4lle j\u00e4tteelle talvella tai ilmanvaihto kes\u00e4ll\u00e4?<\/p>\n<p>Teemme j\u00e4tteiden k\u00e4sittelyst\u00e4 niin helppoa ja tehokasta, ett\u00e4 henkil\u00f6kuntasi voi keskitty\u00e4 p\u00e4\u00e4teht\u00e4v\u00e4\u00e4ns\u00e4.[\/vc_column_text][\/vc_column][\/vc_row][vc_row row_height_percent=&#8221;0&#8243; override_padding=&#8221;yes&#8221; h_padding=&#8221;2&#8243; top_padding=&#8221;3&#8243; bottom_padding=&#8221;4&#8243; back_color=&#8221;color-gyho&#8221; overlay_alpha=&#8221;50&#8243; gutter_size=&#8221;3&#8243; column_width_percent=&#8221;100&#8243; shift_y=&#8221;0&#8243; z_index=&#8221;0&#8243; uncode_shortcode_id=&#8221;170062&#8243; back_color_type=&#8221;uncode-palette&#8221;][vc_column column_width_percent=&#8221;100&#8243; align_horizontal=&#8221;align_center&#8221; gutter_size=&#8221;3&#8243; overlay_alpha=&#8221;50&#8243; shift_x=&#8221;0&#8243; shift_y=&#8221;0&#8243; shift_y_down=&#8221;0&#8243; z_index=&#8221;0&#8243; medium_width=&#8221;0&#8243; mobile_width=&#8221;0&#8243; width=&#8221;1\/1&#8243;][vc_custom_heading heading_semantic=&#8221;h1&#8243; text_size=&#8221;h1&#8243; sub_lead=&#8221;yes&#8221; uncode_shortcode_id=&#8221;165254&#8243; subheading=&#8221;Ota yhteytt\u00e4, niin suunnitellaan yhdess\u00e4 juuri teille sopiva j\u00e4tehuoltoratkaisu.&#8221;]Tahdotko apua sopivan j\u00e4tepuristimen valintaan?[\/vc_custom_heading][vc_row_inner][vc_column_inner width=&#8221;1\/4&#8243;][\/vc_column_inner][vc_column_inner column_width_percent=&#8221;100&#8243; align_horizontal=&#8221;align_center&#8221; gutter_size=&#8221;3&#8243; overlay_alpha=&#8221;50&#8243; shift_x=&#8221;0&#8243; shift_y=&#8221;0&#8243; shift_y_down=&#8221;0&#8243; z_index=&#8221;0&#8243; medium_width=&#8221;0&#8243; mobile_width=&#8221;0&#8243; width=&#8221;1\/2&#8243;][vc_button button_color=&#8221;accent&#8221; size=&#8221;btn-lg&#8221; radius=&#8221;btn-circle&#8221; border_width=&#8221;0&#8243; link=&#8221;url:https%3A%2F%2Feuropressgroup.com%2Ffi%2Fyhteys%2F&#8221;]Ota yhteytt\u00e4[\/vc_button][\/vc_column_inner][vc_column_inner width=&#8221;1\/4&#8243;][\/vc_column_inner][\/vc_row_inner][\/vc_column][\/vc_row][vc_row row_height_percent=&#8221;0&#8243; override_padding=&#8221;yes&#8221; h_padding=&#8221;2&#8243; top_padding=&#8221;3&#8243; bottom_padding=&#8221;3&#8243; overlay_alpha=&#8221;50&#8243; gutter_size=&#8221;3&#8243; column_width_percent=&#8221;100&#8243; shift_y=&#8221;0&#8243; z_index=&#8221;0&#8243; uncode_shortcode_id=&#8221;134917&#8243; shape_dividers=&#8221;&#8221;][vc_column column_width_percent=&#8221;100&#8243; align_horizontal=&#8221;align_center&#8221; gutter_size=&#8221;3&#8243; overlay_alpha=&#8221;50&#8243; shift_x=&#8221;0&#8243; shift_y=&#8221;0&#8243; shift_y_down=&#8221;0&#8243; z_index=&#8221;0&#8243; medium_width=&#8221;0&#8243; mobile_width=&#8221;0&#8243; width=&#8221;1\/1&#8243;][vc_row_inner][vc_column_inner column_width_percent=&#8221;100&#8243; gutter_size=&#8221;3&#8243; overlay_alpha=&#8221;50&#8243; shift_x=&#8221;0&#8243; shift_y=&#8221;0&#8243; shift_y_down=&#8221;0&#8243; z_index=&#8221;0&#8243; medium_width=&#8221;0&#8243; mobile_width=&#8221;0&#8243; width=&#8221;2\/3&#8243;][vc_custom_heading subheading=&#8221;Europress j\u00e4tepuristimiin on saatavana SMART-palvelu. SMART-teknologia tehostaa puristinten turvallista k\u00e4ytt\u00f6\u00e4. SMART-et\u00e4seurannan avulla eri j\u00e4tepaalainten asetuksia voidaan s\u00e4\u00e4t\u00e4\u00e4 yksil\u00f6llisesti ja sovittaa niiden toiminta juuri kyseiseen tarpeeseen. J\u00e4tepuristinten toiminta tallentuu palveluun, mik\u00e4 mahdollistaa esimerkiksi laitteiden k\u00e4yt\u00f6n optimoimisen. SMART-teknologia my\u00f6s suojaa sek\u00e4 laitteen k\u00e4ytt\u00e4j\u00e4\u00e4 ett\u00e4 laitteen komponentteja.&#8221; uncode_shortcode_id=&#8221;219748&#8243;]<a href=\"https:\/\/europressgroup.com\/fi\/smart\/\">SMART-palvelu<\/a>[\/vc_custom_heading][\/vc_column_inner][vc_column_inner width=&#8221;1\/3&#8243;][vc_single_image media=&#8221;78251&#8243; media_width_percent=&#8221;50&#8243; alignment=&#8221;center&#8221; media_link=&#8221;url:https%3A%2F%2Feuropressgroup.com%2Ffi%2Fsmart%2F|title:Europress%20SMART&#8221;][\/vc_column_inner][\/vc_row_inner][\/vc_column][\/vc_row][vc_row][vc_column column_width_percent=&#8221;100&#8243; align_horizontal=&#8221;align_center&#8221; gutter_size=&#8221;3&#8243; overlay_alpha=&#8221;50&#8243; shift_x=&#8221;0&#8243; shift_y=&#8221;0&#8243; shift_y_down=&#8221;0&#8243; z_index=&#8221;0&#8243; medium_width=&#8221;0&#8243; mobile_width=&#8221;0&#8243; width=&#8221;1\/1&#8243;][vc_column_text]Alla n\u00e4et listan j\u00e4tepuristimistamme. Voit etsi\u00e4 sopivan j\u00e4tepuristimen omien k\u00e4ytt\u00f6tarpeidesi mukaan. Kuvaa klikkaamalla n\u00e4et lis\u00e4tietoja koneesta.[\/vc_column_text][\/vc_column][\/vc_row][vc_row unlock_row_content=&#8221;yes&#8221; row_height_percent=&#8221;0&#8243; override_padding=&#8221;yes&#8221; h_padding=&#8221;2&#8243; top_padding=&#8221;2&#8243; bottom_padding=&#8221;2&#8243; overlay_alpha=&#8221;50&#8243; gutter_size=&#8221;3&#8243; column_width_percent=&#8221;100&#8243; shift_y=&#8221;0&#8243; z_index=&#8221;0&#8243;][vc_column column_width_percent=&#8221;100&#8243; align_horizontal=&#8221;align_center&#8221; gutter_size=&#8221;3&#8243; overlay_alpha=&#8221;50&#8243; shift_x=&#8221;0&#8243; shift_y=&#8221;0&#8243; shift_y_down=&#8221;0&#8243; z_index=&#8221;0&#8243; medium_width=&#8221;0&#8243; mobile_width=&#8221;0&#8243; width=&#8221;1\/1&#8243;][vc_custom_heading]Kiinte\u00e4kontilliset[\/vc_custom_heading][uncode_index el_id=&#8221;index-116298&#8243; loop=&#8221;size:20|order_by:title|order:ASC|post_type:page|by_id:85074,74990,74997,74055,74980,138580,140412,138822|taxonomy_count:10&#8243; style_preset=&#8221;metro&#8221; screen_lg=&#8221;1000&#8243; screen_md=&#8221;600&#8243; screen_sm=&#8221;480&#8243; filtering=&#8221;yes&#8221; filtering_position=&#8221;center&#8221; gutter_size=&#8221;2&#8243; page_items=&#8221;title,media|featured|onpost|original&#8221; single_text=&#8221;overlay&#8221; single_height=&#8221;3&#8243; single_overlay_opacity=&#8221;40&#8243; single_text_visible=&#8221;yes&#8221; single_h_align=&#8221;center&#8221; single_padding=&#8221;2&#8243; single_title_semantic=&#8221;h2&#8243; single_title_dimension=&#8221;h1&#8243; single_title_transform=&#8221;uppercase&#8221; single_border=&#8221;yes&#8221; items=&#8221;eyI3MzEzN19pIjp7InNpbmdsZV93aWR0aCI6IjQiLCJzaW5nbGVfaGVpZ2h0IjoiMyJ9LCI3MzIwMF9pIjp7InNpbmdsZV9oZWlnaHQiOiIzIn0sIjczMjA5X2kiOnsic2luZ2xlX2hlaWdodCI6IjMifSwiNzMyMTZfaSI6eyJzaW5nbGVfaGVpZ2h0IjoiMyJ9LCI3MzIyMF9pIjp7InNpbmdsZV9oZWlnaHQiOiIzIn19&#8243; uncode_shortcode_id=&#8221;421233&#8243;][\/vc_column][\/vc_row][vc_row unlock_row_content=&#8221;yes&#8221; row_height_percent=&#8221;0&#8243; override_padding=&#8221;yes&#8221; h_padding=&#8221;2&#8243; top_padding=&#8221;2&#8243; bottom_padding=&#8221;2&#8243; overlay_alpha=&#8221;50&#8243; gutter_size=&#8221;3&#8243; column_width_percent=&#8221;100&#8243; shift_y=&#8221;0&#8243; z_index=&#8221;0&#8243;][vc_column column_width_percent=&#8221;100&#8243; align_horizontal=&#8221;align_center&#8221; gutter_size=&#8221;3&#8243; overlay_alpha=&#8221;50&#8243; shift_x=&#8221;0&#8243; shift_y=&#8221;0&#8243; shift_y_down=&#8221;0&#8243; z_index=&#8221;0&#8243; medium_width=&#8221;0&#8243; mobile_width=&#8221;0&#8243; width=&#8221;1\/1&#8243;][vc_custom_heading]Irtokontilliset[\/vc_custom_heading][uncode_index el_id=&#8221;index-116298&#8243; loop=&#8221;size:20|order_by:title|order:ASC|post_type:page|by_id:130637,96950,75034,75024,75014|taxonomy_count:10&#8243; style_preset=&#8221;metro&#8221; screen_lg=&#8221;1000&#8243; screen_md=&#8221;600&#8243; screen_sm=&#8221;480&#8243; filtering=&#8221;yes&#8221; filtering_position=&#8221;center&#8221; gutter_size=&#8221;2&#8243; page_items=&#8221;title,media|featured|onpost|original&#8221; single_text=&#8221;overlay&#8221; single_height=&#8221;3&#8243; single_overlay_opacity=&#8221;40&#8243; single_text_visible=&#8221;yes&#8221; single_h_align=&#8221;center&#8221; single_padding=&#8221;2&#8243; single_title_semantic=&#8221;h2&#8243; single_title_dimension=&#8221;h1&#8243; single_title_transform=&#8221;uppercase&#8221; single_border=&#8221;yes&#8221; items=&#8221;eyI3MzEzN19pIjp7InNpbmdsZV93aWR0aCI6IjQiLCJzaW5nbGVfaGVpZ2h0IjoiMyJ9LCI3MzIwMF9pIjp7InNpbmdsZV9oZWlnaHQiOiIzIn0sIjczMjA5X2kiOnsic2luZ2xlX2hlaWdodCI6IjMifSwiNzMyMTZfaSI6eyJzaW5nbGVfaGVpZ2h0IjoiMyJ9LCI3MzIyMF9pIjp7InNpbmdsZV9oZWlnaHQiOiIzIn19&#8243; uncode_shortcode_id=&#8221;199648&#8243;][\/vc_column][\/vc_row][vc_row unlock_row_content=&#8221;yes&#8221; row_height_percent=&#8221;0&#8243; override_padding=&#8221;yes&#8221; h_padding=&#8221;2&#8243; top_padding=&#8221;2&#8243; bottom_padding=&#8221;2&#8243; overlay_alpha=&#8221;50&#8243; gutter_size=&#8221;3&#8243; column_width_percent=&#8221;100&#8243; shift_y=&#8221;0&#8243; z_index=&#8221;0&#8243;][vc_column column_width_percent=&#8221;100&#8243; align_horizontal=&#8221;align_center&#8221; gutter_size=&#8221;3&#8243; overlay_alpha=&#8221;50&#8243; shift_x=&#8221;0&#8243; shift_y=&#8221;0&#8243; shift_y_down=&#8221;0&#8243; z_index=&#8221;0&#8243; medium_width=&#8221;0&#8243; mobile_width=&#8221;0&#8243; width=&#8221;1\/1&#8243;][vc_custom_heading]Ruuvipuristimet[\/vc_custom_heading][uncode_index el_id=&#8221;index-116298&#8243; loop=&#8221;size:20|order_by:title|order:ASC|post_type:page|by_id:90794&#8243; style_preset=&#8221;metro&#8221; screen_lg=&#8221;1000&#8243; screen_md=&#8221;600&#8243; screen_sm=&#8221;480&#8243; filtering=&#8221;yes&#8221; filtering_position=&#8221;center&#8221; gutter_size=&#8221;2&#8243; page_items=&#8221;title,media|featured|onpost|original&#8221; single_text=&#8221;overlay&#8221; single_height=&#8221;3&#8243; single_overlay_opacity=&#8221;40&#8243; single_text_visible=&#8221;yes&#8221; single_h_align=&#8221;center&#8221; single_padding=&#8221;2&#8243; single_title_semantic=&#8221;h2&#8243; single_title_dimension=&#8221;h1&#8243; single_title_transform=&#8221;uppercase&#8221; single_border=&#8221;yes&#8221; items=&#8221;eyI3MzEzN19pIjp7InNpbmdsZV93aWR0aCI6IjQiLCJzaW5nbGVfaGVpZ2h0IjoiMyJ9LCI3MzIwMF9pIjp7InNpbmdsZV9oZWlnaHQiOiIzIn0sIjczMjA5X2kiOnsic2luZ2xlX2hlaWdodCI6IjMifSwiNzMyMTZfaSI6eyJzaW5nbGVfaGVpZ2h0IjoiMyJ9LCI3MzIyMF9pIjp7InNpbmdsZV9oZWlnaHQiOiIzIn19&#8243;][\/vc_column][\/vc_row][vc_row][vc_column width=&#8221;1\/1&#8243;][uncode_block id=&#8221;73192&#8243;][\/vc_column][\/vc_row]<\/p>\n<\/div>","protected":false},"excerpt":{"rendered":"<p>[vc_row row_height_percent=&#8221;0&#8243; override_padding=&#8221;yes&#8221; h_padding=&#8221;2&#8243; top_padding=&#8221;3&#8243; bottom_padding=&#8221;3&#8243; back_color=&#8221;color-xsdn&#8221; overlay_alpha=&#8221;100&#8243; gutter_size=&#8221;100&#8243; column_width_percent=&#8221;100&#8243; shift_y=&#8221;0&#8243; z_index=&#8221;0&#8243; style=&#8221;dark&#8221; row_name=&#8221;Design &amp; Quality&#8221;][vc_column column_width_use_pixel=&#8221;yes&#8221; position_horizontal=&#8221;left&#8221; gutter_size=&#8221;3&#8243; overlay_alpha=&#8221;100&#8243; [&hellip;]<\/p>\n","protected":false},"author":25,"featured_media":74856,"parent":0,"menu_order":0,"comment_status":"open","ping_status":"closed","template":"","meta":{"footnotes":""},"class_list":["post-74855","page","type-page","status-publish","has-post-thumbnail","hentry"],"yoast_head":"<!-- This site is optimized with the Yoast SEO Premium plugin v27.3 (Yoast SEO v27.3) - https:\/\/yoast.com\/product\/yoast-seo-premium-wordpress\/ -->\n<title>J\u00c4TEPURISTIMET - Europress Group<\/title>\n<meta name=\"description\" content=\"Tehokkaat ja kest\u00e4v\u00e4t j\u00e4tepuristimet toimivaan j\u00e4tehuoltoon. Kotimaiset j\u00e4tehuoltolaitteet suunniteltu pohjoismaisiin olosuhteisiin Europressilt\u00e4.\" \/>\n<meta name=\"robots\" content=\"index, follow, max-snippet:-1, max-image-preview:large, max-video-preview:-1\" \/>\n<link rel=\"canonical\" href=\"https:\/\/europressgroup.com\/fi\/jatepuristimet\/\" \/>\n<meta property=\"og:locale\" content=\"fi_FI\" \/>\n<meta property=\"og:type\" content=\"article\" \/>\n<meta property=\"og:title\" content=\"J\u00c4TEPURISTIMET\" \/>\n<meta property=\"og:description\" content=\"TEHOKKAAT J\u00c4TEPURISTIMET VAATIVAAN K\u00c4YTT\u00d6\u00d6NEuropressilt\u00e4 l\u00f6ytyy laaja valikoima j\u00e4tepuristimia erilaisiin k\u00e4ytt\u00f6tarkoituksiin. Moderni j\u00e4tepuristin voi\" \/>\n<meta property=\"og:url\" content=\"https:\/\/europressgroup.com\/fi\/jatepuristimet\/\" \/>\n<meta property=\"og:site_name\" content=\"Europress Group\" \/>\n<meta property=\"article:publisher\" content=\"https:\/\/www.facebook.com\/europresswastehandling\" \/>\n<meta property=\"article:modified_time\" content=\"2024-06-27T12:49:28+00:00\" \/>\n<meta property=\"og:image\" content=\"https:\/\/europressgroup.com\/wp-content\/uploads\/2019\/03\/Europress-Waste-compactors-1920x1280px.jpg\" \/>\n\t<meta property=\"og:image:width\" content=\"1920\" \/>\n\t<meta property=\"og:image:height\" content=\"1280\" \/>\n\t<meta property=\"og:image:type\" content=\"image\/jpeg\" \/>\n<meta name=\"twitter:card\" content=\"summary_large_image\" \/>\n<meta name=\"twitter:site\" content=\"@EPWastehandling\" \/>\n<meta name=\"twitter:label1\" content=\"Arvioitu lukuaika\" \/>\n\t<meta name=\"twitter:data1\" content=\"4 minuuttia\" \/>\n<script type=\"application\/ld+json\" class=\"yoast-schema-graph\">{\"@context\":\"https:\\\/\\\/schema.org\",\"@graph\":[{\"@type\":\"WebPage\",\"@id\":\"https:\\\/\\\/europressgroup.com\\\/fi\\\/jatepuristimet\\\/\",\"url\":\"https:\\\/\\\/europressgroup.com\\\/fi\\\/jatepuristimet\\\/\",\"name\":\"J\u00c4TEPURISTIMET - Europress Group\",\"isPartOf\":{\"@id\":\"https:\\\/\\\/europressgroup.com\\\/fi\\\/#website\"},\"primaryImageOfPage\":{\"@id\":\"https:\\\/\\\/europressgroup.com\\\/fi\\\/jatepuristimet\\\/#primaryimage\"},\"image\":{\"@id\":\"https:\\\/\\\/europressgroup.com\\\/fi\\\/jatepuristimet\\\/#primaryimage\"},\"thumbnailUrl\":\"https:\\\/\\\/europressgroup.com\\\/wp-content\\\/uploads\\\/2019\\\/03\\\/Europress-Waste-compactors-1920x1280px.jpg\",\"datePublished\":\"2019-02-26T10:49:49+00:00\",\"dateModified\":\"2024-06-27T12:49:28+00:00\",\"description\":\"Tehokkaat ja kest\u00e4v\u00e4t j\u00e4tepuristimet toimivaan j\u00e4tehuoltoon. Kotimaiset j\u00e4tehuoltolaitteet suunniteltu pohjoismaisiin olosuhteisiin Europressilt\u00e4.\",\"breadcrumb\":{\"@id\":\"https:\\\/\\\/europressgroup.com\\\/fi\\\/jatepuristimet\\\/#breadcrumb\"},\"inLanguage\":\"fi\",\"potentialAction\":[{\"@type\":\"ReadAction\",\"target\":[\"https:\\\/\\\/europressgroup.com\\\/fi\\\/jatepuristimet\\\/\"]}]},{\"@type\":\"ImageObject\",\"inLanguage\":\"fi\",\"@id\":\"https:\\\/\\\/europressgroup.com\\\/fi\\\/jatepuristimet\\\/#primaryimage\",\"url\":\"https:\\\/\\\/europressgroup.com\\\/wp-content\\\/uploads\\\/2019\\\/03\\\/Europress-Waste-compactors-1920x1280px.jpg\",\"contentUrl\":\"https:\\\/\\\/europressgroup.com\\\/wp-content\\\/uploads\\\/2019\\\/03\\\/Europress-Waste-compactors-1920x1280px.jpg\",\"width\":1920,\"height\":1280,\"caption\":\"EuroPress waste compactor\"},{\"@type\":\"BreadcrumbList\",\"@id\":\"https:\\\/\\\/europressgroup.com\\\/fi\\\/jatepuristimet\\\/#breadcrumb\",\"itemListElement\":[{\"@type\":\"ListItem\",\"position\":1,\"name\":\"Home\",\"item\":\"https:\\\/\\\/europressgroup.com\\\/fi\\\/\"},{\"@type\":\"ListItem\",\"position\":2,\"name\":\"J\u00c4TEPURISTIMET\"}]},{\"@type\":\"WebSite\",\"@id\":\"https:\\\/\\\/europressgroup.com\\\/fi\\\/#website\",\"url\":\"https:\\\/\\\/europressgroup.com\\\/fi\\\/\",\"name\":\"Europress Group\",\"description\":\"Northern European leader in Environmental Technology\",\"publisher\":{\"@id\":\"https:\\\/\\\/europressgroup.com\\\/fi\\\/#organization\"},\"potentialAction\":[{\"@type\":\"SearchAction\",\"target\":{\"@type\":\"EntryPoint\",\"urlTemplate\":\"https:\\\/\\\/europressgroup.com\\\/fi\\\/?s={search_term_string}\"},\"query-input\":{\"@type\":\"PropertyValueSpecification\",\"valueRequired\":true,\"valueName\":\"search_term_string\"}}],\"inLanguage\":\"fi\"},{\"@type\":\"Organization\",\"@id\":\"https:\\\/\\\/europressgroup.com\\\/fi\\\/#organization\",\"name\":\"Europress Group\",\"url\":\"https:\\\/\\\/europressgroup.com\\\/fi\\\/\",\"logo\":{\"@type\":\"ImageObject\",\"inLanguage\":\"fi\",\"@id\":\"https:\\\/\\\/europressgroup.com\\\/fi\\\/#\\\/schema\\\/logo\\\/image\\\/\",\"url\":\"https:\\\/\\\/europressgroup.com\\\/wp-content\\\/uploads\\\/2018\\\/12\\\/Europress-logo-1.png\",\"contentUrl\":\"https:\\\/\\\/europressgroup.com\\\/wp-content\\\/uploads\\\/2018\\\/12\\\/Europress-logo-1.png\",\"width\":478,\"height\":75,\"caption\":\"Europress Group\"},\"image\":{\"@id\":\"https:\\\/\\\/europressgroup.com\\\/fi\\\/#\\\/schema\\\/logo\\\/image\\\/\"},\"sameAs\":[\"https:\\\/\\\/www.facebook.com\\\/europresswastehandling\",\"https:\\\/\\\/x.com\\\/EPWastehandling\",\"https:\\\/\\\/www.instagram.com\\\/europressgroup\\\/\",\"https:\\\/\\\/www.linkedin.com\\\/company\\\/europress\"],\"publishingPrinciples\":\"https:\\\/\\\/europressgroup.com\\\/environment-safety-quality\\\/\",\"ownershipFundingInfo\":\"https:\\\/\\\/europressgroup.com\\\/history\\\/\",\"actionableFeedbackPolicy\":\"https:\\\/\\\/europressgroup.com\\\/customer-feedback\\\/\",\"correctionsPolicy\":\"https:\\\/\\\/europressgroup.com\\\/customer-feedback\\\/\",\"ethicsPolicy\":\"https:\\\/\\\/europressgroup.com\\\/responsibility\\\/\"}]}<\/script>\n<!-- \/ Yoast SEO Premium plugin. -->","yoast_head_json":{"title":"J\u00c4TEPURISTIMET - Europress Group","description":"Tehokkaat ja kest\u00e4v\u00e4t j\u00e4tepuristimet toimivaan j\u00e4tehuoltoon. Kotimaiset j\u00e4tehuoltolaitteet suunniteltu pohjoismaisiin olosuhteisiin Europressilt\u00e4.","robots":{"index":"index","follow":"follow","max-snippet":"max-snippet:-1","max-image-preview":"max-image-preview:large","max-video-preview":"max-video-preview:-1"},"canonical":"https:\/\/europressgroup.com\/fi\/jatepuristimet\/","og_locale":"fi_FI","og_type":"article","og_title":"J\u00c4TEPURISTIMET","og_description":"TEHOKKAAT J\u00c4TEPURISTIMET VAATIVAAN K\u00c4YTT\u00d6\u00d6NEuropressilt\u00e4 l\u00f6ytyy laaja valikoima j\u00e4tepuristimia erilaisiin k\u00e4ytt\u00f6tarkoituksiin. Moderni j\u00e4tepuristin voi","og_url":"https:\/\/europressgroup.com\/fi\/jatepuristimet\/","og_site_name":"Europress Group","article_publisher":"https:\/\/www.facebook.com\/europresswastehandling","article_modified_time":"2024-06-27T12:49:28+00:00","og_image":[{"width":1920,"height":1280,"url":"https:\/\/europressgroup.com\/wp-content\/uploads\/2019\/03\/Europress-Waste-compactors-1920x1280px.jpg","type":"image\/jpeg"}],"twitter_card":"summary_large_image","twitter_site":"@EPWastehandling","twitter_misc":{"Arvioitu lukuaika":"4 minuuttia"},"schema":{"@context":"https:\/\/schema.org","@graph":[{"@type":"WebPage","@id":"https:\/\/europressgroup.com\/fi\/jatepuristimet\/","url":"https:\/\/europressgroup.com\/fi\/jatepuristimet\/","name":"J\u00c4TEPURISTIMET - Europress Group","isPartOf":{"@id":"https:\/\/europressgroup.com\/fi\/#website"},"primaryImageOfPage":{"@id":"https:\/\/europressgroup.com\/fi\/jatepuristimet\/#primaryimage"},"image":{"@id":"https:\/\/europressgroup.com\/fi\/jatepuristimet\/#primaryimage"},"thumbnailUrl":"https:\/\/europressgroup.com\/wp-content\/uploads\/2019\/03\/Europress-Waste-compactors-1920x1280px.jpg","datePublished":"2019-02-26T10:49:49+00:00","dateModified":"2024-06-27T12:49:28+00:00","description":"Tehokkaat ja kest\u00e4v\u00e4t j\u00e4tepuristimet toimivaan j\u00e4tehuoltoon. Kotimaiset j\u00e4tehuoltolaitteet suunniteltu pohjoismaisiin olosuhteisiin Europressilt\u00e4.","breadcrumb":{"@id":"https:\/\/europressgroup.com\/fi\/jatepuristimet\/#breadcrumb"},"inLanguage":"fi","potentialAction":[{"@type":"ReadAction","target":["https:\/\/europressgroup.com\/fi\/jatepuristimet\/"]}]},{"@type":"ImageObject","inLanguage":"fi","@id":"https:\/\/europressgroup.com\/fi\/jatepuristimet\/#primaryimage","url":"https:\/\/europressgroup.com\/wp-content\/uploads\/2019\/03\/Europress-Waste-compactors-1920x1280px.jpg","contentUrl":"https:\/\/europressgroup.com\/wp-content\/uploads\/2019\/03\/Europress-Waste-compactors-1920x1280px.jpg","width":1920,"height":1280,"caption":"EuroPress waste compactor"},{"@type":"BreadcrumbList","@id":"https:\/\/europressgroup.com\/fi\/jatepuristimet\/#breadcrumb","itemListElement":[{"@type":"ListItem","position":1,"name":"Home","item":"https:\/\/europressgroup.com\/fi\/"},{"@type":"ListItem","position":2,"name":"J\u00c4TEPURISTIMET"}]},{"@type":"WebSite","@id":"https:\/\/europressgroup.com\/fi\/#website","url":"https:\/\/europressgroup.com\/fi\/","name":"Europress Group","description":"Northern European leader in Environmental Technology","publisher":{"@id":"https:\/\/europressgroup.com\/fi\/#organization"},"potentialAction":[{"@type":"SearchAction","target":{"@type":"EntryPoint","urlTemplate":"https:\/\/europressgroup.com\/fi\/?s={search_term_string}"},"query-input":{"@type":"PropertyValueSpecification","valueRequired":true,"valueName":"search_term_string"}}],"inLanguage":"fi"},{"@type":"Organization","@id":"https:\/\/europressgroup.com\/fi\/#organization","name":"Europress Group","url":"https:\/\/europressgroup.com\/fi\/","logo":{"@type":"ImageObject","inLanguage":"fi","@id":"https:\/\/europressgroup.com\/fi\/#\/schema\/logo\/image\/","url":"https:\/\/europressgroup.com\/wp-content\/uploads\/2018\/12\/Europress-logo-1.png","contentUrl":"https:\/\/europressgroup.com\/wp-content\/uploads\/2018\/12\/Europress-logo-1.png","width":478,"height":75,"caption":"Europress Group"},"image":{"@id":"https:\/\/europressgroup.com\/fi\/#\/schema\/logo\/image\/"},"sameAs":["https:\/\/www.facebook.com\/europresswastehandling","https:\/\/x.com\/EPWastehandling","https:\/\/www.instagram.com\/europressgroup\/","https:\/\/www.linkedin.com\/company\/europress"],"publishingPrinciples":"https:\/\/europressgroup.com\/environment-safety-quality\/","ownershipFundingInfo":"https:\/\/europressgroup.com\/history\/","actionableFeedbackPolicy":"https:\/\/europressgroup.com\/customer-feedback\/","correctionsPolicy":"https:\/\/europressgroup.com\/customer-feedback\/","ethicsPolicy":"https:\/\/europressgroup.com\/responsibility\/"}]}},"_links":{"self":[{"href":"https:\/\/europressgroup.com\/fi\/wp-json\/wp\/v2\/pages\/74855","targetHints":{"allow":["GET"]}}],"collection":[{"href":"https:\/\/europressgroup.com\/fi\/wp-json\/wp\/v2\/pages"}],"about":[{"href":"https:\/\/europressgroup.com\/fi\/wp-json\/wp\/v2\/types\/page"}],"author":[{"embeddable":true,"href":"https:\/\/europressgroup.com\/fi\/wp-json\/wp\/v2\/users\/25"}],"replies":[{"embeddable":true,"href":"https:\/\/europressgroup.com\/fi\/wp-json\/wp\/v2\/comments?post=74855"}],"version-history":[{"count":22,"href":"https:\/\/europressgroup.com\/fi\/wp-json\/wp\/v2\/pages\/74855\/revisions"}],"predecessor-version":[{"id":140552,"href":"https:\/\/europressgroup.com\/fi\/wp-json\/wp\/v2\/pages\/74855\/revisions\/140552"}],"wp:featuredmedia":[{"embeddable":true,"href":"https:\/\/europressgroup.com\/fi\/wp-json\/wp\/v2\/media\/74856"}],"wp:attachment":[{"href":"https:\/\/europressgroup.com\/fi\/wp-json\/wp\/v2\/media?parent=74855"}],"curies":[{"name":"wp","href":"https:\/\/api.w.org\/{rel}","templated":true}]}}