{"id":74055,"date":"2019-02-26T12:56:18","date_gmt":"2019-02-26T10:56:18","guid":{"rendered":"https:\/\/europressgroup.com\/combimega\/"},"modified":"2024-07-12T12:17:21","modified_gmt":"2024-07-12T09:17:21","slug":"combimega","status":"publish","type":"page","link":"https:\/\/europressgroup.com\/fi\/combimega\/","title":{"rendered":"CombiMega j\u00e4tepuristin"},"content":{"rendered":"<div class=\"wpb-content-wrapper\"><p>[vc_row row_height_percent=&#8221;0&#8243; override_padding=&#8221;yes&#8221; h_padding=&#8221;2&#8243; top_padding=&#8221;4&#8243; bottom_padding=&#8221;3&#8243; back_color=&#8221;color-gyho&#8221; overlay_alpha=&#8221;50&#8243; equal_height=&#8221;yes&#8221; gutter_size=&#8221;3&#8243; column_width_percent=&#8221;100&#8243; shift_y=&#8221;0&#8243; z_index=&#8221;0&#8243; row_name=&#8221;Highlights&#8221; uncode_shortcode_id=&#8221;173282&#8243; back_color_type=&#8221;uncode-palette&#8221;][vc_column column_width_percent=&#8221;100&#8243; position_horizontal=&#8221;left&#8221; position_vertical=&#8221;middle&#8221; gutter_size=&#8221;3&#8243; override_padding=&#8221;yes&#8221; column_padding=&#8221;2&#8243; overlay_alpha=&#8221;50&#8243; shift_x=&#8221;0&#8243; shift_y=&#8221;0&#8243; shift_y_down=&#8221;0&#8243; z_index=&#8221;0&#8243; medium_width=&#8221;4&#8243; mobile_width=&#8221;0&#8243; zoom_width=&#8221;0&#8243; zoom_height=&#8221;0&#8243; width=&#8221;1\/2&#8243;][vc_single_image media=&#8221;141460&#8243; media_width_percent=&#8221;100&#8243; image=&#8221;2286&#8243; border_color=&#8221;grey&#8221; img_link_target=&#8221;_self&#8221; img_size=&#8221;full&#8221; uncode_shortcode_id=&#8221;127032&#8243;][\/vc_column][vc_column column_width_percent=&#8221;100&#8243; position_vertical=&#8221;middle&#8221; align_horizontal=&#8221;align_center&#8221; gutter_size=&#8221;3&#8243; expand_height=&#8221;yes&#8221; overlay_alpha=&#8221;50&#8243; shift_x=&#8221;0&#8243; shift_y=&#8221;0&#8243; shift_y_down=&#8221;0&#8243; z_index=&#8221;0&#8243; medium_width=&#8221;4&#8243; mobile_width=&#8221;0&#8243; zoom_width=&#8221;0&#8243; zoom_height=&#8221;0&#8243; width=&#8221;1\/6&#8243;][vc_icon icon=&#8221;fa fa-recycle&#8221; size=&#8221;fa-3x&#8221; text_height=&#8221;fontheight-179065&#8243; title=&#8221;K\u00c4YTT\u00d6&#8221; uncode_shortcode_id=&#8221;627822&#8243;]Pahvi &amp; kartonki<\/p>\n<p>Muovi<\/p>\n<p>Sekaj\u00e4te<\/p>\n<p>Energiajae[\/vc_icon][\/vc_column][vc_column column_width_percent=&#8221;100&#8243; align_horizontal=&#8221;align_center&#8221; gutter_size=&#8221;3&#8243; expand_height=&#8221;yes&#8221; overlay_alpha=&#8221;50&#8243; shift_x=&#8221;0&#8243; shift_y=&#8221;0&#8243; shift_y_down=&#8221;0&#8243; z_index=&#8221;0&#8243; medium_width=&#8221;0&#8243; mobile_visibility=&#8221;yes&#8221; mobile_width=&#8221;0&#8243; width=&#8221;1\/6&#8243;][vc_icon icon=&#8221;fa fa-cogs&#8221; size=&#8221;fa-3x&#8221; text_height=&#8221;fontheight-179065&#8243; title=&#8221;OMINAISUUDET&#8221;]Markkinoiden suurin sy\u00f6tt\u00f6aukko<\/p>\n<p>Useita vakios\u00e4ili\u00f6kokoja<\/p>\n<p>Helppok\u00e4ytt\u00f6inen<\/p>\n<p>\u00c4lyk\u00e4s SMART-teknologia[\/vc_icon][\/vc_column][vc_column column_width_percent=&#8221;100&#8243; align_horizontal=&#8221;align_center&#8221; gutter_size=&#8221;3&#8243; expand_height=&#8221;yes&#8221; overlay_alpha=&#8221;50&#8243; shift_x=&#8221;0&#8243; shift_y=&#8221;0&#8243; shift_y_down=&#8221;0&#8243; z_index=&#8221;0&#8243; medium_width=&#8221;0&#8243; mobile_width=&#8221;0&#8243; width=&#8221;1\/6&#8243;][vc_icon icon=&#8221;fa fa-th&#8221; size=&#8221;fa-3x&#8221; text_height=&#8221;fontheight-179065&#8243; title=&#8221;KAPASITEETTI&#8221; uncode_shortcode_id=&#8221;829853&#8243;]10 m\u00b3<\/p>\n<p>14 m\u00b3<\/p>\n<p>17 m\u00b3<\/p>\n<p>20 m\u00b3<\/p>\n<p>22 m\u00b3<\/p>\n<p>[\/vc_icon][\/vc_column][\/vc_row][vc_row row_height_percent=&#8221;0&#8243; override_padding=&#8221;yes&#8221; h_padding=&#8221;2&#8243; top_padding=&#8221;3&#8243; bottom_padding=&#8221;0&#8243; overlay_alpha=&#8221;100&#8243; equal_height=&#8221;yes&#8221; gutter_size=&#8221;0&#8243; column_width_percent=&#8221;100&#8243; shift_y=&#8221;0&#8243; z_index=&#8221;0&#8243; style=&#8221;dark&#8221; row_name=&#8221;Design &amp; Quality&#8221; uncode_shortcode_id=&#8221;884300&#8243;][vc_column column_width_percent=&#8221;100&#8243; position_horizontal=&#8221;left&#8221; position_vertical=&#8221;middle&#8221; gutter_size=&#8221;3&#8243; override_padding=&#8221;yes&#8221; column_padding=&#8221;0&#8243; style=&#8221;light&#8221; overlay_alpha=&#8221;50&#8243; shift_x=&#8221;0&#8243; shift_y=&#8221;0&#8243; shift_y_down=&#8221;0&#8243; z_index=&#8221;0&#8243; medium_width=&#8221;0&#8243; mobile_width=&#8221;0&#8243; width=&#8221;1\/1&#8243; uncode_shortcode_id=&#8221;202638&#8243;][vc_custom_heading text_weight=&#8221;700&#8243; text_transform=&#8221;uppercase&#8221; separator_color=&#8221;yes&#8221; separator=&#8221;yes&#8221; sub_lead=&#8221;yes&#8221; sub_reduced=&#8221;yes&#8221;]TEHOKKAAT J\u00c4TEPURISTIMET VAATIVAAN K\u00c4YTT\u00d6\u00d6N[\/vc_custom_heading][vc_column_text uncode_shortcode_id=&#8221;202941&#8243;]Europress CombiMega on j\u00e4re\u00e4 kiinte\u00e4s\u00e4ili\u00f6inen j\u00e4tepuristin. Puristimessa on luokassaan suurin sy\u00f6tt\u00f6aukko, mink\u00e4 ansiosta jopa suurimpienkin pahvilaatikoiden sy\u00f6tt\u00e4minen k\u00e4y vaivattomasti, ilman taittelua tai repimist\u00e4. Helppok\u00e4ytt\u00f6isyytens\u00e4 ja 40 tonnin puristusvoimansa ansiosta j\u00e4tepuristin soveltuu suuremmille j\u00e4tem\u00e4\u00e4rille.<\/p>\n<p>Europress CombiMega on saatavilla useissa eri vakios\u00e4ili\u00f6koissa: 10 m\u00b3, 14 m\u00b3, 17m\u00b3, 20 m\u00b3 ja 22 m\u00b3.[\/vc_column_text][\/vc_column][\/vc_row][vc_row row_height_percent=&#8221;10&#8243; override_padding=&#8221;yes&#8221; h_padding=&#8221;2&#8243; top_padding=&#8221;2&#8243; bottom_padding=&#8221;3&#8243; back_color=&#8221;color-xsdn&#8221; overlay_alpha=&#8221;100&#8243; equal_height=&#8221;yes&#8221; gutter_size=&#8221;0&#8243; column_width_percent=&#8221;100&#8243; shift_y=&#8221;0&#8243; z_index=&#8221;0&#8243; style=&#8221;dark&#8221; row_name=&#8221;Design &amp; Quality&#8221;][vc_column column_width_percent=&#8221;100&#8243; position_horizontal=&#8221;left&#8221; position_vertical=&#8221;middle&#8221; gutter_size=&#8221;3&#8243; override_padding=&#8221;yes&#8221; column_padding=&#8221;0&#8243; back_color=&#8221;color-xsdn&#8221; overlay_alpha=&#8221;50&#8243; shift_x=&#8221;0&#8243; shift_y=&#8221;0&#8243; shift_y_down=&#8221;0&#8243; z_index=&#8221;0&#8243; medium_width=&#8221;0&#8243; mobile_width=&#8221;0&#8243; width=&#8221;2\/3&#8243; uncode_shortcode_id=&#8221;480133&#8243; back_color_type=&#8221;uncode-palette&#8221;][vc_column_text uncode_shortcode_id=&#8221;140673&#8243;]J\u00e4tepuristimien \u00e4lyk\u00e4s SMART-teknologia mahdollistaa kustannustehokkaan ja turvallisen toiminnan. Laitteet voidaan optimoida erilaisia j\u00e4tehuoltotarpeita vastaaviksi ja niiden teknologia suojaa sek\u00e4 laitetta ett\u00e4 k\u00e4ytt\u00e4j\u00e4\u00e4 virhek\u00e4yt\u00f6lt\u00e4, est\u00e4\u00e4 komponenttien rikkoutumisen ja varmistaa n\u00e4in turvallisen toiminnan.<\/p>\n<p>CombiMega j\u00e4tepuristimet ovat yhdistett\u00e4viss\u00e4 <a href=\"https:\/\/europressgroup.com\/fi\/smart\/\"><strong>Europress SMART<\/strong><\/a> \u2013verkostoon.[\/vc_column_text][\/vc_column][vc_column width=&#8221;1\/3&#8243;][vc_single_image media=&#8221;73921&#8243; media_width_percent=&#8221;60&#8243; alignment=&#8221;center&#8221; media_link=&#8221;|||&#8221; uncode_shortcode_id=&#8221;191583&#8243;][\/vc_column][\/vc_row][vc_row unlock_row_content=&#8221;yes&#8221; row_height_percent=&#8221;0&#8243; override_padding=&#8221;yes&#8221; h_padding=&#8221;2&#8243; top_padding=&#8221;4&#8243; bottom_padding=&#8221;4&#8243; back_color=&#8221;color-rgdb&#8221; overlay_alpha=&#8221;50&#8243; gutter_size=&#8221;3&#8243; column_width_percent=&#8221;100&#8243; shift_y=&#8221;0&#8243; z_index=&#8221;0&#8243; row_name=&#8221;Gallery&#8221;][vc_column column_width_use_pixel=&#8221;yes&#8221; align_horizontal=&#8221;align_center&#8221; gutter_size=&#8221;3&#8243; style=&#8221;dark&#8221; overlay_alpha=&#8221;50&#8243; shift_x=&#8221;0&#8243; shift_y=&#8221;0&#8243; medium_width=&#8221;0&#8243; zoom_width=&#8221;0&#8243; zoom_height=&#8221;0&#8243; column_width_pixel=&#8221;1400&#8243;][vc_custom_heading text_transform=&#8221;uppercase&#8221; separator=&#8221;yes&#8221; sub_lead=&#8221;yes&#8221;]Media[\/vc_custom_heading][vc_gallery el_id=&#8221;gallery-47626&#8243; type=&#8221;carousel&#8221; medias=&#8221;73432,73433,73430&#8243; carousel_lg=&#8221;3&#8243; carousel_md=&#8221;2&#8243; carousel_sm=&#8221;1&#8243; thumb_size=&#8221;one-one&#8221; gutter_size=&#8221;2&#8243; media_items=&#8221;media,icon&#8221; carousel_interval=&#8221;3000&#8243; carousel_navspeed=&#8221;400&#8243; carousel_nav=&#8221;yes&#8221; carousel_dots=&#8221;yes&#8221; stage_padding=&#8221;0&#8243; single_overlay_opacity=&#8221;50&#8243; single_image_anim=&#8221;no&#8221; single_h_align=&#8221;center&#8221; single_padding=&#8221;2&#8243; single_icon=&#8221;fa fa-search3&#8243; single_shadow=&#8221;yes&#8221; single_border=&#8221;yes&#8221; carousel_rtl=&#8221;&#8221; single_title_uppercase=&#8221;&#8221;][\/vc_column][\/vc_row][vc_row row_height_percent=&#8221;50&#8243; override_padding=&#8221;yes&#8221; h_padding=&#8221;2&#8243; top_padding=&#8221;0&#8243; bottom_padding=&#8221;0&#8243; back_color=&#8221;color-lxmt&#8221; overlay_alpha=&#8221;100&#8243; equal_height=&#8221;yes&#8221; gutter_size=&#8221;0&#8243; column_width_percent=&#8221;100&#8243; shift_y=&#8221;0&#8243; z_index=&#8221;0&#8243; style=&#8221;dark&#8221; row_name=&#8221;Design &amp; Quality&#8221;][vc_column column_width_percent=&#8221;100&#8243; align_horizontal=&#8221;align_center&#8221; gutter_size=&#8221;3&#8243; override_padding=&#8221;yes&#8221; column_padding=&#8221;4&#8243; style=&#8221;light&#8221; back_color=&#8221;color-lxmt&#8221; overlay_alpha=&#8221;50&#8243; shift_x=&#8221;0&#8243; shift_y=&#8221;0&#8243; shift_y_down=&#8221;0&#8243; z_index=&#8221;0&#8243; medium_width=&#8221;0&#8243; mobile_width=&#8221;0&#8243; width=&#8221;1\/1&#8243;][vc_custom_heading text_weight=&#8221;700&#8243; text_transform=&#8221;uppercase&#8221; separator_color=&#8221;yes&#8221; separator=&#8221;yes&#8221; sub_lead=&#8221;yes&#8221; sub_reduced=&#8221;yes&#8221;]LIS\u00c4TIEDOT[\/vc_custom_heading][vc_tabs][vc_tab title=&#8221;TEKNISET TIEDOT&#8221; tab_id=&#8221;1551168098-1-37&#8243;][vc_column_text]<strong>Sy\u00f6tt\u00f6aukon mitat L x K<\/strong><br \/>\n1 850 x 1 590 mm<\/p>\n<p><strong>Sy\u00f6tt\u00f6korkeus (maasta)<\/strong><br \/>\n1 480 \/ 1 300 mm<\/p>\n<p><strong>Puristusvoima<\/strong><br \/>\n35 \u2013 40 t<\/p>\n<p><strong>Iskuaika<\/strong><br \/>\n73 s<\/p>\n<p><strong>Kapasiteetti<\/strong><br \/>\n99 m\u00b3 \/h<\/p>\n<p><strong>Moottori<\/strong><br \/>\n5,5 \/ 7,5 kW*<\/p>\n<p><strong>Virransy\u00f6tt\u00f6<\/strong><br \/>\n400 V, 50 Hz, 3\u00d7C16 A<br \/>\n400 V, 50 Hz, 3\u00d7C32 A*[\/vc_column_text][\/vc_tab][vc_tab title=&#8221;VAKIOVARUSTEET&#8221; tab_id=&#8221;1551168098-2-88&#8243;][vc_column_text]Sininen v\u00e4ri RAL 5017<\/p>\n<p>Vakiomallinen sy\u00f6tt\u00f6suppilo<\/p>\n<p>Nostokoukut edess\u00e4 &amp; takana<\/p>\n<p>\u00c4lyk\u00e4s SMART-teknologia<\/p>\n<p>Europress SMART \u2013yhdistett\u00e4vyys[\/vc_column_text][\/vc_tab][vc_tab title=&#8221;LIS\u00c4VARUSTEET&#8221; tab_id=&#8221;1551168147535-2-2&#8243;][vc_column_text]Erikoisv\u00e4ri RAL<\/p>\n<p>Ohjauskiskot<\/p>\n<p>Lis\u00e4painikkeet esim. ylim\u00e4\u00e4r\u00e4iset h\u00e4t\u00e4-seis-kytkimet<\/p>\n<p>Siirtopy\u00f6r\u00e4t edess\u00e4 \/ takana<\/p>\n<p>Erikoisvalmisteinen sy\u00f6tt\u00f6suppilo<\/p>\n<p>Nesteenpoistoj\u00e4rjestelm\u00e4<\/p>\n<p>Tyhjennysoven 2-vaiheinen aukaisumekanismi<\/p>\n<p>nysoven Long Handle -aukaisumekanismi<\/p>\n<p>Tyhjennysoven yl\u00e4saranointi<\/p>\n<p>Otsonointi- \/ j\u00e4\u00e4hdytyslaite (hajunpoisto)<\/p>\n<p>Astiankaatolaite (integroitu \/ erillinen)<\/p>\n<p>Kannen aukaisumekanismi (hydraulinen \/ s\u00e4hk\u00f6inen)<\/p>\n<p>Koodik\u00e4ynnistys<\/p>\n<p>Automaattik\u00e4ynnistys<\/p>\n<p>7,5 kW koneikko<\/p>\n<p>S\u00e4ili\u00f6n ja puristinosan vesitiivistys<\/p>\n<p>Madallettu sy\u00f6tt\u00f6aukko[\/vc_column_text][\/vc_tab][\/vc_tabs][\/vc_column][\/vc_row][vc_row][vc_column width=&#8221;1\/1&#8243;][uncode_block id=&#8221;73192&#8243;][\/vc_column][\/vc_row]<\/p>\n<\/div>","protected":false},"excerpt":{"rendered":"<p>[vc_row row_height_percent=&#8221;0&#8243; override_padding=&#8221;yes&#8221; h_padding=&#8221;2&#8243; top_padding=&#8221;4&#8243; bottom_padding=&#8221;3&#8243; back_color=&#8221;color-gyho&#8221; overlay_alpha=&#8221;50&#8243; equal_height=&#8221;yes&#8221; gutter_size=&#8221;3&#8243; column_width_percent=&#8221;100&#8243; shift_y=&#8221;0&#8243; z_index=&#8221;0&#8243; row_name=&#8221;Highlights&#8221; uncode_shortcode_id=&#8221;173282&#8243; back_color_type=&#8221;uncode-palette&#8221;][vc_column column_width_percent=&#8221;100&#8243; position_horizontal=&#8221;left&#8221; position_vertical=&#8221;middle&#8221; gutter_size=&#8221;3&#8243; [&hellip;]<\/p>\n","protected":false},"author":25,"featured_media":74057,"parent":0,"menu_order":0,"comment_status":"closed","ping_status":"closed","template":"","meta":{"footnotes":""},"class_list":["post-74055","page","type-page","status-publish","has-post-thumbnail","hentry","page_category-energiajate","page_category-kartonki","page_category-muovit","page_category-sekajate"],"yoast_head":"<!-- This site is optimized with the Yoast SEO Premium plugin v27.3 (Yoast SEO v27.3) - https:\/\/yoast.com\/product\/yoast-seo-premium-wordpress\/ -->\n<title>CombiMega j\u00e4tepuristin - Europress Group<\/title>\n<meta name=\"description\" content=\"Tehokkaat j\u00e4tepuristimet vaativaan k\u00e4ytt\u00f6\u00f6n. Kiinte\u00e4s\u00e4ili\u00f6inen CombiMega, jopa 10\u201320 kuution tilavuus. Sopii erityisen hyvin pahville ja kartongille.\" \/>\n<meta name=\"robots\" content=\"index, follow, max-snippet:-1, max-image-preview:large, max-video-preview:-1\" \/>\n<link rel=\"canonical\" href=\"https:\/\/europressgroup.com\/fi\/combimega\/\" \/>\n<meta property=\"og:locale\" content=\"fi_FI\" \/>\n<meta property=\"og:type\" content=\"article\" \/>\n<meta property=\"og:title\" content=\"CombiMega j\u00e4tepuristin\" \/>\n<meta property=\"og:description\" content=\"Pahvi &amp; kartonki Muovi Sekaj\u00e4te EnergiajaeMarkkinoiden suurin sy\u00f6tt\u00f6aukko Useita vakios\u00e4ili\u00f6kokoja Helppok\u00e4ytt\u00f6inen \u00c4lyk\u00e4s SMART-teknologia10 m\u00b3 14 m\u00b3\" \/>\n<meta property=\"og:url\" content=\"https:\/\/europressgroup.com\/fi\/combimega\/\" \/>\n<meta property=\"og:site_name\" content=\"Europress Group\" \/>\n<meta property=\"article:publisher\" content=\"https:\/\/www.facebook.com\/europresswastehandling\" \/>\n<meta property=\"article:modified_time\" content=\"2024-07-12T09:17:21+00:00\" \/>\n<meta property=\"og:image\" content=\"https:\/\/europressgroup.com\/wp-content\/uploads\/2019\/03\/CombiMega.jpg\" \/>\n\t<meta property=\"og:image:width\" content=\"1555\" \/>\n\t<meta property=\"og:image:height\" content=\"1037\" \/>\n\t<meta property=\"og:image:type\" content=\"image\/jpeg\" \/>\n<meta name=\"twitter:card\" content=\"summary_large_image\" \/>\n<meta name=\"twitter:site\" content=\"@EPWastehandling\" \/>\n<meta name=\"twitter:label1\" content=\"Arvioitu lukuaika\" \/>\n\t<meta name=\"twitter:data1\" content=\"4 minuuttia\" \/>\n<script type=\"application\/ld+json\" class=\"yoast-schema-graph\">{\"@context\":\"https:\\\/\\\/schema.org\",\"@graph\":[{\"@type\":\"WebPage\",\"@id\":\"https:\\\/\\\/europressgroup.com\\\/fi\\\/combimega\\\/\",\"url\":\"https:\\\/\\\/europressgroup.com\\\/fi\\\/combimega\\\/\",\"name\":\"CombiMega j\u00e4tepuristin - Europress Group\",\"isPartOf\":{\"@id\":\"https:\\\/\\\/europressgroup.com\\\/fi\\\/#website\"},\"primaryImageOfPage\":{\"@id\":\"https:\\\/\\\/europressgroup.com\\\/fi\\\/combimega\\\/#primaryimage\"},\"image\":{\"@id\":\"https:\\\/\\\/europressgroup.com\\\/fi\\\/combimega\\\/#primaryimage\"},\"thumbnailUrl\":\"https:\\\/\\\/europressgroup.com\\\/wp-content\\\/uploads\\\/2019\\\/03\\\/CombiMega.jpg\",\"datePublished\":\"2019-02-26T10:56:18+00:00\",\"dateModified\":\"2024-07-12T09:17:21+00:00\",\"description\":\"Tehokkaat j\u00e4tepuristimet vaativaan k\u00e4ytt\u00f6\u00f6n. Kiinte\u00e4s\u00e4ili\u00f6inen CombiMega, jopa 10\u201320 kuution tilavuus. Sopii erityisen hyvin pahville ja kartongille.\",\"breadcrumb\":{\"@id\":\"https:\\\/\\\/europressgroup.com\\\/fi\\\/combimega\\\/#breadcrumb\"},\"inLanguage\":\"fi\",\"potentialAction\":[{\"@type\":\"ReadAction\",\"target\":[\"https:\\\/\\\/europressgroup.com\\\/fi\\\/combimega\\\/\"]}]},{\"@type\":\"ImageObject\",\"inLanguage\":\"fi\",\"@id\":\"https:\\\/\\\/europressgroup.com\\\/fi\\\/combimega\\\/#primaryimage\",\"url\":\"https:\\\/\\\/europressgroup.com\\\/wp-content\\\/uploads\\\/2019\\\/03\\\/CombiMega.jpg\",\"contentUrl\":\"https:\\\/\\\/europressgroup.com\\\/wp-content\\\/uploads\\\/2019\\\/03\\\/CombiMega.jpg\",\"width\":1555,\"height\":1037,\"caption\":\"CombiMega waste compactor\"},{\"@type\":\"BreadcrumbList\",\"@id\":\"https:\\\/\\\/europressgroup.com\\\/fi\\\/combimega\\\/#breadcrumb\",\"itemListElement\":[{\"@type\":\"ListItem\",\"position\":1,\"name\":\"Home\",\"item\":\"https:\\\/\\\/europressgroup.com\\\/fi\\\/\"},{\"@type\":\"ListItem\",\"position\":2,\"name\":\"CombiMega j\u00e4tepuristin\"}]},{\"@type\":\"WebSite\",\"@id\":\"https:\\\/\\\/europressgroup.com\\\/fi\\\/#website\",\"url\":\"https:\\\/\\\/europressgroup.com\\\/fi\\\/\",\"name\":\"Europress Group\",\"description\":\"Northern European leader in Environmental Technology\",\"publisher\":{\"@id\":\"https:\\\/\\\/europressgroup.com\\\/fi\\\/#organization\"},\"potentialAction\":[{\"@type\":\"SearchAction\",\"target\":{\"@type\":\"EntryPoint\",\"urlTemplate\":\"https:\\\/\\\/europressgroup.com\\\/fi\\\/?s={search_term_string}\"},\"query-input\":{\"@type\":\"PropertyValueSpecification\",\"valueRequired\":true,\"valueName\":\"search_term_string\"}}],\"inLanguage\":\"fi\"},{\"@type\":\"Organization\",\"@id\":\"https:\\\/\\\/europressgroup.com\\\/fi\\\/#organization\",\"name\":\"Europress Group\",\"url\":\"https:\\\/\\\/europressgroup.com\\\/fi\\\/\",\"logo\":{\"@type\":\"ImageObject\",\"inLanguage\":\"fi\",\"@id\":\"https:\\\/\\\/europressgroup.com\\\/fi\\\/#\\\/schema\\\/logo\\\/image\\\/\",\"url\":\"https:\\\/\\\/europressgroup.com\\\/wp-content\\\/uploads\\\/2018\\\/12\\\/Europress-logo-1.png\",\"contentUrl\":\"https:\\\/\\\/europressgroup.com\\\/wp-content\\\/uploads\\\/2018\\\/12\\\/Europress-logo-1.png\",\"width\":478,\"height\":75,\"caption\":\"Europress Group\"},\"image\":{\"@id\":\"https:\\\/\\\/europressgroup.com\\\/fi\\\/#\\\/schema\\\/logo\\\/image\\\/\"},\"sameAs\":[\"https:\\\/\\\/www.facebook.com\\\/europresswastehandling\",\"https:\\\/\\\/x.com\\\/EPWastehandling\",\"https:\\\/\\\/www.instagram.com\\\/europressgroup\\\/\",\"https:\\\/\\\/www.linkedin.com\\\/company\\\/europress\"],\"publishingPrinciples\":\"https:\\\/\\\/europressgroup.com\\\/environment-safety-quality\\\/\",\"ownershipFundingInfo\":\"https:\\\/\\\/europressgroup.com\\\/history\\\/\",\"actionableFeedbackPolicy\":\"https:\\\/\\\/europressgroup.com\\\/customer-feedback\\\/\",\"correctionsPolicy\":\"https:\\\/\\\/europressgroup.com\\\/customer-feedback\\\/\",\"ethicsPolicy\":\"https:\\\/\\\/europressgroup.com\\\/responsibility\\\/\"}]}<\/script>\n<!-- \/ Yoast SEO Premium plugin. -->","yoast_head_json":{"title":"CombiMega j\u00e4tepuristin - Europress Group","description":"Tehokkaat j\u00e4tepuristimet vaativaan k\u00e4ytt\u00f6\u00f6n. Kiinte\u00e4s\u00e4ili\u00f6inen CombiMega, jopa 10\u201320 kuution tilavuus. Sopii erityisen hyvin pahville ja kartongille.","robots":{"index":"index","follow":"follow","max-snippet":"max-snippet:-1","max-image-preview":"max-image-preview:large","max-video-preview":"max-video-preview:-1"},"canonical":"https:\/\/europressgroup.com\/fi\/combimega\/","og_locale":"fi_FI","og_type":"article","og_title":"CombiMega j\u00e4tepuristin","og_description":"Pahvi &amp; kartonki Muovi Sekaj\u00e4te EnergiajaeMarkkinoiden suurin sy\u00f6tt\u00f6aukko Useita vakios\u00e4ili\u00f6kokoja Helppok\u00e4ytt\u00f6inen \u00c4lyk\u00e4s SMART-teknologia10 m\u00b3 14 m\u00b3","og_url":"https:\/\/europressgroup.com\/fi\/combimega\/","og_site_name":"Europress Group","article_publisher":"https:\/\/www.facebook.com\/europresswastehandling","article_modified_time":"2024-07-12T09:17:21+00:00","og_image":[{"width":1555,"height":1037,"url":"https:\/\/europressgroup.com\/wp-content\/uploads\/2019\/03\/CombiMega.jpg","type":"image\/jpeg"}],"twitter_card":"summary_large_image","twitter_site":"@EPWastehandling","twitter_misc":{"Arvioitu lukuaika":"4 minuuttia"},"schema":{"@context":"https:\/\/schema.org","@graph":[{"@type":"WebPage","@id":"https:\/\/europressgroup.com\/fi\/combimega\/","url":"https:\/\/europressgroup.com\/fi\/combimega\/","name":"CombiMega j\u00e4tepuristin - Europress Group","isPartOf":{"@id":"https:\/\/europressgroup.com\/fi\/#website"},"primaryImageOfPage":{"@id":"https:\/\/europressgroup.com\/fi\/combimega\/#primaryimage"},"image":{"@id":"https:\/\/europressgroup.com\/fi\/combimega\/#primaryimage"},"thumbnailUrl":"https:\/\/europressgroup.com\/wp-content\/uploads\/2019\/03\/CombiMega.jpg","datePublished":"2019-02-26T10:56:18+00:00","dateModified":"2024-07-12T09:17:21+00:00","description":"Tehokkaat j\u00e4tepuristimet vaativaan k\u00e4ytt\u00f6\u00f6n. Kiinte\u00e4s\u00e4ili\u00f6inen CombiMega, jopa 10\u201320 kuution tilavuus. Sopii erityisen hyvin pahville ja kartongille.","breadcrumb":{"@id":"https:\/\/europressgroup.com\/fi\/combimega\/#breadcrumb"},"inLanguage":"fi","potentialAction":[{"@type":"ReadAction","target":["https:\/\/europressgroup.com\/fi\/combimega\/"]}]},{"@type":"ImageObject","inLanguage":"fi","@id":"https:\/\/europressgroup.com\/fi\/combimega\/#primaryimage","url":"https:\/\/europressgroup.com\/wp-content\/uploads\/2019\/03\/CombiMega.jpg","contentUrl":"https:\/\/europressgroup.com\/wp-content\/uploads\/2019\/03\/CombiMega.jpg","width":1555,"height":1037,"caption":"CombiMega waste compactor"},{"@type":"BreadcrumbList","@id":"https:\/\/europressgroup.com\/fi\/combimega\/#breadcrumb","itemListElement":[{"@type":"ListItem","position":1,"name":"Home","item":"https:\/\/europressgroup.com\/fi\/"},{"@type":"ListItem","position":2,"name":"CombiMega j\u00e4tepuristin"}]},{"@type":"WebSite","@id":"https:\/\/europressgroup.com\/fi\/#website","url":"https:\/\/europressgroup.com\/fi\/","name":"Europress Group","description":"Northern European leader in Environmental Technology","publisher":{"@id":"https:\/\/europressgroup.com\/fi\/#organization"},"potentialAction":[{"@type":"SearchAction","target":{"@type":"EntryPoint","urlTemplate":"https:\/\/europressgroup.com\/fi\/?s={search_term_string}"},"query-input":{"@type":"PropertyValueSpecification","valueRequired":true,"valueName":"search_term_string"}}],"inLanguage":"fi"},{"@type":"Organization","@id":"https:\/\/europressgroup.com\/fi\/#organization","name":"Europress Group","url":"https:\/\/europressgroup.com\/fi\/","logo":{"@type":"ImageObject","inLanguage":"fi","@id":"https:\/\/europressgroup.com\/fi\/#\/schema\/logo\/image\/","url":"https:\/\/europressgroup.com\/wp-content\/uploads\/2018\/12\/Europress-logo-1.png","contentUrl":"https:\/\/europressgroup.com\/wp-content\/uploads\/2018\/12\/Europress-logo-1.png","width":478,"height":75,"caption":"Europress Group"},"image":{"@id":"https:\/\/europressgroup.com\/fi\/#\/schema\/logo\/image\/"},"sameAs":["https:\/\/www.facebook.com\/europresswastehandling","https:\/\/x.com\/EPWastehandling","https:\/\/www.instagram.com\/europressgroup\/","https:\/\/www.linkedin.com\/company\/europress"],"publishingPrinciples":"https:\/\/europressgroup.com\/environment-safety-quality\/","ownershipFundingInfo":"https:\/\/europressgroup.com\/history\/","actionableFeedbackPolicy":"https:\/\/europressgroup.com\/customer-feedback\/","correctionsPolicy":"https:\/\/europressgroup.com\/customer-feedback\/","ethicsPolicy":"https:\/\/europressgroup.com\/responsibility\/"}]}},"_links":{"self":[{"href":"https:\/\/europressgroup.com\/fi\/wp-json\/wp\/v2\/pages\/74055","targetHints":{"allow":["GET"]}}],"collection":[{"href":"https:\/\/europressgroup.com\/fi\/wp-json\/wp\/v2\/pages"}],"about":[{"href":"https:\/\/europressgroup.com\/fi\/wp-json\/wp\/v2\/types\/page"}],"author":[{"embeddable":true,"href":"https:\/\/europressgroup.com\/fi\/wp-json\/wp\/v2\/users\/25"}],"replies":[{"embeddable":true,"href":"https:\/\/europressgroup.com\/fi\/wp-json\/wp\/v2\/comments?post=74055"}],"version-history":[{"count":20,"href":"https:\/\/europressgroup.com\/fi\/wp-json\/wp\/v2\/pages\/74055\/revisions"}],"predecessor-version":[{"id":141469,"href":"https:\/\/europressgroup.com\/fi\/wp-json\/wp\/v2\/pages\/74055\/revisions\/141469"}],"wp:featuredmedia":[{"embeddable":true,"href":"https:\/\/europressgroup.com\/fi\/wp-json\/wp\/v2\/media\/74057"}],"wp:attachment":[{"href":"https:\/\/europressgroup.com\/fi\/wp-json\/wp\/v2\/media?parent=74055"}],"curies":[{"name":"wp","href":"https:\/\/api.w.org\/{rel}","templated":true}]}}