{"id":109602,"date":"2022-01-20T10:22:20","date_gmt":"2022-01-20T08:22:20","guid":{"rendered":"https:\/\/europressgroup.com\/bt-5-pystypaalain\/"},"modified":"2024-04-26T15:47:53","modified_gmt":"2024-04-26T12:47:53","slug":"bt-5","status":"publish","type":"page","link":"https:\/\/europressgroup.com\/fi\/bt-5\/","title":{"rendered":"BT-5 pystypaalain"},"content":{"rendered":"<div class=\"wpb-content-wrapper\"><p>[vc_row row_height_percent=&#8221;0&#8243; override_padding=&#8221;yes&#8221; h_padding=&#8221;2&#8243; top_padding=&#8221;4&#8243; bottom_padding=&#8221;1&#8243; overlay_alpha=&#8221;50&#8243; equal_height=&#8221;yes&#8221; gutter_size=&#8221;3&#8243; column_width_percent=&#8221;100&#8243; shift_y=&#8221;0&#8243; z_index=&#8221;0&#8243; row_name=&#8221;Highlights&#8221;][vc_column column_width_percent=&#8221;100&#8243; position_horizontal=&#8221;left&#8221; position_vertical=&#8221;middle&#8221; align_horizontal=&#8221;align_center&#8221; gutter_size=&#8221;3&#8243; override_padding=&#8221;yes&#8221; column_padding=&#8221;2&#8243; overlay_alpha=&#8221;50&#8243; shift_x=&#8221;0&#8243; shift_y=&#8221;0&#8243; shift_y_down=&#8221;0&#8243; z_index=&#8221;0&#8243; medium_width=&#8221;4&#8243; mobile_width=&#8221;0&#8243; zoom_width=&#8221;0&#8243; zoom_height=&#8221;0&#8243; width=&#8221;1\/2&#8243;][vc_single_image media=&#8221;109579&#8243; media_width_percent=&#8221;50&#8243; alignment=&#8221;center&#8221; image=&#8221;2286&#8243; border_color=&#8221;grey&#8221; img_link_target=&#8221;_self&#8221; img_size=&#8221;full&#8221;][\/vc_column][vc_column column_width_percent=&#8221;100&#8243; position_vertical=&#8221;middle&#8221; align_horizontal=&#8221;align_center&#8221; gutter_size=&#8221;3&#8243; expand_height=&#8221;yes&#8221; overlay_alpha=&#8221;50&#8243; shift_x=&#8221;0&#8243; shift_y=&#8221;0&#8243; shift_y_down=&#8221;0&#8243; z_index=&#8221;0&#8243; medium_width=&#8221;4&#8243; mobile_width=&#8221;0&#8243; zoom_width=&#8221;0&#8243; zoom_height=&#8221;0&#8243; width=&#8221;1\/6&#8243;][vc_icon icon=&#8221;fa fa-recycle&#8221; size=&#8221;fa-3x&#8221; text_height=&#8221;fontheight-179065&#8243; title=&#8221;K\u00c4YTT\u00d6&#8221; uncode_shortcode_id=&#8221;159090&#8243;]Kartonki<\/p>\n<p>Muovi<\/p>\n<p>Tekstiili[\/vc_icon][\/vc_column][vc_column column_width_percent=&#8221;100&#8243; align_horizontal=&#8221;align_center&#8221; gutter_size=&#8221;3&#8243; expand_height=&#8221;yes&#8221; overlay_alpha=&#8221;50&#8243; shift_x=&#8221;0&#8243; shift_y=&#8221;0&#8243; shift_y_down=&#8221;0&#8243; z_index=&#8221;0&#8243; medium_width=&#8221;0&#8243; mobile_visibility=&#8221;yes&#8221; mobile_width=&#8221;0&#8243; width=&#8221;1\/6&#8243;][vc_icon icon=&#8221;fa fa-cogs&#8221; size=&#8221;fa-3x&#8221; text_height=&#8221;fontheight-179065&#8243; title=&#8221;OMINAISUUDET&#8221;]Nopea iskuaika<\/p>\n<p>Kompakti koko<\/p>\n<p>Kevyt 350kg paino<\/p>\n<p>SMART Retrofit yhteensopiva[\/vc_icon][\/vc_column][vc_column column_width_percent=&#8221;100&#8243; align_horizontal=&#8221;align_center&#8221; gutter_size=&#8221;3&#8243; expand_height=&#8221;yes&#8221; overlay_alpha=&#8221;50&#8243; shift_x=&#8221;0&#8243; shift_y=&#8221;0&#8243; shift_y_down=&#8221;0&#8243; z_index=&#8221;0&#8243; medium_width=&#8221;0&#8243; mobile_width=&#8221;0&#8243; width=&#8221;1\/6&#8243;][vc_icon icon=&#8221;fa fa-th&#8221; size=&#8221;fa-3x&#8221; text_height=&#8221;fontheight-179065&#8243; title=&#8221;PAALIKOKO&#8221;]50\u201370 kg[\/vc_icon][\/vc_column][\/vc_row][vc_row row_height_percent=&#8221;0&#8243; override_padding=&#8221;yes&#8221; h_padding=&#8221;2&#8243; top_padding=&#8221;1&#8243; bottom_padding=&#8221;1&#8243; back_color=&#8221;color-xsdn&#8221; overlay_alpha=&#8221;100&#8243; equal_height=&#8221;yes&#8221; gutter_size=&#8221;0&#8243; column_width_percent=&#8221;100&#8243; shift_y=&#8221;0&#8243; z_index=&#8221;0&#8243; style=&#8221;dark&#8221; row_name=&#8221;Design &amp; Quality&#8221;][vc_column column_width_percent=&#8221;100&#8243; position_vertical=&#8221;middle&#8221; align_horizontal=&#8221;align_center&#8221; gutter_size=&#8221;3&#8243; override_padding=&#8221;yes&#8221; column_padding=&#8221;1&#8243; style=&#8221;light&#8221; back_color=&#8221;color-xsdn&#8221; overlay_alpha=&#8221;50&#8243; shift_x=&#8221;0&#8243; shift_y=&#8221;0&#8243; shift_y_down=&#8221;0&#8243; z_index=&#8221;0&#8243; medium_width=&#8221;0&#8243; mobile_width=&#8221;0&#8243; width=&#8221;1\/1&#8243;][vc_custom_heading text_weight=&#8221;700&#8243; text_transform=&#8221;uppercase&#8221; separator=&#8221;yes&#8221; separator_color=&#8221;yes&#8221; sub_lead=&#8221;yes&#8221; sub_reduced=&#8221;yes&#8221;]KUSTANNUSTEHOKAS PYSTYPAALAIN[\/vc_custom_heading][vc_column_text]Europress BT-5 on kompakti pystypaalain monenlaisiin eri k\u00e4ytt\u00f6tarkoituksiin. Sen suuri sy\u00f6tt\u00f6aukko ja nopea 34 sekunnin iskuaika takaavat erilaisten materiaalien helpon puristamisen. 5 tonnin puristusvoimansa ansiosta BT-5 tuottaa eritt\u00e4in tiheit\u00e4 paaleja, joiden paino on jopa 70 kg (muovi). BT-5 on t\u00e4ydellinen l\u00e4ht\u00f6tason paalain niille, joilla on rajoitetusti tilaa k\u00e4yt\u00f6ss\u00e4\u00e4n.<\/p>\n<p>BT-5: n suora sylinterirakenne takaa pienen koon. Vain 350 kg: n painolla ja matalalla 2180 mm kokonaiskorkeudella, se on helppo sijoittaa my\u00f6s pieniin tiloihin. Paalain toimii yksivaihevirralla (230V) ja on siksi helppo ottaa k\u00e4ytt\u00f6\u00f6n kaikissa kiinteist\u00f6iss\u00e4.<\/p>\n<p>BT-5 paalaimet soveltuvat monenlaisille eri materiaaleille, mukaan lukien pahvi, muovi ja tekstiili. Toiminnan melutaso pysyy alhaisena huolimatta paalaimen vakaasta ja nopeasta puristuksesta.[\/vc_column_text][\/vc_column][\/vc_row][vc_row row_height_percent=&#8221;10&#8243; override_padding=&#8221;yes&#8221; h_padding=&#8221;2&#8243; top_padding=&#8221;2&#8243; bottom_padding=&#8221;3&#8243; back_color=&#8221;color-xsdn&#8221; overlay_alpha=&#8221;100&#8243; equal_height=&#8221;yes&#8221; gutter_size=&#8221;0&#8243; column_width_percent=&#8221;100&#8243; shift_y=&#8221;0&#8243; z_index=&#8221;0&#8243; style=&#8221;dark&#8221; row_name=&#8221;Design &amp; Quality&#8221;][vc_column column_width_percent=&#8221;100&#8243; position_vertical=&#8221;middle&#8221; align_horizontal=&#8221;align_center&#8221; gutter_size=&#8221;3&#8243; override_padding=&#8221;yes&#8221; column_padding=&#8221;0&#8243; back_color=&#8221;color-xsdn&#8221; overlay_alpha=&#8221;50&#8243; shift_x=&#8221;0&#8243; shift_y=&#8221;0&#8243; shift_y_down=&#8221;0&#8243; z_index=&#8221;0&#8243; medium_width=&#8221;0&#8243; mobile_width=&#8221;0&#8243; width=&#8221;1\/1&#8243;][vc_single_image media=&#8221;73921&#8243; media_width_percent=&#8221;12&#8243; alignment=&#8221;center&#8221; media_link=&#8221;|||&#8221;][vc_column_text]T\u00e4h\u00e4n paalaimeen voidaan j\u00e4lkiasentaa <strong><a href=\"https:\/\/europressgroup.com\/fi\/smart\/\">Europress SMART .<\/a> <\/strong>SMART Retrofit ker\u00e4\u00e4 laitteesta reaaliaikaista k\u00e4ytt\u00f6dataa, mm. t\u00e4yttymis- ja tyhjennystietoja sek\u00e4 k\u00e4ytt\u00f6- ja turvakytkimien k\u00e4ytt\u00f6tietoja.<br \/>\nEuropress SMART Retrofit-j\u00e4rjestelm\u00e4 sis\u00e4lt\u00e4\u00e4 integroidun GPS-moduulin ja SIM-kortin, joten laite on aina paikannettavissa. Moduulissa on varavirtal\u00e4hteen\u00e4 toimiva akku, joka pit\u00e4\u00e4 laitteen toiminnassa, vaikkei puristin olisi kytkettyn\u00e4 verkkovirtaan.[\/vc_column_text][\/vc_column][\/vc_row][vc_row unlock_row_content=&#8221;yes&#8221; row_height_percent=&#8221;0&#8243; override_padding=&#8221;yes&#8221; h_padding=&#8221;2&#8243; top_padding=&#8221;4&#8243; bottom_padding=&#8221;4&#8243; back_color=&#8221;color-rgdb&#8221; overlay_alpha=&#8221;50&#8243; gutter_size=&#8221;3&#8243; column_width_percent=&#8221;100&#8243; shift_y=&#8221;0&#8243; z_index=&#8221;0&#8243; row_name=&#8221;Gallery&#8221;][vc_column column_width_use_pixel=&#8221;yes&#8221; align_horizontal=&#8221;align_center&#8221; gutter_size=&#8221;3&#8243; style=&#8221;dark&#8221; overlay_alpha=&#8221;50&#8243; shift_x=&#8221;0&#8243; shift_y=&#8221;0&#8243; medium_width=&#8221;0&#8243; zoom_width=&#8221;0&#8243; zoom_height=&#8221;0&#8243; column_width_pixel=&#8221;1400&#8243;][vc_custom_heading text_transform=&#8221;uppercase&#8221; separator=&#8221;yes&#8221; sub_lead=&#8221;yes&#8221;]Media[\/vc_custom_heading][vc_gallery el_id=&#8221;gallery-47626&#8243; type=&#8221;carousel&#8221; medias=&#8221;109588&#8243; carousel_lg=&#8221;3&#8243; carousel_md=&#8221;2&#8243; carousel_sm=&#8221;1&#8243; thumb_size=&#8221;one-one&#8221; gutter_size=&#8221;2&#8243; media_items=&#8221;media,icon&#8221; carousel_interval=&#8221;3000&#8243; carousel_navspeed=&#8221;400&#8243; carousel_nav=&#8221;yes&#8221; carousel_dots=&#8221;yes&#8221; stage_padding=&#8221;0&#8243; single_overlay_opacity=&#8221;50&#8243; single_image_anim=&#8221;no&#8221; single_h_align=&#8221;center&#8221; single_padding=&#8221;2&#8243; single_icon=&#8221;fa fa-search3&#8243; single_shadow=&#8221;yes&#8221; single_border=&#8221;yes&#8221; carousel_rtl=&#8221;&#8221; single_title_uppercase=&#8221;&#8221;][\/vc_column][\/vc_row][vc_row row_height_percent=&#8221;50&#8243; override_padding=&#8221;yes&#8221; h_padding=&#8221;2&#8243; top_padding=&#8221;0&#8243; bottom_padding=&#8221;0&#8243; back_color=&#8221;color-lxmt&#8221; overlay_alpha=&#8221;100&#8243; equal_height=&#8221;yes&#8221; gutter_size=&#8221;0&#8243; column_width_percent=&#8221;100&#8243; shift_y=&#8221;0&#8243; z_index=&#8221;0&#8243; style=&#8221;dark&#8221; row_name=&#8221;Design &amp; Quality&#8221;][vc_column column_width_percent=&#8221;100&#8243; align_horizontal=&#8221;align_center&#8221; gutter_size=&#8221;3&#8243; override_padding=&#8221;yes&#8221; column_padding=&#8221;4&#8243; style=&#8221;light&#8221; back_color=&#8221;color-lxmt&#8221; overlay_alpha=&#8221;50&#8243; shift_x=&#8221;0&#8243; shift_y=&#8221;0&#8243; shift_y_down=&#8221;0&#8243; z_index=&#8221;0&#8243; medium_width=&#8221;0&#8243; mobile_width=&#8221;0&#8243; width=&#8221;1\/1&#8243;][vc_custom_heading text_weight=&#8221;700&#8243; text_transform=&#8221;uppercase&#8221; separator=&#8221;yes&#8221; separator_color=&#8221;yes&#8221; sub_lead=&#8221;yes&#8221; sub_reduced=&#8221;yes&#8221;]Lis\u00e4tiedot[\/vc_custom_heading][vc_tabs][vc_tab title=&#8221;Tekniset tiedot&#8221; tab_id=&#8221;1551168098-1-37&#8243;][vc_column_text]<strong>Puristusvoima<\/strong><br \/>\n5 t<\/p>\n<p><strong>Laitteen mitat K x L x S<\/strong><\/p>\n<p>2,320 x 989 x 774 mm<\/p>\n<p><strong>Paino<\/strong><br \/>\n350 kg<\/p>\n<p><strong>Sy\u00f6tt\u00f6aukon mitat K x L<\/strong><br \/>\n700 x 540 mm<\/p>\n<p><strong>Sy\u00f6tt\u00f6aukon korkeus<\/strong><br \/>\n660 mm<\/p>\n<p><strong>Paalikoko K x L x S<\/strong><br \/>\n700 x 700 x 500 mm<\/p>\n<p><strong>Paalin paino (kartonki)<\/strong><br \/>\n50-70 kg<\/p>\n<p><strong>S\u00e4hk\u00f6nsy\u00f6tt\u00f6<\/strong><\/p>\n<p>230 V, 50 Hz, 1~C16 A<\/p>\n<p><strong>Iskuaika<\/strong><\/p>\n<p>34 s<\/p>\n<p><strong>Melup\u00e4\u00e4st\u00f6taso<\/strong><\/p>\n<p>70 dBa<\/p>\n<p><strong>Moottori<\/strong><br \/>\n1.5 kW[\/vc_column_text][\/vc_tab][vc_tab title=&#8221;Vakiovarusteet&#8221; tab_id=&#8221;1551454228796-1-8&#8243;][vc_column_text]Sininen v\u00e4ri RAL 5017<\/p>\n<p>Kompakti koko<\/p>\n<p>Toimii valovirralla<\/p>\n<p>Nopea iskuaika<\/p>\n<p>Kevyt 350kg paino[\/vc_column_text][\/vc_tab][\/vc_tabs][\/vc_column][\/vc_row][vc_row][vc_column width=&#8221;1\/1&#8243;][uncode_block id=&#8221;73192&#8243;][\/vc_column][\/vc_row]<\/p>\n<\/div>","protected":false},"excerpt":{"rendered":"<p>[vc_row row_height_percent=&#8221;0&#8243; override_padding=&#8221;yes&#8221; h_padding=&#8221;2&#8243; top_padding=&#8221;4&#8243; bottom_padding=&#8221;1&#8243; overlay_alpha=&#8221;50&#8243; equal_height=&#8221;yes&#8221; gutter_size=&#8221;3&#8243; column_width_percent=&#8221;100&#8243; shift_y=&#8221;0&#8243; z_index=&#8221;0&#8243; row_name=&#8221;Highlights&#8221;][vc_column column_width_percent=&#8221;100&#8243; position_horizontal=&#8221;left&#8221; position_vertical=&#8221;middle&#8221; align_horizontal=&#8221;align_center&#8221; gutter_size=&#8221;3&#8243; override_padding=&#8221;yes&#8221; column_padding=&#8221;2&#8243; [&hellip;]<\/p>\n","protected":false},"author":25,"featured_media":109605,"parent":0,"menu_order":0,"comment_status":"closed","ping_status":"closed","template":"","meta":{"footnotes":""},"class_list":["post-109602","page","type-page","status-publish","has-post-thumbnail","hentry","page_category-0-100-kg","page_category-100-200-kg-4"],"yoast_head":"<!-- This site is optimized with the Yoast SEO Premium plugin v27.3 (Yoast SEO v27.3) - https:\/\/yoast.com\/product\/yoast-seo-premium-wordpress\/ -->\n<title>BT-5 pystypaalain - Europress Group<\/title>\n<meta name=\"description\" content=\"Europress BT-5 pystypaalain nopealla iskuajalla ja kompaktilla koolla.\" \/>\n<meta name=\"robots\" content=\"index, follow, max-snippet:-1, max-image-preview:large, max-video-preview:-1\" \/>\n<link rel=\"canonical\" href=\"https:\/\/europressgroup.com\/fi\/bt-5\/\" \/>\n<meta property=\"og:locale\" content=\"fi_FI\" \/>\n<meta property=\"og:type\" content=\"article\" \/>\n<meta property=\"og:title\" content=\"BT-5 pystypaalain\" \/>\n<meta property=\"og:description\" content=\"Kartonki Muovi TekstiiliNopea iskuaika Kompakti koko Kevyt 350kg paino SMART Retrofit yhteensopiva50\u201370 kgKUSTANNUSTEHOKAS PYSTYPAALAINEuropress BT-5 on\" \/>\n<meta property=\"og:url\" content=\"https:\/\/europressgroup.com\/fi\/bt-5\/\" \/>\n<meta property=\"og:site_name\" content=\"Europress Group\" \/>\n<meta property=\"article:publisher\" content=\"https:\/\/www.facebook.com\/europresswastehandling\" \/>\n<meta property=\"article:modified_time\" content=\"2024-04-26T12:47:53+00:00\" \/>\n<meta property=\"og:image\" content=\"https:\/\/europressgroup.com\/wp-content\/uploads\/2022\/01\/BT-5-1-scaled.jpg\" \/>\n\t<meta property=\"og:image:width\" content=\"1920\" \/>\n\t<meta property=\"og:image:height\" content=\"1280\" \/>\n\t<meta property=\"og:image:type\" content=\"image\/jpeg\" \/>\n<meta name=\"twitter:card\" content=\"summary_large_image\" \/>\n<meta name=\"twitter:site\" content=\"@EPWastehandling\" \/>\n<meta name=\"twitter:label1\" content=\"Arvioitu lukuaika\" \/>\n\t<meta name=\"twitter:data1\" content=\"4 minuuttia\" \/>\n<script type=\"application\/ld+json\" class=\"yoast-schema-graph\">{\"@context\":\"https:\\\/\\\/schema.org\",\"@graph\":[{\"@type\":\"WebPage\",\"@id\":\"https:\\\/\\\/europressgroup.com\\\/fi\\\/bt-5\\\/\",\"url\":\"https:\\\/\\\/europressgroup.com\\\/fi\\\/bt-5\\\/\",\"name\":\"BT-5 pystypaalain - Europress Group\",\"isPartOf\":{\"@id\":\"https:\\\/\\\/europressgroup.com\\\/fi\\\/#website\"},\"primaryImageOfPage\":{\"@id\":\"https:\\\/\\\/europressgroup.com\\\/fi\\\/bt-5\\\/#primaryimage\"},\"image\":{\"@id\":\"https:\\\/\\\/europressgroup.com\\\/fi\\\/bt-5\\\/#primaryimage\"},\"thumbnailUrl\":\"https:\\\/\\\/europressgroup.com\\\/wp-content\\\/uploads\\\/2022\\\/01\\\/BT-5-1-scaled.jpg\",\"datePublished\":\"2022-01-20T08:22:20+00:00\",\"dateModified\":\"2024-04-26T12:47:53+00:00\",\"description\":\"Europress BT-5 pystypaalain nopealla iskuajalla ja kompaktilla koolla.\",\"breadcrumb\":{\"@id\":\"https:\\\/\\\/europressgroup.com\\\/fi\\\/bt-5\\\/#breadcrumb\"},\"inLanguage\":\"fi\",\"potentialAction\":[{\"@type\":\"ReadAction\",\"target\":[\"https:\\\/\\\/europressgroup.com\\\/fi\\\/bt-5\\\/\"]}]},{\"@type\":\"ImageObject\",\"inLanguage\":\"fi\",\"@id\":\"https:\\\/\\\/europressgroup.com\\\/fi\\\/bt-5\\\/#primaryimage\",\"url\":\"https:\\\/\\\/europressgroup.com\\\/wp-content\\\/uploads\\\/2022\\\/01\\\/BT-5-1-scaled.jpg\",\"contentUrl\":\"https:\\\/\\\/europressgroup.com\\\/wp-content\\\/uploads\\\/2022\\\/01\\\/BT-5-1-scaled.jpg\",\"width\":1920,\"height\":1280},{\"@type\":\"BreadcrumbList\",\"@id\":\"https:\\\/\\\/europressgroup.com\\\/fi\\\/bt-5\\\/#breadcrumb\",\"itemListElement\":[{\"@type\":\"ListItem\",\"position\":1,\"name\":\"Home\",\"item\":\"https:\\\/\\\/europressgroup.com\\\/fi\\\/\"},{\"@type\":\"ListItem\",\"position\":2,\"name\":\"BT-5 pystypaalain\"}]},{\"@type\":\"WebSite\",\"@id\":\"https:\\\/\\\/europressgroup.com\\\/fi\\\/#website\",\"url\":\"https:\\\/\\\/europressgroup.com\\\/fi\\\/\",\"name\":\"Europress Group\",\"description\":\"Northern European leader in Environmental Technology\",\"publisher\":{\"@id\":\"https:\\\/\\\/europressgroup.com\\\/fi\\\/#organization\"},\"potentialAction\":[{\"@type\":\"SearchAction\",\"target\":{\"@type\":\"EntryPoint\",\"urlTemplate\":\"https:\\\/\\\/europressgroup.com\\\/fi\\\/?s={search_term_string}\"},\"query-input\":{\"@type\":\"PropertyValueSpecification\",\"valueRequired\":true,\"valueName\":\"search_term_string\"}}],\"inLanguage\":\"fi\"},{\"@type\":\"Organization\",\"@id\":\"https:\\\/\\\/europressgroup.com\\\/fi\\\/#organization\",\"name\":\"Europress Group\",\"url\":\"https:\\\/\\\/europressgroup.com\\\/fi\\\/\",\"logo\":{\"@type\":\"ImageObject\",\"inLanguage\":\"fi\",\"@id\":\"https:\\\/\\\/europressgroup.com\\\/fi\\\/#\\\/schema\\\/logo\\\/image\\\/\",\"url\":\"https:\\\/\\\/europressgroup.com\\\/wp-content\\\/uploads\\\/2018\\\/12\\\/Europress-logo-1.png\",\"contentUrl\":\"https:\\\/\\\/europressgroup.com\\\/wp-content\\\/uploads\\\/2018\\\/12\\\/Europress-logo-1.png\",\"width\":478,\"height\":75,\"caption\":\"Europress Group\"},\"image\":{\"@id\":\"https:\\\/\\\/europressgroup.com\\\/fi\\\/#\\\/schema\\\/logo\\\/image\\\/\"},\"sameAs\":[\"https:\\\/\\\/www.facebook.com\\\/europresswastehandling\",\"https:\\\/\\\/x.com\\\/EPWastehandling\",\"https:\\\/\\\/www.instagram.com\\\/europressgroup\\\/\",\"https:\\\/\\\/www.linkedin.com\\\/company\\\/europress\"],\"publishingPrinciples\":\"https:\\\/\\\/europressgroup.com\\\/environment-safety-quality\\\/\",\"ownershipFundingInfo\":\"https:\\\/\\\/europressgroup.com\\\/history\\\/\",\"actionableFeedbackPolicy\":\"https:\\\/\\\/europressgroup.com\\\/customer-feedback\\\/\",\"correctionsPolicy\":\"https:\\\/\\\/europressgroup.com\\\/customer-feedback\\\/\",\"ethicsPolicy\":\"https:\\\/\\\/europressgroup.com\\\/responsibility\\\/\"}]}<\/script>\n<!-- \/ Yoast SEO Premium plugin. -->","yoast_head_json":{"title":"BT-5 pystypaalain - Europress Group","description":"Europress BT-5 pystypaalain nopealla iskuajalla ja kompaktilla koolla.","robots":{"index":"index","follow":"follow","max-snippet":"max-snippet:-1","max-image-preview":"max-image-preview:large","max-video-preview":"max-video-preview:-1"},"canonical":"https:\/\/europressgroup.com\/fi\/bt-5\/","og_locale":"fi_FI","og_type":"article","og_title":"BT-5 pystypaalain","og_description":"Kartonki Muovi TekstiiliNopea iskuaika Kompakti koko Kevyt 350kg paino SMART Retrofit yhteensopiva50\u201370 kgKUSTANNUSTEHOKAS PYSTYPAALAINEuropress BT-5 on","og_url":"https:\/\/europressgroup.com\/fi\/bt-5\/","og_site_name":"Europress Group","article_publisher":"https:\/\/www.facebook.com\/europresswastehandling","article_modified_time":"2024-04-26T12:47:53+00:00","og_image":[{"width":1920,"height":1280,"url":"https:\/\/europressgroup.com\/wp-content\/uploads\/2022\/01\/BT-5-1-scaled.jpg","type":"image\/jpeg"}],"twitter_card":"summary_large_image","twitter_site":"@EPWastehandling","twitter_misc":{"Arvioitu lukuaika":"4 minuuttia"},"schema":{"@context":"https:\/\/schema.org","@graph":[{"@type":"WebPage","@id":"https:\/\/europressgroup.com\/fi\/bt-5\/","url":"https:\/\/europressgroup.com\/fi\/bt-5\/","name":"BT-5 pystypaalain - Europress Group","isPartOf":{"@id":"https:\/\/europressgroup.com\/fi\/#website"},"primaryImageOfPage":{"@id":"https:\/\/europressgroup.com\/fi\/bt-5\/#primaryimage"},"image":{"@id":"https:\/\/europressgroup.com\/fi\/bt-5\/#primaryimage"},"thumbnailUrl":"https:\/\/europressgroup.com\/wp-content\/uploads\/2022\/01\/BT-5-1-scaled.jpg","datePublished":"2022-01-20T08:22:20+00:00","dateModified":"2024-04-26T12:47:53+00:00","description":"Europress BT-5 pystypaalain nopealla iskuajalla ja kompaktilla koolla.","breadcrumb":{"@id":"https:\/\/europressgroup.com\/fi\/bt-5\/#breadcrumb"},"inLanguage":"fi","potentialAction":[{"@type":"ReadAction","target":["https:\/\/europressgroup.com\/fi\/bt-5\/"]}]},{"@type":"ImageObject","inLanguage":"fi","@id":"https:\/\/europressgroup.com\/fi\/bt-5\/#primaryimage","url":"https:\/\/europressgroup.com\/wp-content\/uploads\/2022\/01\/BT-5-1-scaled.jpg","contentUrl":"https:\/\/europressgroup.com\/wp-content\/uploads\/2022\/01\/BT-5-1-scaled.jpg","width":1920,"height":1280},{"@type":"BreadcrumbList","@id":"https:\/\/europressgroup.com\/fi\/bt-5\/#breadcrumb","itemListElement":[{"@type":"ListItem","position":1,"name":"Home","item":"https:\/\/europressgroup.com\/fi\/"},{"@type":"ListItem","position":2,"name":"BT-5 pystypaalain"}]},{"@type":"WebSite","@id":"https:\/\/europressgroup.com\/fi\/#website","url":"https:\/\/europressgroup.com\/fi\/","name":"Europress Group","description":"Northern European leader in Environmental Technology","publisher":{"@id":"https:\/\/europressgroup.com\/fi\/#organization"},"potentialAction":[{"@type":"SearchAction","target":{"@type":"EntryPoint","urlTemplate":"https:\/\/europressgroup.com\/fi\/?s={search_term_string}"},"query-input":{"@type":"PropertyValueSpecification","valueRequired":true,"valueName":"search_term_string"}}],"inLanguage":"fi"},{"@type":"Organization","@id":"https:\/\/europressgroup.com\/fi\/#organization","name":"Europress Group","url":"https:\/\/europressgroup.com\/fi\/","logo":{"@type":"ImageObject","inLanguage":"fi","@id":"https:\/\/europressgroup.com\/fi\/#\/schema\/logo\/image\/","url":"https:\/\/europressgroup.com\/wp-content\/uploads\/2018\/12\/Europress-logo-1.png","contentUrl":"https:\/\/europressgroup.com\/wp-content\/uploads\/2018\/12\/Europress-logo-1.png","width":478,"height":75,"caption":"Europress Group"},"image":{"@id":"https:\/\/europressgroup.com\/fi\/#\/schema\/logo\/image\/"},"sameAs":["https:\/\/www.facebook.com\/europresswastehandling","https:\/\/x.com\/EPWastehandling","https:\/\/www.instagram.com\/europressgroup\/","https:\/\/www.linkedin.com\/company\/europress"],"publishingPrinciples":"https:\/\/europressgroup.com\/environment-safety-quality\/","ownershipFundingInfo":"https:\/\/europressgroup.com\/history\/","actionableFeedbackPolicy":"https:\/\/europressgroup.com\/customer-feedback\/","correctionsPolicy":"https:\/\/europressgroup.com\/customer-feedback\/","ethicsPolicy":"https:\/\/europressgroup.com\/responsibility\/"}]}},"_links":{"self":[{"href":"https:\/\/europressgroup.com\/fi\/wp-json\/wp\/v2\/pages\/109602","targetHints":{"allow":["GET"]}}],"collection":[{"href":"https:\/\/europressgroup.com\/fi\/wp-json\/wp\/v2\/pages"}],"about":[{"href":"https:\/\/europressgroup.com\/fi\/wp-json\/wp\/v2\/types\/page"}],"author":[{"embeddable":true,"href":"https:\/\/europressgroup.com\/fi\/wp-json\/wp\/v2\/users\/25"}],"replies":[{"embeddable":true,"href":"https:\/\/europressgroup.com\/fi\/wp-json\/wp\/v2\/comments?post=109602"}],"version-history":[{"count":4,"href":"https:\/\/europressgroup.com\/fi\/wp-json\/wp\/v2\/pages\/109602\/revisions"}],"predecessor-version":[{"id":138895,"href":"https:\/\/europressgroup.com\/fi\/wp-json\/wp\/v2\/pages\/109602\/revisions\/138895"}],"wp:featuredmedia":[{"embeddable":true,"href":"https:\/\/europressgroup.com\/fi\/wp-json\/wp\/v2\/media\/109605"}],"wp:attachment":[{"href":"https:\/\/europressgroup.com\/fi\/wp-json\/wp\/v2\/media?parent=109602"}],"curies":[{"name":"wp","href":"https:\/\/api.w.org\/{rel}","templated":true}]}}