{"id":108768,"date":"2021-12-31T12:10:55","date_gmt":"2021-12-31T10:10:55","guid":{"rendered":"https:\/\/europressgroup.com\/?page_id=108768"},"modified":"2022-01-05T09:12:30","modified_gmt":"2022-01-05T07:12:30","slug":"tietosuoja-tyonhakija","status":"publish","type":"page","link":"https:\/\/europressgroup.com\/fi\/tietosuoja-tyonhakija\/","title":{"rendered":"EUROPRESS GROUP OY &#8211; TIETOSUOJASELOSTE TY\u00d6NHAKIJOILLE"},"content":{"rendered":"<div class=\"wpb-content-wrapper\"><p>[vc_row][vc_column width=&#8221;1\/1&#8243;][vc_empty_space empty_h=&#8221;2&#8243;][vc_custom_heading heading_semantic=&#8221;h1&#8243; text_size=&#8221;h1&#8243;]TIETOSUOJASELOSTE TY\u00d6NHAKIJOILLE[\/vc_custom_heading][vc_column_text]T\u00e4m\u00e4 tietosuojaseloste (j\u00e4ljemp\u00e4n\u00e4 \u201dSeloste\u201d) kertoo, kuinka Europress Group Oy ker\u00e4\u00e4, k\u00e4sittelee ja luovuttaa henkil\u00f6tietoja ty\u00f6hakemuksen ja rekrytointiprosessin yhteydess\u00e4.<\/p>\n<p>Lue t\u00e4m\u00e4 Seloste huolellisesti ennen ty\u00f6hakemuksen l\u00e4hett\u00e4mist\u00e4.<\/p>\n<h3><b>REKISTERINPIT\u00c4J\u00c4<\/b><\/h3>\n<p>Sovellettavan tietosuojalain mukainen rekisterinpit\u00e4j\u00e4 on Europress Group Oy (j\u00e4ljemp\u00e4n\u00e4 \u201cEuropress\u201d, \u201dme\u201d \u201dmeit\u00e4\u201d tai \u201dmeid\u00e4n\u201d). Europress vastaa siit\u00e4, ett\u00e4 henkil\u00f6tietojasi k\u00e4sitell\u00e4\u00e4n t\u00e4t\u00e4 Selostetta ja soveltuvia tietosuojalakeja noudattaen.<\/p>\n<p>&nbsp;<\/p>\n<p>Rekisterinpit\u00e4j\u00e4n yhteystiedot:<\/p>\n<p>Europress Group Oy<\/p>\n<p>Yritystunnus: 0889611-2<\/p>\n<p>Osoite: Huhtimontie 16, 04200 Kerava, Finland<\/p>\n<p>&nbsp;<\/p>\n<h3><b>HENKIL\u00d6TIETOJEN KER\u00c4\u00c4MINEN<\/b><\/h3>\n<p>Henkil\u00f6tietojasi voidaan ker\u00e4t\u00e4 eri tavoin. P\u00e4\u00e4s\u00e4\u00e4nt\u00f6isesti ker\u00e4\u00e4mme henkil\u00f6tietoja suoraan sinulta. Soveltuvien lakien sallimassa laajuudessa voimme ker\u00e4t\u00e4 henkil\u00f6tietoja my\u00f6s muista l\u00e4hteist\u00e4, kuten julkisista tietokannoista.<\/p>\n<p>Ker\u00e4\u00e4mme ja k\u00e4sittelemme sellaisia hakijoihin liittyvi\u00e4 henkil\u00f6tietoja, jotka ovat v\u00e4ltt\u00e4m\u00e4tt\u00f6mi\u00e4 ty\u00f6hakemusten k\u00e4sittelyn ja rekrytointiprosessin kannalta, kuten<\/p>\n<ul>\n<li aria-level=\"1\"><b>perustiedot,<\/b> esim. nimi, kotiosoite, s\u00e4hk\u00f6posti, puhelinnumero<\/li>\n<\/ul>\n<ul>\n<li aria-level=\"1\"><b>ty\u00f6hakemukseesi sis\u00e4ltyv\u00e4t tiedot ja siihen liittyv\u00e4t dokumentit, <\/b>esim. koulutustiedot, aikaisempi ty\u00f6kokemus, tutkinnot, kielitaito ja suosittelijat<\/li>\n<\/ul>\n<ul>\n<li aria-level=\"1\"><b>rekrytointiprosessin aikana ker\u00e4tyt ja k\u00e4sitelt\u00e4v\u00e4t tiedot, <\/b>esim. tiedot, jotka koskevat rekrytointiprosessin etenemist\u00e4, hakemusta koskevat muistiinpanot ja mahdolliset haastattelut, tarvittaessa soveltuvuuskokeita koskevat tiedot sek\u00e4 suosittelijat.<\/li>\n<\/ul>\n<h3><b>HENKIL\u00d6TIETOJEN K\u00c4SITTELYN TARKOITUS JA OIKEUSPERUSTE<\/b><\/h3>\n<p>K\u00e4sittelemme hakijoiden henkil\u00f6tietoja rekrytointiprosessissa, esimerkiksi ty\u00f6hakemusten k\u00e4sittelyyn, hakijoiden informointiin rekrytointiprosessin etenemisest\u00e4, haastattelujen j\u00e4rjest\u00e4miseksi sek\u00e4 ammatillisen tai henkil\u00f6kohtaisen soveltuvuuden testaamiseksi. Henkil\u00f6tietojen k\u00e4sittelyn oikeusperusteena on mahdollista ty\u00f6sopimusta edelt\u00e4vien toimenpiteiden toteuttaminen meille l\u00e4hett\u00e4m\u00e4\u00e4si hakemukseen perustuvan pyynn\u00f6n nojalla.<\/p>\n<p>Tietyiss\u00e4 olosuhteissa ja sovellettavan lain sallimassa laajuudessa voimme my\u00f6s k\u00e4sitell\u00e4 henkil\u00f6tietoja luotettavuusarviointiin tai taustaselvityksen tekemiseen antamasi suostumuksen perusteella.<\/p>\n<h3><b>HENKIL\u00d6TIETOJEN SIIRROT JA LUOVUTUKSET<\/b><\/h3>\n<p>Voimme luovuttaa henkil\u00f6tietoja muille Europress-konserniin kuuluville yrityksille soveltuvan lain sallimissa rajoissa t\u00e4ss\u00e4 Selosteessa kuvattuja tarkoituksia varten. Toinen Europress -konserniin kuuluva yritys voi my\u00f6s k\u00e4sitell\u00e4 henkil\u00f6tietojasi puolestamme. Kyseinen k\u00e4sittely perustuu meid\u00e4n oikeutettuun etuun siirt\u00e4\u00e4 henkil\u00f6tietoja Europress -konsernin yhti\u00f6iden v\u00e4lill\u00e4 sis\u00e4isi\u00e4 hallinnollisia tarkoituksia varten, kuten raportointitarkoituksessa ja harjoittaaksemme liiketoimintaamme tehokkaasti, kuten k\u00e4ytt\u00e4\u00e4ksemme keskitettyj\u00e4 rekrytointij\u00e4rjestelmi\u00e4.<\/p>\n<p>Voimme luovuttaa henkil\u00f6tietoja kolmansille osapuolille:<\/p>\n<ul>\n<li aria-level=\"1\">lain sallimassa ja vaatimassa laajuudessa;<\/li>\n<li aria-level=\"1\">kun yhteisty\u00f6kumppanimme k\u00e4sittelev\u00e4t toimeksiannostamme henkil\u00f6tietoja meid\u00e4n puolestamme ja ohjeidemme mukaisesti (esim. ulkoistetut palkkalaskenta- ja kirjanpitopalvelut). Huolehdimme aina henkil\u00f6tietojesi asianmukaisesta k\u00e4sittelyst\u00e4;<\/li>\n<li aria-level=\"1\">mik\u00e4li olemme mukana sulautumisessa, yritysj\u00e4rjestelyss\u00e4 taikka liiketoiminnan tai sen osan myynniss\u00e4;<\/li>\n<li aria-level=\"1\">kun uskomme, ett\u00e4 henkil\u00f6tietojen luovuttaminen on v\u00e4ltt\u00e4m\u00e4t\u00f6nt\u00e4 oikeuksiemme toteuttamiseksi, sinun tai muiden turvallisuuden suojelemiseksi, v\u00e4\u00e4rink\u00e4yt\u00f6sten tutkimiseksi tai viranomaisen pyynt\u00f6\u00f6n vastaamiseksi; ja<\/li>\n<li aria-level=\"1\">sinun suostumuksellasi osapuolille, joita suostumus koskee, esim. suosittelijat.<\/li>\n<\/ul>\n<h3><b>HENKIL\u00d6TIETOJEN SIIRROT EU:N TAI ETA-ALUEEN ULKOPUOLELLLE<\/b><\/h3>\n<p>Voimme siirt\u00e4\u00e4 henkil\u00f6tietoja EU:n tai Euroopan talousalueen ulkopuolelle silloin, kun toimeksiantoa hoitava yhteisty\u00f6kumppanimme tai Europress-konserniin kuuluva yhti\u00f6 on sijoittautunut n\u00e4iden alueiden ulkopuolelle. N\u00e4iss\u00e4 tapauksissa huolehdimme asianmukaisista suojatoimista rekister\u00f6ityjen oikeuksien ja vapauksien varmistamiseksi sovellettavan tietosuojalains\u00e4\u00e4d\u00e4nn\u00f6n, kuten EU:n yleisen tietosuoja-asetuksen (679\/2016), mukaisesti.<\/p>\n<h3><b>HENKIL\u00d6TIETOJEN S\u00c4ILYTT\u00c4MINEN<\/b><\/h3>\n<p>Henkil\u00f6tietoja s\u00e4ilytet\u00e4\u00e4n ainoastaan niin kauan kuin se on tarpeellista t\u00e4ss\u00e4 Selosteessa m\u00e4\u00e4riteltyjen k\u00e4ytt\u00f6tarkoitusten toteuttamiseksi.<\/p>\n<p>Henkil\u00f6tietoja s\u00e4ilytet\u00e4\u00e4n rekrytointiprosessin ajan. Henkil\u00f6tietoja voidaan s\u00e4ilytt\u00e4\u00e4 tarpeellisilta osin my\u00f6s rekrytointiprosessin p\u00e4\u00e4ttymisen j\u00e4lkeen sovellettavan lain sallimassa tai vaatimassa laajuudessa. Yleens\u00e4 s\u00e4ilyt\u00e4mme henkil\u00f6tietoja 12 kuukautta rekrytointiprosessin p\u00e4\u00e4ttymisest\u00e4.<\/p>\n<p>Henkil\u00f6tiedot poistetaan, kun niiden s\u00e4ilytt\u00e4minen ei en\u00e4\u00e4 ole tarpeen lain tai kummankaan osapuolen oikeuksien tai velvollisuuksien toteuttamiseksi.<\/p>\n<h3><b>SINUN OIKEUTESI\u00a0<\/b><\/h3>\n<p>Sinulla on oikeus tarkastaa henkil\u00f6tietosi. Voit milloin tahansa my\u00f6s pyyt\u00e4\u00e4 henkil\u00f6tietojesi oikaisemista, p\u00e4ivitt\u00e4mist\u00e4 tai poistamista. Huomaa kuitenkin, ett\u00e4 sellaisia henkil\u00f6tietoja, jotka ovat v\u00e4ltt\u00e4m\u00e4tt\u00f6mi\u00e4 t\u00e4ss\u00e4 Selosteessa m\u00e4\u00e4riteltyjen k\u00e4ytt\u00f6tarkoitusten toteuttamiseksi, tai joiden s\u00e4ilytt\u00e4mist\u00e4 laki edellytt\u00e4\u00e4, ei voida poistaa.<\/p>\n<p>Sinulla on oikeus vastustaa tai rajoittaa henkil\u00f6tietojesi k\u00e4sittely\u00e4 sovellettavan lain edellytt\u00e4m\u00e4ss\u00e4 laajuudessa.<\/p>\n<p>Sinulla on sovellettavan lain mukaisesti tietyiss\u00e4 tapauksissa oikeus siirt\u00e4\u00e4 meille toimittamasi henkil\u00f6tiedot j\u00e4rjestelm\u00e4st\u00e4 toiseen eli oikeus saada henkil\u00f6tietosi j\u00e4sennellyss\u00e4, yleisesti k\u00e4ytetyss\u00e4, koneellisesti luettavassa muodossa ja siirt\u00e4\u00e4 henkil\u00f6tietosi toiselle rekisterinpit\u00e4j\u00e4lle.<\/p>\n<p>K\u00e4sitelless\u00e4mme henkil\u00f6tietojasi suostumuksen perusteella sinulla on oikeus milloin tahansa peruuttaa antamasi suostumus. Emme sen j\u00e4lkeen k\u00e4sittele henkil\u00f6tietoja, ellei k\u00e4sittelyyn ole olemassa muuta oikeusperustetta.<\/p>\n<p>Voit k\u00e4ytt\u00e4\u00e4 oikeuksiasi l\u00e4hett\u00e4m\u00e4ll\u00e4 pyynn\u00f6n meille osoitteeseen europress@europress.fi.<\/p>\n<p>Mik\u00e4li koet, ett\u00e4 henkil\u00f6tietojesi k\u00e4sittely ei ole asianmukaista, sinulla on oikeus k\u00e4\u00e4nty\u00e4 asiassa tietosuojavaltuutetun puoleen. L\u00f6yd\u00e4t tietosuojavaltuutetun yhteystiedot tietosuojavaltuutetun verkkosivuilta: <a href=\"https:\/\/tietosuoja.fi\">https:\/\/tietosuoja.fi<\/a>.<\/p>\n<h3><b>TIETOTURVA<\/b><\/h3>\n<p>Toteutamme tarkoituksenmukaiset toimenpiteet (mukaan lukien fyysiset, digitaaliset ja hallinnolliset toimet) henkil\u00f6tietojen suojaamiseksi h\u00e4vi\u00e4miselt\u00e4, tuhoutumiselta, v\u00e4\u00e4rink\u00e4yt\u00f6ksilt\u00e4 ja luvattomalta p\u00e4\u00e4sylt\u00e4 tai luovuttamiselta. Esimerkkin\u00e4 mainittakoon, ett\u00e4 henkil\u00f6tietoihin on p\u00e4\u00e4sy vain henkil\u00f6ill\u00e4, jotka tarvitsevat niit\u00e4 ty\u00f6teht\u00e4viens\u00e4 hoitamiseksi.<\/p>\n<p>Huomaa, ett\u00e4 tarkoituksenmukaisetkaan toimienpiteet eiv\u00e4t voi est\u00e4\u00e4 kaikkia mahdollisia tietoturvaloukkauksia. Henkil\u00f6tietojen tietoturvaloukkaustilanteissa ilmoitamme sinulle asiasta soveltuvien lakien mukaisesti.<\/p>\n<h3><b>SELOSTEEN MUUTTAMINEN<\/b><\/h3>\n<p>Meill\u00e4 on oikeus muuttaa t\u00e4t\u00e4 Selostetta. Ilmoitamme muutoksista sinulle verkkosivuillamme <a href=\"http:\/\/www.europressgroup.com\">www.europressgroup.com<\/a>, josta l\u00f6yd\u00e4t my\u00f6s viimeisimm\u00e4n version t\u00e4st\u00e4 Selosteesta.<\/p>\n<h3><b>\u00a0OTA YHTEYTT\u00c4<\/b><\/h3>\n<p>Voit kysy\u00e4 t\u00e4st\u00e4 Selosteesta tai tarkempia tietoja henkil\u00f6tietojesi k\u00e4sittelyst\u00e4 ottamalla meihin yhteytt\u00e4 s\u00e4hk\u00f6postitse osoitteeseen <a href=\"mailto:europress@europress.fi\">europress@europress.fi<\/a>.[\/vc_column_text][\/vc_column][\/vc_row]<\/p>\n<\/div>","protected":false},"excerpt":{"rendered":"<p>[vc_row][vc_column width=&#8221;1\/1&#8243;][vc_empty_space empty_h=&#8221;2&#8243;][vc_custom_heading heading_semantic=&#8221;h1&#8243; text_size=&#8221;h1&#8243;]TIETOSUOJASELOSTE TY\u00d6NHAKIJOILLE[\/vc_custom_heading][vc_column_text]T\u00e4m\u00e4 tietosuojaseloste (j\u00e4ljemp\u00e4n\u00e4 \u201dSeloste\u201d) kertoo, kuinka Europress Group Oy ker\u00e4\u00e4, k\u00e4sittelee ja luovuttaa henkil\u00f6tietoja ty\u00f6hakemuksen [&hellip;]<\/p>\n","protected":false},"author":25,"featured_media":75396,"parent":0,"menu_order":0,"comment_status":"closed","ping_status":"closed","template":"","meta":{"footnotes":""},"class_list":["post-108768","page","type-page","status-publish","has-post-thumbnail","hentry"],"yoast_head":"<!-- This site is optimized with the Yoast SEO Premium plugin v27.3 (Yoast SEO v27.3) - https:\/\/yoast.com\/product\/yoast-seo-premium-wordpress\/ -->\n<title>EUROPRESS GROUP OY - TIETOSUOJASELOSTE TY\u00d6NHAKIJOILLE - Europress Group<\/title>\n<meta name=\"description\" content=\"Europress Group Oy tietosuoja ty\u00f6nhakijoille k\u00e4sittelee ty\u00f6nhakijoista s\u00e4ilytett\u00e4vi\u00e4 henkil\u00f6tietoja, niiden k\u00e4ytt\u00f6tarkoituksia sek\u00e4 ty\u00f6nhakijan oikeuksia.\" \/>\n<meta name=\"robots\" content=\"index, follow, max-snippet:-1, max-image-preview:large, max-video-preview:-1\" \/>\n<link rel=\"canonical\" href=\"https:\/\/europressgroup.com\/fi\/tietosuoja-tyonhakija\/\" \/>\n<meta property=\"og:locale\" content=\"fi_FI\" \/>\n<meta property=\"og:type\" content=\"article\" \/>\n<meta property=\"og:title\" content=\"EUROPRESS GROUP OY - TIETOSUOJASELOSTE TY\u00d6NHAKIJOILLE\" \/>\n<meta property=\"og:description\" content=\"TIETOSUOJASELOSTE TY\u00d6NHAKIJOILLET\u00e4m\u00e4 tietosuojaseloste (j\u00e4ljemp\u00e4n\u00e4 \u201dSeloste\u201d) kertoo, kuinka Europress Group Oy ker\u00e4\u00e4, k\u00e4sittelee ja luovuttaa\" \/>\n<meta property=\"og:url\" content=\"https:\/\/europressgroup.com\/fi\/tietosuoja-tyonhakija\/\" \/>\n<meta property=\"og:site_name\" content=\"Europress Group\" \/>\n<meta property=\"article:publisher\" content=\"https:\/\/www.facebook.com\/europresswastehandling\" \/>\n<meta property=\"article:modified_time\" content=\"2022-01-05T07:12:30+00:00\" \/>\n<meta property=\"og:image\" content=\"https:\/\/europressgroup.com\/wp-content\/uploads\/2019\/05\/Europress-smart-waste-compactors-1920x1280px-1024x683.jpg\" \/>\n\t<meta property=\"og:image:width\" content=\"1024\" \/>\n\t<meta property=\"og:image:height\" content=\"683\" \/>\n\t<meta property=\"og:image:type\" content=\"image\/jpeg\" \/>\n<meta name=\"twitter:card\" content=\"summary_large_image\" \/>\n<meta name=\"twitter:site\" content=\"@EPWastehandling\" \/>\n<meta name=\"twitter:label1\" content=\"Arvioitu lukuaika\" \/>\n\t<meta name=\"twitter:data1\" content=\"5 minuuttia\" \/>\n<script type=\"application\/ld+json\" class=\"yoast-schema-graph\">{\"@context\":\"https:\\\/\\\/schema.org\",\"@graph\":[{\"@type\":\"WebPage\",\"@id\":\"https:\\\/\\\/europressgroup.com\\\/fi\\\/tietosuoja-tyonhakija\\\/\",\"url\":\"https:\\\/\\\/europressgroup.com\\\/fi\\\/tietosuoja-tyonhakija\\\/\",\"name\":\"EUROPRESS GROUP OY - TIETOSUOJASELOSTE TY\u00d6NHAKIJOILLE - Europress Group\",\"isPartOf\":{\"@id\":\"https:\\\/\\\/europressgroup.com\\\/fi\\\/#website\"},\"primaryImageOfPage\":{\"@id\":\"https:\\\/\\\/europressgroup.com\\\/fi\\\/tietosuoja-tyonhakija\\\/#primaryimage\"},\"image\":{\"@id\":\"https:\\\/\\\/europressgroup.com\\\/fi\\\/tietosuoja-tyonhakija\\\/#primaryimage\"},\"thumbnailUrl\":\"https:\\\/\\\/europressgroup.com\\\/wp-content\\\/uploads\\\/2019\\\/05\\\/Europress-smart-waste-compactors-1920x1280px.jpg\",\"datePublished\":\"2021-12-31T10:10:55+00:00\",\"dateModified\":\"2022-01-05T07:12:30+00:00\",\"description\":\"Europress Group Oy tietosuoja ty\u00f6nhakijoille k\u00e4sittelee ty\u00f6nhakijoista s\u00e4ilytett\u00e4vi\u00e4 henkil\u00f6tietoja, niiden k\u00e4ytt\u00f6tarkoituksia sek\u00e4 ty\u00f6nhakijan oikeuksia.\",\"breadcrumb\":{\"@id\":\"https:\\\/\\\/europressgroup.com\\\/fi\\\/tietosuoja-tyonhakija\\\/#breadcrumb\"},\"inLanguage\":\"fi\",\"potentialAction\":[{\"@type\":\"ReadAction\",\"target\":[\"https:\\\/\\\/europressgroup.com\\\/fi\\\/tietosuoja-tyonhakija\\\/\"]}]},{\"@type\":\"ImageObject\",\"inLanguage\":\"fi\",\"@id\":\"https:\\\/\\\/europressgroup.com\\\/fi\\\/tietosuoja-tyonhakija\\\/#primaryimage\",\"url\":\"https:\\\/\\\/europressgroup.com\\\/wp-content\\\/uploads\\\/2019\\\/05\\\/Europress-smart-waste-compactors-1920x1280px.jpg\",\"contentUrl\":\"https:\\\/\\\/europressgroup.com\\\/wp-content\\\/uploads\\\/2019\\\/05\\\/Europress-smart-waste-compactors-1920x1280px.jpg\",\"width\":5443,\"height\":3628},{\"@type\":\"BreadcrumbList\",\"@id\":\"https:\\\/\\\/europressgroup.com\\\/fi\\\/tietosuoja-tyonhakija\\\/#breadcrumb\",\"itemListElement\":[{\"@type\":\"ListItem\",\"position\":1,\"name\":\"Home\",\"item\":\"https:\\\/\\\/europressgroup.com\\\/fi\\\/\"},{\"@type\":\"ListItem\",\"position\":2,\"name\":\"EUROPRESS GROUP OY &#8211; TIETOSUOJASELOSTE TY\u00d6NHAKIJOILLE\"}]},{\"@type\":\"WebSite\",\"@id\":\"https:\\\/\\\/europressgroup.com\\\/fi\\\/#website\",\"url\":\"https:\\\/\\\/europressgroup.com\\\/fi\\\/\",\"name\":\"Europress Group\",\"description\":\"Northern European leader in Environmental Technology\",\"publisher\":{\"@id\":\"https:\\\/\\\/europressgroup.com\\\/fi\\\/#organization\"},\"potentialAction\":[{\"@type\":\"SearchAction\",\"target\":{\"@type\":\"EntryPoint\",\"urlTemplate\":\"https:\\\/\\\/europressgroup.com\\\/fi\\\/?s={search_term_string}\"},\"query-input\":{\"@type\":\"PropertyValueSpecification\",\"valueRequired\":true,\"valueName\":\"search_term_string\"}}],\"inLanguage\":\"fi\"},{\"@type\":\"Organization\",\"@id\":\"https:\\\/\\\/europressgroup.com\\\/fi\\\/#organization\",\"name\":\"Europress Group\",\"url\":\"https:\\\/\\\/europressgroup.com\\\/fi\\\/\",\"logo\":{\"@type\":\"ImageObject\",\"inLanguage\":\"fi\",\"@id\":\"https:\\\/\\\/europressgroup.com\\\/fi\\\/#\\\/schema\\\/logo\\\/image\\\/\",\"url\":\"https:\\\/\\\/europressgroup.com\\\/wp-content\\\/uploads\\\/2018\\\/12\\\/Europress-logo-1.png\",\"contentUrl\":\"https:\\\/\\\/europressgroup.com\\\/wp-content\\\/uploads\\\/2018\\\/12\\\/Europress-logo-1.png\",\"width\":478,\"height\":75,\"caption\":\"Europress Group\"},\"image\":{\"@id\":\"https:\\\/\\\/europressgroup.com\\\/fi\\\/#\\\/schema\\\/logo\\\/image\\\/\"},\"sameAs\":[\"https:\\\/\\\/www.facebook.com\\\/europresswastehandling\",\"https:\\\/\\\/x.com\\\/EPWastehandling\",\"https:\\\/\\\/www.instagram.com\\\/europressgroup\\\/\",\"https:\\\/\\\/www.linkedin.com\\\/company\\\/europress\"],\"publishingPrinciples\":\"https:\\\/\\\/europressgroup.com\\\/environment-safety-quality\\\/\",\"ownershipFundingInfo\":\"https:\\\/\\\/europressgroup.com\\\/history\\\/\",\"actionableFeedbackPolicy\":\"https:\\\/\\\/europressgroup.com\\\/customer-feedback\\\/\",\"correctionsPolicy\":\"https:\\\/\\\/europressgroup.com\\\/customer-feedback\\\/\",\"ethicsPolicy\":\"https:\\\/\\\/europressgroup.com\\\/responsibility\\\/\"}]}<\/script>\n<!-- \/ Yoast SEO Premium plugin. -->","yoast_head_json":{"title":"EUROPRESS GROUP OY - TIETOSUOJASELOSTE TY\u00d6NHAKIJOILLE - Europress Group","description":"Europress Group Oy tietosuoja ty\u00f6nhakijoille k\u00e4sittelee ty\u00f6nhakijoista s\u00e4ilytett\u00e4vi\u00e4 henkil\u00f6tietoja, niiden k\u00e4ytt\u00f6tarkoituksia sek\u00e4 ty\u00f6nhakijan oikeuksia.","robots":{"index":"index","follow":"follow","max-snippet":"max-snippet:-1","max-image-preview":"max-image-preview:large","max-video-preview":"max-video-preview:-1"},"canonical":"https:\/\/europressgroup.com\/fi\/tietosuoja-tyonhakija\/","og_locale":"fi_FI","og_type":"article","og_title":"EUROPRESS GROUP OY - TIETOSUOJASELOSTE TY\u00d6NHAKIJOILLE","og_description":"TIETOSUOJASELOSTE TY\u00d6NHAKIJOILLET\u00e4m\u00e4 tietosuojaseloste (j\u00e4ljemp\u00e4n\u00e4 \u201dSeloste\u201d) kertoo, kuinka Europress Group Oy ker\u00e4\u00e4, k\u00e4sittelee ja luovuttaa","og_url":"https:\/\/europressgroup.com\/fi\/tietosuoja-tyonhakija\/","og_site_name":"Europress Group","article_publisher":"https:\/\/www.facebook.com\/europresswastehandling","article_modified_time":"2022-01-05T07:12:30+00:00","og_image":[{"width":1024,"height":683,"url":"https:\/\/europressgroup.com\/wp-content\/uploads\/2019\/05\/Europress-smart-waste-compactors-1920x1280px-1024x683.jpg","type":"image\/jpeg"}],"twitter_card":"summary_large_image","twitter_site":"@EPWastehandling","twitter_misc":{"Arvioitu lukuaika":"5 minuuttia"},"schema":{"@context":"https:\/\/schema.org","@graph":[{"@type":"WebPage","@id":"https:\/\/europressgroup.com\/fi\/tietosuoja-tyonhakija\/","url":"https:\/\/europressgroup.com\/fi\/tietosuoja-tyonhakija\/","name":"EUROPRESS GROUP OY - TIETOSUOJASELOSTE TY\u00d6NHAKIJOILLE - Europress Group","isPartOf":{"@id":"https:\/\/europressgroup.com\/fi\/#website"},"primaryImageOfPage":{"@id":"https:\/\/europressgroup.com\/fi\/tietosuoja-tyonhakija\/#primaryimage"},"image":{"@id":"https:\/\/europressgroup.com\/fi\/tietosuoja-tyonhakija\/#primaryimage"},"thumbnailUrl":"https:\/\/europressgroup.com\/wp-content\/uploads\/2019\/05\/Europress-smart-waste-compactors-1920x1280px.jpg","datePublished":"2021-12-31T10:10:55+00:00","dateModified":"2022-01-05T07:12:30+00:00","description":"Europress Group Oy tietosuoja ty\u00f6nhakijoille k\u00e4sittelee ty\u00f6nhakijoista s\u00e4ilytett\u00e4vi\u00e4 henkil\u00f6tietoja, niiden k\u00e4ytt\u00f6tarkoituksia sek\u00e4 ty\u00f6nhakijan oikeuksia.","breadcrumb":{"@id":"https:\/\/europressgroup.com\/fi\/tietosuoja-tyonhakija\/#breadcrumb"},"inLanguage":"fi","potentialAction":[{"@type":"ReadAction","target":["https:\/\/europressgroup.com\/fi\/tietosuoja-tyonhakija\/"]}]},{"@type":"ImageObject","inLanguage":"fi","@id":"https:\/\/europressgroup.com\/fi\/tietosuoja-tyonhakija\/#primaryimage","url":"https:\/\/europressgroup.com\/wp-content\/uploads\/2019\/05\/Europress-smart-waste-compactors-1920x1280px.jpg","contentUrl":"https:\/\/europressgroup.com\/wp-content\/uploads\/2019\/05\/Europress-smart-waste-compactors-1920x1280px.jpg","width":5443,"height":3628},{"@type":"BreadcrumbList","@id":"https:\/\/europressgroup.com\/fi\/tietosuoja-tyonhakija\/#breadcrumb","itemListElement":[{"@type":"ListItem","position":1,"name":"Home","item":"https:\/\/europressgroup.com\/fi\/"},{"@type":"ListItem","position":2,"name":"EUROPRESS GROUP OY &#8211; TIETOSUOJASELOSTE TY\u00d6NHAKIJOILLE"}]},{"@type":"WebSite","@id":"https:\/\/europressgroup.com\/fi\/#website","url":"https:\/\/europressgroup.com\/fi\/","name":"Europress Group","description":"Northern European leader in Environmental Technology","publisher":{"@id":"https:\/\/europressgroup.com\/fi\/#organization"},"potentialAction":[{"@type":"SearchAction","target":{"@type":"EntryPoint","urlTemplate":"https:\/\/europressgroup.com\/fi\/?s={search_term_string}"},"query-input":{"@type":"PropertyValueSpecification","valueRequired":true,"valueName":"search_term_string"}}],"inLanguage":"fi"},{"@type":"Organization","@id":"https:\/\/europressgroup.com\/fi\/#organization","name":"Europress Group","url":"https:\/\/europressgroup.com\/fi\/","logo":{"@type":"ImageObject","inLanguage":"fi","@id":"https:\/\/europressgroup.com\/fi\/#\/schema\/logo\/image\/","url":"https:\/\/europressgroup.com\/wp-content\/uploads\/2018\/12\/Europress-logo-1.png","contentUrl":"https:\/\/europressgroup.com\/wp-content\/uploads\/2018\/12\/Europress-logo-1.png","width":478,"height":75,"caption":"Europress Group"},"image":{"@id":"https:\/\/europressgroup.com\/fi\/#\/schema\/logo\/image\/"},"sameAs":["https:\/\/www.facebook.com\/europresswastehandling","https:\/\/x.com\/EPWastehandling","https:\/\/www.instagram.com\/europressgroup\/","https:\/\/www.linkedin.com\/company\/europress"],"publishingPrinciples":"https:\/\/europressgroup.com\/environment-safety-quality\/","ownershipFundingInfo":"https:\/\/europressgroup.com\/history\/","actionableFeedbackPolicy":"https:\/\/europressgroup.com\/customer-feedback\/","correctionsPolicy":"https:\/\/europressgroup.com\/customer-feedback\/","ethicsPolicy":"https:\/\/europressgroup.com\/responsibility\/"}]}},"_links":{"self":[{"href":"https:\/\/europressgroup.com\/fi\/wp-json\/wp\/v2\/pages\/108768","targetHints":{"allow":["GET"]}}],"collection":[{"href":"https:\/\/europressgroup.com\/fi\/wp-json\/wp\/v2\/pages"}],"about":[{"href":"https:\/\/europressgroup.com\/fi\/wp-json\/wp\/v2\/types\/page"}],"author":[{"embeddable":true,"href":"https:\/\/europressgroup.com\/fi\/wp-json\/wp\/v2\/users\/25"}],"replies":[{"embeddable":true,"href":"https:\/\/europressgroup.com\/fi\/wp-json\/wp\/v2\/comments?post=108768"}],"version-history":[{"count":5,"href":"https:\/\/europressgroup.com\/fi\/wp-json\/wp\/v2\/pages\/108768\/revisions"}],"predecessor-version":[{"id":108926,"href":"https:\/\/europressgroup.com\/fi\/wp-json\/wp\/v2\/pages\/108768\/revisions\/108926"}],"wp:featuredmedia":[{"embeddable":true,"href":"https:\/\/europressgroup.com\/fi\/wp-json\/wp\/v2\/media\/75396"}],"wp:attachment":[{"href":"https:\/\/europressgroup.com\/fi\/wp-json\/wp\/v2\/media?parent=108768"}],"curies":[{"name":"wp","href":"https:\/\/api.w.org\/{rel}","templated":true}]}}