{"id":108763,"date":"2021-12-30T11:56:09","date_gmt":"2021-12-30T09:56:09","guid":{"rendered":"https:\/\/europressgroup.com\/?page_id=108763"},"modified":"2022-05-23T09:18:15","modified_gmt":"2022-05-23T06:18:15","slug":"historia","status":"publish","type":"page","link":"https:\/\/europressgroup.com\/fi\/historia\/","title":{"rendered":"Historia"},"content":{"rendered":"<div class=\"wpb-content-wrapper\"><p>[vc_row row_height_percent=&#8221;0&#8243; override_padding=&#8221;yes&#8221; h_padding=&#8221;2&#8243; top_padding=&#8221;3&#8243; bottom_padding=&#8221;4&#8243; back_color=&#8221;color-gyho&#8221; overlay_alpha=&#8221;100&#8243; gutter_size=&#8221;100&#8243; column_width_percent=&#8221;100&#8243; shift_y=&#8221;0&#8243; z_index=&#8221;0&#8243; style=&#8221;dark&#8221; row_name=&#8221;Design &amp; Quality&#8221;][vc_column column_width_use_pixel=&#8221;yes&#8221; align_horizontal=&#8221;align_center&#8221; gutter_size=&#8221;3&#8243; overlay_alpha=&#8221;100&#8243; shift_x=&#8221;0&#8243; shift_y=&#8221;0&#8243; medium_width=&#8221;0&#8243; zoom_width=&#8221;0&#8243; zoom_height=&#8221;0&#8243; width=&#8221;1\/1&#8243; column_width_pixel=&#8221;800&#8243;][vc_custom_heading heading_semantic=&#8221;h1&#8243; text_size=&#8221;h1&#8243; text_transform=&#8221;uppercase&#8221; separator=&#8221;yes&#8221; separator_color=&#8221;yes&#8221; sub_lead=&#8221;yes&#8221; sub_reduced=&#8221;yes&#8221; subheading=&#8221;Europress perustettiin vuonna 1977 ja ensimm\u00e4inen oma tehdas aloitti toimintansa vuonna 1984 Pohjan kunnassa. Nykyisin Europressin moderni j\u00e4tepuristin- ja paalaintehdas Keravan Huhtimossa tuottaa vuosittain yli 1000 huippulaatuista j\u00e4tehuoltolaitetta vastuullisuutta arvostaville asiakkaillemme ymp\u00e4ri maailman.&#8221;]Historia[\/vc_custom_heading][\/vc_column][\/vc_row][vc_row][vc_column width=&#8221;1\/1&#8243;][vc_row_inner limit_content=&#8221;&#8221;][vc_column_inner width=&#8221;1\/2&#8243;][vc_column_text]<em>Ensimm\u00e4inen j\u00e4tepuristin, nimelt\u00e4\u00e4n Europak 150, myytiin 48 100 markan kauppahinnalla Keskolle Kuopioon, osoitteeseen P\u00e4iv\u00e4rannantie 18. Siihen aikaan ajatus j\u00e4tteiden puristamisesta oli viel\u00e4 uusi ja lajittelu harvinaista, mutta ajat ovat muuttuneet: nykyisin samassa osoitteessa lajitellaan kierr\u00e4tysmateriaaleja sek\u00e4 K-Citymarketin omassa j\u00e4tepisteess\u00e4 ett\u00e4 kuluttajille tarkoitetussa Rinki-ekopisteess\u00e4.<\/em>[\/vc_column_text][\/vc_column_inner][vc_column_inner width=&#8221;1\/2&#8243;][vc_single_image media=&#8221;109141&#8243; media_lightbox=&#8221;yes&#8221; media_width_percent=&#8221;100&#8243;][vc_column_text]<\/p>\n<h5><em>Alkuaikoja toimistolla. Vasemmalla Matti Turunen ja oikealla Markku Aalto, joka siirtyi my\u00f6hemmin muualle t\u00f6ihin.<\/em><\/h5>\n<p>[\/vc_column_text][\/vc_column_inner][\/vc_row_inner][vc_row_inner limit_content=&#8221;&#8221;][vc_column_inner width=&#8221;2\/3&#8243;][vc_custom_heading]Europress perustetaan[\/vc_custom_heading][vc_column_text]Europressin tarina alkaa vuodesta 1977, jolloin yhti\u00f6n toimitusjohtajana edelleen ty\u00f6skentelev\u00e4 Matti Turunen perusti yrityksen yhdess\u00e4 Markku Aallon kanssa. Kahdella nuorella miehell\u00e4 oli halu tehd\u00e4 osansa kasvavista j\u00e4tevuorista koituvien ongelmien ratkaisemiseksi alkamalla myyd\u00e4 j\u00e4tepuristimia, joiden avulla j\u00e4tteet saatiin pakattua pienemp\u00e4\u00e4n tilaan. N\u00e4in he perustivat Europressin 9.12.1977, ja py\u00f6rittiv\u00e4t sit\u00e4 kahden hengen voimin ensimm\u00e4iset kolme vuotta.<\/p>\n<p>Aluksi Europressin myym\u00e4t tuotteet valmistettiin kotimaisena alihankintaty\u00f6n\u00e4. Ensimm\u00e4isen\u00e4 toimintavuonna tehtiin kaupat kahdeksasta puristimesta. Toisena vuonna myytyjen laitteiden m\u00e4\u00e4r\u00e4 l\u00e4hes tuplattiin. Kolmas vuosi oli n\u00e4yt\u00f6n paikka, sill\u00e4 siihen menness\u00e4 oli tavoitteena saada toiminta kannattamaan. J\u00e4tepuristimia myytiin vuoden aikana kaikkiaan 31 kappaletta, vuosi k\u00e4\u00e4ntyi voitolliseksi ja kasvu l\u00e4hti k\u00e4yntiin.[\/vc_column_text][\/vc_column_inner][vc_column_inner width=&#8221;1\/3&#8243;][vc_single_image media=&#8221;109150&#8243; media_lightbox=&#8221;yes&#8221; media_width_percent=&#8221;100&#8243;][vc_column_text]<\/p>\n<h5><em>J\u00e4tepuristimet olivat aluksi kulmikkaita ja kontti oli irrotettava. Tuotemuotoilua ja Combi-malleja alettiin tehd\u00e4 1990-luvulla.<\/em><\/h5>\n<p>[\/vc_column_text][\/vc_column_inner][\/vc_row_inner][vc_row_inner limit_content=&#8221;&#8221;][vc_column_inner width=&#8221;2\/3&#8243;][vc_custom_heading]Huoltopalvelu mukana alusta saakka[\/vc_custom_heading][vc_column_text]T\u00e4m\u00e4n j\u00e4lkeen tappiollisia vuosia ei Europressill\u00e4 olekaan ollut, lukuun ottamatta syv\u00e4n laman j\u00e4lkeist\u00e4 vuotta 1995. Sit\u00e4 ennen oli kuitenkin ehtinyt tapahtua paljon sellaista, mik\u00e4 auttoi selviytym\u00e4\u00e4n haasteista ja pohjusti my\u00f6s tulevaa kasvua. Jo vuonna 1980 aloitettiin leasing-kauppa, mik\u00e4 oli uraauurtava ratkaisu. My\u00f6s huoltotoimintaa kehitettiin. Laitehuolto oli ollut osa palvelupalettia, aluksi ostopalveluna ja 1980-luvulta l\u00e4htien oman huolto-osaston voimin. Aluksi huollon leiviss\u00e4 ty\u00f6skenteli kaksi asentajaa, jotka palvelivat asiakkaita kaikkialla Suomessa. Europressin huoltopalvelu on siis ollut maankattava jo alkumetreilt\u00e4 saakka.[\/vc_column_text][\/vc_column_inner][vc_column_inner width=&#8221;1\/3&#8243;][vc_single_image media=&#8221;109159&#8243; media_lightbox=&#8221;yes&#8221; media_width_percent=&#8221;100&#8243;][vc_column_text]<\/p>\n<h5><em>Europressin ensimm\u00e4inen huoltoauto asiakaskohteessa.<\/em><\/h5>\n<p>[\/vc_column_text][\/vc_column_inner][\/vc_row_inner][vc_row_inner limit_content=&#8221;&#8221;][vc_column_inner width=&#8221;2\/3&#8243;][vc_custom_heading]<\/p>\n<h2>Oma tuotanto k\u00e4ynnistyy<\/h2>\n<p>[\/vc_custom_heading][vc_column_text]Vuonna 1984 Europress laajensi toimintaansa aloittamalla oman tuotannon Pohjan kunnassa, jossa ennest\u00e4\u00e4n oli valmistukseen sopivat tilat. Toimittuaan kymmenen vuotta Pohjassa oli tuotanto kasvanut siin\u00e4 m\u00e4\u00e4rin, ett\u00e4 tarvittiin isompia tiloja. Sellaiset l\u00f6ytyiv\u00e4t Vantaan Hakkilasta, jonne muutettiin vuonna 1994.<\/p>\n<p>Kotimaisesta tuotannosta ja korkeatasoisesta suunnittelusta kasvoi vuosien varrella yrityksen ydin ja ylpeyden aihe. Nykyinen tehdas nousi Keravan Huhtimoon vuonna 2009. Sen toiminnassa on kiinnitetty erityist\u00e4 huomiota turvallisen, tehokkaan ja siistin ty\u00f6skentely-ymp\u00e4rist\u00f6n kehitt\u00e4miseen. Tuotannon henkil\u00f6st\u00f6m\u00e4\u00e4r\u00e4 on noussut ensimm\u00e4isen tehtaan seitsem\u00e4st\u00e4 t\u00e4m\u00e4n p\u00e4iv\u00e4n noin seitsem\u00e4\u00e4nkymmeneen, ja tehtaan johdossa sek\u00e4 suunnitteluosastolla ty\u00f6skentelee nykyisin parisenkymment\u00e4 asiantuntijaa.[\/vc_column_text][\/vc_column_inner][vc_column_inner width=&#8221;1\/3&#8243;][vc_single_image media=&#8221;109168&#8243; media_lightbox=&#8221;yes&#8221; media_width_percent=&#8221;100&#8243;][vc_column_text]<\/p>\n<h5><em>Pohjan tehdas 1980-luvulla. T\u00e4\u00e4ll\u00e4 k\u00e4ynnistettiin oma tuotanto.<\/em><\/h5>\n<p>[\/vc_column_text][\/vc_column_inner][\/vc_row_inner][vc_row_inner limit_content=&#8221;&#8221;][vc_column_inner width=&#8221;1\/2&#8243;][vc_custom_heading]<\/p>\n<h2>Kohti maailman markkinoita<\/h2>\n<p>[\/vc_custom_heading][vc_column_text]Laajentuminen ulkomaille aloitettiin jo Pohjan tehtaan aikana 1990-luvun alussa. Ensin tuotteita myytiin rajojen yli paikallisten kumppanien kautta, mutta vuoteen 2010 menness\u00e4 oli perustettu omat myynti- ja huoltoyhti\u00f6t kaikkiin naapurimaihin. T\u00e4m\u00e4n j\u00e4lkeen markkina-aluetta on laajennettu edelleen Eurooppaan ja maailmalle sek\u00e4 tyt\u00e4ryhti\u00f6iden ett\u00e4 yhteisty\u00f6kumppanien avulla.<\/p>\n<p>Uudella vuosituhannella on keskitytty yh\u00e4 enemm\u00e4n edell\u00e4k\u00e4vijyyteen.\u00a0 \u00c4lytekniikkaa alettiin kehitt\u00e4\u00e4 ja se p\u00e4\u00e4tettiin nostaa Europressin ensisijaiseksi kilpailuvaltiksi.<\/p>\n<p>Vuonna 2015 saatiin yhti\u00f6n historian suurin kertatilaus, jolla tuotiin j\u00e4tepuristimet suomalaisten kuluttajien k\u00e4ytt\u00f6\u00f6n Rinki-ekopisteisiin. Yli 400 j\u00e4tepuristimen kauppa mahdollisti tehtaan laajennuksen.<\/p>\n<p>Vuonna 2022 Europress t\u00e4ytt\u00e4\u00e4 45 vuotta. \u00c4lykk\u00e4\u00e4n j\u00e4tehuollon eli Europress SMART -j\u00e4rjestelm\u00e4n kehitt\u00e4minen on toiminnan keski\u00f6ss\u00e4. Tuotantokapasiteettia kasvatetaan jatkuvasti vastaamaan laajenevan asiakaskunnan tarpeisiin. Uusimpia parannuksia on vuonna 2021 tehtaan katolle asennettu aurinkovoimala, jolla katetaan jatkossa tuotannon s\u00e4hk\u00f6nkulutuksesta 15 prosenttia.[\/vc_column_text][\/vc_column_inner][vc_column_inner width=&#8221;1\/2&#8243;][vc_single_image media=&#8221;109195&#8243; media_lightbox=&#8221;yes&#8221; media_width_percent=&#8221;100&#8243;][vc_column_text]<\/p>\n<h5><em>Jarmo Solin (vas.) ja Marko Aaltio (oik.) tulivat Europressin osakkaiksi vuonna 1997. My\u00f6hemmin osakaskuntaa laajennettiin my\u00f6s muilla yrityksess\u00e4 ty\u00f6skentelevill\u00e4 avainhenkil\u00f6ill\u00e4. Kuvassa keskell\u00e4 Matti Turunen.<\/em><\/h5>\n<p>[\/vc_column_text][\/vc_column_inner][\/vc_row_inner][\/vc_column][\/vc_row][vc_row row_height_percent=&#8221;0&#8243; back_color=&#8221;color-gyho&#8221; overlay_alpha=&#8221;50&#8243; gutter_size=&#8221;3&#8243; column_width_percent=&#8221;100&#8243; shift_y=&#8221;0&#8243; z_index=&#8221;0&#8243;][vc_column column_width_percent=&#8221;100&#8243; align_horizontal=&#8221;align_center&#8221; gutter_size=&#8221;3&#8243; override_padding=&#8221;yes&#8221; column_padding=&#8221;3&#8243; overlay_alpha=&#8221;50&#8243; shift_x=&#8221;0&#8243; shift_y=&#8221;0&#8243; shift_y_down=&#8221;0&#8243; z_index=&#8221;0&#8243; medium_width=&#8221;0&#8243; mobile_width=&#8221;0&#8243; width=&#8221;1\/1&#8243;][vc_custom_heading]LUE LIS\u00c4\u00c4 RATKAISUISTAMME[\/vc_custom_heading][vc_button button_color=&#8221;color-wayh&#8221; size=&#8221;btn-lg&#8221; radius=&#8221;btn-circle&#8221; border_width=&#8221;0&#8243; link=&#8221;url:https%3A%2F%2Feuropressgroup.com%2Ffi%2Fjatehuoltoratkaisut%2F|title:Ratkaisumme&#8221;]LUE LIS\u00c4\u00c4[\/vc_button][\/vc_column][\/vc_row]<\/p>\n<\/div>","protected":false},"excerpt":{"rendered":"<p>[vc_row row_height_percent=&#8221;0&#8243; override_padding=&#8221;yes&#8221; h_padding=&#8221;2&#8243; top_padding=&#8221;3&#8243; bottom_padding=&#8221;4&#8243; back_color=&#8221;color-gyho&#8221; overlay_alpha=&#8221;100&#8243; gutter_size=&#8221;100&#8243; column_width_percent=&#8221;100&#8243; shift_y=&#8221;0&#8243; z_index=&#8221;0&#8243; style=&#8221;dark&#8221; row_name=&#8221;Design &amp; Quality&#8221;][vc_column column_width_use_pixel=&#8221;yes&#8221; align_horizontal=&#8221;align_center&#8221; gutter_size=&#8221;3&#8243; overlay_alpha=&#8221;100&#8243; [&hellip;]<\/p>\n","protected":false},"author":25,"featured_media":109214,"parent":0,"menu_order":0,"comment_status":"closed","ping_status":"closed","template":"","meta":{"footnotes":""},"class_list":["post-108763","page","type-page","status-publish","has-post-thumbnail","hentry"],"yoast_head":"<!-- This site is optimized with the Yoast SEO Premium plugin v27.3 (Yoast SEO v27.3) - https:\/\/yoast.com\/product\/yoast-seo-premium-wordpress\/ -->\n<title>Historia - Europress Group<\/title>\n<meta name=\"robots\" content=\"index, follow, max-snippet:-1, max-image-preview:large, max-video-preview:-1\" \/>\n<link rel=\"canonical\" href=\"https:\/\/europressgroup.com\/fi\/historia\/\" \/>\n<meta property=\"og:locale\" content=\"fi_FI\" \/>\n<meta property=\"og:type\" content=\"article\" \/>\n<meta property=\"og:title\" content=\"Historia\" \/>\n<meta property=\"og:description\" content=\"HistoriaEnsimm\u00e4inen j\u00e4tepuristin, nimelt\u00e4\u00e4n Europak 150, myytiin 48 100 markan kauppahinnalla Keskolle Kuopioon, osoitteeseen P\u00e4iv\u00e4rannantie 18. Siihen\" \/>\n<meta property=\"og:url\" content=\"https:\/\/europressgroup.com\/fi\/historia\/\" \/>\n<meta property=\"og:site_name\" content=\"Europress Group\" \/>\n<meta property=\"article:publisher\" content=\"https:\/\/www.facebook.com\/europresswastehandling\" \/>\n<meta property=\"article:modified_time\" content=\"2022-05-23T06:18:15+00:00\" \/>\n<meta property=\"og:image\" content=\"https:\/\/europressgroup.com\/wp-content\/uploads\/2022\/01\/IMG_0133-scaled.jpg\" \/>\n\t<meta property=\"og:image:width\" content=\"2560\" \/>\n\t<meta property=\"og:image:height\" content=\"1707\" \/>\n\t<meta property=\"og:image:type\" content=\"image\/jpeg\" \/>\n<meta name=\"twitter:card\" content=\"summary_large_image\" \/>\n<meta name=\"twitter:site\" content=\"@EPWastehandling\" \/>\n<meta name=\"twitter:label1\" content=\"Arvioitu lukuaika\" \/>\n\t<meta name=\"twitter:data1\" content=\"3 minuuttia\" \/>\n<script type=\"application\/ld+json\" class=\"yoast-schema-graph\">{\"@context\":\"https:\\\/\\\/schema.org\",\"@graph\":[{\"@type\":\"WebPage\",\"@id\":\"https:\\\/\\\/europressgroup.com\\\/fi\\\/historia\\\/\",\"url\":\"https:\\\/\\\/europressgroup.com\\\/fi\\\/historia\\\/\",\"name\":\"Historia - Europress Group\",\"isPartOf\":{\"@id\":\"https:\\\/\\\/europressgroup.com\\\/fi\\\/#website\"},\"primaryImageOfPage\":{\"@id\":\"https:\\\/\\\/europressgroup.com\\\/fi\\\/historia\\\/#primaryimage\"},\"image\":{\"@id\":\"https:\\\/\\\/europressgroup.com\\\/fi\\\/historia\\\/#primaryimage\"},\"thumbnailUrl\":\"https:\\\/\\\/europressgroup.com\\\/wp-content\\\/uploads\\\/2022\\\/01\\\/IMG_0133-scaled.jpg\",\"datePublished\":\"2021-12-30T09:56:09+00:00\",\"dateModified\":\"2022-05-23T06:18:15+00:00\",\"breadcrumb\":{\"@id\":\"https:\\\/\\\/europressgroup.com\\\/fi\\\/historia\\\/#breadcrumb\"},\"inLanguage\":\"fi\",\"potentialAction\":[{\"@type\":\"ReadAction\",\"target\":[\"https:\\\/\\\/europressgroup.com\\\/fi\\\/historia\\\/\"]}]},{\"@type\":\"ImageObject\",\"inLanguage\":\"fi\",\"@id\":\"https:\\\/\\\/europressgroup.com\\\/fi\\\/historia\\\/#primaryimage\",\"url\":\"https:\\\/\\\/europressgroup.com\\\/wp-content\\\/uploads\\\/2022\\\/01\\\/IMG_0133-scaled.jpg\",\"contentUrl\":\"https:\\\/\\\/europressgroup.com\\\/wp-content\\\/uploads\\\/2022\\\/01\\\/IMG_0133-scaled.jpg\",\"width\":1920,\"height\":1280},{\"@type\":\"BreadcrumbList\",\"@id\":\"https:\\\/\\\/europressgroup.com\\\/fi\\\/historia\\\/#breadcrumb\",\"itemListElement\":[{\"@type\":\"ListItem\",\"position\":1,\"name\":\"Home\",\"item\":\"https:\\\/\\\/europressgroup.com\\\/fi\\\/\"},{\"@type\":\"ListItem\",\"position\":2,\"name\":\"Historia\"}]},{\"@type\":\"WebSite\",\"@id\":\"https:\\\/\\\/europressgroup.com\\\/fi\\\/#website\",\"url\":\"https:\\\/\\\/europressgroup.com\\\/fi\\\/\",\"name\":\"Europress Group\",\"description\":\"Northern European leader in Environmental Technology\",\"publisher\":{\"@id\":\"https:\\\/\\\/europressgroup.com\\\/fi\\\/#organization\"},\"potentialAction\":[{\"@type\":\"SearchAction\",\"target\":{\"@type\":\"EntryPoint\",\"urlTemplate\":\"https:\\\/\\\/europressgroup.com\\\/fi\\\/?s={search_term_string}\"},\"query-input\":{\"@type\":\"PropertyValueSpecification\",\"valueRequired\":true,\"valueName\":\"search_term_string\"}}],\"inLanguage\":\"fi\"},{\"@type\":\"Organization\",\"@id\":\"https:\\\/\\\/europressgroup.com\\\/fi\\\/#organization\",\"name\":\"Europress Group\",\"url\":\"https:\\\/\\\/europressgroup.com\\\/fi\\\/\",\"logo\":{\"@type\":\"ImageObject\",\"inLanguage\":\"fi\",\"@id\":\"https:\\\/\\\/europressgroup.com\\\/fi\\\/#\\\/schema\\\/logo\\\/image\\\/\",\"url\":\"https:\\\/\\\/europressgroup.com\\\/wp-content\\\/uploads\\\/2018\\\/12\\\/Europress-logo-1.png\",\"contentUrl\":\"https:\\\/\\\/europressgroup.com\\\/wp-content\\\/uploads\\\/2018\\\/12\\\/Europress-logo-1.png\",\"width\":478,\"height\":75,\"caption\":\"Europress Group\"},\"image\":{\"@id\":\"https:\\\/\\\/europressgroup.com\\\/fi\\\/#\\\/schema\\\/logo\\\/image\\\/\"},\"sameAs\":[\"https:\\\/\\\/www.facebook.com\\\/europresswastehandling\",\"https:\\\/\\\/x.com\\\/EPWastehandling\",\"https:\\\/\\\/www.instagram.com\\\/europressgroup\\\/\",\"https:\\\/\\\/www.linkedin.com\\\/company\\\/europress\"],\"publishingPrinciples\":\"https:\\\/\\\/europressgroup.com\\\/environment-safety-quality\\\/\",\"ownershipFundingInfo\":\"https:\\\/\\\/europressgroup.com\\\/history\\\/\",\"actionableFeedbackPolicy\":\"https:\\\/\\\/europressgroup.com\\\/customer-feedback\\\/\",\"correctionsPolicy\":\"https:\\\/\\\/europressgroup.com\\\/customer-feedback\\\/\",\"ethicsPolicy\":\"https:\\\/\\\/europressgroup.com\\\/responsibility\\\/\"}]}<\/script>\n<!-- \/ Yoast SEO Premium plugin. -->","yoast_head_json":{"title":"Historia - Europress Group","robots":{"index":"index","follow":"follow","max-snippet":"max-snippet:-1","max-image-preview":"max-image-preview:large","max-video-preview":"max-video-preview:-1"},"canonical":"https:\/\/europressgroup.com\/fi\/historia\/","og_locale":"fi_FI","og_type":"article","og_title":"Historia","og_description":"HistoriaEnsimm\u00e4inen j\u00e4tepuristin, nimelt\u00e4\u00e4n Europak 150, myytiin 48 100 markan kauppahinnalla Keskolle Kuopioon, osoitteeseen P\u00e4iv\u00e4rannantie 18. Siihen","og_url":"https:\/\/europressgroup.com\/fi\/historia\/","og_site_name":"Europress Group","article_publisher":"https:\/\/www.facebook.com\/europresswastehandling","article_modified_time":"2022-05-23T06:18:15+00:00","og_image":[{"width":2560,"height":1707,"url":"https:\/\/europressgroup.com\/wp-content\/uploads\/2022\/01\/IMG_0133-scaled.jpg","type":"image\/jpeg"}],"twitter_card":"summary_large_image","twitter_site":"@EPWastehandling","twitter_misc":{"Arvioitu lukuaika":"3 minuuttia"},"schema":{"@context":"https:\/\/schema.org","@graph":[{"@type":"WebPage","@id":"https:\/\/europressgroup.com\/fi\/historia\/","url":"https:\/\/europressgroup.com\/fi\/historia\/","name":"Historia - Europress Group","isPartOf":{"@id":"https:\/\/europressgroup.com\/fi\/#website"},"primaryImageOfPage":{"@id":"https:\/\/europressgroup.com\/fi\/historia\/#primaryimage"},"image":{"@id":"https:\/\/europressgroup.com\/fi\/historia\/#primaryimage"},"thumbnailUrl":"https:\/\/europressgroup.com\/wp-content\/uploads\/2022\/01\/IMG_0133-scaled.jpg","datePublished":"2021-12-30T09:56:09+00:00","dateModified":"2022-05-23T06:18:15+00:00","breadcrumb":{"@id":"https:\/\/europressgroup.com\/fi\/historia\/#breadcrumb"},"inLanguage":"fi","potentialAction":[{"@type":"ReadAction","target":["https:\/\/europressgroup.com\/fi\/historia\/"]}]},{"@type":"ImageObject","inLanguage":"fi","@id":"https:\/\/europressgroup.com\/fi\/historia\/#primaryimage","url":"https:\/\/europressgroup.com\/wp-content\/uploads\/2022\/01\/IMG_0133-scaled.jpg","contentUrl":"https:\/\/europressgroup.com\/wp-content\/uploads\/2022\/01\/IMG_0133-scaled.jpg","width":1920,"height":1280},{"@type":"BreadcrumbList","@id":"https:\/\/europressgroup.com\/fi\/historia\/#breadcrumb","itemListElement":[{"@type":"ListItem","position":1,"name":"Home","item":"https:\/\/europressgroup.com\/fi\/"},{"@type":"ListItem","position":2,"name":"Historia"}]},{"@type":"WebSite","@id":"https:\/\/europressgroup.com\/fi\/#website","url":"https:\/\/europressgroup.com\/fi\/","name":"Europress Group","description":"Northern European leader in Environmental Technology","publisher":{"@id":"https:\/\/europressgroup.com\/fi\/#organization"},"potentialAction":[{"@type":"SearchAction","target":{"@type":"EntryPoint","urlTemplate":"https:\/\/europressgroup.com\/fi\/?s={search_term_string}"},"query-input":{"@type":"PropertyValueSpecification","valueRequired":true,"valueName":"search_term_string"}}],"inLanguage":"fi"},{"@type":"Organization","@id":"https:\/\/europressgroup.com\/fi\/#organization","name":"Europress Group","url":"https:\/\/europressgroup.com\/fi\/","logo":{"@type":"ImageObject","inLanguage":"fi","@id":"https:\/\/europressgroup.com\/fi\/#\/schema\/logo\/image\/","url":"https:\/\/europressgroup.com\/wp-content\/uploads\/2018\/12\/Europress-logo-1.png","contentUrl":"https:\/\/europressgroup.com\/wp-content\/uploads\/2018\/12\/Europress-logo-1.png","width":478,"height":75,"caption":"Europress Group"},"image":{"@id":"https:\/\/europressgroup.com\/fi\/#\/schema\/logo\/image\/"},"sameAs":["https:\/\/www.facebook.com\/europresswastehandling","https:\/\/x.com\/EPWastehandling","https:\/\/www.instagram.com\/europressgroup\/","https:\/\/www.linkedin.com\/company\/europress"],"publishingPrinciples":"https:\/\/europressgroup.com\/environment-safety-quality\/","ownershipFundingInfo":"https:\/\/europressgroup.com\/history\/","actionableFeedbackPolicy":"https:\/\/europressgroup.com\/customer-feedback\/","correctionsPolicy":"https:\/\/europressgroup.com\/customer-feedback\/","ethicsPolicy":"https:\/\/europressgroup.com\/responsibility\/"}]}},"_links":{"self":[{"href":"https:\/\/europressgroup.com\/fi\/wp-json\/wp\/v2\/pages\/108763","targetHints":{"allow":["GET"]}}],"collection":[{"href":"https:\/\/europressgroup.com\/fi\/wp-json\/wp\/v2\/pages"}],"about":[{"href":"https:\/\/europressgroup.com\/fi\/wp-json\/wp\/v2\/types\/page"}],"author":[{"embeddable":true,"href":"https:\/\/europressgroup.com\/fi\/wp-json\/wp\/v2\/users\/25"}],"replies":[{"embeddable":true,"href":"https:\/\/europressgroup.com\/fi\/wp-json\/wp\/v2\/comments?post=108763"}],"version-history":[{"count":20,"href":"https:\/\/europressgroup.com\/fi\/wp-json\/wp\/v2\/pages\/108763\/revisions"}],"predecessor-version":[{"id":113326,"href":"https:\/\/europressgroup.com\/fi\/wp-json\/wp\/v2\/pages\/108763\/revisions\/113326"}],"wp:featuredmedia":[{"embeddable":true,"href":"https:\/\/europressgroup.com\/fi\/wp-json\/wp\/v2\/media\/109214"}],"wp:attachment":[{"href":"https:\/\/europressgroup.com\/fi\/wp-json\/wp\/v2\/media?parent=108763"}],"curies":[{"name":"wp","href":"https:\/\/api.w.org\/{rel}","templated":true}]}}