{"id":100804,"date":"2021-04-28T12:33:55","date_gmt":"2021-04-28T09:33:55","guid":{"rendered":"https:\/\/europressgroup.com\/?page_id=100804"},"modified":"2022-01-27T13:51:01","modified_gmt":"2022-01-27T11:51:01","slug":"skip-container-tracking","status":"publish","type":"page","link":"https:\/\/europressgroup.com\/fi\/skip-container-tracking\/","title":{"rendered":"Skip Container Tracking"},"content":{"rendered":"<div class=\"wpb-content-wrapper\"><p>[vc_row row_height_percent=&#8221;0&#8243; override_padding=&#8221;yes&#8221; h_padding=&#8221;2&#8243; top_padding=&#8221;4&#8243; bottom_padding=&#8221;1&#8243; overlay_alpha=&#8221;50&#8243; equal_height=&#8221;yes&#8221; gutter_size=&#8221;3&#8243; column_width_percent=&#8221;100&#8243; shift_y=&#8221;0&#8243; z_index=&#8221;0&#8243; row_name=&#8221;Highlights&#8221;][vc_column column_width_percent=&#8221;100&#8243; position_horizontal=&#8221;left&#8221; position_vertical=&#8221;middle&#8221; gutter_size=&#8221;3&#8243; override_padding=&#8221;yes&#8221; column_padding=&#8221;2&#8243; overlay_alpha=&#8221;50&#8243; shift_x=&#8221;0&#8243; shift_y=&#8221;0&#8243; shift_y_down=&#8221;0&#8243; z_index=&#8221;0&#8243; medium_width=&#8221;4&#8243; mobile_width=&#8221;0&#8243; zoom_width=&#8221;0&#8243; zoom_height=&#8221;0&#8243; width=&#8221;1\/2&#8243;][vc_single_image media=&#8221;100819&#8243; media_width_percent=&#8221;85&#8243; alignment=&#8221;center&#8221; image=&#8221;2286&#8243; border_color=&#8221;grey&#8221; img_link_target=&#8221;_self&#8221; img_size=&#8221;full&#8221;][\/vc_column][vc_column column_width_percent=&#8221;100&#8243; position_vertical=&#8221;middle&#8221; align_horizontal=&#8221;align_center&#8221; gutter_size=&#8221;3&#8243; expand_height=&#8221;yes&#8221; overlay_alpha=&#8221;50&#8243; shift_x=&#8221;0&#8243; shift_y=&#8221;0&#8243; shift_y_down=&#8221;0&#8243; z_index=&#8221;0&#8243; medium_width=&#8221;4&#8243; mobile_width=&#8221;0&#8243; zoom_width=&#8221;0&#8243; zoom_height=&#8221;0&#8243; width=&#8221;1\/6&#8243;][vc_icon icon=&#8221;fa fa-recycle&#8221; size=&#8221;fa-3x&#8221; text_height=&#8221;fontheight-179065&#8243; title=&#8221;K\u00c4YTT\u00d6&#8221;]Siirtolavat<\/p>\n<p>Kontit<\/p>\n<p>Muut ei-s\u00e4hk\u00f6iset ker\u00e4ysv\u00e4lineet[\/vc_icon][\/vc_column][vc_column column_width_percent=&#8221;100&#8243; align_horizontal=&#8221;align_center&#8221; gutter_size=&#8221;3&#8243; expand_height=&#8221;yes&#8221; overlay_alpha=&#8221;50&#8243; shift_x=&#8221;0&#8243; shift_y=&#8221;0&#8243; shift_y_down=&#8221;0&#8243; z_index=&#8221;0&#8243; medium_width=&#8221;0&#8243; mobile_width=&#8221;0&#8243; width=&#8221;1\/6&#8243;][vc_icon icon=&#8221;fa fa-cogs&#8221; size=&#8221;fa-3x&#8221; text_height=&#8221;fontheight-179065&#8243; title=&#8221;OMINAISUUDET&#8221;]Karttan\u00e4kym\u00e4<\/p>\n<p>Mobiilisovellus<\/p>\n<p>Pitk\u00e4 akunkesto<\/p>\n<p>Kest\u00e4v\u00e4 ja huoltovapaa<\/p>\n<p>Sijainti-, liike- ja l\u00e4mp\u00f6tilaseuranta[\/vc_icon][\/vc_column][\/vc_row][vc_row row_height_percent=&#8221;0&#8243; override_padding=&#8221;yes&#8221; h_padding=&#8221;2&#8243; top_padding=&#8221;2&#8243; bottom_padding=&#8221;1&#8243; back_color=&#8221;color-xsdn&#8221; overlay_alpha=&#8221;100&#8243; equal_height=&#8221;yes&#8221; gutter_size=&#8221;0&#8243; column_width_percent=&#8221;100&#8243; shift_y=&#8221;0&#8243; z_index=&#8221;0&#8243; style=&#8221;dark&#8221; row_name=&#8221;Design &amp; Quality&#8221;][vc_column column_width_percent=&#8221;100&#8243; position_vertical=&#8221;middle&#8221; align_horizontal=&#8221;align_center&#8221; gutter_size=&#8221;3&#8243; override_padding=&#8221;yes&#8221; column_padding=&#8221;0&#8243; style=&#8221;light&#8221; back_color=&#8221;color-xsdn&#8221; overlay_alpha=&#8221;50&#8243; shift_x=&#8221;0&#8243; shift_y=&#8221;0&#8243; shift_y_down=&#8221;0&#8243; z_index=&#8221;0&#8243; medium_width=&#8221;0&#8243; mobile_width=&#8221;0&#8243; width=&#8221;1\/1&#8243;][vc_custom_heading text_weight=&#8221;700&#8243; text_transform=&#8221;uppercase&#8221; separator=&#8221;yes&#8221; separator_color=&#8221;yes&#8221; sub_lead=&#8221;yes&#8221; sub_reduced=&#8221;yes&#8221;]<\/p>\n<h2>SMART SKIP CONTAINER TRACKING<\/h2>\n<p>[\/vc_custom_heading][vc_column_text]Europress SMART Skip Container Tracking on siirtolavojen, konttien ja muiden ei-s\u00e4hk\u00f6isten ker\u00e4ysv\u00e4lineiden sijainnin seurantaan kehitetty ratkaisukokonaisuus. Ratkaisu koostuu paikannusyksik\u00f6st\u00e4, sek\u00e4 WEB- ja mobiilisovelluksista.<\/p>\n<p>Ratkaisu mahdollistaa kaluston tehokkaamman k\u00e4yt\u00f6n, paremman varastokierron sek\u00e4 kustannusten optimoinnin. Ajantasainen sijaintieto hy\u00f6dytt\u00e4\u00e4 logistiikan toimintoja ja mahdollistaa tilausk\u00e4sittelyn automatisoinnin.<\/p>\n<p>Europress SMART Skip Tracker hy\u00f6dynt\u00e4\u00e4 uutta verkkoteknologiaa, jonka ansiosta laitteen toiminta-aika on useita vuosia ja elinkaaren kokonaiskustannukset alhaisia.[\/vc_column_text][\/vc_column][\/vc_row][vc_row row_height_percent=&#8221;0&#8243; override_padding=&#8221;yes&#8221; h_padding=&#8221;2&#8243; top_padding=&#8221;2&#8243; bottom_padding=&#8221;3&#8243; back_color=&#8221;color-xsdn&#8221; overlay_alpha=&#8221;100&#8243; equal_height=&#8221;yes&#8221; gutter_size=&#8221;0&#8243; column_width_percent=&#8221;100&#8243; shift_y=&#8221;0&#8243; z_index=&#8221;0&#8243; style=&#8221;dark&#8221; row_name=&#8221;Design &amp; Quality&#8221;][vc_column column_width_percent=&#8221;100&#8243; position_vertical=&#8221;middle&#8221; align_horizontal=&#8221;align_center&#8221; gutter_size=&#8221;3&#8243; override_padding=&#8221;yes&#8221; column_padding=&#8221;0&#8243; back_color=&#8221;color-xsdn&#8221; overlay_alpha=&#8221;50&#8243; shift_x=&#8221;0&#8243; shift_y=&#8221;0&#8243; shift_y_down=&#8221;0&#8243; z_index=&#8221;0&#8243; medium_width=&#8221;0&#8243; mobile_width=&#8221;0&#8243; width=&#8221;1\/1&#8243;][vc_single_image media=&#8221;73921&#8243; media_width_percent=&#8221;12&#8243; alignment=&#8221;center&#8221; media_link=&#8221;|||&#8221;][vc_column_text]<\/p>\n<p>J\u00e4tepuristimien \u00e4lyk\u00e4s SMART-teknologia mahdollistaa kustannustehokkaan ja turvallisen toiminnan. Laitteet voidaan optimoida erilaisia j\u00e4tehuoltotarpeita vastaaviksi ja niiden teknologia suojaa sek\u00e4 laitetta ett\u00e4 k\u00e4ytt\u00e4j\u00e4\u00e4 virhek\u00e4yt\u00f6lt\u00e4, est\u00e4\u00e4 komponenttien rikkoutumisen ja varmistaa n\u00e4in turvallisen toiminnan.<\/p>\n<p>Lue lis\u00e4\u00e4 <a href=\"https:\/\/europressgroup.com\/fi\/smart\/\">Europress SMART-palvelusta<\/a><\/p>\n<p>[\/vc_column_text][\/vc_column][\/vc_row][vc_row row_height_percent=&#8221;50&#8243; override_padding=&#8221;yes&#8221; h_padding=&#8221;2&#8243; top_padding=&#8221;0&#8243; bottom_padding=&#8221;0&#8243; back_color=&#8221;color-lxmt&#8221; overlay_alpha=&#8221;100&#8243; equal_height=&#8221;yes&#8221; gutter_size=&#8221;0&#8243; column_width_percent=&#8221;100&#8243; shift_y=&#8221;0&#8243; z_index=&#8221;0&#8243; style=&#8221;dark&#8221; row_name=&#8221;Design &amp; Quality&#8221;][vc_column column_width_percent=&#8221;100&#8243; align_horizontal=&#8221;align_center&#8221; gutter_size=&#8221;3&#8243; override_padding=&#8221;yes&#8221; column_padding=&#8221;4&#8243; style=&#8221;light&#8221; back_color=&#8221;color-lxmt&#8221; overlay_alpha=&#8221;50&#8243; shift_x=&#8221;0&#8243; shift_y=&#8221;0&#8243; shift_y_down=&#8221;0&#8243; z_index=&#8221;0&#8243; medium_width=&#8221;0&#8243; mobile_width=&#8221;0&#8243; width=&#8221;1\/1&#8243;][vc_custom_heading text_weight=&#8221;700&#8243; text_transform=&#8221;uppercase&#8221; separator=&#8221;yes&#8221; separator_color=&#8221;yes&#8221; sub_lead=&#8221;yes&#8221; sub_reduced=&#8221;yes&#8221;]LIS\u00c4TIEDOT[\/vc_custom_heading][vc_tabs][vc_tab title=&#8221;TEKNISET TIEDOT&#8221; tab_id=&#8221;1551168098-1-371614670927867&#8243;][vc_column_text]<strong>Mitat K x L x S (mm)<\/strong><br \/>\n78,9 x 70,9 x 34,6<\/p>\n<p><strong>Paino (g)<\/strong><br \/>\n140<\/p>\n<p><strong>Roiske-, vesi- ja p\u00f6lytiivis<\/strong><br \/>\nIP67<\/p>\n<p><strong>Sensorit<\/strong><br \/>\nGPS, Liike<\/p>\n<p><strong>Akun kesto (vuotta)<\/strong><br \/>\n5+ (Riippuu l\u00e4mp\u00f6tilasta ja konfiguraatiosta)<\/p>\n<p><strong>Ymp\u00e4rist\u00f6vaatimukset (\u00b0 C)<\/strong><br \/>\n(-30) &#8211; (+80)[\/vc_column_text][\/vc_tab][vc_tab gutter_size=&#8221;2&#8243; column_padding=&#8221;2&#8243; title=&#8221;OMINAISUUDET&#8221; tab_id=&#8221;1551168098-2-881614670927867&#8243;][vc_column_text]<strong>Karttan\u00e4kym\u00e4<\/strong><\/p>\n<p><strong>Mobiilisovellus<\/strong><\/p>\n<p><strong>Pitk\u00e4 akunkesto<\/strong><\/p>\n<p><strong>Kest\u00e4v\u00e4 ja huoltovapaa<\/strong><\/p>\n<p><strong>Sijainti-, liike- ja l\u00e4mp\u00f6tilaseuranta<\/strong><\/p>\n<p><strong>Rajapinta seurantatietojen integroimiseksi<\/strong><\/p>\n<p><strong>Webk\u00e4ytt\u00f6liittym\u00e4 laitteiden ja konttivuokrausten hallintaan<\/strong>[\/vc_column_text][\/vc_tab][\/vc_tabs][\/vc_column][\/vc_row][vc_row][vc_column width=&#8221;1\/1&#8243;][uncode_block id=&#8221;73192&#8243;][\/vc_column][\/vc_row]<\/p>\n<\/div>","protected":false},"excerpt":{"rendered":"<p>[vc_row row_height_percent=&#8221;0&#8243; override_padding=&#8221;yes&#8221; h_padding=&#8221;2&#8243; top_padding=&#8221;4&#8243; bottom_padding=&#8221;1&#8243; overlay_alpha=&#8221;50&#8243; equal_height=&#8221;yes&#8221; gutter_size=&#8221;3&#8243; column_width_percent=&#8221;100&#8243; shift_y=&#8221;0&#8243; z_index=&#8221;0&#8243; row_name=&#8221;Highlights&#8221;][vc_column column_width_percent=&#8221;100&#8243; position_horizontal=&#8221;left&#8221; position_vertical=&#8221;middle&#8221; gutter_size=&#8221;3&#8243; override_padding=&#8221;yes&#8221; column_padding=&#8221;2&#8243; overlay_alpha=&#8221;50&#8243; [&hellip;]<\/p>\n","protected":false},"author":25,"featured_media":100838,"parent":0,"menu_order":0,"comment_status":"closed","ping_status":"closed","template":"","meta":{"footnotes":""},"class_list":["post-100804","page","type-page","status-publish","has-post-thumbnail","hentry","page_category-lisalaitteet"],"yoast_head":"<!-- This site is optimized with the Yoast SEO Premium plugin v27.3 (Yoast SEO v27.3) - https:\/\/yoast.com\/product\/yoast-seo-premium-wordpress\/ -->\n<title>Skip Container Tracking - Europress Group<\/title>\n<meta name=\"description\" content=\"Europress SMART Skip Container Tracking on siirtolavojen, konttien ja muiden ei-s\u00e4hk\u00f6isten ker\u00e4ysv\u00e4lineiden sijainnin seurantaan kehitetty ratkaisukokonaisuus.\" \/>\n<meta name=\"robots\" content=\"index, follow, max-snippet:-1, max-image-preview:large, max-video-preview:-1\" \/>\n<link rel=\"canonical\" href=\"https:\/\/europressgroup.com\/fi\/skip-container-tracking\/\" \/>\n<meta property=\"og:locale\" content=\"fi_FI\" \/>\n<meta property=\"og:type\" content=\"article\" \/>\n<meta property=\"og:title\" content=\"Skip Container Tracking\" \/>\n<meta property=\"og:description\" content=\"Siirtolavat Kontit Muut ei-s\u00e4hk\u00f6iset ker\u00e4ysv\u00e4lineetKarttan\u00e4kym\u00e4 Mobiilisovellus Pitk\u00e4 akunkesto Kest\u00e4v\u00e4 ja huoltovapaa Sijainti-, liike- ja\" \/>\n<meta property=\"og:url\" content=\"https:\/\/europressgroup.com\/fi\/skip-container-tracking\/\" \/>\n<meta property=\"og:site_name\" content=\"Europress Group\" \/>\n<meta property=\"article:publisher\" content=\"https:\/\/www.facebook.com\/europresswastehandling\" \/>\n<meta property=\"article:modified_time\" content=\"2022-01-27T11:51:01+00:00\" \/>\n<meta property=\"og:image\" content=\"https:\/\/europressgroup.com\/wp-content\/uploads\/2021\/04\/SMART-Skip-Container-Tracking.jpg\" \/>\n\t<meta property=\"og:image:width\" content=\"2000\" \/>\n\t<meta property=\"og:image:height\" content=\"1109\" \/>\n\t<meta property=\"og:image:type\" content=\"image\/jpeg\" \/>\n<meta name=\"twitter:card\" content=\"summary_large_image\" \/>\n<meta name=\"twitter:site\" content=\"@EPWastehandling\" \/>\n<meta name=\"twitter:label1\" content=\"Arvioitu lukuaika\" \/>\n\t<meta name=\"twitter:data1\" content=\"3 minuuttia\" \/>\n<script type=\"application\/ld+json\" class=\"yoast-schema-graph\">{\"@context\":\"https:\\\/\\\/schema.org\",\"@graph\":[{\"@type\":\"WebPage\",\"@id\":\"https:\\\/\\\/europressgroup.com\\\/fi\\\/skip-container-tracking\\\/\",\"url\":\"https:\\\/\\\/europressgroup.com\\\/fi\\\/skip-container-tracking\\\/\",\"name\":\"Skip Container Tracking - Europress Group\",\"isPartOf\":{\"@id\":\"https:\\\/\\\/europressgroup.com\\\/fi\\\/#website\"},\"primaryImageOfPage\":{\"@id\":\"https:\\\/\\\/europressgroup.com\\\/fi\\\/skip-container-tracking\\\/#primaryimage\"},\"image\":{\"@id\":\"https:\\\/\\\/europressgroup.com\\\/fi\\\/skip-container-tracking\\\/#primaryimage\"},\"thumbnailUrl\":\"https:\\\/\\\/europressgroup.com\\\/wp-content\\\/uploads\\\/2021\\\/04\\\/SMART-Skip-Container-Tracking.jpg\",\"datePublished\":\"2021-04-28T09:33:55+00:00\",\"dateModified\":\"2022-01-27T11:51:01+00:00\",\"description\":\"Europress SMART Skip Container Tracking on siirtolavojen, konttien ja muiden ei-s\u00e4hk\u00f6isten ker\u00e4ysv\u00e4lineiden sijainnin seurantaan kehitetty ratkaisukokonaisuus.\",\"breadcrumb\":{\"@id\":\"https:\\\/\\\/europressgroup.com\\\/fi\\\/skip-container-tracking\\\/#breadcrumb\"},\"inLanguage\":\"fi\",\"potentialAction\":[{\"@type\":\"ReadAction\",\"target\":[\"https:\\\/\\\/europressgroup.com\\\/fi\\\/skip-container-tracking\\\/\"]}]},{\"@type\":\"ImageObject\",\"inLanguage\":\"fi\",\"@id\":\"https:\\\/\\\/europressgroup.com\\\/fi\\\/skip-container-tracking\\\/#primaryimage\",\"url\":\"https:\\\/\\\/europressgroup.com\\\/wp-content\\\/uploads\\\/2021\\\/04\\\/SMART-Skip-Container-Tracking.jpg\",\"contentUrl\":\"https:\\\/\\\/europressgroup.com\\\/wp-content\\\/uploads\\\/2021\\\/04\\\/SMART-Skip-Container-Tracking.jpg\",\"width\":1920,\"height\":1065},{\"@type\":\"BreadcrumbList\",\"@id\":\"https:\\\/\\\/europressgroup.com\\\/fi\\\/skip-container-tracking\\\/#breadcrumb\",\"itemListElement\":[{\"@type\":\"ListItem\",\"position\":1,\"name\":\"Home\",\"item\":\"https:\\\/\\\/europressgroup.com\\\/fi\\\/\"},{\"@type\":\"ListItem\",\"position\":2,\"name\":\"Skip Container Tracking\"}]},{\"@type\":\"WebSite\",\"@id\":\"https:\\\/\\\/europressgroup.com\\\/fi\\\/#website\",\"url\":\"https:\\\/\\\/europressgroup.com\\\/fi\\\/\",\"name\":\"Europress Group\",\"description\":\"Northern European leader in Environmental Technology\",\"publisher\":{\"@id\":\"https:\\\/\\\/europressgroup.com\\\/fi\\\/#organization\"},\"potentialAction\":[{\"@type\":\"SearchAction\",\"target\":{\"@type\":\"EntryPoint\",\"urlTemplate\":\"https:\\\/\\\/europressgroup.com\\\/fi\\\/?s={search_term_string}\"},\"query-input\":{\"@type\":\"PropertyValueSpecification\",\"valueRequired\":true,\"valueName\":\"search_term_string\"}}],\"inLanguage\":\"fi\"},{\"@type\":\"Organization\",\"@id\":\"https:\\\/\\\/europressgroup.com\\\/fi\\\/#organization\",\"name\":\"Europress Group\",\"url\":\"https:\\\/\\\/europressgroup.com\\\/fi\\\/\",\"logo\":{\"@type\":\"ImageObject\",\"inLanguage\":\"fi\",\"@id\":\"https:\\\/\\\/europressgroup.com\\\/fi\\\/#\\\/schema\\\/logo\\\/image\\\/\",\"url\":\"https:\\\/\\\/europressgroup.com\\\/wp-content\\\/uploads\\\/2018\\\/12\\\/Europress-logo-1.png\",\"contentUrl\":\"https:\\\/\\\/europressgroup.com\\\/wp-content\\\/uploads\\\/2018\\\/12\\\/Europress-logo-1.png\",\"width\":478,\"height\":75,\"caption\":\"Europress Group\"},\"image\":{\"@id\":\"https:\\\/\\\/europressgroup.com\\\/fi\\\/#\\\/schema\\\/logo\\\/image\\\/\"},\"sameAs\":[\"https:\\\/\\\/www.facebook.com\\\/europresswastehandling\",\"https:\\\/\\\/x.com\\\/EPWastehandling\",\"https:\\\/\\\/www.instagram.com\\\/europressgroup\\\/\",\"https:\\\/\\\/www.linkedin.com\\\/company\\\/europress\"],\"publishingPrinciples\":\"https:\\\/\\\/europressgroup.com\\\/environment-safety-quality\\\/\",\"ownershipFundingInfo\":\"https:\\\/\\\/europressgroup.com\\\/history\\\/\",\"actionableFeedbackPolicy\":\"https:\\\/\\\/europressgroup.com\\\/customer-feedback\\\/\",\"correctionsPolicy\":\"https:\\\/\\\/europressgroup.com\\\/customer-feedback\\\/\",\"ethicsPolicy\":\"https:\\\/\\\/europressgroup.com\\\/responsibility\\\/\"}]}<\/script>\n<!-- \/ Yoast SEO Premium plugin. -->","yoast_head_json":{"title":"Skip Container Tracking - Europress Group","description":"Europress SMART Skip Container Tracking on siirtolavojen, konttien ja muiden ei-s\u00e4hk\u00f6isten ker\u00e4ysv\u00e4lineiden sijainnin seurantaan kehitetty ratkaisukokonaisuus.","robots":{"index":"index","follow":"follow","max-snippet":"max-snippet:-1","max-image-preview":"max-image-preview:large","max-video-preview":"max-video-preview:-1"},"canonical":"https:\/\/europressgroup.com\/fi\/skip-container-tracking\/","og_locale":"fi_FI","og_type":"article","og_title":"Skip Container Tracking","og_description":"Siirtolavat Kontit Muut ei-s\u00e4hk\u00f6iset ker\u00e4ysv\u00e4lineetKarttan\u00e4kym\u00e4 Mobiilisovellus Pitk\u00e4 akunkesto Kest\u00e4v\u00e4 ja huoltovapaa Sijainti-, liike- ja","og_url":"https:\/\/europressgroup.com\/fi\/skip-container-tracking\/","og_site_name":"Europress Group","article_publisher":"https:\/\/www.facebook.com\/europresswastehandling","article_modified_time":"2022-01-27T11:51:01+00:00","og_image":[{"width":2000,"height":1109,"url":"https:\/\/europressgroup.com\/wp-content\/uploads\/2021\/04\/SMART-Skip-Container-Tracking.jpg","type":"image\/jpeg"}],"twitter_card":"summary_large_image","twitter_site":"@EPWastehandling","twitter_misc":{"Arvioitu lukuaika":"3 minuuttia"},"schema":{"@context":"https:\/\/schema.org","@graph":[{"@type":"WebPage","@id":"https:\/\/europressgroup.com\/fi\/skip-container-tracking\/","url":"https:\/\/europressgroup.com\/fi\/skip-container-tracking\/","name":"Skip Container Tracking - Europress Group","isPartOf":{"@id":"https:\/\/europressgroup.com\/fi\/#website"},"primaryImageOfPage":{"@id":"https:\/\/europressgroup.com\/fi\/skip-container-tracking\/#primaryimage"},"image":{"@id":"https:\/\/europressgroup.com\/fi\/skip-container-tracking\/#primaryimage"},"thumbnailUrl":"https:\/\/europressgroup.com\/wp-content\/uploads\/2021\/04\/SMART-Skip-Container-Tracking.jpg","datePublished":"2021-04-28T09:33:55+00:00","dateModified":"2022-01-27T11:51:01+00:00","description":"Europress SMART Skip Container Tracking on siirtolavojen, konttien ja muiden ei-s\u00e4hk\u00f6isten ker\u00e4ysv\u00e4lineiden sijainnin seurantaan kehitetty ratkaisukokonaisuus.","breadcrumb":{"@id":"https:\/\/europressgroup.com\/fi\/skip-container-tracking\/#breadcrumb"},"inLanguage":"fi","potentialAction":[{"@type":"ReadAction","target":["https:\/\/europressgroup.com\/fi\/skip-container-tracking\/"]}]},{"@type":"ImageObject","inLanguage":"fi","@id":"https:\/\/europressgroup.com\/fi\/skip-container-tracking\/#primaryimage","url":"https:\/\/europressgroup.com\/wp-content\/uploads\/2021\/04\/SMART-Skip-Container-Tracking.jpg","contentUrl":"https:\/\/europressgroup.com\/wp-content\/uploads\/2021\/04\/SMART-Skip-Container-Tracking.jpg","width":1920,"height":1065},{"@type":"BreadcrumbList","@id":"https:\/\/europressgroup.com\/fi\/skip-container-tracking\/#breadcrumb","itemListElement":[{"@type":"ListItem","position":1,"name":"Home","item":"https:\/\/europressgroup.com\/fi\/"},{"@type":"ListItem","position":2,"name":"Skip Container Tracking"}]},{"@type":"WebSite","@id":"https:\/\/europressgroup.com\/fi\/#website","url":"https:\/\/europressgroup.com\/fi\/","name":"Europress Group","description":"Northern European leader in Environmental Technology","publisher":{"@id":"https:\/\/europressgroup.com\/fi\/#organization"},"potentialAction":[{"@type":"SearchAction","target":{"@type":"EntryPoint","urlTemplate":"https:\/\/europressgroup.com\/fi\/?s={search_term_string}"},"query-input":{"@type":"PropertyValueSpecification","valueRequired":true,"valueName":"search_term_string"}}],"inLanguage":"fi"},{"@type":"Organization","@id":"https:\/\/europressgroup.com\/fi\/#organization","name":"Europress Group","url":"https:\/\/europressgroup.com\/fi\/","logo":{"@type":"ImageObject","inLanguage":"fi","@id":"https:\/\/europressgroup.com\/fi\/#\/schema\/logo\/image\/","url":"https:\/\/europressgroup.com\/wp-content\/uploads\/2018\/12\/Europress-logo-1.png","contentUrl":"https:\/\/europressgroup.com\/wp-content\/uploads\/2018\/12\/Europress-logo-1.png","width":478,"height":75,"caption":"Europress Group"},"image":{"@id":"https:\/\/europressgroup.com\/fi\/#\/schema\/logo\/image\/"},"sameAs":["https:\/\/www.facebook.com\/europresswastehandling","https:\/\/x.com\/EPWastehandling","https:\/\/www.instagram.com\/europressgroup\/","https:\/\/www.linkedin.com\/company\/europress"],"publishingPrinciples":"https:\/\/europressgroup.com\/environment-safety-quality\/","ownershipFundingInfo":"https:\/\/europressgroup.com\/history\/","actionableFeedbackPolicy":"https:\/\/europressgroup.com\/customer-feedback\/","correctionsPolicy":"https:\/\/europressgroup.com\/customer-feedback\/","ethicsPolicy":"https:\/\/europressgroup.com\/responsibility\/"}]}},"_links":{"self":[{"href":"https:\/\/europressgroup.com\/fi\/wp-json\/wp\/v2\/pages\/100804","targetHints":{"allow":["GET"]}}],"collection":[{"href":"https:\/\/europressgroup.com\/fi\/wp-json\/wp\/v2\/pages"}],"about":[{"href":"https:\/\/europressgroup.com\/fi\/wp-json\/wp\/v2\/types\/page"}],"author":[{"embeddable":true,"href":"https:\/\/europressgroup.com\/fi\/wp-json\/wp\/v2\/users\/25"}],"replies":[{"embeddable":true,"href":"https:\/\/europressgroup.com\/fi\/wp-json\/wp\/v2\/comments?post=100804"}],"version-history":[{"count":11,"href":"https:\/\/europressgroup.com\/fi\/wp-json\/wp\/v2\/pages\/100804\/revisions"}],"predecessor-version":[{"id":109947,"href":"https:\/\/europressgroup.com\/fi\/wp-json\/wp\/v2\/pages\/100804\/revisions\/109947"}],"wp:featuredmedia":[{"embeddable":true,"href":"https:\/\/europressgroup.com\/fi\/wp-json\/wp\/v2\/media\/100838"}],"wp:attachment":[{"href":"https:\/\/europressgroup.com\/fi\/wp-json\/wp\/v2\/media?parent=100804"}],"curies":[{"name":"wp","href":"https:\/\/api.w.org\/{rel}","templated":true}]}}